{"id":4749,"date":"2022-02-20T15:31:33","date_gmt":"2022-02-20T15:31:33","guid":{"rendered":"https:\/\/medicinasinc.com\/pt\/?post_type=product&#038;p=4749"},"modified":"2022-07-05T23:49:05","modified_gmt":"2022-07-05T23:49:05","slug":"compre-otto-x-cherry-cbd-hemp-flower-online","status":"publish","type":"product","link":"https:\/\/medicinasinc.com\/pt\/product\/compre-otto-x-cherry-cbd-hemp-flower-online\/","title":{"rendered":"Compre OTTO X Cherry CBD Hemp Flower Online"},"content":{"rendered":"<h1 class=\"product_title entry-title\">Compre OTTO X Cherry CBD Hemp Flower Online<\/h1>\n<div class=\"product-next-previous\">\n<div class=\"product-prev\"><\/div><\/div>\n","protected":false},"excerpt":{"rendered":"<p>Otto x Cherry crescido tem uma \u00f3tima cura como o Jazzman. \u00c9 cultivado organicamente e tem um cheiro incr\u00edvel.<\/p>\n<p>Conte\u00fado de Cbd: 21,5%<\/p>\n<p>Conte\u00fado de THC: abaixo de 0,3%<\/p>\n","protected":false},"featured_media":4762,"comment_status":"open","ping_status":"closed","template":"","meta":[],"product_brand":[],"product_cat":[689],"product_tag":[],"class_list":{"0":"post-4749","1":"product","2":"type-product","3":"status-publish","4":"has-post-thumbnail","6":"product_cat-comprar-flor-de-canhamo","8":"first","9":"instock","10":"shipping-taxable","11":"purchasable","12":"product-type-variable","13":"has-default-attributes"},"yoast_head":"<!-- This site is optimized with the Yoast SEO plugin v27.3 - https:\/\/yoast.com\/product\/yoast-seo-wordpress\/ -->\n<title>Compre OTTO X Cherry CBD Hemp Flower Online - Melhores Medicamentos Globais<\/title>\n<meta name=\"description\" content=\"Otto x Cherry cultivado tem uma \u00f3tima cura como o Jazzyman. \u00c9 cultivado organicamente e tem um cheiro incr\u00edvel. Teor de Cbd: 21,5 % Teor de Thc: abaixo de 0,3 %\" \/>\n<meta name=\"robots\" content=\"index, follow, max-snippet:-1, max-image-preview:large, max-video-preview:-1\" \/>\n<link rel=\"canonical\" href=\"https:\/\/medicinasinc.com\/pt\/product\/compre-otto-x-cherry-cbd-hemp-flower-online\/\" \/>\n<meta property=\"og:locale\" content=\"pt_PT\" \/>\n<meta property=\"og:type\" content=\"article\" \/>\n<meta property=\"og:title\" content=\"Compre OTTO X Cherry CBD Hemp Flower Online - Melhores Medicamentos Globais\" \/>\n<meta property=\"og:description\" content=\"Otto x Cherry cultivado tem uma \u00f3tima cura como o Jazzyman. \u00c9 cultivado organicamente e tem um cheiro incr\u00edvel. Teor de Cbd: 21,5 % Teor de Thc: abaixo de 0,3 %\" \/>\n<meta property=\"og:url\" content=\"https:\/\/medicinasinc.com\/pt\/product\/compre-otto-x-cherry-cbd-hemp-flower-online\/\" \/>\n<meta property=\"og:site_name\" content=\"Medicinas Inc\" \/>\n<meta property=\"article:modified_time\" content=\"2022-07-05T23:49:05+00:00\" \/>\n<meta property=\"og:image\" content=\"https:\/\/medicinasinc.com\/pt\/wp-content\/uploads\/sites\/20\/2022\/02\/Buy-OTTO-X-Cherry-CBD-Hemp-Flower-Online.jpg\" \/>\n\t<meta property=\"og:image:width\" content=\"600\" \/>\n\t<meta property=\"og:image:height\" content=\"600\" \/>\n\t<meta property=\"og:image:type\" content=\"image\/jpeg\" \/>\n<meta name=\"twitter:card\" content=\"summary_large_image\" \/>\n<meta name=\"twitter:label1\" content=\"Tempo estimado de leitura\" \/>\n\t<meta name=\"twitter:data1\" content=\"1 minuto\" \/>\n<script type=\"application\/ld+json\" class=\"yoast-schema-graph\">{\"@context\":\"https:\\\/\\\/schema.org\",\"@graph\":[{\"@type\":\"WebPage\",\"@id\":\"https:\\\/\\\/medicinasinc.com\\\/pt\\\/product\\\/compre-otto-x-cherry-cbd-hemp-flower-online\\\/\",\"url\":\"https:\\\/\\\/medicinasinc.com\\\/pt\\\/product\\\/compre-otto-x-cherry-cbd-hemp-flower-online\\\/\",\"name\":\"Compre OTTO X Cherry CBD Hemp Flower Online - Melhores Medicamentos Globais\",\"isPartOf\":{\"@id\":\"https:\\\/\\\/medicinasinc.com\\\/pt\\\/#website\"},\"primaryImageOfPage\":{\"@id\":\"https:\\\/\\\/medicinasinc.com\\\/pt\\\/product\\\/compre-otto-x-cherry-cbd-hemp-flower-online\\\/#primaryimage\"},\"image\":{\"@id\":\"https:\\\/\\\/medicinasinc.com\\\/pt\\\/product\\\/compre-otto-x-cherry-cbd-hemp-flower-online\\\/#primaryimage\"},\"thumbnailUrl\":\"https:\\\/\\\/medicinasinc.com\\\/pt\\\/wp-content\\\/uploads\\\/sites\\\/20\\\/2022\\\/02\\\/Buy-OTTO-X-Cherry-CBD-Hemp-Flower-Online.jpg\",\"datePublished\":\"2022-02-20T15:31:33+00:00\",\"dateModified\":\"2022-07-05T23:49:05+00:00\",\"description\":\"Otto x Cherry cultivado tem uma \u00f3tima cura como o Jazzyman. \u00c9 cultivado organicamente e tem um cheiro incr\u00edvel. Teor de Cbd: 21,5 % Teor de Thc: abaixo de 0,3 %\",\"breadcrumb\":{\"@id\":\"https:\\\/\\\/medicinasinc.com\\\/pt\\\/product\\\/compre-otto-x-cherry-cbd-hemp-flower-online\\\/#breadcrumb\"},\"inLanguage\":\"pt-PT\",\"potentialAction\":[{\"@type\":\"ReadAction\",\"target\":[\"https:\\\/\\\/medicinasinc.com\\\/pt\\\/product\\\/compre-otto-x-cherry-cbd-hemp-flower-online\\\/\"]}]},{\"@type\":\"ImageObject\",\"inLanguage\":\"pt-PT\",\"@id\":\"https:\\\/\\\/medicinasinc.com\\\/pt\\\/product\\\/compre-otto-x-cherry-cbd-hemp-flower-online\\\/#primaryimage\",\"url\":\"https:\\\/\\\/medicinasinc.com\\\/pt\\\/wp-content\\\/uploads\\\/sites\\\/20\\\/2022\\\/02\\\/Buy-OTTO-X-Cherry-CBD-Hemp-Flower-Online.jpg\",\"contentUrl\":\"https:\\\/\\\/medicinasinc.com\\\/pt\\\/wp-content\\\/uploads\\\/sites\\\/20\\\/2022\\\/02\\\/Buy-OTTO-X-Cherry-CBD-Hemp-Flower-Online.jpg\",\"width\":600,\"height\":600},{\"@type\":\"BreadcrumbList\",\"@id\":\"https:\\\/\\\/medicinasinc.com\\\/pt\\\/product\\\/compre-otto-x-cherry-cbd-hemp-flower-online\\\/#breadcrumb\",\"itemListElement\":[{\"@type\":\"ListItem\",\"position\":1,\"name\":\"Comprar\",\"item\":\"https:\\\/\\\/medicinasinc.com\\\/pt\\\/comprar\\\/\"},{\"@type\":\"ListItem\",\"position\":2,\"name\":\"Compre OTTO X Cherry CBD Hemp Flower Online\"}]},{\"@type\":\"WebSite\",\"@id\":\"https:\\\/\\\/medicinasinc.com\\\/pt\\\/#website\",\"url\":\"https:\\\/\\\/medicinasinc.com\\\/pt\\\/\",\"name\":\"Medicinas Inc\",\"description\":\"Health Medical Clinic\",\"potentialAction\":[{\"@type\":\"SearchAction\",\"target\":{\"@type\":\"EntryPoint\",\"urlTemplate\":\"https:\\\/\\\/medicinasinc.com\\\/pt\\\/?s={search_term_string}\"},\"query-input\":{\"@type\":\"PropertyValueSpecification\",\"valueRequired\":true,\"valueName\":\"search_term_string\"}}],\"inLanguage\":\"pt-PT\"}]}<\/script>\n<!-- \/ Yoast SEO plugin. -->","yoast_head_json":{"title":"Compre OTTO X Cherry CBD Hemp Flower Online - Melhores Medicamentos Globais","description":"Otto x Cherry cultivado tem uma \u00f3tima cura como o Jazzyman. \u00c9 cultivado organicamente e tem um cheiro incr\u00edvel. Teor de Cbd: 21,5 % Teor de Thc: abaixo de 0,3 %","robots":{"index":"index","follow":"follow","max-snippet":"max-snippet:-1","max-image-preview":"max-image-preview:large","max-video-preview":"max-video-preview:-1"},"canonical":"https:\/\/medicinasinc.com\/pt\/product\/compre-otto-x-cherry-cbd-hemp-flower-online\/","og_locale":"pt_PT","og_type":"article","og_title":"Compre OTTO X Cherry CBD Hemp Flower Online - Melhores Medicamentos Globais","og_description":"Otto x Cherry cultivado tem uma \u00f3tima cura como o Jazzyman. \u00c9 cultivado organicamente e tem um cheiro incr\u00edvel. Teor de Cbd: 21,5 % Teor de Thc: abaixo de 0,3 %","og_url":"https:\/\/medicinasinc.com\/pt\/product\/compre-otto-x-cherry-cbd-hemp-flower-online\/","og_site_name":"Medicinas Inc","article_modified_time":"2022-07-05T23:49:05+00:00","og_image":[{"width":600,"height":600,"url":"https:\/\/medicinasinc.com\/pt\/wp-content\/uploads\/sites\/20\/2022\/02\/Buy-OTTO-X-Cherry-CBD-Hemp-Flower-Online.jpg","type":"image\/jpeg"}],"twitter_card":"summary_large_image","twitter_misc":{"Tempo estimado de leitura":"1 minuto"},"schema":{"@context":"https:\/\/schema.org","@graph":[{"@type":"WebPage","@id":"https:\/\/medicinasinc.com\/pt\/product\/compre-otto-x-cherry-cbd-hemp-flower-online\/","url":"https:\/\/medicinasinc.com\/pt\/product\/compre-otto-x-cherry-cbd-hemp-flower-online\/","name":"Compre OTTO X Cherry CBD Hemp Flower Online - Melhores Medicamentos Globais","isPartOf":{"@id":"https:\/\/medicinasinc.com\/pt\/#website"},"primaryImageOfPage":{"@id":"https:\/\/medicinasinc.com\/pt\/product\/compre-otto-x-cherry-cbd-hemp-flower-online\/#primaryimage"},"image":{"@id":"https:\/\/medicinasinc.com\/pt\/product\/compre-otto-x-cherry-cbd-hemp-flower-online\/#primaryimage"},"thumbnailUrl":"https:\/\/medicinasinc.com\/pt\/wp-content\/uploads\/sites\/20\/2022\/02\/Buy-OTTO-X-Cherry-CBD-Hemp-Flower-Online.jpg","datePublished":"2022-02-20T15:31:33+00:00","dateModified":"2022-07-05T23:49:05+00:00","description":"Otto x Cherry cultivado tem uma \u00f3tima cura como o Jazzyman. \u00c9 cultivado organicamente e tem um cheiro incr\u00edvel. Teor de Cbd: 21,5 % Teor de Thc: abaixo de 0,3 %","breadcrumb":{"@id":"https:\/\/medicinasinc.com\/pt\/product\/compre-otto-x-cherry-cbd-hemp-flower-online\/#breadcrumb"},"inLanguage":"pt-PT","potentialAction":[{"@type":"ReadAction","target":["https:\/\/medicinasinc.com\/pt\/product\/compre-otto-x-cherry-cbd-hemp-flower-online\/"]}]},{"@type":"ImageObject","inLanguage":"pt-PT","@id":"https:\/\/medicinasinc.com\/pt\/product\/compre-otto-x-cherry-cbd-hemp-flower-online\/#primaryimage","url":"https:\/\/medicinasinc.com\/pt\/wp-content\/uploads\/sites\/20\/2022\/02\/Buy-OTTO-X-Cherry-CBD-Hemp-Flower-Online.jpg","contentUrl":"https:\/\/medicinasinc.com\/pt\/wp-content\/uploads\/sites\/20\/2022\/02\/Buy-OTTO-X-Cherry-CBD-Hemp-Flower-Online.jpg","width":600,"height":600},{"@type":"BreadcrumbList","@id":"https:\/\/medicinasinc.com\/pt\/product\/compre-otto-x-cherry-cbd-hemp-flower-online\/#breadcrumb","itemListElement":[{"@type":"ListItem","position":1,"name":"Comprar","item":"https:\/\/medicinasinc.com\/pt\/comprar\/"},{"@type":"ListItem","position":2,"name":"Compre OTTO X Cherry CBD Hemp Flower Online"}]},{"@type":"WebSite","@id":"https:\/\/medicinasinc.com\/pt\/#website","url":"https:\/\/medicinasinc.com\/pt\/","name":"Medicinas Inc","description":"Health Medical Clinic","potentialAction":[{"@type":"SearchAction","target":{"@type":"EntryPoint","urlTemplate":"https:\/\/medicinasinc.com\/pt\/?s={search_term_string}"},"query-input":{"@type":"PropertyValueSpecification","valueRequired":true,"valueName":"search_term_string"}}],"inLanguage":"pt-PT"}]}},"_links":{"self":[{"href":"https:\/\/medicinasinc.com\/pt\/wp-json\/wp\/v2\/product\/4749","targetHints":{"allow":["GET"]}}],"collection":[{"href":"https:\/\/medicinasinc.com\/pt\/wp-json\/wp\/v2\/product"}],"about":[{"href":"https:\/\/medicinasinc.com\/pt\/wp-json\/wp\/v2\/types\/product"}],"replies":[{"embeddable":true,"href":"https:\/\/medicinasinc.com\/pt\/wp-json\/wp\/v2\/comments?post=4749"}],"wp:featuredmedia":[{"embeddable":true,"href":"https:\/\/medicinasinc.com\/pt\/wp-json\/wp\/v2\/media\/4762"}],"wp:attachment":[{"href":"https:\/\/medicinasinc.com\/pt\/wp-json\/wp\/v2\/media?parent=4749"}],"wp:term":[{"taxonomy":"product_brand","embeddable":true,"href":"https:\/\/medicinasinc.com\/pt\/wp-json\/wp\/v2\/product_brand?post=4749"},{"taxonomy":"product_cat","embeddable":true,"href":"https:\/\/medicinasinc.com\/pt\/wp-json\/wp\/v2\/product_cat?post=4749"},{"taxonomy":"product_tag","embeddable":true,"href":"https:\/\/medicinasinc.com\/pt\/wp-json\/wp\/v2\/product_tag?post=4749"}],"curies":[{"name":"wp","href":"https:\/\/api.w.org\/{rel}","templated":true}]}}