{"id":4748,"date":"2022-02-20T15:30:50","date_gmt":"2022-02-20T15:30:50","guid":{"rendered":"https:\/\/medicinasinc.com\/pt\/?post_type=product&#038;p=4748"},"modified":"2022-07-05T23:49:23","modified_gmt":"2022-07-05T23:49:23","slug":"comprar-havaiana-pinho-flor-de-canhamo","status":"publish","type":"product","link":"https:\/\/medicinasinc.com\/pt\/product\/comprar-havaiana-pinho-flor-de-canhamo\/","title":{"rendered":"Compre flor de c\u00e2nhamo de pinho havaiano"},"content":{"rendered":"<div class=\"woocommerce-tabs wc-tabs-wrapper\">\n<div id=\"tab-description\" class=\"woocommerce-Tabs-panel woocommerce-Tabs-panel--description panel entry-content wc-tab\" role=\"tabpanel\" aria-labelledby=\"tab-title-description\">\n<p>Flor de c\u00e2nhamo com CBD de pinho havaiano<\/p>\n<p>A variedade de flor de c\u00e2nhamo CBD de pinho havaiano cont\u00e9m menos de 0,2% de Delta 9 THC, que \u00e9 o limite legal de THC e, se consumido com modera\u00e7\u00e3o, n\u00e3o far\u00e1 com que voc\u00ea falhe em um teste de drogas, mas n\u00e3o oferecemos garantias.<\/p>\n<p>Na Bud Chasers, prezamos pela qualidade e seguran\u00e7a, e \u00e9 por isso que cada lote de flores de CBD \u00e9 testado e aprovado pelo Departamento de Agricultura antes da distribui\u00e7\u00e3o.<\/p>\n<p>Medicamentos ricos em CBD podem ajudar com inflama\u00e7\u00e3o e convuls\u00f5es, mas t\u00eam poucos efeitos psicoativos. Devido ao alto teor de \u00e1lcool \u00e0 prova, recomendamos coloc\u00e1-lo na lateral da boca (contra a bochecha) e segurar por 30 a 60 segundos. A tintura pode ser dilu\u00edda em suco ou ch\u00e1, mas levar\u00e1 mais tempo para fazer efeito.<\/p>\n<p>C\u00e2nhamo CBD da Hawaiian Pine j\u00e1 est\u00e1 dispon\u00edvel.<\/p>\n<p>Compre Hawaiian Pine CBD Hemp Flower da Hemp Online agora; al\u00e9m disso, voc\u00ea pode fazer um pedido aqui e fazer uma compra imediata.<\/p>\n<p>CDB Flower from Hawaiian Pine<\/p>\n<\/p><\/div><\/div>\n","protected":false},"excerpt":{"rendered":"<div class=\"woocommerce-product-details__short-description\">\n<p>Compre a flor de c\u00e2nhamo CBD de pinho havaiano on-line em medicinasinc.com\/pt. Compre uma variedade de produtos relacionados \u00e0 maconha e muito mais. A entrega \u00e9 gratuita.<\/p>\n<p>Oferecemos flor de c\u00e2nhamo CBD de pinho havaiano superior para fins medicinais ou recreativos.<\/p>\n<\/p><\/div>\n","protected":false},"featured_media":4760,"comment_status":"open","ping_status":"closed","template":"","meta":[],"product_brand":[],"product_cat":[689],"product_tag":[],"class_list":{"0":"post-4748","1":"product","2":"type-product","3":"status-publish","4":"has-post-thumbnail","6":"product_cat-comprar-flor-de-canhamo","8":"first","9":"instock","10":"shipping-taxable","11":"purchasable","12":"product-type-variable","13":"has-default-attributes"},"yoast_head":"<!-- This site is optimized with the Yoast SEO plugin v27.3 - https:\/\/yoast.com\/product\/yoast-seo-wordpress\/ -->\n<title>Compre flor de c\u00e2nhamo de pinho havaiano - Melhores melhores medicamentos globais<\/title>\n<meta name=\"description\" content=\"Compre flores de c\u00e2nhamo CBD de pinho havaiano (1 libra) on-line em medicinasinc.com\/pt. Compre uma ampla sele\u00e7\u00e3o de produtos de maconha e muito mais. Entrega gr\u00e1tis.\" \/>\n<meta name=\"robots\" content=\"index, follow, max-snippet:-1, max-image-preview:large, max-video-preview:-1\" \/>\n<link rel=\"canonical\" href=\"https:\/\/medicinasinc.com\/pt\/product\/comprar-havaiana-pinho-flor-de-canhamo\/\" \/>\n<meta property=\"og:locale\" content=\"pt_PT\" \/>\n<meta property=\"og:type\" content=\"article\" \/>\n<meta property=\"og:title\" content=\"Compre flor de c\u00e2nhamo de pinho havaiano - Melhores melhores medicamentos globais\" \/>\n<meta property=\"og:description\" content=\"Compre flores de c\u00e2nhamo CBD de pinho havaiano (1 libra) on-line em medicinasinc.com\/pt. Compre uma ampla sele\u00e7\u00e3o de produtos de maconha e muito mais. Entrega gr\u00e1tis.\" \/>\n<meta property=\"og:url\" content=\"https:\/\/medicinasinc.com\/pt\/product\/comprar-havaiana-pinho-flor-de-canhamo\/\" \/>\n<meta property=\"og:site_name\" content=\"Medicinas Inc\" \/>\n<meta property=\"article:modified_time\" content=\"2022-07-05T23:49:23+00:00\" \/>\n<meta property=\"og:image\" content=\"https:\/\/medicinasinc.com\/pt\/wp-content\/uploads\/sites\/20\/2022\/02\/Buy-Hawaiian-Pine-Hemp-Flower-Onlin.jpg\" \/>\n\t<meta property=\"og:image:width\" content=\"600\" \/>\n\t<meta property=\"og:image:height\" content=\"600\" \/>\n\t<meta property=\"og:image:type\" content=\"image\/jpeg\" \/>\n<meta name=\"twitter:card\" content=\"summary_large_image\" \/>\n<meta name=\"twitter:label1\" content=\"Tempo estimado de leitura\" \/>\n\t<meta name=\"twitter:data1\" content=\"1 minuto\" \/>\n<script type=\"application\/ld+json\" class=\"yoast-schema-graph\">{\"@context\":\"https:\\\/\\\/schema.org\",\"@graph\":[{\"@type\":\"WebPage\",\"@id\":\"https:\\\/\\\/medicinasinc.com\\\/pt\\\/product\\\/comprar-havaiana-pinho-flor-de-canhamo\\\/\",\"url\":\"https:\\\/\\\/medicinasinc.com\\\/pt\\\/product\\\/comprar-havaiana-pinho-flor-de-canhamo\\\/\",\"name\":\"Compre flor de c\u00e2nhamo de pinho havaiano - Melhores melhores medicamentos globais\",\"isPartOf\":{\"@id\":\"https:\\\/\\\/medicinasinc.com\\\/pt\\\/#website\"},\"primaryImageOfPage\":{\"@id\":\"https:\\\/\\\/medicinasinc.com\\\/pt\\\/product\\\/comprar-havaiana-pinho-flor-de-canhamo\\\/#primaryimage\"},\"image\":{\"@id\":\"https:\\\/\\\/medicinasinc.com\\\/pt\\\/product\\\/comprar-havaiana-pinho-flor-de-canhamo\\\/#primaryimage\"},\"thumbnailUrl\":\"https:\\\/\\\/medicinasinc.com\\\/pt\\\/wp-content\\\/uploads\\\/sites\\\/20\\\/2022\\\/02\\\/Buy-Hawaiian-Pine-Hemp-Flower-Onlin.jpg\",\"datePublished\":\"2022-02-20T15:30:50+00:00\",\"dateModified\":\"2022-07-05T23:49:23+00:00\",\"description\":\"Compre flores de c\u00e2nhamo CBD de pinho havaiano (1 libra) on-line em medicinasinc.com\\\/pt. Compre uma ampla sele\u00e7\u00e3o de produtos de maconha e muito mais. Entrega gr\u00e1tis.\",\"breadcrumb\":{\"@id\":\"https:\\\/\\\/medicinasinc.com\\\/pt\\\/product\\\/comprar-havaiana-pinho-flor-de-canhamo\\\/#breadcrumb\"},\"inLanguage\":\"pt-PT\",\"potentialAction\":[{\"@type\":\"ReadAction\",\"target\":[\"https:\\\/\\\/medicinasinc.com\\\/pt\\\/product\\\/comprar-havaiana-pinho-flor-de-canhamo\\\/\"]}]},{\"@type\":\"ImageObject\",\"inLanguage\":\"pt-PT\",\"@id\":\"https:\\\/\\\/medicinasinc.com\\\/pt\\\/product\\\/comprar-havaiana-pinho-flor-de-canhamo\\\/#primaryimage\",\"url\":\"https:\\\/\\\/medicinasinc.com\\\/pt\\\/wp-content\\\/uploads\\\/sites\\\/20\\\/2022\\\/02\\\/Buy-Hawaiian-Pine-Hemp-Flower-Onlin.jpg\",\"contentUrl\":\"https:\\\/\\\/medicinasinc.com\\\/pt\\\/wp-content\\\/uploads\\\/sites\\\/20\\\/2022\\\/02\\\/Buy-Hawaiian-Pine-Hemp-Flower-Onlin.jpg\",\"width\":600,\"height\":600},{\"@type\":\"BreadcrumbList\",\"@id\":\"https:\\\/\\\/medicinasinc.com\\\/pt\\\/product\\\/comprar-havaiana-pinho-flor-de-canhamo\\\/#breadcrumb\",\"itemListElement\":[{\"@type\":\"ListItem\",\"position\":1,\"name\":\"Comprar\",\"item\":\"https:\\\/\\\/medicinasinc.com\\\/pt\\\/comprar\\\/\"},{\"@type\":\"ListItem\",\"position\":2,\"name\":\"Compre flor de c\u00e2nhamo de pinho havaiano\"}]},{\"@type\":\"WebSite\",\"@id\":\"https:\\\/\\\/medicinasinc.com\\\/pt\\\/#website\",\"url\":\"https:\\\/\\\/medicinasinc.com\\\/pt\\\/\",\"name\":\"Medicinas Inc\",\"description\":\"Health Medical Clinic\",\"potentialAction\":[{\"@type\":\"SearchAction\",\"target\":{\"@type\":\"EntryPoint\",\"urlTemplate\":\"https:\\\/\\\/medicinasinc.com\\\/pt\\\/?s={search_term_string}\"},\"query-input\":{\"@type\":\"PropertyValueSpecification\",\"valueRequired\":true,\"valueName\":\"search_term_string\"}}],\"inLanguage\":\"pt-PT\"}]}<\/script>\n<!-- \/ Yoast SEO plugin. -->","yoast_head_json":{"title":"Compre flor de c\u00e2nhamo de pinho havaiano - Melhores melhores medicamentos globais","description":"Compre flores de c\u00e2nhamo CBD de pinho havaiano (1 libra) on-line em medicinasinc.com\/pt. Compre uma ampla sele\u00e7\u00e3o de produtos de maconha e muito mais. Entrega gr\u00e1tis.","robots":{"index":"index","follow":"follow","max-snippet":"max-snippet:-1","max-image-preview":"max-image-preview:large","max-video-preview":"max-video-preview:-1"},"canonical":"https:\/\/medicinasinc.com\/pt\/product\/comprar-havaiana-pinho-flor-de-canhamo\/","og_locale":"pt_PT","og_type":"article","og_title":"Compre flor de c\u00e2nhamo de pinho havaiano - Melhores melhores medicamentos globais","og_description":"Compre flores de c\u00e2nhamo CBD de pinho havaiano (1 libra) on-line em medicinasinc.com\/pt. Compre uma ampla sele\u00e7\u00e3o de produtos de maconha e muito mais. Entrega gr\u00e1tis.","og_url":"https:\/\/medicinasinc.com\/pt\/product\/comprar-havaiana-pinho-flor-de-canhamo\/","og_site_name":"Medicinas Inc","article_modified_time":"2022-07-05T23:49:23+00:00","og_image":[{"width":600,"height":600,"url":"https:\/\/medicinasinc.com\/pt\/wp-content\/uploads\/sites\/20\/2022\/02\/Buy-Hawaiian-Pine-Hemp-Flower-Onlin.jpg","type":"image\/jpeg"}],"twitter_card":"summary_large_image","twitter_misc":{"Tempo estimado de leitura":"1 minuto"},"schema":{"@context":"https:\/\/schema.org","@graph":[{"@type":"WebPage","@id":"https:\/\/medicinasinc.com\/pt\/product\/comprar-havaiana-pinho-flor-de-canhamo\/","url":"https:\/\/medicinasinc.com\/pt\/product\/comprar-havaiana-pinho-flor-de-canhamo\/","name":"Compre flor de c\u00e2nhamo de pinho havaiano - Melhores melhores medicamentos globais","isPartOf":{"@id":"https:\/\/medicinasinc.com\/pt\/#website"},"primaryImageOfPage":{"@id":"https:\/\/medicinasinc.com\/pt\/product\/comprar-havaiana-pinho-flor-de-canhamo\/#primaryimage"},"image":{"@id":"https:\/\/medicinasinc.com\/pt\/product\/comprar-havaiana-pinho-flor-de-canhamo\/#primaryimage"},"thumbnailUrl":"https:\/\/medicinasinc.com\/pt\/wp-content\/uploads\/sites\/20\/2022\/02\/Buy-Hawaiian-Pine-Hemp-Flower-Onlin.jpg","datePublished":"2022-02-20T15:30:50+00:00","dateModified":"2022-07-05T23:49:23+00:00","description":"Compre flores de c\u00e2nhamo CBD de pinho havaiano (1 libra) on-line em medicinasinc.com\/pt. Compre uma ampla sele\u00e7\u00e3o de produtos de maconha e muito mais. Entrega gr\u00e1tis.","breadcrumb":{"@id":"https:\/\/medicinasinc.com\/pt\/product\/comprar-havaiana-pinho-flor-de-canhamo\/#breadcrumb"},"inLanguage":"pt-PT","potentialAction":[{"@type":"ReadAction","target":["https:\/\/medicinasinc.com\/pt\/product\/comprar-havaiana-pinho-flor-de-canhamo\/"]}]},{"@type":"ImageObject","inLanguage":"pt-PT","@id":"https:\/\/medicinasinc.com\/pt\/product\/comprar-havaiana-pinho-flor-de-canhamo\/#primaryimage","url":"https:\/\/medicinasinc.com\/pt\/wp-content\/uploads\/sites\/20\/2022\/02\/Buy-Hawaiian-Pine-Hemp-Flower-Onlin.jpg","contentUrl":"https:\/\/medicinasinc.com\/pt\/wp-content\/uploads\/sites\/20\/2022\/02\/Buy-Hawaiian-Pine-Hemp-Flower-Onlin.jpg","width":600,"height":600},{"@type":"BreadcrumbList","@id":"https:\/\/medicinasinc.com\/pt\/product\/comprar-havaiana-pinho-flor-de-canhamo\/#breadcrumb","itemListElement":[{"@type":"ListItem","position":1,"name":"Comprar","item":"https:\/\/medicinasinc.com\/pt\/comprar\/"},{"@type":"ListItem","position":2,"name":"Compre flor de c\u00e2nhamo de pinho havaiano"}]},{"@type":"WebSite","@id":"https:\/\/medicinasinc.com\/pt\/#website","url":"https:\/\/medicinasinc.com\/pt\/","name":"Medicinas Inc","description":"Health Medical Clinic","potentialAction":[{"@type":"SearchAction","target":{"@type":"EntryPoint","urlTemplate":"https:\/\/medicinasinc.com\/pt\/?s={search_term_string}"},"query-input":{"@type":"PropertyValueSpecification","valueRequired":true,"valueName":"search_term_string"}}],"inLanguage":"pt-PT"}]}},"_links":{"self":[{"href":"https:\/\/medicinasinc.com\/pt\/wp-json\/wp\/v2\/product\/4748","targetHints":{"allow":["GET"]}}],"collection":[{"href":"https:\/\/medicinasinc.com\/pt\/wp-json\/wp\/v2\/product"}],"about":[{"href":"https:\/\/medicinasinc.com\/pt\/wp-json\/wp\/v2\/types\/product"}],"replies":[{"embeddable":true,"href":"https:\/\/medicinasinc.com\/pt\/wp-json\/wp\/v2\/comments?post=4748"}],"wp:featuredmedia":[{"embeddable":true,"href":"https:\/\/medicinasinc.com\/pt\/wp-json\/wp\/v2\/media\/4760"}],"wp:attachment":[{"href":"https:\/\/medicinasinc.com\/pt\/wp-json\/wp\/v2\/media?parent=4748"}],"wp:term":[{"taxonomy":"product_brand","embeddable":true,"href":"https:\/\/medicinasinc.com\/pt\/wp-json\/wp\/v2\/product_brand?post=4748"},{"taxonomy":"product_cat","embeddable":true,"href":"https:\/\/medicinasinc.com\/pt\/wp-json\/wp\/v2\/product_cat?post=4748"},{"taxonomy":"product_tag","embeddable":true,"href":"https:\/\/medicinasinc.com\/pt\/wp-json\/wp\/v2\/product_tag?post=4748"}],"curies":[{"name":"wp","href":"https:\/\/api.w.org\/{rel}","templated":true}]}}