{"id":4733,"date":"2022-02-20T15:18:37","date_gmt":"2022-02-20T15:18:37","guid":{"rendered":"https:\/\/medicinasinc.com\/pt\/?post_type=product&#038;p=4733"},"modified":"2022-07-05T23:49:55","modified_gmt":"2022-07-05T23:49:55","slug":"comprar-rosa-kush-hash","status":"publish","type":"product","link":"https:\/\/medicinasinc.com\/pt\/product\/comprar-rosa-kush-hash\/","title":{"rendered":"Compre Pink Kush Hash"},"content":{"rendered":"<p>Compra online de Pink Kush Hash<\/p>\n<p>Antes de comprar hash legal online, \u00e9 fundamental entender o que \u00e9, como se relaciona com a cannabis e o que a distingue de outros produtos de maconha. Hash, outro termo para &#8220;haxixe&#8221;, \u00e9 um concentrado de cannabis transmitido atrav\u00e9s do tom de uma planta de maconha. Isso \u00e9 feito separando os \u00f3rg\u00e3os de seiva de uma planta de cannabis, que s\u00e3o coletivamente chamados de tricomas, de suas flores. Esses tricomas s\u00e3o conhecidos por conter as maiores concentra\u00e7\u00f5es de canabin\u00f3ides e terpenos, que s\u00e3o os compostos qu\u00edmicos respons\u00e1veis \u200b\u200bpelas propriedades e caracter\u00edsticas \u00fanicas de Maryjane. Devido \u00e0 alta concentra\u00e7\u00e3o de canabin\u00f3ides e terpenos no haxixe, possui uma capacidade extraordin\u00e1ria de criar encontros psicoativos e medicinais incompreens\u00edveis para clientes de cannabis. O \u00f3leo de haxixe \u00e9 uma forma altamente concentrada de cannabis que pode ser fumada, vaporizada, consumida ou esfregada na pele. Ocasionalmente, o uso de \u00f3leo de haxixe \u00e9 referido como &#8220;alcan\u00e7ar&#8221; ou &#8220;consumir&#8221;. O \u00f3leo de haxixe \u00e9 derivado de plantas de cannabis e cont\u00e9m THC (delta-9-tetrahidrocanabinol), o mesmo composto revolucion\u00e1rio encontrado em outros produtos Maryjane.<\/p>\n<p>Em qualquer caso, o \u00f3leo de haxixe \u00e9 mais potente, contendo at\u00e9 90% THC puro. Obviamente, em outras partes da planta de cannabis, a concentra\u00e7\u00e3o t\u00edpica de THC \u00e9 de cerca de 12%. Confi\u00e1vel<\/p>\n<p>A extra\u00e7\u00e3o de CO2 \u00e9 atualmente o m\u00e9todo mais eficaz de extra\u00e7\u00e3o de \u00f3leo de THC. Al\u00e9m disso, \u00e9 o m\u00e9todo mais comum e seguro para produzir caminh\u00f5es de \u00f3leo de cannabis, destilado e goma viva. A raz\u00e3o pela qual \u00e9 t\u00e3o prevalente nos dias de hoje \u00e9 que este \u00f3leo THC \u00e9 livre de solventes adicionais, como licor ou butano.<\/p>\n<p>A maioria dos \u00f3leos THC cont\u00e9m um tipo de prepara\u00e7\u00e3o decrescente. Isso \u00e9 necess\u00e1rio para garantir que o \u00f3leo mantenha uma consist\u00eancia ideal para vaping. Os agentes redutores mais eficazes s\u00e3o a glicerina vegetal e o propilenoglicol (VG e PG), que s\u00e3o comumente encontrados em e-l\u00edquidos convencionais. Alguns cont\u00eam v\u00e1rios enchimentos, como PEG, e significativamente mais recentemente, TEC Temper, que \u00e9 outra condi\u00e7\u00e3o derivada de terpenos convencionais. O \u00f3leo de haxixe est\u00e1 dispon\u00edvel para compra.<\/p>\n","protected":false},"excerpt":{"rendered":"<p>Compre Pink Kush Hash para venda no Reino Unido, Europa online. Pink Kush, t\u00e3o cobi\u00e7ado quanto seu parente OG Kush, \u00e9 um h\u00edbrido de domin\u00e2ncia indica com poderosos efeitos focados no corpo. Encomende online AGORA!<\/p>\n<ul>\n<li>Envio para todo o mundo<\/li>\n<li>Contacte-nos para encomendas maiores<\/li>\n<\/ul>\n","protected":false},"featured_media":4745,"comment_status":"open","ping_status":"closed","template":"","meta":[],"product_brand":[],"product_cat":[610],"product_tag":[],"class_list":{"0":"post-4733","1":"product","2":"type-product","3":"status-publish","4":"has-post-thumbnail","6":"product_cat-comprar-haxixe-haxixe","8":"first","9":"instock","10":"shipping-taxable","11":"purchasable","12":"product-type-variable","13":"has-default-attributes"},"yoast_head":"<!-- This site is optimized with the Yoast SEO plugin v27.3 - https:\/\/yoast.com\/product\/yoast-seo-wordpress\/ -->\n<title>Compre Pink Kush Hash Online - Melhores Melhores Medicamentos Globais<\/title>\n<meta name=\"description\" content=\"Compre Pink Kush Hash para venda no Reino Unido, Europa online. Pink Kush, t\u00e3o cobi\u00e7ado quanto seu parente OG Kush, \u00e9 um h\u00edbrido de domin\u00e2ncia indica com poderosos efeitos focados no corpo. Pe\u00e7a online AGORA!\" \/>\n<meta name=\"robots\" content=\"index, follow, max-snippet:-1, max-image-preview:large, max-video-preview:-1\" \/>\n<link rel=\"canonical\" href=\"https:\/\/medicinasinc.com\/pt\/product\/comprar-rosa-kush-hash\/\" \/>\n<meta property=\"og:locale\" content=\"pt_PT\" \/>\n<meta property=\"og:type\" content=\"article\" \/>\n<meta property=\"og:title\" content=\"Compre Pink Kush Hash Online - Melhores Melhores Medicamentos Globais\" \/>\n<meta property=\"og:description\" content=\"Compre Pink Kush Hash para venda no Reino Unido, Europa online. Pink Kush, t\u00e3o cobi\u00e7ado quanto seu parente OG Kush, \u00e9 um h\u00edbrido de domin\u00e2ncia indica com poderosos efeitos focados no corpo. Pe\u00e7a online AGORA!\" \/>\n<meta property=\"og:url\" content=\"https:\/\/medicinasinc.com\/pt\/product\/comprar-rosa-kush-hash\/\" \/>\n<meta property=\"og:site_name\" content=\"Medicinas Inc\" \/>\n<meta property=\"article:modified_time\" content=\"2022-07-05T23:49:55+00:00\" \/>\n<meta property=\"og:image\" content=\"https:\/\/medicinasinc.com\/pt\/wp-content\/uploads\/sites\/20\/2022\/02\/buy-pink-kush-hash.jpg\" \/>\n\t<meta property=\"og:image:width\" content=\"600\" \/>\n\t<meta property=\"og:image:height\" content=\"600\" \/>\n\t<meta property=\"og:image:type\" content=\"image\/jpeg\" \/>\n<meta name=\"twitter:card\" content=\"summary_large_image\" \/>\n<meta name=\"twitter:label1\" content=\"Tempo estimado de leitura\" \/>\n\t<meta name=\"twitter:data1\" content=\"2 minutos\" \/>\n<script type=\"application\/ld+json\" class=\"yoast-schema-graph\">{\"@context\":\"https:\\\/\\\/schema.org\",\"@graph\":[{\"@type\":\"WebPage\",\"@id\":\"https:\\\/\\\/medicinasinc.com\\\/pt\\\/product\\\/comprar-rosa-kush-hash\\\/\",\"url\":\"https:\\\/\\\/medicinasinc.com\\\/pt\\\/product\\\/comprar-rosa-kush-hash\\\/\",\"name\":\"Compre Pink Kush Hash Online - Melhores Melhores Medicamentos Globais\",\"isPartOf\":{\"@id\":\"https:\\\/\\\/medicinasinc.com\\\/pt\\\/#website\"},\"primaryImageOfPage\":{\"@id\":\"https:\\\/\\\/medicinasinc.com\\\/pt\\\/product\\\/comprar-rosa-kush-hash\\\/#primaryimage\"},\"image\":{\"@id\":\"https:\\\/\\\/medicinasinc.com\\\/pt\\\/product\\\/comprar-rosa-kush-hash\\\/#primaryimage\"},\"thumbnailUrl\":\"https:\\\/\\\/medicinasinc.com\\\/pt\\\/wp-content\\\/uploads\\\/sites\\\/20\\\/2022\\\/02\\\/buy-pink-kush-hash.jpg\",\"datePublished\":\"2022-02-20T15:18:37+00:00\",\"dateModified\":\"2022-07-05T23:49:55+00:00\",\"description\":\"Compre Pink Kush Hash para venda no Reino Unido, Europa online. Pink Kush, t\u00e3o cobi\u00e7ado quanto seu parente OG Kush, \u00e9 um h\u00edbrido de domin\u00e2ncia indica com poderosos efeitos focados no corpo. Pe\u00e7a online AGORA!\",\"breadcrumb\":{\"@id\":\"https:\\\/\\\/medicinasinc.com\\\/pt\\\/product\\\/comprar-rosa-kush-hash\\\/#breadcrumb\"},\"inLanguage\":\"pt-PT\",\"potentialAction\":[{\"@type\":\"ReadAction\",\"target\":[\"https:\\\/\\\/medicinasinc.com\\\/pt\\\/product\\\/comprar-rosa-kush-hash\\\/\"]}]},{\"@type\":\"ImageObject\",\"inLanguage\":\"pt-PT\",\"@id\":\"https:\\\/\\\/medicinasinc.com\\\/pt\\\/product\\\/comprar-rosa-kush-hash\\\/#primaryimage\",\"url\":\"https:\\\/\\\/medicinasinc.com\\\/pt\\\/wp-content\\\/uploads\\\/sites\\\/20\\\/2022\\\/02\\\/buy-pink-kush-hash.jpg\",\"contentUrl\":\"https:\\\/\\\/medicinasinc.com\\\/pt\\\/wp-content\\\/uploads\\\/sites\\\/20\\\/2022\\\/02\\\/buy-pink-kush-hash.jpg\",\"width\":600,\"height\":600},{\"@type\":\"BreadcrumbList\",\"@id\":\"https:\\\/\\\/medicinasinc.com\\\/pt\\\/product\\\/comprar-rosa-kush-hash\\\/#breadcrumb\",\"itemListElement\":[{\"@type\":\"ListItem\",\"position\":1,\"name\":\"Comprar\",\"item\":\"https:\\\/\\\/medicinasinc.com\\\/pt\\\/comprar\\\/\"},{\"@type\":\"ListItem\",\"position\":2,\"name\":\"Compre Pink Kush Hash\"}]},{\"@type\":\"WebSite\",\"@id\":\"https:\\\/\\\/medicinasinc.com\\\/pt\\\/#website\",\"url\":\"https:\\\/\\\/medicinasinc.com\\\/pt\\\/\",\"name\":\"Medicinas Inc\",\"description\":\"Health Medical Clinic\",\"potentialAction\":[{\"@type\":\"SearchAction\",\"target\":{\"@type\":\"EntryPoint\",\"urlTemplate\":\"https:\\\/\\\/medicinasinc.com\\\/pt\\\/?s={search_term_string}\"},\"query-input\":{\"@type\":\"PropertyValueSpecification\",\"valueRequired\":true,\"valueName\":\"search_term_string\"}}],\"inLanguage\":\"pt-PT\"}]}<\/script>\n<!-- \/ Yoast SEO plugin. -->","yoast_head_json":{"title":"Compre Pink Kush Hash Online - Melhores Melhores Medicamentos Globais","description":"Compre Pink Kush Hash para venda no Reino Unido, Europa online. Pink Kush, t\u00e3o cobi\u00e7ado quanto seu parente OG Kush, \u00e9 um h\u00edbrido de domin\u00e2ncia indica com poderosos efeitos focados no corpo. Pe\u00e7a online AGORA!","robots":{"index":"index","follow":"follow","max-snippet":"max-snippet:-1","max-image-preview":"max-image-preview:large","max-video-preview":"max-video-preview:-1"},"canonical":"https:\/\/medicinasinc.com\/pt\/product\/comprar-rosa-kush-hash\/","og_locale":"pt_PT","og_type":"article","og_title":"Compre Pink Kush Hash Online - Melhores Melhores Medicamentos Globais","og_description":"Compre Pink Kush Hash para venda no Reino Unido, Europa online. Pink Kush, t\u00e3o cobi\u00e7ado quanto seu parente OG Kush, \u00e9 um h\u00edbrido de domin\u00e2ncia indica com poderosos efeitos focados no corpo. Pe\u00e7a online AGORA!","og_url":"https:\/\/medicinasinc.com\/pt\/product\/comprar-rosa-kush-hash\/","og_site_name":"Medicinas Inc","article_modified_time":"2022-07-05T23:49:55+00:00","og_image":[{"width":600,"height":600,"url":"https:\/\/medicinasinc.com\/pt\/wp-content\/uploads\/sites\/20\/2022\/02\/buy-pink-kush-hash.jpg","type":"image\/jpeg"}],"twitter_card":"summary_large_image","twitter_misc":{"Tempo estimado de leitura":"2 minutos"},"schema":{"@context":"https:\/\/schema.org","@graph":[{"@type":"WebPage","@id":"https:\/\/medicinasinc.com\/pt\/product\/comprar-rosa-kush-hash\/","url":"https:\/\/medicinasinc.com\/pt\/product\/comprar-rosa-kush-hash\/","name":"Compre Pink Kush Hash Online - Melhores Melhores Medicamentos Globais","isPartOf":{"@id":"https:\/\/medicinasinc.com\/pt\/#website"},"primaryImageOfPage":{"@id":"https:\/\/medicinasinc.com\/pt\/product\/comprar-rosa-kush-hash\/#primaryimage"},"image":{"@id":"https:\/\/medicinasinc.com\/pt\/product\/comprar-rosa-kush-hash\/#primaryimage"},"thumbnailUrl":"https:\/\/medicinasinc.com\/pt\/wp-content\/uploads\/sites\/20\/2022\/02\/buy-pink-kush-hash.jpg","datePublished":"2022-02-20T15:18:37+00:00","dateModified":"2022-07-05T23:49:55+00:00","description":"Compre Pink Kush Hash para venda no Reino Unido, Europa online. Pink Kush, t\u00e3o cobi\u00e7ado quanto seu parente OG Kush, \u00e9 um h\u00edbrido de domin\u00e2ncia indica com poderosos efeitos focados no corpo. Pe\u00e7a online AGORA!","breadcrumb":{"@id":"https:\/\/medicinasinc.com\/pt\/product\/comprar-rosa-kush-hash\/#breadcrumb"},"inLanguage":"pt-PT","potentialAction":[{"@type":"ReadAction","target":["https:\/\/medicinasinc.com\/pt\/product\/comprar-rosa-kush-hash\/"]}]},{"@type":"ImageObject","inLanguage":"pt-PT","@id":"https:\/\/medicinasinc.com\/pt\/product\/comprar-rosa-kush-hash\/#primaryimage","url":"https:\/\/medicinasinc.com\/pt\/wp-content\/uploads\/sites\/20\/2022\/02\/buy-pink-kush-hash.jpg","contentUrl":"https:\/\/medicinasinc.com\/pt\/wp-content\/uploads\/sites\/20\/2022\/02\/buy-pink-kush-hash.jpg","width":600,"height":600},{"@type":"BreadcrumbList","@id":"https:\/\/medicinasinc.com\/pt\/product\/comprar-rosa-kush-hash\/#breadcrumb","itemListElement":[{"@type":"ListItem","position":1,"name":"Comprar","item":"https:\/\/medicinasinc.com\/pt\/comprar\/"},{"@type":"ListItem","position":2,"name":"Compre Pink Kush Hash"}]},{"@type":"WebSite","@id":"https:\/\/medicinasinc.com\/pt\/#website","url":"https:\/\/medicinasinc.com\/pt\/","name":"Medicinas Inc","description":"Health Medical Clinic","potentialAction":[{"@type":"SearchAction","target":{"@type":"EntryPoint","urlTemplate":"https:\/\/medicinasinc.com\/pt\/?s={search_term_string}"},"query-input":{"@type":"PropertyValueSpecification","valueRequired":true,"valueName":"search_term_string"}}],"inLanguage":"pt-PT"}]}},"_links":{"self":[{"href":"https:\/\/medicinasinc.com\/pt\/wp-json\/wp\/v2\/product\/4733","targetHints":{"allow":["GET"]}}],"collection":[{"href":"https:\/\/medicinasinc.com\/pt\/wp-json\/wp\/v2\/product"}],"about":[{"href":"https:\/\/medicinasinc.com\/pt\/wp-json\/wp\/v2\/types\/product"}],"replies":[{"embeddable":true,"href":"https:\/\/medicinasinc.com\/pt\/wp-json\/wp\/v2\/comments?post=4733"}],"wp:featuredmedia":[{"embeddable":true,"href":"https:\/\/medicinasinc.com\/pt\/wp-json\/wp\/v2\/media\/4745"}],"wp:attachment":[{"href":"https:\/\/medicinasinc.com\/pt\/wp-json\/wp\/v2\/media?parent=4733"}],"wp:term":[{"taxonomy":"product_brand","embeddable":true,"href":"https:\/\/medicinasinc.com\/pt\/wp-json\/wp\/v2\/product_brand?post=4733"},{"taxonomy":"product_cat","embeddable":true,"href":"https:\/\/medicinasinc.com\/pt\/wp-json\/wp\/v2\/product_cat?post=4733"},{"taxonomy":"product_tag","embeddable":true,"href":"https:\/\/medicinasinc.com\/pt\/wp-json\/wp\/v2\/product_tag?post=4733"}],"curies":[{"name":"wp","href":"https:\/\/api.w.org\/{rel}","templated":true}]}}