{"id":4717,"date":"2022-02-20T15:05:15","date_gmt":"2022-02-20T15:05:15","guid":{"rendered":"https:\/\/medicinasinc.com\/pt\/?post_type=product&#038;p=4717"},"modified":"2022-07-05T23:50:12","modified_gmt":"2022-07-05T23:50:12","slug":"comprar-pau-nepales-hash","status":"publish","type":"product","link":"https:\/\/medicinasinc.com\/pt\/product\/comprar-pau-nepales-hash\/","title":{"rendered":"Compre o hash nepal\u00eas"},"content":{"rendered":"<p>Compra online de hash de pau nepal\u00eas<\/p>\n<p>O hash de pau nepal\u00eas \u00e9 preparado da mesma maneira que as Temple Balls. As plantas de cannabis os cultivam. Os bot\u00f5es ou flores de cannabis s\u00e3o primeiro coletados e colhidos. Esfregue esses bot\u00f5es entre as m\u00e3os para extrair as resinas ou tricomas. As Temple Balls s\u00e3o criadas a partir das resinas obtidas. As bolas da t\u00eampora s\u00e3o ent\u00e3o pressionadas contra uma prateleira ou laje grossa e dura.<\/p>\n<p>O hash de vara nepalesa \u00e9 preto por fora e acastanhado por dentro. Eles cont\u00eam cerca de 15-20% de THC. Estes s\u00e3o altamente concentrados e t\u00eam um sabor picante ou adocicado.<\/p>\n<p>Efeitos:<\/p>\n<p>Os efeitos do Stick Hash s\u00e3o tipicamente dependentes das concentra\u00e7\u00f5es de THC e resina. Eles t\u00eam uma tend\u00eancia a aumentar a temperatura do corpo e elev\u00e1-lo a um n\u00edvel perigosamente alto, mesmo em pequenas quantidades. \u00c9 geralmente seguro de usar e tem uma meia-vida de 6-7 horas. Estes Hash Sticks s\u00e3o ideais para quem precisa ficar alto por um longo per\u00edodo de tempo.<\/p>\n<p>Como Utilizar:<\/p>\n<p>Nepalese Stick Hash \u00e9 um produto do Nepal. Eles podem ser fumados, infundidos em um cachimbo, incorporados em comest\u00edveis ou vaporizados. Quando o Stick Hash \u00e9 usado em comest\u00edveis, leva aproximadamente 1-2 horas para fazer efeito e mostrar os efeitos.<\/p>\n<p>Onde posso comprar o Stick Hash nepal\u00eas na Internet?<\/p>\n<p>Voc\u00ea pode comprar Hash de vara nepalesa rec\u00e9m-preparado em nosso site, fornecemos varas de hash de alta qualidade e extremamente potentes. Estes s\u00e3o produzidos de forma natural no Nepal. Voc\u00ea pode compr\u00e1-los a um pre\u00e7o razo\u00e1vel e receb\u00ea-los rapidamente.<\/p>\n","protected":false},"excerpt":{"rendered":"<p>Compre Nepalese Stick Hash Online Nepal\u00eas refere-se a qualquer cepa que cresce ingenuamente na regi\u00e3o do Nepal. Encomende Weed Online, essas variedades ind\u00edgenas.<\/p>\n","protected":false},"featured_media":4730,"comment_status":"open","ping_status":"closed","template":"","meta":[],"product_brand":[],"product_cat":[610],"product_tag":[],"class_list":{"0":"post-4717","1":"product","2":"type-product","3":"status-publish","4":"has-post-thumbnail","6":"product_cat-comprar-haxixe-haxixe","8":"first","9":"instock","10":"shipping-taxable","11":"purchasable","12":"product-type-variable","13":"has-default-attributes"},"yoast_head":"<!-- This site is optimized with the Yoast SEO plugin v27.3 - https:\/\/yoast.com\/product\/yoast-seo-wordpress\/ -->\n<title>Compre nepal\u00eas Stick Hash - Melhores Melhores Medicamentos Globais<\/title>\n<meta name=\"description\" content=\"Compre Nepal\u00eas Stick Hash Online Nepal\u00eas refere-se a qualquer cepa que cresce ingenuamente na regi\u00e3o do Nepal. Encomende Weed Online, Estas variedades ind\u00edgenas.\" \/>\n<meta name=\"robots\" content=\"index, follow, max-snippet:-1, max-image-preview:large, max-video-preview:-1\" \/>\n<link rel=\"canonical\" href=\"https:\/\/medicinasinc.com\/pt\/product\/comprar-pau-nepales-hash\/\" \/>\n<meta property=\"og:locale\" content=\"pt_PT\" \/>\n<meta property=\"og:type\" content=\"article\" \/>\n<meta property=\"og:title\" content=\"Compre nepal\u00eas Stick Hash - Melhores Melhores Medicamentos Globais\" \/>\n<meta property=\"og:description\" content=\"Compre Nepal\u00eas Stick Hash Online Nepal\u00eas refere-se a qualquer cepa que cresce ingenuamente na regi\u00e3o do Nepal. Encomende Weed Online, Estas variedades ind\u00edgenas.\" \/>\n<meta property=\"og:url\" content=\"https:\/\/medicinasinc.com\/pt\/product\/comprar-pau-nepales-hash\/\" \/>\n<meta property=\"og:site_name\" content=\"Medicinas Inc\" \/>\n<meta property=\"article:modified_time\" content=\"2022-07-05T23:50:12+00:00\" \/>\n<meta property=\"og:image\" content=\"https:\/\/medicinasinc.com\/pt\/wp-content\/uploads\/sites\/20\/2022\/02\/Buy-Nepalese-Stick-Hash.jpg\" \/>\n\t<meta property=\"og:image:width\" content=\"600\" \/>\n\t<meta property=\"og:image:height\" content=\"600\" \/>\n\t<meta property=\"og:image:type\" content=\"image\/jpeg\" \/>\n<meta name=\"twitter:card\" content=\"summary_large_image\" \/>\n<meta name=\"twitter:label1\" content=\"Tempo estimado de leitura\" \/>\n\t<meta name=\"twitter:data1\" content=\"2 minutos\" \/>\n<script type=\"application\/ld+json\" class=\"yoast-schema-graph\">{\"@context\":\"https:\\\/\\\/schema.org\",\"@graph\":[{\"@type\":\"WebPage\",\"@id\":\"https:\\\/\\\/medicinasinc.com\\\/pt\\\/product\\\/comprar-pau-nepales-hash\\\/\",\"url\":\"https:\\\/\\\/medicinasinc.com\\\/pt\\\/product\\\/comprar-pau-nepales-hash\\\/\",\"name\":\"Compre nepal\u00eas Stick Hash - Melhores Melhores Medicamentos Globais\",\"isPartOf\":{\"@id\":\"https:\\\/\\\/medicinasinc.com\\\/pt\\\/#website\"},\"primaryImageOfPage\":{\"@id\":\"https:\\\/\\\/medicinasinc.com\\\/pt\\\/product\\\/comprar-pau-nepales-hash\\\/#primaryimage\"},\"image\":{\"@id\":\"https:\\\/\\\/medicinasinc.com\\\/pt\\\/product\\\/comprar-pau-nepales-hash\\\/#primaryimage\"},\"thumbnailUrl\":\"https:\\\/\\\/medicinasinc.com\\\/pt\\\/wp-content\\\/uploads\\\/sites\\\/20\\\/2022\\\/02\\\/Buy-Nepalese-Stick-Hash.jpg\",\"datePublished\":\"2022-02-20T15:05:15+00:00\",\"dateModified\":\"2022-07-05T23:50:12+00:00\",\"description\":\"Compre Nepal\u00eas Stick Hash Online Nepal\u00eas refere-se a qualquer cepa que cresce ingenuamente na regi\u00e3o do Nepal. Encomende Weed Online, Estas variedades ind\u00edgenas.\",\"breadcrumb\":{\"@id\":\"https:\\\/\\\/medicinasinc.com\\\/pt\\\/product\\\/comprar-pau-nepales-hash\\\/#breadcrumb\"},\"inLanguage\":\"pt-PT\",\"potentialAction\":[{\"@type\":\"ReadAction\",\"target\":[\"https:\\\/\\\/medicinasinc.com\\\/pt\\\/product\\\/comprar-pau-nepales-hash\\\/\"]}]},{\"@type\":\"ImageObject\",\"inLanguage\":\"pt-PT\",\"@id\":\"https:\\\/\\\/medicinasinc.com\\\/pt\\\/product\\\/comprar-pau-nepales-hash\\\/#primaryimage\",\"url\":\"https:\\\/\\\/medicinasinc.com\\\/pt\\\/wp-content\\\/uploads\\\/sites\\\/20\\\/2022\\\/02\\\/Buy-Nepalese-Stick-Hash.jpg\",\"contentUrl\":\"https:\\\/\\\/medicinasinc.com\\\/pt\\\/wp-content\\\/uploads\\\/sites\\\/20\\\/2022\\\/02\\\/Buy-Nepalese-Stick-Hash.jpg\",\"width\":600,\"height\":600},{\"@type\":\"BreadcrumbList\",\"@id\":\"https:\\\/\\\/medicinasinc.com\\\/pt\\\/product\\\/comprar-pau-nepales-hash\\\/#breadcrumb\",\"itemListElement\":[{\"@type\":\"ListItem\",\"position\":1,\"name\":\"Comprar\",\"item\":\"https:\\\/\\\/medicinasinc.com\\\/pt\\\/comprar\\\/\"},{\"@type\":\"ListItem\",\"position\":2,\"name\":\"Compre o hash nepal\u00eas\"}]},{\"@type\":\"WebSite\",\"@id\":\"https:\\\/\\\/medicinasinc.com\\\/pt\\\/#website\",\"url\":\"https:\\\/\\\/medicinasinc.com\\\/pt\\\/\",\"name\":\"Medicinas Inc\",\"description\":\"Health Medical Clinic\",\"potentialAction\":[{\"@type\":\"SearchAction\",\"target\":{\"@type\":\"EntryPoint\",\"urlTemplate\":\"https:\\\/\\\/medicinasinc.com\\\/pt\\\/?s={search_term_string}\"},\"query-input\":{\"@type\":\"PropertyValueSpecification\",\"valueRequired\":true,\"valueName\":\"search_term_string\"}}],\"inLanguage\":\"pt-PT\"}]}<\/script>\n<!-- \/ Yoast SEO plugin. -->","yoast_head_json":{"title":"Compre nepal\u00eas Stick Hash - Melhores Melhores Medicamentos Globais","description":"Compre Nepal\u00eas Stick Hash Online Nepal\u00eas refere-se a qualquer cepa que cresce ingenuamente na regi\u00e3o do Nepal. Encomende Weed Online, Estas variedades ind\u00edgenas.","robots":{"index":"index","follow":"follow","max-snippet":"max-snippet:-1","max-image-preview":"max-image-preview:large","max-video-preview":"max-video-preview:-1"},"canonical":"https:\/\/medicinasinc.com\/pt\/product\/comprar-pau-nepales-hash\/","og_locale":"pt_PT","og_type":"article","og_title":"Compre nepal\u00eas Stick Hash - Melhores Melhores Medicamentos Globais","og_description":"Compre Nepal\u00eas Stick Hash Online Nepal\u00eas refere-se a qualquer cepa que cresce ingenuamente na regi\u00e3o do Nepal. Encomende Weed Online, Estas variedades ind\u00edgenas.","og_url":"https:\/\/medicinasinc.com\/pt\/product\/comprar-pau-nepales-hash\/","og_site_name":"Medicinas Inc","article_modified_time":"2022-07-05T23:50:12+00:00","og_image":[{"width":600,"height":600,"url":"https:\/\/medicinasinc.com\/pt\/wp-content\/uploads\/sites\/20\/2022\/02\/Buy-Nepalese-Stick-Hash.jpg","type":"image\/jpeg"}],"twitter_card":"summary_large_image","twitter_misc":{"Tempo estimado de leitura":"2 minutos"},"schema":{"@context":"https:\/\/schema.org","@graph":[{"@type":"WebPage","@id":"https:\/\/medicinasinc.com\/pt\/product\/comprar-pau-nepales-hash\/","url":"https:\/\/medicinasinc.com\/pt\/product\/comprar-pau-nepales-hash\/","name":"Compre nepal\u00eas Stick Hash - Melhores Melhores Medicamentos Globais","isPartOf":{"@id":"https:\/\/medicinasinc.com\/pt\/#website"},"primaryImageOfPage":{"@id":"https:\/\/medicinasinc.com\/pt\/product\/comprar-pau-nepales-hash\/#primaryimage"},"image":{"@id":"https:\/\/medicinasinc.com\/pt\/product\/comprar-pau-nepales-hash\/#primaryimage"},"thumbnailUrl":"https:\/\/medicinasinc.com\/pt\/wp-content\/uploads\/sites\/20\/2022\/02\/Buy-Nepalese-Stick-Hash.jpg","datePublished":"2022-02-20T15:05:15+00:00","dateModified":"2022-07-05T23:50:12+00:00","description":"Compre Nepal\u00eas Stick Hash Online Nepal\u00eas refere-se a qualquer cepa que cresce ingenuamente na regi\u00e3o do Nepal. Encomende Weed Online, Estas variedades ind\u00edgenas.","breadcrumb":{"@id":"https:\/\/medicinasinc.com\/pt\/product\/comprar-pau-nepales-hash\/#breadcrumb"},"inLanguage":"pt-PT","potentialAction":[{"@type":"ReadAction","target":["https:\/\/medicinasinc.com\/pt\/product\/comprar-pau-nepales-hash\/"]}]},{"@type":"ImageObject","inLanguage":"pt-PT","@id":"https:\/\/medicinasinc.com\/pt\/product\/comprar-pau-nepales-hash\/#primaryimage","url":"https:\/\/medicinasinc.com\/pt\/wp-content\/uploads\/sites\/20\/2022\/02\/Buy-Nepalese-Stick-Hash.jpg","contentUrl":"https:\/\/medicinasinc.com\/pt\/wp-content\/uploads\/sites\/20\/2022\/02\/Buy-Nepalese-Stick-Hash.jpg","width":600,"height":600},{"@type":"BreadcrumbList","@id":"https:\/\/medicinasinc.com\/pt\/product\/comprar-pau-nepales-hash\/#breadcrumb","itemListElement":[{"@type":"ListItem","position":1,"name":"Comprar","item":"https:\/\/medicinasinc.com\/pt\/comprar\/"},{"@type":"ListItem","position":2,"name":"Compre o hash nepal\u00eas"}]},{"@type":"WebSite","@id":"https:\/\/medicinasinc.com\/pt\/#website","url":"https:\/\/medicinasinc.com\/pt\/","name":"Medicinas Inc","description":"Health Medical Clinic","potentialAction":[{"@type":"SearchAction","target":{"@type":"EntryPoint","urlTemplate":"https:\/\/medicinasinc.com\/pt\/?s={search_term_string}"},"query-input":{"@type":"PropertyValueSpecification","valueRequired":true,"valueName":"search_term_string"}}],"inLanguage":"pt-PT"}]}},"_links":{"self":[{"href":"https:\/\/medicinasinc.com\/pt\/wp-json\/wp\/v2\/product\/4717","targetHints":{"allow":["GET"]}}],"collection":[{"href":"https:\/\/medicinasinc.com\/pt\/wp-json\/wp\/v2\/product"}],"about":[{"href":"https:\/\/medicinasinc.com\/pt\/wp-json\/wp\/v2\/types\/product"}],"replies":[{"embeddable":true,"href":"https:\/\/medicinasinc.com\/pt\/wp-json\/wp\/v2\/comments?post=4717"}],"wp:featuredmedia":[{"embeddable":true,"href":"https:\/\/medicinasinc.com\/pt\/wp-json\/wp\/v2\/media\/4730"}],"wp:attachment":[{"href":"https:\/\/medicinasinc.com\/pt\/wp-json\/wp\/v2\/media?parent=4717"}],"wp:term":[{"taxonomy":"product_brand","embeddable":true,"href":"https:\/\/medicinasinc.com\/pt\/wp-json\/wp\/v2\/product_brand?post=4717"},{"taxonomy":"product_cat","embeddable":true,"href":"https:\/\/medicinasinc.com\/pt\/wp-json\/wp\/v2\/product_cat?post=4717"},{"taxonomy":"product_tag","embeddable":true,"href":"https:\/\/medicinasinc.com\/pt\/wp-json\/wp\/v2\/product_tag?post=4717"}],"curies":[{"name":"wp","href":"https:\/\/api.w.org\/{rel}","templated":true}]}}