{"id":4716,"date":"2022-02-20T15:05:01","date_gmt":"2022-02-20T15:05:01","guid":{"rendered":"https:\/\/medicinasinc.com\/pt\/?post_type=product&#038;p=4716"},"modified":"2022-07-05T23:50:29","modified_gmt":"2022-07-05T23:50:29","slug":"comprar-nederhash-haxixe","status":"publish","type":"product","link":"https:\/\/medicinasinc.com\/pt\/product\/comprar-nederhash-haxixe\/","title":{"rendered":"Compre Nederhash Haxixe"},"content":{"rendered":"<p>Compra online de Nederhash Hashish<\/p>\n<p>O que exatamente \u00e9 um hash? Hash \u00e9 extra\u00eddo de plantas de cannabis cultivadas na Holanda. As plantas geralmente s\u00e3o cultivadas em ambientes fechados, mas tamb\u00e9m existem alguns desenvolvimentos ao ar livre e em estufas. Gera\u00e7\u00e3o: As t\u00e9cnicas de montagem variam de acordo com o fabricante. Enquanto a maioria do Hash \u00e9 entregue por triagem, como \u00e9 o caso no Marrocos, uma pequena quantidade de Hash lavado \u00e0 m\u00e3o tamb\u00e9m \u00e9 produzida usando a estrat\u00e9gia afeg\u00e3 (que obviamente \u00e9 muito melhorada). Em qualquer caso, apenas uma pequena quantidade da erva \u00e9 alterada no haxixe. Sombreamento: Geralmente muito verde, mas isso varia de acordo com o tipo de Erva utilizada e o fabricante. Cheiro: Tipicamente gramado ou skunky, mas isso depende do tipo de erva daninha. Sabor: Id\u00eantico ao indicado anteriormente. Consist\u00eancia: Uma grande parte do haxixe holand\u00eas n\u00e3o \u00e9 espremido com precis\u00e3o (isso \u00e9 m\u00e3o de obra), e os focinhos s\u00e3o normalmente separados de forma muito eficaz. De qualquer forma, a consist\u00eancia melhorou recentemente e eles parecem se adaptar rapidamente. Obviamente, o anterior n\u00e3o se refere ao hash lavado \u00e0 m\u00e3o, que \u00e9 extremamente delicado, semelhante ao afeg\u00e3o. Normalmente, o haxixe \u00e9 composto de cabe\u00e7as femininas que foram esmagadas e espremidas sob cargas enormes para criar uma forte irregularidade que se pulveriza completamente. O tipo de High varia de acordo com a cepa de Weed usada, mas na maioria das vezes, a alta \u00e9 muito din\u00e2mica e cerebral. Intensidade: De potente a poderoso, este material supera qualquer outro tipo de Hash dispon\u00edvel para o usu\u00e1rio m\u00e9dio. Ele at\u00e9 supera a maioria dos nepaleses e quase todos os afeg\u00e3os benevolentes. (Cont\u00e9m at\u00e9 59 por cento de THC) Disponibilidade: Extremamente raro fora da Holanda e pa\u00edses vizinhos. Eu n\u00e3o prenderia a respira\u00e7\u00e3o esperando que isso aparecesse no mercado brit\u00e2nico. Em geral, a qualidade varia, mas o custo \u00e9 sempre alto. N\u00e3o h\u00e1 classifica\u00e7\u00e3o padr\u00e3o para o hash holand\u00eas. Sensi-Hash \u00e9 o nome dado ao p\u00f3 extraordin\u00e1rio, que \u00e9 essencialmente gemas de THC muito densamente embaladas.<\/p>\n<p>Como o hash \u00e9 criado?<\/p>\n<p>A maioria do haxixe \u00e9 produzida por fric\u00e7\u00e3o de plantas secas contra uma malha muito fina. Depois disso, os tricomas caem pela peneira, separando-os do material vegetal. As gl\u00e2ndulas de resina s\u00e3o ent\u00e3o aquecidas e comprimidas para formar uma massa coesa de haxixe.<\/p>\n<p>Haxixe versus maconha?<\/p>\n<p>Para come\u00e7ar, a conex\u00e3o \u00f3bvia entre maconha e haxixe \u00e9 que ambos s\u00e3o derivados da mesma planta de cannabis. Como voc\u00ea provavelmente j\u00e1 sabe, o pote \u00e9 o bot\u00e3o floral da planta feminina de cannabis. A erva daninha \u00e9 composta dos mesmos bot\u00f5es que a maconha, mas \u00e9 processada de maneira diferente. Enquanto uma planta de cannabis est\u00e1 em plena flora\u00e7\u00e3o, os bot\u00f5es de flores s\u00e3o colhidos e um agricultor prosseguir\u00e1 em uma das duas dire\u00e7\u00f5es. No caso do haxixe, as flores ser\u00e3o penduradas para secar. O produto resultante \u00e9 a planta com a qual todos estamos familiarizados, ap\u00f3s a retirada de cada semente, primavera e excesso de folha. Depende inteiramente de voc\u00ea se voc\u00ea prefere maconha ou haxixe, mas a \u00fanica maneira de obter acesso a todos os benef\u00edcios da cannabis \u00e9 atrav\u00e9s da educa\u00e7\u00e3o pessoal. Fa\u00e7a pesquisas antes de fumar e, como sempre, assine nosso boletim informativo para obter dicas e truques adicionais!<\/p>\n<p>O que exatamente \u00e9 haxixe?<\/p>\n<p>O que \u00e9 uma subst\u00e2ncia de haxixe? O haxixe, alternativamente conhecido como &#8216;hash&#8217;, \u00e9 um tipo de broto de maconha criado pela compress\u00e3o e processamento dos tricomas da planta de cannabis. Normalmente \u00e9 fumado em cachimbo, bong, vaporizador ou baseado, mas tamb\u00e9m pode ser consumido por via oral. Como o haxixe \u00e9 produzido? Compra on-line de Nederhash Haxixe, o haxixe \u00e9 produzido separando esses tricomas dos brotos, folhas e caules da planta e aquecendo\/pressionando-os para criar uma subst\u00e2ncia potente.<\/p>\n<p>Como enrolar um baseado com haxixe?<\/p>\n<p> p&gt; <\/p>\n<p>Combine-o com maconha e tabaco em um baseado. Se voc\u00ea tiver um bloco seco, voc\u00ea pode simplesmente esmag\u00e1-lo ou quebrar pequenos seixos e incorpor\u00e1-lo ao rolamento da junta. Combine-o com tabaco ou maconha. O segundo m\u00e9todo implica uma alta mais intensa, que voc\u00ea provavelmente procurar\u00e1 se voc\u00ea \u00e9 um aventureiro. A melhor maneira de enrolar um hash joint \u00e9 quebrar o hash e combin\u00e1-lo com a erva. Esta \u00e9 realmente a melhor maneira de fumar haxixe porque \u00e9 f\u00e1cil de compartilhar e o sabor do haxixe melhora o doobie. O haxixe \u00e9 legal nos Estados Unidos? Embora a venda de cannabis tenha sido proibida em 1989, as leis raramente s\u00e3o aplicadas e a droga \u00e9 vendida abertamente em muitas partes do pa\u00eds. Barbados, Legal para uso espiritual por organiza\u00e7\u00f5es religiosas registradas<\/p>\n<p>Quais s\u00e3o os efeitos do haxixe?<\/p>\n<p>No curto prazo, o uso de haxixe pode resultar em dificuldades de mem\u00f3ria e aprendizado; percep\u00e7\u00e3o distorcida (vis\u00f5es, sons, tempo, toque); dificuldade em pensar e resolver problemas; perda de coordena\u00e7\u00e3o; e aumento da frequ\u00eancia card\u00edaca, ansiedade e ataques de p\u00e2nico. Devido \u00e0 alta concentra\u00e7\u00e3o de THC no haxixe e outros concentrados, os efeitos podem ser mais intensos.<\/p>\n<p>Bubble hash \u00e9 um concentrado de cannabis composto por milhares de tricomas, ou gl\u00e2ndulas resinosas, que foram extra\u00eddas do planta usando \u00e1gua gelada, agita\u00e7\u00e3o e uma peneira. O termo &#8220;bubble hash&#8221; refere-se \u00e0 forma como borbulha quando exposto \u00e0 chama. Al\u00e9m disso, os sacos usados \u200b\u200bpara fazer em casa s\u00e3o chamados de &#8220;sacos de bolhas&#8221;.<\/p>\n<p>Hash Plant, um cl\u00e1ssico da Sensi Seeds, permanece compacto durante seu per\u00edodo de flora\u00e7\u00e3o ultracurto. Este produto 90% indiano \u00e9 o resultado de uma sele\u00e7\u00e3o gen\u00e9tica meticulosa, que incluiu o cruzamento da enigm\u00e1tica Hash Plant dos Estados Unidos com a aurora boreal.<\/p>\n","protected":false},"excerpt":{"rendered":"<p>Compra on-line de Nederhash Hashish,\u00a0 Compre maconha medicinal na Alemanha Onde posso comprar drogas ilegais on-line? Farm\u00e1cias on-line perto de mim Vendas de medicamentos na dark web.<\/p>\n<p>&nbsp;<\/p>\n","protected":false},"featured_media":4728,"comment_status":"open","ping_status":"closed","template":"","meta":[],"product_brand":[],"product_cat":[610],"product_tag":[],"class_list":{"0":"post-4716","1":"product","2":"type-product","3":"status-publish","4":"has-post-thumbnail","6":"product_cat-comprar-haxixe-haxixe","8":"first","9":"instock","10":"shipping-taxable","11":"purchasable","12":"product-type-variable","13":"has-default-attributes"},"yoast_head":"<!-- This site is optimized with the Yoast SEO plugin v27.3 - https:\/\/yoast.com\/product\/yoast-seo-wordpress\/ -->\n<title>Compre Nederhash Hashish - Best Best Global Meds<\/title>\n<meta name=\"description\" content=\"Compre Nederhash Haxixe online Compre erva medicinal na Alemanha Onde comprar drogas ilegais online Drogas \u00e0 venda online perto de mim Drogas de vendas na Dark web.\" \/>\n<meta name=\"robots\" content=\"index, follow, max-snippet:-1, max-image-preview:large, max-video-preview:-1\" \/>\n<link rel=\"canonical\" href=\"https:\/\/medicinasinc.com\/pt\/product\/comprar-nederhash-haxixe\/\" \/>\n<meta property=\"og:locale\" content=\"pt_PT\" \/>\n<meta property=\"og:type\" content=\"article\" \/>\n<meta property=\"og:title\" content=\"Compre Nederhash Hashish - Best Best Global Meds\" \/>\n<meta property=\"og:description\" content=\"Compre Nederhash Haxixe online Compre erva medicinal na Alemanha Onde comprar drogas ilegais online Drogas \u00e0 venda online perto de mim Drogas de vendas na Dark web.\" \/>\n<meta property=\"og:url\" content=\"https:\/\/medicinasinc.com\/pt\/product\/comprar-nederhash-haxixe\/\" \/>\n<meta property=\"og:site_name\" content=\"Medicinas Inc\" \/>\n<meta property=\"article:modified_time\" content=\"2022-07-05T23:50:29+00:00\" \/>\n<meta property=\"og:image\" content=\"https:\/\/medicinasinc.com\/pt\/wp-content\/uploads\/sites\/20\/2022\/02\/Buy-Nederhash-Hashish-Online.jpg\" \/>\n\t<meta property=\"og:image:width\" content=\"600\" \/>\n\t<meta property=\"og:image:height\" content=\"600\" \/>\n\t<meta property=\"og:image:type\" content=\"image\/jpeg\" \/>\n<meta name=\"twitter:card\" content=\"summary_large_image\" \/>\n<meta name=\"twitter:label1\" content=\"Tempo estimado de leitura\" \/>\n\t<meta name=\"twitter:data1\" content=\"4 minutos\" \/>\n<script type=\"application\/ld+json\" class=\"yoast-schema-graph\">{\"@context\":\"https:\\\/\\\/schema.org\",\"@graph\":[{\"@type\":\"WebPage\",\"@id\":\"https:\\\/\\\/medicinasinc.com\\\/pt\\\/product\\\/comprar-nederhash-haxixe\\\/\",\"url\":\"https:\\\/\\\/medicinasinc.com\\\/pt\\\/product\\\/comprar-nederhash-haxixe\\\/\",\"name\":\"Compre Nederhash Hashish - Best Best Global Meds\",\"isPartOf\":{\"@id\":\"https:\\\/\\\/medicinasinc.com\\\/pt\\\/#website\"},\"primaryImageOfPage\":{\"@id\":\"https:\\\/\\\/medicinasinc.com\\\/pt\\\/product\\\/comprar-nederhash-haxixe\\\/#primaryimage\"},\"image\":{\"@id\":\"https:\\\/\\\/medicinasinc.com\\\/pt\\\/product\\\/comprar-nederhash-haxixe\\\/#primaryimage\"},\"thumbnailUrl\":\"https:\\\/\\\/medicinasinc.com\\\/pt\\\/wp-content\\\/uploads\\\/sites\\\/20\\\/2022\\\/02\\\/Buy-Nederhash-Hashish-Online.jpg\",\"datePublished\":\"2022-02-20T15:05:01+00:00\",\"dateModified\":\"2022-07-05T23:50:29+00:00\",\"description\":\"Compre Nederhash Haxixe online Compre erva medicinal na Alemanha Onde comprar drogas ilegais online Drogas \u00e0 venda online perto de mim Drogas de vendas na Dark web.\",\"breadcrumb\":{\"@id\":\"https:\\\/\\\/medicinasinc.com\\\/pt\\\/product\\\/comprar-nederhash-haxixe\\\/#breadcrumb\"},\"inLanguage\":\"pt-PT\",\"potentialAction\":[{\"@type\":\"ReadAction\",\"target\":[\"https:\\\/\\\/medicinasinc.com\\\/pt\\\/product\\\/comprar-nederhash-haxixe\\\/\"]}]},{\"@type\":\"ImageObject\",\"inLanguage\":\"pt-PT\",\"@id\":\"https:\\\/\\\/medicinasinc.com\\\/pt\\\/product\\\/comprar-nederhash-haxixe\\\/#primaryimage\",\"url\":\"https:\\\/\\\/medicinasinc.com\\\/pt\\\/wp-content\\\/uploads\\\/sites\\\/20\\\/2022\\\/02\\\/Buy-Nederhash-Hashish-Online.jpg\",\"contentUrl\":\"https:\\\/\\\/medicinasinc.com\\\/pt\\\/wp-content\\\/uploads\\\/sites\\\/20\\\/2022\\\/02\\\/Buy-Nederhash-Hashish-Online.jpg\",\"width\":600,\"height\":600},{\"@type\":\"BreadcrumbList\",\"@id\":\"https:\\\/\\\/medicinasinc.com\\\/pt\\\/product\\\/comprar-nederhash-haxixe\\\/#breadcrumb\",\"itemListElement\":[{\"@type\":\"ListItem\",\"position\":1,\"name\":\"Comprar\",\"item\":\"https:\\\/\\\/medicinasinc.com\\\/pt\\\/comprar\\\/\"},{\"@type\":\"ListItem\",\"position\":2,\"name\":\"Compre Nederhash Haxixe\"}]},{\"@type\":\"WebSite\",\"@id\":\"https:\\\/\\\/medicinasinc.com\\\/pt\\\/#website\",\"url\":\"https:\\\/\\\/medicinasinc.com\\\/pt\\\/\",\"name\":\"Medicinas Inc\",\"description\":\"Health Medical Clinic\",\"potentialAction\":[{\"@type\":\"SearchAction\",\"target\":{\"@type\":\"EntryPoint\",\"urlTemplate\":\"https:\\\/\\\/medicinasinc.com\\\/pt\\\/?s={search_term_string}\"},\"query-input\":{\"@type\":\"PropertyValueSpecification\",\"valueRequired\":true,\"valueName\":\"search_term_string\"}}],\"inLanguage\":\"pt-PT\"}]}<\/script>\n<!-- \/ Yoast SEO plugin. -->","yoast_head_json":{"title":"Compre Nederhash Hashish - Best Best Global Meds","description":"Compre Nederhash Haxixe online Compre erva medicinal na Alemanha Onde comprar drogas ilegais online Drogas \u00e0 venda online perto de mim Drogas de vendas na Dark web.","robots":{"index":"index","follow":"follow","max-snippet":"max-snippet:-1","max-image-preview":"max-image-preview:large","max-video-preview":"max-video-preview:-1"},"canonical":"https:\/\/medicinasinc.com\/pt\/product\/comprar-nederhash-haxixe\/","og_locale":"pt_PT","og_type":"article","og_title":"Compre Nederhash Hashish - Best Best Global Meds","og_description":"Compre Nederhash Haxixe online Compre erva medicinal na Alemanha Onde comprar drogas ilegais online Drogas \u00e0 venda online perto de mim Drogas de vendas na Dark web.","og_url":"https:\/\/medicinasinc.com\/pt\/product\/comprar-nederhash-haxixe\/","og_site_name":"Medicinas Inc","article_modified_time":"2022-07-05T23:50:29+00:00","og_image":[{"width":600,"height":600,"url":"https:\/\/medicinasinc.com\/pt\/wp-content\/uploads\/sites\/20\/2022\/02\/Buy-Nederhash-Hashish-Online.jpg","type":"image\/jpeg"}],"twitter_card":"summary_large_image","twitter_misc":{"Tempo estimado de leitura":"4 minutos"},"schema":{"@context":"https:\/\/schema.org","@graph":[{"@type":"WebPage","@id":"https:\/\/medicinasinc.com\/pt\/product\/comprar-nederhash-haxixe\/","url":"https:\/\/medicinasinc.com\/pt\/product\/comprar-nederhash-haxixe\/","name":"Compre Nederhash Hashish - Best Best Global Meds","isPartOf":{"@id":"https:\/\/medicinasinc.com\/pt\/#website"},"primaryImageOfPage":{"@id":"https:\/\/medicinasinc.com\/pt\/product\/comprar-nederhash-haxixe\/#primaryimage"},"image":{"@id":"https:\/\/medicinasinc.com\/pt\/product\/comprar-nederhash-haxixe\/#primaryimage"},"thumbnailUrl":"https:\/\/medicinasinc.com\/pt\/wp-content\/uploads\/sites\/20\/2022\/02\/Buy-Nederhash-Hashish-Online.jpg","datePublished":"2022-02-20T15:05:01+00:00","dateModified":"2022-07-05T23:50:29+00:00","description":"Compre Nederhash Haxixe online Compre erva medicinal na Alemanha Onde comprar drogas ilegais online Drogas \u00e0 venda online perto de mim Drogas de vendas na Dark web.","breadcrumb":{"@id":"https:\/\/medicinasinc.com\/pt\/product\/comprar-nederhash-haxixe\/#breadcrumb"},"inLanguage":"pt-PT","potentialAction":[{"@type":"ReadAction","target":["https:\/\/medicinasinc.com\/pt\/product\/comprar-nederhash-haxixe\/"]}]},{"@type":"ImageObject","inLanguage":"pt-PT","@id":"https:\/\/medicinasinc.com\/pt\/product\/comprar-nederhash-haxixe\/#primaryimage","url":"https:\/\/medicinasinc.com\/pt\/wp-content\/uploads\/sites\/20\/2022\/02\/Buy-Nederhash-Hashish-Online.jpg","contentUrl":"https:\/\/medicinasinc.com\/pt\/wp-content\/uploads\/sites\/20\/2022\/02\/Buy-Nederhash-Hashish-Online.jpg","width":600,"height":600},{"@type":"BreadcrumbList","@id":"https:\/\/medicinasinc.com\/pt\/product\/comprar-nederhash-haxixe\/#breadcrumb","itemListElement":[{"@type":"ListItem","position":1,"name":"Comprar","item":"https:\/\/medicinasinc.com\/pt\/comprar\/"},{"@type":"ListItem","position":2,"name":"Compre Nederhash Haxixe"}]},{"@type":"WebSite","@id":"https:\/\/medicinasinc.com\/pt\/#website","url":"https:\/\/medicinasinc.com\/pt\/","name":"Medicinas Inc","description":"Health Medical Clinic","potentialAction":[{"@type":"SearchAction","target":{"@type":"EntryPoint","urlTemplate":"https:\/\/medicinasinc.com\/pt\/?s={search_term_string}"},"query-input":{"@type":"PropertyValueSpecification","valueRequired":true,"valueName":"search_term_string"}}],"inLanguage":"pt-PT"}]}},"_links":{"self":[{"href":"https:\/\/medicinasinc.com\/pt\/wp-json\/wp\/v2\/product\/4716","targetHints":{"allow":["GET"]}}],"collection":[{"href":"https:\/\/medicinasinc.com\/pt\/wp-json\/wp\/v2\/product"}],"about":[{"href":"https:\/\/medicinasinc.com\/pt\/wp-json\/wp\/v2\/types\/product"}],"replies":[{"embeddable":true,"href":"https:\/\/medicinasinc.com\/pt\/wp-json\/wp\/v2\/comments?post=4716"}],"wp:featuredmedia":[{"embeddable":true,"href":"https:\/\/medicinasinc.com\/pt\/wp-json\/wp\/v2\/media\/4728"}],"wp:attachment":[{"href":"https:\/\/medicinasinc.com\/pt\/wp-json\/wp\/v2\/media?parent=4716"}],"wp:term":[{"taxonomy":"product_brand","embeddable":true,"href":"https:\/\/medicinasinc.com\/pt\/wp-json\/wp\/v2\/product_brand?post=4716"},{"taxonomy":"product_cat","embeddable":true,"href":"https:\/\/medicinasinc.com\/pt\/wp-json\/wp\/v2\/product_cat?post=4716"},{"taxonomy":"product_tag","embeddable":true,"href":"https:\/\/medicinasinc.com\/pt\/wp-json\/wp\/v2\/product_tag?post=4716"}],"curies":[{"name":"wp","href":"https:\/\/api.w.org\/{rel}","templated":true}]}}