{"id":4701,"date":"2022-02-20T14:53:39","date_gmt":"2022-02-20T14:53:39","guid":{"rendered":"https:\/\/medicinasinc.com\/pt\/?post_type=product&#038;p=4701"},"modified":"2022-07-05T23:50:42","modified_gmt":"2022-07-05T23:50:42","slug":"comprar-marroquino-caramello-hash","status":"publish","type":"product","link":"https:\/\/medicinasinc.com\/pt\/product\/comprar-marroquino-caramello-hash\/","title":{"rendered":"Compre marroquino Caramello Hash"},"content":{"rendered":"<p>Compre Caramello Hash do Marrocos<\/p>\n<p>Compre Caramello Hash do Marrocos. Marroquino Caramello Hash \u00e9 um clone da planta de haxixe. \u00c9, em geral, legal e permanecer\u00e1 legal at\u00e9 o fim dos tempos. \u00c9 livre de THC, canabin\u00f3ides projetados e outros canabin\u00f3ides sint\u00e9ticos de grau de pesquisa (como JWH-018, JWH-073, JWH-250, AM-2209 e assim por diante). \u00c9 quase certamente o melhor hash legal dispon\u00edvel. Usamos apenas materiais naturais e ricos em nutrientes. Parece que o haxixe se parece com haxixe, parece haxixe, cheira a c\u00e2nhamo e tem um excelente sabor geral. O haxixe marroquino Caramello Hash \u00e9 apenas um pouco mais escuro do que nossos outros produtos. Se voc\u00ea estiver curioso sobre nossos produtos, recomendamos comprar primeiro um pacote de exemplo. Compre medicamentos legais on-line.<\/p>\n","protected":false},"excerpt":{"rendered":"<div class=\"woocommerce-product-details__short-description\">\n<p>Marroquino Caramello Hash est\u00e1 dispon\u00edvel para compra online e cont\u00e9m 5g de \u00f3leo essencial de c\u00e2nhamo. O Marroquino Caramello Hash \u00e9 um produto de cannabis totalmente natural.<\/p>\n<p>S\u00d3 ACEITAMOS PAGAMENTOS VIA WESTERN UNION, MONEY GRAM OU BTC. O prazo de entrega \u00e9 de aproximadamente tr\u00eas dias ou vinte e quatro horas.<\/p>\n<\/p><\/div>\n","protected":false},"featured_media":4714,"comment_status":"open","ping_status":"closed","template":"","meta":[],"product_brand":[],"product_cat":[610],"product_tag":[],"class_list":{"0":"post-4701","1":"product","2":"type-product","3":"status-publish","4":"has-post-thumbnail","6":"product_cat-comprar-haxixe-haxixe","8":"first","9":"instock","10":"shipping-taxable","11":"purchasable","12":"product-type-variable","13":"has-default-attributes"},"yoast_head":"<!-- This site is optimized with the Yoast SEO plugin v27.3 - https:\/\/yoast.com\/product\/yoast-seo-wordpress\/ -->\n<title>Compre marroquino Caramello Hash - Best Best Global Meds<\/title>\n<meta name=\"description\" content=\"Compre Marroquino Caramello Hash Online, cont\u00e9m 5g de \u00f3leo essencial de c\u00e2nhamo. Marroquino Caramello Hash \u00e9 um produto de haxixe 100% natural.\" \/>\n<meta name=\"robots\" content=\"index, follow, max-snippet:-1, max-image-preview:large, max-video-preview:-1\" \/>\n<link rel=\"canonical\" href=\"https:\/\/medicinasinc.com\/pt\/product\/comprar-marroquino-caramello-hash\/\" \/>\n<meta property=\"og:locale\" content=\"pt_PT\" \/>\n<meta property=\"og:type\" content=\"article\" \/>\n<meta property=\"og:title\" content=\"Compre marroquino Caramello Hash - Best Best Global Meds\" \/>\n<meta property=\"og:description\" content=\"Compre Marroquino Caramello Hash Online, cont\u00e9m 5g de \u00f3leo essencial de c\u00e2nhamo. Marroquino Caramello Hash \u00e9 um produto de haxixe 100% natural.\" \/>\n<meta property=\"og:url\" content=\"https:\/\/medicinasinc.com\/pt\/product\/comprar-marroquino-caramello-hash\/\" \/>\n<meta property=\"og:site_name\" content=\"Medicinas Inc\" \/>\n<meta property=\"article:modified_time\" content=\"2022-07-05T23:50:42+00:00\" \/>\n<meta property=\"og:image\" content=\"https:\/\/medicinasinc.com\/pt\/wp-content\/uploads\/sites\/20\/2022\/02\/Buy-Moroccan-Caramello-Hash.jpg\" \/>\n\t<meta property=\"og:image:width\" content=\"600\" \/>\n\t<meta property=\"og:image:height\" content=\"600\" \/>\n\t<meta property=\"og:image:type\" content=\"image\/jpeg\" \/>\n<meta name=\"twitter:card\" content=\"summary_large_image\" \/>\n<meta name=\"twitter:label1\" content=\"Tempo estimado de leitura\" \/>\n\t<meta name=\"twitter:data1\" content=\"1 minuto\" \/>\n<script type=\"application\/ld+json\" class=\"yoast-schema-graph\">{\"@context\":\"https:\\\/\\\/schema.org\",\"@graph\":[{\"@type\":\"WebPage\",\"@id\":\"https:\\\/\\\/medicinasinc.com\\\/pt\\\/product\\\/comprar-marroquino-caramello-hash\\\/\",\"url\":\"https:\\\/\\\/medicinasinc.com\\\/pt\\\/product\\\/comprar-marroquino-caramello-hash\\\/\",\"name\":\"Compre marroquino Caramello Hash - Best Best Global Meds\",\"isPartOf\":{\"@id\":\"https:\\\/\\\/medicinasinc.com\\\/pt\\\/#website\"},\"primaryImageOfPage\":{\"@id\":\"https:\\\/\\\/medicinasinc.com\\\/pt\\\/product\\\/comprar-marroquino-caramello-hash\\\/#primaryimage\"},\"image\":{\"@id\":\"https:\\\/\\\/medicinasinc.com\\\/pt\\\/product\\\/comprar-marroquino-caramello-hash\\\/#primaryimage\"},\"thumbnailUrl\":\"https:\\\/\\\/medicinasinc.com\\\/pt\\\/wp-content\\\/uploads\\\/sites\\\/20\\\/2022\\\/02\\\/Buy-Moroccan-Caramello-Hash.jpg\",\"datePublished\":\"2022-02-20T14:53:39+00:00\",\"dateModified\":\"2022-07-05T23:50:42+00:00\",\"description\":\"Compre Marroquino Caramello Hash Online, cont\u00e9m 5g de \u00f3leo essencial de c\u00e2nhamo. Marroquino Caramello Hash \u00e9 um produto de haxixe 100% natural.\",\"breadcrumb\":{\"@id\":\"https:\\\/\\\/medicinasinc.com\\\/pt\\\/product\\\/comprar-marroquino-caramello-hash\\\/#breadcrumb\"},\"inLanguage\":\"pt-PT\",\"potentialAction\":[{\"@type\":\"ReadAction\",\"target\":[\"https:\\\/\\\/medicinasinc.com\\\/pt\\\/product\\\/comprar-marroquino-caramello-hash\\\/\"]}]},{\"@type\":\"ImageObject\",\"inLanguage\":\"pt-PT\",\"@id\":\"https:\\\/\\\/medicinasinc.com\\\/pt\\\/product\\\/comprar-marroquino-caramello-hash\\\/#primaryimage\",\"url\":\"https:\\\/\\\/medicinasinc.com\\\/pt\\\/wp-content\\\/uploads\\\/sites\\\/20\\\/2022\\\/02\\\/Buy-Moroccan-Caramello-Hash.jpg\",\"contentUrl\":\"https:\\\/\\\/medicinasinc.com\\\/pt\\\/wp-content\\\/uploads\\\/sites\\\/20\\\/2022\\\/02\\\/Buy-Moroccan-Caramello-Hash.jpg\",\"width\":600,\"height\":600},{\"@type\":\"BreadcrumbList\",\"@id\":\"https:\\\/\\\/medicinasinc.com\\\/pt\\\/product\\\/comprar-marroquino-caramello-hash\\\/#breadcrumb\",\"itemListElement\":[{\"@type\":\"ListItem\",\"position\":1,\"name\":\"Comprar\",\"item\":\"https:\\\/\\\/medicinasinc.com\\\/pt\\\/comprar\\\/\"},{\"@type\":\"ListItem\",\"position\":2,\"name\":\"Compre marroquino Caramello Hash\"}]},{\"@type\":\"WebSite\",\"@id\":\"https:\\\/\\\/medicinasinc.com\\\/pt\\\/#website\",\"url\":\"https:\\\/\\\/medicinasinc.com\\\/pt\\\/\",\"name\":\"Medicinas Inc\",\"description\":\"Health Medical Clinic\",\"potentialAction\":[{\"@type\":\"SearchAction\",\"target\":{\"@type\":\"EntryPoint\",\"urlTemplate\":\"https:\\\/\\\/medicinasinc.com\\\/pt\\\/?s={search_term_string}\"},\"query-input\":{\"@type\":\"PropertyValueSpecification\",\"valueRequired\":true,\"valueName\":\"search_term_string\"}}],\"inLanguage\":\"pt-PT\"}]}<\/script>\n<!-- \/ Yoast SEO plugin. -->","yoast_head_json":{"title":"Compre marroquino Caramello Hash - Best Best Global Meds","description":"Compre Marroquino Caramello Hash Online, cont\u00e9m 5g de \u00f3leo essencial de c\u00e2nhamo. Marroquino Caramello Hash \u00e9 um produto de haxixe 100% natural.","robots":{"index":"index","follow":"follow","max-snippet":"max-snippet:-1","max-image-preview":"max-image-preview:large","max-video-preview":"max-video-preview:-1"},"canonical":"https:\/\/medicinasinc.com\/pt\/product\/comprar-marroquino-caramello-hash\/","og_locale":"pt_PT","og_type":"article","og_title":"Compre marroquino Caramello Hash - Best Best Global Meds","og_description":"Compre Marroquino Caramello Hash Online, cont\u00e9m 5g de \u00f3leo essencial de c\u00e2nhamo. Marroquino Caramello Hash \u00e9 um produto de haxixe 100% natural.","og_url":"https:\/\/medicinasinc.com\/pt\/product\/comprar-marroquino-caramello-hash\/","og_site_name":"Medicinas Inc","article_modified_time":"2022-07-05T23:50:42+00:00","og_image":[{"width":600,"height":600,"url":"https:\/\/medicinasinc.com\/pt\/wp-content\/uploads\/sites\/20\/2022\/02\/Buy-Moroccan-Caramello-Hash.jpg","type":"image\/jpeg"}],"twitter_card":"summary_large_image","twitter_misc":{"Tempo estimado de leitura":"1 minuto"},"schema":{"@context":"https:\/\/schema.org","@graph":[{"@type":"WebPage","@id":"https:\/\/medicinasinc.com\/pt\/product\/comprar-marroquino-caramello-hash\/","url":"https:\/\/medicinasinc.com\/pt\/product\/comprar-marroquino-caramello-hash\/","name":"Compre marroquino Caramello Hash - Best Best Global Meds","isPartOf":{"@id":"https:\/\/medicinasinc.com\/pt\/#website"},"primaryImageOfPage":{"@id":"https:\/\/medicinasinc.com\/pt\/product\/comprar-marroquino-caramello-hash\/#primaryimage"},"image":{"@id":"https:\/\/medicinasinc.com\/pt\/product\/comprar-marroquino-caramello-hash\/#primaryimage"},"thumbnailUrl":"https:\/\/medicinasinc.com\/pt\/wp-content\/uploads\/sites\/20\/2022\/02\/Buy-Moroccan-Caramello-Hash.jpg","datePublished":"2022-02-20T14:53:39+00:00","dateModified":"2022-07-05T23:50:42+00:00","description":"Compre Marroquino Caramello Hash Online, cont\u00e9m 5g de \u00f3leo essencial de c\u00e2nhamo. Marroquino Caramello Hash \u00e9 um produto de haxixe 100% natural.","breadcrumb":{"@id":"https:\/\/medicinasinc.com\/pt\/product\/comprar-marroquino-caramello-hash\/#breadcrumb"},"inLanguage":"pt-PT","potentialAction":[{"@type":"ReadAction","target":["https:\/\/medicinasinc.com\/pt\/product\/comprar-marroquino-caramello-hash\/"]}]},{"@type":"ImageObject","inLanguage":"pt-PT","@id":"https:\/\/medicinasinc.com\/pt\/product\/comprar-marroquino-caramello-hash\/#primaryimage","url":"https:\/\/medicinasinc.com\/pt\/wp-content\/uploads\/sites\/20\/2022\/02\/Buy-Moroccan-Caramello-Hash.jpg","contentUrl":"https:\/\/medicinasinc.com\/pt\/wp-content\/uploads\/sites\/20\/2022\/02\/Buy-Moroccan-Caramello-Hash.jpg","width":600,"height":600},{"@type":"BreadcrumbList","@id":"https:\/\/medicinasinc.com\/pt\/product\/comprar-marroquino-caramello-hash\/#breadcrumb","itemListElement":[{"@type":"ListItem","position":1,"name":"Comprar","item":"https:\/\/medicinasinc.com\/pt\/comprar\/"},{"@type":"ListItem","position":2,"name":"Compre marroquino Caramello Hash"}]},{"@type":"WebSite","@id":"https:\/\/medicinasinc.com\/pt\/#website","url":"https:\/\/medicinasinc.com\/pt\/","name":"Medicinas Inc","description":"Health Medical Clinic","potentialAction":[{"@type":"SearchAction","target":{"@type":"EntryPoint","urlTemplate":"https:\/\/medicinasinc.com\/pt\/?s={search_term_string}"},"query-input":{"@type":"PropertyValueSpecification","valueRequired":true,"valueName":"search_term_string"}}],"inLanguage":"pt-PT"}]}},"_links":{"self":[{"href":"https:\/\/medicinasinc.com\/pt\/wp-json\/wp\/v2\/product\/4701","targetHints":{"allow":["GET"]}}],"collection":[{"href":"https:\/\/medicinasinc.com\/pt\/wp-json\/wp\/v2\/product"}],"about":[{"href":"https:\/\/medicinasinc.com\/pt\/wp-json\/wp\/v2\/types\/product"}],"replies":[{"embeddable":true,"href":"https:\/\/medicinasinc.com\/pt\/wp-json\/wp\/v2\/comments?post=4701"}],"wp:featuredmedia":[{"embeddable":true,"href":"https:\/\/medicinasinc.com\/pt\/wp-json\/wp\/v2\/media\/4714"}],"wp:attachment":[{"href":"https:\/\/medicinasinc.com\/pt\/wp-json\/wp\/v2\/media?parent=4701"}],"wp:term":[{"taxonomy":"product_brand","embeddable":true,"href":"https:\/\/medicinasinc.com\/pt\/wp-json\/wp\/v2\/product_brand?post=4701"},{"taxonomy":"product_cat","embeddable":true,"href":"https:\/\/medicinasinc.com\/pt\/wp-json\/wp\/v2\/product_cat?post=4701"},{"taxonomy":"product_tag","embeddable":true,"href":"https:\/\/medicinasinc.com\/pt\/wp-json\/wp\/v2\/product_tag?post=4701"}],"curies":[{"name":"wp","href":"https:\/\/api.w.org\/{rel}","templated":true}]}}