{"id":4685,"date":"2022-02-20T14:41:24","date_gmt":"2022-02-20T14:41:24","guid":{"rendered":"https:\/\/medicinasinc.com\/pt\/?post_type=product&#038;p=4685"},"modified":"2022-07-05T23:51:09","modified_gmt":"2022-07-05T23:51:09","slug":"compre-iso-hash-online","status":"publish","type":"product","link":"https:\/\/medicinasinc.com\/pt\/product\/compre-iso-hash-online\/","title":{"rendered":"Compre Iso Hash Online"},"content":{"rendered":"<p>Compra on-line de iso hash<\/p>\n<p>O iso hash pode ser adquirido on-line.<\/p>\n<p>O iso hash \u00e9 obtido atrav\u00e9s da extra\u00e7\u00e3o de licor isoprop\u00edlico. QWISO \u00e9 um acr\u00f4nimo para hash de \u00e1lcool isoprop\u00edlico de lavagem r\u00e1pida, um m\u00e9todo bem conhecido para produzir hash de \u00e1lcool isoprop\u00edlico. Utilizar licor como um sol\u00favel \u00e9 extremamente desleixado; no entanto, o sabor \u00e9 inferior ao de outros solventes\/t\u00e9cnicas. O item depende do tipo de cannabis e sua extra\u00e7\u00e3o. Excelente QWISO \u00e9 frequentemente l\u00edmpido e amarelo na apar\u00eancia, semelhante a uma quebra, com uma superf\u00edcie flex\u00edvel. O hash iso de baixa qualidade geralmente \u00e9 verde (da clorofila da planta) ou escuro, com uma superf\u00edcie pegajosa.<\/p>\n","protected":false},"excerpt":{"rendered":"<div class=\"woocommerce-product-details__short-description\">\n<p>Comprar Iso hash \u00e9 o produto de uma extra\u00e7\u00e3o de \u00e1lcool isoprop\u00edlico. QWISO \u00e9 um acr\u00f4nimo para hash de \u00e1lcool isoprop\u00edlico de lavagem r\u00e1pida.<\/p>\n<\/p><\/div>\n","protected":false},"featured_media":4698,"comment_status":"open","ping_status":"closed","template":"","meta":[],"product_brand":[],"product_cat":[610],"product_tag":[],"class_list":{"0":"post-4685","1":"product","2":"type-product","3":"status-publish","4":"has-post-thumbnail","6":"product_cat-comprar-haxixe-haxixe","8":"first","9":"instock","10":"shipping-taxable","11":"purchasable","12":"product-type-variable","13":"has-default-attributes"},"yoast_head":"<!-- This site is optimized with the Yoast SEO plugin v27.3 - https:\/\/yoast.com\/product\/yoast-seo-wordpress\/ -->\n<title>Compre Iso Hash Online - Melhores Melhores Medicamentos Globais<\/title>\n<meta name=\"description\" content=\"Comprar Iso hash \u00e9 o produto de uma extra\u00e7\u00e3o de \u00e1lcool isoprop\u00edlico. QWISO \u00e9 um acr\u00f4nimo para hash de \u00e1lcool isoprop\u00edlico de lavagem r\u00e1pida.\" \/>\n<meta name=\"robots\" content=\"index, follow, max-snippet:-1, max-image-preview:large, max-video-preview:-1\" \/>\n<link rel=\"canonical\" href=\"https:\/\/medicinasinc.com\/pt\/product\/compre-iso-hash-online\/\" \/>\n<meta property=\"og:locale\" content=\"pt_PT\" \/>\n<meta property=\"og:type\" content=\"article\" \/>\n<meta property=\"og:title\" content=\"Compre Iso Hash Online - Melhores Melhores Medicamentos Globais\" \/>\n<meta property=\"og:description\" content=\"Comprar Iso hash \u00e9 o produto de uma extra\u00e7\u00e3o de \u00e1lcool isoprop\u00edlico. QWISO \u00e9 um acr\u00f4nimo para hash de \u00e1lcool isoprop\u00edlico de lavagem r\u00e1pida.\" \/>\n<meta property=\"og:url\" content=\"https:\/\/medicinasinc.com\/pt\/product\/compre-iso-hash-online\/\" \/>\n<meta property=\"og:site_name\" content=\"Medicinas Inc\" \/>\n<meta property=\"article:modified_time\" content=\"2022-07-05T23:51:09+00:00\" \/>\n<meta property=\"og:image\" content=\"https:\/\/medicinasinc.com\/pt\/wp-content\/uploads\/sites\/20\/2022\/02\/Buy-Iso-hash-online.jpg\" \/>\n\t<meta property=\"og:image:width\" content=\"600\" \/>\n\t<meta property=\"og:image:height\" content=\"600\" \/>\n\t<meta property=\"og:image:type\" content=\"image\/jpeg\" \/>\n<meta name=\"twitter:card\" content=\"summary_large_image\" \/>\n<meta name=\"twitter:label1\" content=\"Tempo estimado de leitura\" \/>\n\t<meta name=\"twitter:data1\" content=\"1 minuto\" \/>\n<script type=\"application\/ld+json\" class=\"yoast-schema-graph\">{\"@context\":\"https:\\\/\\\/schema.org\",\"@graph\":[{\"@type\":\"WebPage\",\"@id\":\"https:\\\/\\\/medicinasinc.com\\\/pt\\\/product\\\/compre-iso-hash-online\\\/\",\"url\":\"https:\\\/\\\/medicinasinc.com\\\/pt\\\/product\\\/compre-iso-hash-online\\\/\",\"name\":\"Compre Iso Hash Online - Melhores Melhores Medicamentos Globais\",\"isPartOf\":{\"@id\":\"https:\\\/\\\/medicinasinc.com\\\/pt\\\/#website\"},\"primaryImageOfPage\":{\"@id\":\"https:\\\/\\\/medicinasinc.com\\\/pt\\\/product\\\/compre-iso-hash-online\\\/#primaryimage\"},\"image\":{\"@id\":\"https:\\\/\\\/medicinasinc.com\\\/pt\\\/product\\\/compre-iso-hash-online\\\/#primaryimage\"},\"thumbnailUrl\":\"https:\\\/\\\/medicinasinc.com\\\/pt\\\/wp-content\\\/uploads\\\/sites\\\/20\\\/2022\\\/02\\\/Buy-Iso-hash-online.jpg\",\"datePublished\":\"2022-02-20T14:41:24+00:00\",\"dateModified\":\"2022-07-05T23:51:09+00:00\",\"description\":\"Comprar Iso hash \u00e9 o produto de uma extra\u00e7\u00e3o de \u00e1lcool isoprop\u00edlico. QWISO \u00e9 um acr\u00f4nimo para hash de \u00e1lcool isoprop\u00edlico de lavagem r\u00e1pida.\",\"breadcrumb\":{\"@id\":\"https:\\\/\\\/medicinasinc.com\\\/pt\\\/product\\\/compre-iso-hash-online\\\/#breadcrumb\"},\"inLanguage\":\"pt-PT\",\"potentialAction\":[{\"@type\":\"ReadAction\",\"target\":[\"https:\\\/\\\/medicinasinc.com\\\/pt\\\/product\\\/compre-iso-hash-online\\\/\"]}]},{\"@type\":\"ImageObject\",\"inLanguage\":\"pt-PT\",\"@id\":\"https:\\\/\\\/medicinasinc.com\\\/pt\\\/product\\\/compre-iso-hash-online\\\/#primaryimage\",\"url\":\"https:\\\/\\\/medicinasinc.com\\\/pt\\\/wp-content\\\/uploads\\\/sites\\\/20\\\/2022\\\/02\\\/Buy-Iso-hash-online.jpg\",\"contentUrl\":\"https:\\\/\\\/medicinasinc.com\\\/pt\\\/wp-content\\\/uploads\\\/sites\\\/20\\\/2022\\\/02\\\/Buy-Iso-hash-online.jpg\",\"width\":600,\"height\":600},{\"@type\":\"BreadcrumbList\",\"@id\":\"https:\\\/\\\/medicinasinc.com\\\/pt\\\/product\\\/compre-iso-hash-online\\\/#breadcrumb\",\"itemListElement\":[{\"@type\":\"ListItem\",\"position\":1,\"name\":\"Comprar\",\"item\":\"https:\\\/\\\/medicinasinc.com\\\/pt\\\/comprar\\\/\"},{\"@type\":\"ListItem\",\"position\":2,\"name\":\"Compre Iso Hash Online\"}]},{\"@type\":\"WebSite\",\"@id\":\"https:\\\/\\\/medicinasinc.com\\\/pt\\\/#website\",\"url\":\"https:\\\/\\\/medicinasinc.com\\\/pt\\\/\",\"name\":\"Medicinas Inc\",\"description\":\"Health Medical Clinic\",\"potentialAction\":[{\"@type\":\"SearchAction\",\"target\":{\"@type\":\"EntryPoint\",\"urlTemplate\":\"https:\\\/\\\/medicinasinc.com\\\/pt\\\/?s={search_term_string}\"},\"query-input\":{\"@type\":\"PropertyValueSpecification\",\"valueRequired\":true,\"valueName\":\"search_term_string\"}}],\"inLanguage\":\"pt-PT\"}]}<\/script>\n<!-- \/ Yoast SEO plugin. -->","yoast_head_json":{"title":"Compre Iso Hash Online - Melhores Melhores Medicamentos Globais","description":"Comprar Iso hash \u00e9 o produto de uma extra\u00e7\u00e3o de \u00e1lcool isoprop\u00edlico. QWISO \u00e9 um acr\u00f4nimo para hash de \u00e1lcool isoprop\u00edlico de lavagem r\u00e1pida.","robots":{"index":"index","follow":"follow","max-snippet":"max-snippet:-1","max-image-preview":"max-image-preview:large","max-video-preview":"max-video-preview:-1"},"canonical":"https:\/\/medicinasinc.com\/pt\/product\/compre-iso-hash-online\/","og_locale":"pt_PT","og_type":"article","og_title":"Compre Iso Hash Online - Melhores Melhores Medicamentos Globais","og_description":"Comprar Iso hash \u00e9 o produto de uma extra\u00e7\u00e3o de \u00e1lcool isoprop\u00edlico. QWISO \u00e9 um acr\u00f4nimo para hash de \u00e1lcool isoprop\u00edlico de lavagem r\u00e1pida.","og_url":"https:\/\/medicinasinc.com\/pt\/product\/compre-iso-hash-online\/","og_site_name":"Medicinas Inc","article_modified_time":"2022-07-05T23:51:09+00:00","og_image":[{"width":600,"height":600,"url":"https:\/\/medicinasinc.com\/pt\/wp-content\/uploads\/sites\/20\/2022\/02\/Buy-Iso-hash-online.jpg","type":"image\/jpeg"}],"twitter_card":"summary_large_image","twitter_misc":{"Tempo estimado de leitura":"1 minuto"},"schema":{"@context":"https:\/\/schema.org","@graph":[{"@type":"WebPage","@id":"https:\/\/medicinasinc.com\/pt\/product\/compre-iso-hash-online\/","url":"https:\/\/medicinasinc.com\/pt\/product\/compre-iso-hash-online\/","name":"Compre Iso Hash Online - Melhores Melhores Medicamentos Globais","isPartOf":{"@id":"https:\/\/medicinasinc.com\/pt\/#website"},"primaryImageOfPage":{"@id":"https:\/\/medicinasinc.com\/pt\/product\/compre-iso-hash-online\/#primaryimage"},"image":{"@id":"https:\/\/medicinasinc.com\/pt\/product\/compre-iso-hash-online\/#primaryimage"},"thumbnailUrl":"https:\/\/medicinasinc.com\/pt\/wp-content\/uploads\/sites\/20\/2022\/02\/Buy-Iso-hash-online.jpg","datePublished":"2022-02-20T14:41:24+00:00","dateModified":"2022-07-05T23:51:09+00:00","description":"Comprar Iso hash \u00e9 o produto de uma extra\u00e7\u00e3o de \u00e1lcool isoprop\u00edlico. QWISO \u00e9 um acr\u00f4nimo para hash de \u00e1lcool isoprop\u00edlico de lavagem r\u00e1pida.","breadcrumb":{"@id":"https:\/\/medicinasinc.com\/pt\/product\/compre-iso-hash-online\/#breadcrumb"},"inLanguage":"pt-PT","potentialAction":[{"@type":"ReadAction","target":["https:\/\/medicinasinc.com\/pt\/product\/compre-iso-hash-online\/"]}]},{"@type":"ImageObject","inLanguage":"pt-PT","@id":"https:\/\/medicinasinc.com\/pt\/product\/compre-iso-hash-online\/#primaryimage","url":"https:\/\/medicinasinc.com\/pt\/wp-content\/uploads\/sites\/20\/2022\/02\/Buy-Iso-hash-online.jpg","contentUrl":"https:\/\/medicinasinc.com\/pt\/wp-content\/uploads\/sites\/20\/2022\/02\/Buy-Iso-hash-online.jpg","width":600,"height":600},{"@type":"BreadcrumbList","@id":"https:\/\/medicinasinc.com\/pt\/product\/compre-iso-hash-online\/#breadcrumb","itemListElement":[{"@type":"ListItem","position":1,"name":"Comprar","item":"https:\/\/medicinasinc.com\/pt\/comprar\/"},{"@type":"ListItem","position":2,"name":"Compre Iso Hash Online"}]},{"@type":"WebSite","@id":"https:\/\/medicinasinc.com\/pt\/#website","url":"https:\/\/medicinasinc.com\/pt\/","name":"Medicinas Inc","description":"Health Medical Clinic","potentialAction":[{"@type":"SearchAction","target":{"@type":"EntryPoint","urlTemplate":"https:\/\/medicinasinc.com\/pt\/?s={search_term_string}"},"query-input":{"@type":"PropertyValueSpecification","valueRequired":true,"valueName":"search_term_string"}}],"inLanguage":"pt-PT"}]}},"_links":{"self":[{"href":"https:\/\/medicinasinc.com\/pt\/wp-json\/wp\/v2\/product\/4685","targetHints":{"allow":["GET"]}}],"collection":[{"href":"https:\/\/medicinasinc.com\/pt\/wp-json\/wp\/v2\/product"}],"about":[{"href":"https:\/\/medicinasinc.com\/pt\/wp-json\/wp\/v2\/types\/product"}],"replies":[{"embeddable":true,"href":"https:\/\/medicinasinc.com\/pt\/wp-json\/wp\/v2\/comments?post=4685"}],"wp:featuredmedia":[{"embeddable":true,"href":"https:\/\/medicinasinc.com\/pt\/wp-json\/wp\/v2\/media\/4698"}],"wp:attachment":[{"href":"https:\/\/medicinasinc.com\/pt\/wp-json\/wp\/v2\/media?parent=4685"}],"wp:term":[{"taxonomy":"product_brand","embeddable":true,"href":"https:\/\/medicinasinc.com\/pt\/wp-json\/wp\/v2\/product_brand?post=4685"},{"taxonomy":"product_cat","embeddable":true,"href":"https:\/\/medicinasinc.com\/pt\/wp-json\/wp\/v2\/product_cat?post=4685"},{"taxonomy":"product_tag","embeddable":true,"href":"https:\/\/medicinasinc.com\/pt\/wp-json\/wp\/v2\/product_tag?post=4685"}],"curies":[{"name":"wp","href":"https:\/\/api.w.org\/{rel}","templated":true}]}}