{"id":4684,"date":"2022-02-20T14:40:34","date_gmt":"2022-02-20T14:40:34","guid":{"rendered":"https:\/\/medicinasinc.com\/pt\/?post_type=product&#038;p=4684"},"modified":"2022-07-05T23:51:25","modified_gmt":"2022-07-05T23:51:25","slug":"comprar-mercedez-libano-hash","status":"publish","type":"product","link":"https:\/\/medicinasinc.com\/pt\/product\/comprar-mercedez-libano-hash\/","title":{"rendered":"Compre Mercedez L\u00edbano Hash"},"content":{"rendered":"<p>O haxixe \u00e9 usado h\u00e1 milhares de anos, desde que os humanos descobriram o estranho subproduto pegajoso da planta de cannabis. O hash geralmente tem cerca de 40% de THC e pode ser defumado ou usado na culin\u00e1ria\/comest\u00edveis. Para alguns entusiastas da cannabis, o rico aroma arom\u00e1tico e o sabor do haxixe o tornam um deleite \u00fanico. \u00c9 conveniente para armazenar, transportar e usar. Na d\u00e9cada de 1980, o haxixe era exportado de v\u00e1rias \u00e1reas de produ\u00e7\u00e3o importantes (Nepal, \u00cdndia, Paquist\u00e3o e Afeganist\u00e3o) com um selo exclusivo gravado em cada bloco, e era frequentemente embrulhado em embalagens vermelhas ou douradas antes da exporta\u00e7\u00e3o.<\/p>\n","protected":false},"excerpt":{"rendered":"<p>Mercedes Libanese Hash \u00e0 venda no Reino Unido e na Europa \u00e9 levemente arom\u00e1tico, com notas de especiarias e um perfil de sabor terroso. Tem uma consist\u00eancia muito male\u00e1vel e macia.<\/p>\n<p>O Black Mercedes \u00e9 um haxixe importado do L\u00edbano. Tem um exterior castanho escuro e um interior castanho mais claro e um perfil de sabor levemente arom\u00e1tico com notas de especiarias e um perfil de sabor terroso. Tem uma consist\u00eancia macia e male\u00e1vel que o torna extremamente f\u00e1cil de trabalhar, ainda mais quando aquecido.<\/p>\n","protected":false},"featured_media":4696,"comment_status":"open","ping_status":"closed","template":"","meta":[],"product_brand":[],"product_cat":[610],"product_tag":[],"class_list":{"0":"post-4684","1":"product","2":"type-product","3":"status-publish","4":"has-post-thumbnail","6":"product_cat-comprar-haxixe-haxixe","8":"first","9":"instock","10":"shipping-taxable","11":"purchasable","12":"product-type-variable","13":"has-default-attributes"},"yoast_head":"<!-- This site is optimized with the Yoast SEO plugin v27.3 - https:\/\/yoast.com\/product\/yoast-seo-wordpress\/ -->\n<title>Compre Mercedez Lebanon Hash - Best Best Global Meds<\/title>\n<meta name=\"description\" content=\"Compre Mercedes Lebanese Hash UK, a Europa \u00e9 levemente arom\u00e1tica, com notas de especiarias e um perfil de sabor terroso. Tem uma consist\u00eancia bastante macia e male\u00e1vel.\" \/>\n<meta name=\"robots\" content=\"index, follow, max-snippet:-1, max-image-preview:large, max-video-preview:-1\" \/>\n<link rel=\"canonical\" href=\"https:\/\/medicinasinc.com\/pt\/product\/comprar-mercedez-libano-hash\/\" \/>\n<meta property=\"og:locale\" content=\"pt_PT\" \/>\n<meta property=\"og:type\" content=\"article\" \/>\n<meta property=\"og:title\" content=\"Compre Mercedez Lebanon Hash - Best Best Global Meds\" \/>\n<meta property=\"og:description\" content=\"Compre Mercedes Lebanese Hash UK, a Europa \u00e9 levemente arom\u00e1tica, com notas de especiarias e um perfil de sabor terroso. Tem uma consist\u00eancia bastante macia e male\u00e1vel.\" \/>\n<meta property=\"og:url\" content=\"https:\/\/medicinasinc.com\/pt\/product\/comprar-mercedez-libano-hash\/\" \/>\n<meta property=\"og:site_name\" content=\"Medicinas Inc\" \/>\n<meta property=\"article:modified_time\" content=\"2022-07-05T23:51:25+00:00\" \/>\n<meta property=\"og:image\" content=\"https:\/\/medicinasinc.com\/pt\/wp-content\/uploads\/sites\/20\/2022\/02\/Buy-Mercedez-Lebanon-Hash.jpg\" \/>\n\t<meta property=\"og:image:width\" content=\"600\" \/>\n\t<meta property=\"og:image:height\" content=\"600\" \/>\n\t<meta property=\"og:image:type\" content=\"image\/jpeg\" \/>\n<meta name=\"twitter:card\" content=\"summary_large_image\" \/>\n<meta name=\"twitter:label1\" content=\"Tempo estimado de leitura\" \/>\n\t<meta name=\"twitter:data1\" content=\"1 minuto\" \/>\n<script type=\"application\/ld+json\" class=\"yoast-schema-graph\">{\"@context\":\"https:\\\/\\\/schema.org\",\"@graph\":[{\"@type\":\"WebPage\",\"@id\":\"https:\\\/\\\/medicinasinc.com\\\/pt\\\/product\\\/comprar-mercedez-libano-hash\\\/\",\"url\":\"https:\\\/\\\/medicinasinc.com\\\/pt\\\/product\\\/comprar-mercedez-libano-hash\\\/\",\"name\":\"Compre Mercedez Lebanon Hash - Best Best Global Meds\",\"isPartOf\":{\"@id\":\"https:\\\/\\\/medicinasinc.com\\\/pt\\\/#website\"},\"primaryImageOfPage\":{\"@id\":\"https:\\\/\\\/medicinasinc.com\\\/pt\\\/product\\\/comprar-mercedez-libano-hash\\\/#primaryimage\"},\"image\":{\"@id\":\"https:\\\/\\\/medicinasinc.com\\\/pt\\\/product\\\/comprar-mercedez-libano-hash\\\/#primaryimage\"},\"thumbnailUrl\":\"https:\\\/\\\/medicinasinc.com\\\/pt\\\/wp-content\\\/uploads\\\/sites\\\/20\\\/2022\\\/02\\\/Buy-Mercedez-Lebanon-Hash.jpg\",\"datePublished\":\"2022-02-20T14:40:34+00:00\",\"dateModified\":\"2022-07-05T23:51:25+00:00\",\"description\":\"Compre Mercedes Lebanese Hash UK, a Europa \u00e9 levemente arom\u00e1tica, com notas de especiarias e um perfil de sabor terroso. Tem uma consist\u00eancia bastante macia e male\u00e1vel.\",\"breadcrumb\":{\"@id\":\"https:\\\/\\\/medicinasinc.com\\\/pt\\\/product\\\/comprar-mercedez-libano-hash\\\/#breadcrumb\"},\"inLanguage\":\"pt-PT\",\"potentialAction\":[{\"@type\":\"ReadAction\",\"target\":[\"https:\\\/\\\/medicinasinc.com\\\/pt\\\/product\\\/comprar-mercedez-libano-hash\\\/\"]}]},{\"@type\":\"ImageObject\",\"inLanguage\":\"pt-PT\",\"@id\":\"https:\\\/\\\/medicinasinc.com\\\/pt\\\/product\\\/comprar-mercedez-libano-hash\\\/#primaryimage\",\"url\":\"https:\\\/\\\/medicinasinc.com\\\/pt\\\/wp-content\\\/uploads\\\/sites\\\/20\\\/2022\\\/02\\\/Buy-Mercedez-Lebanon-Hash.jpg\",\"contentUrl\":\"https:\\\/\\\/medicinasinc.com\\\/pt\\\/wp-content\\\/uploads\\\/sites\\\/20\\\/2022\\\/02\\\/Buy-Mercedez-Lebanon-Hash.jpg\",\"width\":600,\"height\":600},{\"@type\":\"BreadcrumbList\",\"@id\":\"https:\\\/\\\/medicinasinc.com\\\/pt\\\/product\\\/comprar-mercedez-libano-hash\\\/#breadcrumb\",\"itemListElement\":[{\"@type\":\"ListItem\",\"position\":1,\"name\":\"Comprar\",\"item\":\"https:\\\/\\\/medicinasinc.com\\\/pt\\\/comprar\\\/\"},{\"@type\":\"ListItem\",\"position\":2,\"name\":\"Compre Mercedez L\u00edbano Hash\"}]},{\"@type\":\"WebSite\",\"@id\":\"https:\\\/\\\/medicinasinc.com\\\/pt\\\/#website\",\"url\":\"https:\\\/\\\/medicinasinc.com\\\/pt\\\/\",\"name\":\"Medicinas Inc\",\"description\":\"Health Medical Clinic\",\"potentialAction\":[{\"@type\":\"SearchAction\",\"target\":{\"@type\":\"EntryPoint\",\"urlTemplate\":\"https:\\\/\\\/medicinasinc.com\\\/pt\\\/?s={search_term_string}\"},\"query-input\":{\"@type\":\"PropertyValueSpecification\",\"valueRequired\":true,\"valueName\":\"search_term_string\"}}],\"inLanguage\":\"pt-PT\"}]}<\/script>\n<!-- \/ Yoast SEO plugin. -->","yoast_head_json":{"title":"Compre Mercedez Lebanon Hash - Best Best Global Meds","description":"Compre Mercedes Lebanese Hash UK, a Europa \u00e9 levemente arom\u00e1tica, com notas de especiarias e um perfil de sabor terroso. Tem uma consist\u00eancia bastante macia e male\u00e1vel.","robots":{"index":"index","follow":"follow","max-snippet":"max-snippet:-1","max-image-preview":"max-image-preview:large","max-video-preview":"max-video-preview:-1"},"canonical":"https:\/\/medicinasinc.com\/pt\/product\/comprar-mercedez-libano-hash\/","og_locale":"pt_PT","og_type":"article","og_title":"Compre Mercedez Lebanon Hash - Best Best Global Meds","og_description":"Compre Mercedes Lebanese Hash UK, a Europa \u00e9 levemente arom\u00e1tica, com notas de especiarias e um perfil de sabor terroso. Tem uma consist\u00eancia bastante macia e male\u00e1vel.","og_url":"https:\/\/medicinasinc.com\/pt\/product\/comprar-mercedez-libano-hash\/","og_site_name":"Medicinas Inc","article_modified_time":"2022-07-05T23:51:25+00:00","og_image":[{"width":600,"height":600,"url":"https:\/\/medicinasinc.com\/pt\/wp-content\/uploads\/sites\/20\/2022\/02\/Buy-Mercedez-Lebanon-Hash.jpg","type":"image\/jpeg"}],"twitter_card":"summary_large_image","twitter_misc":{"Tempo estimado de leitura":"1 minuto"},"schema":{"@context":"https:\/\/schema.org","@graph":[{"@type":"WebPage","@id":"https:\/\/medicinasinc.com\/pt\/product\/comprar-mercedez-libano-hash\/","url":"https:\/\/medicinasinc.com\/pt\/product\/comprar-mercedez-libano-hash\/","name":"Compre Mercedez Lebanon Hash - Best Best Global Meds","isPartOf":{"@id":"https:\/\/medicinasinc.com\/pt\/#website"},"primaryImageOfPage":{"@id":"https:\/\/medicinasinc.com\/pt\/product\/comprar-mercedez-libano-hash\/#primaryimage"},"image":{"@id":"https:\/\/medicinasinc.com\/pt\/product\/comprar-mercedez-libano-hash\/#primaryimage"},"thumbnailUrl":"https:\/\/medicinasinc.com\/pt\/wp-content\/uploads\/sites\/20\/2022\/02\/Buy-Mercedez-Lebanon-Hash.jpg","datePublished":"2022-02-20T14:40:34+00:00","dateModified":"2022-07-05T23:51:25+00:00","description":"Compre Mercedes Lebanese Hash UK, a Europa \u00e9 levemente arom\u00e1tica, com notas de especiarias e um perfil de sabor terroso. Tem uma consist\u00eancia bastante macia e male\u00e1vel.","breadcrumb":{"@id":"https:\/\/medicinasinc.com\/pt\/product\/comprar-mercedez-libano-hash\/#breadcrumb"},"inLanguage":"pt-PT","potentialAction":[{"@type":"ReadAction","target":["https:\/\/medicinasinc.com\/pt\/product\/comprar-mercedez-libano-hash\/"]}]},{"@type":"ImageObject","inLanguage":"pt-PT","@id":"https:\/\/medicinasinc.com\/pt\/product\/comprar-mercedez-libano-hash\/#primaryimage","url":"https:\/\/medicinasinc.com\/pt\/wp-content\/uploads\/sites\/20\/2022\/02\/Buy-Mercedez-Lebanon-Hash.jpg","contentUrl":"https:\/\/medicinasinc.com\/pt\/wp-content\/uploads\/sites\/20\/2022\/02\/Buy-Mercedez-Lebanon-Hash.jpg","width":600,"height":600},{"@type":"BreadcrumbList","@id":"https:\/\/medicinasinc.com\/pt\/product\/comprar-mercedez-libano-hash\/#breadcrumb","itemListElement":[{"@type":"ListItem","position":1,"name":"Comprar","item":"https:\/\/medicinasinc.com\/pt\/comprar\/"},{"@type":"ListItem","position":2,"name":"Compre Mercedez L\u00edbano Hash"}]},{"@type":"WebSite","@id":"https:\/\/medicinasinc.com\/pt\/#website","url":"https:\/\/medicinasinc.com\/pt\/","name":"Medicinas Inc","description":"Health Medical Clinic","potentialAction":[{"@type":"SearchAction","target":{"@type":"EntryPoint","urlTemplate":"https:\/\/medicinasinc.com\/pt\/?s={search_term_string}"},"query-input":{"@type":"PropertyValueSpecification","valueRequired":true,"valueName":"search_term_string"}}],"inLanguage":"pt-PT"}]}},"_links":{"self":[{"href":"https:\/\/medicinasinc.com\/pt\/wp-json\/wp\/v2\/product\/4684","targetHints":{"allow":["GET"]}}],"collection":[{"href":"https:\/\/medicinasinc.com\/pt\/wp-json\/wp\/v2\/product"}],"about":[{"href":"https:\/\/medicinasinc.com\/pt\/wp-json\/wp\/v2\/types\/product"}],"replies":[{"embeddable":true,"href":"https:\/\/medicinasinc.com\/pt\/wp-json\/wp\/v2\/comments?post=4684"}],"wp:featuredmedia":[{"embeddable":true,"href":"https:\/\/medicinasinc.com\/pt\/wp-json\/wp\/v2\/media\/4696"}],"wp:attachment":[{"href":"https:\/\/medicinasinc.com\/pt\/wp-json\/wp\/v2\/media?parent=4684"}],"wp:term":[{"taxonomy":"product_brand","embeddable":true,"href":"https:\/\/medicinasinc.com\/pt\/wp-json\/wp\/v2\/product_brand?post=4684"},{"taxonomy":"product_cat","embeddable":true,"href":"https:\/\/medicinasinc.com\/pt\/wp-json\/wp\/v2\/product_cat?post=4684"},{"taxonomy":"product_tag","embeddable":true,"href":"https:\/\/medicinasinc.com\/pt\/wp-json\/wp\/v2\/product_tag?post=4684"}],"curies":[{"name":"wp","href":"https:\/\/api.w.org\/{rel}","templated":true}]}}