{"id":4666,"date":"2022-02-20T14:26:53","date_gmt":"2022-02-20T14:26:53","guid":{"rendered":"https:\/\/medicinasinc.com\/pt\/?post_type=product&#038;p=4666"},"modified":"2022-07-05T23:54:04","modified_gmt":"2022-07-05T23:54:04","slug":"comprar-ice-hash-sticks","status":"publish","type":"product","link":"https:\/\/medicinasinc.com\/pt\/product\/comprar-ice-hash-sticks\/","title":{"rendered":"Compre palitos de gelo"},"content":{"rendered":"<p>Ice Hash est\u00e1 rapidamente ganhando popularidade como um m\u00e9todo de baixa manuten\u00e7\u00e3o para produzir hash de alta qualidade. A maconha \u00e9 combinada com \u00e1gua e depois filtrada atrav\u00e9s de v\u00e1rios tipos de pano. A resina que resulta \u00e9 incr\u00edvel. Hash Sticks feito de gelo. Existem v\u00e1rios m\u00e9todos para criar Ice Hash. Voc\u00ea pode comprar Ice-o-lators online para criar Ice Hash. Comprar Hash Sticks Feitos de Gelo<\/p>\n<p>Como \u00e9 definido o Haxixe (Hash)?<\/p>\n<p>&#8220;O haxixe \u00e9 uma subst\u00e2ncia psicoativa derivada das gl\u00e2ndulas de resina da planta Cannabis feminina (pistilado). [\u2026 ] O objetivo \u00e9 isolar (e assim concentrar) a resina contendo THC para produzir haxixe.&#8221; Hash Sticks Feitos de Gelo<\/p>\n<p>Compre Ice Hash Sticks | Comprar Ice Hash Sticks | Compre Ice Hash Sticks<\/p>\n<p>Simplificando, o haxixe (que agora chamaremos de haxixe) s\u00e3o as gl\u00e2ndulas de resina isoladas da planta de cannabis. Ainda mais simples, o hash \u00e9 quando o bom material pegajoso da sua cannabis \u00e9 extra\u00eddo inteiramente por conta pr\u00f3pria. Hash \u00e9, em certo sentido, cannabis destilada! Hash Sticks Feitos de Gelo<\/p>\n<p>Fazer haxixe com gelo seco \u00e9 o m\u00e9todo mais simples, r\u00e1pido e eficiente de extrair resina da cannabis. Em poucas palavras, esta \u00e9 a nossa opini\u00e3o coletiva. O Dry Ice Hash \u00e9 o m\u00e9todo ideal de produ\u00e7\u00e3o de hash. Hash Sticks Feitos de Gelo<\/p>\n<p>&nbsp;<\/p>\n<p>O que torna o Dry Ice Hash \u00fanico?<\/p>\n<p>Embora nem todos os hashes sejam id\u00eanticos, muitos s\u00e3o bastante semelhantes.<\/p>\n<p>Choque de \u00e1gua &#8211; alternativamente conhecido como hash de gelo, hash de bolha, hash de gravidade (Gumby) e hash de gelo seco &#8211; todos produzem gl\u00e2ndulas de resina isoladas.<\/p>\n<p>Hash Sticks feitos de gelo<\/p>\n<p>Embora muitos m\u00e9todos produzam o mesmo produto ou um produto semelhante, o uso de gelo seco tem v\u00e1rias vantagens sobre outros m\u00e9todos de coleta de resina:<\/p>\n<p>\u00c9 mais conveniente do que m\u00e9todos alternativos.<br \/> Voc\u00ea pode complete o hash de gelo seco em cerca de 1\/25 do tempo necess\u00e1rio para completar o hash de gravidade! Embora esse exemplo seja extremo, fazer haxixe com gelo seco leva apenas alguns minutos e \u00e9 significativamente mais r\u00e1pido do que outros m\u00e9todos. Hash Sticks Feitos de Gelo<br \/> \u00c9 ridiculamente simples, e essa simplicidade se traduz em gratifica\u00e7\u00e3o instant\u00e2nea. Voc\u00ea obt\u00e9m haxixe premium por menos de 15 minutos agitando um balde e um saco.<br \/> N\u00e3o h\u00e1 umidade presente!<br \/> Isso significa que a resina est\u00e1 pronta imediatamente ap\u00f3s ser sacudida!<\/p>\n","protected":false},"excerpt":{"rendered":"<div class=\"woocommerce-product-details__short-description\">\n<p>Os Ice Hash Sticks, tamb\u00e9m conhecidos como Thai Sticks, s\u00e3o uma variedade de sativa pura que se originou na Tail\u00e2ndia e chegou aos Estados Unidos na d\u00e9cada de 1970.<\/p>\n<p>Ice Hash est\u00e1 rapidamente ganhando popularidade como um m\u00e9todo de baixa manuten\u00e7\u00e3o para produzir hash de alta qualidade. A maconha \u00e9 combinada com \u00e1gua e depois filtrada atrav\u00e9s de v\u00e1rios tipos de pano. A resina que resulta \u00e9 incr\u00edvel. Hash Sticks feito de gelo. Existem v\u00e1rios m\u00e9todos para criar Ice Hash. Voc\u00ea pode comprar Ice-o-lators online para criar Ice Hash. Compre Hash Sticks Feitos de Gelo<\/p>\n<\/p><\/div>\n","protected":false},"featured_media":4679,"comment_status":"open","ping_status":"closed","template":"","meta":[],"product_brand":[],"product_cat":[610],"product_tag":[],"class_list":{"0":"post-4666","1":"product","2":"type-product","3":"status-publish","4":"has-post-thumbnail","6":"product_cat-comprar-haxixe-haxixe","8":"first","9":"instock","10":"shipping-taxable","11":"purchasable","12":"product-type-variable","13":"has-default-attributes"},"yoast_head":"<!-- This site is optimized with the Yoast SEO plugin v27.3 - https:\/\/yoast.com\/product\/yoast-seo-wordpress\/ -->\n<title>Compre Ice Hash Sticks - Melhores Melhores Medicamentos Globais<\/title>\n<meta name=\"description\" content=\"Compre Ice Hash Sticks \u00e0 venda no Reino Unido, Europe Online, tamb\u00e9m conhecido como Thai Sticks, \u00e9 uma ra\u00e7a pura de sativa que come\u00e7ou na Tail\u00e2ndia, chegando aos EUA apenas nos anos 70.\" \/>\n<meta name=\"robots\" content=\"index, follow, max-snippet:-1, max-image-preview:large, max-video-preview:-1\" \/>\n<link rel=\"canonical\" href=\"https:\/\/medicinasinc.com\/pt\/product\/comprar-ice-hash-sticks\/\" \/>\n<meta property=\"og:locale\" content=\"pt_PT\" \/>\n<meta property=\"og:type\" content=\"article\" \/>\n<meta property=\"og:title\" content=\"Compre Ice Hash Sticks - Melhores Melhores Medicamentos Globais\" \/>\n<meta property=\"og:description\" content=\"Compre Ice Hash Sticks \u00e0 venda no Reino Unido, Europe Online, tamb\u00e9m conhecido como Thai Sticks, \u00e9 uma ra\u00e7a pura de sativa que come\u00e7ou na Tail\u00e2ndia, chegando aos EUA apenas nos anos 70.\" \/>\n<meta property=\"og:url\" content=\"https:\/\/medicinasinc.com\/pt\/product\/comprar-ice-hash-sticks\/\" \/>\n<meta property=\"og:site_name\" content=\"Medicinas Inc\" \/>\n<meta property=\"article:modified_time\" content=\"2022-07-05T23:54:04+00:00\" \/>\n<meta property=\"og:image\" content=\"https:\/\/medicinasinc.com\/pt\/wp-content\/uploads\/sites\/20\/2022\/02\/Buy-Ice-Hash-Sticks.jpg\" \/>\n\t<meta property=\"og:image:width\" content=\"600\" \/>\n\t<meta property=\"og:image:height\" content=\"600\" \/>\n\t<meta property=\"og:image:type\" content=\"image\/jpeg\" \/>\n<meta name=\"twitter:card\" content=\"summary_large_image\" \/>\n<meta name=\"twitter:label1\" content=\"Tempo estimado de leitura\" \/>\n\t<meta name=\"twitter:data1\" content=\"2 minutos\" \/>\n<script type=\"application\/ld+json\" class=\"yoast-schema-graph\">{\"@context\":\"https:\\\/\\\/schema.org\",\"@graph\":[{\"@type\":\"WebPage\",\"@id\":\"https:\\\/\\\/medicinasinc.com\\\/pt\\\/product\\\/comprar-ice-hash-sticks\\\/\",\"url\":\"https:\\\/\\\/medicinasinc.com\\\/pt\\\/product\\\/comprar-ice-hash-sticks\\\/\",\"name\":\"Compre Ice Hash Sticks - Melhores Melhores Medicamentos Globais\",\"isPartOf\":{\"@id\":\"https:\\\/\\\/medicinasinc.com\\\/pt\\\/#website\"},\"primaryImageOfPage\":{\"@id\":\"https:\\\/\\\/medicinasinc.com\\\/pt\\\/product\\\/comprar-ice-hash-sticks\\\/#primaryimage\"},\"image\":{\"@id\":\"https:\\\/\\\/medicinasinc.com\\\/pt\\\/product\\\/comprar-ice-hash-sticks\\\/#primaryimage\"},\"thumbnailUrl\":\"https:\\\/\\\/medicinasinc.com\\\/pt\\\/wp-content\\\/uploads\\\/sites\\\/20\\\/2022\\\/02\\\/Buy-Ice-Hash-Sticks.jpg\",\"datePublished\":\"2022-02-20T14:26:53+00:00\",\"dateModified\":\"2022-07-05T23:54:04+00:00\",\"description\":\"Compre Ice Hash Sticks \u00e0 venda no Reino Unido, Europe Online, tamb\u00e9m conhecido como Thai Sticks, \u00e9 uma ra\u00e7a pura de sativa que come\u00e7ou na Tail\u00e2ndia, chegando aos EUA apenas nos anos 70.\",\"breadcrumb\":{\"@id\":\"https:\\\/\\\/medicinasinc.com\\\/pt\\\/product\\\/comprar-ice-hash-sticks\\\/#breadcrumb\"},\"inLanguage\":\"pt-PT\",\"potentialAction\":[{\"@type\":\"ReadAction\",\"target\":[\"https:\\\/\\\/medicinasinc.com\\\/pt\\\/product\\\/comprar-ice-hash-sticks\\\/\"]}]},{\"@type\":\"ImageObject\",\"inLanguage\":\"pt-PT\",\"@id\":\"https:\\\/\\\/medicinasinc.com\\\/pt\\\/product\\\/comprar-ice-hash-sticks\\\/#primaryimage\",\"url\":\"https:\\\/\\\/medicinasinc.com\\\/pt\\\/wp-content\\\/uploads\\\/sites\\\/20\\\/2022\\\/02\\\/Buy-Ice-Hash-Sticks.jpg\",\"contentUrl\":\"https:\\\/\\\/medicinasinc.com\\\/pt\\\/wp-content\\\/uploads\\\/sites\\\/20\\\/2022\\\/02\\\/Buy-Ice-Hash-Sticks.jpg\",\"width\":600,\"height\":600},{\"@type\":\"BreadcrumbList\",\"@id\":\"https:\\\/\\\/medicinasinc.com\\\/pt\\\/product\\\/comprar-ice-hash-sticks\\\/#breadcrumb\",\"itemListElement\":[{\"@type\":\"ListItem\",\"position\":1,\"name\":\"Comprar\",\"item\":\"https:\\\/\\\/medicinasinc.com\\\/pt\\\/comprar\\\/\"},{\"@type\":\"ListItem\",\"position\":2,\"name\":\"Compre palitos de gelo\"}]},{\"@type\":\"WebSite\",\"@id\":\"https:\\\/\\\/medicinasinc.com\\\/pt\\\/#website\",\"url\":\"https:\\\/\\\/medicinasinc.com\\\/pt\\\/\",\"name\":\"Medicinas Inc\",\"description\":\"Health Medical Clinic\",\"potentialAction\":[{\"@type\":\"SearchAction\",\"target\":{\"@type\":\"EntryPoint\",\"urlTemplate\":\"https:\\\/\\\/medicinasinc.com\\\/pt\\\/?s={search_term_string}\"},\"query-input\":{\"@type\":\"PropertyValueSpecification\",\"valueRequired\":true,\"valueName\":\"search_term_string\"}}],\"inLanguage\":\"pt-PT\"}]}<\/script>\n<!-- \/ Yoast SEO plugin. -->","yoast_head_json":{"title":"Compre Ice Hash Sticks - Melhores Melhores Medicamentos Globais","description":"Compre Ice Hash Sticks \u00e0 venda no Reino Unido, Europe Online, tamb\u00e9m conhecido como Thai Sticks, \u00e9 uma ra\u00e7a pura de sativa que come\u00e7ou na Tail\u00e2ndia, chegando aos EUA apenas nos anos 70.","robots":{"index":"index","follow":"follow","max-snippet":"max-snippet:-1","max-image-preview":"max-image-preview:large","max-video-preview":"max-video-preview:-1"},"canonical":"https:\/\/medicinasinc.com\/pt\/product\/comprar-ice-hash-sticks\/","og_locale":"pt_PT","og_type":"article","og_title":"Compre Ice Hash Sticks - Melhores Melhores Medicamentos Globais","og_description":"Compre Ice Hash Sticks \u00e0 venda no Reino Unido, Europe Online, tamb\u00e9m conhecido como Thai Sticks, \u00e9 uma ra\u00e7a pura de sativa que come\u00e7ou na Tail\u00e2ndia, chegando aos EUA apenas nos anos 70.","og_url":"https:\/\/medicinasinc.com\/pt\/product\/comprar-ice-hash-sticks\/","og_site_name":"Medicinas Inc","article_modified_time":"2022-07-05T23:54:04+00:00","og_image":[{"width":600,"height":600,"url":"https:\/\/medicinasinc.com\/pt\/wp-content\/uploads\/sites\/20\/2022\/02\/Buy-Ice-Hash-Sticks.jpg","type":"image\/jpeg"}],"twitter_card":"summary_large_image","twitter_misc":{"Tempo estimado de leitura":"2 minutos"},"schema":{"@context":"https:\/\/schema.org","@graph":[{"@type":"WebPage","@id":"https:\/\/medicinasinc.com\/pt\/product\/comprar-ice-hash-sticks\/","url":"https:\/\/medicinasinc.com\/pt\/product\/comprar-ice-hash-sticks\/","name":"Compre Ice Hash Sticks - Melhores Melhores Medicamentos Globais","isPartOf":{"@id":"https:\/\/medicinasinc.com\/pt\/#website"},"primaryImageOfPage":{"@id":"https:\/\/medicinasinc.com\/pt\/product\/comprar-ice-hash-sticks\/#primaryimage"},"image":{"@id":"https:\/\/medicinasinc.com\/pt\/product\/comprar-ice-hash-sticks\/#primaryimage"},"thumbnailUrl":"https:\/\/medicinasinc.com\/pt\/wp-content\/uploads\/sites\/20\/2022\/02\/Buy-Ice-Hash-Sticks.jpg","datePublished":"2022-02-20T14:26:53+00:00","dateModified":"2022-07-05T23:54:04+00:00","description":"Compre Ice Hash Sticks \u00e0 venda no Reino Unido, Europe Online, tamb\u00e9m conhecido como Thai Sticks, \u00e9 uma ra\u00e7a pura de sativa que come\u00e7ou na Tail\u00e2ndia, chegando aos EUA apenas nos anos 70.","breadcrumb":{"@id":"https:\/\/medicinasinc.com\/pt\/product\/comprar-ice-hash-sticks\/#breadcrumb"},"inLanguage":"pt-PT","potentialAction":[{"@type":"ReadAction","target":["https:\/\/medicinasinc.com\/pt\/product\/comprar-ice-hash-sticks\/"]}]},{"@type":"ImageObject","inLanguage":"pt-PT","@id":"https:\/\/medicinasinc.com\/pt\/product\/comprar-ice-hash-sticks\/#primaryimage","url":"https:\/\/medicinasinc.com\/pt\/wp-content\/uploads\/sites\/20\/2022\/02\/Buy-Ice-Hash-Sticks.jpg","contentUrl":"https:\/\/medicinasinc.com\/pt\/wp-content\/uploads\/sites\/20\/2022\/02\/Buy-Ice-Hash-Sticks.jpg","width":600,"height":600},{"@type":"BreadcrumbList","@id":"https:\/\/medicinasinc.com\/pt\/product\/comprar-ice-hash-sticks\/#breadcrumb","itemListElement":[{"@type":"ListItem","position":1,"name":"Comprar","item":"https:\/\/medicinasinc.com\/pt\/comprar\/"},{"@type":"ListItem","position":2,"name":"Compre palitos de gelo"}]},{"@type":"WebSite","@id":"https:\/\/medicinasinc.com\/pt\/#website","url":"https:\/\/medicinasinc.com\/pt\/","name":"Medicinas Inc","description":"Health Medical Clinic","potentialAction":[{"@type":"SearchAction","target":{"@type":"EntryPoint","urlTemplate":"https:\/\/medicinasinc.com\/pt\/?s={search_term_string}"},"query-input":{"@type":"PropertyValueSpecification","valueRequired":true,"valueName":"search_term_string"}}],"inLanguage":"pt-PT"}]}},"_links":{"self":[{"href":"https:\/\/medicinasinc.com\/pt\/wp-json\/wp\/v2\/product\/4666","targetHints":{"allow":["GET"]}}],"collection":[{"href":"https:\/\/medicinasinc.com\/pt\/wp-json\/wp\/v2\/product"}],"about":[{"href":"https:\/\/medicinasinc.com\/pt\/wp-json\/wp\/v2\/types\/product"}],"replies":[{"embeddable":true,"href":"https:\/\/medicinasinc.com\/pt\/wp-json\/wp\/v2\/comments?post=4666"}],"wp:featuredmedia":[{"embeddable":true,"href":"https:\/\/medicinasinc.com\/pt\/wp-json\/wp\/v2\/media\/4679"}],"wp:attachment":[{"href":"https:\/\/medicinasinc.com\/pt\/wp-json\/wp\/v2\/media?parent=4666"}],"wp:term":[{"taxonomy":"product_brand","embeddable":true,"href":"https:\/\/medicinasinc.com\/pt\/wp-json\/wp\/v2\/product_brand?post=4666"},{"taxonomy":"product_cat","embeddable":true,"href":"https:\/\/medicinasinc.com\/pt\/wp-json\/wp\/v2\/product_cat?post=4666"},{"taxonomy":"product_tag","embeddable":true,"href":"https:\/\/medicinasinc.com\/pt\/wp-json\/wp\/v2\/product_tag?post=4666"}],"curies":[{"name":"wp","href":"https:\/\/api.w.org\/{rel}","templated":true}]}}