{"id":4658,"date":"2022-02-20T14:22:15","date_gmt":"2022-02-20T14:22:15","guid":{"rendered":"https:\/\/medicinasinc.com\/pt\/?post_type=product&#038;p=4658"},"modified":"2022-07-05T23:54:18","modified_gmt":"2022-07-05T23:54:18","slug":"comprar-mel-marroquino-loira-hash","status":"publish","type":"product","link":"https:\/\/medicinasinc.com\/pt\/product\/comprar-mel-marroquino-loira-hash\/","title":{"rendered":"Compre mel louro marroquino Hash"},"content":{"rendered":"<div class=\"woocommerce-tabs wc-tabs-wrapper\">\n<div id=\"tab-description\" class=\"woocommerce-Tabs-panel woocommerce-Tabs-panel--description panel entry-content wc-tab\" role=\"tabpanel\" aria-labelledby=\"tab-title-description\">\n<p>Compra Online de Mel Marroquino Loiro Hash. Kif \u00e9 frequentemente usado em conjunto com haxixe. Kif \u00e9 frequentemente usado no Ocidente para criar o exclusivo Honey Moroccan Blonde Hash. Quando as folhas mais suaves s\u00e3o usadas, \u00e9 referido como &#8220;habisha&#8221;, que \u00e9 semelhante \u00e0 maconha.<\/p>\n<p>O mel marroquino Blonde Hash tem um sabor tipicamente doce com uma vibra\u00e7\u00e3o suave na l\u00edngua. \u00c9 o tipo de sabor que as papilas gustativas adoram. \u00c9 poss\u00edvel ter um haxixe extremamente resinoso.<\/p>\n<p>Sabor do Mel Marroquino Loiro Hash:<\/p>\n<p>O mel Marroquino Loiro Hash tem um sabor adocicado e uma textura suave na l\u00edngua. \u00c9 o tipo de sabor que as papilas gustativas apreciam. \u00c9 poss\u00edvel ter um haxixe muito resinoso. Compra online de mel louro marroquino Hash<\/p>\n<\/p><\/div><\/div>\n","protected":false},"excerpt":{"rendered":"<div class=\"woocommerce-product-details__short-description\">\n<p>Compre Honey Moroccan Blonde Hash para venda Reino Unido, Europa. \u00c9 levemente arom\u00e1tico com um toque de especiarias que produz um efeito cerebral e ativo. haxixe loiro.<\/p>\n<\/p><\/div>\n","protected":false},"featured_media":4671,"comment_status":"open","ping_status":"closed","template":"","meta":[],"product_brand":[],"product_cat":[610],"product_tag":[],"class_list":{"0":"post-4658","1":"product","2":"type-product","3":"status-publish","4":"has-post-thumbnail","6":"product_cat-comprar-haxixe-haxixe","8":"first","9":"instock","10":"shipping-taxable","11":"purchasable","12":"product-type-variable","13":"has-default-attributes"},"yoast_head":"<!-- This site is optimized with the Yoast SEO plugin v27.3 - https:\/\/yoast.com\/product\/yoast-seo-wordpress\/ -->\n<title>Compre Honey Moroccan Blonde Hash - Melhor Medicina Global<\/title>\n<meta name=\"description\" content=\"Compre Honey Moroccan Blonde Hash para venda no Reino Unido, Europa. \u00c9 levemente arom\u00e1tico com um toque de especiarias que produz um efeito cerebral e ativo. haxixe loira.\" \/>\n<meta name=\"robots\" content=\"index, follow, max-snippet:-1, max-image-preview:large, max-video-preview:-1\" \/>\n<link rel=\"canonical\" href=\"https:\/\/medicinasinc.com\/pt\/product\/comprar-mel-marroquino-loira-hash\/\" \/>\n<meta property=\"og:locale\" content=\"pt_PT\" \/>\n<meta property=\"og:type\" content=\"article\" \/>\n<meta property=\"og:title\" content=\"Compre Honey Moroccan Blonde Hash - Melhor Medicina Global\" \/>\n<meta property=\"og:description\" content=\"Compre Honey Moroccan Blonde Hash para venda no Reino Unido, Europa. \u00c9 levemente arom\u00e1tico com um toque de especiarias que produz um efeito cerebral e ativo. haxixe loira.\" \/>\n<meta property=\"og:url\" content=\"https:\/\/medicinasinc.com\/pt\/product\/comprar-mel-marroquino-loira-hash\/\" \/>\n<meta property=\"og:site_name\" content=\"Medicinas Inc\" \/>\n<meta property=\"article:modified_time\" content=\"2022-07-05T23:54:18+00:00\" \/>\n<meta property=\"og:image\" content=\"https:\/\/medicinasinc.com\/pt\/wp-content\/uploads\/sites\/20\/2022\/02\/Buy-Honey-Moroccan-Blonde-Hash.jpg\" \/>\n\t<meta property=\"og:image:width\" content=\"600\" \/>\n\t<meta property=\"og:image:height\" content=\"600\" \/>\n\t<meta property=\"og:image:type\" content=\"image\/jpeg\" \/>\n<meta name=\"twitter:card\" content=\"summary_large_image\" \/>\n<meta name=\"twitter:label1\" content=\"Tempo estimado de leitura\" \/>\n\t<meta name=\"twitter:data1\" content=\"1 minuto\" \/>\n<script type=\"application\/ld+json\" class=\"yoast-schema-graph\">{\"@context\":\"https:\\\/\\\/schema.org\",\"@graph\":[{\"@type\":\"WebPage\",\"@id\":\"https:\\\/\\\/medicinasinc.com\\\/pt\\\/product\\\/comprar-mel-marroquino-loira-hash\\\/\",\"url\":\"https:\\\/\\\/medicinasinc.com\\\/pt\\\/product\\\/comprar-mel-marroquino-loira-hash\\\/\",\"name\":\"Compre Honey Moroccan Blonde Hash - Melhor Medicina Global\",\"isPartOf\":{\"@id\":\"https:\\\/\\\/medicinasinc.com\\\/pt\\\/#website\"},\"primaryImageOfPage\":{\"@id\":\"https:\\\/\\\/medicinasinc.com\\\/pt\\\/product\\\/comprar-mel-marroquino-loira-hash\\\/#primaryimage\"},\"image\":{\"@id\":\"https:\\\/\\\/medicinasinc.com\\\/pt\\\/product\\\/comprar-mel-marroquino-loira-hash\\\/#primaryimage\"},\"thumbnailUrl\":\"https:\\\/\\\/medicinasinc.com\\\/pt\\\/wp-content\\\/uploads\\\/sites\\\/20\\\/2022\\\/02\\\/Buy-Honey-Moroccan-Blonde-Hash.jpg\",\"datePublished\":\"2022-02-20T14:22:15+00:00\",\"dateModified\":\"2022-07-05T23:54:18+00:00\",\"description\":\"Compre Honey Moroccan Blonde Hash para venda no Reino Unido, Europa. \u00c9 levemente arom\u00e1tico com um toque de especiarias que produz um efeito cerebral e ativo. haxixe loira.\",\"breadcrumb\":{\"@id\":\"https:\\\/\\\/medicinasinc.com\\\/pt\\\/product\\\/comprar-mel-marroquino-loira-hash\\\/#breadcrumb\"},\"inLanguage\":\"pt-PT\",\"potentialAction\":[{\"@type\":\"ReadAction\",\"target\":[\"https:\\\/\\\/medicinasinc.com\\\/pt\\\/product\\\/comprar-mel-marroquino-loira-hash\\\/\"]}]},{\"@type\":\"ImageObject\",\"inLanguage\":\"pt-PT\",\"@id\":\"https:\\\/\\\/medicinasinc.com\\\/pt\\\/product\\\/comprar-mel-marroquino-loira-hash\\\/#primaryimage\",\"url\":\"https:\\\/\\\/medicinasinc.com\\\/pt\\\/wp-content\\\/uploads\\\/sites\\\/20\\\/2022\\\/02\\\/Buy-Honey-Moroccan-Blonde-Hash.jpg\",\"contentUrl\":\"https:\\\/\\\/medicinasinc.com\\\/pt\\\/wp-content\\\/uploads\\\/sites\\\/20\\\/2022\\\/02\\\/Buy-Honey-Moroccan-Blonde-Hash.jpg\",\"width\":600,\"height\":600},{\"@type\":\"BreadcrumbList\",\"@id\":\"https:\\\/\\\/medicinasinc.com\\\/pt\\\/product\\\/comprar-mel-marroquino-loira-hash\\\/#breadcrumb\",\"itemListElement\":[{\"@type\":\"ListItem\",\"position\":1,\"name\":\"Comprar\",\"item\":\"https:\\\/\\\/medicinasinc.com\\\/pt\\\/comprar\\\/\"},{\"@type\":\"ListItem\",\"position\":2,\"name\":\"Compre mel louro marroquino Hash\"}]},{\"@type\":\"WebSite\",\"@id\":\"https:\\\/\\\/medicinasinc.com\\\/pt\\\/#website\",\"url\":\"https:\\\/\\\/medicinasinc.com\\\/pt\\\/\",\"name\":\"Medicinas Inc\",\"description\":\"Health Medical Clinic\",\"potentialAction\":[{\"@type\":\"SearchAction\",\"target\":{\"@type\":\"EntryPoint\",\"urlTemplate\":\"https:\\\/\\\/medicinasinc.com\\\/pt\\\/?s={search_term_string}\"},\"query-input\":{\"@type\":\"PropertyValueSpecification\",\"valueRequired\":true,\"valueName\":\"search_term_string\"}}],\"inLanguage\":\"pt-PT\"}]}<\/script>\n<!-- \/ Yoast SEO plugin. -->","yoast_head_json":{"title":"Compre Honey Moroccan Blonde Hash - Melhor Medicina Global","description":"Compre Honey Moroccan Blonde Hash para venda no Reino Unido, Europa. \u00c9 levemente arom\u00e1tico com um toque de especiarias que produz um efeito cerebral e ativo. haxixe loira.","robots":{"index":"index","follow":"follow","max-snippet":"max-snippet:-1","max-image-preview":"max-image-preview:large","max-video-preview":"max-video-preview:-1"},"canonical":"https:\/\/medicinasinc.com\/pt\/product\/comprar-mel-marroquino-loira-hash\/","og_locale":"pt_PT","og_type":"article","og_title":"Compre Honey Moroccan Blonde Hash - Melhor Medicina Global","og_description":"Compre Honey Moroccan Blonde Hash para venda no Reino Unido, Europa. \u00c9 levemente arom\u00e1tico com um toque de especiarias que produz um efeito cerebral e ativo. haxixe loira.","og_url":"https:\/\/medicinasinc.com\/pt\/product\/comprar-mel-marroquino-loira-hash\/","og_site_name":"Medicinas Inc","article_modified_time":"2022-07-05T23:54:18+00:00","og_image":[{"width":600,"height":600,"url":"https:\/\/medicinasinc.com\/pt\/wp-content\/uploads\/sites\/20\/2022\/02\/Buy-Honey-Moroccan-Blonde-Hash.jpg","type":"image\/jpeg"}],"twitter_card":"summary_large_image","twitter_misc":{"Tempo estimado de leitura":"1 minuto"},"schema":{"@context":"https:\/\/schema.org","@graph":[{"@type":"WebPage","@id":"https:\/\/medicinasinc.com\/pt\/product\/comprar-mel-marroquino-loira-hash\/","url":"https:\/\/medicinasinc.com\/pt\/product\/comprar-mel-marroquino-loira-hash\/","name":"Compre Honey Moroccan Blonde Hash - Melhor Medicina Global","isPartOf":{"@id":"https:\/\/medicinasinc.com\/pt\/#website"},"primaryImageOfPage":{"@id":"https:\/\/medicinasinc.com\/pt\/product\/comprar-mel-marroquino-loira-hash\/#primaryimage"},"image":{"@id":"https:\/\/medicinasinc.com\/pt\/product\/comprar-mel-marroquino-loira-hash\/#primaryimage"},"thumbnailUrl":"https:\/\/medicinasinc.com\/pt\/wp-content\/uploads\/sites\/20\/2022\/02\/Buy-Honey-Moroccan-Blonde-Hash.jpg","datePublished":"2022-02-20T14:22:15+00:00","dateModified":"2022-07-05T23:54:18+00:00","description":"Compre Honey Moroccan Blonde Hash para venda no Reino Unido, Europa. \u00c9 levemente arom\u00e1tico com um toque de especiarias que produz um efeito cerebral e ativo. haxixe loira.","breadcrumb":{"@id":"https:\/\/medicinasinc.com\/pt\/product\/comprar-mel-marroquino-loira-hash\/#breadcrumb"},"inLanguage":"pt-PT","potentialAction":[{"@type":"ReadAction","target":["https:\/\/medicinasinc.com\/pt\/product\/comprar-mel-marroquino-loira-hash\/"]}]},{"@type":"ImageObject","inLanguage":"pt-PT","@id":"https:\/\/medicinasinc.com\/pt\/product\/comprar-mel-marroquino-loira-hash\/#primaryimage","url":"https:\/\/medicinasinc.com\/pt\/wp-content\/uploads\/sites\/20\/2022\/02\/Buy-Honey-Moroccan-Blonde-Hash.jpg","contentUrl":"https:\/\/medicinasinc.com\/pt\/wp-content\/uploads\/sites\/20\/2022\/02\/Buy-Honey-Moroccan-Blonde-Hash.jpg","width":600,"height":600},{"@type":"BreadcrumbList","@id":"https:\/\/medicinasinc.com\/pt\/product\/comprar-mel-marroquino-loira-hash\/#breadcrumb","itemListElement":[{"@type":"ListItem","position":1,"name":"Comprar","item":"https:\/\/medicinasinc.com\/pt\/comprar\/"},{"@type":"ListItem","position":2,"name":"Compre mel louro marroquino Hash"}]},{"@type":"WebSite","@id":"https:\/\/medicinasinc.com\/pt\/#website","url":"https:\/\/medicinasinc.com\/pt\/","name":"Medicinas Inc","description":"Health Medical Clinic","potentialAction":[{"@type":"SearchAction","target":{"@type":"EntryPoint","urlTemplate":"https:\/\/medicinasinc.com\/pt\/?s={search_term_string}"},"query-input":{"@type":"PropertyValueSpecification","valueRequired":true,"valueName":"search_term_string"}}],"inLanguage":"pt-PT"}]}},"_links":{"self":[{"href":"https:\/\/medicinasinc.com\/pt\/wp-json\/wp\/v2\/product\/4658","targetHints":{"allow":["GET"]}}],"collection":[{"href":"https:\/\/medicinasinc.com\/pt\/wp-json\/wp\/v2\/product"}],"about":[{"href":"https:\/\/medicinasinc.com\/pt\/wp-json\/wp\/v2\/types\/product"}],"replies":[{"embeddable":true,"href":"https:\/\/medicinasinc.com\/pt\/wp-json\/wp\/v2\/comments?post=4658"}],"wp:featuredmedia":[{"embeddable":true,"href":"https:\/\/medicinasinc.com\/pt\/wp-json\/wp\/v2\/media\/4671"}],"wp:attachment":[{"href":"https:\/\/medicinasinc.com\/pt\/wp-json\/wp\/v2\/media?parent=4658"}],"wp:term":[{"taxonomy":"product_brand","embeddable":true,"href":"https:\/\/medicinasinc.com\/pt\/wp-json\/wp\/v2\/product_brand?post=4658"},{"taxonomy":"product_cat","embeddable":true,"href":"https:\/\/medicinasinc.com\/pt\/wp-json\/wp\/v2\/product_cat?post=4658"},{"taxonomy":"product_tag","embeddable":true,"href":"https:\/\/medicinasinc.com\/pt\/wp-json\/wp\/v2\/product_tag?post=4658"}],"curies":[{"name":"wp","href":"https:\/\/api.w.org\/{rel}","templated":true}]}}