{"id":4651,"date":"2022-02-20T14:16:39","date_gmt":"2022-02-20T14:16:39","guid":{"rendered":"https:\/\/medicinasinc.com\/pt\/?post_type=product&#038;p=4651"},"modified":"2022-07-05T23:54:33","modified_gmt":"2022-07-05T23:54:33","slug":"compre-gelato-hash-online","status":"publish","type":"product","link":"https:\/\/medicinasinc.com\/pt\/product\/compre-gelato-hash-online\/","title":{"rendered":"Compre Gelato Hash Online"},"content":{"rendered":"<p>Compre Gelato Hash Online no Reino Unido<\/p>\n<p>Hoje, a Astra Weed est\u00e1 oferecendo Gelato Hash para venda online no Reino Unido e na Europa. O haxixe de cepa de Gelato \u00e9 um deleite delicioso para conhecedores e rec\u00e9m-chegados ao mundo feliz do haxixe. Uma das tradi\u00e7\u00f5es mais ilustres e duradouras da cannabis. Este haxixe \u00e9 feito de flores que foram curadas por oito semanas. Este haxixe \u00e9 da mais alta qualidade.<\/p>\n","protected":false},"excerpt":{"rendered":"<p>Compre Gelato Hash para venda online no Reino Unido, Europa! O hash de cepa de gelato \u00e9 algo saboroso para nossos apreciadores de hash e para aqueles que desejam se aventurar no mundo feliz do haxixe.<\/p>\n<p>Envio para todo o mundo<\/p>\n<ul>\n<li><strong>Grau: AAAAA<\/strong> &gt;<\/li>\n<li><strong>Entre em contato<\/strong>\u00a0para pedidos maiores<\/li>\n<\/ul>\n","protected":false},"featured_media":4663,"comment_status":"open","ping_status":"closed","template":"","meta":[],"product_brand":[],"product_cat":[610],"product_tag":[],"class_list":{"0":"post-4651","1":"product","2":"type-product","3":"status-publish","4":"has-post-thumbnail","6":"product_cat-comprar-haxixe-haxixe","8":"first","9":"instock","10":"shipping-taxable","11":"purchasable","12":"product-type-variable","13":"has-default-attributes"},"yoast_head":"<!-- This site is optimized with the Yoast SEO plugin v27.3 - https:\/\/yoast.com\/product\/yoast-seo-wordpress\/ -->\n<title>Compre Gelato Hash Online - Melhores Melhores Medicamentos Globais<\/title>\n<meta name=\"description\" content=\"Compre Gelato Hash para venda Online Reino Unido, Europa! O haxixe de cepa de gelato \u00e9 algo saboroso para nossos apreciadores de haxixe e para aqueles que desejam se aventurar no mundo feliz do haxixe.\" \/>\n<meta name=\"robots\" content=\"index, follow, max-snippet:-1, max-image-preview:large, max-video-preview:-1\" \/>\n<link rel=\"canonical\" href=\"https:\/\/medicinasinc.com\/pt\/product\/compre-gelato-hash-online\/\" \/>\n<meta property=\"og:locale\" content=\"pt_PT\" \/>\n<meta property=\"og:type\" content=\"article\" \/>\n<meta property=\"og:title\" content=\"Compre Gelato Hash Online - Melhores Melhores Medicamentos Globais\" \/>\n<meta property=\"og:description\" content=\"Compre Gelato Hash para venda Online Reino Unido, Europa! O haxixe de cepa de gelato \u00e9 algo saboroso para nossos apreciadores de haxixe e para aqueles que desejam se aventurar no mundo feliz do haxixe.\" \/>\n<meta property=\"og:url\" content=\"https:\/\/medicinasinc.com\/pt\/product\/compre-gelato-hash-online\/\" \/>\n<meta property=\"og:site_name\" content=\"Medicinas Inc\" \/>\n<meta property=\"article:modified_time\" content=\"2022-07-05T23:54:33+00:00\" \/>\n<meta property=\"og:image\" content=\"https:\/\/medicinasinc.com\/pt\/wp-content\/uploads\/sites\/20\/2022\/02\/Buy-Gelato-Hash-Online.jpg\" \/>\n\t<meta property=\"og:image:width\" content=\"600\" \/>\n\t<meta property=\"og:image:height\" content=\"600\" \/>\n\t<meta property=\"og:image:type\" content=\"image\/jpeg\" \/>\n<meta name=\"twitter:card\" content=\"summary_large_image\" \/>\n<meta name=\"twitter:label1\" content=\"Tempo estimado de leitura\" \/>\n\t<meta name=\"twitter:data1\" content=\"1 minuto\" \/>\n<script type=\"application\/ld+json\" class=\"yoast-schema-graph\">{\"@context\":\"https:\\\/\\\/schema.org\",\"@graph\":[{\"@type\":\"WebPage\",\"@id\":\"https:\\\/\\\/medicinasinc.com\\\/pt\\\/product\\\/compre-gelato-hash-online\\\/\",\"url\":\"https:\\\/\\\/medicinasinc.com\\\/pt\\\/product\\\/compre-gelato-hash-online\\\/\",\"name\":\"Compre Gelato Hash Online - Melhores Melhores Medicamentos Globais\",\"isPartOf\":{\"@id\":\"https:\\\/\\\/medicinasinc.com\\\/pt\\\/#website\"},\"primaryImageOfPage\":{\"@id\":\"https:\\\/\\\/medicinasinc.com\\\/pt\\\/product\\\/compre-gelato-hash-online\\\/#primaryimage\"},\"image\":{\"@id\":\"https:\\\/\\\/medicinasinc.com\\\/pt\\\/product\\\/compre-gelato-hash-online\\\/#primaryimage\"},\"thumbnailUrl\":\"https:\\\/\\\/medicinasinc.com\\\/pt\\\/wp-content\\\/uploads\\\/sites\\\/20\\\/2022\\\/02\\\/Buy-Gelato-Hash-Online.jpg\",\"datePublished\":\"2022-02-20T14:16:39+00:00\",\"dateModified\":\"2022-07-05T23:54:33+00:00\",\"description\":\"Compre Gelato Hash para venda Online Reino Unido, Europa! O haxixe de cepa de gelato \u00e9 algo saboroso para nossos apreciadores de haxixe e para aqueles que desejam se aventurar no mundo feliz do haxixe.\",\"breadcrumb\":{\"@id\":\"https:\\\/\\\/medicinasinc.com\\\/pt\\\/product\\\/compre-gelato-hash-online\\\/#breadcrumb\"},\"inLanguage\":\"pt-PT\",\"potentialAction\":[{\"@type\":\"ReadAction\",\"target\":[\"https:\\\/\\\/medicinasinc.com\\\/pt\\\/product\\\/compre-gelato-hash-online\\\/\"]}]},{\"@type\":\"ImageObject\",\"inLanguage\":\"pt-PT\",\"@id\":\"https:\\\/\\\/medicinasinc.com\\\/pt\\\/product\\\/compre-gelato-hash-online\\\/#primaryimage\",\"url\":\"https:\\\/\\\/medicinasinc.com\\\/pt\\\/wp-content\\\/uploads\\\/sites\\\/20\\\/2022\\\/02\\\/Buy-Gelato-Hash-Online.jpg\",\"contentUrl\":\"https:\\\/\\\/medicinasinc.com\\\/pt\\\/wp-content\\\/uploads\\\/sites\\\/20\\\/2022\\\/02\\\/Buy-Gelato-Hash-Online.jpg\",\"width\":600,\"height\":600},{\"@type\":\"BreadcrumbList\",\"@id\":\"https:\\\/\\\/medicinasinc.com\\\/pt\\\/product\\\/compre-gelato-hash-online\\\/#breadcrumb\",\"itemListElement\":[{\"@type\":\"ListItem\",\"position\":1,\"name\":\"Comprar\",\"item\":\"https:\\\/\\\/medicinasinc.com\\\/pt\\\/comprar\\\/\"},{\"@type\":\"ListItem\",\"position\":2,\"name\":\"Compre Gelato Hash Online\"}]},{\"@type\":\"WebSite\",\"@id\":\"https:\\\/\\\/medicinasinc.com\\\/pt\\\/#website\",\"url\":\"https:\\\/\\\/medicinasinc.com\\\/pt\\\/\",\"name\":\"Medicinas Inc\",\"description\":\"Health Medical Clinic\",\"potentialAction\":[{\"@type\":\"SearchAction\",\"target\":{\"@type\":\"EntryPoint\",\"urlTemplate\":\"https:\\\/\\\/medicinasinc.com\\\/pt\\\/?s={search_term_string}\"},\"query-input\":{\"@type\":\"PropertyValueSpecification\",\"valueRequired\":true,\"valueName\":\"search_term_string\"}}],\"inLanguage\":\"pt-PT\"}]}<\/script>\n<!-- \/ Yoast SEO plugin. -->","yoast_head_json":{"title":"Compre Gelato Hash Online - Melhores Melhores Medicamentos Globais","description":"Compre Gelato Hash para venda Online Reino Unido, Europa! O haxixe de cepa de gelato \u00e9 algo saboroso para nossos apreciadores de haxixe e para aqueles que desejam se aventurar no mundo feliz do haxixe.","robots":{"index":"index","follow":"follow","max-snippet":"max-snippet:-1","max-image-preview":"max-image-preview:large","max-video-preview":"max-video-preview:-1"},"canonical":"https:\/\/medicinasinc.com\/pt\/product\/compre-gelato-hash-online\/","og_locale":"pt_PT","og_type":"article","og_title":"Compre Gelato Hash Online - Melhores Melhores Medicamentos Globais","og_description":"Compre Gelato Hash para venda Online Reino Unido, Europa! O haxixe de cepa de gelato \u00e9 algo saboroso para nossos apreciadores de haxixe e para aqueles que desejam se aventurar no mundo feliz do haxixe.","og_url":"https:\/\/medicinasinc.com\/pt\/product\/compre-gelato-hash-online\/","og_site_name":"Medicinas Inc","article_modified_time":"2022-07-05T23:54:33+00:00","og_image":[{"width":600,"height":600,"url":"https:\/\/medicinasinc.com\/pt\/wp-content\/uploads\/sites\/20\/2022\/02\/Buy-Gelato-Hash-Online.jpg","type":"image\/jpeg"}],"twitter_card":"summary_large_image","twitter_misc":{"Tempo estimado de leitura":"1 minuto"},"schema":{"@context":"https:\/\/schema.org","@graph":[{"@type":"WebPage","@id":"https:\/\/medicinasinc.com\/pt\/product\/compre-gelato-hash-online\/","url":"https:\/\/medicinasinc.com\/pt\/product\/compre-gelato-hash-online\/","name":"Compre Gelato Hash Online - Melhores Melhores Medicamentos Globais","isPartOf":{"@id":"https:\/\/medicinasinc.com\/pt\/#website"},"primaryImageOfPage":{"@id":"https:\/\/medicinasinc.com\/pt\/product\/compre-gelato-hash-online\/#primaryimage"},"image":{"@id":"https:\/\/medicinasinc.com\/pt\/product\/compre-gelato-hash-online\/#primaryimage"},"thumbnailUrl":"https:\/\/medicinasinc.com\/pt\/wp-content\/uploads\/sites\/20\/2022\/02\/Buy-Gelato-Hash-Online.jpg","datePublished":"2022-02-20T14:16:39+00:00","dateModified":"2022-07-05T23:54:33+00:00","description":"Compre Gelato Hash para venda Online Reino Unido, Europa! O haxixe de cepa de gelato \u00e9 algo saboroso para nossos apreciadores de haxixe e para aqueles que desejam se aventurar no mundo feliz do haxixe.","breadcrumb":{"@id":"https:\/\/medicinasinc.com\/pt\/product\/compre-gelato-hash-online\/#breadcrumb"},"inLanguage":"pt-PT","potentialAction":[{"@type":"ReadAction","target":["https:\/\/medicinasinc.com\/pt\/product\/compre-gelato-hash-online\/"]}]},{"@type":"ImageObject","inLanguage":"pt-PT","@id":"https:\/\/medicinasinc.com\/pt\/product\/compre-gelato-hash-online\/#primaryimage","url":"https:\/\/medicinasinc.com\/pt\/wp-content\/uploads\/sites\/20\/2022\/02\/Buy-Gelato-Hash-Online.jpg","contentUrl":"https:\/\/medicinasinc.com\/pt\/wp-content\/uploads\/sites\/20\/2022\/02\/Buy-Gelato-Hash-Online.jpg","width":600,"height":600},{"@type":"BreadcrumbList","@id":"https:\/\/medicinasinc.com\/pt\/product\/compre-gelato-hash-online\/#breadcrumb","itemListElement":[{"@type":"ListItem","position":1,"name":"Comprar","item":"https:\/\/medicinasinc.com\/pt\/comprar\/"},{"@type":"ListItem","position":2,"name":"Compre Gelato Hash Online"}]},{"@type":"WebSite","@id":"https:\/\/medicinasinc.com\/pt\/#website","url":"https:\/\/medicinasinc.com\/pt\/","name":"Medicinas Inc","description":"Health Medical Clinic","potentialAction":[{"@type":"SearchAction","target":{"@type":"EntryPoint","urlTemplate":"https:\/\/medicinasinc.com\/pt\/?s={search_term_string}"},"query-input":{"@type":"PropertyValueSpecification","valueRequired":true,"valueName":"search_term_string"}}],"inLanguage":"pt-PT"}]}},"_links":{"self":[{"href":"https:\/\/medicinasinc.com\/pt\/wp-json\/wp\/v2\/product\/4651","targetHints":{"allow":["GET"]}}],"collection":[{"href":"https:\/\/medicinasinc.com\/pt\/wp-json\/wp\/v2\/product"}],"about":[{"href":"https:\/\/medicinasinc.com\/pt\/wp-json\/wp\/v2\/types\/product"}],"replies":[{"embeddable":true,"href":"https:\/\/medicinasinc.com\/pt\/wp-json\/wp\/v2\/comments?post=4651"}],"wp:featuredmedia":[{"embeddable":true,"href":"https:\/\/medicinasinc.com\/pt\/wp-json\/wp\/v2\/media\/4663"}],"wp:attachment":[{"href":"https:\/\/medicinasinc.com\/pt\/wp-json\/wp\/v2\/media?parent=4651"}],"wp:term":[{"taxonomy":"product_brand","embeddable":true,"href":"https:\/\/medicinasinc.com\/pt\/wp-json\/wp\/v2\/product_brand?post=4651"},{"taxonomy":"product_cat","embeddable":true,"href":"https:\/\/medicinasinc.com\/pt\/wp-json\/wp\/v2\/product_cat?post=4651"},{"taxonomy":"product_tag","embeddable":true,"href":"https:\/\/medicinasinc.com\/pt\/wp-json\/wp\/v2\/product_tag?post=4651"}],"curies":[{"name":"wp","href":"https:\/\/api.w.org\/{rel}","templated":true}]}}