{"id":4627,"date":"2022-02-20T13:57:00","date_gmt":"2022-02-20T13:57:00","guid":{"rendered":"https:\/\/medicinasinc.com\/pt\/?post_type=product&#038;p=4627"},"modified":"2022-07-05T23:55:12","modified_gmt":"2022-07-05T23:55:12","slug":"comprar-bc-hash","status":"publish","type":"product","link":"https:\/\/medicinasinc.com\/pt\/product\/comprar-bc-hash\/","title":{"rendered":"Compre BC Hash"},"content":{"rendered":"<div class=\"woocommerce-tabs wc-tabs-wrapper\">\n<div id=\"tab-description\" class=\"woocommerce-Tabs-panel woocommerce-Tabs-panel--description panel entry-content wc-tab\" role=\"tabpanel\" aria-labelledby=\"tab-title-description\">\n<p>BC-Hash pode ser comprado online.<\/p>\n<p>Gostaria de experimentar algo novo hoje? Nossa recomenda\u00e7\u00e3o \u00e9 verificar este hash de alta qualidade que \u00e9 popular entre usu\u00e1rios de maconha novatos e experientes. BC-Hash pode ser comprado online.<\/p>\n<p>BC Hash tem um aroma e sabor distinto de pinho.<\/p>\n<p>Embora muitas pessoas prevejam um aroma forte, a realidade \u00e9 que \u00e9 bastante suave, tornando este produto bastante pr\u00e1tico tamb\u00e9m. A melhor parte \u00e9 que a alta n\u00e3o come\u00e7a imediatamente, ent\u00e3o voc\u00ea pode tomar seu tempo e esperar que dure muito tempo. Esta \u00e9 uma excelente op\u00e7\u00e3o tanto para quem procura um dia de relaxamento como para quem procura combater a ansiedade. Enviamos para os Estados Unidos da Am\u00e9rica, Reino Unido, Austr\u00e1lia, Canad\u00e1 e Europa, bem como internacionalmente.<\/p>\n<\/p><\/div><\/div>\n","protected":false},"excerpt":{"rendered":"<p>Compre BC Hash para venda no Reino Unido Online na melhor bagun\u00e7a global. Encomende produtos de \u00f3leo de hash e hash BC. Compre maconha on-line aqui e receba envio r\u00e1pido em qualquer lugar da Europa, Reino Unido.<\/p>\n<p>&nbsp;<\/p>\n<ul>\n<li>Envio para todo o mundo<\/li>\n<li><strong>Grau: AAAA<\/p>\n<p> strong&gt;<\/li>\n<li><strong>Entre em contato<\/strong>\u00a0para pedidos maiores<\/li>\n<\/ul>\n","protected":false},"featured_media":4639,"comment_status":"open","ping_status":"closed","template":"","meta":[],"product_brand":[],"product_cat":[610],"product_tag":[612,611,670,613,616,617,618,619,620,621,622,625,626,627,628,629,631,632,633,636,637,461,642,643,644,470,648,650,651,652,654,653,639,646,647,649,459,638,645,454,641,624,455,635,630,473,634,475,623,615,640,655,660,661,663,679,676,672,662,675,673,674,671,678,658,666,667,669,668,659,681,657,682,656,665,664,614,677,680],"class_list":{"0":"post-4627","1":"product","2":"type-product","3":"status-publish","4":"has-post-thumbnail","6":"product_cat-comprar-haxixe-haxixe","7":"product_tag-420-mail-order-eua","8":"product_tag-420-mail-order-marijuana-usa","9":"product_tag-anlises-dispensrio-envio-em-todo-o-mundo-online","10":"product_tag-best-marijuana-online-shop-usa","11":"product_tag-buy-cannabis-online-kuwait","12":"product_tag-buy-cannabis-online-malaysia","13":"product_tag-buy-cheap-weed-online-usa","14":"product_tag-buy-dabs-online","15":"product_tag-buy-dabs-online-mail-order","16":"product_tag-buy-hash-oil-online-australia","17":"product_tag-buy-hash-online-uk","18":"product_tag-buy-kush-online-usa","19":"product_tag-buy-legal-weed-online","20":"product_tag-buy-marijuana-online-australia","21":"product_tag-buy-marijuana-online-brazil","22":"product_tag-buy-marijuana-online-ca","23":"product_tag-buy-marijuana-online-latin-american","24":"product_tag-buy-marijuana-online-malaysia","25":"product_tag-buy-marijuana-online-middle-east","26":"product_tag-buy-marijuana-shatter-wax-online-with-worldwide-shipping","27":"product_tag-buy-marijuana-shatterwax-online-with-worldwide-shipping","28":"product_tag-buy-medical-marijuana-online","29":"product_tag-buy-shatter-wax-online","30":"product_tag-buy-thc-oil-online","31":"product_tag-buy-thc-wax-online","32":"product_tag-buy-weed-online","33":"product_tag-buy-weed-online-australia","34":"product_tag-buy-weed-online-with-worldwide-shipping","35":"product_tag-buy-weed-wax-online-with-worldwide-shipping","36":"product_tag-buying-marijuana-online-usa","37":"product_tag-california-dispensary-shipping-worldwide","38":"product_tag-buy-weed-online-usa-reviews","39":"product_tag-buy-marijuana-wax-online-uk","40":"product_tag-comprar-ervas-daninhas-comestveis-online","41":"product_tag-buy-weed-online-asia","42":"product_tag-buy-weed-online-eua","43":"product_tag-compre-marijuana-online-eua","44":"product_tag-comprar-maconha-cera-online-austrlia","45":"product_tag-compre-cera-online-com-envio-para-todo-o-mundo","46":"product_tag-comprar-maconha-comestveis-online","47":"product_tag-buy-gaskets-pr-laminated-online","48":"product_tag-compre-kush-online","49":"product_tag-comprar-maconha-online","50":"product_tag-compre-marijuana-online-com-transporte-para-todo-o-mundo","51":"product_tag-comprar-maconha-online-discreto-embalagem","52":"product_tag-buy-weed-online-europe","53":"product_tag-comprar-marijuana-online-uk","54":"product_tag-buy-weed-online-uk","55":"product_tag-compre-high-thc-cannabis-oil-online","56":"product_tag-compre-cannabis-oil-online","57":"product_tag-comprar-moon-rocks-online","58":"product_tag-edibles-worldwide-shipping","59":"product_tag-mail-order-marijuana-online","60":"product_tag-mail-order-marijuana-online-eua","61":"product_tag-mail-order-weed-online-with-worldwide-shipping","62":"product_tag-order-weed-online-eua","63":"product_tag-pedido-maconha-online-transporte-mundial","64":"product_tag-encomendar-maconha-online","65":"product_tag-mail-order-marijuana-online-with-worldwide-shipping","66":"product_tag-order-marijuana-online-eua","67":"product_tag-order-marijuana-online-europe","68":"product_tag-order-marijuana-online-france","69":"product_tag-pedido-kush-online-eua","70":"product_tag-encomendar-ervas-daninhas-online","71":"product_tag-legit-online-dispensary-shipping-eua","72":"product_tag-on-line-dispensrio-envio","73":"product_tag-on-line-dispensary-shipping-uk","74":"product_tag-on-line-dispensary-shipping-worldwide","75":"product_tag-on-line-dispensary-shipping-eua","76":"product_tag-legit-online-dispensary-shipping-worldwide","77":"product_tag-erva-para-venda-online-eua","78":"product_tag-legit-online-dispensary","79":"product_tag-world-cannabis-loja-online","80":"product_tag-legal-marijuana-for-sale-eua","81":"product_tag-maconha-online-eua","82":"product_tag-maconha-para-venda-eua","83":"product_tag-melhor-dispensrio-online","84":"product_tag-order-shatter-online-eua","85":"product_tag-ordering-weed-online-in-usa","87":"first","88":"instock","89":"shipping-taxable","90":"purchasable","91":"product-type-variable","92":"has-default-attributes"},"yoast_head":"<!-- This site is optimized with the Yoast SEO plugin v27.3 - https:\/\/yoast.com\/product\/yoast-seo-wordpress\/ -->\n<title>Compre BC Hash Online - Melhores Melhores Medicamentos Globais<\/title>\n<meta name=\"description\" content=\"Compre BC Hash para venda no Reino Unido Online nos melhores medicamentos globais. Encomende produtos de \u00f3leo de hash e hash BC. Compre maconha online aqui e receba envio r\u00e1pido em qualquer lugar da Europa, Reino Unido.\" \/>\n<meta name=\"robots\" content=\"index, follow, max-snippet:-1, max-image-preview:large, max-video-preview:-1\" \/>\n<link rel=\"canonical\" href=\"https:\/\/medicinasinc.com\/pt\/product\/comprar-bc-hash\/\" \/>\n<meta property=\"og:locale\" content=\"pt_PT\" \/>\n<meta property=\"og:type\" content=\"article\" \/>\n<meta property=\"og:title\" content=\"Compre BC Hash Online - Melhores Melhores Medicamentos Globais\" \/>\n<meta property=\"og:description\" content=\"Compre BC Hash para venda no Reino Unido Online nos melhores medicamentos globais. Encomende produtos de \u00f3leo de hash e hash BC. Compre maconha online aqui e receba envio r\u00e1pido em qualquer lugar da Europa, Reino Unido.\" \/>\n<meta property=\"og:url\" content=\"https:\/\/medicinasinc.com\/pt\/product\/comprar-bc-hash\/\" \/>\n<meta property=\"og:site_name\" content=\"Medicinas Inc\" \/>\n<meta property=\"article:modified_time\" content=\"2022-07-05T23:55:12+00:00\" \/>\n<meta property=\"og:image\" content=\"https:\/\/medicinasinc.com\/pt\/wp-content\/uploads\/sites\/20\/2022\/02\/Buy-BC-Hash.jpg\" \/>\n\t<meta property=\"og:image:width\" content=\"600\" \/>\n\t<meta property=\"og:image:height\" content=\"600\" \/>\n\t<meta property=\"og:image:type\" content=\"image\/jpeg\" \/>\n<meta name=\"twitter:card\" content=\"summary_large_image\" \/>\n<meta name=\"twitter:label1\" content=\"Tempo estimado de leitura\" \/>\n\t<meta name=\"twitter:data1\" content=\"1 minuto\" \/>\n<script type=\"application\/ld+json\" class=\"yoast-schema-graph\">{\"@context\":\"https:\\\/\\\/schema.org\",\"@graph\":[{\"@type\":\"WebPage\",\"@id\":\"https:\\\/\\\/medicinasinc.com\\\/pt\\\/product\\\/comprar-bc-hash\\\/\",\"url\":\"https:\\\/\\\/medicinasinc.com\\\/pt\\\/product\\\/comprar-bc-hash\\\/\",\"name\":\"Compre BC Hash Online - Melhores Melhores Medicamentos Globais\",\"isPartOf\":{\"@id\":\"https:\\\/\\\/medicinasinc.com\\\/pt\\\/#website\"},\"primaryImageOfPage\":{\"@id\":\"https:\\\/\\\/medicinasinc.com\\\/pt\\\/product\\\/comprar-bc-hash\\\/#primaryimage\"},\"image\":{\"@id\":\"https:\\\/\\\/medicinasinc.com\\\/pt\\\/product\\\/comprar-bc-hash\\\/#primaryimage\"},\"thumbnailUrl\":\"https:\\\/\\\/medicinasinc.com\\\/pt\\\/wp-content\\\/uploads\\\/sites\\\/20\\\/2022\\\/02\\\/Buy-BC-Hash.jpg\",\"datePublished\":\"2022-02-20T13:57:00+00:00\",\"dateModified\":\"2022-07-05T23:55:12+00:00\",\"description\":\"Compre BC Hash para venda no Reino Unido Online nos melhores medicamentos globais. Encomende produtos de \u00f3leo de hash e hash BC. Compre maconha online aqui e receba envio r\u00e1pido em qualquer lugar da Europa, Reino Unido.\",\"breadcrumb\":{\"@id\":\"https:\\\/\\\/medicinasinc.com\\\/pt\\\/product\\\/comprar-bc-hash\\\/#breadcrumb\"},\"inLanguage\":\"pt-PT\",\"potentialAction\":[{\"@type\":\"ReadAction\",\"target\":[\"https:\\\/\\\/medicinasinc.com\\\/pt\\\/product\\\/comprar-bc-hash\\\/\"]}]},{\"@type\":\"ImageObject\",\"inLanguage\":\"pt-PT\",\"@id\":\"https:\\\/\\\/medicinasinc.com\\\/pt\\\/product\\\/comprar-bc-hash\\\/#primaryimage\",\"url\":\"https:\\\/\\\/medicinasinc.com\\\/pt\\\/wp-content\\\/uploads\\\/sites\\\/20\\\/2022\\\/02\\\/Buy-BC-Hash.jpg\",\"contentUrl\":\"https:\\\/\\\/medicinasinc.com\\\/pt\\\/wp-content\\\/uploads\\\/sites\\\/20\\\/2022\\\/02\\\/Buy-BC-Hash.jpg\",\"width\":600,\"height\":600},{\"@type\":\"BreadcrumbList\",\"@id\":\"https:\\\/\\\/medicinasinc.com\\\/pt\\\/product\\\/comprar-bc-hash\\\/#breadcrumb\",\"itemListElement\":[{\"@type\":\"ListItem\",\"position\":1,\"name\":\"Comprar\",\"item\":\"https:\\\/\\\/medicinasinc.com\\\/pt\\\/comprar\\\/\"},{\"@type\":\"ListItem\",\"position\":2,\"name\":\"Compre BC Hash\"}]},{\"@type\":\"WebSite\",\"@id\":\"https:\\\/\\\/medicinasinc.com\\\/pt\\\/#website\",\"url\":\"https:\\\/\\\/medicinasinc.com\\\/pt\\\/\",\"name\":\"Medicinas Inc\",\"description\":\"Health Medical Clinic\",\"potentialAction\":[{\"@type\":\"SearchAction\",\"target\":{\"@type\":\"EntryPoint\",\"urlTemplate\":\"https:\\\/\\\/medicinasinc.com\\\/pt\\\/?s={search_term_string}\"},\"query-input\":{\"@type\":\"PropertyValueSpecification\",\"valueRequired\":true,\"valueName\":\"search_term_string\"}}],\"inLanguage\":\"pt-PT\"}]}<\/script>\n<!-- \/ Yoast SEO plugin. -->","yoast_head_json":{"title":"Compre BC Hash Online - Melhores Melhores Medicamentos Globais","description":"Compre BC Hash para venda no Reino Unido Online nos melhores medicamentos globais. Encomende produtos de \u00f3leo de hash e hash BC. Compre maconha online aqui e receba envio r\u00e1pido em qualquer lugar da Europa, Reino Unido.","robots":{"index":"index","follow":"follow","max-snippet":"max-snippet:-1","max-image-preview":"max-image-preview:large","max-video-preview":"max-video-preview:-1"},"canonical":"https:\/\/medicinasinc.com\/pt\/product\/comprar-bc-hash\/","og_locale":"pt_PT","og_type":"article","og_title":"Compre BC Hash Online - Melhores Melhores Medicamentos Globais","og_description":"Compre BC Hash para venda no Reino Unido Online nos melhores medicamentos globais. Encomende produtos de \u00f3leo de hash e hash BC. Compre maconha online aqui e receba envio r\u00e1pido em qualquer lugar da Europa, Reino Unido.","og_url":"https:\/\/medicinasinc.com\/pt\/product\/comprar-bc-hash\/","og_site_name":"Medicinas Inc","article_modified_time":"2022-07-05T23:55:12+00:00","og_image":[{"width":600,"height":600,"url":"https:\/\/medicinasinc.com\/pt\/wp-content\/uploads\/sites\/20\/2022\/02\/Buy-BC-Hash.jpg","type":"image\/jpeg"}],"twitter_card":"summary_large_image","twitter_misc":{"Tempo estimado de leitura":"1 minuto"},"schema":{"@context":"https:\/\/schema.org","@graph":[{"@type":"WebPage","@id":"https:\/\/medicinasinc.com\/pt\/product\/comprar-bc-hash\/","url":"https:\/\/medicinasinc.com\/pt\/product\/comprar-bc-hash\/","name":"Compre BC Hash Online - Melhores Melhores Medicamentos Globais","isPartOf":{"@id":"https:\/\/medicinasinc.com\/pt\/#website"},"primaryImageOfPage":{"@id":"https:\/\/medicinasinc.com\/pt\/product\/comprar-bc-hash\/#primaryimage"},"image":{"@id":"https:\/\/medicinasinc.com\/pt\/product\/comprar-bc-hash\/#primaryimage"},"thumbnailUrl":"https:\/\/medicinasinc.com\/pt\/wp-content\/uploads\/sites\/20\/2022\/02\/Buy-BC-Hash.jpg","datePublished":"2022-02-20T13:57:00+00:00","dateModified":"2022-07-05T23:55:12+00:00","description":"Compre BC Hash para venda no Reino Unido Online nos melhores medicamentos globais. Encomende produtos de \u00f3leo de hash e hash BC. Compre maconha online aqui e receba envio r\u00e1pido em qualquer lugar da Europa, Reino Unido.","breadcrumb":{"@id":"https:\/\/medicinasinc.com\/pt\/product\/comprar-bc-hash\/#breadcrumb"},"inLanguage":"pt-PT","potentialAction":[{"@type":"ReadAction","target":["https:\/\/medicinasinc.com\/pt\/product\/comprar-bc-hash\/"]}]},{"@type":"ImageObject","inLanguage":"pt-PT","@id":"https:\/\/medicinasinc.com\/pt\/product\/comprar-bc-hash\/#primaryimage","url":"https:\/\/medicinasinc.com\/pt\/wp-content\/uploads\/sites\/20\/2022\/02\/Buy-BC-Hash.jpg","contentUrl":"https:\/\/medicinasinc.com\/pt\/wp-content\/uploads\/sites\/20\/2022\/02\/Buy-BC-Hash.jpg","width":600,"height":600},{"@type":"BreadcrumbList","@id":"https:\/\/medicinasinc.com\/pt\/product\/comprar-bc-hash\/#breadcrumb","itemListElement":[{"@type":"ListItem","position":1,"name":"Comprar","item":"https:\/\/medicinasinc.com\/pt\/comprar\/"},{"@type":"ListItem","position":2,"name":"Compre BC Hash"}]},{"@type":"WebSite","@id":"https:\/\/medicinasinc.com\/pt\/#website","url":"https:\/\/medicinasinc.com\/pt\/","name":"Medicinas Inc","description":"Health Medical Clinic","potentialAction":[{"@type":"SearchAction","target":{"@type":"EntryPoint","urlTemplate":"https:\/\/medicinasinc.com\/pt\/?s={search_term_string}"},"query-input":{"@type":"PropertyValueSpecification","valueRequired":true,"valueName":"search_term_string"}}],"inLanguage":"pt-PT"}]}},"_links":{"self":[{"href":"https:\/\/medicinasinc.com\/pt\/wp-json\/wp\/v2\/product\/4627","targetHints":{"allow":["GET"]}}],"collection":[{"href":"https:\/\/medicinasinc.com\/pt\/wp-json\/wp\/v2\/product"}],"about":[{"href":"https:\/\/medicinasinc.com\/pt\/wp-json\/wp\/v2\/types\/product"}],"replies":[{"embeddable":true,"href":"https:\/\/medicinasinc.com\/pt\/wp-json\/wp\/v2\/comments?post=4627"}],"wp:featuredmedia":[{"embeddable":true,"href":"https:\/\/medicinasinc.com\/pt\/wp-json\/wp\/v2\/media\/4639"}],"wp:attachment":[{"href":"https:\/\/medicinasinc.com\/pt\/wp-json\/wp\/v2\/media?parent=4627"}],"wp:term":[{"taxonomy":"product_brand","embeddable":true,"href":"https:\/\/medicinasinc.com\/pt\/wp-json\/wp\/v2\/product_brand?post=4627"},{"taxonomy":"product_cat","embeddable":true,"href":"https:\/\/medicinasinc.com\/pt\/wp-json\/wp\/v2\/product_cat?post=4627"},{"taxonomy":"product_tag","embeddable":true,"href":"https:\/\/medicinasinc.com\/pt\/wp-json\/wp\/v2\/product_tag?post=4627"}],"curies":[{"name":"wp","href":"https:\/\/api.w.org\/{rel}","templated":true}]}}