{"id":4609,"date":"2022-02-20T13:44:35","date_gmt":"2022-02-20T13:44:35","guid":{"rendered":"https:\/\/medicinasinc.com\/pt\/?post_type=product&#038;p=4609"},"modified":"2022-07-05T23:55:54","modified_gmt":"2022-07-05T23:55:54","slug":"comprar-pilulas-de-maca-verde-real","status":"publish","type":"product","link":"https:\/\/medicinasinc.com\/pt\/product\/comprar-pilulas-de-maca-verde-real\/","title":{"rendered":"Compre p\u00edlulas de ecstasy de ma\u00e7\u00e3 verde real"},"content":{"rendered":"<p>Compre o Genuine Green Apple Ecstasy online.<\/p>\n<p>Tenho certeza de que voc\u00ea \u00e9 bem conhecido por esse axioma. &#8220;Uma ma\u00e7\u00e3 por dia afasta o especialista&#8221;, diz o prov\u00e9rbio. Dados os in\u00fameros benef\u00edcios para a sa\u00fade associados \u00e0 ingest\u00e3o de ma\u00e7\u00e3s, esse ditado diet\u00e9tico pode n\u00e3o estar muito longe da realidade. Aqui est\u00e3o alguns dos benef\u00edcios para a sa\u00fade associados \u00e0 ingest\u00e3o de ma\u00e7\u00e3s verdes.<\/p>\n<p>O consumo de ma\u00e7\u00e3s demonstrou melhorar a sa\u00fade do cora\u00e7\u00e3o e reduzir o risco de desenvolver doen\u00e7as cardiovasculares.<\/p>\n<p>O mecanismo preciso por quais ma\u00e7\u00e3s melhoram a sa\u00fade do cora\u00e7\u00e3o \u00e9 confuso. Uma explica\u00e7\u00e3o poss\u00edvel \u00e9 que as ma\u00e7\u00e3s cont\u00eam uma grande quantidade de fibra diet\u00e9tica, que tem sido associada \u00e0 redu\u00e7\u00e3o do colesterol LDL.<\/p>\n<p>Reduza o risco de desenvolver diabetes tipo 2<\/p>\n<p>Consumindo apenas uma algumas ma\u00e7\u00e3s verdes por semana podem reduzir o risco de desenvolver diabetes tipo 2, de acordo com um estudo; no entanto, pesquisas adicionais devem ser realizadas. Ainda n\u00e3o se sabe se os compostos encontrados nas ma\u00e7\u00e3s verdes ajudam os indiv\u00edduos a controlar seus sintomas de diabetes.<\/p>\n<p>Como a ma\u00e7\u00e3 verde tem uma infinidade de vantagens, as p\u00edlulas de ma\u00e7\u00e3 verde tamb\u00e9m t\u00eam uma infinidade de vantagens. Devemos ter uma discuss\u00e3o sobre as p\u00edlulas de ma\u00e7\u00e3 verde.<br \/> Se voc\u00ea gosta de beber suco de ma\u00e7\u00e3 fresco em um dia quente de ver\u00e3o, as p\u00edlulas verdes e de ma\u00e7\u00e3 melhorar\u00e3o sua experi\u00eancia e satisfa\u00e7\u00e3o em alguns pontos. Feito em Washington com p\u00edlulas de ma\u00e7\u00e3 verde, o grupo infundiu essas p\u00edlulas com a melhor cannabis do estado.<\/p>\n<p>O THC pode ser dif\u00edcil de queimar do ponto de vista da dosagem, especialmente se os portadores n\u00e3o forem marcados excepcionalmente bem. As p\u00edlulas de ma\u00e7\u00e3 verde mudaram tudo isso, pois agora oferecem tr\u00eas variedades distintas de sua renomada mistura de 12 on\u00e7as em v\u00e1rios graus de for\u00e7a. Os rebatedores significativos apreciar\u00e3o sua mistura mais fundamentada, que cont\u00e9m 100 mg por 12 on\u00e7as.<\/p>\n<p>Devido ao fato de as p\u00edlulas de ma\u00e7\u00e3 verde incorporarem cannabis por meio de um novo m\u00e9todo, os clientes ficam sem cheiro ou sabor de maconha detect\u00e1vel, tornando-os ideais para indiv\u00edduos que desejam ficar chapados, mas s\u00e3o incapazes de ir al\u00e9m do tipo de outras p\u00edlulas. Al\u00e9m disso, tomar sua cannabis contribui para o avan\u00e7o de um estilo de vida mais saud\u00e1vel, pois a fuma\u00e7a das flores ou vapes pode se tornar prejudicial depois de um tempo. A p\u00edlula de ma\u00e7\u00e3 verde \u00e9 ben\u00e9fica por um ano e cont\u00e9m poucas calorias, ent\u00e3o a \u00fanica coisa com que voc\u00ea precisa se preocupar \u00e9 se abster de alimentos depois de tomar o medicamento.<\/p>\n<table style=\"height: 104px\" width=\"508\">\n<tbody>\n<tr>\n<th><span style=\"font-weight: 400\">Cor:<\/span><\/th>\n<td>Verde<\/td>\n<\/tr>\n<tr>\n<th> <span style=\"font-weight: 400\">Tamanho:<\/span><\/th>\n<td>279 mg<\/td>\n<\/tr>\n<\/tbody>\n<\/table>\n","protected":false},"excerpt":{"rendered":"<div class=\"woocommerce-product-details__short-description\">\n<p>Compre P\u00edlulas de Ecstasy de Ma\u00e7\u00e3 Verde Real \u00e0 Venda on-line no Reino Unido, Europa aos melhores pre\u00e7os do melhor fornecedor de MDMA confi\u00e1vel, garantimos uma entrega discreta e segura em todo o mundo<\/p>\n<p><strong>O pedido m\u00ednimo<\/strong><strong> \u00e9 de 50 comprimidos.<\/strong><\/p>\n<\/p><\/div>\n","protected":false},"featured_media":4620,"comment_status":"open","ping_status":"closed","template":"","meta":[],"product_brand":[],"product_cat":[498],"product_tag":[593,597,598,596,594,599,600,605,606,607,608,609,602,603,595,601,604],"class_list":{"0":"post-4609","1":"product","2":"type-product","3":"status-publish","4":"has-post-thumbnail","6":"product_cat-compre-pilulas-de-ecstasy","7":"product_tag-apple-drug","8":"product_tag-droga-ma-verde","9":"product_tag-drogas-ma-verde","10":"product_tag-e-pill-pink","11":"product_tag-xtase-de-ma","12":"product_tag-xtase-ma-verde","13":"product_tag-green-apple-logo","14":"product_tag-green-pills-drugs","15":"product_tag-green-rolex-pill","16":"product_tag-green-rolex-pill-report","17":"product_tag-green-tablet-pill","18":"product_tag-pequenas-plulas-verdes","19":"product_tag-plula-ecstasy-verde","20":"product_tag-plulas-extacy-verde","21":"product_tag-plulas-de-ma","22":"product_tag-plulas-de-ma-verde","23":"product_tag-plulas-verdes","25":"first","26":"instock","27":"shipping-taxable","28":"purchasable","29":"product-type-variable","30":"has-default-attributes"},"yoast_head":"<!-- This site is optimized with the Yoast SEO plugin v27.3 - https:\/\/yoast.com\/product\/yoast-seo-wordpress\/ -->\n<title>Compre P\u00edlulas de Ecstasy de Ma\u00e7\u00e3 Verde Real Online - Melhores Melhores Medicamentos Globais<\/title>\n<meta name=\"description\" content=\"Compre p\u00edlulas de ecstasy de ma\u00e7\u00e3 verde real para venda on-line no Reino Unido, Europa aos melhores pre\u00e7os do melhor fornecedor de MDMA confi\u00e1vel, garantimos uma entrega discreta e segura em todo o mundo\" \/>\n<meta name=\"robots\" content=\"index, follow, max-snippet:-1, max-image-preview:large, max-video-preview:-1\" \/>\n<link rel=\"canonical\" href=\"https:\/\/medicinasinc.com\/pt\/product\/comprar-pilulas-de-maca-verde-real\/\" \/>\n<meta property=\"og:locale\" content=\"pt_PT\" \/>\n<meta property=\"og:type\" content=\"article\" \/>\n<meta property=\"og:title\" content=\"Compre P\u00edlulas de Ecstasy de Ma\u00e7\u00e3 Verde Real Online - Melhores Melhores Medicamentos Globais\" \/>\n<meta property=\"og:description\" content=\"Compre p\u00edlulas de ecstasy de ma\u00e7\u00e3 verde real para venda on-line no Reino Unido, Europa aos melhores pre\u00e7os do melhor fornecedor de MDMA confi\u00e1vel, garantimos uma entrega discreta e segura em todo o mundo\" \/>\n<meta property=\"og:url\" content=\"https:\/\/medicinasinc.com\/pt\/product\/comprar-pilulas-de-maca-verde-real\/\" \/>\n<meta property=\"og:site_name\" content=\"Medicinas Inc\" \/>\n<meta property=\"article:modified_time\" content=\"2022-07-05T23:55:54+00:00\" \/>\n<meta property=\"og:image\" content=\"https:\/\/medicinasinc.com\/pt\/wp-content\/uploads\/sites\/20\/2022\/02\/order-real-green-apple-ecstasy-pills-online.jpg\" \/>\n\t<meta property=\"og:image:width\" content=\"600\" \/>\n\t<meta property=\"og:image:height\" content=\"600\" \/>\n\t<meta property=\"og:image:type\" content=\"image\/jpeg\" \/>\n<meta name=\"twitter:card\" content=\"summary_large_image\" \/>\n<meta name=\"twitter:label1\" content=\"Tempo estimado de leitura\" \/>\n\t<meta name=\"twitter:data1\" content=\"2 minutos\" \/>\n<script type=\"application\/ld+json\" class=\"yoast-schema-graph\">{\"@context\":\"https:\\\/\\\/schema.org\",\"@graph\":[{\"@type\":\"WebPage\",\"@id\":\"https:\\\/\\\/medicinasinc.com\\\/pt\\\/product\\\/comprar-pilulas-de-maca-verde-real\\\/\",\"url\":\"https:\\\/\\\/medicinasinc.com\\\/pt\\\/product\\\/comprar-pilulas-de-maca-verde-real\\\/\",\"name\":\"Compre P\u00edlulas de Ecstasy de Ma\u00e7\u00e3 Verde Real Online - Melhores Melhores Medicamentos Globais\",\"isPartOf\":{\"@id\":\"https:\\\/\\\/medicinasinc.com\\\/pt\\\/#website\"},\"primaryImageOfPage\":{\"@id\":\"https:\\\/\\\/medicinasinc.com\\\/pt\\\/product\\\/comprar-pilulas-de-maca-verde-real\\\/#primaryimage\"},\"image\":{\"@id\":\"https:\\\/\\\/medicinasinc.com\\\/pt\\\/product\\\/comprar-pilulas-de-maca-verde-real\\\/#primaryimage\"},\"thumbnailUrl\":\"https:\\\/\\\/medicinasinc.com\\\/pt\\\/wp-content\\\/uploads\\\/sites\\\/20\\\/2022\\\/02\\\/order-real-green-apple-ecstasy-pills-online.jpg\",\"datePublished\":\"2022-02-20T13:44:35+00:00\",\"dateModified\":\"2022-07-05T23:55:54+00:00\",\"description\":\"Compre p\u00edlulas de ecstasy de ma\u00e7\u00e3 verde real para venda on-line no Reino Unido, Europa aos melhores pre\u00e7os do melhor fornecedor de MDMA confi\u00e1vel, garantimos uma entrega discreta e segura em todo o mundo\",\"breadcrumb\":{\"@id\":\"https:\\\/\\\/medicinasinc.com\\\/pt\\\/product\\\/comprar-pilulas-de-maca-verde-real\\\/#breadcrumb\"},\"inLanguage\":\"pt-PT\",\"potentialAction\":[{\"@type\":\"ReadAction\",\"target\":[\"https:\\\/\\\/medicinasinc.com\\\/pt\\\/product\\\/comprar-pilulas-de-maca-verde-real\\\/\"]}]},{\"@type\":\"ImageObject\",\"inLanguage\":\"pt-PT\",\"@id\":\"https:\\\/\\\/medicinasinc.com\\\/pt\\\/product\\\/comprar-pilulas-de-maca-verde-real\\\/#primaryimage\",\"url\":\"https:\\\/\\\/medicinasinc.com\\\/pt\\\/wp-content\\\/uploads\\\/sites\\\/20\\\/2022\\\/02\\\/order-real-green-apple-ecstasy-pills-online.jpg\",\"contentUrl\":\"https:\\\/\\\/medicinasinc.com\\\/pt\\\/wp-content\\\/uploads\\\/sites\\\/20\\\/2022\\\/02\\\/order-real-green-apple-ecstasy-pills-online.jpg\",\"width\":600,\"height\":600},{\"@type\":\"BreadcrumbList\",\"@id\":\"https:\\\/\\\/medicinasinc.com\\\/pt\\\/product\\\/comprar-pilulas-de-maca-verde-real\\\/#breadcrumb\",\"itemListElement\":[{\"@type\":\"ListItem\",\"position\":1,\"name\":\"Comprar\",\"item\":\"https:\\\/\\\/medicinasinc.com\\\/pt\\\/comprar\\\/\"},{\"@type\":\"ListItem\",\"position\":2,\"name\":\"Compre p\u00edlulas de ecstasy de ma\u00e7\u00e3 verde real\"}]},{\"@type\":\"WebSite\",\"@id\":\"https:\\\/\\\/medicinasinc.com\\\/pt\\\/#website\",\"url\":\"https:\\\/\\\/medicinasinc.com\\\/pt\\\/\",\"name\":\"Medicinas Inc\",\"description\":\"Health Medical Clinic\",\"potentialAction\":[{\"@type\":\"SearchAction\",\"target\":{\"@type\":\"EntryPoint\",\"urlTemplate\":\"https:\\\/\\\/medicinasinc.com\\\/pt\\\/?s={search_term_string}\"},\"query-input\":{\"@type\":\"PropertyValueSpecification\",\"valueRequired\":true,\"valueName\":\"search_term_string\"}}],\"inLanguage\":\"pt-PT\"}]}<\/script>\n<!-- \/ Yoast SEO plugin. -->","yoast_head_json":{"title":"Compre P\u00edlulas de Ecstasy de Ma\u00e7\u00e3 Verde Real Online - Melhores Melhores Medicamentos Globais","description":"Compre p\u00edlulas de ecstasy de ma\u00e7\u00e3 verde real para venda on-line no Reino Unido, Europa aos melhores pre\u00e7os do melhor fornecedor de MDMA confi\u00e1vel, garantimos uma entrega discreta e segura em todo o mundo","robots":{"index":"index","follow":"follow","max-snippet":"max-snippet:-1","max-image-preview":"max-image-preview:large","max-video-preview":"max-video-preview:-1"},"canonical":"https:\/\/medicinasinc.com\/pt\/product\/comprar-pilulas-de-maca-verde-real\/","og_locale":"pt_PT","og_type":"article","og_title":"Compre P\u00edlulas de Ecstasy de Ma\u00e7\u00e3 Verde Real Online - Melhores Melhores Medicamentos Globais","og_description":"Compre p\u00edlulas de ecstasy de ma\u00e7\u00e3 verde real para venda on-line no Reino Unido, Europa aos melhores pre\u00e7os do melhor fornecedor de MDMA confi\u00e1vel, garantimos uma entrega discreta e segura em todo o mundo","og_url":"https:\/\/medicinasinc.com\/pt\/product\/comprar-pilulas-de-maca-verde-real\/","og_site_name":"Medicinas Inc","article_modified_time":"2022-07-05T23:55:54+00:00","og_image":[{"width":600,"height":600,"url":"https:\/\/medicinasinc.com\/pt\/wp-content\/uploads\/sites\/20\/2022\/02\/order-real-green-apple-ecstasy-pills-online.jpg","type":"image\/jpeg"}],"twitter_card":"summary_large_image","twitter_misc":{"Tempo estimado de leitura":"2 minutos"},"schema":{"@context":"https:\/\/schema.org","@graph":[{"@type":"WebPage","@id":"https:\/\/medicinasinc.com\/pt\/product\/comprar-pilulas-de-maca-verde-real\/","url":"https:\/\/medicinasinc.com\/pt\/product\/comprar-pilulas-de-maca-verde-real\/","name":"Compre P\u00edlulas de Ecstasy de Ma\u00e7\u00e3 Verde Real Online - Melhores Melhores Medicamentos Globais","isPartOf":{"@id":"https:\/\/medicinasinc.com\/pt\/#website"},"primaryImageOfPage":{"@id":"https:\/\/medicinasinc.com\/pt\/product\/comprar-pilulas-de-maca-verde-real\/#primaryimage"},"image":{"@id":"https:\/\/medicinasinc.com\/pt\/product\/comprar-pilulas-de-maca-verde-real\/#primaryimage"},"thumbnailUrl":"https:\/\/medicinasinc.com\/pt\/wp-content\/uploads\/sites\/20\/2022\/02\/order-real-green-apple-ecstasy-pills-online.jpg","datePublished":"2022-02-20T13:44:35+00:00","dateModified":"2022-07-05T23:55:54+00:00","description":"Compre p\u00edlulas de ecstasy de ma\u00e7\u00e3 verde real para venda on-line no Reino Unido, Europa aos melhores pre\u00e7os do melhor fornecedor de MDMA confi\u00e1vel, garantimos uma entrega discreta e segura em todo o mundo","breadcrumb":{"@id":"https:\/\/medicinasinc.com\/pt\/product\/comprar-pilulas-de-maca-verde-real\/#breadcrumb"},"inLanguage":"pt-PT","potentialAction":[{"@type":"ReadAction","target":["https:\/\/medicinasinc.com\/pt\/product\/comprar-pilulas-de-maca-verde-real\/"]}]},{"@type":"ImageObject","inLanguage":"pt-PT","@id":"https:\/\/medicinasinc.com\/pt\/product\/comprar-pilulas-de-maca-verde-real\/#primaryimage","url":"https:\/\/medicinasinc.com\/pt\/wp-content\/uploads\/sites\/20\/2022\/02\/order-real-green-apple-ecstasy-pills-online.jpg","contentUrl":"https:\/\/medicinasinc.com\/pt\/wp-content\/uploads\/sites\/20\/2022\/02\/order-real-green-apple-ecstasy-pills-online.jpg","width":600,"height":600},{"@type":"BreadcrumbList","@id":"https:\/\/medicinasinc.com\/pt\/product\/comprar-pilulas-de-maca-verde-real\/#breadcrumb","itemListElement":[{"@type":"ListItem","position":1,"name":"Comprar","item":"https:\/\/medicinasinc.com\/pt\/comprar\/"},{"@type":"ListItem","position":2,"name":"Compre p\u00edlulas de ecstasy de ma\u00e7\u00e3 verde real"}]},{"@type":"WebSite","@id":"https:\/\/medicinasinc.com\/pt\/#website","url":"https:\/\/medicinasinc.com\/pt\/","name":"Medicinas Inc","description":"Health Medical Clinic","potentialAction":[{"@type":"SearchAction","target":{"@type":"EntryPoint","urlTemplate":"https:\/\/medicinasinc.com\/pt\/?s={search_term_string}"},"query-input":{"@type":"PropertyValueSpecification","valueRequired":true,"valueName":"search_term_string"}}],"inLanguage":"pt-PT"}]}},"_links":{"self":[{"href":"https:\/\/medicinasinc.com\/pt\/wp-json\/wp\/v2\/product\/4609","targetHints":{"allow":["GET"]}}],"collection":[{"href":"https:\/\/medicinasinc.com\/pt\/wp-json\/wp\/v2\/product"}],"about":[{"href":"https:\/\/medicinasinc.com\/pt\/wp-json\/wp\/v2\/types\/product"}],"replies":[{"embeddable":true,"href":"https:\/\/medicinasinc.com\/pt\/wp-json\/wp\/v2\/comments?post=4609"}],"wp:featuredmedia":[{"embeddable":true,"href":"https:\/\/medicinasinc.com\/pt\/wp-json\/wp\/v2\/media\/4620"}],"wp:attachment":[{"href":"https:\/\/medicinasinc.com\/pt\/wp-json\/wp\/v2\/media?parent=4609"}],"wp:term":[{"taxonomy":"product_brand","embeddable":true,"href":"https:\/\/medicinasinc.com\/pt\/wp-json\/wp\/v2\/product_brand?post=4609"},{"taxonomy":"product_cat","embeddable":true,"href":"https:\/\/medicinasinc.com\/pt\/wp-json\/wp\/v2\/product_cat?post=4609"},{"taxonomy":"product_tag","embeddable":true,"href":"https:\/\/medicinasinc.com\/pt\/wp-json\/wp\/v2\/product_tag?post=4609"}],"curies":[{"name":"wp","href":"https:\/\/api.w.org\/{rel}","templated":true}]}}