{"id":4592,"date":"2022-02-20T13:31:58","date_gmt":"2022-02-20T13:31:58","guid":{"rendered":"https:\/\/medicinasinc.com\/pt\/?post_type=product&#038;p=4592"},"modified":"2022-07-05T23:56:07","modified_gmt":"2022-07-05T23:56:07","slug":"buy-xtc-philipp-plein-blue-524-mg-mdma-pills","status":"publish","type":"product","link":"https:\/\/medicinasinc.com\/pt\/product\/buy-xtc-philipp-plein-blue-524-mg-mdma-pills\/","title":{"rendered":"Compre XTC- Philipp Plein Blue- 524 mg comprimidos de MDMA"},"content":{"rendered":"<div class=\"woocommerce-tabs wc-tabs-wrapper\">\n<div id=\"tab-description\" class=\"woocommerce-Tabs-panel woocommerce-Tabs-panel--description panel entry-content wc-tab\" role=\"tabpanel\" aria-labelledby=\"tab-title-description\">\n<p>Compra online de comprimidos de MDMA XTC- Philipp Plein Blue-524 mg.<\/p>\n<p>\u2013 Philipp Plein 524MG oferece uma experi\u00eancia excepcional. \u00c9 um produto totalmente seguro e higi\u00eanico. Excelente qualidade a um pre\u00e7o acess\u00edvel. \u2013 Os efeitos come\u00e7am aproximadamente 30 minutos depois e duram aproximadamente 6 horas.<br \/> \u2013 Use metade desta p\u00edlula de cada vez. Consuma uma quantidade adequada de \u00e1gua durante a medica\u00e7\u00e3o.<\/p>\n<h1><a style=\"font-size: 16px\" href=\"https:\/\/merrydrug.com\/\">.<\/a><\/h1>\n<\/p><\/div><\/div>\n<div class=\"produtos relacionados\"><\/div>\n","protected":false},"excerpt":{"rendered":"<div class=\"woocommerce-product-details__short-description\">\n<p>Compre Philipp Plein Blue- 524 Mg MDMA no Reino Unido e na Europa ao melhor pre\u00e7o de mercado. Todos os nossos produtos s\u00e3o feitos com ingredientes totalmente naturais e livres de THC. Fa\u00e7a seu pedido on-line agora!<\/p>\n<p>Philipp Blue-524 \u00e9 uma p\u00edlula de festa extrema e uma droga MDMA que \u00e9 amplamente utilizada nos Estados Unidos da Am\u00e9rica e na Cor\u00e9ia. Suas propriedades psicoativas foram descobertas em meados da d\u00e9cada de 1750. Se algu\u00e9m quiser experimentar um n\u00edvel extremo de alta, ele n\u00e3o deixar\u00e1 este produto depois de experiment\u00e1-lo. Philipp Blue tamb\u00e9m \u00e9 usado em cerim\u00f4nias religiosas e permaneceu um produto de alta qualidade por anos porque as pessoas est\u00e3o cientes de seus benef\u00edcios e n\u00e3o podem viver sem ele.<\/p>\n<p>As pessoas reordenam isso devido aos seus efeitos potentes e resultados r\u00e1pidos. Devido \u00e0 sua efic\u00e1cia, nunca permanecer\u00e1 em estoque por um longo per\u00edodo de tempo.<\/p>\n<p>Compra de p\u00edlulas Philipp Plein Blue-524<\/p>\n<p>A quantidade m\u00ednima do pedido \u00e9 de cinquenta p\u00edlulas.<\/p>\n<\/p><\/div>\n","protected":false},"featured_media":4605,"comment_status":"open","ping_status":"closed","template":"","meta":[],"product_brand":[],"product_cat":[498],"product_tag":[584,585,583,501,588,586,587,589,590,512,591,592],"class_list":{"0":"post-4592","1":"product","2":"type-product","3":"status-publish","4":"has-post-thumbnail","6":"product_cat-compre-pilulas-de-ecstasy","7":"product_tag-buy-xtc-pills-online","8":"product_tag-buy-xtc-philipp-plein-blue-524-mg-mdma-pills-online","9":"product_tag-comprar-ecstasy-plulas-online","10":"product_tag-compre-mdma-online","11":"product_tag-comprimidos-de-ecstasy","12":"product_tag-drogas","13":"product_tag-xtase","14":"product_tag-ghb","15":"product_tag-love-drugs","16":"product_tag-mdma","17":"product_tag-mg-mdma","18":"product_tag-xtc-plulas","20":"first","21":"instock","22":"shipping-taxable","23":"purchasable","24":"product-type-variable","25":"has-default-attributes"},"yoast_head":"<!-- This site is optimized with the Yoast SEO plugin v27.3 - https:\/\/yoast.com\/product\/yoast-seo-wordpress\/ -->\n<title>Compre XTC- Philipp Plein Blue- 524 mg comprimidos de MDMA - Global Medicina<\/title>\n<meta name=\"description\" content=\"Compre Philipp Plein Blue- 524 Mg MDMA UK, Europa ao melhor pre\u00e7o do mercado. Todos os nossos produtos s\u00e3o feitos com ingredientes naturais puros e livres de THC. Pe\u00e7a online agora!\" \/>\n<meta name=\"robots\" content=\"index, follow, max-snippet:-1, max-image-preview:large, max-video-preview:-1\" \/>\n<link rel=\"canonical\" href=\"https:\/\/medicinasinc.com\/pt\/product\/buy-xtc-philipp-plein-blue-524-mg-mdma-pills\/\" \/>\n<meta property=\"og:locale\" content=\"pt_PT\" \/>\n<meta property=\"og:type\" content=\"article\" \/>\n<meta property=\"og:title\" content=\"Compre XTC- Philipp Plein Blue- 524 mg comprimidos de MDMA - Global Medicina\" \/>\n<meta property=\"og:description\" content=\"Compre Philipp Plein Blue- 524 Mg MDMA UK, Europa ao melhor pre\u00e7o do mercado. Todos os nossos produtos s\u00e3o feitos com ingredientes naturais puros e livres de THC. Pe\u00e7a online agora!\" \/>\n<meta property=\"og:url\" content=\"https:\/\/medicinasinc.com\/pt\/product\/buy-xtc-philipp-plein-blue-524-mg-mdma-pills\/\" \/>\n<meta property=\"og:site_name\" content=\"Medicinas Inc\" \/>\n<meta property=\"article:modified_time\" content=\"2022-07-05T23:56:07+00:00\" \/>\n<meta property=\"og:image\" content=\"https:\/\/medicinasinc.com\/pt\/wp-content\/uploads\/sites\/20\/2022\/02\/buy-xtc-philipp-plein-blue-524-mg-mdma-pills-online.jpg\" \/>\n\t<meta property=\"og:image:width\" content=\"600\" \/>\n\t<meta property=\"og:image:height\" content=\"600\" \/>\n\t<meta property=\"og:image:type\" content=\"image\/jpeg\" \/>\n<meta name=\"twitter:card\" content=\"summary_large_image\" \/>\n<meta name=\"twitter:label1\" content=\"Tempo estimado de leitura\" \/>\n\t<meta name=\"twitter:data1\" content=\"1 minuto\" \/>\n<script type=\"application\/ld+json\" class=\"yoast-schema-graph\">{\"@context\":\"https:\\\/\\\/schema.org\",\"@graph\":[{\"@type\":\"WebPage\",\"@id\":\"https:\\\/\\\/medicinasinc.com\\\/pt\\\/product\\\/buy-xtc-philipp-plein-blue-524-mg-mdma-pills\\\/\",\"url\":\"https:\\\/\\\/medicinasinc.com\\\/pt\\\/product\\\/buy-xtc-philipp-plein-blue-524-mg-mdma-pills\\\/\",\"name\":\"Compre XTC- Philipp Plein Blue- 524 mg comprimidos de MDMA - Global Medicina\",\"isPartOf\":{\"@id\":\"https:\\\/\\\/medicinasinc.com\\\/pt\\\/#website\"},\"primaryImageOfPage\":{\"@id\":\"https:\\\/\\\/medicinasinc.com\\\/pt\\\/product\\\/buy-xtc-philipp-plein-blue-524-mg-mdma-pills\\\/#primaryimage\"},\"image\":{\"@id\":\"https:\\\/\\\/medicinasinc.com\\\/pt\\\/product\\\/buy-xtc-philipp-plein-blue-524-mg-mdma-pills\\\/#primaryimage\"},\"thumbnailUrl\":\"https:\\\/\\\/medicinasinc.com\\\/pt\\\/wp-content\\\/uploads\\\/sites\\\/20\\\/2022\\\/02\\\/buy-xtc-philipp-plein-blue-524-mg-mdma-pills-online.jpg\",\"datePublished\":\"2022-02-20T13:31:58+00:00\",\"dateModified\":\"2022-07-05T23:56:07+00:00\",\"description\":\"Compre Philipp Plein Blue- 524 Mg MDMA UK, Europa ao melhor pre\u00e7o do mercado. Todos os nossos produtos s\u00e3o feitos com ingredientes naturais puros e livres de THC. Pe\u00e7a online agora!\",\"breadcrumb\":{\"@id\":\"https:\\\/\\\/medicinasinc.com\\\/pt\\\/product\\\/buy-xtc-philipp-plein-blue-524-mg-mdma-pills\\\/#breadcrumb\"},\"inLanguage\":\"pt-PT\",\"potentialAction\":[{\"@type\":\"ReadAction\",\"target\":[\"https:\\\/\\\/medicinasinc.com\\\/pt\\\/product\\\/buy-xtc-philipp-plein-blue-524-mg-mdma-pills\\\/\"]}]},{\"@type\":\"ImageObject\",\"inLanguage\":\"pt-PT\",\"@id\":\"https:\\\/\\\/medicinasinc.com\\\/pt\\\/product\\\/buy-xtc-philipp-plein-blue-524-mg-mdma-pills\\\/#primaryimage\",\"url\":\"https:\\\/\\\/medicinasinc.com\\\/pt\\\/wp-content\\\/uploads\\\/sites\\\/20\\\/2022\\\/02\\\/buy-xtc-philipp-plein-blue-524-mg-mdma-pills-online.jpg\",\"contentUrl\":\"https:\\\/\\\/medicinasinc.com\\\/pt\\\/wp-content\\\/uploads\\\/sites\\\/20\\\/2022\\\/02\\\/buy-xtc-philipp-plein-blue-524-mg-mdma-pills-online.jpg\",\"width\":600,\"height\":600},{\"@type\":\"BreadcrumbList\",\"@id\":\"https:\\\/\\\/medicinasinc.com\\\/pt\\\/product\\\/buy-xtc-philipp-plein-blue-524-mg-mdma-pills\\\/#breadcrumb\",\"itemListElement\":[{\"@type\":\"ListItem\",\"position\":1,\"name\":\"Comprar\",\"item\":\"https:\\\/\\\/medicinasinc.com\\\/pt\\\/comprar\\\/\"},{\"@type\":\"ListItem\",\"position\":2,\"name\":\"Compre XTC- Philipp Plein Blue- 524 mg comprimidos de MDMA\"}]},{\"@type\":\"WebSite\",\"@id\":\"https:\\\/\\\/medicinasinc.com\\\/pt\\\/#website\",\"url\":\"https:\\\/\\\/medicinasinc.com\\\/pt\\\/\",\"name\":\"Medicinas Inc\",\"description\":\"Health Medical Clinic\",\"potentialAction\":[{\"@type\":\"SearchAction\",\"target\":{\"@type\":\"EntryPoint\",\"urlTemplate\":\"https:\\\/\\\/medicinasinc.com\\\/pt\\\/?s={search_term_string}\"},\"query-input\":{\"@type\":\"PropertyValueSpecification\",\"valueRequired\":true,\"valueName\":\"search_term_string\"}}],\"inLanguage\":\"pt-PT\"}]}<\/script>\n<!-- \/ Yoast SEO plugin. -->","yoast_head_json":{"title":"Compre XTC- Philipp Plein Blue- 524 mg comprimidos de MDMA - Global Medicina","description":"Compre Philipp Plein Blue- 524 Mg MDMA UK, Europa ao melhor pre\u00e7o do mercado. Todos os nossos produtos s\u00e3o feitos com ingredientes naturais puros e livres de THC. Pe\u00e7a online agora!","robots":{"index":"index","follow":"follow","max-snippet":"max-snippet:-1","max-image-preview":"max-image-preview:large","max-video-preview":"max-video-preview:-1"},"canonical":"https:\/\/medicinasinc.com\/pt\/product\/buy-xtc-philipp-plein-blue-524-mg-mdma-pills\/","og_locale":"pt_PT","og_type":"article","og_title":"Compre XTC- Philipp Plein Blue- 524 mg comprimidos de MDMA - Global Medicina","og_description":"Compre Philipp Plein Blue- 524 Mg MDMA UK, Europa ao melhor pre\u00e7o do mercado. Todos os nossos produtos s\u00e3o feitos com ingredientes naturais puros e livres de THC. Pe\u00e7a online agora!","og_url":"https:\/\/medicinasinc.com\/pt\/product\/buy-xtc-philipp-plein-blue-524-mg-mdma-pills\/","og_site_name":"Medicinas Inc","article_modified_time":"2022-07-05T23:56:07+00:00","og_image":[{"width":600,"height":600,"url":"https:\/\/medicinasinc.com\/pt\/wp-content\/uploads\/sites\/20\/2022\/02\/buy-xtc-philipp-plein-blue-524-mg-mdma-pills-online.jpg","type":"image\/jpeg"}],"twitter_card":"summary_large_image","twitter_misc":{"Tempo estimado de leitura":"1 minuto"},"schema":{"@context":"https:\/\/schema.org","@graph":[{"@type":"WebPage","@id":"https:\/\/medicinasinc.com\/pt\/product\/buy-xtc-philipp-plein-blue-524-mg-mdma-pills\/","url":"https:\/\/medicinasinc.com\/pt\/product\/buy-xtc-philipp-plein-blue-524-mg-mdma-pills\/","name":"Compre XTC- Philipp Plein Blue- 524 mg comprimidos de MDMA - Global Medicina","isPartOf":{"@id":"https:\/\/medicinasinc.com\/pt\/#website"},"primaryImageOfPage":{"@id":"https:\/\/medicinasinc.com\/pt\/product\/buy-xtc-philipp-plein-blue-524-mg-mdma-pills\/#primaryimage"},"image":{"@id":"https:\/\/medicinasinc.com\/pt\/product\/buy-xtc-philipp-plein-blue-524-mg-mdma-pills\/#primaryimage"},"thumbnailUrl":"https:\/\/medicinasinc.com\/pt\/wp-content\/uploads\/sites\/20\/2022\/02\/buy-xtc-philipp-plein-blue-524-mg-mdma-pills-online.jpg","datePublished":"2022-02-20T13:31:58+00:00","dateModified":"2022-07-05T23:56:07+00:00","description":"Compre Philipp Plein Blue- 524 Mg MDMA UK, Europa ao melhor pre\u00e7o do mercado. Todos os nossos produtos s\u00e3o feitos com ingredientes naturais puros e livres de THC. Pe\u00e7a online agora!","breadcrumb":{"@id":"https:\/\/medicinasinc.com\/pt\/product\/buy-xtc-philipp-plein-blue-524-mg-mdma-pills\/#breadcrumb"},"inLanguage":"pt-PT","potentialAction":[{"@type":"ReadAction","target":["https:\/\/medicinasinc.com\/pt\/product\/buy-xtc-philipp-plein-blue-524-mg-mdma-pills\/"]}]},{"@type":"ImageObject","inLanguage":"pt-PT","@id":"https:\/\/medicinasinc.com\/pt\/product\/buy-xtc-philipp-plein-blue-524-mg-mdma-pills\/#primaryimage","url":"https:\/\/medicinasinc.com\/pt\/wp-content\/uploads\/sites\/20\/2022\/02\/buy-xtc-philipp-plein-blue-524-mg-mdma-pills-online.jpg","contentUrl":"https:\/\/medicinasinc.com\/pt\/wp-content\/uploads\/sites\/20\/2022\/02\/buy-xtc-philipp-plein-blue-524-mg-mdma-pills-online.jpg","width":600,"height":600},{"@type":"BreadcrumbList","@id":"https:\/\/medicinasinc.com\/pt\/product\/buy-xtc-philipp-plein-blue-524-mg-mdma-pills\/#breadcrumb","itemListElement":[{"@type":"ListItem","position":1,"name":"Comprar","item":"https:\/\/medicinasinc.com\/pt\/comprar\/"},{"@type":"ListItem","position":2,"name":"Compre XTC- Philipp Plein Blue- 524 mg comprimidos de MDMA"}]},{"@type":"WebSite","@id":"https:\/\/medicinasinc.com\/pt\/#website","url":"https:\/\/medicinasinc.com\/pt\/","name":"Medicinas Inc","description":"Health Medical Clinic","potentialAction":[{"@type":"SearchAction","target":{"@type":"EntryPoint","urlTemplate":"https:\/\/medicinasinc.com\/pt\/?s={search_term_string}"},"query-input":{"@type":"PropertyValueSpecification","valueRequired":true,"valueName":"search_term_string"}}],"inLanguage":"pt-PT"}]}},"_links":{"self":[{"href":"https:\/\/medicinasinc.com\/pt\/wp-json\/wp\/v2\/product\/4592","targetHints":{"allow":["GET"]}}],"collection":[{"href":"https:\/\/medicinasinc.com\/pt\/wp-json\/wp\/v2\/product"}],"about":[{"href":"https:\/\/medicinasinc.com\/pt\/wp-json\/wp\/v2\/types\/product"}],"replies":[{"embeddable":true,"href":"https:\/\/medicinasinc.com\/pt\/wp-json\/wp\/v2\/comments?post=4592"}],"wp:featuredmedia":[{"embeddable":true,"href":"https:\/\/medicinasinc.com\/pt\/wp-json\/wp\/v2\/media\/4605"}],"wp:attachment":[{"href":"https:\/\/medicinasinc.com\/pt\/wp-json\/wp\/v2\/media?parent=4592"}],"wp:term":[{"taxonomy":"product_brand","embeddable":true,"href":"https:\/\/medicinasinc.com\/pt\/wp-json\/wp\/v2\/product_brand?post=4592"},{"taxonomy":"product_cat","embeddable":true,"href":"https:\/\/medicinasinc.com\/pt\/wp-json\/wp\/v2\/product_cat?post=4592"},{"taxonomy":"product_tag","embeddable":true,"href":"https:\/\/medicinasinc.com\/pt\/wp-json\/wp\/v2\/product_tag?post=4592"}],"curies":[{"name":"wp","href":"https:\/\/api.w.org\/{rel}","templated":true}]}}