{"id":4576,"date":"2022-02-20T13:20:42","date_gmt":"2022-02-20T13:20:42","guid":{"rendered":"https:\/\/medicinasinc.com\/pt\/?post_type=product&#038;p=4576"},"modified":"2022-07-05T23:56:37","modified_gmt":"2022-07-05T23:56:37","slug":"compre-orange-tesla-ecstasy-pilulas","status":"publish","type":"product","link":"https:\/\/medicinasinc.com\/pt\/product\/compre-orange-tesla-ecstasy-pilulas\/","title":{"rendered":"Compre p\u00edlulas de ecstasy laranja Tesla"},"content":{"rendered":"<p>Compra de p\u00edlulas de ecstasy laranja Tesla<\/p>\n<p>3,4 metilenodioxi-metanfetamina \u00e9 o ingrediente ativo das p\u00edlulas de ecstasy laranja Tesla (MDMA). Os pequenos comprimidos laranja t\u00eam a forma de um escudo e trazem a palavra &#8220;Tesla&#8221; acima do logotipo da Tesla na forma de um t.<\/p>\n<p>Eles brilham no escuro e alguns s\u00e3o polvilhados com glitter roxo.<\/p>\n<p> &gt; <\/p>\n<p>Eles s\u00e3o populares porque s\u00e3o fortes, t\u00eam um design divertido e est\u00e3o associados a uma marca conhecida com uma reputa\u00e7\u00e3o positiva. A maioria das pessoas tem mais probabilidade de comprar uma p\u00edlula de ecstasy com um logotipo reconhecido do que uma p\u00edlula branca simples feita por qualquer pessoa.<\/p>\n<p>No entanto, as p\u00edlulas laranja da Tesla n\u00e3o t\u00eam nada a ver com a Tesla de Elon Musk, uma montadora americana e empresa de energia limpa.<\/p>\n<p>A marca n\u00e3o implica que eles sejam de alta qualidade ou mesmo qualidade consistente. Ao usar uma prensa e corante semelhantes, qualquer pessoa pode replicar uma p\u00edlula de ecstasy laranja da Tesla.<\/p>\n","protected":false},"excerpt":{"rendered":"<p>Compre comprimidos de ecstasy laranja Tesla para venda na Europa, Reino Unido. Compre Ecstasy Online, Vendedor de Ecstasy, Encomende p\u00edlulas de ecstasy online, n\u00f3s lidamos com os produtos mais puros e melhores.<\/p>\n<p>Na Best global meds\u00a0voc\u00ea pode comprar p\u00edlulas de ecstasy genu\u00ednas da Tesla a um pre\u00e7o acess\u00edvel. Todos os produtos s\u00e3o testados em laborat\u00f3rio e da mais alta qualidade.<\/p>\n","protected":false},"featured_media":4589,"comment_status":"open","ping_status":"closed","template":"","meta":[],"product_brand":[],"product_cat":[498],"product_tag":[575,573,554,567,558,560,572,565,568,561,557,556,562,563,564,566,555,569,559,574,570,571],"class_list":{"0":"post-4576","1":"product","2":"type-product","3":"status-publish","4":"has-post-thumbnail","6":"product_cat-compre-pilulas-de-ecstasy","7":"product_tag-amarelo-tesla-ecstasy-tampa","8":"product_tag-aviso-de-plula-de-tesla","9":"product_tag-blue-tesla-ecstasy","10":"product_tag-reddit-ecstasy-pill-rating-tesla-vs-punisher-vs","11":"product_tag-ecstasy-pills-tesla-stamp-from-the-netherlands","12":"product_tag-ecstasy-tesla","13":"product_tag-efeitos-tesla-pill-blue","14":"product_tag-laranja-tesla-plula-efeitos","15":"product_tag-tesla-ecstasy","16":"product_tag-extacy-plula-imagens","17":"product_tag-lista-de-plulas-de-extacy-diferente","18":"product_tag-luz-azul-laranja-tesla-ecstasy-vs-molly","19":"product_tag-orange-tesla-2021","20":"product_tag-orange-tesla-ecstasy-mg","21":"product_tag-orange-tesla-ecstasy-pills-los-angeles-2019","22":"product_tag-peach-hard-tesla-ecstasy-with-score-on-back","23":"product_tag-azul-tesla-p-c3-acima-de-mg","24":"product_tag-plula-ecstasy-tesla","25":"product_tag-ecstasy-press-plulas-tesla","26":"product_tag-tesla-plulas-azul","27":"product_tag-tesla-ecstasy-review","28":"product_tag-tesla-ecstasy-tampa","30":"first","31":"instock","32":"shipping-taxable","33":"purchasable","34":"product-type-variable","35":"has-default-attributes"},"yoast_head":"<!-- This site is optimized with the Yoast SEO plugin v27.3 - https:\/\/yoast.com\/product\/yoast-seo-wordpress\/ -->\n<title>Compre Orange Tesla Ecstasy Pills - Best Best Global Meds<\/title>\n<meta name=\"description\" content=\"Compre Orange Tesla Ecstasy Pills para venda na Europa, Reino Unido. Compre Ecstasy Online, Vendedor de Ecstasy, Encomende p\u00edlulas de ecstasy online, lidamos com os produtos mais puros e melhores.\" \/>\n<meta name=\"robots\" content=\"index, follow, max-snippet:-1, max-image-preview:large, max-video-preview:-1\" \/>\n<link rel=\"canonical\" href=\"https:\/\/medicinasinc.com\/pt\/product\/compre-orange-tesla-ecstasy-pilulas\/\" \/>\n<meta property=\"og:locale\" content=\"pt_PT\" \/>\n<meta property=\"og:type\" content=\"article\" \/>\n<meta property=\"og:title\" content=\"Compre Orange Tesla Ecstasy Pills - Best Best Global Meds\" \/>\n<meta property=\"og:description\" content=\"Compre Orange Tesla Ecstasy Pills para venda na Europa, Reino Unido. Compre Ecstasy Online, Vendedor de Ecstasy, Encomende p\u00edlulas de ecstasy online, lidamos com os produtos mais puros e melhores.\" \/>\n<meta property=\"og:url\" content=\"https:\/\/medicinasinc.com\/pt\/product\/compre-orange-tesla-ecstasy-pilulas\/\" \/>\n<meta property=\"og:site_name\" content=\"Medicinas Inc\" \/>\n<meta property=\"article:modified_time\" content=\"2022-07-05T23:56:37+00:00\" \/>\n<meta property=\"og:image\" content=\"https:\/\/medicinasinc.com\/pt\/wp-content\/uploads\/sites\/20\/2022\/02\/Buy-Orange-Tesla-Ecstasy-Pills.jpg\" \/>\n\t<meta property=\"og:image:width\" content=\"747\" \/>\n\t<meta property=\"og:image:height\" content=\"560\" \/>\n\t<meta property=\"og:image:type\" content=\"image\/jpeg\" \/>\n<meta name=\"twitter:card\" content=\"summary_large_image\" \/>\n<meta name=\"twitter:label1\" content=\"Tempo estimado de leitura\" \/>\n\t<meta name=\"twitter:data1\" content=\"1 minuto\" \/>\n<script type=\"application\/ld+json\" class=\"yoast-schema-graph\">{\"@context\":\"https:\\\/\\\/schema.org\",\"@graph\":[{\"@type\":\"WebPage\",\"@id\":\"https:\\\/\\\/medicinasinc.com\\\/pt\\\/product\\\/compre-orange-tesla-ecstasy-pilulas\\\/\",\"url\":\"https:\\\/\\\/medicinasinc.com\\\/pt\\\/product\\\/compre-orange-tesla-ecstasy-pilulas\\\/\",\"name\":\"Compre Orange Tesla Ecstasy Pills - Best Best Global Meds\",\"isPartOf\":{\"@id\":\"https:\\\/\\\/medicinasinc.com\\\/pt\\\/#website\"},\"primaryImageOfPage\":{\"@id\":\"https:\\\/\\\/medicinasinc.com\\\/pt\\\/product\\\/compre-orange-tesla-ecstasy-pilulas\\\/#primaryimage\"},\"image\":{\"@id\":\"https:\\\/\\\/medicinasinc.com\\\/pt\\\/product\\\/compre-orange-tesla-ecstasy-pilulas\\\/#primaryimage\"},\"thumbnailUrl\":\"https:\\\/\\\/medicinasinc.com\\\/pt\\\/wp-content\\\/uploads\\\/sites\\\/20\\\/2022\\\/02\\\/Buy-Orange-Tesla-Ecstasy-Pills.jpg\",\"datePublished\":\"2022-02-20T13:20:42+00:00\",\"dateModified\":\"2022-07-05T23:56:37+00:00\",\"description\":\"Compre Orange Tesla Ecstasy Pills para venda na Europa, Reino Unido. Compre Ecstasy Online, Vendedor de Ecstasy, Encomende p\u00edlulas de ecstasy online, lidamos com os produtos mais puros e melhores.\",\"breadcrumb\":{\"@id\":\"https:\\\/\\\/medicinasinc.com\\\/pt\\\/product\\\/compre-orange-tesla-ecstasy-pilulas\\\/#breadcrumb\"},\"inLanguage\":\"pt-PT\",\"potentialAction\":[{\"@type\":\"ReadAction\",\"target\":[\"https:\\\/\\\/medicinasinc.com\\\/pt\\\/product\\\/compre-orange-tesla-ecstasy-pilulas\\\/\"]}]},{\"@type\":\"ImageObject\",\"inLanguage\":\"pt-PT\",\"@id\":\"https:\\\/\\\/medicinasinc.com\\\/pt\\\/product\\\/compre-orange-tesla-ecstasy-pilulas\\\/#primaryimage\",\"url\":\"https:\\\/\\\/medicinasinc.com\\\/pt\\\/wp-content\\\/uploads\\\/sites\\\/20\\\/2022\\\/02\\\/Buy-Orange-Tesla-Ecstasy-Pills.jpg\",\"contentUrl\":\"https:\\\/\\\/medicinasinc.com\\\/pt\\\/wp-content\\\/uploads\\\/sites\\\/20\\\/2022\\\/02\\\/Buy-Orange-Tesla-Ecstasy-Pills.jpg\",\"width\":747,\"height\":560},{\"@type\":\"BreadcrumbList\",\"@id\":\"https:\\\/\\\/medicinasinc.com\\\/pt\\\/product\\\/compre-orange-tesla-ecstasy-pilulas\\\/#breadcrumb\",\"itemListElement\":[{\"@type\":\"ListItem\",\"position\":1,\"name\":\"Comprar\",\"item\":\"https:\\\/\\\/medicinasinc.com\\\/pt\\\/comprar\\\/\"},{\"@type\":\"ListItem\",\"position\":2,\"name\":\"Compre p\u00edlulas de ecstasy laranja Tesla\"}]},{\"@type\":\"WebSite\",\"@id\":\"https:\\\/\\\/medicinasinc.com\\\/pt\\\/#website\",\"url\":\"https:\\\/\\\/medicinasinc.com\\\/pt\\\/\",\"name\":\"Medicinas Inc\",\"description\":\"Health Medical Clinic\",\"potentialAction\":[{\"@type\":\"SearchAction\",\"target\":{\"@type\":\"EntryPoint\",\"urlTemplate\":\"https:\\\/\\\/medicinasinc.com\\\/pt\\\/?s={search_term_string}\"},\"query-input\":{\"@type\":\"PropertyValueSpecification\",\"valueRequired\":true,\"valueName\":\"search_term_string\"}}],\"inLanguage\":\"pt-PT\"}]}<\/script>\n<!-- \/ Yoast SEO plugin. -->","yoast_head_json":{"title":"Compre Orange Tesla Ecstasy Pills - Best Best Global Meds","description":"Compre Orange Tesla Ecstasy Pills para venda na Europa, Reino Unido. Compre Ecstasy Online, Vendedor de Ecstasy, Encomende p\u00edlulas de ecstasy online, lidamos com os produtos mais puros e melhores.","robots":{"index":"index","follow":"follow","max-snippet":"max-snippet:-1","max-image-preview":"max-image-preview:large","max-video-preview":"max-video-preview:-1"},"canonical":"https:\/\/medicinasinc.com\/pt\/product\/compre-orange-tesla-ecstasy-pilulas\/","og_locale":"pt_PT","og_type":"article","og_title":"Compre Orange Tesla Ecstasy Pills - Best Best Global Meds","og_description":"Compre Orange Tesla Ecstasy Pills para venda na Europa, Reino Unido. Compre Ecstasy Online, Vendedor de Ecstasy, Encomende p\u00edlulas de ecstasy online, lidamos com os produtos mais puros e melhores.","og_url":"https:\/\/medicinasinc.com\/pt\/product\/compre-orange-tesla-ecstasy-pilulas\/","og_site_name":"Medicinas Inc","article_modified_time":"2022-07-05T23:56:37+00:00","og_image":[{"width":747,"height":560,"url":"https:\/\/medicinasinc.com\/pt\/wp-content\/uploads\/sites\/20\/2022\/02\/Buy-Orange-Tesla-Ecstasy-Pills.jpg","type":"image\/jpeg"}],"twitter_card":"summary_large_image","twitter_misc":{"Tempo estimado de leitura":"1 minuto"},"schema":{"@context":"https:\/\/schema.org","@graph":[{"@type":"WebPage","@id":"https:\/\/medicinasinc.com\/pt\/product\/compre-orange-tesla-ecstasy-pilulas\/","url":"https:\/\/medicinasinc.com\/pt\/product\/compre-orange-tesla-ecstasy-pilulas\/","name":"Compre Orange Tesla Ecstasy Pills - Best Best Global Meds","isPartOf":{"@id":"https:\/\/medicinasinc.com\/pt\/#website"},"primaryImageOfPage":{"@id":"https:\/\/medicinasinc.com\/pt\/product\/compre-orange-tesla-ecstasy-pilulas\/#primaryimage"},"image":{"@id":"https:\/\/medicinasinc.com\/pt\/product\/compre-orange-tesla-ecstasy-pilulas\/#primaryimage"},"thumbnailUrl":"https:\/\/medicinasinc.com\/pt\/wp-content\/uploads\/sites\/20\/2022\/02\/Buy-Orange-Tesla-Ecstasy-Pills.jpg","datePublished":"2022-02-20T13:20:42+00:00","dateModified":"2022-07-05T23:56:37+00:00","description":"Compre Orange Tesla Ecstasy Pills para venda na Europa, Reino Unido. Compre Ecstasy Online, Vendedor de Ecstasy, Encomende p\u00edlulas de ecstasy online, lidamos com os produtos mais puros e melhores.","breadcrumb":{"@id":"https:\/\/medicinasinc.com\/pt\/product\/compre-orange-tesla-ecstasy-pilulas\/#breadcrumb"},"inLanguage":"pt-PT","potentialAction":[{"@type":"ReadAction","target":["https:\/\/medicinasinc.com\/pt\/product\/compre-orange-tesla-ecstasy-pilulas\/"]}]},{"@type":"ImageObject","inLanguage":"pt-PT","@id":"https:\/\/medicinasinc.com\/pt\/product\/compre-orange-tesla-ecstasy-pilulas\/#primaryimage","url":"https:\/\/medicinasinc.com\/pt\/wp-content\/uploads\/sites\/20\/2022\/02\/Buy-Orange-Tesla-Ecstasy-Pills.jpg","contentUrl":"https:\/\/medicinasinc.com\/pt\/wp-content\/uploads\/sites\/20\/2022\/02\/Buy-Orange-Tesla-Ecstasy-Pills.jpg","width":747,"height":560},{"@type":"BreadcrumbList","@id":"https:\/\/medicinasinc.com\/pt\/product\/compre-orange-tesla-ecstasy-pilulas\/#breadcrumb","itemListElement":[{"@type":"ListItem","position":1,"name":"Comprar","item":"https:\/\/medicinasinc.com\/pt\/comprar\/"},{"@type":"ListItem","position":2,"name":"Compre p\u00edlulas de ecstasy laranja Tesla"}]},{"@type":"WebSite","@id":"https:\/\/medicinasinc.com\/pt\/#website","url":"https:\/\/medicinasinc.com\/pt\/","name":"Medicinas Inc","description":"Health Medical Clinic","potentialAction":[{"@type":"SearchAction","target":{"@type":"EntryPoint","urlTemplate":"https:\/\/medicinasinc.com\/pt\/?s={search_term_string}"},"query-input":{"@type":"PropertyValueSpecification","valueRequired":true,"valueName":"search_term_string"}}],"inLanguage":"pt-PT"}]}},"_links":{"self":[{"href":"https:\/\/medicinasinc.com\/pt\/wp-json\/wp\/v2\/product\/4576","targetHints":{"allow":["GET"]}}],"collection":[{"href":"https:\/\/medicinasinc.com\/pt\/wp-json\/wp\/v2\/product"}],"about":[{"href":"https:\/\/medicinasinc.com\/pt\/wp-json\/wp\/v2\/types\/product"}],"replies":[{"embeddable":true,"href":"https:\/\/medicinasinc.com\/pt\/wp-json\/wp\/v2\/comments?post=4576"}],"wp:featuredmedia":[{"embeddable":true,"href":"https:\/\/medicinasinc.com\/pt\/wp-json\/wp\/v2\/media\/4589"}],"wp:attachment":[{"href":"https:\/\/medicinasinc.com\/pt\/wp-json\/wp\/v2\/media?parent=4576"}],"wp:term":[{"taxonomy":"product_brand","embeddable":true,"href":"https:\/\/medicinasinc.com\/pt\/wp-json\/wp\/v2\/product_brand?post=4576"},{"taxonomy":"product_cat","embeddable":true,"href":"https:\/\/medicinasinc.com\/pt\/wp-json\/wp\/v2\/product_cat?post=4576"},{"taxonomy":"product_tag","embeddable":true,"href":"https:\/\/medicinasinc.com\/pt\/wp-json\/wp\/v2\/product_tag?post=4576"}],"curies":[{"name":"wp","href":"https:\/\/api.w.org\/{rel}","templated":true}]}}