{"id":4535,"date":"2022-02-20T10:31:14","date_gmt":"2022-02-20T10:31:14","guid":{"rendered":"https:\/\/medicinasinc.com\/pt\/?post_type=product&#038;p=4535"},"modified":"2022-07-05T23:58:26","modified_gmt":"2022-07-05T23:58:26","slug":"comprar-cinza-bugatti-mdma-pilulas","status":"publish","type":"product","link":"https:\/\/medicinasinc.com\/pt\/product\/comprar-cinza-bugatti-mdma-pilulas\/","title":{"rendered":"Compre p\u00edlulas de MDMA cinza Bugatti"},"content":{"rendered":"<p>COMPRE ONLINE BUGATTI MDMA PILLS GREY<\/p>\n<p>MDMA (Metanfetamina-Metilenodioximetanfetamina) \u00e9 um estimulante sint\u00e9tico que altera a percep\u00e7\u00e3o e o humor (consci\u00eancia das condi\u00e7\u00f5es e objetos ao redor). Quimicamente, \u00e9 semelhante a alucin\u00f3genos e estimulantes, provocando sentimentos de prazer aumentado, energia, calor emocional, percep\u00e7\u00e3o do tempo e percep\u00e7\u00e3o sensorial distorcida. Compre mdma puro online.<\/p>\n<p>O MDMA foi inicialmente popular em festas noturnas e na cena de boates, mas a droga agora afeta um grupo diversificado de pessoas que se referem a ele como Molly ou Ecstasy. Compra on-line de p\u00edlulas de MDMA Grey Bugatti<\/p>\n<p>O ecstasy \u00e9 uma droga estimulante que tem o potencial de causar alucina\u00e7\u00f5es. Os indiv\u00edduos s\u00e3o chamados de drogas de design porque fazem com que uma pessoa se sinta relaxada, energizada e alta. A droga \u00e9 particularmente popular entre jovens adultos e adolescentes que frequentam shows, clubes e festas &#8220;rave&#8221;. Compre mdma online<\/p>\n<p>O ecstasy \u00e9 frequentemente referido como &#8220;a p\u00edlula do amor&#8221; porque aumenta as percep\u00e7\u00f5es de som e cor e supostamente amplifica as sensa\u00e7\u00f5es quando algu\u00e9m acaricia ou toca outro, principalmente durante o sexo. Voc\u00ea tamb\u00e9m pode comprar Viagra para melhorar o desempenho sexual.<\/p>\n<p>Os usu\u00e1rios acreditam que a droga os far\u00e1 sentir-se relaxados e bem, e os manter\u00e1 por dias sem descanso. Indiv\u00edduos que usam Ecstasy desconhecem os perigos associados a este medicamento. Onde posso comprar mdma puro online?<\/p>\n<p>O ecstasy tornou-se uma das drogas de rua mais amplamente dispon\u00edveis. O ecstasy enviou v\u00e1rios de n\u00f3s para salas de emerg\u00eancia nos \u00faltimos dois anos devido aos seus efeitos colaterais perigosos. Encomende MDMA na Uni\u00e3o Europeia, posso comprar MDMA online, MDMA por atacado online, MDMA puro para venda online, mdma real para venda online nos Estados Unidos da Am\u00e9rica<\/p>\n","protected":false},"excerpt":{"rendered":"<p>Compre os comprimidos de MDMA Grey Bugatti para venda online ao melhor pre\u00e7o. Garantimos o envio seguro e seguro para todo o mundo. Encomende MDMA na UE, posso comprar MDMA on-line, atacado MDMA on-line<\/p>\n<p><em>Compre p\u00edlulas de MDMA cinza Bugatti<\/em>\u00a0On-line com o melhor pre\u00e7o. Garantimos o envio seguro e seguro para todo o mundo. Mande um WhatsApp para n\u00f3s agora<\/p>\n","protected":false},"featured_media":4558,"comment_status":"open","ping_status":"closed","template":"","meta":[],"product_brand":[],"product_cat":[498],"product_tag":[500,503,508,510,507,504,501,505,502,499,506,533,537,511,540,531,512,513,514,515,516,517,521,522,523,524,528,529,530,520,518,519,542,543,535,527,536,509,544,546,547,545,538,539,525,532,541,534,526],"class_list":{"0":"post-4535","1":"product","2":"type-product","3":"status-publish","4":"has-post-thumbnail","6":"product_cat-compre-pilulas-de-ecstasy","7":"product_tag-buy-mdma","8":"product_tag-buy-mdma-pills-online","9":"product_tag-can-i-order-mdma-online","10":"product_tag-como-pedir-mdma","11":"product_tag-comprar-pesquisa-qumicos-online","12":"product_tag-compre-molly-online","13":"product_tag-compre-mdma-online","14":"product_tag-compre-mollymdma-online","15":"product_tag-comprar-mdma-plulas","16":"product_tag-compre-gray-bugatti-mdma-pills-online","17":"product_tag-comprar-puro-mdma-online","18":"product_tag-mdma-plulas-para-venda-online","19":"product_tag-conectados","20":"product_tag-drogas-ilegais-para-venda-online-mdma","21":"product_tag-pedido-puro-mdma-online","22":"product_tag-mdma-pics","23":"product_tag-mdma","24":"product_tag-mdma-100mg","25":"product_tag-mdma-1g","26":"product_tag-mdma-3-4-metilenodioxi-n-metilanfetamina","27":"product_tag-mdma-3g","28":"product_tag-mdma-for-sale","29":"product_tag-mdma-molly","30":"product_tag-mdma-molly-crystals","31":"product_tag-mdma-molly-for-sale","32":"product_tag-mdma-molly-powder","33":"product_tag-mdma-online-sales-vendors","34":"product_tag-mdma-online-shop","35":"product_tag-mdma-order-online","36":"product_tag-mdma-for-sale-order-online","37":"product_tag-mdma-para-venda-online","38":"product_tag-mdma-for-sale-online-eua","39":"product_tag-puro-mdma-para-venda-online","40":"product_tag-real-mdma-para-venda-online","41":"product_tag-mdma-sales","42":"product_tag-mdma-vendas-online","43":"product_tag-molly-mdma-p","44":"product_tag-get-mdma-online","45":"product_tag-onde-comprar-mdma-plulas","46":"product_tag-onde-comprar-puro-mdma-online","47":"product_tag-onde-comprar-puro-molly-online","48":"product_tag-onde-comprar-mdma-plulas-online","49":"product_tag-online-mdma-sales","50":"product_tag-pedido-mdma-online","51":"product_tag-mdma-online-order","52":"product_tag-plula-de-mdma","53":"product_tag-pure-mdma","54":"product_tag-mdma-bandagem","55":"product_tag-mdma-venda-online","57":"first","58":"instock","59":"shipping-taxable","60":"purchasable","61":"product-type-variable","62":"has-default-attributes"},"yoast_head":"<!-- This site is optimized with the Yoast SEO plugin v27.3 - https:\/\/yoast.com\/product\/yoast-seo-wordpress\/ -->\n<title>Compre p\u00edlulas de MDMA Gray Bugatti - Best Best Global Meds<\/title>\n<meta name=\"description\" content=\"Compre comprimidos de MDMA cinza Bugatti para venda on-line ao melhor pre\u00e7o. Garantimos o envio seguro e seguro para todo o mundo. Encomende MDMA na UE, posso comprar MDMA online, atacado MDMA online\" \/>\n<meta name=\"robots\" content=\"index, follow, max-snippet:-1, max-image-preview:large, max-video-preview:-1\" \/>\n<link rel=\"canonical\" href=\"https:\/\/medicinasinc.com\/pt\/product\/comprar-cinza-bugatti-mdma-pilulas\/\" \/>\n<meta property=\"og:locale\" content=\"pt_PT\" \/>\n<meta property=\"og:type\" content=\"article\" \/>\n<meta property=\"og:title\" content=\"Compre p\u00edlulas de MDMA Gray Bugatti - Best Best Global Meds\" \/>\n<meta property=\"og:description\" content=\"Compre comprimidos de MDMA cinza Bugatti para venda on-line ao melhor pre\u00e7o. Garantimos o envio seguro e seguro para todo o mundo. Encomende MDMA na UE, posso comprar MDMA online, atacado MDMA online\" \/>\n<meta property=\"og:url\" content=\"https:\/\/medicinasinc.com\/pt\/product\/comprar-cinza-bugatti-mdma-pilulas\/\" \/>\n<meta property=\"og:site_name\" content=\"Medicinas Inc\" \/>\n<meta property=\"article:modified_time\" content=\"2022-07-05T23:58:26+00:00\" \/>\n<meta property=\"og:image\" content=\"https:\/\/medicinasinc.com\/pt\/wp-content\/uploads\/sites\/20\/2022\/02\/buy-gray-bugatti-mdma-pills-online.jpg\" \/>\n\t<meta property=\"og:image:width\" content=\"600\" \/>\n\t<meta property=\"og:image:height\" content=\"600\" \/>\n\t<meta property=\"og:image:type\" content=\"image\/jpeg\" \/>\n<meta name=\"twitter:card\" content=\"summary_large_image\" \/>\n<meta name=\"twitter:label1\" content=\"Tempo estimado de leitura\" \/>\n\t<meta name=\"twitter:data1\" content=\"2 minutos\" \/>\n<script type=\"application\/ld+json\" class=\"yoast-schema-graph\">{\"@context\":\"https:\\\/\\\/schema.org\",\"@graph\":[{\"@type\":\"WebPage\",\"@id\":\"https:\\\/\\\/medicinasinc.com\\\/pt\\\/product\\\/comprar-cinza-bugatti-mdma-pilulas\\\/\",\"url\":\"https:\\\/\\\/medicinasinc.com\\\/pt\\\/product\\\/comprar-cinza-bugatti-mdma-pilulas\\\/\",\"name\":\"Compre p\u00edlulas de MDMA Gray Bugatti - Best Best Global Meds\",\"isPartOf\":{\"@id\":\"https:\\\/\\\/medicinasinc.com\\\/pt\\\/#website\"},\"primaryImageOfPage\":{\"@id\":\"https:\\\/\\\/medicinasinc.com\\\/pt\\\/product\\\/comprar-cinza-bugatti-mdma-pilulas\\\/#primaryimage\"},\"image\":{\"@id\":\"https:\\\/\\\/medicinasinc.com\\\/pt\\\/product\\\/comprar-cinza-bugatti-mdma-pilulas\\\/#primaryimage\"},\"thumbnailUrl\":\"https:\\\/\\\/medicinasinc.com\\\/pt\\\/wp-content\\\/uploads\\\/sites\\\/20\\\/2022\\\/02\\\/buy-gray-bugatti-mdma-pills-online.jpg\",\"datePublished\":\"2022-02-20T10:31:14+00:00\",\"dateModified\":\"2022-07-05T23:58:26+00:00\",\"description\":\"Compre comprimidos de MDMA cinza Bugatti para venda on-line ao melhor pre\u00e7o. Garantimos o envio seguro e seguro para todo o mundo. Encomende MDMA na UE, posso comprar MDMA online, atacado MDMA online\",\"breadcrumb\":{\"@id\":\"https:\\\/\\\/medicinasinc.com\\\/pt\\\/product\\\/comprar-cinza-bugatti-mdma-pilulas\\\/#breadcrumb\"},\"inLanguage\":\"pt-PT\",\"potentialAction\":[{\"@type\":\"ReadAction\",\"target\":[\"https:\\\/\\\/medicinasinc.com\\\/pt\\\/product\\\/comprar-cinza-bugatti-mdma-pilulas\\\/\"]}]},{\"@type\":\"ImageObject\",\"inLanguage\":\"pt-PT\",\"@id\":\"https:\\\/\\\/medicinasinc.com\\\/pt\\\/product\\\/comprar-cinza-bugatti-mdma-pilulas\\\/#primaryimage\",\"url\":\"https:\\\/\\\/medicinasinc.com\\\/pt\\\/wp-content\\\/uploads\\\/sites\\\/20\\\/2022\\\/02\\\/buy-gray-bugatti-mdma-pills-online.jpg\",\"contentUrl\":\"https:\\\/\\\/medicinasinc.com\\\/pt\\\/wp-content\\\/uploads\\\/sites\\\/20\\\/2022\\\/02\\\/buy-gray-bugatti-mdma-pills-online.jpg\",\"width\":600,\"height\":600},{\"@type\":\"BreadcrumbList\",\"@id\":\"https:\\\/\\\/medicinasinc.com\\\/pt\\\/product\\\/comprar-cinza-bugatti-mdma-pilulas\\\/#breadcrumb\",\"itemListElement\":[{\"@type\":\"ListItem\",\"position\":1,\"name\":\"Comprar\",\"item\":\"https:\\\/\\\/medicinasinc.com\\\/pt\\\/comprar\\\/\"},{\"@type\":\"ListItem\",\"position\":2,\"name\":\"Compre p\u00edlulas de MDMA cinza Bugatti\"}]},{\"@type\":\"WebSite\",\"@id\":\"https:\\\/\\\/medicinasinc.com\\\/pt\\\/#website\",\"url\":\"https:\\\/\\\/medicinasinc.com\\\/pt\\\/\",\"name\":\"Medicinas Inc\",\"description\":\"Health Medical Clinic\",\"potentialAction\":[{\"@type\":\"SearchAction\",\"target\":{\"@type\":\"EntryPoint\",\"urlTemplate\":\"https:\\\/\\\/medicinasinc.com\\\/pt\\\/?s={search_term_string}\"},\"query-input\":{\"@type\":\"PropertyValueSpecification\",\"valueRequired\":true,\"valueName\":\"search_term_string\"}}],\"inLanguage\":\"pt-PT\"}]}<\/script>\n<!-- \/ Yoast SEO plugin. -->","yoast_head_json":{"title":"Compre p\u00edlulas de MDMA Gray Bugatti - Best Best Global Meds","description":"Compre comprimidos de MDMA cinza Bugatti para venda on-line ao melhor pre\u00e7o. Garantimos o envio seguro e seguro para todo o mundo. Encomende MDMA na UE, posso comprar MDMA online, atacado MDMA online","robots":{"index":"index","follow":"follow","max-snippet":"max-snippet:-1","max-image-preview":"max-image-preview:large","max-video-preview":"max-video-preview:-1"},"canonical":"https:\/\/medicinasinc.com\/pt\/product\/comprar-cinza-bugatti-mdma-pilulas\/","og_locale":"pt_PT","og_type":"article","og_title":"Compre p\u00edlulas de MDMA Gray Bugatti - Best Best Global Meds","og_description":"Compre comprimidos de MDMA cinza Bugatti para venda on-line ao melhor pre\u00e7o. Garantimos o envio seguro e seguro para todo o mundo. Encomende MDMA na UE, posso comprar MDMA online, atacado MDMA online","og_url":"https:\/\/medicinasinc.com\/pt\/product\/comprar-cinza-bugatti-mdma-pilulas\/","og_site_name":"Medicinas Inc","article_modified_time":"2022-07-05T23:58:26+00:00","og_image":[{"width":600,"height":600,"url":"https:\/\/medicinasinc.com\/pt\/wp-content\/uploads\/sites\/20\/2022\/02\/buy-gray-bugatti-mdma-pills-online.jpg","type":"image\/jpeg"}],"twitter_card":"summary_large_image","twitter_misc":{"Tempo estimado de leitura":"2 minutos"},"schema":{"@context":"https:\/\/schema.org","@graph":[{"@type":"WebPage","@id":"https:\/\/medicinasinc.com\/pt\/product\/comprar-cinza-bugatti-mdma-pilulas\/","url":"https:\/\/medicinasinc.com\/pt\/product\/comprar-cinza-bugatti-mdma-pilulas\/","name":"Compre p\u00edlulas de MDMA Gray Bugatti - Best Best Global Meds","isPartOf":{"@id":"https:\/\/medicinasinc.com\/pt\/#website"},"primaryImageOfPage":{"@id":"https:\/\/medicinasinc.com\/pt\/product\/comprar-cinza-bugatti-mdma-pilulas\/#primaryimage"},"image":{"@id":"https:\/\/medicinasinc.com\/pt\/product\/comprar-cinza-bugatti-mdma-pilulas\/#primaryimage"},"thumbnailUrl":"https:\/\/medicinasinc.com\/pt\/wp-content\/uploads\/sites\/20\/2022\/02\/buy-gray-bugatti-mdma-pills-online.jpg","datePublished":"2022-02-20T10:31:14+00:00","dateModified":"2022-07-05T23:58:26+00:00","description":"Compre comprimidos de MDMA cinza Bugatti para venda on-line ao melhor pre\u00e7o. Garantimos o envio seguro e seguro para todo o mundo. Encomende MDMA na UE, posso comprar MDMA online, atacado MDMA online","breadcrumb":{"@id":"https:\/\/medicinasinc.com\/pt\/product\/comprar-cinza-bugatti-mdma-pilulas\/#breadcrumb"},"inLanguage":"pt-PT","potentialAction":[{"@type":"ReadAction","target":["https:\/\/medicinasinc.com\/pt\/product\/comprar-cinza-bugatti-mdma-pilulas\/"]}]},{"@type":"ImageObject","inLanguage":"pt-PT","@id":"https:\/\/medicinasinc.com\/pt\/product\/comprar-cinza-bugatti-mdma-pilulas\/#primaryimage","url":"https:\/\/medicinasinc.com\/pt\/wp-content\/uploads\/sites\/20\/2022\/02\/buy-gray-bugatti-mdma-pills-online.jpg","contentUrl":"https:\/\/medicinasinc.com\/pt\/wp-content\/uploads\/sites\/20\/2022\/02\/buy-gray-bugatti-mdma-pills-online.jpg","width":600,"height":600},{"@type":"BreadcrumbList","@id":"https:\/\/medicinasinc.com\/pt\/product\/comprar-cinza-bugatti-mdma-pilulas\/#breadcrumb","itemListElement":[{"@type":"ListItem","position":1,"name":"Comprar","item":"https:\/\/medicinasinc.com\/pt\/comprar\/"},{"@type":"ListItem","position":2,"name":"Compre p\u00edlulas de MDMA cinza Bugatti"}]},{"@type":"WebSite","@id":"https:\/\/medicinasinc.com\/pt\/#website","url":"https:\/\/medicinasinc.com\/pt\/","name":"Medicinas Inc","description":"Health Medical Clinic","potentialAction":[{"@type":"SearchAction","target":{"@type":"EntryPoint","urlTemplate":"https:\/\/medicinasinc.com\/pt\/?s={search_term_string}"},"query-input":{"@type":"PropertyValueSpecification","valueRequired":true,"valueName":"search_term_string"}}],"inLanguage":"pt-PT"}]}},"_links":{"self":[{"href":"https:\/\/medicinasinc.com\/pt\/wp-json\/wp\/v2\/product\/4535","targetHints":{"allow":["GET"]}}],"collection":[{"href":"https:\/\/medicinasinc.com\/pt\/wp-json\/wp\/v2\/product"}],"about":[{"href":"https:\/\/medicinasinc.com\/pt\/wp-json\/wp\/v2\/types\/product"}],"replies":[{"embeddable":true,"href":"https:\/\/medicinasinc.com\/pt\/wp-json\/wp\/v2\/comments?post=4535"}],"wp:featuredmedia":[{"embeddable":true,"href":"https:\/\/medicinasinc.com\/pt\/wp-json\/wp\/v2\/media\/4558"}],"wp:attachment":[{"href":"https:\/\/medicinasinc.com\/pt\/wp-json\/wp\/v2\/media?parent=4535"}],"wp:term":[{"taxonomy":"product_brand","embeddable":true,"href":"https:\/\/medicinasinc.com\/pt\/wp-json\/wp\/v2\/product_brand?post=4535"},{"taxonomy":"product_cat","embeddable":true,"href":"https:\/\/medicinasinc.com\/pt\/wp-json\/wp\/v2\/product_cat?post=4535"},{"taxonomy":"product_tag","embeddable":true,"href":"https:\/\/medicinasinc.com\/pt\/wp-json\/wp\/v2\/product_tag?post=4535"}],"curies":[{"name":"wp","href":"https:\/\/api.w.org\/{rel}","templated":true}]}}