{"id":4534,"date":"2022-02-20T10:30:39","date_gmt":"2022-02-20T10:30:39","guid":{"rendered":"https:\/\/medicinasinc.com\/pt\/?post_type=product&#038;p=4534"},"modified":"2022-07-05T23:58:56","modified_gmt":"2022-07-05T23:58:56","slug":"comprar-verde-estrela-comprimidos-de-ecstasy","status":"publish","type":"product","link":"https:\/\/medicinasinc.com\/pt\/product\/comprar-verde-estrela-comprimidos-de-ecstasy\/","title":{"rendered":"Compre p\u00edlulas de ecstasy Green Star"},"content":{"rendered":"<p>Ecstasy Green Star 254 mg Compre on-line<\/p>\n<p>Green Star comprimidos de ecstasy \u00e0 venda on-line.<\/p>\n<p>O ecstasy foi concebido em 1912 como resultado do relacionamento com drogas da Merck. Foi apelidado de &#8220;MDMA&#8221; devido \u00e0 sua nova estrutura. Foi usado pela primeira vez pelas For\u00e7as Armadas dos EUA em 1953 para testes de combate mental e foi brevemente restabelecido na d\u00e9cada de 1960 como uma prescri\u00e7\u00e3o de psicoterapia para &#8220;diminuir as inibi\u00e7\u00f5es&#8221;. 1 O MDMA n\u00e3o foi usado como rem\u00e9dio para assuntos sociais at\u00e9 a d\u00e9cada de 1970.<\/p>\n<p>Em meados dos anos 1980, o MDMA foi promovido como &#8220;a coisa mais borbulhante no m\u00e9todo com um olhar divertido atrav\u00e9s da ci\u00eancia&#8221; e como o &#8220;em rem\u00e9dio&#8221; para festas de longa dura\u00e7\u00e3o. O MDMA ainda estava sendo vendido sob a marca &#8220;Delight&#8221; em 1984, mas em 1985, o medicamento foi restringido devido a quest\u00f5es de seguran\u00e7a.<br \/> O ecstacy, a estrela verde, pode ser especialmente ben\u00e9fico para aqueles que lidam com p\u00f3s-terr\u00edveis quest\u00f5es de fatores prementes (TEPT). Numerosos pacientes s\u00e3o incapazes de discutir os eventos angustiantes que precipitaram seus problemas. De acordo com essa teoria, a alegria pode ajudar os indiv\u00edduos a enfrentar essas feridas.<\/p>\n<p>Doblin, 50 anos, n\u00e3o \u00e9 especialista no assunto ou investigador, mas tem uma ampla associa\u00e7\u00e3o com a medicina devido ao uso frequente dela. . &#8220;Fez uma diferen\u00e7a significativa na minha vida&#8221;, explicou. Ao longo dos anos, ele admitiu espalhar a mensagem de que Rapture e v\u00e1rios medicamentos alucin\u00f3genos t\u00eam implica\u00e7\u00f5es cr\u00edticas para a sa\u00fade.<br \/> Se voc\u00ea est\u00e1 realmente procurando um neg\u00f3cio que possa fornecer produtos da mais alta qualidade, veio ao lugar certo Lugar, colocar. Em nossa funda\u00e7\u00e3o, voc\u00ea pode escolher os melhores itens que o ajudar\u00e3o a construir sua confian\u00e7a e estabelecer um relacionamento leg\u00edtimo conosco devido \u00e0 alta qualidade de nossos produtos. Envie sua solicita\u00e7\u00e3o agora e o Green star ecstasy ser\u00e1 entregue \u00e0 sua porta em cinco dias \u00fateis.<\/p>\n","protected":false},"excerpt":{"rendered":"<p>Compre comprimidos de ecstasy Green Star para venda no Reino Unido, Europa Online. Compre p\u00edlulas de ecstasy Green Star Online do fornecedor de mdma mais confi\u00e1vel, garantimos uma entrega discreta e segura<\/p>\n","protected":false},"featured_media":4557,"comment_status":"open","ping_status":"closed","template":"","meta":[],"product_brand":[],"product_cat":[498],"product_tag":[],"class_list":{"0":"post-4534","1":"product","2":"type-product","3":"status-publish","4":"has-post-thumbnail","6":"product_cat-compre-pilulas-de-ecstasy","8":"first","9":"instock","10":"shipping-taxable","11":"purchasable","12":"product-type-variable","13":"has-default-attributes"},"yoast_head":"<!-- This site is optimized with the Yoast SEO plugin v27.3 - https:\/\/yoast.com\/product\/yoast-seo-wordpress\/ -->\n<title>Compre Green Star Ecstasy Pills - Best Best Global Meds<\/title>\n<meta name=\"description\" content=\"Compre comprimidos de ecstasy Green Star para venda no Reino Unido, Europa Online. Compre comprimidos de ecstasy Green Star Online do fornecedor de mdma mais confi\u00e1vel, garantimos uma entrega discreta e segura\" \/>\n<meta name=\"robots\" content=\"index, follow, max-snippet:-1, max-image-preview:large, max-video-preview:-1\" \/>\n<link rel=\"canonical\" href=\"https:\/\/medicinasinc.com\/pt\/product\/comprar-verde-estrela-comprimidos-de-ecstasy\/\" \/>\n<meta property=\"og:locale\" content=\"pt_PT\" \/>\n<meta property=\"og:type\" content=\"article\" \/>\n<meta property=\"og:title\" content=\"Compre Green Star Ecstasy Pills - Best Best Global Meds\" \/>\n<meta property=\"og:description\" content=\"Compre comprimidos de ecstasy Green Star para venda no Reino Unido, Europa Online. Compre comprimidos de ecstasy Green Star Online do fornecedor de mdma mais confi\u00e1vel, garantimos uma entrega discreta e segura\" \/>\n<meta property=\"og:url\" content=\"https:\/\/medicinasinc.com\/pt\/product\/comprar-verde-estrela-comprimidos-de-ecstasy\/\" \/>\n<meta property=\"og:site_name\" content=\"Medicinas Inc\" \/>\n<meta property=\"article:modified_time\" content=\"2022-07-05T23:58:56+00:00\" \/>\n<meta property=\"og:image\" content=\"https:\/\/medicinasinc.com\/pt\/wp-content\/uploads\/sites\/20\/2022\/02\/buy-green-star-ecstasy-pills-online.jpg\" \/>\n\t<meta property=\"og:image:width\" content=\"600\" \/>\n\t<meta property=\"og:image:height\" content=\"600\" \/>\n\t<meta property=\"og:image:type\" content=\"image\/jpeg\" \/>\n<meta name=\"twitter:card\" content=\"summary_large_image\" \/>\n<meta name=\"twitter:label1\" content=\"Tempo estimado de leitura\" \/>\n\t<meta name=\"twitter:data1\" content=\"2 minutos\" \/>\n<script type=\"application\/ld+json\" class=\"yoast-schema-graph\">{\"@context\":\"https:\\\/\\\/schema.org\",\"@graph\":[{\"@type\":\"WebPage\",\"@id\":\"https:\\\/\\\/medicinasinc.com\\\/pt\\\/product\\\/comprar-verde-estrela-comprimidos-de-ecstasy\\\/\",\"url\":\"https:\\\/\\\/medicinasinc.com\\\/pt\\\/product\\\/comprar-verde-estrela-comprimidos-de-ecstasy\\\/\",\"name\":\"Compre Green Star Ecstasy Pills - Best Best Global Meds\",\"isPartOf\":{\"@id\":\"https:\\\/\\\/medicinasinc.com\\\/pt\\\/#website\"},\"primaryImageOfPage\":{\"@id\":\"https:\\\/\\\/medicinasinc.com\\\/pt\\\/product\\\/comprar-verde-estrela-comprimidos-de-ecstasy\\\/#primaryimage\"},\"image\":{\"@id\":\"https:\\\/\\\/medicinasinc.com\\\/pt\\\/product\\\/comprar-verde-estrela-comprimidos-de-ecstasy\\\/#primaryimage\"},\"thumbnailUrl\":\"https:\\\/\\\/medicinasinc.com\\\/pt\\\/wp-content\\\/uploads\\\/sites\\\/20\\\/2022\\\/02\\\/buy-green-star-ecstasy-pills-online.jpg\",\"datePublished\":\"2022-02-20T10:30:39+00:00\",\"dateModified\":\"2022-07-05T23:58:56+00:00\",\"description\":\"Compre comprimidos de ecstasy Green Star para venda no Reino Unido, Europa Online. Compre comprimidos de ecstasy Green Star Online do fornecedor de mdma mais confi\u00e1vel, garantimos uma entrega discreta e segura\",\"breadcrumb\":{\"@id\":\"https:\\\/\\\/medicinasinc.com\\\/pt\\\/product\\\/comprar-verde-estrela-comprimidos-de-ecstasy\\\/#breadcrumb\"},\"inLanguage\":\"pt-PT\",\"potentialAction\":[{\"@type\":\"ReadAction\",\"target\":[\"https:\\\/\\\/medicinasinc.com\\\/pt\\\/product\\\/comprar-verde-estrela-comprimidos-de-ecstasy\\\/\"]}]},{\"@type\":\"ImageObject\",\"inLanguage\":\"pt-PT\",\"@id\":\"https:\\\/\\\/medicinasinc.com\\\/pt\\\/product\\\/comprar-verde-estrela-comprimidos-de-ecstasy\\\/#primaryimage\",\"url\":\"https:\\\/\\\/medicinasinc.com\\\/pt\\\/wp-content\\\/uploads\\\/sites\\\/20\\\/2022\\\/02\\\/buy-green-star-ecstasy-pills-online.jpg\",\"contentUrl\":\"https:\\\/\\\/medicinasinc.com\\\/pt\\\/wp-content\\\/uploads\\\/sites\\\/20\\\/2022\\\/02\\\/buy-green-star-ecstasy-pills-online.jpg\",\"width\":600,\"height\":600},{\"@type\":\"BreadcrumbList\",\"@id\":\"https:\\\/\\\/medicinasinc.com\\\/pt\\\/product\\\/comprar-verde-estrela-comprimidos-de-ecstasy\\\/#breadcrumb\",\"itemListElement\":[{\"@type\":\"ListItem\",\"position\":1,\"name\":\"Comprar\",\"item\":\"https:\\\/\\\/medicinasinc.com\\\/pt\\\/comprar\\\/\"},{\"@type\":\"ListItem\",\"position\":2,\"name\":\"Compre p\u00edlulas de ecstasy Green Star\"}]},{\"@type\":\"WebSite\",\"@id\":\"https:\\\/\\\/medicinasinc.com\\\/pt\\\/#website\",\"url\":\"https:\\\/\\\/medicinasinc.com\\\/pt\\\/\",\"name\":\"Medicinas Inc\",\"description\":\"Health Medical Clinic\",\"potentialAction\":[{\"@type\":\"SearchAction\",\"target\":{\"@type\":\"EntryPoint\",\"urlTemplate\":\"https:\\\/\\\/medicinasinc.com\\\/pt\\\/?s={search_term_string}\"},\"query-input\":{\"@type\":\"PropertyValueSpecification\",\"valueRequired\":true,\"valueName\":\"search_term_string\"}}],\"inLanguage\":\"pt-PT\"}]}<\/script>\n<!-- \/ Yoast SEO plugin. -->","yoast_head_json":{"title":"Compre Green Star Ecstasy Pills - Best Best Global Meds","description":"Compre comprimidos de ecstasy Green Star para venda no Reino Unido, Europa Online. Compre comprimidos de ecstasy Green Star Online do fornecedor de mdma mais confi\u00e1vel, garantimos uma entrega discreta e segura","robots":{"index":"index","follow":"follow","max-snippet":"max-snippet:-1","max-image-preview":"max-image-preview:large","max-video-preview":"max-video-preview:-1"},"canonical":"https:\/\/medicinasinc.com\/pt\/product\/comprar-verde-estrela-comprimidos-de-ecstasy\/","og_locale":"pt_PT","og_type":"article","og_title":"Compre Green Star Ecstasy Pills - Best Best Global Meds","og_description":"Compre comprimidos de ecstasy Green Star para venda no Reino Unido, Europa Online. Compre comprimidos de ecstasy Green Star Online do fornecedor de mdma mais confi\u00e1vel, garantimos uma entrega discreta e segura","og_url":"https:\/\/medicinasinc.com\/pt\/product\/comprar-verde-estrela-comprimidos-de-ecstasy\/","og_site_name":"Medicinas Inc","article_modified_time":"2022-07-05T23:58:56+00:00","og_image":[{"width":600,"height":600,"url":"https:\/\/medicinasinc.com\/pt\/wp-content\/uploads\/sites\/20\/2022\/02\/buy-green-star-ecstasy-pills-online.jpg","type":"image\/jpeg"}],"twitter_card":"summary_large_image","twitter_misc":{"Tempo estimado de leitura":"2 minutos"},"schema":{"@context":"https:\/\/schema.org","@graph":[{"@type":"WebPage","@id":"https:\/\/medicinasinc.com\/pt\/product\/comprar-verde-estrela-comprimidos-de-ecstasy\/","url":"https:\/\/medicinasinc.com\/pt\/product\/comprar-verde-estrela-comprimidos-de-ecstasy\/","name":"Compre Green Star Ecstasy Pills - Best Best Global Meds","isPartOf":{"@id":"https:\/\/medicinasinc.com\/pt\/#website"},"primaryImageOfPage":{"@id":"https:\/\/medicinasinc.com\/pt\/product\/comprar-verde-estrela-comprimidos-de-ecstasy\/#primaryimage"},"image":{"@id":"https:\/\/medicinasinc.com\/pt\/product\/comprar-verde-estrela-comprimidos-de-ecstasy\/#primaryimage"},"thumbnailUrl":"https:\/\/medicinasinc.com\/pt\/wp-content\/uploads\/sites\/20\/2022\/02\/buy-green-star-ecstasy-pills-online.jpg","datePublished":"2022-02-20T10:30:39+00:00","dateModified":"2022-07-05T23:58:56+00:00","description":"Compre comprimidos de ecstasy Green Star para venda no Reino Unido, Europa Online. Compre comprimidos de ecstasy Green Star Online do fornecedor de mdma mais confi\u00e1vel, garantimos uma entrega discreta e segura","breadcrumb":{"@id":"https:\/\/medicinasinc.com\/pt\/product\/comprar-verde-estrela-comprimidos-de-ecstasy\/#breadcrumb"},"inLanguage":"pt-PT","potentialAction":[{"@type":"ReadAction","target":["https:\/\/medicinasinc.com\/pt\/product\/comprar-verde-estrela-comprimidos-de-ecstasy\/"]}]},{"@type":"ImageObject","inLanguage":"pt-PT","@id":"https:\/\/medicinasinc.com\/pt\/product\/comprar-verde-estrela-comprimidos-de-ecstasy\/#primaryimage","url":"https:\/\/medicinasinc.com\/pt\/wp-content\/uploads\/sites\/20\/2022\/02\/buy-green-star-ecstasy-pills-online.jpg","contentUrl":"https:\/\/medicinasinc.com\/pt\/wp-content\/uploads\/sites\/20\/2022\/02\/buy-green-star-ecstasy-pills-online.jpg","width":600,"height":600},{"@type":"BreadcrumbList","@id":"https:\/\/medicinasinc.com\/pt\/product\/comprar-verde-estrela-comprimidos-de-ecstasy\/#breadcrumb","itemListElement":[{"@type":"ListItem","position":1,"name":"Comprar","item":"https:\/\/medicinasinc.com\/pt\/comprar\/"},{"@type":"ListItem","position":2,"name":"Compre p\u00edlulas de ecstasy Green Star"}]},{"@type":"WebSite","@id":"https:\/\/medicinasinc.com\/pt\/#website","url":"https:\/\/medicinasinc.com\/pt\/","name":"Medicinas Inc","description":"Health Medical Clinic","potentialAction":[{"@type":"SearchAction","target":{"@type":"EntryPoint","urlTemplate":"https:\/\/medicinasinc.com\/pt\/?s={search_term_string}"},"query-input":{"@type":"PropertyValueSpecification","valueRequired":true,"valueName":"search_term_string"}}],"inLanguage":"pt-PT"}]}},"_links":{"self":[{"href":"https:\/\/medicinasinc.com\/pt\/wp-json\/wp\/v2\/product\/4534","targetHints":{"allow":["GET"]}}],"collection":[{"href":"https:\/\/medicinasinc.com\/pt\/wp-json\/wp\/v2\/product"}],"about":[{"href":"https:\/\/medicinasinc.com\/pt\/wp-json\/wp\/v2\/types\/product"}],"replies":[{"embeddable":true,"href":"https:\/\/medicinasinc.com\/pt\/wp-json\/wp\/v2\/comments?post=4534"}],"wp:featuredmedia":[{"embeddable":true,"href":"https:\/\/medicinasinc.com\/pt\/wp-json\/wp\/v2\/media\/4557"}],"wp:attachment":[{"href":"https:\/\/medicinasinc.com\/pt\/wp-json\/wp\/v2\/media?parent=4534"}],"wp:term":[{"taxonomy":"product_brand","embeddable":true,"href":"https:\/\/medicinasinc.com\/pt\/wp-json\/wp\/v2\/product_brand?post=4534"},{"taxonomy":"product_cat","embeddable":true,"href":"https:\/\/medicinasinc.com\/pt\/wp-json\/wp\/v2\/product_cat?post=4534"},{"taxonomy":"product_tag","embeddable":true,"href":"https:\/\/medicinasinc.com\/pt\/wp-json\/wp\/v2\/product_tag?post=4534"}],"curies":[{"name":"wp","href":"https:\/\/api.w.org\/{rel}","templated":true}]}}