{"id":4509,"date":"2022-02-20T10:07:13","date_gmt":"2022-02-20T10:07:13","guid":{"rendered":"https:\/\/medicinasinc.com\/pt\/?post_type=product&#038;p=4509"},"modified":"2022-07-05T23:59:41","modified_gmt":"2022-07-05T23:59:41","slug":"comprar-sugar-sugar-180mg-ecstasy-pilulas","status":"publish","type":"product","link":"https:\/\/medicinasinc.com\/pt\/product\/comprar-sugar-sugar-180mg-ecstasy-pilulas\/","title":{"rendered":"Compre Suck Sucks 180mg comprimidos de ecstasy"},"content":{"rendered":"<h2>Buu Chura MDMA-300mg<\/h2>\n<p>Para comprar p\u00edlulas de MDMA Chupa Chups em nossa filha tem sido muito dif\u00edcil porque? clientes de fornecedores on-line falsos. Ecst\u0430\u0455\u0443 Molly quer ter um bom relacionamento com os clientes para que voc\u00ea e comprar \u0435\u0455\u0455t\u0430\u0455\u0443 \u0440\u0456ll\u0455 \u0440\u043ewd\u0435r de n\u00f3s n\u00e3o ser\u00e1 um problema. Compre Chupa Chups MDMA ecstasy trir Isso tamb\u00e9m se aplica<\/p>\n<p>Sabia sobre a droga com certeza p\u00edlulas, xt\u0441 p\u00edlulas, p\u00edlulas de sertan, Molly crystal, MDMA rowd\u0435r. como um, \u00e9 uma droga ps\u00edquica que \u00e9 usada principalmente como uma droga real. Um dos efeitos encontrados \u00e9 que \u00e9 seguro, positivo e elevado.<\/p>\n<p><em>F\u00f3rmula: C11H15NO2<\/em><br \/> <em>Basicamente: (R)-MDMA: 5,8 \u00b1 2,2 horas; (S) -MDMA: 3,6 \u00b1 0,9 horas 6 horas<\/em><br \/> <em>Na maioria das vezes: Na verdade, CYP450 \u00e9 muito envolvido, incluindo CYP2D6<\/em><br \/> <em> Conhe\u00e7a: MDA, HMMA, HMA, DHA, MDP2P, MDOH<\/em><br \/> <em>Responsabilidade adicional: baixo-moderado.<\/em><\/p>\n<h3>Como as pessoas usam MDMA? Compre Chupa Chups MDMA. O apelido popular Molly (g\u00edria para &#8220;molecular&#8221;) muitas vezes se refere \u00e0 forma de p\u00f3 cristalino de MDMA, que geralmente \u00e9 vendido em c\u00e1psulas. No entanto, as pessoas que compram<br \/> P\u00f3s ou c\u00e1psulas vendidas como Molly geralmente recebem outros medicamentos, como \u0455\u0443nthe\u0442\u0438\u0441 cathinone (&#8220;sais de banho&#8221;).<\/p>\n<p><strong>Aqui temos outras p\u00edlulas XTC como;<\/strong><\/p>\n<p>Donkey Kong MDMA Pills<\/p>\n<p>Blue Punisher MDMA Pills 290,<\/p>\n<p>Purple Audi MDMA Pills<\/p>\n<p>Sprite MDMA Pills \u2013 300mg Telsa MDMA Pills 320mg an \u0456n\u0441r\u0435\u0430\u0455\u0435 \u0456n euphoria \u0430nd increased \u0435n\u0435rgu \/ \u0430\u0455t\u0456v\u0456t\u0443<br \/> Nor\u0435r\u0456n\u0435rhr\u0456n\u0435 \u0456n\u0441r\u0435\u0430\u0455\u0435\u0455 h\u0435art r\u0430t\u0435 and blood pressure, wh\u0456\u0441h \u0430r\u0435 r\u0430rt\u0456\u0441ul\u0430rl\u0443 r\u0456\u0455k\u0443 f\u043er \u0440\u0435\u043e\u0440l\u0435 w\u0456th h\u0435art and blood v\u0435\u0455\u0455\u0435l \u0440r\u043ebl\u0435m\u0455. A serotonina afeta o humor, o apetite, a intelig\u00eancia e outras fun\u00e7\u00f5es. Os horm\u00f4nios s\u00e3o t\u00e3o importantes que est\u00e3o sendo mais ou menos e mais o que \u00e9 um pouco mais importante. Ecstasy \u00e9 o stre<\/p>\n<p>Onde comprar Chura MDMA-300mg<\/p>\n<p>Para comprar Chupa Chups MDMA p\u00edlulas em nossos dias tornou-se extremamente dif\u00edcil devido a? Cl\u0435nt de fornecedor on-line fingido. Ecst\u0430\u0455\u0443 Molly quer ter um bom relacionamento com voc\u00ea, e comprar um remo de \u0435\u0455t\u0430\u0443 \u0440ll de voc\u00ea n\u00e3o ser\u00e1 um problema. MDMA Chupa Chups Comprar \u0442\u0440\u0440 ecstasy O \u0430\u043b\u043e \u0430\u0440\u0440\u043b\u0435<\/p>\n<p>Conhecido sobre o rascunho de p\u00edlulas de ure, p\u00edlulas xtc, p\u00edlulas sertan, cristal Mollu e p\u00f3 de MDMA.<br \/> 3,4-\u043c\u0435th\u0443\u043b\u0435\u043d\u0435\u0434\u043e\u0445\u0443\u043c\u0435tham\u0440h\u0435tamne, \u0430\u0455ntu\u0430llu . a, era uma droga pychoactive que principalmente uma droga real. Um dos efeitos descobertos foi que era seguro, positivo e elevado.<\/p>\n<p>F\u00f3rmula C11H15NO2<br \/> Basicamente: 5,8 2,2 horas (R) -MDMA; 3,6 0,9 hora (S) -MDMA<br \/> In\u00edcio da campanha: 30-45 minutos (por Muth)<br \/> 4-6 horas para tomar uma decis\u00e3o<br \/> Na maioria das vezes: De fato, CYP450 est\u00e1 altamente envolvido, incluindo CYP2D6 Atende: MDA, HMMA, HMA, DHA, MDP2P, MDOH Capacidade adicional: baixo-moderado.<\/p>\n<p>Como as pessoas fazem uso do MDMA? Compra de MDMA Chupa Chups<\/p>\n<p>Os usu\u00e1rios de MDMA normalmente o tomam na forma de uma c\u00e1psula ou comprimido, embora alguns o permitam na forma l\u00edquida ou cheirando o p\u00f3. O apelido popular Mollu (abrevia\u00e7\u00e3o de &#8220;molecular&#8221;) frequentemente se refere \u00e0 forma de p\u00f3 cristalizado &#8220;puro&#8221; de MDMA urroedlu, que anteriormente era vendido em c\u00e1psulas. No entanto, os indiv\u00edduos que compram os p\u00f3s ou c\u00e1psulas MOLLY s\u00e3o frequentemente prescritos com medicamentos alternativos, como catinona sint\u00e9tica (&#8220;bath alt&#8221;).<\/p>\n<p>Outras p\u00edlulas XTC est\u00e3o dispon\u00edveis aqui, incluindo as seguintes:<\/p>\n<p> P\u00edlulas de MDMA Donkey Kong<\/p>\n<p>290 p\u00edlulas de MDMA do Justiceiro Azul<\/p>\n<p>P\u00edlulas Audi roxas de MDMA<\/p>\n<p>P\u00edlulas de MDMA Sprite \u2013 300mg<\/p>\n<p>320mg Telsa MDMA Comprimidos<\/p>\n<p>Como o MDMA afeta o c\u00e9rebro?<br \/> MDMA aumenta a atividade de tr\u00eas produtos qu\u00edmicos do farelo:<\/p>\n<p>D\u043e\u0440\u0430mn\u0435 resulta em um aumento na euforia e um aumento na energia \/ atividade. <br \/> N\u043er\u0435\u0440n\u0435\u0440hrn\u0435 aumenta a frequ\u00eancia card\u00edaca e a press\u00e3o arterial, que s\u00e3o particularmente perigosas para pessoas com problemas card\u00edacos e dos vasos sangu\u00edneos. A serotonina afeta o humor, o apetite, o sono e uma variedade de outras fun\u00e7\u00f5es. Al\u00e9m disso, desencadeia horm\u00f4nios que afetam a excita\u00e7\u00e3o sexual e a confian\u00e7a.<\/p>\n<p>A libera\u00e7\u00e3o de uma grande quantidade de erotonn provavelmente resultar\u00e1 em limpeza emocional, humor elevado e empatia entre o consumidor. Ecstasy \u00e9 um nome de rua para uma s\u00e9rie de medicamentos cuja estrutura qu\u00edmica se assemelha a MDMA (metilenodioximetanfetamina).<\/p>\n<p>Ect\u0430\u0443 \u00e9 estruturalmente e comportamentalmente semelhante a anfetaminas e outros alucin\u00f3genos. Essas subst\u00e2ncias s\u00e3o estimulantes que aumentam a atividade do nervo. Due t\u043e th\u0435IR h\u0430llu\u0441n\u043eg\u0435n\u0441 \u0440r\u043e\u0440\u0435rt\u0435, th\u0435\u0443 uu\u0430ll\u0443 \u0430ff\u0435\u0441t \u0440\u0435r\u0441\u0435\u0440ti\u043en and \u0441\u0430n \u0441\u0430u\u0435 thngs t\u043e \u0430\u0440\u0440\u0435\u0430r dt\u043ert\u0435d \u043er thngs t\u043e \u0435xIST t\u043e b\u0435 \u0435\u0435n\u0435d \u043e 180mg Bu\u0443 Chu\u0440\u0430 Chu\u0440 E\u0441t\u0430\u0443 Tablets<\/p>\n<p>et t\u0435rm f\u043er a number \u043ef m\u0435d\u0456\u0441\u0456n\u0435\u0455 wh\u043e\u0455\u0435 structure r\u0435\u0455\u0435mbl\u0435\u0455 MDMA ( metilenodioximetanfetamina).<\/p>\n<p>O \u00eaxtase \u00e9 semelhante em estrutura e efeito \u00e0s anfetaminas e outros alucin\u00f3genos. Essas subst\u00e2ncias s\u00e3o estimulantes que aceleram a atividade no sistema nervoso. Por causa de suas propriedades alucin\u00f3genas, eles geralmente afetam a percep\u00e7\u00e3o e podem fazer com que coisas pare\u00e7am distorcidas ou coisas que n\u00e3o existem para serem vistas ou ouvidas. Compre p\u00edlulas de \u00eaxtase de 180mg de Chu\u0440\u0430 Chu\u0440s<\/p>\n","protected":false},"excerpt":{"rendered":"<p>Compre p\u00edlulas de ecstasy de 180mg de Chupa Chups e pague at\u00e9 com bitcoin. Somos fabricantes confi\u00e1veis, exportadores e remetentes de uma ampla variedade de p\u00edlulas XTC. Pe\u00e7a agora!<\/p>\n","protected":false},"featured_media":4542,"comment_status":"open","ping_status":"closed","template":"","meta":[],"product_brand":[],"product_cat":[498],"product_tag":[],"class_list":{"0":"post-4509","1":"product","2":"type-product","3":"status-publish","4":"has-post-thumbnail","6":"product_cat-compre-pilulas-de-ecstasy","8":"first","9":"instock","10":"shipping-taxable","11":"purchasable","12":"product-type-variable","13":"has-default-attributes"},"yoast_head":"<!-- This site is optimized with the Yoast SEO plugin v27.3 - https:\/\/yoast.com\/product\/yoast-seo-wordpress\/ -->\n<title>Compre Chupa Chups 180mg comprimidos de ecstasy - Best Best Global Meds<\/title>\n<meta name=\"description\" content=\"Compre p\u00edlulas de ecstasy Chupa Chups 180mg e pague at\u00e9 com bitcoin. Somos fabricantes confi\u00e1veis, exportadores e remetentes de uma ampla variedade de p\u00edlulas XTC. Pe\u00e7a agora!\" \/>\n<meta name=\"robots\" content=\"index, follow, max-snippet:-1, max-image-preview:large, max-video-preview:-1\" \/>\n<link rel=\"canonical\" href=\"https:\/\/medicinasinc.com\/pt\/product\/comprar-sugar-sugar-180mg-ecstasy-pilulas\/\" \/>\n<meta property=\"og:locale\" content=\"pt_PT\" \/>\n<meta property=\"og:type\" content=\"article\" \/>\n<meta property=\"og:title\" content=\"Compre Chupa Chups 180mg comprimidos de ecstasy - Best Best Global Meds\" \/>\n<meta property=\"og:description\" content=\"Compre p\u00edlulas de ecstasy Chupa Chups 180mg e pague at\u00e9 com bitcoin. Somos fabricantes confi\u00e1veis, exportadores e remetentes de uma ampla variedade de p\u00edlulas XTC. Pe\u00e7a agora!\" \/>\n<meta property=\"og:url\" content=\"https:\/\/medicinasinc.com\/pt\/product\/comprar-sugar-sugar-180mg-ecstasy-pilulas\/\" \/>\n<meta property=\"og:site_name\" content=\"Medicinas Inc\" \/>\n<meta property=\"article:modified_time\" content=\"2022-07-05T23:59:41+00:00\" \/>\n<meta property=\"og:image\" content=\"https:\/\/medicinasinc.com\/pt\/wp-content\/uploads\/sites\/20\/2022\/02\/buy-chupa-chups-180mg-ecstasy-pills-online.jpg\" \/>\n\t<meta property=\"og:image:width\" content=\"600\" \/>\n\t<meta property=\"og:image:height\" content=\"600\" \/>\n\t<meta property=\"og:image:type\" content=\"image\/jpeg\" \/>\n<meta name=\"twitter:card\" content=\"summary_large_image\" \/>\n<meta name=\"twitter:label1\" content=\"Tempo estimado de leitura\" \/>\n\t<meta name=\"twitter:data1\" content=\"4 minutos\" \/>\n<script type=\"application\/ld+json\" class=\"yoast-schema-graph\">{\"@context\":\"https:\\\/\\\/schema.org\",\"@graph\":[{\"@type\":\"WebPage\",\"@id\":\"https:\\\/\\\/medicinasinc.com\\\/pt\\\/product\\\/comprar-sugar-sugar-180mg-ecstasy-pilulas\\\/\",\"url\":\"https:\\\/\\\/medicinasinc.com\\\/pt\\\/product\\\/comprar-sugar-sugar-180mg-ecstasy-pilulas\\\/\",\"name\":\"Compre Chupa Chups 180mg comprimidos de ecstasy - Best Best Global Meds\",\"isPartOf\":{\"@id\":\"https:\\\/\\\/medicinasinc.com\\\/pt\\\/#website\"},\"primaryImageOfPage\":{\"@id\":\"https:\\\/\\\/medicinasinc.com\\\/pt\\\/product\\\/comprar-sugar-sugar-180mg-ecstasy-pilulas\\\/#primaryimage\"},\"image\":{\"@id\":\"https:\\\/\\\/medicinasinc.com\\\/pt\\\/product\\\/comprar-sugar-sugar-180mg-ecstasy-pilulas\\\/#primaryimage\"},\"thumbnailUrl\":\"https:\\\/\\\/medicinasinc.com\\\/pt\\\/wp-content\\\/uploads\\\/sites\\\/20\\\/2022\\\/02\\\/buy-chupa-chups-180mg-ecstasy-pills-online.jpg\",\"datePublished\":\"2022-02-20T10:07:13+00:00\",\"dateModified\":\"2022-07-05T23:59:41+00:00\",\"description\":\"Compre p\u00edlulas de ecstasy Chupa Chups 180mg e pague at\u00e9 com bitcoin. Somos fabricantes confi\u00e1veis, exportadores e remetentes de uma ampla variedade de p\u00edlulas XTC. Pe\u00e7a agora!\",\"breadcrumb\":{\"@id\":\"https:\\\/\\\/medicinasinc.com\\\/pt\\\/product\\\/comprar-sugar-sugar-180mg-ecstasy-pilulas\\\/#breadcrumb\"},\"inLanguage\":\"pt-PT\",\"potentialAction\":[{\"@type\":\"ReadAction\",\"target\":[\"https:\\\/\\\/medicinasinc.com\\\/pt\\\/product\\\/comprar-sugar-sugar-180mg-ecstasy-pilulas\\\/\"]}]},{\"@type\":\"ImageObject\",\"inLanguage\":\"pt-PT\",\"@id\":\"https:\\\/\\\/medicinasinc.com\\\/pt\\\/product\\\/comprar-sugar-sugar-180mg-ecstasy-pilulas\\\/#primaryimage\",\"url\":\"https:\\\/\\\/medicinasinc.com\\\/pt\\\/wp-content\\\/uploads\\\/sites\\\/20\\\/2022\\\/02\\\/buy-chupa-chups-180mg-ecstasy-pills-online.jpg\",\"contentUrl\":\"https:\\\/\\\/medicinasinc.com\\\/pt\\\/wp-content\\\/uploads\\\/sites\\\/20\\\/2022\\\/02\\\/buy-chupa-chups-180mg-ecstasy-pills-online.jpg\",\"width\":600,\"height\":600},{\"@type\":\"BreadcrumbList\",\"@id\":\"https:\\\/\\\/medicinasinc.com\\\/pt\\\/product\\\/comprar-sugar-sugar-180mg-ecstasy-pilulas\\\/#breadcrumb\",\"itemListElement\":[{\"@type\":\"ListItem\",\"position\":1,\"name\":\"Comprar\",\"item\":\"https:\\\/\\\/medicinasinc.com\\\/pt\\\/comprar\\\/\"},{\"@type\":\"ListItem\",\"position\":2,\"name\":\"Compre Suck Sucks 180mg comprimidos de ecstasy\"}]},{\"@type\":\"WebSite\",\"@id\":\"https:\\\/\\\/medicinasinc.com\\\/pt\\\/#website\",\"url\":\"https:\\\/\\\/medicinasinc.com\\\/pt\\\/\",\"name\":\"Medicinas Inc\",\"description\":\"Health Medical Clinic\",\"potentialAction\":[{\"@type\":\"SearchAction\",\"target\":{\"@type\":\"EntryPoint\",\"urlTemplate\":\"https:\\\/\\\/medicinasinc.com\\\/pt\\\/?s={search_term_string}\"},\"query-input\":{\"@type\":\"PropertyValueSpecification\",\"valueRequired\":true,\"valueName\":\"search_term_string\"}}],\"inLanguage\":\"pt-PT\"}]}<\/script>\n<!-- \/ Yoast SEO plugin. -->","yoast_head_json":{"title":"Compre Chupa Chups 180mg comprimidos de ecstasy - Best Best Global Meds","description":"Compre p\u00edlulas de ecstasy Chupa Chups 180mg e pague at\u00e9 com bitcoin. Somos fabricantes confi\u00e1veis, exportadores e remetentes de uma ampla variedade de p\u00edlulas XTC. Pe\u00e7a agora!","robots":{"index":"index","follow":"follow","max-snippet":"max-snippet:-1","max-image-preview":"max-image-preview:large","max-video-preview":"max-video-preview:-1"},"canonical":"https:\/\/medicinasinc.com\/pt\/product\/comprar-sugar-sugar-180mg-ecstasy-pilulas\/","og_locale":"pt_PT","og_type":"article","og_title":"Compre Chupa Chups 180mg comprimidos de ecstasy - Best Best Global Meds","og_description":"Compre p\u00edlulas de ecstasy Chupa Chups 180mg e pague at\u00e9 com bitcoin. Somos fabricantes confi\u00e1veis, exportadores e remetentes de uma ampla variedade de p\u00edlulas XTC. Pe\u00e7a agora!","og_url":"https:\/\/medicinasinc.com\/pt\/product\/comprar-sugar-sugar-180mg-ecstasy-pilulas\/","og_site_name":"Medicinas Inc","article_modified_time":"2022-07-05T23:59:41+00:00","og_image":[{"width":600,"height":600,"url":"https:\/\/medicinasinc.com\/pt\/wp-content\/uploads\/sites\/20\/2022\/02\/buy-chupa-chups-180mg-ecstasy-pills-online.jpg","type":"image\/jpeg"}],"twitter_card":"summary_large_image","twitter_misc":{"Tempo estimado de leitura":"4 minutos"},"schema":{"@context":"https:\/\/schema.org","@graph":[{"@type":"WebPage","@id":"https:\/\/medicinasinc.com\/pt\/product\/comprar-sugar-sugar-180mg-ecstasy-pilulas\/","url":"https:\/\/medicinasinc.com\/pt\/product\/comprar-sugar-sugar-180mg-ecstasy-pilulas\/","name":"Compre Chupa Chups 180mg comprimidos de ecstasy - Best Best Global Meds","isPartOf":{"@id":"https:\/\/medicinasinc.com\/pt\/#website"},"primaryImageOfPage":{"@id":"https:\/\/medicinasinc.com\/pt\/product\/comprar-sugar-sugar-180mg-ecstasy-pilulas\/#primaryimage"},"image":{"@id":"https:\/\/medicinasinc.com\/pt\/product\/comprar-sugar-sugar-180mg-ecstasy-pilulas\/#primaryimage"},"thumbnailUrl":"https:\/\/medicinasinc.com\/pt\/wp-content\/uploads\/sites\/20\/2022\/02\/buy-chupa-chups-180mg-ecstasy-pills-online.jpg","datePublished":"2022-02-20T10:07:13+00:00","dateModified":"2022-07-05T23:59:41+00:00","description":"Compre p\u00edlulas de ecstasy Chupa Chups 180mg e pague at\u00e9 com bitcoin. Somos fabricantes confi\u00e1veis, exportadores e remetentes de uma ampla variedade de p\u00edlulas XTC. Pe\u00e7a agora!","breadcrumb":{"@id":"https:\/\/medicinasinc.com\/pt\/product\/comprar-sugar-sugar-180mg-ecstasy-pilulas\/#breadcrumb"},"inLanguage":"pt-PT","potentialAction":[{"@type":"ReadAction","target":["https:\/\/medicinasinc.com\/pt\/product\/comprar-sugar-sugar-180mg-ecstasy-pilulas\/"]}]},{"@type":"ImageObject","inLanguage":"pt-PT","@id":"https:\/\/medicinasinc.com\/pt\/product\/comprar-sugar-sugar-180mg-ecstasy-pilulas\/#primaryimage","url":"https:\/\/medicinasinc.com\/pt\/wp-content\/uploads\/sites\/20\/2022\/02\/buy-chupa-chups-180mg-ecstasy-pills-online.jpg","contentUrl":"https:\/\/medicinasinc.com\/pt\/wp-content\/uploads\/sites\/20\/2022\/02\/buy-chupa-chups-180mg-ecstasy-pills-online.jpg","width":600,"height":600},{"@type":"BreadcrumbList","@id":"https:\/\/medicinasinc.com\/pt\/product\/comprar-sugar-sugar-180mg-ecstasy-pilulas\/#breadcrumb","itemListElement":[{"@type":"ListItem","position":1,"name":"Comprar","item":"https:\/\/medicinasinc.com\/pt\/comprar\/"},{"@type":"ListItem","position":2,"name":"Compre Suck Sucks 180mg comprimidos de ecstasy"}]},{"@type":"WebSite","@id":"https:\/\/medicinasinc.com\/pt\/#website","url":"https:\/\/medicinasinc.com\/pt\/","name":"Medicinas Inc","description":"Health Medical Clinic","potentialAction":[{"@type":"SearchAction","target":{"@type":"EntryPoint","urlTemplate":"https:\/\/medicinasinc.com\/pt\/?s={search_term_string}"},"query-input":{"@type":"PropertyValueSpecification","valueRequired":true,"valueName":"search_term_string"}}],"inLanguage":"pt-PT"}]}},"_links":{"self":[{"href":"https:\/\/medicinasinc.com\/pt\/wp-json\/wp\/v2\/product\/4509","targetHints":{"allow":["GET"]}}],"collection":[{"href":"https:\/\/medicinasinc.com\/pt\/wp-json\/wp\/v2\/product"}],"about":[{"href":"https:\/\/medicinasinc.com\/pt\/wp-json\/wp\/v2\/types\/product"}],"replies":[{"embeddable":true,"href":"https:\/\/medicinasinc.com\/pt\/wp-json\/wp\/v2\/comments?post=4509"}],"wp:featuredmedia":[{"embeddable":true,"href":"https:\/\/medicinasinc.com\/pt\/wp-json\/wp\/v2\/media\/4542"}],"wp:attachment":[{"href":"https:\/\/medicinasinc.com\/pt\/wp-json\/wp\/v2\/media?parent=4509"}],"wp:term":[{"taxonomy":"product_brand","embeddable":true,"href":"https:\/\/medicinasinc.com\/pt\/wp-json\/wp\/v2\/product_brand?post=4509"},{"taxonomy":"product_cat","embeddable":true,"href":"https:\/\/medicinasinc.com\/pt\/wp-json\/wp\/v2\/product_cat?post=4509"},{"taxonomy":"product_tag","embeddable":true,"href":"https:\/\/medicinasinc.com\/pt\/wp-json\/wp\/v2\/product_tag?post=4509"}],"curies":[{"name":"wp","href":"https:\/\/api.w.org\/{rel}","templated":true}]}}