{"id":4479,"date":"2022-02-20T09:44:15","date_gmt":"2022-02-20T09:44:15","guid":{"rendered":"https:\/\/medicinasinc.com\/pt\/?post_type=product&#038;p=4479"},"modified":"2022-07-06T00:00:44","modified_gmt":"2022-07-06T00:00:44","slug":"comprar-blue-dolphin-ecstasy-pilulas","status":"publish","type":"product","link":"https:\/\/medicinasinc.com\/pt\/product\/comprar-blue-dolphin-ecstasy-pilulas\/","title":{"rendered":"Compre p\u00edlulas de ecstasy Blue Dolphin"},"content":{"rendered":"<p>Compre p\u00edlulas de ecstasy Blue Dolphin 295 mg online.<\/p>\n<p>Subst\u00e2ncia Blue Dolphin<\/p>\n<p>O ecstasy foi inventado em 1912 pelo relacionamento com drogas da Merck. Foi apelidado de &#8220;MDMA&#8221; devido \u00e0 sua nova estrutura. Foi usado pela primeira vez pelas For\u00e7as Armadas dos EUA em 1953 para testes de engajamento mental e retornou brevemente na d\u00e9cada de 1960 como uma solu\u00e7\u00e3o de psicoterapia para &#8220;inibi\u00e7\u00f5es mais baixas&#8221;. 1 O MDMA n\u00e3o foi usado como receita de coleta at\u00e9 a d\u00e9cada de 1970.<\/p>\n<p>Em meados dos anos 1980, o MDMA estava sendo promovido como &#8220;a coisa mais espumante da t\u00e9cnica com a miss\u00e3o de agradar as pessoas atrav\u00e9s da ci\u00eancia&#8221; e o &#8220;em solu\u00e7\u00e3o&#8221; para festas duradouras. O MDMA ainda estava amplamente dispon\u00edvel em 1984 sob a marca &#8220;Joy&#8221;, mas em 1985, o medicamento foi restringido devido a quest\u00f5es de seguran\u00e7a.<br \/> A medica\u00e7\u00e3o do golfinho azul pode ser especialmente ben\u00e9fica para indiv\u00edduos com problemas de componentes de esmagamento p\u00f3s-atordoamento ( PTSD). Numerosos pacientes s\u00e3o incapazes de discutir os eventos perigosos que precipitaram seus problemas. O preenchimento, especula-se, pode ajudar as pessoas a aumentar essas feridas.<\/p>\n<p>\u00caxtase do Golfinho Azul<\/p>\n<p>Doblin, 50, autenticamente n\u00e3o \u00e9 uma pessoa preparada ou um monitor; no entanto, ele tem grande responsabilidade pelas drogas, tendo-as consumido em in\u00fameras ocasi\u00f5es. &#8220;Fez uma diferen\u00e7a significativa na minha vida&#8221;, explicou. Ao longo dos \u00faltimos anos, ele investiu na divulga\u00e7\u00e3o da mensagem de que Joy e outras drogas energizantes t\u00eam sucesso fundamental em condi\u00e7\u00f5es ideais.<br \/> Se voc\u00ea est\u00e1 realmente procurando por uma afilia\u00e7\u00e3o que possa lhe fornecer itens da melhor qualidade, voc\u00ea tem venha ao lugar certo. Em nossa funda\u00e7\u00e3o, voc\u00ea pode escolher os melhores itens que o ajudar\u00e3o a construir sua confian\u00e7a e estabelecer um relacionamento razo\u00e1vel conosco devido \u00e0 possibilidade de nossos itens. Fa\u00e7a j\u00e1 a sua encomenda e receba o ecstasy Blue dolphin \u00e0 sua porta dentro de cinco dias \u00fateis. Ecstacy, o golfinho azul<\/p>\n<p>Ecstacy foi desenvolvido pela Merck em 1912. Foi apelidado de &#8220;MDMA&#8221; devido \u00e0 sua nova estrutura. Foi usado pela primeira vez pelas For\u00e7as Armadas dos EUA em 1953 para testes de engajamento mental e retornou brevemente na d\u00e9cada de 1960 como uma solu\u00e7\u00e3o de psicoterapia para &#8220;inibi\u00e7\u00f5es mais baixas&#8221;. 1 O MDMA n\u00e3o foi usado como receita de coleta at\u00e9 a d\u00e9cada de 1970.<\/p>\n<p>Em meados dos anos 1980, o MDMA estava sendo promovido como &#8220;a coisa mais espumante da t\u00e9cnica com a miss\u00e3o de agradar as pessoas atrav\u00e9s da ci\u00eancia&#8221; e o &#8220;em solu\u00e7\u00e3o&#8221; para festas duradouras. O MDMA ainda estava amplamente dispon\u00edvel em 1984 sob a marca &#8220;Joy&#8221;, mas em 1985, a medica\u00e7\u00e3o foi restringida devido a quest\u00f5es de seguran\u00e7a.<\/p>\n<p>ecstasy de golfinho azul, drogas de golfinho azul, ecstasy de golfinho azul<\/p>\n<table>\n<tbody>\n<tr>\n<th><span style=\"font-weight: 400\">Cor:<\/span><\/th>\n<td>Azul<\/td>\n<\/tr>\n<tr>\n<th><span style=\"font-weight: 400\">Tamanho:<\/span><\/th>\n<td>295 mg<\/td>\n<\/tr>\n<\/tbody>\n<\/table>\n","protected":false},"excerpt":{"rendered":"<p>Compre p\u00edlulas de ecstasy online. Compre p\u00edlulas de ecstasy Blue Dolphin para venda no Reino Unido, Europa a pre\u00e7os excelentes de n\u00f3s. A embalagem \u00e9 feita por profissionais e a entrega \u00e9 100% garantida.<\/p>\n","protected":false},"featured_media":4516,"comment_status":"open","ping_status":"closed","template":"","meta":[],"product_brand":[],"product_cat":[498],"product_tag":[],"class_list":{"0":"post-4479","1":"product","2":"type-product","3":"status-publish","4":"has-post-thumbnail","6":"product_cat-compre-pilulas-de-ecstasy","8":"first","9":"instock","10":"shipping-taxable","11":"purchasable","12":"product-type-variable","13":"has-default-attributes"},"yoast_head":"<!-- This site is optimized with the Yoast SEO plugin v27.3 - https:\/\/yoast.com\/product\/yoast-seo-wordpress\/ -->\n<title>Compre Blue Dolphin Ecstasy Pills Online - Best Best Global Meds<\/title>\n<meta name=\"description\" content=\"Compre p\u00edlulas de ecstasy online. Compre comprimidos de ecstasy Blue Dolphin \u00e0 venda no Reino Unido, Europa a pre\u00e7os excelentes. A embalagem \u00e9 feita por profissionais e a entrega \u00e9 100% garantida.\" \/>\n<meta name=\"robots\" content=\"index, follow, max-snippet:-1, max-image-preview:large, max-video-preview:-1\" \/>\n<link rel=\"canonical\" href=\"https:\/\/medicinasinc.com\/pt\/product\/comprar-blue-dolphin-ecstasy-pilulas\/\" \/>\n<meta property=\"og:locale\" content=\"pt_PT\" \/>\n<meta property=\"og:type\" content=\"article\" \/>\n<meta property=\"og:title\" content=\"Compre Blue Dolphin Ecstasy Pills Online - Best Best Global Meds\" \/>\n<meta property=\"og:description\" content=\"Compre p\u00edlulas de ecstasy online. Compre comprimidos de ecstasy Blue Dolphin \u00e0 venda no Reino Unido, Europa a pre\u00e7os excelentes. A embalagem \u00e9 feita por profissionais e a entrega \u00e9 100% garantida.\" \/>\n<meta property=\"og:url\" content=\"https:\/\/medicinasinc.com\/pt\/product\/comprar-blue-dolphin-ecstasy-pilulas\/\" \/>\n<meta property=\"og:site_name\" content=\"Medicinas Inc\" \/>\n<meta property=\"article:modified_time\" content=\"2022-07-06T00:00:44+00:00\" \/>\n<meta property=\"og:image\" content=\"https:\/\/medicinasinc.com\/pt\/wp-content\/uploads\/sites\/20\/2022\/02\/buy-blue-dolphin-ecstasy-pills-online.jpg\" \/>\n\t<meta property=\"og:image:width\" content=\"600\" \/>\n\t<meta property=\"og:image:height\" content=\"600\" \/>\n\t<meta property=\"og:image:type\" content=\"image\/jpeg\" \/>\n<meta name=\"twitter:card\" content=\"summary_large_image\" \/>\n<meta name=\"twitter:label1\" content=\"Tempo estimado de leitura\" \/>\n\t<meta name=\"twitter:data1\" content=\"2 minutos\" \/>\n<script type=\"application\/ld+json\" class=\"yoast-schema-graph\">{\"@context\":\"https:\\\/\\\/schema.org\",\"@graph\":[{\"@type\":\"WebPage\",\"@id\":\"https:\\\/\\\/medicinasinc.com\\\/pt\\\/product\\\/comprar-blue-dolphin-ecstasy-pilulas\\\/\",\"url\":\"https:\\\/\\\/medicinasinc.com\\\/pt\\\/product\\\/comprar-blue-dolphin-ecstasy-pilulas\\\/\",\"name\":\"Compre Blue Dolphin Ecstasy Pills Online - Best Best Global Meds\",\"isPartOf\":{\"@id\":\"https:\\\/\\\/medicinasinc.com\\\/pt\\\/#website\"},\"primaryImageOfPage\":{\"@id\":\"https:\\\/\\\/medicinasinc.com\\\/pt\\\/product\\\/comprar-blue-dolphin-ecstasy-pilulas\\\/#primaryimage\"},\"image\":{\"@id\":\"https:\\\/\\\/medicinasinc.com\\\/pt\\\/product\\\/comprar-blue-dolphin-ecstasy-pilulas\\\/#primaryimage\"},\"thumbnailUrl\":\"https:\\\/\\\/medicinasinc.com\\\/pt\\\/wp-content\\\/uploads\\\/sites\\\/20\\\/2022\\\/02\\\/buy-blue-dolphin-ecstasy-pills-online.jpg\",\"datePublished\":\"2022-02-20T09:44:15+00:00\",\"dateModified\":\"2022-07-06T00:00:44+00:00\",\"description\":\"Compre p\u00edlulas de ecstasy online. Compre comprimidos de ecstasy Blue Dolphin \u00e0 venda no Reino Unido, Europa a pre\u00e7os excelentes. A embalagem \u00e9 feita por profissionais e a entrega \u00e9 100% garantida.\",\"breadcrumb\":{\"@id\":\"https:\\\/\\\/medicinasinc.com\\\/pt\\\/product\\\/comprar-blue-dolphin-ecstasy-pilulas\\\/#breadcrumb\"},\"inLanguage\":\"pt-PT\",\"potentialAction\":[{\"@type\":\"ReadAction\",\"target\":[\"https:\\\/\\\/medicinasinc.com\\\/pt\\\/product\\\/comprar-blue-dolphin-ecstasy-pilulas\\\/\"]}]},{\"@type\":\"ImageObject\",\"inLanguage\":\"pt-PT\",\"@id\":\"https:\\\/\\\/medicinasinc.com\\\/pt\\\/product\\\/comprar-blue-dolphin-ecstasy-pilulas\\\/#primaryimage\",\"url\":\"https:\\\/\\\/medicinasinc.com\\\/pt\\\/wp-content\\\/uploads\\\/sites\\\/20\\\/2022\\\/02\\\/buy-blue-dolphin-ecstasy-pills-online.jpg\",\"contentUrl\":\"https:\\\/\\\/medicinasinc.com\\\/pt\\\/wp-content\\\/uploads\\\/sites\\\/20\\\/2022\\\/02\\\/buy-blue-dolphin-ecstasy-pills-online.jpg\",\"width\":600,\"height\":600},{\"@type\":\"BreadcrumbList\",\"@id\":\"https:\\\/\\\/medicinasinc.com\\\/pt\\\/product\\\/comprar-blue-dolphin-ecstasy-pilulas\\\/#breadcrumb\",\"itemListElement\":[{\"@type\":\"ListItem\",\"position\":1,\"name\":\"Comprar\",\"item\":\"https:\\\/\\\/medicinasinc.com\\\/pt\\\/comprar\\\/\"},{\"@type\":\"ListItem\",\"position\":2,\"name\":\"Compre p\u00edlulas de ecstasy Blue Dolphin\"}]},{\"@type\":\"WebSite\",\"@id\":\"https:\\\/\\\/medicinasinc.com\\\/pt\\\/#website\",\"url\":\"https:\\\/\\\/medicinasinc.com\\\/pt\\\/\",\"name\":\"Medicinas Inc\",\"description\":\"Health Medical Clinic\",\"potentialAction\":[{\"@type\":\"SearchAction\",\"target\":{\"@type\":\"EntryPoint\",\"urlTemplate\":\"https:\\\/\\\/medicinasinc.com\\\/pt\\\/?s={search_term_string}\"},\"query-input\":{\"@type\":\"PropertyValueSpecification\",\"valueRequired\":true,\"valueName\":\"search_term_string\"}}],\"inLanguage\":\"pt-PT\"}]}<\/script>\n<!-- \/ Yoast SEO plugin. -->","yoast_head_json":{"title":"Compre Blue Dolphin Ecstasy Pills Online - Best Best Global Meds","description":"Compre p\u00edlulas de ecstasy online. Compre comprimidos de ecstasy Blue Dolphin \u00e0 venda no Reino Unido, Europa a pre\u00e7os excelentes. A embalagem \u00e9 feita por profissionais e a entrega \u00e9 100% garantida.","robots":{"index":"index","follow":"follow","max-snippet":"max-snippet:-1","max-image-preview":"max-image-preview:large","max-video-preview":"max-video-preview:-1"},"canonical":"https:\/\/medicinasinc.com\/pt\/product\/comprar-blue-dolphin-ecstasy-pilulas\/","og_locale":"pt_PT","og_type":"article","og_title":"Compre Blue Dolphin Ecstasy Pills Online - Best Best Global Meds","og_description":"Compre p\u00edlulas de ecstasy online. Compre comprimidos de ecstasy Blue Dolphin \u00e0 venda no Reino Unido, Europa a pre\u00e7os excelentes. A embalagem \u00e9 feita por profissionais e a entrega \u00e9 100% garantida.","og_url":"https:\/\/medicinasinc.com\/pt\/product\/comprar-blue-dolphin-ecstasy-pilulas\/","og_site_name":"Medicinas Inc","article_modified_time":"2022-07-06T00:00:44+00:00","og_image":[{"width":600,"height":600,"url":"https:\/\/medicinasinc.com\/pt\/wp-content\/uploads\/sites\/20\/2022\/02\/buy-blue-dolphin-ecstasy-pills-online.jpg","type":"image\/jpeg"}],"twitter_card":"summary_large_image","twitter_misc":{"Tempo estimado de leitura":"2 minutos"},"schema":{"@context":"https:\/\/schema.org","@graph":[{"@type":"WebPage","@id":"https:\/\/medicinasinc.com\/pt\/product\/comprar-blue-dolphin-ecstasy-pilulas\/","url":"https:\/\/medicinasinc.com\/pt\/product\/comprar-blue-dolphin-ecstasy-pilulas\/","name":"Compre Blue Dolphin Ecstasy Pills Online - Best Best Global Meds","isPartOf":{"@id":"https:\/\/medicinasinc.com\/pt\/#website"},"primaryImageOfPage":{"@id":"https:\/\/medicinasinc.com\/pt\/product\/comprar-blue-dolphin-ecstasy-pilulas\/#primaryimage"},"image":{"@id":"https:\/\/medicinasinc.com\/pt\/product\/comprar-blue-dolphin-ecstasy-pilulas\/#primaryimage"},"thumbnailUrl":"https:\/\/medicinasinc.com\/pt\/wp-content\/uploads\/sites\/20\/2022\/02\/buy-blue-dolphin-ecstasy-pills-online.jpg","datePublished":"2022-02-20T09:44:15+00:00","dateModified":"2022-07-06T00:00:44+00:00","description":"Compre p\u00edlulas de ecstasy online. Compre comprimidos de ecstasy Blue Dolphin \u00e0 venda no Reino Unido, Europa a pre\u00e7os excelentes. A embalagem \u00e9 feita por profissionais e a entrega \u00e9 100% garantida.","breadcrumb":{"@id":"https:\/\/medicinasinc.com\/pt\/product\/comprar-blue-dolphin-ecstasy-pilulas\/#breadcrumb"},"inLanguage":"pt-PT","potentialAction":[{"@type":"ReadAction","target":["https:\/\/medicinasinc.com\/pt\/product\/comprar-blue-dolphin-ecstasy-pilulas\/"]}]},{"@type":"ImageObject","inLanguage":"pt-PT","@id":"https:\/\/medicinasinc.com\/pt\/product\/comprar-blue-dolphin-ecstasy-pilulas\/#primaryimage","url":"https:\/\/medicinasinc.com\/pt\/wp-content\/uploads\/sites\/20\/2022\/02\/buy-blue-dolphin-ecstasy-pills-online.jpg","contentUrl":"https:\/\/medicinasinc.com\/pt\/wp-content\/uploads\/sites\/20\/2022\/02\/buy-blue-dolphin-ecstasy-pills-online.jpg","width":600,"height":600},{"@type":"BreadcrumbList","@id":"https:\/\/medicinasinc.com\/pt\/product\/comprar-blue-dolphin-ecstasy-pilulas\/#breadcrumb","itemListElement":[{"@type":"ListItem","position":1,"name":"Comprar","item":"https:\/\/medicinasinc.com\/pt\/comprar\/"},{"@type":"ListItem","position":2,"name":"Compre p\u00edlulas de ecstasy Blue Dolphin"}]},{"@type":"WebSite","@id":"https:\/\/medicinasinc.com\/pt\/#website","url":"https:\/\/medicinasinc.com\/pt\/","name":"Medicinas Inc","description":"Health Medical Clinic","potentialAction":[{"@type":"SearchAction","target":{"@type":"EntryPoint","urlTemplate":"https:\/\/medicinasinc.com\/pt\/?s={search_term_string}"},"query-input":{"@type":"PropertyValueSpecification","valueRequired":true,"valueName":"search_term_string"}}],"inLanguage":"pt-PT"}]}},"_links":{"self":[{"href":"https:\/\/medicinasinc.com\/pt\/wp-json\/wp\/v2\/product\/4479","targetHints":{"allow":["GET"]}}],"collection":[{"href":"https:\/\/medicinasinc.com\/pt\/wp-json\/wp\/v2\/product"}],"about":[{"href":"https:\/\/medicinasinc.com\/pt\/wp-json\/wp\/v2\/types\/product"}],"replies":[{"embeddable":true,"href":"https:\/\/medicinasinc.com\/pt\/wp-json\/wp\/v2\/comments?post=4479"}],"wp:featuredmedia":[{"embeddable":true,"href":"https:\/\/medicinasinc.com\/pt\/wp-json\/wp\/v2\/media\/4516"}],"wp:attachment":[{"href":"https:\/\/medicinasinc.com\/pt\/wp-json\/wp\/v2\/media?parent=4479"}],"wp:term":[{"taxonomy":"product_brand","embeddable":true,"href":"https:\/\/medicinasinc.com\/pt\/wp-json\/wp\/v2\/product_brand?post=4479"},{"taxonomy":"product_cat","embeddable":true,"href":"https:\/\/medicinasinc.com\/pt\/wp-json\/wp\/v2\/product_cat?post=4479"},{"taxonomy":"product_tag","embeddable":true,"href":"https:\/\/medicinasinc.com\/pt\/wp-json\/wp\/v2\/product_tag?post=4479"}],"curies":[{"name":"wp","href":"https:\/\/api.w.org\/{rel}","templated":true}]}}