{"id":4455,"date":"2022-02-20T09:28:05","date_gmt":"2022-02-20T09:28:05","guid":{"rendered":"https:\/\/medicinasinc.com\/pt\/?post_type=product&#038;p=4455"},"modified":"2022-07-06T00:02:26","modified_gmt":"2022-07-06T00:02:26","slug":"comprar-alta-tecnologia-xarope-para-tosse","status":"publish","type":"product","link":"https:\/\/medicinasinc.com\/pt\/product\/comprar-alta-tecnologia-xarope-para-tosse\/","title":{"rendered":"Compre xarope para tosse de alta tecnologia"},"content":{"rendered":"<p>Compra online de xarope para tosse Hi-Tech.<\/p>\n<p>Compre xarope para tosse Hi-Tech online a pre\u00e7os extremamente baixos. al\u00e9m disso, comprar coca\u00edna para revenda. Vendemos uma variedade de estimulantes e narc\u00f3ticos, incluindo GHB.<\/p>\n<p>Embora eu aprecie um sabor decente, acredito que eles demoram muito para fazer efeito. Por causa de sua for\u00e7a e sabor, o xarope de THC pode se tornar seu novo subst\u00e2ncia de refer\u00eancia para assist\u00eancia.<\/p>\n<p>O xarope de cannabis \u00e9 fant\u00e1stico para clientes restauradores e recreativos. \u00c9 forte e eficaz \u2013 frequentemente tendo efeito dentro de 20 a 30 minutos \u2013 e prudente de usar. Basta adicionar sua por\u00e7\u00e3o a qualquer alimento ou bebida e pronto. No entanto, voc\u00ea pode beber uma pequena medida sem incidentes. Isso \u00e9 tudo!<\/p>\n<p>xarope para tosse \u00e0 venda, xarope thc de alta tecnologia, xarope para tosse online, pre\u00e7o magro de alta tecnologia, xarope para tosse de alta tecnologia online, alta tecnologia online. Aqueles que n\u00e3o conseguem suportar a ideia de fumar maconha (ou talvez estejam incapacitados demais para consider\u00e1-la), mas ainda desejam colher os benef\u00edcios desta planta verdadeiramente maravilhosa, s\u00e3o encorajados a considerar o xarope de THC como um m\u00e9todo alternativo de consumo. Os clientes estritamente terap\u00eauticos ficar\u00e3o satisfeitos em saber que o xarope de CBD tamb\u00e9m est\u00e1 dispon\u00edvel. Isso, no entanto, \u00e9 assunto para outro artigo!<\/p>\n<p>FA\u00c7A XAROPE DE THC: INSTRU\u00c7\u00d5ES PASSO A PASSO<\/p>\n<p>Se voc\u00ea est\u00e1 procurando uma receita simples de xarope de THC, n\u00e3o procure mais. Voc\u00ea pode, sem d\u00favida, fazer um xarope de THC derram\u00e1vel em casa com apenas alguns ingredientes e hardware m\u00ednimo. \u00c9 provavelmente o item mais simples de fazer voc\u00ea mesmo, j\u00e1 que n\u00e3o se espera que sint\u00e9ticos potencialmente perigosos extraiam o THC do material vegetal.<\/p>\n<p>Para criar seu pr\u00f3prio xarope com infus\u00e3o de THC, voc\u00ea precisar\u00e1&#8230;.<\/p>\n<p>\u00c1gua. Cerca de 200ml render\u00e3o uma quantidade razo\u00e1vel de calda. Como a f\u00f3rmula \u00e9 t\u00e3o simples, geralmente voc\u00ea pode fazer quantos quiser mais tarde.<\/p>\n<p>A\u00e7\u00facar. A quantidade de a\u00e7\u00facar que voc\u00ea usa afetar\u00e1 a quantidade de tempo que seu xarope de cannabis pode ser armazenado. A calda feita com duas partes de a\u00e7\u00facar e uma parte de \u00e1gua pode ser armazenada por aproximadamente um quarto de ano). Um xarope 1:1 tamb\u00e9m pode ser feito, embora n\u00e3o dure tanto.<\/p>\n<p>V\u00e1rias formas de THC grosseiramente descarboxilado (flora\u00e7\u00e3o, corte, agita\u00e7\u00e3o, haxixe, \u00f3leo, quebra, cera, em um sentido real qualquer coisa pode ser utilizada).<\/p>\n<p>DOSAGEM DO XAROPE DE THC<\/p>\n<p>A quantidade de xarope de THC consumida varia significativamente entre os indiv\u00edduos. \u00c9 fundamental ter cuidado e pesar sua capacidade em rela\u00e7\u00e3o \u00e0 for\u00e7a de qualquer item que contenha THC. xarope para tosse online, xarope thc de alta tecnologia, pre\u00e7o enxuto de alta tecnologia, xarope para tosse de alta tecnologia online, xarope para tosse online de alta tecnologia, xarope para tosse \u00e0 venda<\/p>\n<p>O problema com xaropes mistos de THC caseiros \u00e9 que sua a for\u00e7a do concentrado \u00e9 frequentemente desconhecida. Se voc\u00ea est\u00e1 preocupado com isso ou simplesmente n\u00e3o quer lidar com o inc\u00f4modo (insignificante) de configurar o seu, veja abaixo nossas principais op\u00e7\u00f5es no mercado hoje.<\/p>\n","protected":false},"excerpt":{"rendered":"<p>Compre xarope para tosse Hi-Tech para venda online no Reino Unido, Europa. Cloridrato de Prometazina Hi-Tech e Xarope Fosfato de Code\u00edna\u2026cada 5 mL cont\u00e9m: Cloridrato de Prometazina 6,25 mg; fosfato de code\u00edna 10 mg. \u00c1lcool 7% Indica\u00e7\u00e3o: Supressor da Tosse<\/p>\n","protected":false},"featured_media":4489,"comment_status":"open","ping_status":"closed","template":"","meta":[],"product_brand":[],"product_cat":[497],"product_tag":[],"class_list":{"0":"post-4455","1":"product","2":"type-product","3":"status-publish","4":"has-post-thumbnail","6":"product_cat-compre-xarope-para-tosse","8":"first","9":"instock","10":"shipping-taxable","11":"purchasable","12":"product-type-variable","13":"has-default-attributes"},"yoast_head":"<!-- This site is optimized with the Yoast SEO plugin v27.3 - https:\/\/yoast.com\/product\/yoast-seo-wordpress\/ -->\n<title>Compre Xarope para Tosse Hi-Tech - Melhores Melhores Medicamentos Globais<\/title>\n<meta name=\"description\" content=\"Compre xarope para tosse Hi-Tech para venda no Reino Unido, Europa online. Cloridrato de Prometazina Hi-Tech e Xarope Fosfato de Code\u00edna\u2026cada 5 mL cont\u00e9m: Cloridrato de Prometazina 6,25 mg; fosfato de code\u00edna 10 mg. \u00c1lcool 7% Indica\u00e7\u00e3o: Supressor da Tosse\" \/>\n<meta name=\"robots\" content=\"index, follow, max-snippet:-1, max-image-preview:large, max-video-preview:-1\" \/>\n<link rel=\"canonical\" href=\"https:\/\/medicinasinc.com\/pt\/product\/comprar-alta-tecnologia-xarope-para-tosse\/\" \/>\n<meta property=\"og:locale\" content=\"pt_PT\" \/>\n<meta property=\"og:type\" content=\"article\" \/>\n<meta property=\"og:title\" content=\"Compre Xarope para Tosse Hi-Tech - Melhores Melhores Medicamentos Globais\" \/>\n<meta property=\"og:description\" content=\"Compre xarope para tosse Hi-Tech para venda no Reino Unido, Europa online. Cloridrato de Prometazina Hi-Tech e Xarope Fosfato de Code\u00edna\u2026cada 5 mL cont\u00e9m: Cloridrato de Prometazina 6,25 mg; fosfato de code\u00edna 10 mg. \u00c1lcool 7% Indica\u00e7\u00e3o: Supressor da Tosse\" \/>\n<meta property=\"og:url\" content=\"https:\/\/medicinasinc.com\/pt\/product\/comprar-alta-tecnologia-xarope-para-tosse\/\" \/>\n<meta property=\"og:site_name\" content=\"Medicinas Inc\" \/>\n<meta property=\"article:modified_time\" content=\"2022-07-06T00:02:26+00:00\" \/>\n<meta property=\"og:image\" content=\"https:\/\/medicinasinc.com\/pt\/wp-content\/uploads\/sites\/20\/2022\/02\/buy-hi-tech-cough-syrup-online.jpg\" \/>\n\t<meta property=\"og:image:width\" content=\"600\" \/>\n\t<meta property=\"og:image:height\" content=\"600\" \/>\n\t<meta property=\"og:image:type\" content=\"image\/jpeg\" \/>\n<meta name=\"twitter:card\" content=\"summary_large_image\" \/>\n<meta name=\"twitter:label1\" content=\"Tempo estimado de leitura\" \/>\n\t<meta name=\"twitter:data1\" content=\"3 minutos\" \/>\n<script type=\"application\/ld+json\" class=\"yoast-schema-graph\">{\"@context\":\"https:\\\/\\\/schema.org\",\"@graph\":[{\"@type\":\"WebPage\",\"@id\":\"https:\\\/\\\/medicinasinc.com\\\/pt\\\/product\\\/comprar-alta-tecnologia-xarope-para-tosse\\\/\",\"url\":\"https:\\\/\\\/medicinasinc.com\\\/pt\\\/product\\\/comprar-alta-tecnologia-xarope-para-tosse\\\/\",\"name\":\"Compre Xarope para Tosse Hi-Tech - Melhores Melhores Medicamentos Globais\",\"isPartOf\":{\"@id\":\"https:\\\/\\\/medicinasinc.com\\\/pt\\\/#website\"},\"primaryImageOfPage\":{\"@id\":\"https:\\\/\\\/medicinasinc.com\\\/pt\\\/product\\\/comprar-alta-tecnologia-xarope-para-tosse\\\/#primaryimage\"},\"image\":{\"@id\":\"https:\\\/\\\/medicinasinc.com\\\/pt\\\/product\\\/comprar-alta-tecnologia-xarope-para-tosse\\\/#primaryimage\"},\"thumbnailUrl\":\"https:\\\/\\\/medicinasinc.com\\\/pt\\\/wp-content\\\/uploads\\\/sites\\\/20\\\/2022\\\/02\\\/buy-hi-tech-cough-syrup-online.jpg\",\"datePublished\":\"2022-02-20T09:28:05+00:00\",\"dateModified\":\"2022-07-06T00:02:26+00:00\",\"description\":\"Compre xarope para tosse Hi-Tech para venda no Reino Unido, Europa online. Cloridrato de Prometazina Hi-Tech e Xarope Fosfato de Code\u00edna\u2026cada 5 mL cont\u00e9m: Cloridrato de Prometazina 6,25 mg; fosfato de code\u00edna 10 mg. \u00c1lcool 7% Indica\u00e7\u00e3o: Supressor da Tosse\",\"breadcrumb\":{\"@id\":\"https:\\\/\\\/medicinasinc.com\\\/pt\\\/product\\\/comprar-alta-tecnologia-xarope-para-tosse\\\/#breadcrumb\"},\"inLanguage\":\"pt-PT\",\"potentialAction\":[{\"@type\":\"ReadAction\",\"target\":[\"https:\\\/\\\/medicinasinc.com\\\/pt\\\/product\\\/comprar-alta-tecnologia-xarope-para-tosse\\\/\"]}]},{\"@type\":\"ImageObject\",\"inLanguage\":\"pt-PT\",\"@id\":\"https:\\\/\\\/medicinasinc.com\\\/pt\\\/product\\\/comprar-alta-tecnologia-xarope-para-tosse\\\/#primaryimage\",\"url\":\"https:\\\/\\\/medicinasinc.com\\\/pt\\\/wp-content\\\/uploads\\\/sites\\\/20\\\/2022\\\/02\\\/buy-hi-tech-cough-syrup-online.jpg\",\"contentUrl\":\"https:\\\/\\\/medicinasinc.com\\\/pt\\\/wp-content\\\/uploads\\\/sites\\\/20\\\/2022\\\/02\\\/buy-hi-tech-cough-syrup-online.jpg\",\"width\":600,\"height\":600},{\"@type\":\"BreadcrumbList\",\"@id\":\"https:\\\/\\\/medicinasinc.com\\\/pt\\\/product\\\/comprar-alta-tecnologia-xarope-para-tosse\\\/#breadcrumb\",\"itemListElement\":[{\"@type\":\"ListItem\",\"position\":1,\"name\":\"Comprar\",\"item\":\"https:\\\/\\\/medicinasinc.com\\\/pt\\\/comprar\\\/\"},{\"@type\":\"ListItem\",\"position\":2,\"name\":\"Compre xarope para tosse de alta tecnologia\"}]},{\"@type\":\"WebSite\",\"@id\":\"https:\\\/\\\/medicinasinc.com\\\/pt\\\/#website\",\"url\":\"https:\\\/\\\/medicinasinc.com\\\/pt\\\/\",\"name\":\"Medicinas Inc\",\"description\":\"Health Medical Clinic\",\"potentialAction\":[{\"@type\":\"SearchAction\",\"target\":{\"@type\":\"EntryPoint\",\"urlTemplate\":\"https:\\\/\\\/medicinasinc.com\\\/pt\\\/?s={search_term_string}\"},\"query-input\":{\"@type\":\"PropertyValueSpecification\",\"valueRequired\":true,\"valueName\":\"search_term_string\"}}],\"inLanguage\":\"pt-PT\"}]}<\/script>\n<!-- \/ Yoast SEO plugin. -->","yoast_head_json":{"title":"Compre Xarope para Tosse Hi-Tech - Melhores Melhores Medicamentos Globais","description":"Compre xarope para tosse Hi-Tech para venda no Reino Unido, Europa online. Cloridrato de Prometazina Hi-Tech e Xarope Fosfato de Code\u00edna\u2026cada 5 mL cont\u00e9m: Cloridrato de Prometazina 6,25 mg; fosfato de code\u00edna 10 mg. \u00c1lcool 7% Indica\u00e7\u00e3o: Supressor da Tosse","robots":{"index":"index","follow":"follow","max-snippet":"max-snippet:-1","max-image-preview":"max-image-preview:large","max-video-preview":"max-video-preview:-1"},"canonical":"https:\/\/medicinasinc.com\/pt\/product\/comprar-alta-tecnologia-xarope-para-tosse\/","og_locale":"pt_PT","og_type":"article","og_title":"Compre Xarope para Tosse Hi-Tech - Melhores Melhores Medicamentos Globais","og_description":"Compre xarope para tosse Hi-Tech para venda no Reino Unido, Europa online. Cloridrato de Prometazina Hi-Tech e Xarope Fosfato de Code\u00edna\u2026cada 5 mL cont\u00e9m: Cloridrato de Prometazina 6,25 mg; fosfato de code\u00edna 10 mg. \u00c1lcool 7% Indica\u00e7\u00e3o: Supressor da Tosse","og_url":"https:\/\/medicinasinc.com\/pt\/product\/comprar-alta-tecnologia-xarope-para-tosse\/","og_site_name":"Medicinas Inc","article_modified_time":"2022-07-06T00:02:26+00:00","og_image":[{"width":600,"height":600,"url":"https:\/\/medicinasinc.com\/pt\/wp-content\/uploads\/sites\/20\/2022\/02\/buy-hi-tech-cough-syrup-online.jpg","type":"image\/jpeg"}],"twitter_card":"summary_large_image","twitter_misc":{"Tempo estimado de leitura":"3 minutos"},"schema":{"@context":"https:\/\/schema.org","@graph":[{"@type":"WebPage","@id":"https:\/\/medicinasinc.com\/pt\/product\/comprar-alta-tecnologia-xarope-para-tosse\/","url":"https:\/\/medicinasinc.com\/pt\/product\/comprar-alta-tecnologia-xarope-para-tosse\/","name":"Compre Xarope para Tosse Hi-Tech - Melhores Melhores Medicamentos Globais","isPartOf":{"@id":"https:\/\/medicinasinc.com\/pt\/#website"},"primaryImageOfPage":{"@id":"https:\/\/medicinasinc.com\/pt\/product\/comprar-alta-tecnologia-xarope-para-tosse\/#primaryimage"},"image":{"@id":"https:\/\/medicinasinc.com\/pt\/product\/comprar-alta-tecnologia-xarope-para-tosse\/#primaryimage"},"thumbnailUrl":"https:\/\/medicinasinc.com\/pt\/wp-content\/uploads\/sites\/20\/2022\/02\/buy-hi-tech-cough-syrup-online.jpg","datePublished":"2022-02-20T09:28:05+00:00","dateModified":"2022-07-06T00:02:26+00:00","description":"Compre xarope para tosse Hi-Tech para venda no Reino Unido, Europa online. Cloridrato de Prometazina Hi-Tech e Xarope Fosfato de Code\u00edna\u2026cada 5 mL cont\u00e9m: Cloridrato de Prometazina 6,25 mg; fosfato de code\u00edna 10 mg. \u00c1lcool 7% Indica\u00e7\u00e3o: Supressor da Tosse","breadcrumb":{"@id":"https:\/\/medicinasinc.com\/pt\/product\/comprar-alta-tecnologia-xarope-para-tosse\/#breadcrumb"},"inLanguage":"pt-PT","potentialAction":[{"@type":"ReadAction","target":["https:\/\/medicinasinc.com\/pt\/product\/comprar-alta-tecnologia-xarope-para-tosse\/"]}]},{"@type":"ImageObject","inLanguage":"pt-PT","@id":"https:\/\/medicinasinc.com\/pt\/product\/comprar-alta-tecnologia-xarope-para-tosse\/#primaryimage","url":"https:\/\/medicinasinc.com\/pt\/wp-content\/uploads\/sites\/20\/2022\/02\/buy-hi-tech-cough-syrup-online.jpg","contentUrl":"https:\/\/medicinasinc.com\/pt\/wp-content\/uploads\/sites\/20\/2022\/02\/buy-hi-tech-cough-syrup-online.jpg","width":600,"height":600},{"@type":"BreadcrumbList","@id":"https:\/\/medicinasinc.com\/pt\/product\/comprar-alta-tecnologia-xarope-para-tosse\/#breadcrumb","itemListElement":[{"@type":"ListItem","position":1,"name":"Comprar","item":"https:\/\/medicinasinc.com\/pt\/comprar\/"},{"@type":"ListItem","position":2,"name":"Compre xarope para tosse de alta tecnologia"}]},{"@type":"WebSite","@id":"https:\/\/medicinasinc.com\/pt\/#website","url":"https:\/\/medicinasinc.com\/pt\/","name":"Medicinas Inc","description":"Health Medical Clinic","potentialAction":[{"@type":"SearchAction","target":{"@type":"EntryPoint","urlTemplate":"https:\/\/medicinasinc.com\/pt\/?s={search_term_string}"},"query-input":{"@type":"PropertyValueSpecification","valueRequired":true,"valueName":"search_term_string"}}],"inLanguage":"pt-PT"}]}},"_links":{"self":[{"href":"https:\/\/medicinasinc.com\/pt\/wp-json\/wp\/v2\/product\/4455","targetHints":{"allow":["GET"]}}],"collection":[{"href":"https:\/\/medicinasinc.com\/pt\/wp-json\/wp\/v2\/product"}],"about":[{"href":"https:\/\/medicinasinc.com\/pt\/wp-json\/wp\/v2\/types\/product"}],"replies":[{"embeddable":true,"href":"https:\/\/medicinasinc.com\/pt\/wp-json\/wp\/v2\/comments?post=4455"}],"wp:featuredmedia":[{"embeddable":true,"href":"https:\/\/medicinasinc.com\/pt\/wp-json\/wp\/v2\/media\/4489"}],"wp:attachment":[{"href":"https:\/\/medicinasinc.com\/pt\/wp-json\/wp\/v2\/media?parent=4455"}],"wp:term":[{"taxonomy":"product_brand","embeddable":true,"href":"https:\/\/medicinasinc.com\/pt\/wp-json\/wp\/v2\/product_brand?post=4455"},{"taxonomy":"product_cat","embeddable":true,"href":"https:\/\/medicinasinc.com\/pt\/wp-json\/wp\/v2\/product_cat?post=4455"},{"taxonomy":"product_tag","embeddable":true,"href":"https:\/\/medicinasinc.com\/pt\/wp-json\/wp\/v2\/product_tag?post=4455"}],"curies":[{"name":"wp","href":"https:\/\/api.w.org\/{rel}","templated":true}]}}