{"id":4449,"date":"2022-02-20T09:24:06","date_gmt":"2022-02-20T09:24:06","guid":{"rendered":"https:\/\/medicinasinc.com\/pt\/?post_type=product&#038;p=4449"},"modified":"2022-07-06T00:02:39","modified_gmt":"2022-07-06T00:02:39","slug":"buy-actavis-promethazine-tosse-xarope-16oz","status":"publish","type":"product","link":"https:\/\/medicinasinc.com\/pt\/product\/buy-actavis-promethazine-tosse-xarope-16oz\/","title":{"rendered":"Compre xarope para tosse actavis prometazina 16OZ"},"content":{"rendered":"<h1>compre o xarope para tosse prometazina Actavis 16OZ<\/h1>\n<p>compre o xarope para tosse prometazina Actavis 16OZ usando western union, MoneyGram ou bitcoins. Tamb\u00e9m temos coca\u00edna \u00e0 venda a pre\u00e7os muito baratos. Actavis \u00e0 venda a pre\u00e7os baratos. Venha e fa\u00e7a j\u00e1 o seu pedido.<\/p>\n","protected":false},"excerpt":{"rendered":"<div class=\"woocommerce-product-details__short-description\">\n<p>compre xarope para tosse prometazina actavis para venda Reino Unido, Europa 16 OZ. prometha com code\u00edna xarope para tosse prometazina com code\u00edna para venda online actavis para venda online encomendar actavis online<\/p>\n<\/p><\/div>\n","protected":false},"featured_media":4481,"comment_status":"open","ping_status":"closed","template":"","meta":[],"product_brand":[],"product_cat":[497],"product_tag":[],"class_list":{"0":"post-4449","1":"product","2":"type-product","3":"status-publish","4":"has-post-thumbnail","6":"product_cat-compre-xarope-para-tosse","8":"first","9":"instock","10":"shipping-taxable","11":"purchasable","12":"product-type-variable","13":"has-default-attributes"},"yoast_head":"<!-- This site is optimized with the Yoast SEO plugin v27.2 - https:\/\/yoast.com\/product\/yoast-seo-wordpress\/ -->\n<title>Compre o xarope para tosse prometazina actavis 16OZ - Best Best Global Meds<\/title>\n<meta name=\"description\" content=\"comprar xarope para tosse actavis prometazina para venda Reino Unido, Europa 16OZ. Prometh com code\u00edna xarope para tosse prometazina com code\u00edna para venda online actavis para venda online encomendar actavis online\" \/>\n<meta name=\"robots\" content=\"index, follow, max-snippet:-1, max-image-preview:large, max-video-preview:-1\" \/>\n<link rel=\"canonical\" href=\"https:\/\/medicinasinc.com\/pt\/product\/buy-actavis-promethazine-tosse-xarope-16oz\/\" \/>\n<meta property=\"og:locale\" content=\"pt_PT\" \/>\n<meta property=\"og:type\" content=\"article\" \/>\n<meta property=\"og:title\" content=\"Compre o xarope para tosse prometazina actavis 16OZ - Best Best Global Meds\" \/>\n<meta property=\"og:description\" content=\"comprar xarope para tosse actavis prometazina para venda Reino Unido, Europa 16OZ. Prometh com code\u00edna xarope para tosse prometazina com code\u00edna para venda online actavis para venda online encomendar actavis online\" \/>\n<meta property=\"og:url\" content=\"https:\/\/medicinasinc.com\/pt\/product\/buy-actavis-promethazine-tosse-xarope-16oz\/\" \/>\n<meta property=\"og:site_name\" content=\"Medicinas Inc\" \/>\n<meta property=\"article:modified_time\" content=\"2022-07-06T00:02:39+00:00\" \/>\n<meta property=\"og:image\" content=\"https:\/\/medicinasinc.com\/pt\/wp-content\/uploads\/sites\/20\/2022\/02\/buy-actavis-promethazine-cough-syrup-16oz.jpg\" \/>\n\t<meta property=\"og:image:width\" content=\"600\" \/>\n\t<meta property=\"og:image:height\" content=\"600\" \/>\n\t<meta property=\"og:image:type\" content=\"image\/jpeg\" \/>\n<meta name=\"twitter:card\" content=\"summary_large_image\" \/>\n<meta name=\"twitter:label1\" content=\"Tempo estimado de leitura\" \/>\n\t<meta name=\"twitter:data1\" content=\"1 minuto\" \/>\n<script type=\"application\/ld+json\" class=\"yoast-schema-graph\">{\"@context\":\"https:\/\/schema.org\",\"@graph\":[{\"@type\":\"WebPage\",\"@id\":\"https:\/\/medicinasinc.com\/pt\/product\/buy-actavis-promethazine-tosse-xarope-16oz\/\",\"url\":\"https:\/\/medicinasinc.com\/pt\/product\/buy-actavis-promethazine-tosse-xarope-16oz\/\",\"name\":\"Compre o xarope para tosse prometazina actavis 16OZ - Best Best Global Meds\",\"isPartOf\":{\"@id\":\"https:\/\/medicinasinc.com\/pt\/#website\"},\"primaryImageOfPage\":{\"@id\":\"https:\/\/medicinasinc.com\/pt\/product\/buy-actavis-promethazine-tosse-xarope-16oz\/#primaryimage\"},\"image\":{\"@id\":\"https:\/\/medicinasinc.com\/pt\/product\/buy-actavis-promethazine-tosse-xarope-16oz\/#primaryimage\"},\"thumbnailUrl\":\"https:\/\/medicinasinc.com\/pt\/wp-content\/uploads\/sites\/20\/2022\/02\/buy-actavis-promethazine-cough-syrup-16oz.jpg\",\"datePublished\":\"2022-02-20T09:24:06+00:00\",\"dateModified\":\"2022-07-06T00:02:39+00:00\",\"description\":\"comprar xarope para tosse actavis prometazina para venda Reino Unido, Europa 16OZ. Prometh com code\u00edna xarope para tosse prometazina com code\u00edna para venda online actavis para venda online encomendar actavis online\",\"breadcrumb\":{\"@id\":\"https:\/\/medicinasinc.com\/pt\/product\/buy-actavis-promethazine-tosse-xarope-16oz\/#breadcrumb\"},\"inLanguage\":\"pt-PT\",\"potentialAction\":[{\"@type\":\"ReadAction\",\"target\":[\"https:\/\/medicinasinc.com\/pt\/product\/buy-actavis-promethazine-tosse-xarope-16oz\/\"]}]},{\"@type\":\"ImageObject\",\"inLanguage\":\"pt-PT\",\"@id\":\"https:\/\/medicinasinc.com\/pt\/product\/buy-actavis-promethazine-tosse-xarope-16oz\/#primaryimage\",\"url\":\"https:\/\/medicinasinc.com\/pt\/wp-content\/uploads\/sites\/20\/2022\/02\/buy-actavis-promethazine-cough-syrup-16oz.jpg\",\"contentUrl\":\"https:\/\/medicinasinc.com\/pt\/wp-content\/uploads\/sites\/20\/2022\/02\/buy-actavis-promethazine-cough-syrup-16oz.jpg\",\"width\":600,\"height\":600},{\"@type\":\"BreadcrumbList\",\"@id\":\"https:\/\/medicinasinc.com\/pt\/product\/buy-actavis-promethazine-tosse-xarope-16oz\/#breadcrumb\",\"itemListElement\":[{\"@type\":\"ListItem\",\"position\":1,\"name\":\"Comprar\",\"item\":\"https:\/\/medicinasinc.com\/pt\/comprar\/\"},{\"@type\":\"ListItem\",\"position\":2,\"name\":\"Compre xarope para tosse actavis prometazina 16OZ\"}]},{\"@type\":\"WebSite\",\"@id\":\"https:\/\/medicinasinc.com\/pt\/#website\",\"url\":\"https:\/\/medicinasinc.com\/pt\/\",\"name\":\"Medicinas Inc\",\"description\":\"Health Medical Clinic\",\"potentialAction\":[{\"@type\":\"SearchAction\",\"target\":{\"@type\":\"EntryPoint\",\"urlTemplate\":\"https:\/\/medicinasinc.com\/pt\/?s={search_term_string}\"},\"query-input\":{\"@type\":\"PropertyValueSpecification\",\"valueRequired\":true,\"valueName\":\"search_term_string\"}}],\"inLanguage\":\"pt-PT\"}]}<\/script>\n<!-- \/ Yoast SEO plugin. -->","yoast_head_json":{"title":"Compre o xarope para tosse prometazina actavis 16OZ - Best Best Global Meds","description":"comprar xarope para tosse actavis prometazina para venda Reino Unido, Europa 16OZ. Prometh com code\u00edna xarope para tosse prometazina com code\u00edna para venda online actavis para venda online encomendar actavis online","robots":{"index":"index","follow":"follow","max-snippet":"max-snippet:-1","max-image-preview":"max-image-preview:large","max-video-preview":"max-video-preview:-1"},"canonical":"https:\/\/medicinasinc.com\/pt\/product\/buy-actavis-promethazine-tosse-xarope-16oz\/","og_locale":"pt_PT","og_type":"article","og_title":"Compre o xarope para tosse prometazina actavis 16OZ - Best Best Global Meds","og_description":"comprar xarope para tosse actavis prometazina para venda Reino Unido, Europa 16OZ. Prometh com code\u00edna xarope para tosse prometazina com code\u00edna para venda online actavis para venda online encomendar actavis online","og_url":"https:\/\/medicinasinc.com\/pt\/product\/buy-actavis-promethazine-tosse-xarope-16oz\/","og_site_name":"Medicinas Inc","article_modified_time":"2022-07-06T00:02:39+00:00","og_image":[{"width":600,"height":600,"url":"https:\/\/medicinasinc.com\/pt\/wp-content\/uploads\/sites\/20\/2022\/02\/buy-actavis-promethazine-cough-syrup-16oz.jpg","type":"image\/jpeg"}],"twitter_card":"summary_large_image","twitter_misc":{"Tempo estimado de leitura":"1 minuto"},"schema":{"@context":"https:\/\/schema.org","@graph":[{"@type":"WebPage","@id":"https:\/\/medicinasinc.com\/pt\/product\/buy-actavis-promethazine-tosse-xarope-16oz\/","url":"https:\/\/medicinasinc.com\/pt\/product\/buy-actavis-promethazine-tosse-xarope-16oz\/","name":"Compre o xarope para tosse prometazina actavis 16OZ - Best Best Global Meds","isPartOf":{"@id":"https:\/\/medicinasinc.com\/pt\/#website"},"primaryImageOfPage":{"@id":"https:\/\/medicinasinc.com\/pt\/product\/buy-actavis-promethazine-tosse-xarope-16oz\/#primaryimage"},"image":{"@id":"https:\/\/medicinasinc.com\/pt\/product\/buy-actavis-promethazine-tosse-xarope-16oz\/#primaryimage"},"thumbnailUrl":"https:\/\/medicinasinc.com\/pt\/wp-content\/uploads\/sites\/20\/2022\/02\/buy-actavis-promethazine-cough-syrup-16oz.jpg","datePublished":"2022-02-20T09:24:06+00:00","dateModified":"2022-07-06T00:02:39+00:00","description":"comprar xarope para tosse actavis prometazina para venda Reino Unido, Europa 16OZ. Prometh com code\u00edna xarope para tosse prometazina com code\u00edna para venda online actavis para venda online encomendar actavis online","breadcrumb":{"@id":"https:\/\/medicinasinc.com\/pt\/product\/buy-actavis-promethazine-tosse-xarope-16oz\/#breadcrumb"},"inLanguage":"pt-PT","potentialAction":[{"@type":"ReadAction","target":["https:\/\/medicinasinc.com\/pt\/product\/buy-actavis-promethazine-tosse-xarope-16oz\/"]}]},{"@type":"ImageObject","inLanguage":"pt-PT","@id":"https:\/\/medicinasinc.com\/pt\/product\/buy-actavis-promethazine-tosse-xarope-16oz\/#primaryimage","url":"https:\/\/medicinasinc.com\/pt\/wp-content\/uploads\/sites\/20\/2022\/02\/buy-actavis-promethazine-cough-syrup-16oz.jpg","contentUrl":"https:\/\/medicinasinc.com\/pt\/wp-content\/uploads\/sites\/20\/2022\/02\/buy-actavis-promethazine-cough-syrup-16oz.jpg","width":600,"height":600},{"@type":"BreadcrumbList","@id":"https:\/\/medicinasinc.com\/pt\/product\/buy-actavis-promethazine-tosse-xarope-16oz\/#breadcrumb","itemListElement":[{"@type":"ListItem","position":1,"name":"Comprar","item":"https:\/\/medicinasinc.com\/pt\/comprar\/"},{"@type":"ListItem","position":2,"name":"Compre xarope para tosse actavis prometazina 16OZ"}]},{"@type":"WebSite","@id":"https:\/\/medicinasinc.com\/pt\/#website","url":"https:\/\/medicinasinc.com\/pt\/","name":"Medicinas Inc","description":"Health Medical Clinic","potentialAction":[{"@type":"SearchAction","target":{"@type":"EntryPoint","urlTemplate":"https:\/\/medicinasinc.com\/pt\/?s={search_term_string}"},"query-input":{"@type":"PropertyValueSpecification","valueRequired":true,"valueName":"search_term_string"}}],"inLanguage":"pt-PT"}]}},"_links":{"self":[{"href":"https:\/\/medicinasinc.com\/pt\/wp-json\/wp\/v2\/product\/4449","targetHints":{"allow":["GET"]}}],"collection":[{"href":"https:\/\/medicinasinc.com\/pt\/wp-json\/wp\/v2\/product"}],"about":[{"href":"https:\/\/medicinasinc.com\/pt\/wp-json\/wp\/v2\/types\/product"}],"replies":[{"embeddable":true,"href":"https:\/\/medicinasinc.com\/pt\/wp-json\/wp\/v2\/comments?post=4449"}],"wp:featuredmedia":[{"embeddable":true,"href":"https:\/\/medicinasinc.com\/pt\/wp-json\/wp\/v2\/media\/4481"}],"wp:attachment":[{"href":"https:\/\/medicinasinc.com\/pt\/wp-json\/wp\/v2\/media?parent=4449"}],"wp:term":[{"taxonomy":"product_brand","embeddable":true,"href":"https:\/\/medicinasinc.com\/pt\/wp-json\/wp\/v2\/product_brand?post=4449"},{"taxonomy":"product_cat","embeddable":true,"href":"https:\/\/medicinasinc.com\/pt\/wp-json\/wp\/v2\/product_cat?post=4449"},{"taxonomy":"product_tag","embeddable":true,"href":"https:\/\/medicinasinc.com\/pt\/wp-json\/wp\/v2\/product_tag?post=4449"}],"curies":[{"name":"wp","href":"https:\/\/api.w.org\/{rel}","templated":true}]}}