{"id":4425,"date":"2022-02-20T09:10:27","date_gmt":"2022-02-20T09:10:27","guid":{"rendered":"https:\/\/medicinasinc.com\/pt\/?post_type=product&#038;p=4425"},"modified":"2022-07-06T00:03:24","modified_gmt":"2022-07-06T00:03:24","slug":"compre-skywalker-og-thc-destilado-kosher-extract","status":"publish","type":"product","link":"https:\/\/medicinasinc.com\/pt\/product\/compre-skywalker-og-thc-destilado-kosher-extract\/","title":{"rendered":"Compre Skywalker OG THC Destilado \u2013 extrato Kosher"},"content":{"rendered":"<p>Extrato de THC Destilado Kosher<\/p>\n<p>O THC Destilado \u00e9 um dos extratos de cannabis mais puros e potentes do mercado, proporcionando uma ampla variedade de benef\u00edcios e propriedades medicinais. A cannabis \u00e9 decomposta usando destila\u00e7\u00e3o molecular de caminho curto at\u00e9 que praticamente todos os componentes sejam separados do THC (isso inclui: terpenos, lip\u00eddios vegetais, pesticidas e outros contaminantes). Este m\u00e9todo produz um extrato de cannabis extremamente puro sem o uso de solventes para extrair o THC. Junto com essa pureza, a destila\u00e7\u00e3o produz um produto que \u00e9 significativamente mais potente do que a erva seca ou outros extratos de cannabis. O destilado de THC pode conter entre 85 e 99 por cento de THC!<\/p>\n","protected":false},"excerpt":{"rendered":"<p><em>Compre o Destilado Skywalker OG<\/em>\u00a0Syringe \u00e9 um \u00f3leo de Indica relaxante que acalma a mente, relaxa o corpo e deixa voc\u00ea em total estado de euforia.<\/p>\n<p><em>Compre Destilado Skywalker OG THC<\/em>\u00a0&#8211; extrato kosher on-line do Canad\u00e1 do maior dispens\u00e1rio on-line, Buy My Weed Online.<\/p>\n<ul>\n<li><\/li>\n<li>Envio para todo o mundo<\/li>\n<li>A quantidade m\u00ednima do pedido \u00e9 5<\/li>\n<p> &gt; <\/p>\n<li><strong>Entre em contato<\/strong>\u00a0para pedidos maiores<\/li>\n<\/ul>\n","protected":false},"featured_media":4459,"comment_status":"open","ping_status":"closed","template":"","meta":[],"product_brand":[],"product_cat":[440],"product_tag":[],"class_list":{"0":"post-4425","1":"product","2":"type-product","3":"status-publish","4":"has-post-thumbnail","6":"product_cat-compre-oleo-cbd-de-cannabis","8":"first","9":"instock","10":"shipping-taxable","11":"purchasable","12":"product-type-variable","13":"has-default-attributes"},"yoast_head":"<!-- This site is optimized with the Yoast SEO plugin v27.3 - https:\/\/yoast.com\/product\/yoast-seo-wordpress\/ -->\n<title>Compre Skywalker OG THC Destilado \u2013 extrato kosher - Melhor visualiza\u00e7\u00e3o global da descri\u00e7\u00e3o do MedsMeta:<\/title>\n<meta name=\"description\" content=\"Compre Skywalker OG THC Destilado venda - extrato kosher on-line Europa do maior dispens\u00e1rio on-line, Buy My Weed Online.\" \/>\n<meta name=\"robots\" content=\"index, follow, max-snippet:-1, max-image-preview:large, max-video-preview:-1\" \/>\n<link rel=\"canonical\" href=\"https:\/\/medicinasinc.com\/pt\/product\/compre-skywalker-og-thc-destilado-kosher-extract\/\" \/>\n<meta property=\"og:locale\" content=\"pt_PT\" \/>\n<meta property=\"og:type\" content=\"article\" \/>\n<meta property=\"og:title\" content=\"Compre Skywalker OG THC Destilado \u2013 extrato kosher - Melhor visualiza\u00e7\u00e3o global da descri\u00e7\u00e3o do MedsMeta:\" \/>\n<meta property=\"og:description\" content=\"Compre Skywalker OG THC Destilado venda - extrato kosher on-line Europa do maior dispens\u00e1rio on-line, Buy My Weed Online.\" \/>\n<meta property=\"og:url\" content=\"https:\/\/medicinasinc.com\/pt\/product\/compre-skywalker-og-thc-destilado-kosher-extract\/\" \/>\n<meta property=\"og:site_name\" content=\"Medicinas Inc\" \/>\n<meta property=\"article:modified_time\" content=\"2022-07-06T00:03:24+00:00\" \/>\n<meta property=\"og:image\" content=\"https:\/\/medicinasinc.com\/pt\/wp-content\/uploads\/sites\/20\/2022\/02\/Buy-Skywalker-OG-THC-Distillate.jpg\" \/>\n\t<meta property=\"og:image:width\" content=\"980\" \/>\n\t<meta property=\"og:image:height\" content=\"980\" \/>\n\t<meta property=\"og:image:type\" content=\"image\/jpeg\" \/>\n<meta name=\"twitter:card\" content=\"summary_large_image\" \/>\n<meta name=\"twitter:label1\" content=\"Tempo estimado de leitura\" \/>\n\t<meta name=\"twitter:data1\" content=\"1 minuto\" \/>\n<script type=\"application\/ld+json\" class=\"yoast-schema-graph\">{\"@context\":\"https:\\\/\\\/schema.org\",\"@graph\":[{\"@type\":\"WebPage\",\"@id\":\"https:\\\/\\\/medicinasinc.com\\\/pt\\\/product\\\/compre-skywalker-og-thc-destilado-kosher-extract\\\/\",\"url\":\"https:\\\/\\\/medicinasinc.com\\\/pt\\\/product\\\/compre-skywalker-og-thc-destilado-kosher-extract\\\/\",\"name\":\"Compre Skywalker OG THC Destilado \u2013 extrato kosher - Melhor visualiza\u00e7\u00e3o global da descri\u00e7\u00e3o do MedsMeta:\",\"isPartOf\":{\"@id\":\"https:\\\/\\\/medicinasinc.com\\\/pt\\\/#website\"},\"primaryImageOfPage\":{\"@id\":\"https:\\\/\\\/medicinasinc.com\\\/pt\\\/product\\\/compre-skywalker-og-thc-destilado-kosher-extract\\\/#primaryimage\"},\"image\":{\"@id\":\"https:\\\/\\\/medicinasinc.com\\\/pt\\\/product\\\/compre-skywalker-og-thc-destilado-kosher-extract\\\/#primaryimage\"},\"thumbnailUrl\":\"https:\\\/\\\/medicinasinc.com\\\/pt\\\/wp-content\\\/uploads\\\/sites\\\/20\\\/2022\\\/02\\\/Buy-Skywalker-OG-THC-Distillate.jpg\",\"datePublished\":\"2022-02-20T09:10:27+00:00\",\"dateModified\":\"2022-07-06T00:03:24+00:00\",\"description\":\"Compre Skywalker OG THC Destilado venda - extrato kosher on-line Europa do maior dispens\u00e1rio on-line, Buy My Weed Online.\",\"breadcrumb\":{\"@id\":\"https:\\\/\\\/medicinasinc.com\\\/pt\\\/product\\\/compre-skywalker-og-thc-destilado-kosher-extract\\\/#breadcrumb\"},\"inLanguage\":\"pt-PT\",\"potentialAction\":[{\"@type\":\"ReadAction\",\"target\":[\"https:\\\/\\\/medicinasinc.com\\\/pt\\\/product\\\/compre-skywalker-og-thc-destilado-kosher-extract\\\/\"]}]},{\"@type\":\"ImageObject\",\"inLanguage\":\"pt-PT\",\"@id\":\"https:\\\/\\\/medicinasinc.com\\\/pt\\\/product\\\/compre-skywalker-og-thc-destilado-kosher-extract\\\/#primaryimage\",\"url\":\"https:\\\/\\\/medicinasinc.com\\\/pt\\\/wp-content\\\/uploads\\\/sites\\\/20\\\/2022\\\/02\\\/Buy-Skywalker-OG-THC-Distillate.jpg\",\"contentUrl\":\"https:\\\/\\\/medicinasinc.com\\\/pt\\\/wp-content\\\/uploads\\\/sites\\\/20\\\/2022\\\/02\\\/Buy-Skywalker-OG-THC-Distillate.jpg\",\"width\":980,\"height\":980},{\"@type\":\"BreadcrumbList\",\"@id\":\"https:\\\/\\\/medicinasinc.com\\\/pt\\\/product\\\/compre-skywalker-og-thc-destilado-kosher-extract\\\/#breadcrumb\",\"itemListElement\":[{\"@type\":\"ListItem\",\"position\":1,\"name\":\"Comprar\",\"item\":\"https:\\\/\\\/medicinasinc.com\\\/pt\\\/comprar\\\/\"},{\"@type\":\"ListItem\",\"position\":2,\"name\":\"Compre Skywalker OG THC Destilado \u2013 extrato Kosher\"}]},{\"@type\":\"WebSite\",\"@id\":\"https:\\\/\\\/medicinasinc.com\\\/pt\\\/#website\",\"url\":\"https:\\\/\\\/medicinasinc.com\\\/pt\\\/\",\"name\":\"Medicinas Inc\",\"description\":\"Health Medical Clinic\",\"potentialAction\":[{\"@type\":\"SearchAction\",\"target\":{\"@type\":\"EntryPoint\",\"urlTemplate\":\"https:\\\/\\\/medicinasinc.com\\\/pt\\\/?s={search_term_string}\"},\"query-input\":{\"@type\":\"PropertyValueSpecification\",\"valueRequired\":true,\"valueName\":\"search_term_string\"}}],\"inLanguage\":\"pt-PT\"}]}<\/script>\n<!-- \/ Yoast SEO plugin. -->","yoast_head_json":{"title":"Compre Skywalker OG THC Destilado \u2013 extrato kosher - Melhor visualiza\u00e7\u00e3o global da descri\u00e7\u00e3o do MedsMeta:","description":"Compre Skywalker OG THC Destilado venda - extrato kosher on-line Europa do maior dispens\u00e1rio on-line, Buy My Weed Online.","robots":{"index":"index","follow":"follow","max-snippet":"max-snippet:-1","max-image-preview":"max-image-preview:large","max-video-preview":"max-video-preview:-1"},"canonical":"https:\/\/medicinasinc.com\/pt\/product\/compre-skywalker-og-thc-destilado-kosher-extract\/","og_locale":"pt_PT","og_type":"article","og_title":"Compre Skywalker OG THC Destilado \u2013 extrato kosher - Melhor visualiza\u00e7\u00e3o global da descri\u00e7\u00e3o do MedsMeta:","og_description":"Compre Skywalker OG THC Destilado venda - extrato kosher on-line Europa do maior dispens\u00e1rio on-line, Buy My Weed Online.","og_url":"https:\/\/medicinasinc.com\/pt\/product\/compre-skywalker-og-thc-destilado-kosher-extract\/","og_site_name":"Medicinas Inc","article_modified_time":"2022-07-06T00:03:24+00:00","og_image":[{"width":980,"height":980,"url":"https:\/\/medicinasinc.com\/pt\/wp-content\/uploads\/sites\/20\/2022\/02\/Buy-Skywalker-OG-THC-Distillate.jpg","type":"image\/jpeg"}],"twitter_card":"summary_large_image","twitter_misc":{"Tempo estimado de leitura":"1 minuto"},"schema":{"@context":"https:\/\/schema.org","@graph":[{"@type":"WebPage","@id":"https:\/\/medicinasinc.com\/pt\/product\/compre-skywalker-og-thc-destilado-kosher-extract\/","url":"https:\/\/medicinasinc.com\/pt\/product\/compre-skywalker-og-thc-destilado-kosher-extract\/","name":"Compre Skywalker OG THC Destilado \u2013 extrato kosher - Melhor visualiza\u00e7\u00e3o global da descri\u00e7\u00e3o do MedsMeta:","isPartOf":{"@id":"https:\/\/medicinasinc.com\/pt\/#website"},"primaryImageOfPage":{"@id":"https:\/\/medicinasinc.com\/pt\/product\/compre-skywalker-og-thc-destilado-kosher-extract\/#primaryimage"},"image":{"@id":"https:\/\/medicinasinc.com\/pt\/product\/compre-skywalker-og-thc-destilado-kosher-extract\/#primaryimage"},"thumbnailUrl":"https:\/\/medicinasinc.com\/pt\/wp-content\/uploads\/sites\/20\/2022\/02\/Buy-Skywalker-OG-THC-Distillate.jpg","datePublished":"2022-02-20T09:10:27+00:00","dateModified":"2022-07-06T00:03:24+00:00","description":"Compre Skywalker OG THC Destilado venda - extrato kosher on-line Europa do maior dispens\u00e1rio on-line, Buy My Weed Online.","breadcrumb":{"@id":"https:\/\/medicinasinc.com\/pt\/product\/compre-skywalker-og-thc-destilado-kosher-extract\/#breadcrumb"},"inLanguage":"pt-PT","potentialAction":[{"@type":"ReadAction","target":["https:\/\/medicinasinc.com\/pt\/product\/compre-skywalker-og-thc-destilado-kosher-extract\/"]}]},{"@type":"ImageObject","inLanguage":"pt-PT","@id":"https:\/\/medicinasinc.com\/pt\/product\/compre-skywalker-og-thc-destilado-kosher-extract\/#primaryimage","url":"https:\/\/medicinasinc.com\/pt\/wp-content\/uploads\/sites\/20\/2022\/02\/Buy-Skywalker-OG-THC-Distillate.jpg","contentUrl":"https:\/\/medicinasinc.com\/pt\/wp-content\/uploads\/sites\/20\/2022\/02\/Buy-Skywalker-OG-THC-Distillate.jpg","width":980,"height":980},{"@type":"BreadcrumbList","@id":"https:\/\/medicinasinc.com\/pt\/product\/compre-skywalker-og-thc-destilado-kosher-extract\/#breadcrumb","itemListElement":[{"@type":"ListItem","position":1,"name":"Comprar","item":"https:\/\/medicinasinc.com\/pt\/comprar\/"},{"@type":"ListItem","position":2,"name":"Compre Skywalker OG THC Destilado \u2013 extrato Kosher"}]},{"@type":"WebSite","@id":"https:\/\/medicinasinc.com\/pt\/#website","url":"https:\/\/medicinasinc.com\/pt\/","name":"Medicinas Inc","description":"Health Medical Clinic","potentialAction":[{"@type":"SearchAction","target":{"@type":"EntryPoint","urlTemplate":"https:\/\/medicinasinc.com\/pt\/?s={search_term_string}"},"query-input":{"@type":"PropertyValueSpecification","valueRequired":true,"valueName":"search_term_string"}}],"inLanguage":"pt-PT"}]}},"_links":{"self":[{"href":"https:\/\/medicinasinc.com\/pt\/wp-json\/wp\/v2\/product\/4425","targetHints":{"allow":["GET"]}}],"collection":[{"href":"https:\/\/medicinasinc.com\/pt\/wp-json\/wp\/v2\/product"}],"about":[{"href":"https:\/\/medicinasinc.com\/pt\/wp-json\/wp\/v2\/types\/product"}],"replies":[{"embeddable":true,"href":"https:\/\/medicinasinc.com\/pt\/wp-json\/wp\/v2\/comments?post=4425"}],"wp:featuredmedia":[{"embeddable":true,"href":"https:\/\/medicinasinc.com\/pt\/wp-json\/wp\/v2\/media\/4459"}],"wp:attachment":[{"href":"https:\/\/medicinasinc.com\/pt\/wp-json\/wp\/v2\/media?parent=4425"}],"wp:term":[{"taxonomy":"product_brand","embeddable":true,"href":"https:\/\/medicinasinc.com\/pt\/wp-json\/wp\/v2\/product_brand?post=4425"},{"taxonomy":"product_cat","embeddable":true,"href":"https:\/\/medicinasinc.com\/pt\/wp-json\/wp\/v2\/product_cat?post=4425"},{"taxonomy":"product_tag","embeddable":true,"href":"https:\/\/medicinasinc.com\/pt\/wp-json\/wp\/v2\/product_tag?post=4425"}],"curies":[{"name":"wp","href":"https:\/\/api.w.org\/{rel}","templated":true}]}}