{"id":4413,"date":"2022-02-20T09:01:25","date_gmt":"2022-02-20T09:01:25","guid":{"rendered":"https:\/\/medicinasinc.com\/pt\/?post_type=product&#038;p=4413"},"modified":"2022-07-06T00:03:39","modified_gmt":"2022-07-06T00:03:39","slug":"rso-pink-kush-oil-5ml","status":"publish","type":"product","link":"https:\/\/medicinasinc.com\/pt\/product\/rso-pink-kush-oil-5ml\/","title":{"rendered":"RSO | \u00d3leo de Kush Rosa \u2013 5ml"},"content":{"rendered":"<p>Kush Pink (Rick Simpson Oil)<\/p>\n<p>5mL em um dispensador &#8216;Eos&#8217; feito de polipropileno com um fio verde para dosagem precisa.<\/p>\n<p>Este Rick Simpson Oil \u00e9 derivado do Pink Flores Kush cultivadas no interior exuberante da Col\u00fambia Brit\u00e2nica!<\/p>\n<p>Acredita-se que o Pink Kush seja um parente distante do lend\u00e1rio OG Kush (uma das variedades mais populares da hist\u00f3ria da cannabis). Pink Kush continua a tradi\u00e7\u00e3o ao fornecer um corpo forte, tornando-se uma das variedades mais medicinais dispon\u00edveis. Os efeitos desta estirpe s\u00e3o quase instant\u00e2neos. O usu\u00e1rio \u00e9 inundado com uma sensa\u00e7\u00e3o de aquecimento corporal que \u00e9 acompanhada por um zumbido cerebral intensamente euf\u00f3rico. Um h\u00edbrido sativa-dominante que proporciona uma alta intensa focada no corpo. Pink Kush \u00e9, portanto, um tratamento eficaz para ansiedade, depress\u00e3o, inflama\u00e7\u00e3o, dor cr\u00f4nica, dores de cabe\u00e7a, ins\u00f4nia e perda de apetite.<\/p>\n<p>Testes independentes nos laborat\u00f3rios MB revelaram que este RSO premium cont\u00e9m mais de 73,27% de canabin\u00f3ides, incluindo 68,80 por cento de THC!<\/p>\n<p>Determinamos que este produto cont\u00e9m 90% de indica.<\/p>\n<p>1) Delta-9 THC = 68,80%<br \/> 2) CBG = 1,80%<br \/> 3) CBC = 0,96%<br \/> 4) CBN = 0,89%<br \/> 5) CBD = 0,44%<\/p>\n<div class=\"product-next-previous\">\n<div class=\"product-prev\"><\/div><\/div>\n","protected":false},"excerpt":{"rendered":"<p>Compre RSO | \u00d3leo de Kush Rosa &#8211; 5ml \u00e0 venda on-line EUA, Europa no maior dispens\u00e1rio on-line, Compre My Weed Online \u00e0 venda.<\/p>\n<p><em>Compre<\/em>\u00a0Viridesco&#8217;s\u00a0<em>RSO Pink Kush 5ml<\/em>\u00a0hoje no conforto da sua casa. <em>Compre RSO<\/em>\u00a0com seguran\u00e7a e discri\u00e7\u00e3o em qualquer prov\u00edncia do Canad\u00e1. Fa\u00e7a seu pedido online hoje!<\/p>\n<ul>\n<li><\/li>\n<li>Envio para todo o mundo<\/li>\n<li>A quantidade m\u00ednima do pedido \u00e9 5<\/li>\n<li><strong>Fale conosco<\/li>\n<p> strong&gt;\u00a0para pedidos maiores<\/li>\n<\/ul>\n","protected":false},"featured_media":4447,"comment_status":"open","ping_status":"closed","template":"","meta":[],"product_brand":[],"product_cat":[440],"product_tag":[],"class_list":{"0":"post-4413","1":"product","2":"type-product","3":"status-publish","4":"has-post-thumbnail","6":"product_cat-compre-oleo-cbd-de-cannabis","8":"first","9":"instock","10":"shipping-taxable","11":"purchasable","12":"product-type-variable","13":"has-default-attributes"},"yoast_head":"<!-- This site is optimized with the Yoast SEO plugin v27.3 - https:\/\/yoast.com\/product\/yoast-seo-wordpress\/ -->\n<title>RSO | \u00d3leo Pink Kush - 5ml - Compre My Weed Online - Global Medicnas<\/title>\n<meta name=\"description\" content=\"Comprar RSO | Pink Kush Oil - 5ml para venda online EUA, Europa do maior dispens\u00e1rio online, Compre My Weed Online para venda.\" \/>\n<meta name=\"robots\" content=\"index, follow, max-snippet:-1, max-image-preview:large, max-video-preview:-1\" \/>\n<link rel=\"canonical\" href=\"https:\/\/medicinasinc.com\/pt\/product\/rso-pink-kush-oil-5ml\/\" \/>\n<meta property=\"og:locale\" content=\"pt_PT\" \/>\n<meta property=\"og:type\" content=\"article\" \/>\n<meta property=\"og:title\" content=\"RSO | \u00d3leo Pink Kush - 5ml - Compre My Weed Online - Global Medicnas\" \/>\n<meta property=\"og:description\" content=\"Comprar RSO | Pink Kush Oil - 5ml para venda online EUA, Europa do maior dispens\u00e1rio online, Compre My Weed Online para venda.\" \/>\n<meta property=\"og:url\" content=\"https:\/\/medicinasinc.com\/pt\/product\/rso-pink-kush-oil-5ml\/\" \/>\n<meta property=\"og:site_name\" content=\"Medicinas Inc\" \/>\n<meta property=\"article:modified_time\" content=\"2022-07-06T00:03:39+00:00\" \/>\n<meta property=\"og:image\" content=\"https:\/\/medicinasinc.com\/pt\/wp-content\/uploads\/sites\/20\/2022\/02\/Buy-RSO-Pink-Kush-Oil-\u2013-5ml.jpg\" \/>\n\t<meta property=\"og:image:width\" content=\"800\" \/>\n\t<meta property=\"og:image:height\" content=\"800\" \/>\n\t<meta property=\"og:image:type\" content=\"image\/jpeg\" \/>\n<meta name=\"twitter:card\" content=\"summary_large_image\" \/>\n<meta name=\"twitter:label1\" content=\"Tempo estimado de leitura\" \/>\n\t<meta name=\"twitter:data1\" content=\"1 minuto\" \/>\n<script type=\"application\/ld+json\" class=\"yoast-schema-graph\">{\"@context\":\"https:\\\/\\\/schema.org\",\"@graph\":[{\"@type\":\"WebPage\",\"@id\":\"https:\\\/\\\/medicinasinc.com\\\/pt\\\/product\\\/rso-pink-kush-oil-5ml\\\/\",\"url\":\"https:\\\/\\\/medicinasinc.com\\\/pt\\\/product\\\/rso-pink-kush-oil-5ml\\\/\",\"name\":\"RSO | \u00d3leo Pink Kush - 5ml - Compre My Weed Online - Global Medicnas\",\"isPartOf\":{\"@id\":\"https:\\\/\\\/medicinasinc.com\\\/pt\\\/#website\"},\"primaryImageOfPage\":{\"@id\":\"https:\\\/\\\/medicinasinc.com\\\/pt\\\/product\\\/rso-pink-kush-oil-5ml\\\/#primaryimage\"},\"image\":{\"@id\":\"https:\\\/\\\/medicinasinc.com\\\/pt\\\/product\\\/rso-pink-kush-oil-5ml\\\/#primaryimage\"},\"thumbnailUrl\":\"https:\\\/\\\/medicinasinc.com\\\/pt\\\/wp-content\\\/uploads\\\/sites\\\/20\\\/2022\\\/02\\\/Buy-RSO-Pink-Kush-Oil-\u2013-5ml.jpg\",\"datePublished\":\"2022-02-20T09:01:25+00:00\",\"dateModified\":\"2022-07-06T00:03:39+00:00\",\"description\":\"Comprar RSO | Pink Kush Oil - 5ml para venda online EUA, Europa do maior dispens\u00e1rio online, Compre My Weed Online para venda.\",\"breadcrumb\":{\"@id\":\"https:\\\/\\\/medicinasinc.com\\\/pt\\\/product\\\/rso-pink-kush-oil-5ml\\\/#breadcrumb\"},\"inLanguage\":\"pt-PT\",\"potentialAction\":[{\"@type\":\"ReadAction\",\"target\":[\"https:\\\/\\\/medicinasinc.com\\\/pt\\\/product\\\/rso-pink-kush-oil-5ml\\\/\"]}]},{\"@type\":\"ImageObject\",\"inLanguage\":\"pt-PT\",\"@id\":\"https:\\\/\\\/medicinasinc.com\\\/pt\\\/product\\\/rso-pink-kush-oil-5ml\\\/#primaryimage\",\"url\":\"https:\\\/\\\/medicinasinc.com\\\/pt\\\/wp-content\\\/uploads\\\/sites\\\/20\\\/2022\\\/02\\\/Buy-RSO-Pink-Kush-Oil-\u2013-5ml.jpg\",\"contentUrl\":\"https:\\\/\\\/medicinasinc.com\\\/pt\\\/wp-content\\\/uploads\\\/sites\\\/20\\\/2022\\\/02\\\/Buy-RSO-Pink-Kush-Oil-\u2013-5ml.jpg\",\"width\":800,\"height\":800},{\"@type\":\"BreadcrumbList\",\"@id\":\"https:\\\/\\\/medicinasinc.com\\\/pt\\\/product\\\/rso-pink-kush-oil-5ml\\\/#breadcrumb\",\"itemListElement\":[{\"@type\":\"ListItem\",\"position\":1,\"name\":\"Comprar\",\"item\":\"https:\\\/\\\/medicinasinc.com\\\/pt\\\/comprar\\\/\"},{\"@type\":\"ListItem\",\"position\":2,\"name\":\"RSO | \u00d3leo de Kush Rosa \u2013 5ml\"}]},{\"@type\":\"WebSite\",\"@id\":\"https:\\\/\\\/medicinasinc.com\\\/pt\\\/#website\",\"url\":\"https:\\\/\\\/medicinasinc.com\\\/pt\\\/\",\"name\":\"Medicinas Inc\",\"description\":\"Health Medical Clinic\",\"potentialAction\":[{\"@type\":\"SearchAction\",\"target\":{\"@type\":\"EntryPoint\",\"urlTemplate\":\"https:\\\/\\\/medicinasinc.com\\\/pt\\\/?s={search_term_string}\"},\"query-input\":{\"@type\":\"PropertyValueSpecification\",\"valueRequired\":true,\"valueName\":\"search_term_string\"}}],\"inLanguage\":\"pt-PT\"}]}<\/script>\n<!-- \/ Yoast SEO plugin. -->","yoast_head_json":{"title":"RSO | \u00d3leo Pink Kush - 5ml - Compre My Weed Online - Global Medicnas","description":"Comprar RSO | Pink Kush Oil - 5ml para venda online EUA, Europa do maior dispens\u00e1rio online, Compre My Weed Online para venda.","robots":{"index":"index","follow":"follow","max-snippet":"max-snippet:-1","max-image-preview":"max-image-preview:large","max-video-preview":"max-video-preview:-1"},"canonical":"https:\/\/medicinasinc.com\/pt\/product\/rso-pink-kush-oil-5ml\/","og_locale":"pt_PT","og_type":"article","og_title":"RSO | \u00d3leo Pink Kush - 5ml - Compre My Weed Online - Global Medicnas","og_description":"Comprar RSO | Pink Kush Oil - 5ml para venda online EUA, Europa do maior dispens\u00e1rio online, Compre My Weed Online para venda.","og_url":"https:\/\/medicinasinc.com\/pt\/product\/rso-pink-kush-oil-5ml\/","og_site_name":"Medicinas Inc","article_modified_time":"2022-07-06T00:03:39+00:00","og_image":[{"width":800,"height":800,"url":"https:\/\/medicinasinc.com\/pt\/wp-content\/uploads\/sites\/20\/2022\/02\/Buy-RSO-Pink-Kush-Oil-\u2013-5ml.jpg","type":"image\/jpeg"}],"twitter_card":"summary_large_image","twitter_misc":{"Tempo estimado de leitura":"1 minuto"},"schema":{"@context":"https:\/\/schema.org","@graph":[{"@type":"WebPage","@id":"https:\/\/medicinasinc.com\/pt\/product\/rso-pink-kush-oil-5ml\/","url":"https:\/\/medicinasinc.com\/pt\/product\/rso-pink-kush-oil-5ml\/","name":"RSO | \u00d3leo Pink Kush - 5ml - Compre My Weed Online - Global Medicnas","isPartOf":{"@id":"https:\/\/medicinasinc.com\/pt\/#website"},"primaryImageOfPage":{"@id":"https:\/\/medicinasinc.com\/pt\/product\/rso-pink-kush-oil-5ml\/#primaryimage"},"image":{"@id":"https:\/\/medicinasinc.com\/pt\/product\/rso-pink-kush-oil-5ml\/#primaryimage"},"thumbnailUrl":"https:\/\/medicinasinc.com\/pt\/wp-content\/uploads\/sites\/20\/2022\/02\/Buy-RSO-Pink-Kush-Oil-\u2013-5ml.jpg","datePublished":"2022-02-20T09:01:25+00:00","dateModified":"2022-07-06T00:03:39+00:00","description":"Comprar RSO | Pink Kush Oil - 5ml para venda online EUA, Europa do maior dispens\u00e1rio online, Compre My Weed Online para venda.","breadcrumb":{"@id":"https:\/\/medicinasinc.com\/pt\/product\/rso-pink-kush-oil-5ml\/#breadcrumb"},"inLanguage":"pt-PT","potentialAction":[{"@type":"ReadAction","target":["https:\/\/medicinasinc.com\/pt\/product\/rso-pink-kush-oil-5ml\/"]}]},{"@type":"ImageObject","inLanguage":"pt-PT","@id":"https:\/\/medicinasinc.com\/pt\/product\/rso-pink-kush-oil-5ml\/#primaryimage","url":"https:\/\/medicinasinc.com\/pt\/wp-content\/uploads\/sites\/20\/2022\/02\/Buy-RSO-Pink-Kush-Oil-\u2013-5ml.jpg","contentUrl":"https:\/\/medicinasinc.com\/pt\/wp-content\/uploads\/sites\/20\/2022\/02\/Buy-RSO-Pink-Kush-Oil-\u2013-5ml.jpg","width":800,"height":800},{"@type":"BreadcrumbList","@id":"https:\/\/medicinasinc.com\/pt\/product\/rso-pink-kush-oil-5ml\/#breadcrumb","itemListElement":[{"@type":"ListItem","position":1,"name":"Comprar","item":"https:\/\/medicinasinc.com\/pt\/comprar\/"},{"@type":"ListItem","position":2,"name":"RSO | \u00d3leo de Kush Rosa \u2013 5ml"}]},{"@type":"WebSite","@id":"https:\/\/medicinasinc.com\/pt\/#website","url":"https:\/\/medicinasinc.com\/pt\/","name":"Medicinas Inc","description":"Health Medical Clinic","potentialAction":[{"@type":"SearchAction","target":{"@type":"EntryPoint","urlTemplate":"https:\/\/medicinasinc.com\/pt\/?s={search_term_string}"},"query-input":{"@type":"PropertyValueSpecification","valueRequired":true,"valueName":"search_term_string"}}],"inLanguage":"pt-PT"}]}},"_links":{"self":[{"href":"https:\/\/medicinasinc.com\/pt\/wp-json\/wp\/v2\/product\/4413","targetHints":{"allow":["GET"]}}],"collection":[{"href":"https:\/\/medicinasinc.com\/pt\/wp-json\/wp\/v2\/product"}],"about":[{"href":"https:\/\/medicinasinc.com\/pt\/wp-json\/wp\/v2\/types\/product"}],"replies":[{"embeddable":true,"href":"https:\/\/medicinasinc.com\/pt\/wp-json\/wp\/v2\/comments?post=4413"}],"wp:featuredmedia":[{"embeddable":true,"href":"https:\/\/medicinasinc.com\/pt\/wp-json\/wp\/v2\/media\/4447"}],"wp:attachment":[{"href":"https:\/\/medicinasinc.com\/pt\/wp-json\/wp\/v2\/media?parent=4413"}],"wp:term":[{"taxonomy":"product_brand","embeddable":true,"href":"https:\/\/medicinasinc.com\/pt\/wp-json\/wp\/v2\/product_brand?post=4413"},{"taxonomy":"product_cat","embeddable":true,"href":"https:\/\/medicinasinc.com\/pt\/wp-json\/wp\/v2\/product_cat?post=4413"},{"taxonomy":"product_tag","embeddable":true,"href":"https:\/\/medicinasinc.com\/pt\/wp-json\/wp\/v2\/product_tag?post=4413"}],"curies":[{"name":"wp","href":"https:\/\/api.w.org\/{rel}","templated":true}]}}