{"id":4412,"date":"2022-02-20T09:00:17","date_gmt":"2022-02-20T09:00:17","guid":{"rendered":"https:\/\/medicinasinc.com\/pt\/?post_type=product&#038;p=4412"},"modified":"2022-07-06T00:03:54","modified_gmt":"2022-07-06T00:03:54","slug":"compre-rick-simpson-oil","status":"publish","type":"product","link":"https:\/\/medicinasinc.com\/pt\/product\/compre-rick-simpson-oil\/","title":{"rendered":"Compre \u00f3leo de Rick Simpson"},"content":{"rendered":"<p><strong>Compre o \u00f3leo de Rick Simpson<\/strong><\/p>\n<div class=\"woocommerce-tabs wc-tabs-wrapper\">\n<div id=\"tab-description\" class=\"woocommerce-Tabs-panel woocommerce-Tabs-panel--description panel entry-content wc-tab\" role=\"tabpanel\" aria-labelledby=\"tab-title-description\">\n<p><strong>RSO \u00e9 um \u00f3leo derivado de solvente obtido pela lavagem de cannabis brotam em um solvente como nafta leve pura e, em seguida, fervem o solvente para extrair o \u00f3leo.<\/strong><br \/> <strong>RSO \u00e9 um produto gen\u00e9rico. Isso significa que n\u00e3o h\u00e1 &#8220;Rick Simpson Oil&#8221; dispon\u00edvel para compra. Simpson demonstra como fazer seu \u00f3leo hom\u00f4nimo em seu site. No entanto, ele n\u00e3o lucra com o petr\u00f3leo.<\/strong><\/p>\n<\/p><\/div><\/div>\n<div class=\"related products\">\n<div class=\"woocommerce-tabs wc-tabs-wrapper\">\n<div id=\"tab-description\" class=\"woocommerce-Tabs-panel woocommerce-Tabs-panel--description panel entry-content wc-tab\" role=\"tabpanel\" aria-labelledby=\"tab-title-description\">\n<p>&nbsp;<\/p>\n<\/p><\/div><\/div><\/div>\n<p>&nbsp;<\/p>\n","protected":false},"excerpt":{"rendered":"<p>Compre Rick Simpson Oil (RSO) para venda Reino Unido, Europa Encomende online. Temos a mais alta qualidade de \u00f3leo de Rick Simpson para venda. Oferecemos a f\u00f3rmula original RSO com alto teor de THC.<\/p>\n<p><em>Compre<\/em>\u00a0nosso\u00a0<em>\u00f3leo Rick Simpson<\/em>\u00a0para venda e use-o corretamente. O\u00a0<em>RSO<\/em>\u00a0cl\u00e1ssico geralmente \u00e9 feito com cepas com domin\u00e2ncia Indica porque cont\u00eam n\u00edveis mais altos de\u00a0<em>CBD<\/em>.<\/p>\n<ul>\n<li>Envio para todo o mundo<\/li>\n<li>A quantidade m\u00ednima de pedido \u00e9 5<\/li>\n<li><strong>Entre em contato<\/strong>\u00a0para pedidos maiores<\/li>\n<\/ul>\n","protected":false},"featured_media":4445,"comment_status":"open","ping_status":"closed","template":"","meta":[],"product_brand":[],"product_cat":[440],"product_tag":[490,489,491,495,493,494,496,492],"class_list":{"0":"post-4412","1":"product","2":"type-product","3":"status-publish","4":"has-post-thumbnail","6":"product_cat-compre-oleo-cbd-de-cannabis","7":"product_tag-high-cbd-rso","8":"product_tag-bulk-cbd-rso","9":"product_tag-rick-simpson-oil-califrnia","10":"product_tag-rso-leo--venda-em-ohio","11":"product_tag-rso-cbd-leo-para-ansiedade","12":"product_tag-rso-leo-para-dor","13":"product_tag-rso-oil-price-colorado","14":"product_tag-rick-simpson-oil-wiki","16":"first","17":"instock","18":"shipping-taxable","19":"purchasable","20":"product-type-variable","21":"has-default-attributes"},"yoast_head":"<!-- This site is optimized with the Yoast SEO plugin v27.3 - https:\/\/yoast.com\/product\/yoast-seo-wordpress\/ -->\n<title>Compre Rick Simpson Oil - EUA - Europa - Melhores Medicamentos Globais<\/title>\n<meta name=\"description\" content=\"Compre Rick Simpson Oil (RSO) para venda Reino Unido, Europa Encomende online. Temos a mais alta qualidade de \u00f3leo de Rick Simpson para venda. Oferecemos a f\u00f3rmula original de alto THC da RSO.\" \/>\n<meta name=\"robots\" content=\"index, follow, max-snippet:-1, max-image-preview:large, max-video-preview:-1\" \/>\n<link rel=\"canonical\" href=\"https:\/\/medicinasinc.com\/pt\/product\/compre-rick-simpson-oil\/\" \/>\n<meta property=\"og:locale\" content=\"pt_PT\" \/>\n<meta property=\"og:type\" content=\"article\" \/>\n<meta property=\"og:title\" content=\"Compre Rick Simpson Oil - EUA - Europa - Melhores Medicamentos Globais\" \/>\n<meta property=\"og:description\" content=\"Compre Rick Simpson Oil (RSO) para venda Reino Unido, Europa Encomende online. Temos a mais alta qualidade de \u00f3leo de Rick Simpson para venda. Oferecemos a f\u00f3rmula original de alto THC da RSO.\" \/>\n<meta property=\"og:url\" content=\"https:\/\/medicinasinc.com\/pt\/product\/compre-rick-simpson-oil\/\" \/>\n<meta property=\"og:site_name\" content=\"Medicinas Inc\" \/>\n<meta property=\"article:modified_time\" content=\"2022-07-06T00:03:54+00:00\" \/>\n<meta property=\"og:image\" content=\"https:\/\/medicinasinc.com\/pt\/wp-content\/uploads\/sites\/20\/2022\/02\/Buy-Rick-Simpson-Oil.jpg\" \/>\n\t<meta property=\"og:image:width\" content=\"1170\" \/>\n\t<meta property=\"og:image:height\" content=\"658\" \/>\n\t<meta property=\"og:image:type\" content=\"image\/jpeg\" \/>\n<meta name=\"twitter:card\" content=\"summary_large_image\" \/>\n<meta name=\"twitter:label1\" content=\"Tempo estimado de leitura\" \/>\n\t<meta name=\"twitter:data1\" content=\"1 minuto\" \/>\n<script type=\"application\/ld+json\" class=\"yoast-schema-graph\">{\"@context\":\"https:\\\/\\\/schema.org\",\"@graph\":[{\"@type\":\"WebPage\",\"@id\":\"https:\\\/\\\/medicinasinc.com\\\/pt\\\/product\\\/compre-rick-simpson-oil\\\/\",\"url\":\"https:\\\/\\\/medicinasinc.com\\\/pt\\\/product\\\/compre-rick-simpson-oil\\\/\",\"name\":\"Compre Rick Simpson Oil - EUA - Europa - Melhores Medicamentos Globais\",\"isPartOf\":{\"@id\":\"https:\\\/\\\/medicinasinc.com\\\/pt\\\/#website\"},\"primaryImageOfPage\":{\"@id\":\"https:\\\/\\\/medicinasinc.com\\\/pt\\\/product\\\/compre-rick-simpson-oil\\\/#primaryimage\"},\"image\":{\"@id\":\"https:\\\/\\\/medicinasinc.com\\\/pt\\\/product\\\/compre-rick-simpson-oil\\\/#primaryimage\"},\"thumbnailUrl\":\"https:\\\/\\\/medicinasinc.com\\\/pt\\\/wp-content\\\/uploads\\\/sites\\\/20\\\/2022\\\/02\\\/Buy-Rick-Simpson-Oil.jpg\",\"datePublished\":\"2022-02-20T09:00:17+00:00\",\"dateModified\":\"2022-07-06T00:03:54+00:00\",\"description\":\"Compre Rick Simpson Oil (RSO) para venda Reino Unido, Europa Encomende online. Temos a mais alta qualidade de \u00f3leo de Rick Simpson para venda. Oferecemos a f\u00f3rmula original de alto THC da RSO.\",\"breadcrumb\":{\"@id\":\"https:\\\/\\\/medicinasinc.com\\\/pt\\\/product\\\/compre-rick-simpson-oil\\\/#breadcrumb\"},\"inLanguage\":\"pt-PT\",\"potentialAction\":[{\"@type\":\"ReadAction\",\"target\":[\"https:\\\/\\\/medicinasinc.com\\\/pt\\\/product\\\/compre-rick-simpson-oil\\\/\"]}]},{\"@type\":\"ImageObject\",\"inLanguage\":\"pt-PT\",\"@id\":\"https:\\\/\\\/medicinasinc.com\\\/pt\\\/product\\\/compre-rick-simpson-oil\\\/#primaryimage\",\"url\":\"https:\\\/\\\/medicinasinc.com\\\/pt\\\/wp-content\\\/uploads\\\/sites\\\/20\\\/2022\\\/02\\\/Buy-Rick-Simpson-Oil.jpg\",\"contentUrl\":\"https:\\\/\\\/medicinasinc.com\\\/pt\\\/wp-content\\\/uploads\\\/sites\\\/20\\\/2022\\\/02\\\/Buy-Rick-Simpson-Oil.jpg\",\"width\":1170,\"height\":658},{\"@type\":\"BreadcrumbList\",\"@id\":\"https:\\\/\\\/medicinasinc.com\\\/pt\\\/product\\\/compre-rick-simpson-oil\\\/#breadcrumb\",\"itemListElement\":[{\"@type\":\"ListItem\",\"position\":1,\"name\":\"Comprar\",\"item\":\"https:\\\/\\\/medicinasinc.com\\\/pt\\\/comprar\\\/\"},{\"@type\":\"ListItem\",\"position\":2,\"name\":\"Compre \u00f3leo de Rick Simpson\"}]},{\"@type\":\"WebSite\",\"@id\":\"https:\\\/\\\/medicinasinc.com\\\/pt\\\/#website\",\"url\":\"https:\\\/\\\/medicinasinc.com\\\/pt\\\/\",\"name\":\"Medicinas Inc\",\"description\":\"Health Medical Clinic\",\"potentialAction\":[{\"@type\":\"SearchAction\",\"target\":{\"@type\":\"EntryPoint\",\"urlTemplate\":\"https:\\\/\\\/medicinasinc.com\\\/pt\\\/?s={search_term_string}\"},\"query-input\":{\"@type\":\"PropertyValueSpecification\",\"valueRequired\":true,\"valueName\":\"search_term_string\"}}],\"inLanguage\":\"pt-PT\"}]}<\/script>\n<!-- \/ Yoast SEO plugin. -->","yoast_head_json":{"title":"Compre Rick Simpson Oil - EUA - Europa - Melhores Medicamentos Globais","description":"Compre Rick Simpson Oil (RSO) para venda Reino Unido, Europa Encomende online. Temos a mais alta qualidade de \u00f3leo de Rick Simpson para venda. Oferecemos a f\u00f3rmula original de alto THC da RSO.","robots":{"index":"index","follow":"follow","max-snippet":"max-snippet:-1","max-image-preview":"max-image-preview:large","max-video-preview":"max-video-preview:-1"},"canonical":"https:\/\/medicinasinc.com\/pt\/product\/compre-rick-simpson-oil\/","og_locale":"pt_PT","og_type":"article","og_title":"Compre Rick Simpson Oil - EUA - Europa - Melhores Medicamentos Globais","og_description":"Compre Rick Simpson Oil (RSO) para venda Reino Unido, Europa Encomende online. Temos a mais alta qualidade de \u00f3leo de Rick Simpson para venda. Oferecemos a f\u00f3rmula original de alto THC da RSO.","og_url":"https:\/\/medicinasinc.com\/pt\/product\/compre-rick-simpson-oil\/","og_site_name":"Medicinas Inc","article_modified_time":"2022-07-06T00:03:54+00:00","og_image":[{"width":1170,"height":658,"url":"https:\/\/medicinasinc.com\/pt\/wp-content\/uploads\/sites\/20\/2022\/02\/Buy-Rick-Simpson-Oil.jpg","type":"image\/jpeg"}],"twitter_card":"summary_large_image","twitter_misc":{"Tempo estimado de leitura":"1 minuto"},"schema":{"@context":"https:\/\/schema.org","@graph":[{"@type":"WebPage","@id":"https:\/\/medicinasinc.com\/pt\/product\/compre-rick-simpson-oil\/","url":"https:\/\/medicinasinc.com\/pt\/product\/compre-rick-simpson-oil\/","name":"Compre Rick Simpson Oil - EUA - Europa - Melhores Medicamentos Globais","isPartOf":{"@id":"https:\/\/medicinasinc.com\/pt\/#website"},"primaryImageOfPage":{"@id":"https:\/\/medicinasinc.com\/pt\/product\/compre-rick-simpson-oil\/#primaryimage"},"image":{"@id":"https:\/\/medicinasinc.com\/pt\/product\/compre-rick-simpson-oil\/#primaryimage"},"thumbnailUrl":"https:\/\/medicinasinc.com\/pt\/wp-content\/uploads\/sites\/20\/2022\/02\/Buy-Rick-Simpson-Oil.jpg","datePublished":"2022-02-20T09:00:17+00:00","dateModified":"2022-07-06T00:03:54+00:00","description":"Compre Rick Simpson Oil (RSO) para venda Reino Unido, Europa Encomende online. Temos a mais alta qualidade de \u00f3leo de Rick Simpson para venda. Oferecemos a f\u00f3rmula original de alto THC da RSO.","breadcrumb":{"@id":"https:\/\/medicinasinc.com\/pt\/product\/compre-rick-simpson-oil\/#breadcrumb"},"inLanguage":"pt-PT","potentialAction":[{"@type":"ReadAction","target":["https:\/\/medicinasinc.com\/pt\/product\/compre-rick-simpson-oil\/"]}]},{"@type":"ImageObject","inLanguage":"pt-PT","@id":"https:\/\/medicinasinc.com\/pt\/product\/compre-rick-simpson-oil\/#primaryimage","url":"https:\/\/medicinasinc.com\/pt\/wp-content\/uploads\/sites\/20\/2022\/02\/Buy-Rick-Simpson-Oil.jpg","contentUrl":"https:\/\/medicinasinc.com\/pt\/wp-content\/uploads\/sites\/20\/2022\/02\/Buy-Rick-Simpson-Oil.jpg","width":1170,"height":658},{"@type":"BreadcrumbList","@id":"https:\/\/medicinasinc.com\/pt\/product\/compre-rick-simpson-oil\/#breadcrumb","itemListElement":[{"@type":"ListItem","position":1,"name":"Comprar","item":"https:\/\/medicinasinc.com\/pt\/comprar\/"},{"@type":"ListItem","position":2,"name":"Compre \u00f3leo de Rick Simpson"}]},{"@type":"WebSite","@id":"https:\/\/medicinasinc.com\/pt\/#website","url":"https:\/\/medicinasinc.com\/pt\/","name":"Medicinas Inc","description":"Health Medical Clinic","potentialAction":[{"@type":"SearchAction","target":{"@type":"EntryPoint","urlTemplate":"https:\/\/medicinasinc.com\/pt\/?s={search_term_string}"},"query-input":{"@type":"PropertyValueSpecification","valueRequired":true,"valueName":"search_term_string"}}],"inLanguage":"pt-PT"}]}},"_links":{"self":[{"href":"https:\/\/medicinasinc.com\/pt\/wp-json\/wp\/v2\/product\/4412","targetHints":{"allow":["GET"]}}],"collection":[{"href":"https:\/\/medicinasinc.com\/pt\/wp-json\/wp\/v2\/product"}],"about":[{"href":"https:\/\/medicinasinc.com\/pt\/wp-json\/wp\/v2\/types\/product"}],"replies":[{"embeddable":true,"href":"https:\/\/medicinasinc.com\/pt\/wp-json\/wp\/v2\/comments?post=4412"}],"wp:featuredmedia":[{"embeddable":true,"href":"https:\/\/medicinasinc.com\/pt\/wp-json\/wp\/v2\/media\/4445"}],"wp:attachment":[{"href":"https:\/\/medicinasinc.com\/pt\/wp-json\/wp\/v2\/media?parent=4412"}],"wp:term":[{"taxonomy":"product_brand","embeddable":true,"href":"https:\/\/medicinasinc.com\/pt\/wp-json\/wp\/v2\/product_brand?post=4412"},{"taxonomy":"product_cat","embeddable":true,"href":"https:\/\/medicinasinc.com\/pt\/wp-json\/wp\/v2\/product_cat?post=4412"},{"taxonomy":"product_tag","embeddable":true,"href":"https:\/\/medicinasinc.com\/pt\/wp-json\/wp\/v2\/product_tag?post=4412"}],"curies":[{"name":"wp","href":"https:\/\/api.w.org\/{rel}","templated":true}]}}