{"id":4404,"date":"2022-02-20T08:55:28","date_gmt":"2022-02-20T08:55:28","guid":{"rendered":"https:\/\/medicinasinc.com\/pt\/?post_type=product&#038;p=4404"},"modified":"2022-07-06T00:04:08","modified_gmt":"2022-07-06T00:04:08","slug":"compre-pink-kush-thc-destilado-dabeast","status":"publish","type":"product","link":"https:\/\/medicinasinc.com\/pt\/product\/compre-pink-kush-thc-destilado-dabeast\/","title":{"rendered":"Compre Pink Kush THC Destilado \u2013 Dabeast"},"content":{"rendered":"<p>Pink Kush THC Destilado para venda \u2013 Dabeast<\/p>\n<p>Saber Vape Pen com Pink Kush THC Destilado \u2013 Dabeast<\/p>\n<p>1 x Sabre cigarro eletr\u00f4nico<br \/> 1 x Pink Kush pr\u00e9- c\u00e1psula preenchida<br \/> 1 x cabo micro USB E\/OU 1 x c\u00e1psula pr\u00e9-cheia Pink Kush<\/p>\n<p>Insira a c\u00e1psula na Sabre Pen e comece a vaporizar imediatamente. O efeito completo pode levar at\u00e9 quinze minutos para ser sentido. Duas a quatro inala\u00e7\u00f5es s\u00e3o recomendadas para pacientes que n\u00e3o consomem h\u00e1 algum tempo, mas at\u00e9 dez inala\u00e7\u00f5es devem ser suficientes para aqueles que consomem com mais frequ\u00eancia.<\/p>\n<p>Kush Pink<br \/> A linhagem gen\u00e9tica de Pink Kush \u00e9 desconhecida \u2013 mas acredita-se que seja um parente do lend\u00e1rio OG Kush. Este h\u00edbrido indica-dominante produz um forte efeito f\u00edsico, tornando-o uma das variedades mais medicinais dispon\u00edveis. Pink Kush tem um aroma doce que lembra baunilha ou doces a\u00e7ucarados, com tons de pinho fresco. Pink Kush fornece uma alta duradoura e focada no corpo, acompanhada de efeitos euf\u00f3ricos e edificantes. Em altas doses, alguns usu\u00e1rios podem sentir fome severa, tornando o Pink Kush uma excelente variedade para estimular a perda de apetite. Pink Kush \u00e9 um medicamento vers\u00e1til que pode ser usado para tratar depress\u00e3o, ansiedade, inflama\u00e7\u00e3o, dor cr\u00f4nica, enxaquecas, dores de cabe\u00e7a, ins\u00f4nia e perda de apetite.<\/p>\n","protected":false},"excerpt":{"rendered":"<p>Compre Pink Kush THC Distillate Saber Vape Pens \u00e0 venda no Reino Unido, Europa e Estados Unidos da Am\u00e9rica no maior dispens\u00e1rio online do mundo, Compre My Weed Online.<\/p>\n<p>Compre Seringas destiladas Pink Kush THC Indica do site de maconha mais confi\u00e1vel para pedidos por correspond\u00eancia &#8211; Os melhores rem\u00e9dios de ervas com frete gr\u00e1tis! Mais de US$ 150.<\/p>\n<p>&nbsp;<\/p>\n<ul>\n<li>Envio para todo o mundo<\/li>\n<li>A quantidade m\u00ednima do pedido \u00e9 de 5 cartuchos<\/li>\n<li><strong>Entre em contato conosco <\/strong>\u00a0para pedidos maiores<\/li>\n<\/ul>\n","protected":false},"featured_media":4438,"comment_status":"open","ping_status":"closed","template":"","meta":[],"product_brand":[],"product_cat":[440],"product_tag":[],"class_list":{"0":"post-4404","1":"product","2":"type-product","3":"status-publish","4":"has-post-thumbnail","6":"product_cat-compre-oleo-cbd-de-cannabis","8":"first","9":"instock","10":"shipping-taxable","11":"purchasable","12":"product-type-simple"},"yoast_head":"<!-- This site is optimized with the Yoast SEO plugin v27.2 - https:\/\/yoast.com\/product\/yoast-seo-wordpress\/ -->\n<title>Compre Pink Kush THC Distillate - Dabeast - Best Global Meds<\/title>\n<meta name=\"description\" content=\"Compre Pink Kush THC Distillate Saber Vape Pen para venda Reino Unido, Europa - Dabeast online EUA do maior dispens\u00e1rio online, Compre My Weed Online.\" \/>\n<meta name=\"robots\" content=\"index, follow, max-snippet:-1, max-image-preview:large, max-video-preview:-1\" \/>\n<link rel=\"canonical\" href=\"https:\/\/medicinasinc.com\/pt\/product\/compre-pink-kush-thc-destilado-dabeast\/\" \/>\n<meta property=\"og:locale\" content=\"pt_PT\" \/>\n<meta property=\"og:type\" content=\"article\" \/>\n<meta property=\"og:title\" content=\"Compre Pink Kush THC Distillate - Dabeast - Best Global Meds\" \/>\n<meta property=\"og:description\" content=\"Compre Pink Kush THC Distillate Saber Vape Pen para venda Reino Unido, Europa - Dabeast online EUA do maior dispens\u00e1rio online, Compre My Weed Online.\" \/>\n<meta property=\"og:url\" content=\"https:\/\/medicinasinc.com\/pt\/product\/compre-pink-kush-thc-destilado-dabeast\/\" \/>\n<meta property=\"og:site_name\" content=\"Medicinas Inc\" \/>\n<meta property=\"article:modified_time\" content=\"2022-07-06T00:04:08+00:00\" \/>\n<meta property=\"og:image\" content=\"https:\/\/medicinasinc.com\/pt\/wp-content\/uploads\/sites\/20\/2022\/02\/Buy-Pink-Kush-THC-Distillate-\u2013-Dabeast.jpg\" \/>\n\t<meta property=\"og:image:width\" content=\"600\" \/>\n\t<meta property=\"og:image:height\" content=\"600\" \/>\n\t<meta property=\"og:image:type\" content=\"image\/jpeg\" \/>\n<meta name=\"twitter:card\" content=\"summary_large_image\" \/>\n<meta name=\"twitter:label1\" content=\"Tempo estimado de leitura\" \/>\n\t<meta name=\"twitter:data1\" content=\"1 minuto\" \/>\n<script type=\"application\/ld+json\" class=\"yoast-schema-graph\">{\"@context\":\"https:\/\/schema.org\",\"@graph\":[{\"@type\":\"WebPage\",\"@id\":\"https:\/\/medicinasinc.com\/pt\/product\/compre-pink-kush-thc-destilado-dabeast\/\",\"url\":\"https:\/\/medicinasinc.com\/pt\/product\/compre-pink-kush-thc-destilado-dabeast\/\",\"name\":\"Compre Pink Kush THC Distillate - Dabeast - Best Global Meds\",\"isPartOf\":{\"@id\":\"https:\/\/medicinasinc.com\/pt\/#website\"},\"primaryImageOfPage\":{\"@id\":\"https:\/\/medicinasinc.com\/pt\/product\/compre-pink-kush-thc-destilado-dabeast\/#primaryimage\"},\"image\":{\"@id\":\"https:\/\/medicinasinc.com\/pt\/product\/compre-pink-kush-thc-destilado-dabeast\/#primaryimage\"},\"thumbnailUrl\":\"https:\/\/medicinasinc.com\/pt\/wp-content\/uploads\/sites\/20\/2022\/02\/Buy-Pink-Kush-THC-Distillate-\u2013-Dabeast.jpg\",\"datePublished\":\"2022-02-20T08:55:28+00:00\",\"dateModified\":\"2022-07-06T00:04:08+00:00\",\"description\":\"Compre Pink Kush THC Distillate Saber Vape Pen para venda Reino Unido, Europa - Dabeast online EUA do maior dispens\u00e1rio online, Compre My Weed Online.\",\"breadcrumb\":{\"@id\":\"https:\/\/medicinasinc.com\/pt\/product\/compre-pink-kush-thc-destilado-dabeast\/#breadcrumb\"},\"inLanguage\":\"pt-PT\",\"potentialAction\":[{\"@type\":\"ReadAction\",\"target\":[\"https:\/\/medicinasinc.com\/pt\/product\/compre-pink-kush-thc-destilado-dabeast\/\"]}]},{\"@type\":\"ImageObject\",\"inLanguage\":\"pt-PT\",\"@id\":\"https:\/\/medicinasinc.com\/pt\/product\/compre-pink-kush-thc-destilado-dabeast\/#primaryimage\",\"url\":\"https:\/\/medicinasinc.com\/pt\/wp-content\/uploads\/sites\/20\/2022\/02\/Buy-Pink-Kush-THC-Distillate-\u2013-Dabeast.jpg\",\"contentUrl\":\"https:\/\/medicinasinc.com\/pt\/wp-content\/uploads\/sites\/20\/2022\/02\/Buy-Pink-Kush-THC-Distillate-\u2013-Dabeast.jpg\",\"width\":600,\"height\":600},{\"@type\":\"BreadcrumbList\",\"@id\":\"https:\/\/medicinasinc.com\/pt\/product\/compre-pink-kush-thc-destilado-dabeast\/#breadcrumb\",\"itemListElement\":[{\"@type\":\"ListItem\",\"position\":1,\"name\":\"Comprar\",\"item\":\"https:\/\/medicinasinc.com\/pt\/comprar\/\"},{\"@type\":\"ListItem\",\"position\":2,\"name\":\"Compre Pink Kush THC Destilado \u2013 Dabeast\"}]},{\"@type\":\"WebSite\",\"@id\":\"https:\/\/medicinasinc.com\/pt\/#website\",\"url\":\"https:\/\/medicinasinc.com\/pt\/\",\"name\":\"Medicinas Inc\",\"description\":\"Health Medical Clinic\",\"potentialAction\":[{\"@type\":\"SearchAction\",\"target\":{\"@type\":\"EntryPoint\",\"urlTemplate\":\"https:\/\/medicinasinc.com\/pt\/?s={search_term_string}\"},\"query-input\":{\"@type\":\"PropertyValueSpecification\",\"valueRequired\":true,\"valueName\":\"search_term_string\"}}],\"inLanguage\":\"pt-PT\"}]}<\/script>\n<!-- \/ Yoast SEO plugin. -->","yoast_head_json":{"title":"Compre Pink Kush THC Distillate - Dabeast - Best Global Meds","description":"Compre Pink Kush THC Distillate Saber Vape Pen para venda Reino Unido, Europa - Dabeast online EUA do maior dispens\u00e1rio online, Compre My Weed Online.","robots":{"index":"index","follow":"follow","max-snippet":"max-snippet:-1","max-image-preview":"max-image-preview:large","max-video-preview":"max-video-preview:-1"},"canonical":"https:\/\/medicinasinc.com\/pt\/product\/compre-pink-kush-thc-destilado-dabeast\/","og_locale":"pt_PT","og_type":"article","og_title":"Compre Pink Kush THC Distillate - Dabeast - Best Global Meds","og_description":"Compre Pink Kush THC Distillate Saber Vape Pen para venda Reino Unido, Europa - Dabeast online EUA do maior dispens\u00e1rio online, Compre My Weed Online.","og_url":"https:\/\/medicinasinc.com\/pt\/product\/compre-pink-kush-thc-destilado-dabeast\/","og_site_name":"Medicinas Inc","article_modified_time":"2022-07-06T00:04:08+00:00","og_image":[{"width":600,"height":600,"url":"https:\/\/medicinasinc.com\/pt\/wp-content\/uploads\/sites\/20\/2022\/02\/Buy-Pink-Kush-THC-Distillate-\u2013-Dabeast.jpg","type":"image\/jpeg"}],"twitter_card":"summary_large_image","twitter_misc":{"Tempo estimado de leitura":"1 minuto"},"schema":{"@context":"https:\/\/schema.org","@graph":[{"@type":"WebPage","@id":"https:\/\/medicinasinc.com\/pt\/product\/compre-pink-kush-thc-destilado-dabeast\/","url":"https:\/\/medicinasinc.com\/pt\/product\/compre-pink-kush-thc-destilado-dabeast\/","name":"Compre Pink Kush THC Distillate - Dabeast - Best Global Meds","isPartOf":{"@id":"https:\/\/medicinasinc.com\/pt\/#website"},"primaryImageOfPage":{"@id":"https:\/\/medicinasinc.com\/pt\/product\/compre-pink-kush-thc-destilado-dabeast\/#primaryimage"},"image":{"@id":"https:\/\/medicinasinc.com\/pt\/product\/compre-pink-kush-thc-destilado-dabeast\/#primaryimage"},"thumbnailUrl":"https:\/\/medicinasinc.com\/pt\/wp-content\/uploads\/sites\/20\/2022\/02\/Buy-Pink-Kush-THC-Distillate-\u2013-Dabeast.jpg","datePublished":"2022-02-20T08:55:28+00:00","dateModified":"2022-07-06T00:04:08+00:00","description":"Compre Pink Kush THC Distillate Saber Vape Pen para venda Reino Unido, Europa - Dabeast online EUA do maior dispens\u00e1rio online, Compre My Weed Online.","breadcrumb":{"@id":"https:\/\/medicinasinc.com\/pt\/product\/compre-pink-kush-thc-destilado-dabeast\/#breadcrumb"},"inLanguage":"pt-PT","potentialAction":[{"@type":"ReadAction","target":["https:\/\/medicinasinc.com\/pt\/product\/compre-pink-kush-thc-destilado-dabeast\/"]}]},{"@type":"ImageObject","inLanguage":"pt-PT","@id":"https:\/\/medicinasinc.com\/pt\/product\/compre-pink-kush-thc-destilado-dabeast\/#primaryimage","url":"https:\/\/medicinasinc.com\/pt\/wp-content\/uploads\/sites\/20\/2022\/02\/Buy-Pink-Kush-THC-Distillate-\u2013-Dabeast.jpg","contentUrl":"https:\/\/medicinasinc.com\/pt\/wp-content\/uploads\/sites\/20\/2022\/02\/Buy-Pink-Kush-THC-Distillate-\u2013-Dabeast.jpg","width":600,"height":600},{"@type":"BreadcrumbList","@id":"https:\/\/medicinasinc.com\/pt\/product\/compre-pink-kush-thc-destilado-dabeast\/#breadcrumb","itemListElement":[{"@type":"ListItem","position":1,"name":"Comprar","item":"https:\/\/medicinasinc.com\/pt\/comprar\/"},{"@type":"ListItem","position":2,"name":"Compre Pink Kush THC Destilado \u2013 Dabeast"}]},{"@type":"WebSite","@id":"https:\/\/medicinasinc.com\/pt\/#website","url":"https:\/\/medicinasinc.com\/pt\/","name":"Medicinas Inc","description":"Health Medical Clinic","potentialAction":[{"@type":"SearchAction","target":{"@type":"EntryPoint","urlTemplate":"https:\/\/medicinasinc.com\/pt\/?s={search_term_string}"},"query-input":{"@type":"PropertyValueSpecification","valueRequired":true,"valueName":"search_term_string"}}],"inLanguage":"pt-PT"}]}},"_links":{"self":[{"href":"https:\/\/medicinasinc.com\/pt\/wp-json\/wp\/v2\/product\/4404","targetHints":{"allow":["GET"]}}],"collection":[{"href":"https:\/\/medicinasinc.com\/pt\/wp-json\/wp\/v2\/product"}],"about":[{"href":"https:\/\/medicinasinc.com\/pt\/wp-json\/wp\/v2\/types\/product"}],"replies":[{"embeddable":true,"href":"https:\/\/medicinasinc.com\/pt\/wp-json\/wp\/v2\/comments?post=4404"}],"wp:featuredmedia":[{"embeddable":true,"href":"https:\/\/medicinasinc.com\/pt\/wp-json\/wp\/v2\/media\/4438"}],"wp:attachment":[{"href":"https:\/\/medicinasinc.com\/pt\/wp-json\/wp\/v2\/media?parent=4404"}],"wp:term":[{"taxonomy":"product_brand","embeddable":true,"href":"https:\/\/medicinasinc.com\/pt\/wp-json\/wp\/v2\/product_brand?post=4404"},{"taxonomy":"product_cat","embeddable":true,"href":"https:\/\/medicinasinc.com\/pt\/wp-json\/wp\/v2\/product_cat?post=4404"},{"taxonomy":"product_tag","embeddable":true,"href":"https:\/\/medicinasinc.com\/pt\/wp-json\/wp\/v2\/product_tag?post=4404"}],"curies":[{"name":"wp","href":"https:\/\/api.w.org\/{rel}","templated":true}]}}