{"id":4403,"date":"2022-02-20T08:54:28","date_gmt":"2022-02-20T08:54:28","guid":{"rendered":"https:\/\/medicinasinc.com\/pt\/?post_type=product&#038;p=4403"},"modified":"2022-07-06T00:04:33","modified_gmt":"2022-07-06T00:04:33","slug":"compre-limao-limao-thc-destilado-dabeast","status":"publish","type":"product","link":"https:\/\/medicinasinc.com\/pt\/product\/compre-limao-limao-thc-destilado-dabeast\/","title":{"rendered":"Compre Lim\u00e3o THC Destilado &#8211; Dabeast"},"content":{"rendered":"<p>Onde comprar destilado de lim\u00e3o e lima com THC \u2013 Dabeast<\/p>\n<p>Nosso destilado de THC com sabor est\u00e1 dispon\u00edvel em uma variedade de sabores diferentes que certamente encantar\u00e3o seu paladar!<br \/> Nossos destilados de THC s\u00e3o aprimorados com terpenos org\u00e2nicos e naturais, criando uma experi\u00eancia de dar \u00e1gua na boca como nenhuma outra.<\/p>\n<ul>\n<li>1 x Sabre Vape Pen<\/li>\n<li>1 x pr\u00e9-preenchido\u00a0<strong>\u00a0<span class=\"hidden- xs\">Sabor Lim\u00e3o<\/span>\u00a0THC Destilado<\/strong>\u00a0pod<\/li>\n<li>1 x Cabo Micro USB<\/li>\n<\/ul>\n<div class=\"product-next-previous\">\n<div class=\"produto-prev\"><\/div><\/div>\n","protected":false},"excerpt":{"rendered":"<p>Compre Lemon Lime THC Disstillate Saber Pen para venda &#8211; Top Shelf online Europe, UK do maior dispens\u00e1rio online, Buy My Weed Online.<\/p>\n<p><em>Lemon Lime THC Distillate<\/em> Sabre Pen \u2013 Top Shelf a um pre\u00e7o acess\u00edvel nos melhores medicamentos globais! Todos os produtos s\u00e3o qualificados em laborat\u00f3rio e t\u00eam qualidade premium.<\/p>\n<ul>\n<li>Envio para todo o mundo<\/li>\n<li>A quantidade m\u00ednima de pedido \u00e9 5<\/li>\n<li>Entre em contato conosco para pedidos maiores<\/li>\n<\/ul>\n","protected":false},"featured_media":4436,"comment_status":"open","ping_status":"closed","template":"","meta":[],"product_brand":[],"product_cat":[440],"product_tag":[],"class_list":{"0":"post-4403","1":"product","2":"type-product","3":"status-publish","4":"has-post-thumbnail","6":"product_cat-compre-oleo-cbd-de-cannabis","8":"first","9":"instock","10":"shipping-taxable","11":"purchasable","12":"product-type-variable","13":"has-default-attributes"},"yoast_head":"<!-- This site is optimized with the Yoast SEO plugin v27.3 - https:\/\/yoast.com\/product\/yoast-seo-wordpress\/ -->\n<title>Compre Lim\u00e3o THC Destilado - Dabeast - Best Global Meds<\/title>\n<meta name=\"description\" content=\"Compre Lemon Lime THC Disstillate Saber Pen para venda - Top Shelf online Europa, Reino Unido, no maior dispens\u00e1rio online, Buy My Weed Online.\" \/>\n<meta name=\"robots\" content=\"index, follow, max-snippet:-1, max-image-preview:large, max-video-preview:-1\" \/>\n<link rel=\"canonical\" href=\"https:\/\/medicinasinc.com\/pt\/product\/compre-limao-limao-thc-destilado-dabeast\/\" \/>\n<meta property=\"og:locale\" content=\"pt_PT\" \/>\n<meta property=\"og:type\" content=\"article\" \/>\n<meta property=\"og:title\" content=\"Compre Lim\u00e3o THC Destilado - Dabeast - Best Global Meds\" \/>\n<meta property=\"og:description\" content=\"Compre Lemon Lime THC Disstillate Saber Pen para venda - Top Shelf online Europa, Reino Unido, no maior dispens\u00e1rio online, Buy My Weed Online.\" \/>\n<meta property=\"og:url\" content=\"https:\/\/medicinasinc.com\/pt\/product\/compre-limao-limao-thc-destilado-dabeast\/\" \/>\n<meta property=\"og:site_name\" content=\"Medicinas Inc\" \/>\n<meta property=\"article:modified_time\" content=\"2022-07-06T00:04:33+00:00\" \/>\n<meta property=\"og:image\" content=\"https:\/\/medicinasinc.com\/pt\/wp-content\/uploads\/sites\/20\/2022\/02\/Buy-Lemon-Lime-THC-Distillate.jpg\" \/>\n\t<meta property=\"og:image:width\" content=\"800\" \/>\n\t<meta property=\"og:image:height\" content=\"800\" \/>\n\t<meta property=\"og:image:type\" content=\"image\/jpeg\" \/>\n<meta name=\"twitter:card\" content=\"summary_large_image\" \/>\n<meta name=\"twitter:label1\" content=\"Tempo estimado de leitura\" \/>\n\t<meta name=\"twitter:data1\" content=\"1 minuto\" \/>\n<script type=\"application\/ld+json\" class=\"yoast-schema-graph\">{\"@context\":\"https:\\\/\\\/schema.org\",\"@graph\":[{\"@type\":\"WebPage\",\"@id\":\"https:\\\/\\\/medicinasinc.com\\\/pt\\\/product\\\/compre-limao-limao-thc-destilado-dabeast\\\/\",\"url\":\"https:\\\/\\\/medicinasinc.com\\\/pt\\\/product\\\/compre-limao-limao-thc-destilado-dabeast\\\/\",\"name\":\"Compre Lim\u00e3o THC Destilado - Dabeast - Best Global Meds\",\"isPartOf\":{\"@id\":\"https:\\\/\\\/medicinasinc.com\\\/pt\\\/#website\"},\"primaryImageOfPage\":{\"@id\":\"https:\\\/\\\/medicinasinc.com\\\/pt\\\/product\\\/compre-limao-limao-thc-destilado-dabeast\\\/#primaryimage\"},\"image\":{\"@id\":\"https:\\\/\\\/medicinasinc.com\\\/pt\\\/product\\\/compre-limao-limao-thc-destilado-dabeast\\\/#primaryimage\"},\"thumbnailUrl\":\"https:\\\/\\\/medicinasinc.com\\\/pt\\\/wp-content\\\/uploads\\\/sites\\\/20\\\/2022\\\/02\\\/Buy-Lemon-Lime-THC-Distillate.jpg\",\"datePublished\":\"2022-02-20T08:54:28+00:00\",\"dateModified\":\"2022-07-06T00:04:33+00:00\",\"description\":\"Compre Lemon Lime THC Disstillate Saber Pen para venda - Top Shelf online Europa, Reino Unido, no maior dispens\u00e1rio online, Buy My Weed Online.\",\"breadcrumb\":{\"@id\":\"https:\\\/\\\/medicinasinc.com\\\/pt\\\/product\\\/compre-limao-limao-thc-destilado-dabeast\\\/#breadcrumb\"},\"inLanguage\":\"pt-PT\",\"potentialAction\":[{\"@type\":\"ReadAction\",\"target\":[\"https:\\\/\\\/medicinasinc.com\\\/pt\\\/product\\\/compre-limao-limao-thc-destilado-dabeast\\\/\"]}]},{\"@type\":\"ImageObject\",\"inLanguage\":\"pt-PT\",\"@id\":\"https:\\\/\\\/medicinasinc.com\\\/pt\\\/product\\\/compre-limao-limao-thc-destilado-dabeast\\\/#primaryimage\",\"url\":\"https:\\\/\\\/medicinasinc.com\\\/pt\\\/wp-content\\\/uploads\\\/sites\\\/20\\\/2022\\\/02\\\/Buy-Lemon-Lime-THC-Distillate.jpg\",\"contentUrl\":\"https:\\\/\\\/medicinasinc.com\\\/pt\\\/wp-content\\\/uploads\\\/sites\\\/20\\\/2022\\\/02\\\/Buy-Lemon-Lime-THC-Distillate.jpg\",\"width\":800,\"height\":800},{\"@type\":\"BreadcrumbList\",\"@id\":\"https:\\\/\\\/medicinasinc.com\\\/pt\\\/product\\\/compre-limao-limao-thc-destilado-dabeast\\\/#breadcrumb\",\"itemListElement\":[{\"@type\":\"ListItem\",\"position\":1,\"name\":\"Comprar\",\"item\":\"https:\\\/\\\/medicinasinc.com\\\/pt\\\/comprar\\\/\"},{\"@type\":\"ListItem\",\"position\":2,\"name\":\"Compre Lim\u00e3o THC Destilado &#8211; Dabeast\"}]},{\"@type\":\"WebSite\",\"@id\":\"https:\\\/\\\/medicinasinc.com\\\/pt\\\/#website\",\"url\":\"https:\\\/\\\/medicinasinc.com\\\/pt\\\/\",\"name\":\"Medicinas Inc\",\"description\":\"Health Medical Clinic\",\"potentialAction\":[{\"@type\":\"SearchAction\",\"target\":{\"@type\":\"EntryPoint\",\"urlTemplate\":\"https:\\\/\\\/medicinasinc.com\\\/pt\\\/?s={search_term_string}\"},\"query-input\":{\"@type\":\"PropertyValueSpecification\",\"valueRequired\":true,\"valueName\":\"search_term_string\"}}],\"inLanguage\":\"pt-PT\"}]}<\/script>\n<!-- \/ Yoast SEO plugin. -->","yoast_head_json":{"title":"Compre Lim\u00e3o THC Destilado - Dabeast - Best Global Meds","description":"Compre Lemon Lime THC Disstillate Saber Pen para venda - Top Shelf online Europa, Reino Unido, no maior dispens\u00e1rio online, Buy My Weed Online.","robots":{"index":"index","follow":"follow","max-snippet":"max-snippet:-1","max-image-preview":"max-image-preview:large","max-video-preview":"max-video-preview:-1"},"canonical":"https:\/\/medicinasinc.com\/pt\/product\/compre-limao-limao-thc-destilado-dabeast\/","og_locale":"pt_PT","og_type":"article","og_title":"Compre Lim\u00e3o THC Destilado - Dabeast - Best Global Meds","og_description":"Compre Lemon Lime THC Disstillate Saber Pen para venda - Top Shelf online Europa, Reino Unido, no maior dispens\u00e1rio online, Buy My Weed Online.","og_url":"https:\/\/medicinasinc.com\/pt\/product\/compre-limao-limao-thc-destilado-dabeast\/","og_site_name":"Medicinas Inc","article_modified_time":"2022-07-06T00:04:33+00:00","og_image":[{"width":800,"height":800,"url":"https:\/\/medicinasinc.com\/pt\/wp-content\/uploads\/sites\/20\/2022\/02\/Buy-Lemon-Lime-THC-Distillate.jpg","type":"image\/jpeg"}],"twitter_card":"summary_large_image","twitter_misc":{"Tempo estimado de leitura":"1 minuto"},"schema":{"@context":"https:\/\/schema.org","@graph":[{"@type":"WebPage","@id":"https:\/\/medicinasinc.com\/pt\/product\/compre-limao-limao-thc-destilado-dabeast\/","url":"https:\/\/medicinasinc.com\/pt\/product\/compre-limao-limao-thc-destilado-dabeast\/","name":"Compre Lim\u00e3o THC Destilado - Dabeast - Best Global Meds","isPartOf":{"@id":"https:\/\/medicinasinc.com\/pt\/#website"},"primaryImageOfPage":{"@id":"https:\/\/medicinasinc.com\/pt\/product\/compre-limao-limao-thc-destilado-dabeast\/#primaryimage"},"image":{"@id":"https:\/\/medicinasinc.com\/pt\/product\/compre-limao-limao-thc-destilado-dabeast\/#primaryimage"},"thumbnailUrl":"https:\/\/medicinasinc.com\/pt\/wp-content\/uploads\/sites\/20\/2022\/02\/Buy-Lemon-Lime-THC-Distillate.jpg","datePublished":"2022-02-20T08:54:28+00:00","dateModified":"2022-07-06T00:04:33+00:00","description":"Compre Lemon Lime THC Disstillate Saber Pen para venda - Top Shelf online Europa, Reino Unido, no maior dispens\u00e1rio online, Buy My Weed Online.","breadcrumb":{"@id":"https:\/\/medicinasinc.com\/pt\/product\/compre-limao-limao-thc-destilado-dabeast\/#breadcrumb"},"inLanguage":"pt-PT","potentialAction":[{"@type":"ReadAction","target":["https:\/\/medicinasinc.com\/pt\/product\/compre-limao-limao-thc-destilado-dabeast\/"]}]},{"@type":"ImageObject","inLanguage":"pt-PT","@id":"https:\/\/medicinasinc.com\/pt\/product\/compre-limao-limao-thc-destilado-dabeast\/#primaryimage","url":"https:\/\/medicinasinc.com\/pt\/wp-content\/uploads\/sites\/20\/2022\/02\/Buy-Lemon-Lime-THC-Distillate.jpg","contentUrl":"https:\/\/medicinasinc.com\/pt\/wp-content\/uploads\/sites\/20\/2022\/02\/Buy-Lemon-Lime-THC-Distillate.jpg","width":800,"height":800},{"@type":"BreadcrumbList","@id":"https:\/\/medicinasinc.com\/pt\/product\/compre-limao-limao-thc-destilado-dabeast\/#breadcrumb","itemListElement":[{"@type":"ListItem","position":1,"name":"Comprar","item":"https:\/\/medicinasinc.com\/pt\/comprar\/"},{"@type":"ListItem","position":2,"name":"Compre Lim\u00e3o THC Destilado &#8211; Dabeast"}]},{"@type":"WebSite","@id":"https:\/\/medicinasinc.com\/pt\/#website","url":"https:\/\/medicinasinc.com\/pt\/","name":"Medicinas Inc","description":"Health Medical Clinic","potentialAction":[{"@type":"SearchAction","target":{"@type":"EntryPoint","urlTemplate":"https:\/\/medicinasinc.com\/pt\/?s={search_term_string}"},"query-input":{"@type":"PropertyValueSpecification","valueRequired":true,"valueName":"search_term_string"}}],"inLanguage":"pt-PT"}]}},"_links":{"self":[{"href":"https:\/\/medicinasinc.com\/pt\/wp-json\/wp\/v2\/product\/4403","targetHints":{"allow":["GET"]}}],"collection":[{"href":"https:\/\/medicinasinc.com\/pt\/wp-json\/wp\/v2\/product"}],"about":[{"href":"https:\/\/medicinasinc.com\/pt\/wp-json\/wp\/v2\/types\/product"}],"replies":[{"embeddable":true,"href":"https:\/\/medicinasinc.com\/pt\/wp-json\/wp\/v2\/comments?post=4403"}],"wp:featuredmedia":[{"embeddable":true,"href":"https:\/\/medicinasinc.com\/pt\/wp-json\/wp\/v2\/media\/4436"}],"wp:attachment":[{"href":"https:\/\/medicinasinc.com\/pt\/wp-json\/wp\/v2\/media?parent=4403"}],"wp:term":[{"taxonomy":"product_brand","embeddable":true,"href":"https:\/\/medicinasinc.com\/pt\/wp-json\/wp\/v2\/product_brand?post=4403"},{"taxonomy":"product_cat","embeddable":true,"href":"https:\/\/medicinasinc.com\/pt\/wp-json\/wp\/v2\/product_cat?post=4403"},{"taxonomy":"product_tag","embeddable":true,"href":"https:\/\/medicinasinc.com\/pt\/wp-json\/wp\/v2\/product_tag?post=4403"}],"curies":[{"name":"wp","href":"https:\/\/api.w.org\/{rel}","templated":true}]}}