{"id":4390,"date":"2022-02-20T08:47:42","date_gmt":"2022-02-20T08:47:42","guid":{"rendered":"https:\/\/medicinasinc.com\/pt\/?post_type=product&#038;p=4390"},"modified":"2022-07-06T00:04:48","modified_gmt":"2022-07-06T00:04:48","slug":"comprar-lemon-haze-co2-1g-vape-cartucho","status":"publish","type":"product","link":"https:\/\/medicinasinc.com\/pt\/product\/comprar-lemon-haze-co2-1g-vape-cartucho\/","title":{"rendered":"Compre o cartucho vape Lemon Haze CO2 1g"},"content":{"rendered":"<p>Limon Haze CO2 1g cartucho vape para venda.<\/p>\n<p>Lemon Haze CO2 1g vape cartucho para venda.<\/p>\n<p>Lemon Haze CO2 vape cartuchos para venda. Por Pure, nos esfor\u00e7amos para fornecer o \u00f3leo mais puro, seguro e consistente dispon\u00edvel. Nossos sabores s\u00e3o feitos inteiramente de terpenos de frutas naturais. 1 grama de \u00f3leo de cannabis n\u00e3o adulterado<br \/> Green House Seeds&#8217; Lemon Skunk Super Silver Haze \u00e9 um h\u00edbrido Sativa-dominante de Lemon Skunk e Super Silver Haze que ganhou duas Copas de Cannabis. Super Lemon Haze \u00e9 uma maravilha multicolorida de kief. Como est\u00e1 impl\u00edcito no nome, esta variedade exibe caracter\u00edsticas distintas de lim\u00e3o. O aroma \u00e9 c\u00edtrico, picante e levemente adocicado. O sabor \u00e9 exatamente o que se esperaria do hom\u00f4nimo; azedo e doce, semelhante ao doce Lemonheads &#8211; embora n\u00e3o t\u00e3o forte quanto se poderia esperar.<\/p>\n<p>Teor de THC: 65,22% Teor de CBD: 2,86%<\/p>\n","protected":false},"excerpt":{"rendered":"<p>Co2 Vape Cartridge Super Lemon Haze<\/p>\n<p>Compre Super Lemon Haze Cannabis Oil Vape Cartridge Strain no Reino Unido e na Europa. M\u00e9todo de extra\u00e7\u00e3o do SativaOil: CO2 subcr\u00edtico. Cartucho Vape para \u00d3leo de Cannabis Super Lemon Haze.<\/p>\n<p>Um dos melhores cartuchos Vape Co2 do mercado \u00e9 o Super Lemon Haze. Mais especificamente, o aroma \u00e9 picante, c\u00edtrico e levemente adocicado. O sabor \u00e9 azedo e doce, lembrando o doce de lim\u00e3o. Os cartuchos vape de CO2 X-trates cont\u00eam apenas \u00f3leo de cannabis puro que cont\u00e9m um amplo espectro de canabin\u00f3ides e terpenos org\u00e2nicos. Al\u00e9m disso, est\u00e3o dispon\u00edveis cartuchos de 1g e 0,5ml.<\/p>\n<p>O pre\u00e7o do produto \u00e9 o seguinte: por cartucho de 1g<br \/> \u00c9 necess\u00e1ria uma quantidade m\u00ednima de pedido de 5 cartuchos.<\/p>\n","protected":false},"featured_media":4423,"comment_status":"open","ping_status":"closed","template":"","meta":[],"product_brand":[],"product_cat":[440],"product_tag":[482,485,483,481,487,484,488,486],"class_list":{"0":"post-4390","1":"product","2":"type-product","3":"status-publish","4":"has-post-thumbnail","6":"product_cat-compre-oleo-cbd-de-cannabis","7":"product_tag-cartucho-super-limo-neblina","8":"product_tag-cartucho-de-leo-super-limo-neblina","9":"product_tag-cartucho-super-limo-neblina-co2-vape","10":"product_tag-cartuchos-vape-pr-cheios-europe-tags-super-lemon-haze-allbud","11":"product_tag-sementes-de-super-limo-neblina","12":"product_tag-super-limo-neblina-kingpen","13":"product_tag-super-lemon-haze-yield-description-reviews-0","14":"product_tag-preo-super-limo-neblina","16":"first","17":"instock","18":"shipping-taxable","19":"purchasable","20":"product-type-variable","21":"has-default-attributes"},"yoast_head":"<!-- This site is optimized with the Yoast SEO plugin v27.3 - https:\/\/yoast.com\/product\/yoast-seo-wordpress\/ -->\n<title>Compre Lemon Haze CO2 vape Cartridge - Best Global Meds<\/title>\n<meta name=\"description\" content=\"Compre Super Lemon Haze Cannabis Oil Vape Cartridge Strain para venda Reino Unido, Europa. M\u00e9todo de extra\u00e7\u00e3o do SativaOil: CO2 subcr\u00edtico. Cartucho Vape de \u00d3leo de Cannabis Super Lemon Haze.\" \/>\n<meta name=\"robots\" content=\"index, follow, max-snippet:-1, max-image-preview:large, max-video-preview:-1\" \/>\n<link rel=\"canonical\" href=\"https:\/\/medicinasinc.com\/pt\/product\/comprar-lemon-haze-co2-1g-vape-cartucho\/\" \/>\n<meta property=\"og:locale\" content=\"pt_PT\" \/>\n<meta property=\"og:type\" content=\"article\" \/>\n<meta property=\"og:title\" content=\"Compre Lemon Haze CO2 vape Cartridge - Best Global Meds\" \/>\n<meta property=\"og:description\" content=\"Compre Super Lemon Haze Cannabis Oil Vape Cartridge Strain para venda Reino Unido, Europa. M\u00e9todo de extra\u00e7\u00e3o do SativaOil: CO2 subcr\u00edtico. Cartucho Vape de \u00d3leo de Cannabis Super Lemon Haze.\" \/>\n<meta property=\"og:url\" content=\"https:\/\/medicinasinc.com\/pt\/product\/comprar-lemon-haze-co2-1g-vape-cartucho\/\" \/>\n<meta property=\"og:site_name\" content=\"Medicinas Inc\" \/>\n<meta property=\"article:modified_time\" content=\"2022-07-06T00:04:48+00:00\" \/>\n<meta property=\"og:image\" content=\"https:\/\/medicinasinc.com\/pt\/wp-content\/uploads\/sites\/20\/2022\/02\/Buy-High-THC-Cannabis-Oil-1g-cartridge-online.jpg\" \/>\n\t<meta property=\"og:image:width\" content=\"600\" \/>\n\t<meta property=\"og:image:height\" content=\"600\" \/>\n\t<meta property=\"og:image:type\" content=\"image\/jpeg\" \/>\n<meta name=\"twitter:card\" content=\"summary_large_image\" \/>\n<meta name=\"twitter:label1\" content=\"Tempo estimado de leitura\" \/>\n\t<meta name=\"twitter:data1\" content=\"1 minuto\" \/>\n<script type=\"application\/ld+json\" class=\"yoast-schema-graph\">{\"@context\":\"https:\\\/\\\/schema.org\",\"@graph\":[{\"@type\":\"WebPage\",\"@id\":\"https:\\\/\\\/medicinasinc.com\\\/pt\\\/product\\\/comprar-lemon-haze-co2-1g-vape-cartucho\\\/\",\"url\":\"https:\\\/\\\/medicinasinc.com\\\/pt\\\/product\\\/comprar-lemon-haze-co2-1g-vape-cartucho\\\/\",\"name\":\"Compre Lemon Haze CO2 vape Cartridge - Best Global Meds\",\"isPartOf\":{\"@id\":\"https:\\\/\\\/medicinasinc.com\\\/pt\\\/#website\"},\"primaryImageOfPage\":{\"@id\":\"https:\\\/\\\/medicinasinc.com\\\/pt\\\/product\\\/comprar-lemon-haze-co2-1g-vape-cartucho\\\/#primaryimage\"},\"image\":{\"@id\":\"https:\\\/\\\/medicinasinc.com\\\/pt\\\/product\\\/comprar-lemon-haze-co2-1g-vape-cartucho\\\/#primaryimage\"},\"thumbnailUrl\":\"https:\\\/\\\/medicinasinc.com\\\/pt\\\/wp-content\\\/uploads\\\/sites\\\/20\\\/2022\\\/02\\\/Buy-High-THC-Cannabis-Oil-1g-cartridge-online.jpg\",\"datePublished\":\"2022-02-20T08:47:42+00:00\",\"dateModified\":\"2022-07-06T00:04:48+00:00\",\"description\":\"Compre Super Lemon Haze Cannabis Oil Vape Cartridge Strain para venda Reino Unido, Europa. M\u00e9todo de extra\u00e7\u00e3o do SativaOil: CO2 subcr\u00edtico. Cartucho Vape de \u00d3leo de Cannabis Super Lemon Haze.\",\"breadcrumb\":{\"@id\":\"https:\\\/\\\/medicinasinc.com\\\/pt\\\/product\\\/comprar-lemon-haze-co2-1g-vape-cartucho\\\/#breadcrumb\"},\"inLanguage\":\"pt-PT\",\"potentialAction\":[{\"@type\":\"ReadAction\",\"target\":[\"https:\\\/\\\/medicinasinc.com\\\/pt\\\/product\\\/comprar-lemon-haze-co2-1g-vape-cartucho\\\/\"]}]},{\"@type\":\"ImageObject\",\"inLanguage\":\"pt-PT\",\"@id\":\"https:\\\/\\\/medicinasinc.com\\\/pt\\\/product\\\/comprar-lemon-haze-co2-1g-vape-cartucho\\\/#primaryimage\",\"url\":\"https:\\\/\\\/medicinasinc.com\\\/pt\\\/wp-content\\\/uploads\\\/sites\\\/20\\\/2022\\\/02\\\/Buy-High-THC-Cannabis-Oil-1g-cartridge-online.jpg\",\"contentUrl\":\"https:\\\/\\\/medicinasinc.com\\\/pt\\\/wp-content\\\/uploads\\\/sites\\\/20\\\/2022\\\/02\\\/Buy-High-THC-Cannabis-Oil-1g-cartridge-online.jpg\",\"width\":600,\"height\":600},{\"@type\":\"BreadcrumbList\",\"@id\":\"https:\\\/\\\/medicinasinc.com\\\/pt\\\/product\\\/comprar-lemon-haze-co2-1g-vape-cartucho\\\/#breadcrumb\",\"itemListElement\":[{\"@type\":\"ListItem\",\"position\":1,\"name\":\"Comprar\",\"item\":\"https:\\\/\\\/medicinasinc.com\\\/pt\\\/comprar\\\/\"},{\"@type\":\"ListItem\",\"position\":2,\"name\":\"Compre o cartucho vape Lemon Haze CO2 1g\"}]},{\"@type\":\"WebSite\",\"@id\":\"https:\\\/\\\/medicinasinc.com\\\/pt\\\/#website\",\"url\":\"https:\\\/\\\/medicinasinc.com\\\/pt\\\/\",\"name\":\"Medicinas Inc\",\"description\":\"Health Medical Clinic\",\"potentialAction\":[{\"@type\":\"SearchAction\",\"target\":{\"@type\":\"EntryPoint\",\"urlTemplate\":\"https:\\\/\\\/medicinasinc.com\\\/pt\\\/?s={search_term_string}\"},\"query-input\":{\"@type\":\"PropertyValueSpecification\",\"valueRequired\":true,\"valueName\":\"search_term_string\"}}],\"inLanguage\":\"pt-PT\"}]}<\/script>\n<!-- \/ Yoast SEO plugin. -->","yoast_head_json":{"title":"Compre Lemon Haze CO2 vape Cartridge - Best Global Meds","description":"Compre Super Lemon Haze Cannabis Oil Vape Cartridge Strain para venda Reino Unido, Europa. M\u00e9todo de extra\u00e7\u00e3o do SativaOil: CO2 subcr\u00edtico. Cartucho Vape de \u00d3leo de Cannabis Super Lemon Haze.","robots":{"index":"index","follow":"follow","max-snippet":"max-snippet:-1","max-image-preview":"max-image-preview:large","max-video-preview":"max-video-preview:-1"},"canonical":"https:\/\/medicinasinc.com\/pt\/product\/comprar-lemon-haze-co2-1g-vape-cartucho\/","og_locale":"pt_PT","og_type":"article","og_title":"Compre Lemon Haze CO2 vape Cartridge - Best Global Meds","og_description":"Compre Super Lemon Haze Cannabis Oil Vape Cartridge Strain para venda Reino Unido, Europa. M\u00e9todo de extra\u00e7\u00e3o do SativaOil: CO2 subcr\u00edtico. Cartucho Vape de \u00d3leo de Cannabis Super Lemon Haze.","og_url":"https:\/\/medicinasinc.com\/pt\/product\/comprar-lemon-haze-co2-1g-vape-cartucho\/","og_site_name":"Medicinas Inc","article_modified_time":"2022-07-06T00:04:48+00:00","og_image":[{"width":600,"height":600,"url":"https:\/\/medicinasinc.com\/pt\/wp-content\/uploads\/sites\/20\/2022\/02\/Buy-High-THC-Cannabis-Oil-1g-cartridge-online.jpg","type":"image\/jpeg"}],"twitter_card":"summary_large_image","twitter_misc":{"Tempo estimado de leitura":"1 minuto"},"schema":{"@context":"https:\/\/schema.org","@graph":[{"@type":"WebPage","@id":"https:\/\/medicinasinc.com\/pt\/product\/comprar-lemon-haze-co2-1g-vape-cartucho\/","url":"https:\/\/medicinasinc.com\/pt\/product\/comprar-lemon-haze-co2-1g-vape-cartucho\/","name":"Compre Lemon Haze CO2 vape Cartridge - Best Global Meds","isPartOf":{"@id":"https:\/\/medicinasinc.com\/pt\/#website"},"primaryImageOfPage":{"@id":"https:\/\/medicinasinc.com\/pt\/product\/comprar-lemon-haze-co2-1g-vape-cartucho\/#primaryimage"},"image":{"@id":"https:\/\/medicinasinc.com\/pt\/product\/comprar-lemon-haze-co2-1g-vape-cartucho\/#primaryimage"},"thumbnailUrl":"https:\/\/medicinasinc.com\/pt\/wp-content\/uploads\/sites\/20\/2022\/02\/Buy-High-THC-Cannabis-Oil-1g-cartridge-online.jpg","datePublished":"2022-02-20T08:47:42+00:00","dateModified":"2022-07-06T00:04:48+00:00","description":"Compre Super Lemon Haze Cannabis Oil Vape Cartridge Strain para venda Reino Unido, Europa. M\u00e9todo de extra\u00e7\u00e3o do SativaOil: CO2 subcr\u00edtico. Cartucho Vape de \u00d3leo de Cannabis Super Lemon Haze.","breadcrumb":{"@id":"https:\/\/medicinasinc.com\/pt\/product\/comprar-lemon-haze-co2-1g-vape-cartucho\/#breadcrumb"},"inLanguage":"pt-PT","potentialAction":[{"@type":"ReadAction","target":["https:\/\/medicinasinc.com\/pt\/product\/comprar-lemon-haze-co2-1g-vape-cartucho\/"]}]},{"@type":"ImageObject","inLanguage":"pt-PT","@id":"https:\/\/medicinasinc.com\/pt\/product\/comprar-lemon-haze-co2-1g-vape-cartucho\/#primaryimage","url":"https:\/\/medicinasinc.com\/pt\/wp-content\/uploads\/sites\/20\/2022\/02\/Buy-High-THC-Cannabis-Oil-1g-cartridge-online.jpg","contentUrl":"https:\/\/medicinasinc.com\/pt\/wp-content\/uploads\/sites\/20\/2022\/02\/Buy-High-THC-Cannabis-Oil-1g-cartridge-online.jpg","width":600,"height":600},{"@type":"BreadcrumbList","@id":"https:\/\/medicinasinc.com\/pt\/product\/comprar-lemon-haze-co2-1g-vape-cartucho\/#breadcrumb","itemListElement":[{"@type":"ListItem","position":1,"name":"Comprar","item":"https:\/\/medicinasinc.com\/pt\/comprar\/"},{"@type":"ListItem","position":2,"name":"Compre o cartucho vape Lemon Haze CO2 1g"}]},{"@type":"WebSite","@id":"https:\/\/medicinasinc.com\/pt\/#website","url":"https:\/\/medicinasinc.com\/pt\/","name":"Medicinas Inc","description":"Health Medical Clinic","potentialAction":[{"@type":"SearchAction","target":{"@type":"EntryPoint","urlTemplate":"https:\/\/medicinasinc.com\/pt\/?s={search_term_string}"},"query-input":{"@type":"PropertyValueSpecification","valueRequired":true,"valueName":"search_term_string"}}],"inLanguage":"pt-PT"}]}},"_links":{"self":[{"href":"https:\/\/medicinasinc.com\/pt\/wp-json\/wp\/v2\/product\/4390","targetHints":{"allow":["GET"]}}],"collection":[{"href":"https:\/\/medicinasinc.com\/pt\/wp-json\/wp\/v2\/product"}],"about":[{"href":"https:\/\/medicinasinc.com\/pt\/wp-json\/wp\/v2\/types\/product"}],"replies":[{"embeddable":true,"href":"https:\/\/medicinasinc.com\/pt\/wp-json\/wp\/v2\/comments?post=4390"}],"wp:featuredmedia":[{"embeddable":true,"href":"https:\/\/medicinasinc.com\/pt\/wp-json\/wp\/v2\/media\/4423"}],"wp:attachment":[{"href":"https:\/\/medicinasinc.com\/pt\/wp-json\/wp\/v2\/media?parent=4390"}],"wp:term":[{"taxonomy":"product_brand","embeddable":true,"href":"https:\/\/medicinasinc.com\/pt\/wp-json\/wp\/v2\/product_brand?post=4390"},{"taxonomy":"product_cat","embeddable":true,"href":"https:\/\/medicinasinc.com\/pt\/wp-json\/wp\/v2\/product_cat?post=4390"},{"taxonomy":"product_tag","embeddable":true,"href":"https:\/\/medicinasinc.com\/pt\/wp-json\/wp\/v2\/product_tag?post=4390"}],"curies":[{"name":"wp","href":"https:\/\/api.w.org\/{rel}","templated":true}]}}