{"id":4388,"date":"2022-02-20T08:46:53","date_gmt":"2022-02-20T08:46:53","guid":{"rendered":"https:\/\/medicinasinc.com\/pt\/?post_type=product&#038;p=4388"},"modified":"2022-07-06T00:05:09","modified_gmt":"2022-07-06T00:05:09","slug":"compre-alto-thc-cannabis-oil-1g-cartridge-online","status":"publish","type":"product","link":"https:\/\/medicinasinc.com\/pt\/product\/compre-alto-thc-cannabis-oil-1g-cartridge-online\/","title":{"rendered":"Compre cartucho de \u00f3leo de cannabis 1g com alto teor de THC on-line"},"content":{"rendered":"<p>Compre um cartucho de 1g de \u00f3leo de cannabis com alto teor de THC online.<\/p>\n<p>Em vez de misturar nossa cannabis, oferecemos cartuchos em 18 variedades distintas. N\u00e3o usamos nenhum aditivo. Nossa cannabis \u00e9 cultivada naturalmente na regi\u00e3o de cannabis premium do norte da Calif\u00f3rnia e depois extra\u00edda de forma limpa usando um m\u00e9todo patenteado de CO2 supercr\u00edtico.<\/p>\n<p>\u00d3leo de cannabis para uso m\u00e9dico. H\u00edbrido, Sativa e Indica<\/p>\n<p>Os Benef\u00edcios M\u00e9dicos do \u00d3leo de Cannabis<br \/> Prote\u00e7\u00e3o do sistema imunol\u00f3gico Aumenta significativamente suas chances de remiss\u00e3o<br \/> Auxilia na estabiliza\u00e7\u00e3o e erradica\u00e7\u00e3o da dor aguda ou cr\u00f4nica<br \/> Elimina protocolos farmac\u00eauticos potencialmente prejudiciais<br \/> Reduz ou elimina o crescimento de c\u00e9lulas malignas. Reduz ou elimina a n\u00e1usea.<\/p>\n<p>A cannabis cont\u00e9m historicamente concentra\u00e7\u00f5es de THC entre 12 e 21%.<\/p>\n<p>As concentra\u00e7\u00f5es de CBD na maioria das plantas de cannabis variam entre 0,1 e 0,3 por cento. No entanto, cepas de cannabis contendo CBD mais altas est\u00e3o agora dispon\u00edveis, tornando os \u00f3leos de cannabis ricos em CBD mais acess\u00edveis. Esses \u00f3leos de Cannabis est\u00e3o dispon\u00edveis para compra e podem ser encomendados on-line com seguran\u00e7a. \u00f3leo de hash para venda online, como comprar \u00f3leo de hash online, \u00f3leo de alto thc para venda, encomendar \u00f3leo de hash online, comprar \u00f3leo de hash online, cartucho de \u00f3leo de hash para venda, onde posso comprar \u00f3leo de hash online, \u00f3leo de hash para venda, hash cartuchos de \u00f3leo \u00e0 venda online, onde comprar \u00f3leo de thc online, comprar cartuchos de \u00f3leo de haxixe online<\/p>\n<p>Al\u00e9m disso, os \u00f3leos ricos em CBD s\u00e3o preferidos para condi\u00e7\u00f5es como epilepsia, ansiedade, estresse e n\u00e1usea. Os \u00f3leos de CBD tamb\u00e9m o ajudar\u00e3o a relaxar e ajudar\u00e3o no tratamento de ins\u00f4nia, dores de cabe\u00e7a tensionais, transtornos de humor e transtorno de d\u00e9ficit de aten\u00e7\u00e3o.<\/p>\n<p>Antes de comprar haxixe online, \u00e9 fundamental entender o efeito, como ele se relaciona \u00e0 cannabis e o que a diferencia de outros produtos de maconha. Hash, outro termo para &#8220;haxixe&#8221; no estado, \u00e9 um concentrado de cannabis transmitido atrav\u00e9s do tom de uma planta de maconha. Isso \u00e9 feito separando os \u00f3rg\u00e3os de seiva de uma planta de cannabis, que s\u00e3o coletivamente chamados de tricomas, de suas flores. Esses tricomas s\u00e3o conhecidos por conter as maiores concentra\u00e7\u00f5es de canabin\u00f3ides e terpenos, que s\u00e3o os compostos qu\u00edmicos respons\u00e1veis \u200b\u200bpelas propriedades e caracter\u00edsticas \u00fanicas de Maryjane. Devido \u00e0 alta concentra\u00e7\u00e3o de canabin\u00f3ides e terpenos no haxixe, possui uma capacidade extraordin\u00e1ria de criar encontros psicoativos e medicinais alucinantes para clientes de cannabis. O \u00f3leo de haxixe \u00e9 uma forma altamente concentrada de cannabis que pode ser fumada, vaporizada, consumida ou esfregada na pele. Ocasionalmente, o uso de \u00f3leo de haxixe \u00e9 referido como &#8220;alcan\u00e7ar&#8221; ou &#8220;consumir&#8221;. O \u00f3leo de haxixe \u00e9 derivado de plantas de cannabis e cont\u00e9m THC (delta-9-tetrahidrocanabinol), o mesmo composto revolucion\u00e1rio encontrado em outros produtos Maryjane. No entanto, o \u00f3leo de haxixe \u00e9 mais potente, contendo at\u00e9 90% de THC puro. Naturalmente, em outras partes da planta de cannabis, o teor de THC \u00e9 tipicamente em torno de 12%. A extra\u00e7\u00e3o confi\u00e1vel de CO2 \u00e9 atualmente o m\u00e9todo mais eficaz de extra\u00e7\u00e3o de \u00f3leo de THC. Al\u00e9m disso, \u00e9 o m\u00e9todo mais comum e seguro para produzir caminh\u00f5es de \u00f3leo de cannabis, destilado e goma viva. A raz\u00e3o pela qual \u00e9 t\u00e3o prevalente nos dias de hoje \u00e9 que este \u00f3leo THC \u00e9 livre de solventes adicionais, como licor ou butano. A maioria dos \u00f3leos de THC cont\u00e9m um tipo de prepara\u00e7\u00e3o decrescente. Isso \u00e9 necess\u00e1rio para garantir que o \u00f3leo mantenha uma consist\u00eancia ideal para vaping. Os especialistas em diminui\u00e7\u00e3o mais not\u00e1veis \u200b\u200bs\u00e3o a glicerina vegetal e o propilenoglicol (VG e PG), que s\u00e3o comumente encontrados no e-l\u00edquido padr\u00e3o. Alguns cont\u00eam v\u00e1rios enchimentos, como PEG e, mais recentemente, TEC Temper, que \u00e9 outra condi\u00e7\u00e3o derivada de terpenos naturais. O \u00f3leo de haxixe est\u00e1 dispon\u00edvel para compra.<\/p>\n","protected":false},"excerpt":{"rendered":"<p>Compre \u00f3leo de maconha com alto teor de THC para venda no Reino Unido, Europa Online. Compre \u00f3leo de cannabis thc 100% puro para venda nos EUA. \u00d3leo de cannabis de espectro completo. C\u00e2ncer de \u00f3leo THC para venda.Pot\u00eancia: 85% THC &amp; 15% CBD<\/p>\n<p>o pre\u00e7o do produto \u00e9: por 5 cartuchos<\/p>\n<p>A quantidade m\u00ednima do pedido \u00e9: 5 cartuchos<\/p>\n","protected":false},"featured_media":4423,"comment_status":"open","ping_status":"closed","template":"","meta":[],"product_brand":[],"product_cat":[440],"product_tag":[],"class_list":{"0":"post-4388","1":"product","2":"type-product","3":"status-publish","4":"has-post-thumbnail","6":"product_cat-compre-oleo-cbd-de-cannabis","8":"first","9":"instock","10":"shipping-taxable","11":"purchasable","12":"product-type-variable","13":"has-default-attributes"},"yoast_head":"<!-- This site is optimized with the Yoast SEO plugin v27.3 - https:\/\/yoast.com\/product\/yoast-seo-wordpress\/ -->\n<title>Compre cartucho de \u00f3leo de cannabis 1g com alto teor de THC on-line - Melhores medicamentos globais<\/title>\n<meta name=\"description\" content=\"Compre \u00f3leo de maconha com alto teor de THC para venda no Reino Unido, Europa Online. Compre \u00f3leo de cannabis thc 100% puro para venda nos EUA. \u00d3leo de cannabis de espectro completo. C\u00e2ncer de \u00f3leo THC para venda.Pot\u00eancia: 85% THC &amp; 15% CDB\" \/>\n<meta name=\"robots\" content=\"index, follow, max-snippet:-1, max-image-preview:large, max-video-preview:-1\" \/>\n<link rel=\"canonical\" href=\"https:\/\/medicinasinc.com\/pt\/product\/compre-alto-thc-cannabis-oil-1g-cartridge-online\/\" \/>\n<meta property=\"og:locale\" content=\"pt_PT\" \/>\n<meta property=\"og:type\" content=\"article\" \/>\n<meta property=\"og:title\" content=\"Compre cartucho de \u00f3leo de cannabis 1g com alto teor de THC on-line - Melhores medicamentos globais\" \/>\n<meta property=\"og:description\" content=\"Compre \u00f3leo de maconha com alto teor de THC para venda no Reino Unido, Europa Online. Compre \u00f3leo de cannabis thc 100% puro para venda nos EUA. \u00d3leo de cannabis de espectro completo. C\u00e2ncer de \u00f3leo THC para venda.Pot\u00eancia: 85% THC &amp; 15% CDB\" \/>\n<meta property=\"og:url\" content=\"https:\/\/medicinasinc.com\/pt\/product\/compre-alto-thc-cannabis-oil-1g-cartridge-online\/\" \/>\n<meta property=\"og:site_name\" content=\"Medicinas Inc\" \/>\n<meta property=\"article:modified_time\" content=\"2022-07-06T00:05:09+00:00\" \/>\n<meta property=\"og:image\" content=\"https:\/\/medicinasinc.com\/pt\/wp-content\/uploads\/sites\/20\/2022\/02\/Buy-High-THC-Cannabis-Oil-1g-cartridge-online.jpg\" \/>\n\t<meta property=\"og:image:width\" content=\"600\" \/>\n\t<meta property=\"og:image:height\" content=\"600\" \/>\n\t<meta property=\"og:image:type\" content=\"image\/jpeg\" \/>\n<meta name=\"twitter:card\" content=\"summary_large_image\" \/>\n<meta name=\"twitter:label1\" content=\"Tempo estimado de leitura\" \/>\n\t<meta name=\"twitter:data1\" content=\"3 minutos\" \/>\n<script type=\"application\/ld+json\" class=\"yoast-schema-graph\">{\"@context\":\"https:\\\/\\\/schema.org\",\"@graph\":[{\"@type\":\"WebPage\",\"@id\":\"https:\\\/\\\/medicinasinc.com\\\/pt\\\/product\\\/compre-alto-thc-cannabis-oil-1g-cartridge-online\\\/\",\"url\":\"https:\\\/\\\/medicinasinc.com\\\/pt\\\/product\\\/compre-alto-thc-cannabis-oil-1g-cartridge-online\\\/\",\"name\":\"Compre cartucho de \u00f3leo de cannabis 1g com alto teor de THC on-line - Melhores medicamentos globais\",\"isPartOf\":{\"@id\":\"https:\\\/\\\/medicinasinc.com\\\/pt\\\/#website\"},\"primaryImageOfPage\":{\"@id\":\"https:\\\/\\\/medicinasinc.com\\\/pt\\\/product\\\/compre-alto-thc-cannabis-oil-1g-cartridge-online\\\/#primaryimage\"},\"image\":{\"@id\":\"https:\\\/\\\/medicinasinc.com\\\/pt\\\/product\\\/compre-alto-thc-cannabis-oil-1g-cartridge-online\\\/#primaryimage\"},\"thumbnailUrl\":\"https:\\\/\\\/medicinasinc.com\\\/pt\\\/wp-content\\\/uploads\\\/sites\\\/20\\\/2022\\\/02\\\/Buy-High-THC-Cannabis-Oil-1g-cartridge-online.jpg\",\"datePublished\":\"2022-02-20T08:46:53+00:00\",\"dateModified\":\"2022-07-06T00:05:09+00:00\",\"description\":\"Compre \u00f3leo de maconha com alto teor de THC para venda no Reino Unido, Europa Online. Compre \u00f3leo de cannabis thc 100% puro para venda nos EUA. \u00d3leo de cannabis de espectro completo. C\u00e2ncer de \u00f3leo THC para venda.Pot\u00eancia: 85% THC &amp; 15% CDB\",\"breadcrumb\":{\"@id\":\"https:\\\/\\\/medicinasinc.com\\\/pt\\\/product\\\/compre-alto-thc-cannabis-oil-1g-cartridge-online\\\/#breadcrumb\"},\"inLanguage\":\"pt-PT\",\"potentialAction\":[{\"@type\":\"ReadAction\",\"target\":[\"https:\\\/\\\/medicinasinc.com\\\/pt\\\/product\\\/compre-alto-thc-cannabis-oil-1g-cartridge-online\\\/\"]}]},{\"@type\":\"ImageObject\",\"inLanguage\":\"pt-PT\",\"@id\":\"https:\\\/\\\/medicinasinc.com\\\/pt\\\/product\\\/compre-alto-thc-cannabis-oil-1g-cartridge-online\\\/#primaryimage\",\"url\":\"https:\\\/\\\/medicinasinc.com\\\/pt\\\/wp-content\\\/uploads\\\/sites\\\/20\\\/2022\\\/02\\\/Buy-High-THC-Cannabis-Oil-1g-cartridge-online.jpg\",\"contentUrl\":\"https:\\\/\\\/medicinasinc.com\\\/pt\\\/wp-content\\\/uploads\\\/sites\\\/20\\\/2022\\\/02\\\/Buy-High-THC-Cannabis-Oil-1g-cartridge-online.jpg\",\"width\":600,\"height\":600},{\"@type\":\"BreadcrumbList\",\"@id\":\"https:\\\/\\\/medicinasinc.com\\\/pt\\\/product\\\/compre-alto-thc-cannabis-oil-1g-cartridge-online\\\/#breadcrumb\",\"itemListElement\":[{\"@type\":\"ListItem\",\"position\":1,\"name\":\"Comprar\",\"item\":\"https:\\\/\\\/medicinasinc.com\\\/pt\\\/comprar\\\/\"},{\"@type\":\"ListItem\",\"position\":2,\"name\":\"Compre cartucho de \u00f3leo de cannabis 1g com alto teor de THC on-line\"}]},{\"@type\":\"WebSite\",\"@id\":\"https:\\\/\\\/medicinasinc.com\\\/pt\\\/#website\",\"url\":\"https:\\\/\\\/medicinasinc.com\\\/pt\\\/\",\"name\":\"Medicinas Inc\",\"description\":\"Health Medical Clinic\",\"potentialAction\":[{\"@type\":\"SearchAction\",\"target\":{\"@type\":\"EntryPoint\",\"urlTemplate\":\"https:\\\/\\\/medicinasinc.com\\\/pt\\\/?s={search_term_string}\"},\"query-input\":{\"@type\":\"PropertyValueSpecification\",\"valueRequired\":true,\"valueName\":\"search_term_string\"}}],\"inLanguage\":\"pt-PT\"}]}<\/script>\n<!-- \/ Yoast SEO plugin. -->","yoast_head_json":{"title":"Compre cartucho de \u00f3leo de cannabis 1g com alto teor de THC on-line - Melhores medicamentos globais","description":"Compre \u00f3leo de maconha com alto teor de THC para venda no Reino Unido, Europa Online. Compre \u00f3leo de cannabis thc 100% puro para venda nos EUA. \u00d3leo de cannabis de espectro completo. C\u00e2ncer de \u00f3leo THC para venda.Pot\u00eancia: 85% THC &amp; 15% CDB","robots":{"index":"index","follow":"follow","max-snippet":"max-snippet:-1","max-image-preview":"max-image-preview:large","max-video-preview":"max-video-preview:-1"},"canonical":"https:\/\/medicinasinc.com\/pt\/product\/compre-alto-thc-cannabis-oil-1g-cartridge-online\/","og_locale":"pt_PT","og_type":"article","og_title":"Compre cartucho de \u00f3leo de cannabis 1g com alto teor de THC on-line - Melhores medicamentos globais","og_description":"Compre \u00f3leo de maconha com alto teor de THC para venda no Reino Unido, Europa Online. Compre \u00f3leo de cannabis thc 100% puro para venda nos EUA. \u00d3leo de cannabis de espectro completo. C\u00e2ncer de \u00f3leo THC para venda.Pot\u00eancia: 85% THC &amp; 15% CDB","og_url":"https:\/\/medicinasinc.com\/pt\/product\/compre-alto-thc-cannabis-oil-1g-cartridge-online\/","og_site_name":"Medicinas Inc","article_modified_time":"2022-07-06T00:05:09+00:00","og_image":[{"width":600,"height":600,"url":"https:\/\/medicinasinc.com\/pt\/wp-content\/uploads\/sites\/20\/2022\/02\/Buy-High-THC-Cannabis-Oil-1g-cartridge-online.jpg","type":"image\/jpeg"}],"twitter_card":"summary_large_image","twitter_misc":{"Tempo estimado de leitura":"3 minutos"},"schema":{"@context":"https:\/\/schema.org","@graph":[{"@type":"WebPage","@id":"https:\/\/medicinasinc.com\/pt\/product\/compre-alto-thc-cannabis-oil-1g-cartridge-online\/","url":"https:\/\/medicinasinc.com\/pt\/product\/compre-alto-thc-cannabis-oil-1g-cartridge-online\/","name":"Compre cartucho de \u00f3leo de cannabis 1g com alto teor de THC on-line - Melhores medicamentos globais","isPartOf":{"@id":"https:\/\/medicinasinc.com\/pt\/#website"},"primaryImageOfPage":{"@id":"https:\/\/medicinasinc.com\/pt\/product\/compre-alto-thc-cannabis-oil-1g-cartridge-online\/#primaryimage"},"image":{"@id":"https:\/\/medicinasinc.com\/pt\/product\/compre-alto-thc-cannabis-oil-1g-cartridge-online\/#primaryimage"},"thumbnailUrl":"https:\/\/medicinasinc.com\/pt\/wp-content\/uploads\/sites\/20\/2022\/02\/Buy-High-THC-Cannabis-Oil-1g-cartridge-online.jpg","datePublished":"2022-02-20T08:46:53+00:00","dateModified":"2022-07-06T00:05:09+00:00","description":"Compre \u00f3leo de maconha com alto teor de THC para venda no Reino Unido, Europa Online. Compre \u00f3leo de cannabis thc 100% puro para venda nos EUA. \u00d3leo de cannabis de espectro completo. C\u00e2ncer de \u00f3leo THC para venda.Pot\u00eancia: 85% THC &amp; 15% CDB","breadcrumb":{"@id":"https:\/\/medicinasinc.com\/pt\/product\/compre-alto-thc-cannabis-oil-1g-cartridge-online\/#breadcrumb"},"inLanguage":"pt-PT","potentialAction":[{"@type":"ReadAction","target":["https:\/\/medicinasinc.com\/pt\/product\/compre-alto-thc-cannabis-oil-1g-cartridge-online\/"]}]},{"@type":"ImageObject","inLanguage":"pt-PT","@id":"https:\/\/medicinasinc.com\/pt\/product\/compre-alto-thc-cannabis-oil-1g-cartridge-online\/#primaryimage","url":"https:\/\/medicinasinc.com\/pt\/wp-content\/uploads\/sites\/20\/2022\/02\/Buy-High-THC-Cannabis-Oil-1g-cartridge-online.jpg","contentUrl":"https:\/\/medicinasinc.com\/pt\/wp-content\/uploads\/sites\/20\/2022\/02\/Buy-High-THC-Cannabis-Oil-1g-cartridge-online.jpg","width":600,"height":600},{"@type":"BreadcrumbList","@id":"https:\/\/medicinasinc.com\/pt\/product\/compre-alto-thc-cannabis-oil-1g-cartridge-online\/#breadcrumb","itemListElement":[{"@type":"ListItem","position":1,"name":"Comprar","item":"https:\/\/medicinasinc.com\/pt\/comprar\/"},{"@type":"ListItem","position":2,"name":"Compre cartucho de \u00f3leo de cannabis 1g com alto teor de THC on-line"}]},{"@type":"WebSite","@id":"https:\/\/medicinasinc.com\/pt\/#website","url":"https:\/\/medicinasinc.com\/pt\/","name":"Medicinas Inc","description":"Health Medical Clinic","potentialAction":[{"@type":"SearchAction","target":{"@type":"EntryPoint","urlTemplate":"https:\/\/medicinasinc.com\/pt\/?s={search_term_string}"},"query-input":{"@type":"PropertyValueSpecification","valueRequired":true,"valueName":"search_term_string"}}],"inLanguage":"pt-PT"}]}},"_links":{"self":[{"href":"https:\/\/medicinasinc.com\/pt\/wp-json\/wp\/v2\/product\/4388","targetHints":{"allow":["GET"]}}],"collection":[{"href":"https:\/\/medicinasinc.com\/pt\/wp-json\/wp\/v2\/product"}],"about":[{"href":"https:\/\/medicinasinc.com\/pt\/wp-json\/wp\/v2\/types\/product"}],"replies":[{"embeddable":true,"href":"https:\/\/medicinasinc.com\/pt\/wp-json\/wp\/v2\/comments?post=4388"}],"wp:featuredmedia":[{"embeddable":true,"href":"https:\/\/medicinasinc.com\/pt\/wp-json\/wp\/v2\/media\/4423"}],"wp:attachment":[{"href":"https:\/\/medicinasinc.com\/pt\/wp-json\/wp\/v2\/media?parent=4388"}],"wp:term":[{"taxonomy":"product_brand","embeddable":true,"href":"https:\/\/medicinasinc.com\/pt\/wp-json\/wp\/v2\/product_brand?post=4388"},{"taxonomy":"product_cat","embeddable":true,"href":"https:\/\/medicinasinc.com\/pt\/wp-json\/wp\/v2\/product_cat?post=4388"},{"taxonomy":"product_tag","embeddable":true,"href":"https:\/\/medicinasinc.com\/pt\/wp-json\/wp\/v2\/product_tag?post=4388"}],"curies":[{"name":"wp","href":"https:\/\/api.w.org\/{rel}","templated":true}]}}