{"id":4374,"date":"2022-02-20T08:40:15","date_gmt":"2022-02-20T08:40:15","guid":{"rendered":"https:\/\/medicinasinc.com\/pt\/?post_type=product&#038;p=4374"},"modified":"2022-07-06T00:05:45","modified_gmt":"2022-07-06T00:05:45","slug":"comprar-arlequim-co2-oleo-1g-cartucho","status":"publish","type":"product","link":"https:\/\/medicinasinc.com\/pt\/product\/comprar-arlequim-co2-oleo-1g-cartucho\/","title":{"rendered":"Compre o cartucho Harlequin CO2 Oil 1g"},"content":{"rendered":"<p>Compra online de cartucho Harlequin CO2 Oil 1g.<\/p>\n<p>Compra online de Harlequin CO2 Oil 1g Cartridge.<\/p>\n<p>Compra online de cartuchos de \u00f3leo Harlequin CO2. 13,02 por cento THCA | 6,54 por cento de THC | 49,10% CBDA | 5,35 por cento CBD<\/p>\n<p>A Harlequin \u00e9 uma cepa levemente psicoativa com domin\u00e2ncia sativa com nozes torradas, chocolate e, mais notavelmente, flores com aroma de cereja. Harlequin \u00e9 uma cepa de alto CBD com psicoatividade e propriedades analg\u00e9sicas insignificantes. Harlequin \u00e9 frequentemente usado para tratar a dor e \u00e9 adequado para uso diurno devido ao seu alto teor de CBD e efeitos claros.<\/p>\n<p>OURO COLOMBIANO + NEPALI + THAI + SWISS LANDRACE LINEAGE<\/p>\n<p>EARTH \u2013 PICANTE \u2013 MADEIRA \u2013 SABORES DE MANGA<\/p>\n<p>DOR \u2013 STRESS \u2013 INFLAMA\u00c7\u00c3O \u2013 DEPRESS\u00c3O \u2013 N\u00c1USEA \u2013 M\u00c9DICO<\/p>\n<p>ELEVADO \u2013 RELAXADO \u2013 SUAVE \u2013 FOCO \u2013 FELIZ EM GERAL\/p<\/p>\n","protected":false},"excerpt":{"rendered":"<p>Compre Harlequin Co2 Cartridges para venda, cartucho harlequin vape, cartucho harlequin cbd vape, &#8230; Compre cartuchos de \u00f3leo THC Vape Pen, cartuchos de THC para venda on-line. Compre o cartucho de \u00f3leo 1g Harlequin CO2 on-line. Cartuchos de THC do Reino Unido para venda. Compre cartuchos de \u00f3leo co2 Vape.<\/p>\n<h2>Compre cartuchos de \u00f3leo de cannabis THC<\/h2>\n<p>o pre\u00e7o do produto \u00e9: por cartucho de 1g<br \/> <strong>A quantidade m\u00ednima do pedido \u00e9: 5 cartuchos<\/h2>\n<p> forte&gt;<\/p>\n","protected":false},"featured_media":4409,"comment_status":"open","ping_status":"closed","template":"","meta":[],"product_brand":[],"product_cat":[440],"product_tag":[],"class_list":{"0":"post-4374","1":"product","2":"type-product","3":"status-publish","4":"has-post-thumbnail","6":"product_cat-compre-oleo-cbd-de-cannabis","8":"first","9":"instock","10":"shipping-taxable","11":"purchasable","12":"product-type-variable","13":"has-default-attributes"},"yoast_head":"<!-- This site is optimized with the Yoast SEO plugin v27.2 - https:\/\/yoast.com\/product\/yoast-seo-wordpress\/ -->\n<title>Compre cartucho de \u00f3leo 1g Harlequin CO2 on-line - Best Global Meds<\/title>\n<meta name=\"description\" content=\"Compre cartuchos Harlequin Co2 para venda, cartucho vape harlequin, cartucho vape harlequin cbd, ... Compre cartuchos de \u00f3leo THC Vape Pen, cartuchos THC para venda on-line. Compre o cartucho de \u00f3leo 1g Harlequin CO2 on-line. Cartuchos de THC do Reino Unido para venda. Compre cartuchos de \u00f3leo co2 Vape.\" \/>\n<meta name=\"robots\" content=\"index, follow, max-snippet:-1, max-image-preview:large, max-video-preview:-1\" \/>\n<link rel=\"canonical\" href=\"https:\/\/medicinasinc.com\/pt\/product\/comprar-arlequim-co2-oleo-1g-cartucho\/\" \/>\n<meta property=\"og:locale\" content=\"pt_PT\" \/>\n<meta property=\"og:type\" content=\"article\" \/>\n<meta property=\"og:title\" content=\"Compre cartucho de \u00f3leo 1g Harlequin CO2 on-line - Best Global Meds\" \/>\n<meta property=\"og:description\" content=\"Compre cartuchos Harlequin Co2 para venda, cartucho vape harlequin, cartucho vape harlequin cbd, ... Compre cartuchos de \u00f3leo THC Vape Pen, cartuchos THC para venda on-line. Compre o cartucho de \u00f3leo 1g Harlequin CO2 on-line. Cartuchos de THC do Reino Unido para venda. Compre cartuchos de \u00f3leo co2 Vape.\" \/>\n<meta property=\"og:url\" content=\"https:\/\/medicinasinc.com\/pt\/product\/comprar-arlequim-co2-oleo-1g-cartucho\/\" \/>\n<meta property=\"og:site_name\" content=\"Medicinas Inc\" \/>\n<meta property=\"article:modified_time\" content=\"2022-07-06T00:05:45+00:00\" \/>\n<meta property=\"og:image\" content=\"https:\/\/medicinasinc.com\/pt\/wp-content\/uploads\/sites\/20\/2022\/02\/Buy-Harlequin-CO2-Oil-1g-Cartridge-Online.jpg\" \/>\n\t<meta property=\"og:image:width\" content=\"600\" \/>\n\t<meta property=\"og:image:height\" content=\"600\" \/>\n\t<meta property=\"og:image:type\" content=\"image\/jpeg\" \/>\n<meta name=\"twitter:card\" content=\"summary_large_image\" \/>\n<meta name=\"twitter:label1\" content=\"Tempo estimado de leitura\" \/>\n\t<meta name=\"twitter:data1\" content=\"1 minuto\" \/>\n<script type=\"application\/ld+json\" class=\"yoast-schema-graph\">{\"@context\":\"https:\/\/schema.org\",\"@graph\":[{\"@type\":\"WebPage\",\"@id\":\"https:\/\/medicinasinc.com\/pt\/product\/comprar-arlequim-co2-oleo-1g-cartucho\/\",\"url\":\"https:\/\/medicinasinc.com\/pt\/product\/comprar-arlequim-co2-oleo-1g-cartucho\/\",\"name\":\"Compre cartucho de \u00f3leo 1g Harlequin CO2 on-line - Best Global Meds\",\"isPartOf\":{\"@id\":\"https:\/\/medicinasinc.com\/pt\/#website\"},\"primaryImageOfPage\":{\"@id\":\"https:\/\/medicinasinc.com\/pt\/product\/comprar-arlequim-co2-oleo-1g-cartucho\/#primaryimage\"},\"image\":{\"@id\":\"https:\/\/medicinasinc.com\/pt\/product\/comprar-arlequim-co2-oleo-1g-cartucho\/#primaryimage\"},\"thumbnailUrl\":\"https:\/\/medicinasinc.com\/pt\/wp-content\/uploads\/sites\/20\/2022\/02\/Buy-Harlequin-CO2-Oil-1g-Cartridge-Online.jpg\",\"datePublished\":\"2022-02-20T08:40:15+00:00\",\"dateModified\":\"2022-07-06T00:05:45+00:00\",\"description\":\"Compre cartuchos Harlequin Co2 para venda, cartucho vape harlequin, cartucho vape harlequin cbd, ... Compre cartuchos de \u00f3leo THC Vape Pen, cartuchos THC para venda on-line. Compre o cartucho de \u00f3leo 1g Harlequin CO2 on-line. Cartuchos de THC do Reino Unido para venda. Compre cartuchos de \u00f3leo co2 Vape.\",\"breadcrumb\":{\"@id\":\"https:\/\/medicinasinc.com\/pt\/product\/comprar-arlequim-co2-oleo-1g-cartucho\/#breadcrumb\"},\"inLanguage\":\"pt-PT\",\"potentialAction\":[{\"@type\":\"ReadAction\",\"target\":[\"https:\/\/medicinasinc.com\/pt\/product\/comprar-arlequim-co2-oleo-1g-cartucho\/\"]}]},{\"@type\":\"ImageObject\",\"inLanguage\":\"pt-PT\",\"@id\":\"https:\/\/medicinasinc.com\/pt\/product\/comprar-arlequim-co2-oleo-1g-cartucho\/#primaryimage\",\"url\":\"https:\/\/medicinasinc.com\/pt\/wp-content\/uploads\/sites\/20\/2022\/02\/Buy-Harlequin-CO2-Oil-1g-Cartridge-Online.jpg\",\"contentUrl\":\"https:\/\/medicinasinc.com\/pt\/wp-content\/uploads\/sites\/20\/2022\/02\/Buy-Harlequin-CO2-Oil-1g-Cartridge-Online.jpg\",\"width\":600,\"height\":600},{\"@type\":\"BreadcrumbList\",\"@id\":\"https:\/\/medicinasinc.com\/pt\/product\/comprar-arlequim-co2-oleo-1g-cartucho\/#breadcrumb\",\"itemListElement\":[{\"@type\":\"ListItem\",\"position\":1,\"name\":\"Comprar\",\"item\":\"https:\/\/medicinasinc.com\/pt\/comprar\/\"},{\"@type\":\"ListItem\",\"position\":2,\"name\":\"Compre o cartucho Harlequin CO2 Oil 1g\"}]},{\"@type\":\"WebSite\",\"@id\":\"https:\/\/medicinasinc.com\/pt\/#website\",\"url\":\"https:\/\/medicinasinc.com\/pt\/\",\"name\":\"Medicinas Inc\",\"description\":\"Health Medical Clinic\",\"potentialAction\":[{\"@type\":\"SearchAction\",\"target\":{\"@type\":\"EntryPoint\",\"urlTemplate\":\"https:\/\/medicinasinc.com\/pt\/?s={search_term_string}\"},\"query-input\":{\"@type\":\"PropertyValueSpecification\",\"valueRequired\":true,\"valueName\":\"search_term_string\"}}],\"inLanguage\":\"pt-PT\"}]}<\/script>\n<!-- \/ Yoast SEO plugin. -->","yoast_head_json":{"title":"Compre cartucho de \u00f3leo 1g Harlequin CO2 on-line - Best Global Meds","description":"Compre cartuchos Harlequin Co2 para venda, cartucho vape harlequin, cartucho vape harlequin cbd, ... Compre cartuchos de \u00f3leo THC Vape Pen, cartuchos THC para venda on-line. Compre o cartucho de \u00f3leo 1g Harlequin CO2 on-line. Cartuchos de THC do Reino Unido para venda. Compre cartuchos de \u00f3leo co2 Vape.","robots":{"index":"index","follow":"follow","max-snippet":"max-snippet:-1","max-image-preview":"max-image-preview:large","max-video-preview":"max-video-preview:-1"},"canonical":"https:\/\/medicinasinc.com\/pt\/product\/comprar-arlequim-co2-oleo-1g-cartucho\/","og_locale":"pt_PT","og_type":"article","og_title":"Compre cartucho de \u00f3leo 1g Harlequin CO2 on-line - Best Global Meds","og_description":"Compre cartuchos Harlequin Co2 para venda, cartucho vape harlequin, cartucho vape harlequin cbd, ... Compre cartuchos de \u00f3leo THC Vape Pen, cartuchos THC para venda on-line. Compre o cartucho de \u00f3leo 1g Harlequin CO2 on-line. Cartuchos de THC do Reino Unido para venda. Compre cartuchos de \u00f3leo co2 Vape.","og_url":"https:\/\/medicinasinc.com\/pt\/product\/comprar-arlequim-co2-oleo-1g-cartucho\/","og_site_name":"Medicinas Inc","article_modified_time":"2022-07-06T00:05:45+00:00","og_image":[{"width":600,"height":600,"url":"https:\/\/medicinasinc.com\/pt\/wp-content\/uploads\/sites\/20\/2022\/02\/Buy-Harlequin-CO2-Oil-1g-Cartridge-Online.jpg","type":"image\/jpeg"}],"twitter_card":"summary_large_image","twitter_misc":{"Tempo estimado de leitura":"1 minuto"},"schema":{"@context":"https:\/\/schema.org","@graph":[{"@type":"WebPage","@id":"https:\/\/medicinasinc.com\/pt\/product\/comprar-arlequim-co2-oleo-1g-cartucho\/","url":"https:\/\/medicinasinc.com\/pt\/product\/comprar-arlequim-co2-oleo-1g-cartucho\/","name":"Compre cartucho de \u00f3leo 1g Harlequin CO2 on-line - Best Global Meds","isPartOf":{"@id":"https:\/\/medicinasinc.com\/pt\/#website"},"primaryImageOfPage":{"@id":"https:\/\/medicinasinc.com\/pt\/product\/comprar-arlequim-co2-oleo-1g-cartucho\/#primaryimage"},"image":{"@id":"https:\/\/medicinasinc.com\/pt\/product\/comprar-arlequim-co2-oleo-1g-cartucho\/#primaryimage"},"thumbnailUrl":"https:\/\/medicinasinc.com\/pt\/wp-content\/uploads\/sites\/20\/2022\/02\/Buy-Harlequin-CO2-Oil-1g-Cartridge-Online.jpg","datePublished":"2022-02-20T08:40:15+00:00","dateModified":"2022-07-06T00:05:45+00:00","description":"Compre cartuchos Harlequin Co2 para venda, cartucho vape harlequin, cartucho vape harlequin cbd, ... Compre cartuchos de \u00f3leo THC Vape Pen, cartuchos THC para venda on-line. Compre o cartucho de \u00f3leo 1g Harlequin CO2 on-line. Cartuchos de THC do Reino Unido para venda. Compre cartuchos de \u00f3leo co2 Vape.","breadcrumb":{"@id":"https:\/\/medicinasinc.com\/pt\/product\/comprar-arlequim-co2-oleo-1g-cartucho\/#breadcrumb"},"inLanguage":"pt-PT","potentialAction":[{"@type":"ReadAction","target":["https:\/\/medicinasinc.com\/pt\/product\/comprar-arlequim-co2-oleo-1g-cartucho\/"]}]},{"@type":"ImageObject","inLanguage":"pt-PT","@id":"https:\/\/medicinasinc.com\/pt\/product\/comprar-arlequim-co2-oleo-1g-cartucho\/#primaryimage","url":"https:\/\/medicinasinc.com\/pt\/wp-content\/uploads\/sites\/20\/2022\/02\/Buy-Harlequin-CO2-Oil-1g-Cartridge-Online.jpg","contentUrl":"https:\/\/medicinasinc.com\/pt\/wp-content\/uploads\/sites\/20\/2022\/02\/Buy-Harlequin-CO2-Oil-1g-Cartridge-Online.jpg","width":600,"height":600},{"@type":"BreadcrumbList","@id":"https:\/\/medicinasinc.com\/pt\/product\/comprar-arlequim-co2-oleo-1g-cartucho\/#breadcrumb","itemListElement":[{"@type":"ListItem","position":1,"name":"Comprar","item":"https:\/\/medicinasinc.com\/pt\/comprar\/"},{"@type":"ListItem","position":2,"name":"Compre o cartucho Harlequin CO2 Oil 1g"}]},{"@type":"WebSite","@id":"https:\/\/medicinasinc.com\/pt\/#website","url":"https:\/\/medicinasinc.com\/pt\/","name":"Medicinas Inc","description":"Health Medical Clinic","potentialAction":[{"@type":"SearchAction","target":{"@type":"EntryPoint","urlTemplate":"https:\/\/medicinasinc.com\/pt\/?s={search_term_string}"},"query-input":{"@type":"PropertyValueSpecification","valueRequired":true,"valueName":"search_term_string"}}],"inLanguage":"pt-PT"}]}},"_links":{"self":[{"href":"https:\/\/medicinasinc.com\/pt\/wp-json\/wp\/v2\/product\/4374","targetHints":{"allow":["GET"]}}],"collection":[{"href":"https:\/\/medicinasinc.com\/pt\/wp-json\/wp\/v2\/product"}],"about":[{"href":"https:\/\/medicinasinc.com\/pt\/wp-json\/wp\/v2\/types\/product"}],"replies":[{"embeddable":true,"href":"https:\/\/medicinasinc.com\/pt\/wp-json\/wp\/v2\/comments?post=4374"}],"wp:featuredmedia":[{"embeddable":true,"href":"https:\/\/medicinasinc.com\/pt\/wp-json\/wp\/v2\/media\/4409"}],"wp:attachment":[{"href":"https:\/\/medicinasinc.com\/pt\/wp-json\/wp\/v2\/media?parent=4374"}],"wp:term":[{"taxonomy":"product_brand","embeddable":true,"href":"https:\/\/medicinasinc.com\/pt\/wp-json\/wp\/v2\/product_brand?post=4374"},{"taxonomy":"product_cat","embeddable":true,"href":"https:\/\/medicinasinc.com\/pt\/wp-json\/wp\/v2\/product_cat?post=4374"},{"taxonomy":"product_tag","embeddable":true,"href":"https:\/\/medicinasinc.com\/pt\/wp-json\/wp\/v2\/product_tag?post=4374"}],"curies":[{"name":"wp","href":"https:\/\/api.w.org\/{rel}","templated":true}]}}