{"id":4367,"date":"2022-02-20T08:35:49","date_gmt":"2022-02-20T08:35:49","guid":{"rendered":"https:\/\/medicinasinc.com\/pt\/?post_type=product&#038;p=4367"},"modified":"2022-07-06T00:06:03","modified_gmt":"2022-07-06T00:06:03","slug":"comprar-cannatonic-co2-cartucho-de-oleo","status":"publish","type":"product","link":"https:\/\/medicinasinc.com\/pt\/product\/comprar-cannatonic-co2-cartucho-de-oleo\/","title":{"rendered":"Comprar Cartucho de \u00d3leo de CO2 Cannat\u00f4nico"},"content":{"rendered":"<p>Compre cartuchos Rick Simpson Cannabis Oil 1g online nos Estados Unidos da Am\u00e9rica.<\/p>\n<p>Compre cartuchos Rick Simpson Cannabis Oil 1g online nos Estados Unidos da Am\u00e9rica.<\/p>\n<p>Depois de embeber o melhor cannabis em nafta pura ou \u00e1lcool isoprop\u00edlico, os compostos terap\u00eauticos s\u00e3o extra\u00eddos da planta, deixando um l\u00edquido semelhante ao alcatr\u00e3o para tr\u00e1s quando o solvente evapora completamente. Obtemos um \u00f3leo de cannabis Rick Simpson de alta qualidade. Isso pode ser tomado por via oral ou aplicado diretamente na pele.<\/p>\n<p>Washington, DC, \u00f3leo de Rick Simpson<\/p>\n<p>O \u00f3leo de Rick Simpson \u00e9 uma solu\u00e7\u00e3o vaporizada derivada da cannabis. Foi uma sa\u00edda do c\u00e2ncer para muitas pessoas. Al\u00e9m disso, o \u00f3leo \u00e9 conhecido como \u00f3leo de c\u00e2nhamo de Rick Simpson e \u00f3leo de cannabis de Rick Simpson.<\/p>\n<p>Se voc\u00ea j\u00e1 procurou maconha para fins medicinais, pode ter encontrado o \u00f3leo de Rick Simpson. RSO \u00e9 um extrato de cannabis \u00fanico que ganhou o nome de um homem chamado, voc\u00ea adivinhou, Rick Simpson.<\/p>\n<p>\u00c9 um extrato de cannabis extremamente potente com altas concentra\u00e7\u00f5es de THC, o psicoativo componente da maconha. O \u00f3leo \u00e9 produzido concentrando o teor de THC de flores indicadoras secas usando um sol\u00favel. Indica \u00e9 prefer\u00edvel a outras cepas devido aos seus efeitos sedativos. Devido \u00e0 alta concentra\u00e7\u00e3o de material vegetal e \u00e0 aus\u00eancia de \u00f3leos transportadores, o \u00f3leo resultante \u00e9 de cor terrosa escura e espesso, em contraste com os numerosos concentrados que estamos acostumados a ver.<\/p>\n<p>O \u00f3leo foi descoberto em 2003. Rick Simpson foi diagnosticado com um tipo de c\u00e2ncer de pele e recorreu \u00e0 cannabis para tratamento. Ele recentemente perguntou se a cannabis poderia ajudar com suas v\u00e1rias doen\u00e7as, apenas para ser recebido com insatisfa\u00e7\u00e3o. Ele procurou a planta por conta pr\u00f3pria e acreditou que isso acalmou suas indica\u00e7\u00f5es. Quando ele percebeu que tinha c\u00e2ncer, ele revisou uma investiga\u00e7\u00e3o que descobriu que a cannabis poderia encolher tumores em camundongos e optou por tentar um arranjo eficaz de cannabis.<\/p>\n<p>Por quatro dias, ele aplicou concentrados de cannabis em gaze e cobriu seus tumores. Quando ele eliminou as faixas, os tumores desapareceram. Essa revela\u00e7\u00e3o levou \u00e0 cria\u00e7\u00e3o da Rick Simpson Oil. Ele come\u00e7ou a compartilhar sua vis\u00e3o, em qualquer caso, colhendo cannabis e produzindo \u00f3leo para outras pessoas que foram privadas antes de encontrar dificuldades legais. No momento, Rick Simpson incentiva outras pessoas a fazer seu pr\u00f3prio \u00f3leo e fornece diretrizes.<\/p>\n<p>Se voc\u00ea est\u00e1 procurando o melhor \u00f3leo do mundo, Rick Simpson Oil Washington \u00e9 sua melhor aposta. Fornecemos \u00f3leo puro de Rick Simpson a Washington. Fa\u00e7a seu pedido agora e ele ser\u00e1 entregue \u00e0 sua porta dentro de alguns dias.<\/p>\n<p>Medicina que \u00e9 segura e eficaz<br \/> O \u00f3leo de cannabis Rick Simpson est\u00e1 em uma classe pr\u00f3pria devido \u00e0 sua n\u00e3o -natureza t\u00f3xica. Se voc\u00ea est\u00e1 procurando uma maneira segura de tratar o c\u00e2ncer ou uma variedade de outras doen\u00e7as, o \u00f3leo de c\u00e2nhamo Rick Simpson pode ser a resposta. Voc\u00ea nem precisa da supervis\u00e3o de um m\u00e9dico para usar este \u00f3leo.<\/p>\n","protected":false},"excerpt":{"rendered":"<p>Compre cartuchos de \u00f3leo de CO2 Cannatonic com seguran\u00e7a e economia online. Descubra uma sele\u00e7\u00e3o diversificada de produtos de maconha de alta qualidade \u00e0 venda nos Estados Unidos da Am\u00e9rica, Europa e Reino Unido!<\/p>\n<p>Compre cartuchos Rick Simpson Cannabis Oil 1g on-line nos Estados Unidos da Am\u00e9rica.<\/p>\n<p> p&gt; <\/p>\n<p>Rick Simpson Cannabis Oil est\u00e1 dispon\u00edvel em uma variedade de cepas. Diferentes CBD &amp; Concentra\u00e7\u00f5es de THC para c\u00e2ncer &amp; mais.<\/p>\n<p>Compre Rick Simpson Cartuchos de 1g de \u00d3leo de Cannabis<\/p>\n<p>O pre\u00e7o do produto \u00e9 o seguinte: por cartucho de 1g<br \/> \u00c9 necess\u00e1ria uma quantidade m\u00ednima de pedido de 5 cartuchos. <\/p>\n","protected":false},"featured_media":4402,"comment_status":"open","ping_status":"closed","template":"","meta":[],"product_brand":[],"product_cat":[440],"product_tag":[451,456,461,463,464,465,466,467,468,470,471,474,476,477,460,459,457,452,453,454,469,455,472,473,475,458,462,478,479,480],"class_list":{"0":"post-4367","1":"product","2":"type-product","3":"status-publish","4":"has-post-thumbnail","6":"product_cat-compre-oleo-cbd-de-cannabis","7":"product_tag-buy-cannabis-with-bitcoin","8":"product_tag-buy-marijuana-online-bitcoin","9":"product_tag-buy-medical-marijuana-online","10":"product_tag-buy-moonrock-online-uk","11":"product_tag-buy-moonrocks-online","12":"product_tag-buy-weed-in-australia","13":"product_tag-buy-weed-in-france","14":"product_tag-buy-weed-in-ireland","15":"product_tag-buy-weed-in-switzerland","16":"product_tag-buy-weed-online","17":"product_tag-buy-weed-online-bitcoin","18":"product_tag-buy-weed-online-legally","19":"product_tag-buying-marijuana-online","20":"product_tag-comprando-maconha-online","21":"product_tag-buy-marijuana-wax-online-eua","22":"product_tag-compre-marijuana-online-eua","23":"product_tag-comprar-maconha-online-europa","24":"product_tag-comprar-cannatonic-co2-cartucho-de-leo","25":"product_tag-comprar-canatnico-co2-cartucho-de-leo-online","26":"product_tag-comprar-maconha-comestveis-online","27":"product_tag-comprar-maconha-nos-eua","28":"product_tag-comprar-maconha-online","29":"product_tag-compre-erva-online-discretamente","30":"product_tag-buy-weed-online-europe","31":"product_tag-buy-weed-online-uk","32":"product_tag-compre-marijuana-online-nos-eua","33":"product_tag-comprar-moonrock-online-bitcoin","34":"product_tag-kush-para-venda","35":"product_tag-maconha--venda","36":"product_tag-onde-comprar-maconha-online","38":"first","39":"instock","40":"shipping-taxable","41":"purchasable","42":"product-type-variable","43":"has-default-attributes"},"yoast_head":"<!-- This site is optimized with the Yoast SEO plugin v27.3 - https:\/\/yoast.com\/product\/yoast-seo-wordpress\/ -->\n<title>Compre o cartucho Cannatonic CO2 Oil 1g online (C\u00f3pia) - Best Global Meds<\/title>\n<meta name=\"description\" content=\"Compre Cannatonic CO2 Oil Cartridge para venda online com seguran\u00e7a a pre\u00e7os acess\u00edveis. Descubra uma ampla gama de produtos de ervas daninhas de qualidade para venda EUA, UE, Reino Unido!\" \/>\n<meta name=\"robots\" content=\"index, follow, max-snippet:-1, max-image-preview:large, max-video-preview:-1\" \/>\n<link rel=\"canonical\" href=\"https:\/\/medicinasinc.com\/pt\/product\/comprar-cannatonic-co2-cartucho-de-oleo\/\" \/>\n<meta property=\"og:locale\" content=\"pt_PT\" \/>\n<meta property=\"og:type\" content=\"article\" \/>\n<meta property=\"og:title\" content=\"Compre o cartucho Cannatonic CO2 Oil 1g online (C\u00f3pia) - Best Global Meds\" \/>\n<meta property=\"og:description\" content=\"Compre Cannatonic CO2 Oil Cartridge para venda online com seguran\u00e7a a pre\u00e7os acess\u00edveis. Descubra uma ampla gama de produtos de ervas daninhas de qualidade para venda EUA, UE, Reino Unido!\" \/>\n<meta property=\"og:url\" content=\"https:\/\/medicinasinc.com\/pt\/product\/comprar-cannatonic-co2-cartucho-de-oleo\/\" \/>\n<meta property=\"og:site_name\" content=\"Medicinas Inc\" \/>\n<meta property=\"article:modified_time\" content=\"2022-07-06T00:06:03+00:00\" \/>\n<meta property=\"og:image\" content=\"https:\/\/medicinasinc.com\/pt\/wp-content\/uploads\/sites\/20\/2022\/02\/Buy-Cannatonic-CO2-Oil-Cartridge.png\" \/>\n\t<meta property=\"og:image:width\" content=\"542\" \/>\n\t<meta property=\"og:image:height\" content=\"420\" \/>\n\t<meta property=\"og:image:type\" content=\"image\/png\" \/>\n<meta name=\"twitter:card\" content=\"summary_large_image\" \/>\n<meta name=\"twitter:label1\" content=\"Tempo estimado de leitura\" \/>\n\t<meta name=\"twitter:data1\" content=\"3 minutos\" \/>\n<script type=\"application\/ld+json\" class=\"yoast-schema-graph\">{\"@context\":\"https:\\\/\\\/schema.org\",\"@graph\":[{\"@type\":\"WebPage\",\"@id\":\"https:\\\/\\\/medicinasinc.com\\\/pt\\\/product\\\/comprar-cannatonic-co2-cartucho-de-oleo\\\/\",\"url\":\"https:\\\/\\\/medicinasinc.com\\\/pt\\\/product\\\/comprar-cannatonic-co2-cartucho-de-oleo\\\/\",\"name\":\"Compre o cartucho Cannatonic CO2 Oil 1g online (C\u00f3pia) - Best Global Meds\",\"isPartOf\":{\"@id\":\"https:\\\/\\\/medicinasinc.com\\\/pt\\\/#website\"},\"primaryImageOfPage\":{\"@id\":\"https:\\\/\\\/medicinasinc.com\\\/pt\\\/product\\\/comprar-cannatonic-co2-cartucho-de-oleo\\\/#primaryimage\"},\"image\":{\"@id\":\"https:\\\/\\\/medicinasinc.com\\\/pt\\\/product\\\/comprar-cannatonic-co2-cartucho-de-oleo\\\/#primaryimage\"},\"thumbnailUrl\":\"https:\\\/\\\/medicinasinc.com\\\/pt\\\/wp-content\\\/uploads\\\/sites\\\/20\\\/2022\\\/02\\\/Buy-Cannatonic-CO2-Oil-Cartridge.png\",\"datePublished\":\"2022-02-20T08:35:49+00:00\",\"dateModified\":\"2022-07-06T00:06:03+00:00\",\"description\":\"Compre Cannatonic CO2 Oil Cartridge para venda online com seguran\u00e7a a pre\u00e7os acess\u00edveis. Descubra uma ampla gama de produtos de ervas daninhas de qualidade para venda EUA, UE, Reino Unido!\",\"breadcrumb\":{\"@id\":\"https:\\\/\\\/medicinasinc.com\\\/pt\\\/product\\\/comprar-cannatonic-co2-cartucho-de-oleo\\\/#breadcrumb\"},\"inLanguage\":\"pt-PT\",\"potentialAction\":[{\"@type\":\"ReadAction\",\"target\":[\"https:\\\/\\\/medicinasinc.com\\\/pt\\\/product\\\/comprar-cannatonic-co2-cartucho-de-oleo\\\/\"]}]},{\"@type\":\"ImageObject\",\"inLanguage\":\"pt-PT\",\"@id\":\"https:\\\/\\\/medicinasinc.com\\\/pt\\\/product\\\/comprar-cannatonic-co2-cartucho-de-oleo\\\/#primaryimage\",\"url\":\"https:\\\/\\\/medicinasinc.com\\\/pt\\\/wp-content\\\/uploads\\\/sites\\\/20\\\/2022\\\/02\\\/Buy-Cannatonic-CO2-Oil-Cartridge.png\",\"contentUrl\":\"https:\\\/\\\/medicinasinc.com\\\/pt\\\/wp-content\\\/uploads\\\/sites\\\/20\\\/2022\\\/02\\\/Buy-Cannatonic-CO2-Oil-Cartridge.png\",\"width\":542,\"height\":420},{\"@type\":\"BreadcrumbList\",\"@id\":\"https:\\\/\\\/medicinasinc.com\\\/pt\\\/product\\\/comprar-cannatonic-co2-cartucho-de-oleo\\\/#breadcrumb\",\"itemListElement\":[{\"@type\":\"ListItem\",\"position\":1,\"name\":\"Comprar\",\"item\":\"https:\\\/\\\/medicinasinc.com\\\/pt\\\/comprar\\\/\"},{\"@type\":\"ListItem\",\"position\":2,\"name\":\"Comprar Cartucho de \u00d3leo de CO2 Cannat\u00f4nico\"}]},{\"@type\":\"WebSite\",\"@id\":\"https:\\\/\\\/medicinasinc.com\\\/pt\\\/#website\",\"url\":\"https:\\\/\\\/medicinasinc.com\\\/pt\\\/\",\"name\":\"Medicinas Inc\",\"description\":\"Health Medical Clinic\",\"potentialAction\":[{\"@type\":\"SearchAction\",\"target\":{\"@type\":\"EntryPoint\",\"urlTemplate\":\"https:\\\/\\\/medicinasinc.com\\\/pt\\\/?s={search_term_string}\"},\"query-input\":{\"@type\":\"PropertyValueSpecification\",\"valueRequired\":true,\"valueName\":\"search_term_string\"}}],\"inLanguage\":\"pt-PT\"}]}<\/script>\n<!-- \/ Yoast SEO plugin. -->","yoast_head_json":{"title":"Compre o cartucho Cannatonic CO2 Oil 1g online (C\u00f3pia) - Best Global Meds","description":"Compre Cannatonic CO2 Oil Cartridge para venda online com seguran\u00e7a a pre\u00e7os acess\u00edveis. Descubra uma ampla gama de produtos de ervas daninhas de qualidade para venda EUA, UE, Reino Unido!","robots":{"index":"index","follow":"follow","max-snippet":"max-snippet:-1","max-image-preview":"max-image-preview:large","max-video-preview":"max-video-preview:-1"},"canonical":"https:\/\/medicinasinc.com\/pt\/product\/comprar-cannatonic-co2-cartucho-de-oleo\/","og_locale":"pt_PT","og_type":"article","og_title":"Compre o cartucho Cannatonic CO2 Oil 1g online (C\u00f3pia) - Best Global Meds","og_description":"Compre Cannatonic CO2 Oil Cartridge para venda online com seguran\u00e7a a pre\u00e7os acess\u00edveis. Descubra uma ampla gama de produtos de ervas daninhas de qualidade para venda EUA, UE, Reino Unido!","og_url":"https:\/\/medicinasinc.com\/pt\/product\/comprar-cannatonic-co2-cartucho-de-oleo\/","og_site_name":"Medicinas Inc","article_modified_time":"2022-07-06T00:06:03+00:00","og_image":[{"width":542,"height":420,"url":"https:\/\/medicinasinc.com\/pt\/wp-content\/uploads\/sites\/20\/2022\/02\/Buy-Cannatonic-CO2-Oil-Cartridge.png","type":"image\/png"}],"twitter_card":"summary_large_image","twitter_misc":{"Tempo estimado de leitura":"3 minutos"},"schema":{"@context":"https:\/\/schema.org","@graph":[{"@type":"WebPage","@id":"https:\/\/medicinasinc.com\/pt\/product\/comprar-cannatonic-co2-cartucho-de-oleo\/","url":"https:\/\/medicinasinc.com\/pt\/product\/comprar-cannatonic-co2-cartucho-de-oleo\/","name":"Compre o cartucho Cannatonic CO2 Oil 1g online (C\u00f3pia) - Best Global Meds","isPartOf":{"@id":"https:\/\/medicinasinc.com\/pt\/#website"},"primaryImageOfPage":{"@id":"https:\/\/medicinasinc.com\/pt\/product\/comprar-cannatonic-co2-cartucho-de-oleo\/#primaryimage"},"image":{"@id":"https:\/\/medicinasinc.com\/pt\/product\/comprar-cannatonic-co2-cartucho-de-oleo\/#primaryimage"},"thumbnailUrl":"https:\/\/medicinasinc.com\/pt\/wp-content\/uploads\/sites\/20\/2022\/02\/Buy-Cannatonic-CO2-Oil-Cartridge.png","datePublished":"2022-02-20T08:35:49+00:00","dateModified":"2022-07-06T00:06:03+00:00","description":"Compre Cannatonic CO2 Oil Cartridge para venda online com seguran\u00e7a a pre\u00e7os acess\u00edveis. Descubra uma ampla gama de produtos de ervas daninhas de qualidade para venda EUA, UE, Reino Unido!","breadcrumb":{"@id":"https:\/\/medicinasinc.com\/pt\/product\/comprar-cannatonic-co2-cartucho-de-oleo\/#breadcrumb"},"inLanguage":"pt-PT","potentialAction":[{"@type":"ReadAction","target":["https:\/\/medicinasinc.com\/pt\/product\/comprar-cannatonic-co2-cartucho-de-oleo\/"]}]},{"@type":"ImageObject","inLanguage":"pt-PT","@id":"https:\/\/medicinasinc.com\/pt\/product\/comprar-cannatonic-co2-cartucho-de-oleo\/#primaryimage","url":"https:\/\/medicinasinc.com\/pt\/wp-content\/uploads\/sites\/20\/2022\/02\/Buy-Cannatonic-CO2-Oil-Cartridge.png","contentUrl":"https:\/\/medicinasinc.com\/pt\/wp-content\/uploads\/sites\/20\/2022\/02\/Buy-Cannatonic-CO2-Oil-Cartridge.png","width":542,"height":420},{"@type":"BreadcrumbList","@id":"https:\/\/medicinasinc.com\/pt\/product\/comprar-cannatonic-co2-cartucho-de-oleo\/#breadcrumb","itemListElement":[{"@type":"ListItem","position":1,"name":"Comprar","item":"https:\/\/medicinasinc.com\/pt\/comprar\/"},{"@type":"ListItem","position":2,"name":"Comprar Cartucho de \u00d3leo de CO2 Cannat\u00f4nico"}]},{"@type":"WebSite","@id":"https:\/\/medicinasinc.com\/pt\/#website","url":"https:\/\/medicinasinc.com\/pt\/","name":"Medicinas Inc","description":"Health Medical Clinic","potentialAction":[{"@type":"SearchAction","target":{"@type":"EntryPoint","urlTemplate":"https:\/\/medicinasinc.com\/pt\/?s={search_term_string}"},"query-input":{"@type":"PropertyValueSpecification","valueRequired":true,"valueName":"search_term_string"}}],"inLanguage":"pt-PT"}]}},"_links":{"self":[{"href":"https:\/\/medicinasinc.com\/pt\/wp-json\/wp\/v2\/product\/4367","targetHints":{"allow":["GET"]}}],"collection":[{"href":"https:\/\/medicinasinc.com\/pt\/wp-json\/wp\/v2\/product"}],"about":[{"href":"https:\/\/medicinasinc.com\/pt\/wp-json\/wp\/v2\/types\/product"}],"replies":[{"embeddable":true,"href":"https:\/\/medicinasinc.com\/pt\/wp-json\/wp\/v2\/comments?post=4367"}],"wp:featuredmedia":[{"embeddable":true,"href":"https:\/\/medicinasinc.com\/pt\/wp-json\/wp\/v2\/media\/4402"}],"wp:attachment":[{"href":"https:\/\/medicinasinc.com\/pt\/wp-json\/wp\/v2\/media?parent=4367"}],"wp:term":[{"taxonomy":"product_brand","embeddable":true,"href":"https:\/\/medicinasinc.com\/pt\/wp-json\/wp\/v2\/product_brand?post=4367"},{"taxonomy":"product_cat","embeddable":true,"href":"https:\/\/medicinasinc.com\/pt\/wp-json\/wp\/v2\/product_cat?post=4367"},{"taxonomy":"product_tag","embeddable":true,"href":"https:\/\/medicinasinc.com\/pt\/wp-json\/wp\/v2\/product_tag?post=4367"}],"curies":[{"name":"wp","href":"https:\/\/api.w.org\/{rel}","templated":true}]}}