{"id":4359,"date":"2022-02-20T08:31:50","date_gmt":"2022-02-20T08:31:50","guid":{"rendered":"https:\/\/medicinasinc.com\/pt\/?post_type=product&#038;p=4359"},"modified":"2022-07-06T00:06:17","modified_gmt":"2022-07-06T00:06:17","slug":"comprar-fab-cbd-oil-300mg-600mg-1200mg","status":"publish","type":"product","link":"https:\/\/medicinasinc.com\/pt\/product\/comprar-fab-cbd-oil-300mg-600mg-1200mg\/","title":{"rendered":"Compre Fab CBD Oil 300mg, 600mg, 1200mg"},"content":{"rendered":"<p>As gotas de \u00f3leo CBD s\u00e3o uma excelente maneira de promover o bem-estar geral e a vitalidade. Oferecemos uma variedade de sabores de \u00f3leo de c\u00e2nhamo CBD que s\u00e3o populares entre nossos clientes, incluindo Citrus, Mint, Natural, Berry e Vanilla. O aromatizante de \u00f3leo FAB CBD \u00e9 derivado dos melhores ingredientes. Aprecie o delicioso sabor e aroma desses \u00f3leos CBD aromatizados ou o sabor tradicional do nosso \u00f3leo CBD natural.<\/p>\n","protected":false},"excerpt":{"rendered":"<p>Compre Fab CBD Oil 300mg, Compre Fab CBD Oil 600mg, Compre Fab CBD 2400 mg,\u00f3leo cbd que te faz feliz,melhor \u00f3leo isolado cbd,compre tintura cbd online,gnc cbd oil para ansiedade,cbd oil comest\u00edveis drops, amazon fab cbd,fab cbd white label,<\/p>\n<p><strong>A quantidade m\u00ednima de pedido \u00e9: 5 cartuchos<\/strong><\/p>\n","protected":false},"featured_media":4394,"comment_status":"open","ping_status":"closed","template":"","meta":[],"product_brand":[],"product_cat":[440],"product_tag":[442,444,445,441,443,446,449,450,447,448],"class_list":{"0":"post-4359","1":"product","2":"type-product","3":"status-publish","4":"has-post-thumbnail","6":"product_cat-compre-oleo-cbd-de-cannabis","7":"product_tag-best-cbd-isolate-oil","8":"product_tag-buy-fab-cbd-2400-mg","9":"product_tag-buy-fab-cbd-oil-300mg","10":"product_tag-amazon-fab-cbd","11":"product_tag-comprar-cbd-tintura-online","12":"product_tag-compre-fab-cbd-oil-600mg","13":"product_tag-fab-cbd-white-label","14":"product_tag-gnc-cbd-oil-for-anxiety","15":"product_tag-gotas-comestveis-de-leo-cbd","16":"product_tag-cbd-leo-que-faz-voc-feliz","18":"first","19":"instock","20":"shipping-taxable","21":"purchasable","22":"product-type-variable","23":"has-default-attributes"},"yoast_head":"<!-- This site is optimized with the Yoast SEO plugin v27.3 - https:\/\/yoast.com\/product\/yoast-seo-wordpress\/ -->\n<title>Compre Fab CBD Oil 300mg, 600mg, 1200mg - Best Global Meds<\/title>\n<meta name=\"description\" content=\"Compre Fab CBD Oil 300mg, Compre Fab CBD Oil 600mg, Compre fab cbd 2400 mg, \u00f3leo cbd que te faz feliz, melhor \u00f3leo isolado cbd, compre tintura cbd online, \u00f3leo gnc cbd para ansiedade, gotas comest\u00edveis de \u00f3leo cbd, amazon fab cbd, fab cbd etiqueta branca,\" \/>\n<meta name=\"robots\" content=\"index, follow, max-snippet:-1, max-image-preview:large, max-video-preview:-1\" \/>\n<link rel=\"canonical\" href=\"https:\/\/medicinasinc.com\/pt\/product\/comprar-fab-cbd-oil-300mg-600mg-1200mg\/\" \/>\n<meta property=\"og:locale\" content=\"pt_PT\" \/>\n<meta property=\"og:type\" content=\"article\" \/>\n<meta property=\"og:title\" content=\"Compre Fab CBD Oil 300mg, 600mg, 1200mg - Best Global Meds\" \/>\n<meta property=\"og:description\" content=\"Compre Fab CBD Oil 300mg, Compre Fab CBD Oil 600mg, Compre fab cbd 2400 mg, \u00f3leo cbd que te faz feliz, melhor \u00f3leo isolado cbd, compre tintura cbd online, \u00f3leo gnc cbd para ansiedade, gotas comest\u00edveis de \u00f3leo cbd, amazon fab cbd, fab cbd etiqueta branca,\" \/>\n<meta property=\"og:url\" content=\"https:\/\/medicinasinc.com\/pt\/product\/comprar-fab-cbd-oil-300mg-600mg-1200mg\/\" \/>\n<meta property=\"og:site_name\" content=\"Medicinas Inc\" \/>\n<meta property=\"article:modified_time\" content=\"2022-07-06T00:06:17+00:00\" \/>\n<meta property=\"og:image\" content=\"https:\/\/medicinasinc.com\/pt\/wp-content\/uploads\/sites\/20\/2022\/02\/Buy-Fab-CBD-Oil.jpg\" \/>\n\t<meta property=\"og:image:width\" content=\"600\" \/>\n\t<meta property=\"og:image:height\" content=\"600\" \/>\n\t<meta property=\"og:image:type\" content=\"image\/jpeg\" \/>\n<meta name=\"twitter:card\" content=\"summary_large_image\" \/>\n<meta name=\"twitter:label1\" content=\"Tempo estimado de leitura\" \/>\n\t<meta name=\"twitter:data1\" content=\"1 minuto\" \/>\n<script type=\"application\/ld+json\" class=\"yoast-schema-graph\">{\"@context\":\"https:\\\/\\\/schema.org\",\"@graph\":[{\"@type\":\"WebPage\",\"@id\":\"https:\\\/\\\/medicinasinc.com\\\/pt\\\/product\\\/comprar-fab-cbd-oil-300mg-600mg-1200mg\\\/\",\"url\":\"https:\\\/\\\/medicinasinc.com\\\/pt\\\/product\\\/comprar-fab-cbd-oil-300mg-600mg-1200mg\\\/\",\"name\":\"Compre Fab CBD Oil 300mg, 600mg, 1200mg - Best Global Meds\",\"isPartOf\":{\"@id\":\"https:\\\/\\\/medicinasinc.com\\\/pt\\\/#website\"},\"primaryImageOfPage\":{\"@id\":\"https:\\\/\\\/medicinasinc.com\\\/pt\\\/product\\\/comprar-fab-cbd-oil-300mg-600mg-1200mg\\\/#primaryimage\"},\"image\":{\"@id\":\"https:\\\/\\\/medicinasinc.com\\\/pt\\\/product\\\/comprar-fab-cbd-oil-300mg-600mg-1200mg\\\/#primaryimage\"},\"thumbnailUrl\":\"https:\\\/\\\/medicinasinc.com\\\/pt\\\/wp-content\\\/uploads\\\/sites\\\/20\\\/2022\\\/02\\\/Buy-Fab-CBD-Oil.jpg\",\"datePublished\":\"2022-02-20T08:31:50+00:00\",\"dateModified\":\"2022-07-06T00:06:17+00:00\",\"description\":\"Compre Fab CBD Oil 300mg, Compre Fab CBD Oil 600mg, Compre fab cbd 2400 mg, \u00f3leo cbd que te faz feliz, melhor \u00f3leo isolado cbd, compre tintura cbd online, \u00f3leo gnc cbd para ansiedade, gotas comest\u00edveis de \u00f3leo cbd, amazon fab cbd, fab cbd etiqueta branca,\",\"breadcrumb\":{\"@id\":\"https:\\\/\\\/medicinasinc.com\\\/pt\\\/product\\\/comprar-fab-cbd-oil-300mg-600mg-1200mg\\\/#breadcrumb\"},\"inLanguage\":\"pt-PT\",\"potentialAction\":[{\"@type\":\"ReadAction\",\"target\":[\"https:\\\/\\\/medicinasinc.com\\\/pt\\\/product\\\/comprar-fab-cbd-oil-300mg-600mg-1200mg\\\/\"]}]},{\"@type\":\"ImageObject\",\"inLanguage\":\"pt-PT\",\"@id\":\"https:\\\/\\\/medicinasinc.com\\\/pt\\\/product\\\/comprar-fab-cbd-oil-300mg-600mg-1200mg\\\/#primaryimage\",\"url\":\"https:\\\/\\\/medicinasinc.com\\\/pt\\\/wp-content\\\/uploads\\\/sites\\\/20\\\/2022\\\/02\\\/Buy-Fab-CBD-Oil.jpg\",\"contentUrl\":\"https:\\\/\\\/medicinasinc.com\\\/pt\\\/wp-content\\\/uploads\\\/sites\\\/20\\\/2022\\\/02\\\/Buy-Fab-CBD-Oil.jpg\",\"width\":600,\"height\":600},{\"@type\":\"BreadcrumbList\",\"@id\":\"https:\\\/\\\/medicinasinc.com\\\/pt\\\/product\\\/comprar-fab-cbd-oil-300mg-600mg-1200mg\\\/#breadcrumb\",\"itemListElement\":[{\"@type\":\"ListItem\",\"position\":1,\"name\":\"Comprar\",\"item\":\"https:\\\/\\\/medicinasinc.com\\\/pt\\\/comprar\\\/\"},{\"@type\":\"ListItem\",\"position\":2,\"name\":\"Compre Fab CBD Oil 300mg, 600mg, 1200mg\"}]},{\"@type\":\"WebSite\",\"@id\":\"https:\\\/\\\/medicinasinc.com\\\/pt\\\/#website\",\"url\":\"https:\\\/\\\/medicinasinc.com\\\/pt\\\/\",\"name\":\"Medicinas Inc\",\"description\":\"Health Medical Clinic\",\"potentialAction\":[{\"@type\":\"SearchAction\",\"target\":{\"@type\":\"EntryPoint\",\"urlTemplate\":\"https:\\\/\\\/medicinasinc.com\\\/pt\\\/?s={search_term_string}\"},\"query-input\":{\"@type\":\"PropertyValueSpecification\",\"valueRequired\":true,\"valueName\":\"search_term_string\"}}],\"inLanguage\":\"pt-PT\"}]}<\/script>\n<!-- \/ Yoast SEO plugin. -->","yoast_head_json":{"title":"Compre Fab CBD Oil 300mg, 600mg, 1200mg - Best Global Meds","description":"Compre Fab CBD Oil 300mg, Compre Fab CBD Oil 600mg, Compre fab cbd 2400 mg, \u00f3leo cbd que te faz feliz, melhor \u00f3leo isolado cbd, compre tintura cbd online, \u00f3leo gnc cbd para ansiedade, gotas comest\u00edveis de \u00f3leo cbd, amazon fab cbd, fab cbd etiqueta branca,","robots":{"index":"index","follow":"follow","max-snippet":"max-snippet:-1","max-image-preview":"max-image-preview:large","max-video-preview":"max-video-preview:-1"},"canonical":"https:\/\/medicinasinc.com\/pt\/product\/comprar-fab-cbd-oil-300mg-600mg-1200mg\/","og_locale":"pt_PT","og_type":"article","og_title":"Compre Fab CBD Oil 300mg, 600mg, 1200mg - Best Global Meds","og_description":"Compre Fab CBD Oil 300mg, Compre Fab CBD Oil 600mg, Compre fab cbd 2400 mg, \u00f3leo cbd que te faz feliz, melhor \u00f3leo isolado cbd, compre tintura cbd online, \u00f3leo gnc cbd para ansiedade, gotas comest\u00edveis de \u00f3leo cbd, amazon fab cbd, fab cbd etiqueta branca,","og_url":"https:\/\/medicinasinc.com\/pt\/product\/comprar-fab-cbd-oil-300mg-600mg-1200mg\/","og_site_name":"Medicinas Inc","article_modified_time":"2022-07-06T00:06:17+00:00","og_image":[{"width":600,"height":600,"url":"https:\/\/medicinasinc.com\/pt\/wp-content\/uploads\/sites\/20\/2022\/02\/Buy-Fab-CBD-Oil.jpg","type":"image\/jpeg"}],"twitter_card":"summary_large_image","twitter_misc":{"Tempo estimado de leitura":"1 minuto"},"schema":{"@context":"https:\/\/schema.org","@graph":[{"@type":"WebPage","@id":"https:\/\/medicinasinc.com\/pt\/product\/comprar-fab-cbd-oil-300mg-600mg-1200mg\/","url":"https:\/\/medicinasinc.com\/pt\/product\/comprar-fab-cbd-oil-300mg-600mg-1200mg\/","name":"Compre Fab CBD Oil 300mg, 600mg, 1200mg - Best Global Meds","isPartOf":{"@id":"https:\/\/medicinasinc.com\/pt\/#website"},"primaryImageOfPage":{"@id":"https:\/\/medicinasinc.com\/pt\/product\/comprar-fab-cbd-oil-300mg-600mg-1200mg\/#primaryimage"},"image":{"@id":"https:\/\/medicinasinc.com\/pt\/product\/comprar-fab-cbd-oil-300mg-600mg-1200mg\/#primaryimage"},"thumbnailUrl":"https:\/\/medicinasinc.com\/pt\/wp-content\/uploads\/sites\/20\/2022\/02\/Buy-Fab-CBD-Oil.jpg","datePublished":"2022-02-20T08:31:50+00:00","dateModified":"2022-07-06T00:06:17+00:00","description":"Compre Fab CBD Oil 300mg, Compre Fab CBD Oil 600mg, Compre fab cbd 2400 mg, \u00f3leo cbd que te faz feliz, melhor \u00f3leo isolado cbd, compre tintura cbd online, \u00f3leo gnc cbd para ansiedade, gotas comest\u00edveis de \u00f3leo cbd, amazon fab cbd, fab cbd etiqueta branca,","breadcrumb":{"@id":"https:\/\/medicinasinc.com\/pt\/product\/comprar-fab-cbd-oil-300mg-600mg-1200mg\/#breadcrumb"},"inLanguage":"pt-PT","potentialAction":[{"@type":"ReadAction","target":["https:\/\/medicinasinc.com\/pt\/product\/comprar-fab-cbd-oil-300mg-600mg-1200mg\/"]}]},{"@type":"ImageObject","inLanguage":"pt-PT","@id":"https:\/\/medicinasinc.com\/pt\/product\/comprar-fab-cbd-oil-300mg-600mg-1200mg\/#primaryimage","url":"https:\/\/medicinasinc.com\/pt\/wp-content\/uploads\/sites\/20\/2022\/02\/Buy-Fab-CBD-Oil.jpg","contentUrl":"https:\/\/medicinasinc.com\/pt\/wp-content\/uploads\/sites\/20\/2022\/02\/Buy-Fab-CBD-Oil.jpg","width":600,"height":600},{"@type":"BreadcrumbList","@id":"https:\/\/medicinasinc.com\/pt\/product\/comprar-fab-cbd-oil-300mg-600mg-1200mg\/#breadcrumb","itemListElement":[{"@type":"ListItem","position":1,"name":"Comprar","item":"https:\/\/medicinasinc.com\/pt\/comprar\/"},{"@type":"ListItem","position":2,"name":"Compre Fab CBD Oil 300mg, 600mg, 1200mg"}]},{"@type":"WebSite","@id":"https:\/\/medicinasinc.com\/pt\/#website","url":"https:\/\/medicinasinc.com\/pt\/","name":"Medicinas Inc","description":"Health Medical Clinic","potentialAction":[{"@type":"SearchAction","target":{"@type":"EntryPoint","urlTemplate":"https:\/\/medicinasinc.com\/pt\/?s={search_term_string}"},"query-input":{"@type":"PropertyValueSpecification","valueRequired":true,"valueName":"search_term_string"}}],"inLanguage":"pt-PT"}]}},"_links":{"self":[{"href":"https:\/\/medicinasinc.com\/pt\/wp-json\/wp\/v2\/product\/4359","targetHints":{"allow":["GET"]}}],"collection":[{"href":"https:\/\/medicinasinc.com\/pt\/wp-json\/wp\/v2\/product"}],"about":[{"href":"https:\/\/medicinasinc.com\/pt\/wp-json\/wp\/v2\/types\/product"}],"replies":[{"embeddable":true,"href":"https:\/\/medicinasinc.com\/pt\/wp-json\/wp\/v2\/comments?post=4359"}],"wp:featuredmedia":[{"embeddable":true,"href":"https:\/\/medicinasinc.com\/pt\/wp-json\/wp\/v2\/media\/4394"}],"wp:attachment":[{"href":"https:\/\/medicinasinc.com\/pt\/wp-json\/wp\/v2\/media?parent=4359"}],"wp:term":[{"taxonomy":"product_brand","embeddable":true,"href":"https:\/\/medicinasinc.com\/pt\/wp-json\/wp\/v2\/product_brand?post=4359"},{"taxonomy":"product_cat","embeddable":true,"href":"https:\/\/medicinasinc.com\/pt\/wp-json\/wp\/v2\/product_cat?post=4359"},{"taxonomy":"product_tag","embeddable":true,"href":"https:\/\/medicinasinc.com\/pt\/wp-json\/wp\/v2\/product_tag?post=4359"}],"curies":[{"name":"wp","href":"https:\/\/api.w.org\/{rel}","templated":true}]}}