{"id":4353,"date":"2022-02-20T08:29:33","date_gmt":"2022-02-20T08:29:33","guid":{"rendered":"https:\/\/medicinasinc.com\/pt\/?post_type=product&#038;p=4353"},"modified":"2022-07-06T00:06:29","modified_gmt":"2022-07-06T00:06:29","slug":"buy-500mg-cbd-blackberry-keey-flava-blast","status":"publish","type":"product","link":"https:\/\/medicinasinc.com\/pt\/product\/buy-500mg-cbd-blackberry-keey-flava-blast\/","title":{"rendered":"Compre 500mg CBD Blackberry Keey FLAVA BLAST"},"content":{"rendered":"<div class=\"woocommerce-tabs wc-tabs-wrapper\">\n<div id=\"tab-description\" class=\"woocommerce-Tabs-panel woocommerce-Tabs-panel--description panel entry-content wc-tab\" role=\"tabpanel\" aria-labelledby=\"tab-title-description\">\n<p>FLAVA BLAST 500mg CBD Blackberry Keey<\/p>\n<p>Keey CBD \u00e9 a solu\u00e7\u00e3o para melhorar a sa\u00fade e o bem-estar. O CBD \u00e9 ben\u00e9fico para ajudar no estresse di\u00e1rio, mantendo um estado de esp\u00edrito calmo e controlado, reduzindo a inflama\u00e7\u00e3o, n\u00e1usea e tontura e auxiliando na recupera\u00e7\u00e3o de dores f\u00edsicas ou dores. Agora, com o 500mg CBD FLAVA BLAST, voc\u00ea pode incorporar uma deliciosa tintura de CBD em sua rotina di\u00e1ria.<\/p>\n<p>Keey combina infus\u00f5es org\u00e2nicas de terpeno, aromas naturais e extratos de CBD com \u00f3leo MCT (\u00d3LEO DE COCO) para acelerar a absor\u00e7\u00e3o para sua ingest\u00e3o digestiva e abastecer seu dia.<\/p>\n<p>Keyy CBD 500mg FLAVA BLAST oferece uma variedade de sabores BLASTS! Frasco conta-gotas de 30 ml para tintura.<\/p>\n<\/p><\/div><\/div>\n<div class=\"related products\"><\/div>\n","protected":false},"excerpt":{"rendered":"<p>Compre 500mg CBD Blackberry Keey FLAVA BLAST online na Sigma Vape Shop com envio r\u00e1pido para todo o mundo. Voc\u00ea pode encontrar 500mg CBD Blackberry Keey FLAVA BLAST \u00e0 venda<\/p>\n<ul>\n<li>Envio para todo o mundo<\/li>\n<li>A quantidade m\u00ednima do pedido \u00e9 5<\/li>\n<li><strong>Entre em contato<\/strong> &gt;\u00a0para pedidos maiores<\/li>\n<\/ul>\n","protected":false},"featured_media":4389,"comment_status":"open","ping_status":"closed","template":"","meta":[],"product_brand":[],"product_cat":[440],"product_tag":[],"class_list":{"0":"post-4353","1":"product","2":"type-product","3":"status-publish","4":"has-post-thumbnail","6":"product_cat-compre-oleo-cbd-de-cannabis","8":"first","9":"instock","10":"shipping-taxable","11":"purchasable","12":"product-type-variable","13":"has-default-attributes"},"yoast_head":"<!-- This site is optimized with the Yoast SEO plugin v27.2 - https:\/\/yoast.com\/product\/yoast-seo-wordpress\/ -->\n<title>Compre 500mg CBD Blackberry Keey FLAVA BLAST - Best Global Meds<\/title>\n<meta name=\"description\" content=\"Compre 500mg CBD Blackberry Keey FLAVA BLAST online na Sigma Vape Shop com envio r\u00e1pido para todo o mundo. Voc\u00ea pode encontrar 500mg CBD Blackberry Keey FLAVA BLAST para venda\" \/>\n<meta name=\"robots\" content=\"index, follow, max-snippet:-1, max-image-preview:large, max-video-preview:-1\" \/>\n<link rel=\"canonical\" href=\"https:\/\/medicinasinc.com\/pt\/product\/buy-500mg-cbd-blackberry-keey-flava-blast\/\" \/>\n<meta property=\"og:locale\" content=\"pt_PT\" \/>\n<meta property=\"og:type\" content=\"article\" \/>\n<meta property=\"og:title\" content=\"Compre 500mg CBD Blackberry Keey FLAVA BLAST - Best Global Meds\" \/>\n<meta property=\"og:description\" content=\"Compre 500mg CBD Blackberry Keey FLAVA BLAST online na Sigma Vape Shop com envio r\u00e1pido para todo o mundo. Voc\u00ea pode encontrar 500mg CBD Blackberry Keey FLAVA BLAST para venda\" \/>\n<meta property=\"og:url\" content=\"https:\/\/medicinasinc.com\/pt\/product\/buy-500mg-cbd-blackberry-keey-flava-blast\/\" \/>\n<meta property=\"og:site_name\" content=\"Medicinas Inc\" \/>\n<meta property=\"article:modified_time\" content=\"2022-07-06T00:06:29+00:00\" \/>\n<meta property=\"og:image\" content=\"https:\/\/medicinasinc.com\/pt\/wp-content\/uploads\/sites\/20\/2022\/02\/Buy-500mg-CBD-Blackberry-Keey-FLAVA-BLAST.jpg\" \/>\n\t<meta property=\"og:image:width\" content=\"800\" \/>\n\t<meta property=\"og:image:height\" content=\"800\" \/>\n\t<meta property=\"og:image:type\" content=\"image\/jpeg\" \/>\n<meta name=\"twitter:card\" content=\"summary_large_image\" \/>\n<meta name=\"twitter:label1\" content=\"Tempo estimado de leitura\" \/>\n\t<meta name=\"twitter:data1\" content=\"1 minuto\" \/>\n<script type=\"application\/ld+json\" class=\"yoast-schema-graph\">{\"@context\":\"https:\/\/schema.org\",\"@graph\":[{\"@type\":\"WebPage\",\"@id\":\"https:\/\/medicinasinc.com\/pt\/product\/buy-500mg-cbd-blackberry-keey-flava-blast\/\",\"url\":\"https:\/\/medicinasinc.com\/pt\/product\/buy-500mg-cbd-blackberry-keey-flava-blast\/\",\"name\":\"Compre 500mg CBD Blackberry Keey FLAVA BLAST - Best Global Meds\",\"isPartOf\":{\"@id\":\"https:\/\/medicinasinc.com\/pt\/#website\"},\"primaryImageOfPage\":{\"@id\":\"https:\/\/medicinasinc.com\/pt\/product\/buy-500mg-cbd-blackberry-keey-flava-blast\/#primaryimage\"},\"image\":{\"@id\":\"https:\/\/medicinasinc.com\/pt\/product\/buy-500mg-cbd-blackberry-keey-flava-blast\/#primaryimage\"},\"thumbnailUrl\":\"https:\/\/medicinasinc.com\/pt\/wp-content\/uploads\/sites\/20\/2022\/02\/Buy-500mg-CBD-Blackberry-Keey-FLAVA-BLAST.jpg\",\"datePublished\":\"2022-02-20T08:29:33+00:00\",\"dateModified\":\"2022-07-06T00:06:29+00:00\",\"description\":\"Compre 500mg CBD Blackberry Keey FLAVA BLAST online na Sigma Vape Shop com envio r\u00e1pido para todo o mundo. Voc\u00ea pode encontrar 500mg CBD Blackberry Keey FLAVA BLAST para venda\",\"breadcrumb\":{\"@id\":\"https:\/\/medicinasinc.com\/pt\/product\/buy-500mg-cbd-blackberry-keey-flava-blast\/#breadcrumb\"},\"inLanguage\":\"pt-PT\",\"potentialAction\":[{\"@type\":\"ReadAction\",\"target\":[\"https:\/\/medicinasinc.com\/pt\/product\/buy-500mg-cbd-blackberry-keey-flava-blast\/\"]}]},{\"@type\":\"ImageObject\",\"inLanguage\":\"pt-PT\",\"@id\":\"https:\/\/medicinasinc.com\/pt\/product\/buy-500mg-cbd-blackberry-keey-flava-blast\/#primaryimage\",\"url\":\"https:\/\/medicinasinc.com\/pt\/wp-content\/uploads\/sites\/20\/2022\/02\/Buy-500mg-CBD-Blackberry-Keey-FLAVA-BLAST.jpg\",\"contentUrl\":\"https:\/\/medicinasinc.com\/pt\/wp-content\/uploads\/sites\/20\/2022\/02\/Buy-500mg-CBD-Blackberry-Keey-FLAVA-BLAST.jpg\",\"width\":800,\"height\":800},{\"@type\":\"BreadcrumbList\",\"@id\":\"https:\/\/medicinasinc.com\/pt\/product\/buy-500mg-cbd-blackberry-keey-flava-blast\/#breadcrumb\",\"itemListElement\":[{\"@type\":\"ListItem\",\"position\":1,\"name\":\"Comprar\",\"item\":\"https:\/\/medicinasinc.com\/pt\/comprar\/\"},{\"@type\":\"ListItem\",\"position\":2,\"name\":\"Compre 500mg CBD Blackberry Keey FLAVA BLAST\"}]},{\"@type\":\"WebSite\",\"@id\":\"https:\/\/medicinasinc.com\/pt\/#website\",\"url\":\"https:\/\/medicinasinc.com\/pt\/\",\"name\":\"Medicinas Inc\",\"description\":\"Health Medical Clinic\",\"potentialAction\":[{\"@type\":\"SearchAction\",\"target\":{\"@type\":\"EntryPoint\",\"urlTemplate\":\"https:\/\/medicinasinc.com\/pt\/?s={search_term_string}\"},\"query-input\":{\"@type\":\"PropertyValueSpecification\",\"valueRequired\":true,\"valueName\":\"search_term_string\"}}],\"inLanguage\":\"pt-PT\"}]}<\/script>\n<!-- \/ Yoast SEO plugin. -->","yoast_head_json":{"title":"Compre 500mg CBD Blackberry Keey FLAVA BLAST - Best Global Meds","description":"Compre 500mg CBD Blackberry Keey FLAVA BLAST online na Sigma Vape Shop com envio r\u00e1pido para todo o mundo. Voc\u00ea pode encontrar 500mg CBD Blackberry Keey FLAVA BLAST para venda","robots":{"index":"index","follow":"follow","max-snippet":"max-snippet:-1","max-image-preview":"max-image-preview:large","max-video-preview":"max-video-preview:-1"},"canonical":"https:\/\/medicinasinc.com\/pt\/product\/buy-500mg-cbd-blackberry-keey-flava-blast\/","og_locale":"pt_PT","og_type":"article","og_title":"Compre 500mg CBD Blackberry Keey FLAVA BLAST - Best Global Meds","og_description":"Compre 500mg CBD Blackberry Keey FLAVA BLAST online na Sigma Vape Shop com envio r\u00e1pido para todo o mundo. Voc\u00ea pode encontrar 500mg CBD Blackberry Keey FLAVA BLAST para venda","og_url":"https:\/\/medicinasinc.com\/pt\/product\/buy-500mg-cbd-blackberry-keey-flava-blast\/","og_site_name":"Medicinas Inc","article_modified_time":"2022-07-06T00:06:29+00:00","og_image":[{"width":800,"height":800,"url":"https:\/\/medicinasinc.com\/pt\/wp-content\/uploads\/sites\/20\/2022\/02\/Buy-500mg-CBD-Blackberry-Keey-FLAVA-BLAST.jpg","type":"image\/jpeg"}],"twitter_card":"summary_large_image","twitter_misc":{"Tempo estimado de leitura":"1 minuto"},"schema":{"@context":"https:\/\/schema.org","@graph":[{"@type":"WebPage","@id":"https:\/\/medicinasinc.com\/pt\/product\/buy-500mg-cbd-blackberry-keey-flava-blast\/","url":"https:\/\/medicinasinc.com\/pt\/product\/buy-500mg-cbd-blackberry-keey-flava-blast\/","name":"Compre 500mg CBD Blackberry Keey FLAVA BLAST - Best Global Meds","isPartOf":{"@id":"https:\/\/medicinasinc.com\/pt\/#website"},"primaryImageOfPage":{"@id":"https:\/\/medicinasinc.com\/pt\/product\/buy-500mg-cbd-blackberry-keey-flava-blast\/#primaryimage"},"image":{"@id":"https:\/\/medicinasinc.com\/pt\/product\/buy-500mg-cbd-blackberry-keey-flava-blast\/#primaryimage"},"thumbnailUrl":"https:\/\/medicinasinc.com\/pt\/wp-content\/uploads\/sites\/20\/2022\/02\/Buy-500mg-CBD-Blackberry-Keey-FLAVA-BLAST.jpg","datePublished":"2022-02-20T08:29:33+00:00","dateModified":"2022-07-06T00:06:29+00:00","description":"Compre 500mg CBD Blackberry Keey FLAVA BLAST online na Sigma Vape Shop com envio r\u00e1pido para todo o mundo. Voc\u00ea pode encontrar 500mg CBD Blackberry Keey FLAVA BLAST para venda","breadcrumb":{"@id":"https:\/\/medicinasinc.com\/pt\/product\/buy-500mg-cbd-blackberry-keey-flava-blast\/#breadcrumb"},"inLanguage":"pt-PT","potentialAction":[{"@type":"ReadAction","target":["https:\/\/medicinasinc.com\/pt\/product\/buy-500mg-cbd-blackberry-keey-flava-blast\/"]}]},{"@type":"ImageObject","inLanguage":"pt-PT","@id":"https:\/\/medicinasinc.com\/pt\/product\/buy-500mg-cbd-blackberry-keey-flava-blast\/#primaryimage","url":"https:\/\/medicinasinc.com\/pt\/wp-content\/uploads\/sites\/20\/2022\/02\/Buy-500mg-CBD-Blackberry-Keey-FLAVA-BLAST.jpg","contentUrl":"https:\/\/medicinasinc.com\/pt\/wp-content\/uploads\/sites\/20\/2022\/02\/Buy-500mg-CBD-Blackberry-Keey-FLAVA-BLAST.jpg","width":800,"height":800},{"@type":"BreadcrumbList","@id":"https:\/\/medicinasinc.com\/pt\/product\/buy-500mg-cbd-blackberry-keey-flava-blast\/#breadcrumb","itemListElement":[{"@type":"ListItem","position":1,"name":"Comprar","item":"https:\/\/medicinasinc.com\/pt\/comprar\/"},{"@type":"ListItem","position":2,"name":"Compre 500mg CBD Blackberry Keey FLAVA BLAST"}]},{"@type":"WebSite","@id":"https:\/\/medicinasinc.com\/pt\/#website","url":"https:\/\/medicinasinc.com\/pt\/","name":"Medicinas Inc","description":"Health Medical Clinic","potentialAction":[{"@type":"SearchAction","target":{"@type":"EntryPoint","urlTemplate":"https:\/\/medicinasinc.com\/pt\/?s={search_term_string}"},"query-input":{"@type":"PropertyValueSpecification","valueRequired":true,"valueName":"search_term_string"}}],"inLanguage":"pt-PT"}]}},"_links":{"self":[{"href":"https:\/\/medicinasinc.com\/pt\/wp-json\/wp\/v2\/product\/4353","targetHints":{"allow":["GET"]}}],"collection":[{"href":"https:\/\/medicinasinc.com\/pt\/wp-json\/wp\/v2\/product"}],"about":[{"href":"https:\/\/medicinasinc.com\/pt\/wp-json\/wp\/v2\/types\/product"}],"replies":[{"embeddable":true,"href":"https:\/\/medicinasinc.com\/pt\/wp-json\/wp\/v2\/comments?post=4353"}],"wp:featuredmedia":[{"embeddable":true,"href":"https:\/\/medicinasinc.com\/pt\/wp-json\/wp\/v2\/media\/4389"}],"wp:attachment":[{"href":"https:\/\/medicinasinc.com\/pt\/wp-json\/wp\/v2\/media?parent=4353"}],"wp:term":[{"taxonomy":"product_brand","embeddable":true,"href":"https:\/\/medicinasinc.com\/pt\/wp-json\/wp\/v2\/product_brand?post=4353"},{"taxonomy":"product_cat","embeddable":true,"href":"https:\/\/medicinasinc.com\/pt\/wp-json\/wp\/v2\/product_cat?post=4353"},{"taxonomy":"product_tag","embeddable":true,"href":"https:\/\/medicinasinc.com\/pt\/wp-json\/wp\/v2\/product_tag?post=4353"}],"curies":[{"name":"wp","href":"https:\/\/api.w.org\/{rel}","templated":true}]}}