{"id":4348,"date":"2022-02-20T08:28:43","date_gmt":"2022-02-20T08:28:43","guid":{"rendered":"https:\/\/medicinasinc.com\/pt\/?post_type=product&#038;p=4348"},"modified":"2022-07-06T00:06:46","modified_gmt":"2022-07-06T00:06:46","slug":"comprar-41-tintura-30ml-hortela-sabor-deusa-verde","status":"publish","type":"product","link":"https:\/\/medicinasinc.com\/pt\/product\/comprar-41-tintura-30ml-hortela-sabor-deusa-verde\/","title":{"rendered":"Compre 4:1 Tintura (30mL) Sabor Hortel\u00e3 Green Goddess"},"content":{"rendered":"<p>Compre Green, Goddess 4:1 Tincture (30mL) com sabor de hortel\u00e3<\/p>\n<p>Gotas de tintura t\u00eam vantagens significativas sobre outros m\u00e9todos de administra\u00e7\u00e3o de canabin\u00f3ides m\u00e9dicos: um frasco de 30ml com uma aplica\u00e7\u00e3o de got\u00edculas f\u00e1cil de usar permite uma dose precisa a ser administrada sublingualmente na boca. A absor\u00e7\u00e3o na corrente sangu\u00ednea atrav\u00e9s da mucosa oral \u00e9 r\u00e1pida e consistente. A tintura n\u00e3o \u00e9 convertida em metab\u00f3lito pelo sistema digestivo ou f\u00edgado, como \u00e9 o caso dos canabin\u00f3ides ingeridos oralmente em comest\u00edveis.<\/p>\n<p>Formulado usando um extrato da planta inteira de cannabis. Adicionamos um \u00f3leo C8+C10 totalmente natural, derivado inteiramente de cocos e uma excelente fonte de poderosos \u00e1cidos graxos de cadeia m\u00e9dia que ajudam a manter o corpo e a mente funcionando de maneira ideal.<\/p>\n<p>13 miligramas por conta-gotas 400 miligramas de CBD 100 miligramas de THC<\/p>\n<p>Ingredientes:<\/p>\n<p>\u00d3leo MCT com aroma de hortel\u00e3 Extrato integral da planta de cannabis (CBD)<\/p>\n","protected":false},"excerpt":{"rendered":"<p>Compre 4:1 Tincture (30mL) Spearmint Flavor Green Goddess para venda Reino Unido, Europa online EUA no maior dispens\u00e1rio online, Compre My Weed Online.<\/p>\n<ul>\n<li>Envio para todo o mundo<\/li>\n<li>30ml Conta-gotas Indicado<\/li>\n<li>400mg CBD : 100mg THC Tintura<\/li>\n<li>Sabor Hortel\u00e3<\/li>\n<li>A quantidade m\u00ednima do pedido \u00e9 5<\/li>\n<\/ul>\n","protected":false},"featured_media":4383,"comment_status":"open","ping_status":"closed","template":"","meta":[],"product_brand":[],"product_cat":[440],"product_tag":[],"class_list":{"0":"post-4348","1":"product","2":"type-product","3":"status-publish","4":"has-post-thumbnail","6":"product_cat-compre-oleo-cbd-de-cannabis","8":"first","9":"instock","10":"shipping-taxable","11":"purchasable","12":"product-type-variable","13":"has-default-attributes"},"yoast_head":"<!-- This site is optimized with the Yoast SEO plugin v27.3 - https:\/\/yoast.com\/product\/yoast-seo-wordpress\/ -->\n<title>Compre 4:1 Tintura (30mL) Sabor Hortel\u00e3 Green Goddess - Melhores Medicamentos Globais<\/title>\n<meta name=\"description\" content=\"Compre 4:1 Tintura (30mL) Spearmint Flavor Green Goddess para venda Reino Unido, Europa online EUA do maior dispens\u00e1rio online, Compre My Weed Online.\" \/>\n<meta name=\"robots\" content=\"index, follow, max-snippet:-1, max-image-preview:large, max-video-preview:-1\" \/>\n<link rel=\"canonical\" href=\"https:\/\/medicinasinc.com\/pt\/product\/comprar-41-tintura-30ml-hortela-sabor-deusa-verde\/\" \/>\n<meta property=\"og:locale\" content=\"pt_PT\" \/>\n<meta property=\"og:type\" content=\"article\" \/>\n<meta property=\"og:title\" content=\"Compre 4:1 Tintura (30mL) Sabor Hortel\u00e3 Green Goddess - Melhores Medicamentos Globais\" \/>\n<meta property=\"og:description\" content=\"Compre 4:1 Tintura (30mL) Spearmint Flavor Green Goddess para venda Reino Unido, Europa online EUA do maior dispens\u00e1rio online, Compre My Weed Online.\" \/>\n<meta property=\"og:url\" content=\"https:\/\/medicinasinc.com\/pt\/product\/comprar-41-tintura-30ml-hortela-sabor-deusa-verde\/\" \/>\n<meta property=\"og:site_name\" content=\"Medicinas Inc\" \/>\n<meta property=\"article:modified_time\" content=\"2022-07-06T00:06:46+00:00\" \/>\n<meta property=\"og:image\" content=\"https:\/\/medicinasinc.com\/pt\/wp-content\/uploads\/sites\/20\/2022\/02\/Spearmint-Flavour-Green-Goddess.jpg\" \/>\n\t<meta property=\"og:image:width\" content=\"483\" \/>\n\t<meta property=\"og:image:height\" content=\"483\" \/>\n\t<meta property=\"og:image:type\" content=\"image\/jpeg\" \/>\n<meta name=\"twitter:card\" content=\"summary_large_image\" \/>\n<meta name=\"twitter:label1\" content=\"Tempo estimado de leitura\" \/>\n\t<meta name=\"twitter:data1\" content=\"1 minuto\" \/>\n<script type=\"application\/ld+json\" class=\"yoast-schema-graph\">{\"@context\":\"https:\\\/\\\/schema.org\",\"@graph\":[{\"@type\":\"WebPage\",\"@id\":\"https:\\\/\\\/medicinasinc.com\\\/pt\\\/product\\\/comprar-41-tintura-30ml-hortela-sabor-deusa-verde\\\/\",\"url\":\"https:\\\/\\\/medicinasinc.com\\\/pt\\\/product\\\/comprar-41-tintura-30ml-hortela-sabor-deusa-verde\\\/\",\"name\":\"Compre 4:1 Tintura (30mL) Sabor Hortel\u00e3 Green Goddess - Melhores Medicamentos Globais\",\"isPartOf\":{\"@id\":\"https:\\\/\\\/medicinasinc.com\\\/pt\\\/#website\"},\"primaryImageOfPage\":{\"@id\":\"https:\\\/\\\/medicinasinc.com\\\/pt\\\/product\\\/comprar-41-tintura-30ml-hortela-sabor-deusa-verde\\\/#primaryimage\"},\"image\":{\"@id\":\"https:\\\/\\\/medicinasinc.com\\\/pt\\\/product\\\/comprar-41-tintura-30ml-hortela-sabor-deusa-verde\\\/#primaryimage\"},\"thumbnailUrl\":\"https:\\\/\\\/medicinasinc.com\\\/pt\\\/wp-content\\\/uploads\\\/sites\\\/20\\\/2022\\\/02\\\/Spearmint-Flavour-Green-Goddess.jpg\",\"datePublished\":\"2022-02-20T08:28:43+00:00\",\"dateModified\":\"2022-07-06T00:06:46+00:00\",\"description\":\"Compre 4:1 Tintura (30mL) Spearmint Flavor Green Goddess para venda Reino Unido, Europa online EUA do maior dispens\u00e1rio online, Compre My Weed Online.\",\"breadcrumb\":{\"@id\":\"https:\\\/\\\/medicinasinc.com\\\/pt\\\/product\\\/comprar-41-tintura-30ml-hortela-sabor-deusa-verde\\\/#breadcrumb\"},\"inLanguage\":\"pt-PT\",\"potentialAction\":[{\"@type\":\"ReadAction\",\"target\":[\"https:\\\/\\\/medicinasinc.com\\\/pt\\\/product\\\/comprar-41-tintura-30ml-hortela-sabor-deusa-verde\\\/\"]}]},{\"@type\":\"ImageObject\",\"inLanguage\":\"pt-PT\",\"@id\":\"https:\\\/\\\/medicinasinc.com\\\/pt\\\/product\\\/comprar-41-tintura-30ml-hortela-sabor-deusa-verde\\\/#primaryimage\",\"url\":\"https:\\\/\\\/medicinasinc.com\\\/pt\\\/wp-content\\\/uploads\\\/sites\\\/20\\\/2022\\\/02\\\/Spearmint-Flavour-Green-Goddess.jpg\",\"contentUrl\":\"https:\\\/\\\/medicinasinc.com\\\/pt\\\/wp-content\\\/uploads\\\/sites\\\/20\\\/2022\\\/02\\\/Spearmint-Flavour-Green-Goddess.jpg\",\"width\":483,\"height\":483},{\"@type\":\"BreadcrumbList\",\"@id\":\"https:\\\/\\\/medicinasinc.com\\\/pt\\\/product\\\/comprar-41-tintura-30ml-hortela-sabor-deusa-verde\\\/#breadcrumb\",\"itemListElement\":[{\"@type\":\"ListItem\",\"position\":1,\"name\":\"Comprar\",\"item\":\"https:\\\/\\\/medicinasinc.com\\\/pt\\\/comprar\\\/\"},{\"@type\":\"ListItem\",\"position\":2,\"name\":\"Compre 4:1 Tintura (30mL) Sabor Hortel\u00e3 Green Goddess\"}]},{\"@type\":\"WebSite\",\"@id\":\"https:\\\/\\\/medicinasinc.com\\\/pt\\\/#website\",\"url\":\"https:\\\/\\\/medicinasinc.com\\\/pt\\\/\",\"name\":\"Medicinas Inc\",\"description\":\"Health Medical Clinic\",\"potentialAction\":[{\"@type\":\"SearchAction\",\"target\":{\"@type\":\"EntryPoint\",\"urlTemplate\":\"https:\\\/\\\/medicinasinc.com\\\/pt\\\/?s={search_term_string}\"},\"query-input\":{\"@type\":\"PropertyValueSpecification\",\"valueRequired\":true,\"valueName\":\"search_term_string\"}}],\"inLanguage\":\"pt-PT\"}]}<\/script>\n<!-- \/ Yoast SEO plugin. -->","yoast_head_json":{"title":"Compre 4:1 Tintura (30mL) Sabor Hortel\u00e3 Green Goddess - Melhores Medicamentos Globais","description":"Compre 4:1 Tintura (30mL) Spearmint Flavor Green Goddess para venda Reino Unido, Europa online EUA do maior dispens\u00e1rio online, Compre My Weed Online.","robots":{"index":"index","follow":"follow","max-snippet":"max-snippet:-1","max-image-preview":"max-image-preview:large","max-video-preview":"max-video-preview:-1"},"canonical":"https:\/\/medicinasinc.com\/pt\/product\/comprar-41-tintura-30ml-hortela-sabor-deusa-verde\/","og_locale":"pt_PT","og_type":"article","og_title":"Compre 4:1 Tintura (30mL) Sabor Hortel\u00e3 Green Goddess - Melhores Medicamentos Globais","og_description":"Compre 4:1 Tintura (30mL) Spearmint Flavor Green Goddess para venda Reino Unido, Europa online EUA do maior dispens\u00e1rio online, Compre My Weed Online.","og_url":"https:\/\/medicinasinc.com\/pt\/product\/comprar-41-tintura-30ml-hortela-sabor-deusa-verde\/","og_site_name":"Medicinas Inc","article_modified_time":"2022-07-06T00:06:46+00:00","og_image":[{"width":483,"height":483,"url":"https:\/\/medicinasinc.com\/pt\/wp-content\/uploads\/sites\/20\/2022\/02\/Spearmint-Flavour-Green-Goddess.jpg","type":"image\/jpeg"}],"twitter_card":"summary_large_image","twitter_misc":{"Tempo estimado de leitura":"1 minuto"},"schema":{"@context":"https:\/\/schema.org","@graph":[{"@type":"WebPage","@id":"https:\/\/medicinasinc.com\/pt\/product\/comprar-41-tintura-30ml-hortela-sabor-deusa-verde\/","url":"https:\/\/medicinasinc.com\/pt\/product\/comprar-41-tintura-30ml-hortela-sabor-deusa-verde\/","name":"Compre 4:1 Tintura (30mL) Sabor Hortel\u00e3 Green Goddess - Melhores Medicamentos Globais","isPartOf":{"@id":"https:\/\/medicinasinc.com\/pt\/#website"},"primaryImageOfPage":{"@id":"https:\/\/medicinasinc.com\/pt\/product\/comprar-41-tintura-30ml-hortela-sabor-deusa-verde\/#primaryimage"},"image":{"@id":"https:\/\/medicinasinc.com\/pt\/product\/comprar-41-tintura-30ml-hortela-sabor-deusa-verde\/#primaryimage"},"thumbnailUrl":"https:\/\/medicinasinc.com\/pt\/wp-content\/uploads\/sites\/20\/2022\/02\/Spearmint-Flavour-Green-Goddess.jpg","datePublished":"2022-02-20T08:28:43+00:00","dateModified":"2022-07-06T00:06:46+00:00","description":"Compre 4:1 Tintura (30mL) Spearmint Flavor Green Goddess para venda Reino Unido, Europa online EUA do maior dispens\u00e1rio online, Compre My Weed Online.","breadcrumb":{"@id":"https:\/\/medicinasinc.com\/pt\/product\/comprar-41-tintura-30ml-hortela-sabor-deusa-verde\/#breadcrumb"},"inLanguage":"pt-PT","potentialAction":[{"@type":"ReadAction","target":["https:\/\/medicinasinc.com\/pt\/product\/comprar-41-tintura-30ml-hortela-sabor-deusa-verde\/"]}]},{"@type":"ImageObject","inLanguage":"pt-PT","@id":"https:\/\/medicinasinc.com\/pt\/product\/comprar-41-tintura-30ml-hortela-sabor-deusa-verde\/#primaryimage","url":"https:\/\/medicinasinc.com\/pt\/wp-content\/uploads\/sites\/20\/2022\/02\/Spearmint-Flavour-Green-Goddess.jpg","contentUrl":"https:\/\/medicinasinc.com\/pt\/wp-content\/uploads\/sites\/20\/2022\/02\/Spearmint-Flavour-Green-Goddess.jpg","width":483,"height":483},{"@type":"BreadcrumbList","@id":"https:\/\/medicinasinc.com\/pt\/product\/comprar-41-tintura-30ml-hortela-sabor-deusa-verde\/#breadcrumb","itemListElement":[{"@type":"ListItem","position":1,"name":"Comprar","item":"https:\/\/medicinasinc.com\/pt\/comprar\/"},{"@type":"ListItem","position":2,"name":"Compre 4:1 Tintura (30mL) Sabor Hortel\u00e3 Green Goddess"}]},{"@type":"WebSite","@id":"https:\/\/medicinasinc.com\/pt\/#website","url":"https:\/\/medicinasinc.com\/pt\/","name":"Medicinas Inc","description":"Health Medical Clinic","potentialAction":[{"@type":"SearchAction","target":{"@type":"EntryPoint","urlTemplate":"https:\/\/medicinasinc.com\/pt\/?s={search_term_string}"},"query-input":{"@type":"PropertyValueSpecification","valueRequired":true,"valueName":"search_term_string"}}],"inLanguage":"pt-PT"}]}},"_links":{"self":[{"href":"https:\/\/medicinasinc.com\/pt\/wp-json\/wp\/v2\/product\/4348","targetHints":{"allow":["GET"]}}],"collection":[{"href":"https:\/\/medicinasinc.com\/pt\/wp-json\/wp\/v2\/product"}],"about":[{"href":"https:\/\/medicinasinc.com\/pt\/wp-json\/wp\/v2\/types\/product"}],"replies":[{"embeddable":true,"href":"https:\/\/medicinasinc.com\/pt\/wp-json\/wp\/v2\/comments?post=4348"}],"wp:featuredmedia":[{"embeddable":true,"href":"https:\/\/medicinasinc.com\/pt\/wp-json\/wp\/v2\/media\/4383"}],"wp:attachment":[{"href":"https:\/\/medicinasinc.com\/pt\/wp-json\/wp\/v2\/media?parent=4348"}],"wp:term":[{"taxonomy":"product_brand","embeddable":true,"href":"https:\/\/medicinasinc.com\/pt\/wp-json\/wp\/v2\/product_brand?post=4348"},{"taxonomy":"product_cat","embeddable":true,"href":"https:\/\/medicinasinc.com\/pt\/wp-json\/wp\/v2\/product_cat?post=4348"},{"taxonomy":"product_tag","embeddable":true,"href":"https:\/\/medicinasinc.com\/pt\/wp-json\/wp\/v2\/product_tag?post=4348"}],"curies":[{"name":"wp","href":"https:\/\/api.w.org\/{rel}","templated":true}]}}