{"id":4343,"date":"2022-02-20T08:27:57","date_gmt":"2022-02-20T08:27:57","guid":{"rendered":"https:\/\/medicinasinc.com\/pt\/?post_type=product&#038;p=4343"},"modified":"2022-07-06T00:06:58","modified_gmt":"2022-07-06T00:06:58","slug":"buy-41-1000mgcbd-250mgthc-tincture-key","status":"publish","type":"product","link":"https:\/\/medicinasinc.com\/pt\/product\/buy-41-1000mgcbd-250mgthc-tincture-key\/","title":{"rendered":"Compre 4:1 \u2013 1000mgCBD: 250mgTHC Tincture \u2013 Keey"},"content":{"rendered":"<div class=\"woocommerce-tabs wc-tabs-wrapper\">\n<div id=\"tab-description\" class=\"woocommerce-Tabs-panel woocommerce-Tabs-panel--description panel entry-content wc-tab\" role=\"tabpanel\" aria-labelledby=\"tab-title-description\">\n<h1>Compre 4:1 \u2013 1000mgCBD: 250mg THC Tincture \u2013 Key<\/h1>\n<\/p><\/div><\/div>\n<div class=\"related products\"><\/div>\n","protected":false},"excerpt":{"rendered":"<p>Compre 4:1 &#8211; 1000mgCBD: 250mgTHC Tintura &#8211; Keey \u00e0 venda no Reino Unido, Europa on-line Canad\u00e1 no maior dispens\u00e1rio on-line, Buy My Weed Online.<\/p>\n<ul>\n<li>Envio para todo o mundo<\/li>\n<li>A quantidade m\u00ednima do pedido \u00e9 5<\/li>\n<li> <strong>Entre em contato<\/strong>\u00a0para pedidos maiores<\/li>\n<\/ul>\n","protected":false},"featured_media":4377,"comment_status":"open","ping_status":"closed","template":"","meta":[],"product_brand":[],"product_cat":[440],"product_tag":[],"class_list":{"0":"post-4343","1":"product","2":"type-product","3":"status-publish","4":"has-post-thumbnail","6":"product_cat-compre-oleo-cbd-de-cannabis","8":"first","9":"instock","10":"shipping-taxable","11":"purchasable","12":"product-type-variable","13":"has-default-attributes"},"yoast_head":"<!-- This site is optimized with the Yoast SEO plugin v27.3 - https:\/\/yoast.com\/product\/yoast-seo-wordpress\/ -->\n<title>Compre 4:1 \u2013 1000mgCBD: 250mgTHC Tincture \u2013 Keey - Best Global Meds<\/title>\n<meta name=\"description\" content=\"Compre 4:1 - 1000mgCBD: 250mgTHC Tincture - Keey para venda Reino Unido, Europa online Canad\u00e1 do maior dispens\u00e1rio online, Compre My Weed Online.\" \/>\n<meta name=\"robots\" content=\"index, follow, max-snippet:-1, max-image-preview:large, max-video-preview:-1\" \/>\n<link rel=\"canonical\" href=\"https:\/\/medicinasinc.com\/pt\/product\/buy-41-1000mgcbd-250mgthc-tincture-key\/\" \/>\n<meta property=\"og:locale\" content=\"pt_PT\" \/>\n<meta property=\"og:type\" content=\"article\" \/>\n<meta property=\"og:title\" content=\"Compre 4:1 \u2013 1000mgCBD: 250mgTHC Tincture \u2013 Keey - Best Global Meds\" \/>\n<meta property=\"og:description\" content=\"Compre 4:1 - 1000mgCBD: 250mgTHC Tincture - Keey para venda Reino Unido, Europa online Canad\u00e1 do maior dispens\u00e1rio online, Compre My Weed Online.\" \/>\n<meta property=\"og:url\" content=\"https:\/\/medicinasinc.com\/pt\/product\/buy-41-1000mgcbd-250mgthc-tincture-key\/\" \/>\n<meta property=\"og:site_name\" content=\"Medicinas Inc\" \/>\n<meta property=\"article:modified_time\" content=\"2022-07-06T00:06:58+00:00\" \/>\n<meta property=\"og:image\" content=\"https:\/\/medicinasinc.com\/pt\/wp-content\/uploads\/sites\/20\/2022\/02\/250mgTHC-Tincture-\u2013-Keey.png\" \/>\n\t<meta property=\"og:image:width\" content=\"972\" \/>\n\t<meta property=\"og:image:height\" content=\"972\" \/>\n\t<meta property=\"og:image:type\" content=\"image\/png\" \/>\n<meta name=\"twitter:card\" content=\"summary_large_image\" \/>\n<meta name=\"twitter:label1\" content=\"Tempo estimado de leitura\" \/>\n\t<meta name=\"twitter:data1\" content=\"1 minuto\" \/>\n<script type=\"application\/ld+json\" class=\"yoast-schema-graph\">{\"@context\":\"https:\\\/\\\/schema.org\",\"@graph\":[{\"@type\":\"WebPage\",\"@id\":\"https:\\\/\\\/medicinasinc.com\\\/pt\\\/product\\\/buy-41-1000mgcbd-250mgthc-tincture-key\\\/\",\"url\":\"https:\\\/\\\/medicinasinc.com\\\/pt\\\/product\\\/buy-41-1000mgcbd-250mgthc-tincture-key\\\/\",\"name\":\"Compre 4:1 \u2013 1000mgCBD: 250mgTHC Tincture \u2013 Keey - Best Global Meds\",\"isPartOf\":{\"@id\":\"https:\\\/\\\/medicinasinc.com\\\/pt\\\/#website\"},\"primaryImageOfPage\":{\"@id\":\"https:\\\/\\\/medicinasinc.com\\\/pt\\\/product\\\/buy-41-1000mgcbd-250mgthc-tincture-key\\\/#primaryimage\"},\"image\":{\"@id\":\"https:\\\/\\\/medicinasinc.com\\\/pt\\\/product\\\/buy-41-1000mgcbd-250mgthc-tincture-key\\\/#primaryimage\"},\"thumbnailUrl\":\"https:\\\/\\\/medicinasinc.com\\\/pt\\\/wp-content\\\/uploads\\\/sites\\\/20\\\/2022\\\/02\\\/250mgTHC-Tincture-\u2013-Keey.png\",\"datePublished\":\"2022-02-20T08:27:57+00:00\",\"dateModified\":\"2022-07-06T00:06:58+00:00\",\"description\":\"Compre 4:1 - 1000mgCBD: 250mgTHC Tincture - Keey para venda Reino Unido, Europa online Canad\u00e1 do maior dispens\u00e1rio online, Compre My Weed Online.\",\"breadcrumb\":{\"@id\":\"https:\\\/\\\/medicinasinc.com\\\/pt\\\/product\\\/buy-41-1000mgcbd-250mgthc-tincture-key\\\/#breadcrumb\"},\"inLanguage\":\"pt-PT\",\"potentialAction\":[{\"@type\":\"ReadAction\",\"target\":[\"https:\\\/\\\/medicinasinc.com\\\/pt\\\/product\\\/buy-41-1000mgcbd-250mgthc-tincture-key\\\/\"]}]},{\"@type\":\"ImageObject\",\"inLanguage\":\"pt-PT\",\"@id\":\"https:\\\/\\\/medicinasinc.com\\\/pt\\\/product\\\/buy-41-1000mgcbd-250mgthc-tincture-key\\\/#primaryimage\",\"url\":\"https:\\\/\\\/medicinasinc.com\\\/pt\\\/wp-content\\\/uploads\\\/sites\\\/20\\\/2022\\\/02\\\/250mgTHC-Tincture-\u2013-Keey.png\",\"contentUrl\":\"https:\\\/\\\/medicinasinc.com\\\/pt\\\/wp-content\\\/uploads\\\/sites\\\/20\\\/2022\\\/02\\\/250mgTHC-Tincture-\u2013-Keey.png\",\"width\":972,\"height\":972},{\"@type\":\"BreadcrumbList\",\"@id\":\"https:\\\/\\\/medicinasinc.com\\\/pt\\\/product\\\/buy-41-1000mgcbd-250mgthc-tincture-key\\\/#breadcrumb\",\"itemListElement\":[{\"@type\":\"ListItem\",\"position\":1,\"name\":\"Comprar\",\"item\":\"https:\\\/\\\/medicinasinc.com\\\/pt\\\/comprar\\\/\"},{\"@type\":\"ListItem\",\"position\":2,\"name\":\"Compre 4:1 \u2013 1000mgCBD: 250mgTHC Tincture \u2013 Keey\"}]},{\"@type\":\"WebSite\",\"@id\":\"https:\\\/\\\/medicinasinc.com\\\/pt\\\/#website\",\"url\":\"https:\\\/\\\/medicinasinc.com\\\/pt\\\/\",\"name\":\"Medicinas Inc\",\"description\":\"Health Medical Clinic\",\"potentialAction\":[{\"@type\":\"SearchAction\",\"target\":{\"@type\":\"EntryPoint\",\"urlTemplate\":\"https:\\\/\\\/medicinasinc.com\\\/pt\\\/?s={search_term_string}\"},\"query-input\":{\"@type\":\"PropertyValueSpecification\",\"valueRequired\":true,\"valueName\":\"search_term_string\"}}],\"inLanguage\":\"pt-PT\"}]}<\/script>\n<!-- \/ Yoast SEO plugin. -->","yoast_head_json":{"title":"Compre 4:1 \u2013 1000mgCBD: 250mgTHC Tincture \u2013 Keey - Best Global Meds","description":"Compre 4:1 - 1000mgCBD: 250mgTHC Tincture - Keey para venda Reino Unido, Europa online Canad\u00e1 do maior dispens\u00e1rio online, Compre My Weed Online.","robots":{"index":"index","follow":"follow","max-snippet":"max-snippet:-1","max-image-preview":"max-image-preview:large","max-video-preview":"max-video-preview:-1"},"canonical":"https:\/\/medicinasinc.com\/pt\/product\/buy-41-1000mgcbd-250mgthc-tincture-key\/","og_locale":"pt_PT","og_type":"article","og_title":"Compre 4:1 \u2013 1000mgCBD: 250mgTHC Tincture \u2013 Keey - Best Global Meds","og_description":"Compre 4:1 - 1000mgCBD: 250mgTHC Tincture - Keey para venda Reino Unido, Europa online Canad\u00e1 do maior dispens\u00e1rio online, Compre My Weed Online.","og_url":"https:\/\/medicinasinc.com\/pt\/product\/buy-41-1000mgcbd-250mgthc-tincture-key\/","og_site_name":"Medicinas Inc","article_modified_time":"2022-07-06T00:06:58+00:00","og_image":[{"width":972,"height":972,"url":"https:\/\/medicinasinc.com\/pt\/wp-content\/uploads\/sites\/20\/2022\/02\/250mgTHC-Tincture-\u2013-Keey.png","type":"image\/png"}],"twitter_card":"summary_large_image","twitter_misc":{"Tempo estimado de leitura":"1 minuto"},"schema":{"@context":"https:\/\/schema.org","@graph":[{"@type":"WebPage","@id":"https:\/\/medicinasinc.com\/pt\/product\/buy-41-1000mgcbd-250mgthc-tincture-key\/","url":"https:\/\/medicinasinc.com\/pt\/product\/buy-41-1000mgcbd-250mgthc-tincture-key\/","name":"Compre 4:1 \u2013 1000mgCBD: 250mgTHC Tincture \u2013 Keey - Best Global Meds","isPartOf":{"@id":"https:\/\/medicinasinc.com\/pt\/#website"},"primaryImageOfPage":{"@id":"https:\/\/medicinasinc.com\/pt\/product\/buy-41-1000mgcbd-250mgthc-tincture-key\/#primaryimage"},"image":{"@id":"https:\/\/medicinasinc.com\/pt\/product\/buy-41-1000mgcbd-250mgthc-tincture-key\/#primaryimage"},"thumbnailUrl":"https:\/\/medicinasinc.com\/pt\/wp-content\/uploads\/sites\/20\/2022\/02\/250mgTHC-Tincture-\u2013-Keey.png","datePublished":"2022-02-20T08:27:57+00:00","dateModified":"2022-07-06T00:06:58+00:00","description":"Compre 4:1 - 1000mgCBD: 250mgTHC Tincture - Keey para venda Reino Unido, Europa online Canad\u00e1 do maior dispens\u00e1rio online, Compre My Weed Online.","breadcrumb":{"@id":"https:\/\/medicinasinc.com\/pt\/product\/buy-41-1000mgcbd-250mgthc-tincture-key\/#breadcrumb"},"inLanguage":"pt-PT","potentialAction":[{"@type":"ReadAction","target":["https:\/\/medicinasinc.com\/pt\/product\/buy-41-1000mgcbd-250mgthc-tincture-key\/"]}]},{"@type":"ImageObject","inLanguage":"pt-PT","@id":"https:\/\/medicinasinc.com\/pt\/product\/buy-41-1000mgcbd-250mgthc-tincture-key\/#primaryimage","url":"https:\/\/medicinasinc.com\/pt\/wp-content\/uploads\/sites\/20\/2022\/02\/250mgTHC-Tincture-\u2013-Keey.png","contentUrl":"https:\/\/medicinasinc.com\/pt\/wp-content\/uploads\/sites\/20\/2022\/02\/250mgTHC-Tincture-\u2013-Keey.png","width":972,"height":972},{"@type":"BreadcrumbList","@id":"https:\/\/medicinasinc.com\/pt\/product\/buy-41-1000mgcbd-250mgthc-tincture-key\/#breadcrumb","itemListElement":[{"@type":"ListItem","position":1,"name":"Comprar","item":"https:\/\/medicinasinc.com\/pt\/comprar\/"},{"@type":"ListItem","position":2,"name":"Compre 4:1 \u2013 1000mgCBD: 250mgTHC Tincture \u2013 Keey"}]},{"@type":"WebSite","@id":"https:\/\/medicinasinc.com\/pt\/#website","url":"https:\/\/medicinasinc.com\/pt\/","name":"Medicinas Inc","description":"Health Medical Clinic","potentialAction":[{"@type":"SearchAction","target":{"@type":"EntryPoint","urlTemplate":"https:\/\/medicinasinc.com\/pt\/?s={search_term_string}"},"query-input":{"@type":"PropertyValueSpecification","valueRequired":true,"valueName":"search_term_string"}}],"inLanguage":"pt-PT"}]}},"_links":{"self":[{"href":"https:\/\/medicinasinc.com\/pt\/wp-json\/wp\/v2\/product\/4343","targetHints":{"allow":["GET"]}}],"collection":[{"href":"https:\/\/medicinasinc.com\/pt\/wp-json\/wp\/v2\/product"}],"about":[{"href":"https:\/\/medicinasinc.com\/pt\/wp-json\/wp\/v2\/types\/product"}],"replies":[{"embeddable":true,"href":"https:\/\/medicinasinc.com\/pt\/wp-json\/wp\/v2\/comments?post=4343"}],"wp:featuredmedia":[{"embeddable":true,"href":"https:\/\/medicinasinc.com\/pt\/wp-json\/wp\/v2\/media\/4377"}],"wp:attachment":[{"href":"https:\/\/medicinasinc.com\/pt\/wp-json\/wp\/v2\/media?parent=4343"}],"wp:term":[{"taxonomy":"product_brand","embeddable":true,"href":"https:\/\/medicinasinc.com\/pt\/wp-json\/wp\/v2\/product_brand?post=4343"},{"taxonomy":"product_cat","embeddable":true,"href":"https:\/\/medicinasinc.com\/pt\/wp-json\/wp\/v2\/product_cat?post=4343"},{"taxonomy":"product_tag","embeddable":true,"href":"https:\/\/medicinasinc.com\/pt\/wp-json\/wp\/v2\/product_tag?post=4343"}],"curies":[{"name":"wp","href":"https:\/\/api.w.org\/{rel}","templated":true}]}}