{"id":4338,"date":"2022-02-20T08:27:22","date_gmt":"2022-02-20T08:27:22","guid":{"rendered":"https:\/\/medicinasinc.com\/pt\/?post_type=product&#038;p=4338"},"modified":"2022-07-06T00:07:10","modified_gmt":"2022-07-06T00:07:10","slug":"buy-250mg-thc-mist-spray-10ml-facilidade","status":"publish","type":"product","link":"https:\/\/medicinasinc.com\/pt\/product\/buy-250mg-thc-mist-spray-10ml-facilidade\/","title":{"rendered":"Compre 250mg THC Mist Spray 10ml &#8211; Facilidade"},"content":{"rendered":"<p>Compre 10ml 250mg THC Mist Spray \u2013 Facilidade<\/p>\n<p>Com nosso delicioso spray de h\u00e1lito com infus\u00e3o de cannabis, o Ease sublingual Spray eleva o conceito de tintura tradicional a um n\u00edvel totalmente novo. O Ease Spray permite que voc\u00ea dose conforme necess\u00e1rio, independentemente da localiza\u00e7\u00e3o, sem medo do estigma tradicionalmente associado \u00e0 maioria dos produtos de cannabis. O Ease Spray cont\u00e9m impressionantes 5 mg de medicamento por spray, permitindo que voc\u00ea medique com precis\u00e3o no n\u00edvel que atende \u00e0s suas necessidades. Ease Sprays n\u00e3o cont\u00eam \u00e1lcool, solventes ou petroqu\u00edmicos em sua f\u00f3rmula totalmente natural de extratos de coco, terpenos e extratos de cannabis.<\/p>\n<p>Este produto simplifica a medica\u00e7\u00e3o em movimento! Com o novo Ease Shake n Spray Extra Strength!<\/p>\n<p>DOSAGEM PARA FRASCOS DE SPRAY SUBLINGUAL<\/p>\n<p>250mg THC em um frasco de vidro de 10 ml<\/p>\n<p>Cada frasco cont\u00e9m 50 -60 pulveriza\u00e7\u00f5es.<\/p>\n","protected":false},"excerpt":{"rendered":"<p>Compre 250mg THC Mist Spray UK 10ml para venda Europa Online. O Ease Spray oferece a liberdade de dosar conforme necess\u00e1rio em qualquer lugar, sem se preocupar com o estigma tradicional<\/p>\n<ul>\n<li>Envio para todo o mundo<\/li>\n<li>EXTRA FOR\u00c7A THC MIST SPRAY<\/li>\n<li>frasco de vidro de 10 ml 250mg de THC<\/li>\n<li>A quantidade m\u00ednima de pedido \u00e9 5<\/li>\n<li><strong>Entre em contato<\/strong>\u00a0para pedidos maiores<\/li>\n<\/ul>\n","protected":false},"featured_media":4371,"comment_status":"open","ping_status":"closed","template":"","meta":[],"product_brand":[],"product_cat":[440],"product_tag":[],"class_list":{"0":"post-4338","1":"product","2":"type-product","3":"status-publish","4":"has-post-thumbnail","6":"product_cat-compre-oleo-cbd-de-cannabis","8":"first","9":"instock","10":"shipping-taxable","11":"purchasable","12":"product-type-variable","13":"has-default-attributes"},"yoast_head":"<!-- This site is optimized with the Yoast SEO plugin v27.3 - https:\/\/yoast.com\/product\/yoast-seo-wordpress\/ -->\n<title>Compre 250mg THC Mist Spray 10ml - Facilidade - Melhores Medicamentos Globais<\/title>\n<meta name=\"description\" content=\"Compre 250mg THC Mist Spray UK 10ml para venda Europa Online. O Ease Spray oferece a liberdade de dosar conforme necess\u00e1rio em qualquer lugar, sem se preocupar com o estigma tradicionalmente\" \/>\n<meta name=\"robots\" content=\"index, follow, max-snippet:-1, max-image-preview:large, max-video-preview:-1\" \/>\n<link rel=\"canonical\" href=\"https:\/\/medicinasinc.com\/pt\/product\/buy-250mg-thc-mist-spray-10ml-facilidade\/\" \/>\n<meta property=\"og:locale\" content=\"pt_PT\" \/>\n<meta property=\"og:type\" content=\"article\" \/>\n<meta property=\"og:title\" content=\"Compre 250mg THC Mist Spray 10ml - Facilidade - Melhores Medicamentos Globais\" \/>\n<meta property=\"og:description\" content=\"Compre 250mg THC Mist Spray UK 10ml para venda Europa Online. O Ease Spray oferece a liberdade de dosar conforme necess\u00e1rio em qualquer lugar, sem se preocupar com o estigma tradicionalmente\" \/>\n<meta property=\"og:url\" content=\"https:\/\/medicinasinc.com\/pt\/product\/buy-250mg-thc-mist-spray-10ml-facilidade\/\" \/>\n<meta property=\"og:site_name\" content=\"Medicinas Inc\" \/>\n<meta property=\"article:modified_time\" content=\"2022-07-06T00:07:10+00:00\" \/>\n<meta property=\"og:image\" content=\"https:\/\/medicinasinc.com\/pt\/wp-content\/uploads\/sites\/20\/2022\/02\/Buy-250mg-THC-Mist-Spray-10ml.jpg\" \/>\n\t<meta property=\"og:image:width\" content=\"1500\" \/>\n\t<meta property=\"og:image:height\" content=\"1500\" \/>\n\t<meta property=\"og:image:type\" content=\"image\/jpeg\" \/>\n<meta name=\"twitter:card\" content=\"summary_large_image\" \/>\n<meta name=\"twitter:label1\" content=\"Tempo estimado de leitura\" \/>\n\t<meta name=\"twitter:data1\" content=\"1 minuto\" \/>\n<script type=\"application\/ld+json\" class=\"yoast-schema-graph\">{\"@context\":\"https:\\\/\\\/schema.org\",\"@graph\":[{\"@type\":\"WebPage\",\"@id\":\"https:\\\/\\\/medicinasinc.com\\\/pt\\\/product\\\/buy-250mg-thc-mist-spray-10ml-facilidade\\\/\",\"url\":\"https:\\\/\\\/medicinasinc.com\\\/pt\\\/product\\\/buy-250mg-thc-mist-spray-10ml-facilidade\\\/\",\"name\":\"Compre 250mg THC Mist Spray 10ml - Facilidade - Melhores Medicamentos Globais\",\"isPartOf\":{\"@id\":\"https:\\\/\\\/medicinasinc.com\\\/pt\\\/#website\"},\"primaryImageOfPage\":{\"@id\":\"https:\\\/\\\/medicinasinc.com\\\/pt\\\/product\\\/buy-250mg-thc-mist-spray-10ml-facilidade\\\/#primaryimage\"},\"image\":{\"@id\":\"https:\\\/\\\/medicinasinc.com\\\/pt\\\/product\\\/buy-250mg-thc-mist-spray-10ml-facilidade\\\/#primaryimage\"},\"thumbnailUrl\":\"https:\\\/\\\/medicinasinc.com\\\/pt\\\/wp-content\\\/uploads\\\/sites\\\/20\\\/2022\\\/02\\\/Buy-250mg-THC-Mist-Spray-10ml.jpg\",\"datePublished\":\"2022-02-20T08:27:22+00:00\",\"dateModified\":\"2022-07-06T00:07:10+00:00\",\"description\":\"Compre 250mg THC Mist Spray UK 10ml para venda Europa Online. O Ease Spray oferece a liberdade de dosar conforme necess\u00e1rio em qualquer lugar, sem se preocupar com o estigma tradicionalmente\",\"breadcrumb\":{\"@id\":\"https:\\\/\\\/medicinasinc.com\\\/pt\\\/product\\\/buy-250mg-thc-mist-spray-10ml-facilidade\\\/#breadcrumb\"},\"inLanguage\":\"pt-PT\",\"potentialAction\":[{\"@type\":\"ReadAction\",\"target\":[\"https:\\\/\\\/medicinasinc.com\\\/pt\\\/product\\\/buy-250mg-thc-mist-spray-10ml-facilidade\\\/\"]}]},{\"@type\":\"ImageObject\",\"inLanguage\":\"pt-PT\",\"@id\":\"https:\\\/\\\/medicinasinc.com\\\/pt\\\/product\\\/buy-250mg-thc-mist-spray-10ml-facilidade\\\/#primaryimage\",\"url\":\"https:\\\/\\\/medicinasinc.com\\\/pt\\\/wp-content\\\/uploads\\\/sites\\\/20\\\/2022\\\/02\\\/Buy-250mg-THC-Mist-Spray-10ml.jpg\",\"contentUrl\":\"https:\\\/\\\/medicinasinc.com\\\/pt\\\/wp-content\\\/uploads\\\/sites\\\/20\\\/2022\\\/02\\\/Buy-250mg-THC-Mist-Spray-10ml.jpg\",\"width\":1500,\"height\":1500},{\"@type\":\"BreadcrumbList\",\"@id\":\"https:\\\/\\\/medicinasinc.com\\\/pt\\\/product\\\/buy-250mg-thc-mist-spray-10ml-facilidade\\\/#breadcrumb\",\"itemListElement\":[{\"@type\":\"ListItem\",\"position\":1,\"name\":\"Comprar\",\"item\":\"https:\\\/\\\/medicinasinc.com\\\/pt\\\/comprar\\\/\"},{\"@type\":\"ListItem\",\"position\":2,\"name\":\"Compre 250mg THC Mist Spray 10ml &#8211; Facilidade\"}]},{\"@type\":\"WebSite\",\"@id\":\"https:\\\/\\\/medicinasinc.com\\\/pt\\\/#website\",\"url\":\"https:\\\/\\\/medicinasinc.com\\\/pt\\\/\",\"name\":\"Medicinas Inc\",\"description\":\"Health Medical Clinic\",\"potentialAction\":[{\"@type\":\"SearchAction\",\"target\":{\"@type\":\"EntryPoint\",\"urlTemplate\":\"https:\\\/\\\/medicinasinc.com\\\/pt\\\/?s={search_term_string}\"},\"query-input\":{\"@type\":\"PropertyValueSpecification\",\"valueRequired\":true,\"valueName\":\"search_term_string\"}}],\"inLanguage\":\"pt-PT\"}]}<\/script>\n<!-- \/ Yoast SEO plugin. -->","yoast_head_json":{"title":"Compre 250mg THC Mist Spray 10ml - Facilidade - Melhores Medicamentos Globais","description":"Compre 250mg THC Mist Spray UK 10ml para venda Europa Online. O Ease Spray oferece a liberdade de dosar conforme necess\u00e1rio em qualquer lugar, sem se preocupar com o estigma tradicionalmente","robots":{"index":"index","follow":"follow","max-snippet":"max-snippet:-1","max-image-preview":"max-image-preview:large","max-video-preview":"max-video-preview:-1"},"canonical":"https:\/\/medicinasinc.com\/pt\/product\/buy-250mg-thc-mist-spray-10ml-facilidade\/","og_locale":"pt_PT","og_type":"article","og_title":"Compre 250mg THC Mist Spray 10ml - Facilidade - Melhores Medicamentos Globais","og_description":"Compre 250mg THC Mist Spray UK 10ml para venda Europa Online. O Ease Spray oferece a liberdade de dosar conforme necess\u00e1rio em qualquer lugar, sem se preocupar com o estigma tradicionalmente","og_url":"https:\/\/medicinasinc.com\/pt\/product\/buy-250mg-thc-mist-spray-10ml-facilidade\/","og_site_name":"Medicinas Inc","article_modified_time":"2022-07-06T00:07:10+00:00","og_image":[{"width":1500,"height":1500,"url":"https:\/\/medicinasinc.com\/pt\/wp-content\/uploads\/sites\/20\/2022\/02\/Buy-250mg-THC-Mist-Spray-10ml.jpg","type":"image\/jpeg"}],"twitter_card":"summary_large_image","twitter_misc":{"Tempo estimado de leitura":"1 minuto"},"schema":{"@context":"https:\/\/schema.org","@graph":[{"@type":"WebPage","@id":"https:\/\/medicinasinc.com\/pt\/product\/buy-250mg-thc-mist-spray-10ml-facilidade\/","url":"https:\/\/medicinasinc.com\/pt\/product\/buy-250mg-thc-mist-spray-10ml-facilidade\/","name":"Compre 250mg THC Mist Spray 10ml - Facilidade - Melhores Medicamentos Globais","isPartOf":{"@id":"https:\/\/medicinasinc.com\/pt\/#website"},"primaryImageOfPage":{"@id":"https:\/\/medicinasinc.com\/pt\/product\/buy-250mg-thc-mist-spray-10ml-facilidade\/#primaryimage"},"image":{"@id":"https:\/\/medicinasinc.com\/pt\/product\/buy-250mg-thc-mist-spray-10ml-facilidade\/#primaryimage"},"thumbnailUrl":"https:\/\/medicinasinc.com\/pt\/wp-content\/uploads\/sites\/20\/2022\/02\/Buy-250mg-THC-Mist-Spray-10ml.jpg","datePublished":"2022-02-20T08:27:22+00:00","dateModified":"2022-07-06T00:07:10+00:00","description":"Compre 250mg THC Mist Spray UK 10ml para venda Europa Online. O Ease Spray oferece a liberdade de dosar conforme necess\u00e1rio em qualquer lugar, sem se preocupar com o estigma tradicionalmente","breadcrumb":{"@id":"https:\/\/medicinasinc.com\/pt\/product\/buy-250mg-thc-mist-spray-10ml-facilidade\/#breadcrumb"},"inLanguage":"pt-PT","potentialAction":[{"@type":"ReadAction","target":["https:\/\/medicinasinc.com\/pt\/product\/buy-250mg-thc-mist-spray-10ml-facilidade\/"]}]},{"@type":"ImageObject","inLanguage":"pt-PT","@id":"https:\/\/medicinasinc.com\/pt\/product\/buy-250mg-thc-mist-spray-10ml-facilidade\/#primaryimage","url":"https:\/\/medicinasinc.com\/pt\/wp-content\/uploads\/sites\/20\/2022\/02\/Buy-250mg-THC-Mist-Spray-10ml.jpg","contentUrl":"https:\/\/medicinasinc.com\/pt\/wp-content\/uploads\/sites\/20\/2022\/02\/Buy-250mg-THC-Mist-Spray-10ml.jpg","width":1500,"height":1500},{"@type":"BreadcrumbList","@id":"https:\/\/medicinasinc.com\/pt\/product\/buy-250mg-thc-mist-spray-10ml-facilidade\/#breadcrumb","itemListElement":[{"@type":"ListItem","position":1,"name":"Comprar","item":"https:\/\/medicinasinc.com\/pt\/comprar\/"},{"@type":"ListItem","position":2,"name":"Compre 250mg THC Mist Spray 10ml &#8211; Facilidade"}]},{"@type":"WebSite","@id":"https:\/\/medicinasinc.com\/pt\/#website","url":"https:\/\/medicinasinc.com\/pt\/","name":"Medicinas Inc","description":"Health Medical Clinic","potentialAction":[{"@type":"SearchAction","target":{"@type":"EntryPoint","urlTemplate":"https:\/\/medicinasinc.com\/pt\/?s={search_term_string}"},"query-input":{"@type":"PropertyValueSpecification","valueRequired":true,"valueName":"search_term_string"}}],"inLanguage":"pt-PT"}]}},"_links":{"self":[{"href":"https:\/\/medicinasinc.com\/pt\/wp-json\/wp\/v2\/product\/4338","targetHints":{"allow":["GET"]}}],"collection":[{"href":"https:\/\/medicinasinc.com\/pt\/wp-json\/wp\/v2\/product"}],"about":[{"href":"https:\/\/medicinasinc.com\/pt\/wp-json\/wp\/v2\/types\/product"}],"replies":[{"embeddable":true,"href":"https:\/\/medicinasinc.com\/pt\/wp-json\/wp\/v2\/comments?post=4338"}],"wp:featuredmedia":[{"embeddable":true,"href":"https:\/\/medicinasinc.com\/pt\/wp-json\/wp\/v2\/media\/4371"}],"wp:attachment":[{"href":"https:\/\/medicinasinc.com\/pt\/wp-json\/wp\/v2\/media?parent=4338"}],"wp:term":[{"taxonomy":"product_brand","embeddable":true,"href":"https:\/\/medicinasinc.com\/pt\/wp-json\/wp\/v2\/product_brand?post=4338"},{"taxonomy":"product_cat","embeddable":true,"href":"https:\/\/medicinasinc.com\/pt\/wp-json\/wp\/v2\/product_cat?post=4338"},{"taxonomy":"product_tag","embeddable":true,"href":"https:\/\/medicinasinc.com\/pt\/wp-json\/wp\/v2\/product_tag?post=4338"}],"curies":[{"name":"wp","href":"https:\/\/api.w.org\/{rel}","templated":true}]}}