{"id":4333,"date":"2022-02-20T08:26:46","date_gmt":"2022-02-20T08:26:46","guid":{"rendered":"https:\/\/medicinasinc.com\/pt\/?post_type=product&#038;p=4333"},"modified":"2022-07-06T00:07:25","modified_gmt":"2022-07-06T00:07:25","slug":"buy-100mg-thc-hemp-seed-oil-capsules","status":"publish","type":"product","link":"https:\/\/medicinasinc.com\/pt\/product\/buy-100mg-thc-hemp-seed-oil-capsules\/","title":{"rendered":"Compre c\u00e1psulas de \u00f3leo de semente de c\u00e2nhamo 100mg THC"},"content":{"rendered":"<p>Compre c\u00e1psulas de \u00f3leo de semente de c\u00e2nhamo 100mg THC<\/p>\n<p>Para distinguir essas c\u00e1psulas das c\u00e1psulas de p\u00f3 de THC amplamente dispon\u00edveis, mas inferiores, cada c\u00e1psula cont\u00e9m 100 mg de \u00f3leo de semente de c\u00e2nhamo THC.<\/p>\n<p>Vendido em tr\u00eas embalagens<\/p>\n<p>Nossas c\u00e1psulas de \u00f3leo THC s\u00e3o derivadas de toda a planta Cannabis e s\u00e3o excepcionalmente ricas em terpenos. Estas c\u00e1psulas cont\u00eam o mais puro THC e \u00f3leo de semente de c\u00e2nhamo dispon\u00edvel. O \u00f3leo de semente de c\u00e2nhamo cont\u00e9m uma propor\u00e7\u00e3o de 3:1 de \u00e1cidos graxos \u00f4mega 6 para \u00f4mega 3, que atende aos requisitos ideais para a sa\u00fade a longo prazo. Cada lote de \u00f3leo THC \u00e9 testado em laborat\u00f3rio para garantir sua pureza e seguran\u00e7a.<\/p>\n","protected":false},"excerpt":{"rendered":"<p>As c\u00e1psulas de \u00f3leo de semente de c\u00e2nhamo 100mg THC \u00e0 venda s\u00e3o formuladas a partir de toda a planta de cannabis e s\u00e3o ricas em terpenos. Essas c\u00e1psulas cont\u00eam THC da mais alta qualidade e \u00f3leo de semente de c\u00e2nhamo.<\/p>\n<ul>\n<li>Envio para todo o mundo<\/li>\n<li>Cada c\u00e1psula cont\u00e9m 100 mg de THC.<\/li>\n<li>Cada frasco cont\u00e9m 3 c\u00e1psulas.<\/li>\n<li>A quantidade m\u00ednima do pedido \u00e9 de 5<strong><em>\u00a0garrafas<\/em><\/strong><\/li>\n<li>Entre em contato para pedidos maiores<\/li>\n<\/ul>\n","protected":false},"featured_media":4365,"comment_status":"open","ping_status":"closed","template":"","meta":[],"product_brand":[],"product_cat":[440],"product_tag":[],"class_list":{"0":"post-4333","1":"product","2":"type-product","3":"status-publish","4":"has-post-thumbnail","6":"product_cat-compre-oleo-cbd-de-cannabis","8":"first","9":"instock","10":"shipping-taxable","11":"purchasable","12":"product-type-variable","13":"has-default-attributes"},"yoast_head":"<!-- This site is optimized with the Yoast SEO plugin v27.3 - https:\/\/yoast.com\/product\/yoast-seo-wordpress\/ -->\n<title>Compre c\u00e1psulas de \u00f3leo de semente de c\u00e2nhamo 100mg THC - Melhores Medicamentos Globais<\/title>\n<meta name=\"description\" content=\"Compre 100mg THC C\u00e1psulas de \u00d3leo de Semente de C\u00e2nhamo para venda s\u00e3o formuladas a partir de toda a planta Cannabis e s\u00e3o ricas em terpenos. Estas c\u00e1psulas cont\u00eam THC da mais alta qualidade e \u00f3leo de semente de c\u00e2nhamo.\" \/>\n<meta name=\"robots\" content=\"index, follow, max-snippet:-1, max-image-preview:large, max-video-preview:-1\" \/>\n<link rel=\"canonical\" href=\"https:\/\/medicinasinc.com\/pt\/product\/buy-100mg-thc-hemp-seed-oil-capsules\/\" \/>\n<meta property=\"og:locale\" content=\"pt_PT\" \/>\n<meta property=\"og:type\" content=\"article\" \/>\n<meta property=\"og:title\" content=\"Compre c\u00e1psulas de \u00f3leo de semente de c\u00e2nhamo 100mg THC - Melhores Medicamentos Globais\" \/>\n<meta property=\"og:description\" content=\"Compre 100mg THC C\u00e1psulas de \u00d3leo de Semente de C\u00e2nhamo para venda s\u00e3o formuladas a partir de toda a planta Cannabis e s\u00e3o ricas em terpenos. Estas c\u00e1psulas cont\u00eam THC da mais alta qualidade e \u00f3leo de semente de c\u00e2nhamo.\" \/>\n<meta property=\"og:url\" content=\"https:\/\/medicinasinc.com\/pt\/product\/buy-100mg-thc-hemp-seed-oil-capsules\/\" \/>\n<meta property=\"og:site_name\" content=\"Medicinas Inc\" \/>\n<meta property=\"article:modified_time\" content=\"2022-07-06T00:07:25+00:00\" \/>\n<meta property=\"og:image\" content=\"https:\/\/medicinasinc.com\/pt\/wp-content\/uploads\/sites\/20\/2022\/02\/Buy-100mg-THC-Hemp-Seed-Oil-Capsules-2.jpg\" \/>\n\t<meta property=\"og:image:width\" content=\"344\" \/>\n\t<meta property=\"og:image:height\" content=\"400\" \/>\n\t<meta property=\"og:image:type\" content=\"image\/jpeg\" \/>\n<meta name=\"twitter:card\" content=\"summary_large_image\" \/>\n<meta name=\"twitter:label1\" content=\"Tempo estimado de leitura\" \/>\n\t<meta name=\"twitter:data1\" content=\"1 minuto\" \/>\n<script type=\"application\/ld+json\" class=\"yoast-schema-graph\">{\"@context\":\"https:\\\/\\\/schema.org\",\"@graph\":[{\"@type\":\"WebPage\",\"@id\":\"https:\\\/\\\/medicinasinc.com\\\/pt\\\/product\\\/buy-100mg-thc-hemp-seed-oil-capsules\\\/\",\"url\":\"https:\\\/\\\/medicinasinc.com\\\/pt\\\/product\\\/buy-100mg-thc-hemp-seed-oil-capsules\\\/\",\"name\":\"Compre c\u00e1psulas de \u00f3leo de semente de c\u00e2nhamo 100mg THC - Melhores Medicamentos Globais\",\"isPartOf\":{\"@id\":\"https:\\\/\\\/medicinasinc.com\\\/pt\\\/#website\"},\"primaryImageOfPage\":{\"@id\":\"https:\\\/\\\/medicinasinc.com\\\/pt\\\/product\\\/buy-100mg-thc-hemp-seed-oil-capsules\\\/#primaryimage\"},\"image\":{\"@id\":\"https:\\\/\\\/medicinasinc.com\\\/pt\\\/product\\\/buy-100mg-thc-hemp-seed-oil-capsules\\\/#primaryimage\"},\"thumbnailUrl\":\"https:\\\/\\\/medicinasinc.com\\\/pt\\\/wp-content\\\/uploads\\\/sites\\\/20\\\/2022\\\/02\\\/Buy-100mg-THC-Hemp-Seed-Oil-Capsules-2.jpg\",\"datePublished\":\"2022-02-20T08:26:46+00:00\",\"dateModified\":\"2022-07-06T00:07:25+00:00\",\"description\":\"Compre 100mg THC C\u00e1psulas de \u00d3leo de Semente de C\u00e2nhamo para venda s\u00e3o formuladas a partir de toda a planta Cannabis e s\u00e3o ricas em terpenos. Estas c\u00e1psulas cont\u00eam THC da mais alta qualidade e \u00f3leo de semente de c\u00e2nhamo.\",\"breadcrumb\":{\"@id\":\"https:\\\/\\\/medicinasinc.com\\\/pt\\\/product\\\/buy-100mg-thc-hemp-seed-oil-capsules\\\/#breadcrumb\"},\"inLanguage\":\"pt-PT\",\"potentialAction\":[{\"@type\":\"ReadAction\",\"target\":[\"https:\\\/\\\/medicinasinc.com\\\/pt\\\/product\\\/buy-100mg-thc-hemp-seed-oil-capsules\\\/\"]}]},{\"@type\":\"ImageObject\",\"inLanguage\":\"pt-PT\",\"@id\":\"https:\\\/\\\/medicinasinc.com\\\/pt\\\/product\\\/buy-100mg-thc-hemp-seed-oil-capsules\\\/#primaryimage\",\"url\":\"https:\\\/\\\/medicinasinc.com\\\/pt\\\/wp-content\\\/uploads\\\/sites\\\/20\\\/2022\\\/02\\\/Buy-100mg-THC-Hemp-Seed-Oil-Capsules-2.jpg\",\"contentUrl\":\"https:\\\/\\\/medicinasinc.com\\\/pt\\\/wp-content\\\/uploads\\\/sites\\\/20\\\/2022\\\/02\\\/Buy-100mg-THC-Hemp-Seed-Oil-Capsules-2.jpg\",\"width\":344,\"height\":400},{\"@type\":\"BreadcrumbList\",\"@id\":\"https:\\\/\\\/medicinasinc.com\\\/pt\\\/product\\\/buy-100mg-thc-hemp-seed-oil-capsules\\\/#breadcrumb\",\"itemListElement\":[{\"@type\":\"ListItem\",\"position\":1,\"name\":\"Comprar\",\"item\":\"https:\\\/\\\/medicinasinc.com\\\/pt\\\/comprar\\\/\"},{\"@type\":\"ListItem\",\"position\":2,\"name\":\"Compre c\u00e1psulas de \u00f3leo de semente de c\u00e2nhamo 100mg THC\"}]},{\"@type\":\"WebSite\",\"@id\":\"https:\\\/\\\/medicinasinc.com\\\/pt\\\/#website\",\"url\":\"https:\\\/\\\/medicinasinc.com\\\/pt\\\/\",\"name\":\"Medicinas Inc\",\"description\":\"Health Medical Clinic\",\"potentialAction\":[{\"@type\":\"SearchAction\",\"target\":{\"@type\":\"EntryPoint\",\"urlTemplate\":\"https:\\\/\\\/medicinasinc.com\\\/pt\\\/?s={search_term_string}\"},\"query-input\":{\"@type\":\"PropertyValueSpecification\",\"valueRequired\":true,\"valueName\":\"search_term_string\"}}],\"inLanguage\":\"pt-PT\"}]}<\/script>\n<!-- \/ Yoast SEO plugin. -->","yoast_head_json":{"title":"Compre c\u00e1psulas de \u00f3leo de semente de c\u00e2nhamo 100mg THC - Melhores Medicamentos Globais","description":"Compre 100mg THC C\u00e1psulas de \u00d3leo de Semente de C\u00e2nhamo para venda s\u00e3o formuladas a partir de toda a planta Cannabis e s\u00e3o ricas em terpenos. Estas c\u00e1psulas cont\u00eam THC da mais alta qualidade e \u00f3leo de semente de c\u00e2nhamo.","robots":{"index":"index","follow":"follow","max-snippet":"max-snippet:-1","max-image-preview":"max-image-preview:large","max-video-preview":"max-video-preview:-1"},"canonical":"https:\/\/medicinasinc.com\/pt\/product\/buy-100mg-thc-hemp-seed-oil-capsules\/","og_locale":"pt_PT","og_type":"article","og_title":"Compre c\u00e1psulas de \u00f3leo de semente de c\u00e2nhamo 100mg THC - Melhores Medicamentos Globais","og_description":"Compre 100mg THC C\u00e1psulas de \u00d3leo de Semente de C\u00e2nhamo para venda s\u00e3o formuladas a partir de toda a planta Cannabis e s\u00e3o ricas em terpenos. Estas c\u00e1psulas cont\u00eam THC da mais alta qualidade e \u00f3leo de semente de c\u00e2nhamo.","og_url":"https:\/\/medicinasinc.com\/pt\/product\/buy-100mg-thc-hemp-seed-oil-capsules\/","og_site_name":"Medicinas Inc","article_modified_time":"2022-07-06T00:07:25+00:00","og_image":[{"width":344,"height":400,"url":"https:\/\/medicinasinc.com\/pt\/wp-content\/uploads\/sites\/20\/2022\/02\/Buy-100mg-THC-Hemp-Seed-Oil-Capsules-2.jpg","type":"image\/jpeg"}],"twitter_card":"summary_large_image","twitter_misc":{"Tempo estimado de leitura":"1 minuto"},"schema":{"@context":"https:\/\/schema.org","@graph":[{"@type":"WebPage","@id":"https:\/\/medicinasinc.com\/pt\/product\/buy-100mg-thc-hemp-seed-oil-capsules\/","url":"https:\/\/medicinasinc.com\/pt\/product\/buy-100mg-thc-hemp-seed-oil-capsules\/","name":"Compre c\u00e1psulas de \u00f3leo de semente de c\u00e2nhamo 100mg THC - Melhores Medicamentos Globais","isPartOf":{"@id":"https:\/\/medicinasinc.com\/pt\/#website"},"primaryImageOfPage":{"@id":"https:\/\/medicinasinc.com\/pt\/product\/buy-100mg-thc-hemp-seed-oil-capsules\/#primaryimage"},"image":{"@id":"https:\/\/medicinasinc.com\/pt\/product\/buy-100mg-thc-hemp-seed-oil-capsules\/#primaryimage"},"thumbnailUrl":"https:\/\/medicinasinc.com\/pt\/wp-content\/uploads\/sites\/20\/2022\/02\/Buy-100mg-THC-Hemp-Seed-Oil-Capsules-2.jpg","datePublished":"2022-02-20T08:26:46+00:00","dateModified":"2022-07-06T00:07:25+00:00","description":"Compre 100mg THC C\u00e1psulas de \u00d3leo de Semente de C\u00e2nhamo para venda s\u00e3o formuladas a partir de toda a planta Cannabis e s\u00e3o ricas em terpenos. Estas c\u00e1psulas cont\u00eam THC da mais alta qualidade e \u00f3leo de semente de c\u00e2nhamo.","breadcrumb":{"@id":"https:\/\/medicinasinc.com\/pt\/product\/buy-100mg-thc-hemp-seed-oil-capsules\/#breadcrumb"},"inLanguage":"pt-PT","potentialAction":[{"@type":"ReadAction","target":["https:\/\/medicinasinc.com\/pt\/product\/buy-100mg-thc-hemp-seed-oil-capsules\/"]}]},{"@type":"ImageObject","inLanguage":"pt-PT","@id":"https:\/\/medicinasinc.com\/pt\/product\/buy-100mg-thc-hemp-seed-oil-capsules\/#primaryimage","url":"https:\/\/medicinasinc.com\/pt\/wp-content\/uploads\/sites\/20\/2022\/02\/Buy-100mg-THC-Hemp-Seed-Oil-Capsules-2.jpg","contentUrl":"https:\/\/medicinasinc.com\/pt\/wp-content\/uploads\/sites\/20\/2022\/02\/Buy-100mg-THC-Hemp-Seed-Oil-Capsules-2.jpg","width":344,"height":400},{"@type":"BreadcrumbList","@id":"https:\/\/medicinasinc.com\/pt\/product\/buy-100mg-thc-hemp-seed-oil-capsules\/#breadcrumb","itemListElement":[{"@type":"ListItem","position":1,"name":"Comprar","item":"https:\/\/medicinasinc.com\/pt\/comprar\/"},{"@type":"ListItem","position":2,"name":"Compre c\u00e1psulas de \u00f3leo de semente de c\u00e2nhamo 100mg THC"}]},{"@type":"WebSite","@id":"https:\/\/medicinasinc.com\/pt\/#website","url":"https:\/\/medicinasinc.com\/pt\/","name":"Medicinas Inc","description":"Health Medical Clinic","potentialAction":[{"@type":"SearchAction","target":{"@type":"EntryPoint","urlTemplate":"https:\/\/medicinasinc.com\/pt\/?s={search_term_string}"},"query-input":{"@type":"PropertyValueSpecification","valueRequired":true,"valueName":"search_term_string"}}],"inLanguage":"pt-PT"}]}},"_links":{"self":[{"href":"https:\/\/medicinasinc.com\/pt\/wp-json\/wp\/v2\/product\/4333","targetHints":{"allow":["GET"]}}],"collection":[{"href":"https:\/\/medicinasinc.com\/pt\/wp-json\/wp\/v2\/product"}],"about":[{"href":"https:\/\/medicinasinc.com\/pt\/wp-json\/wp\/v2\/types\/product"}],"replies":[{"embeddable":true,"href":"https:\/\/medicinasinc.com\/pt\/wp-json\/wp\/v2\/comments?post=4333"}],"wp:featuredmedia":[{"embeddable":true,"href":"https:\/\/medicinasinc.com\/pt\/wp-json\/wp\/v2\/media\/4365"}],"wp:attachment":[{"href":"https:\/\/medicinasinc.com\/pt\/wp-json\/wp\/v2\/media?parent=4333"}],"wp:term":[{"taxonomy":"product_brand","embeddable":true,"href":"https:\/\/medicinasinc.com\/pt\/wp-json\/wp\/v2\/product_brand?post=4333"},{"taxonomy":"product_cat","embeddable":true,"href":"https:\/\/medicinasinc.com\/pt\/wp-json\/wp\/v2\/product_cat?post=4333"},{"taxonomy":"product_tag","embeddable":true,"href":"https:\/\/medicinasinc.com\/pt\/wp-json\/wp\/v2\/product_tag?post=4333"}],"curies":[{"name":"wp","href":"https:\/\/api.w.org\/{rel}","templated":true}]}}