{"id":4327,"date":"2022-02-20T08:26:03","date_gmt":"2022-02-20T08:26:03","guid":{"rendered":"https:\/\/medicinasinc.com\/pt\/?post_type=product&#038;p=4327"},"modified":"2022-07-06T00:07:54","modified_gmt":"2022-07-06T00:07:54","slug":"destilado-tintura-1000mg-thc-green-deusa","status":"publish","type":"product","link":"https:\/\/medicinasinc.com\/pt\/product\/destilado-tintura-1000mg-thc-green-deusa\/","title":{"rendered":"Tintura Destilada &#8211; 1000mg THC \u2013 Deusa Verde"},"content":{"rendered":"<p>Green Goddess \u2013 1000mg THC Tincture<\/p>\n<p>Green Goddess Tincture gotas t\u00eam v\u00e1rias vantagens sobre outros m\u00e9todos de administra\u00e7\u00e3o de canabin\u00f3ides m\u00e9dicos: um frasco de 30ml com aplica\u00e7\u00e3o de got\u00edculas f\u00e1cil de usar permite dosagem sublingual precisa e confi\u00e1vel. A mucosa oral facilita a absor\u00e7\u00e3o r\u00e1pida e consistente na corrente sangu\u00ednea. O sistema digestivo e o f\u00edgado n\u00e3o est\u00e3o envolvidos no processamento dessas tinturas, como acontece com os canabin\u00f3ides ingeridos por via oral encontrados em comest\u00edveis. Discreto e ideal para n\u00e3o fumantes que buscam os benef\u00edcios do THC, mas sem a capacidade respirat\u00f3ria necess\u00e1ria para fumar.<\/p>\n<p>Produzido com um extrato de toda a planta de cannabis. Adicionamos um \u00f3leo C8 + C10 totalmente natural, uma fonte 100% org\u00e2nica derivada de coco de potentes \u00e1cidos graxos de cadeia m\u00e9dia que ajudam o corpo e a mente a ter o melhor desempenho. Aroma natural foi adicionado.<\/p>\n<p>Ingredientes:<\/p>\n<p>MCT Oil infundido com extrato de planta de cannabis (THC)<\/p>\n<p>Sugest\u00f5es de uso<\/p>\n<p>1 -2 conta-gotas a cada tr\u00eas a quatro horas, coloque sob a l\u00edngua e segure por 30 segundos para al\u00edvio m\u00e1ximo. Consulte o seu m\u00e9dico para determinar a dosagem adequada. Tomar com o est\u00f4mago vazio n\u00e3o \u00e9 recomendado.<\/p>\n","protected":false},"excerpt":{"rendered":"<p>Nosso \u00f3leo de c\u00e2nhamo premium CBD Distillate 1000mg THC Tincture tem 1000 mg de CBD extra\u00eddo do c\u00e2nhamo org\u00e2nico cultivado no Colorado. Tome esta tintura diariamente para o bem-estar alimentado por plantas!<\/p>\n<ul>\n<li>Envio para todo o mundo<\/li>\n<li>1000mg THC por 30mL<\/li>\n<li>A quantidade m\u00ednima de pedido \u00e9 5<\/li>\n<li>Entre em contato conosco para pedidos maiores<\/li>\n<\/ul>\n","protected":false},"featured_media":4357,"comment_status":"open","ping_status":"closed","template":"","meta":[],"product_brand":[],"product_cat":[440],"product_tag":[],"class_list":{"0":"post-4327","1":"product","2":"type-product","3":"status-publish","4":"has-post-thumbnail","6":"product_cat-compre-oleo-cbd-de-cannabis","8":"first","9":"instock","10":"shipping-taxable","11":"purchasable","12":"product-type-variable","13":"has-default-attributes"},"yoast_head":"<!-- This site is optimized with the Yoast SEO plugin v27.3 - https:\/\/yoast.com\/product\/yoast-seo-wordpress\/ -->\n<title>Tintura de THC destilada 1000mg - Deusa Verde - Melhores Medicamentos Globais<\/title>\n<meta name=\"description\" content=\"Nosso \u00f3leo de c\u00e2nhamo premium CBD Distillate 1000mg THC Tincture tem 1000 mg de CBD extra\u00eddo do c\u00e2nhamo org\u00e2nico cultivado no Colorado. Tome esta tintura diariamente para o bem-estar alimentado por plantas!\" \/>\n<meta name=\"robots\" content=\"index, follow, max-snippet:-1, max-image-preview:large, max-video-preview:-1\" \/>\n<link rel=\"canonical\" href=\"https:\/\/medicinasinc.com\/pt\/product\/destilado-tintura-1000mg-thc-green-deusa\/\" \/>\n<meta property=\"og:locale\" content=\"pt_PT\" \/>\n<meta property=\"og:type\" content=\"article\" \/>\n<meta property=\"og:title\" content=\"Tintura de THC destilada 1000mg - Deusa Verde - Melhores Medicamentos Globais\" \/>\n<meta property=\"og:description\" content=\"Nosso \u00f3leo de c\u00e2nhamo premium CBD Distillate 1000mg THC Tincture tem 1000 mg de CBD extra\u00eddo do c\u00e2nhamo org\u00e2nico cultivado no Colorado. Tome esta tintura diariamente para o bem-estar alimentado por plantas!\" \/>\n<meta property=\"og:url\" content=\"https:\/\/medicinasinc.com\/pt\/product\/destilado-tintura-1000mg-thc-green-deusa\/\" \/>\n<meta property=\"og:site_name\" content=\"Medicinas Inc\" \/>\n<meta property=\"article:modified_time\" content=\"2022-07-06T00:07:54+00:00\" \/>\n<meta property=\"og:image\" content=\"https:\/\/medicinasinc.com\/pt\/wp-content\/uploads\/sites\/20\/2022\/02\/1000mg-THC-Tincture.jpg\" \/>\n\t<meta property=\"og:image:width\" content=\"600\" \/>\n\t<meta property=\"og:image:height\" content=\"600\" \/>\n\t<meta property=\"og:image:type\" content=\"image\/jpeg\" \/>\n<meta name=\"twitter:card\" content=\"summary_large_image\" \/>\n<meta name=\"twitter:label1\" content=\"Tempo estimado de leitura\" \/>\n\t<meta name=\"twitter:data1\" content=\"1 minuto\" \/>\n<script type=\"application\/ld+json\" class=\"yoast-schema-graph\">{\"@context\":\"https:\\\/\\\/schema.org\",\"@graph\":[{\"@type\":\"WebPage\",\"@id\":\"https:\\\/\\\/medicinasinc.com\\\/pt\\\/product\\\/destilado-tintura-1000mg-thc-green-deusa\\\/\",\"url\":\"https:\\\/\\\/medicinasinc.com\\\/pt\\\/product\\\/destilado-tintura-1000mg-thc-green-deusa\\\/\",\"name\":\"Tintura de THC destilada 1000mg - Deusa Verde - Melhores Medicamentos Globais\",\"isPartOf\":{\"@id\":\"https:\\\/\\\/medicinasinc.com\\\/pt\\\/#website\"},\"primaryImageOfPage\":{\"@id\":\"https:\\\/\\\/medicinasinc.com\\\/pt\\\/product\\\/destilado-tintura-1000mg-thc-green-deusa\\\/#primaryimage\"},\"image\":{\"@id\":\"https:\\\/\\\/medicinasinc.com\\\/pt\\\/product\\\/destilado-tintura-1000mg-thc-green-deusa\\\/#primaryimage\"},\"thumbnailUrl\":\"https:\\\/\\\/medicinasinc.com\\\/pt\\\/wp-content\\\/uploads\\\/sites\\\/20\\\/2022\\\/02\\\/1000mg-THC-Tincture.jpg\",\"datePublished\":\"2022-02-20T08:26:03+00:00\",\"dateModified\":\"2022-07-06T00:07:54+00:00\",\"description\":\"Nosso \u00f3leo de c\u00e2nhamo premium CBD Distillate 1000mg THC Tincture tem 1000 mg de CBD extra\u00eddo do c\u00e2nhamo org\u00e2nico cultivado no Colorado. Tome esta tintura diariamente para o bem-estar alimentado por plantas!\",\"breadcrumb\":{\"@id\":\"https:\\\/\\\/medicinasinc.com\\\/pt\\\/product\\\/destilado-tintura-1000mg-thc-green-deusa\\\/#breadcrumb\"},\"inLanguage\":\"pt-PT\",\"potentialAction\":[{\"@type\":\"ReadAction\",\"target\":[\"https:\\\/\\\/medicinasinc.com\\\/pt\\\/product\\\/destilado-tintura-1000mg-thc-green-deusa\\\/\"]}]},{\"@type\":\"ImageObject\",\"inLanguage\":\"pt-PT\",\"@id\":\"https:\\\/\\\/medicinasinc.com\\\/pt\\\/product\\\/destilado-tintura-1000mg-thc-green-deusa\\\/#primaryimage\",\"url\":\"https:\\\/\\\/medicinasinc.com\\\/pt\\\/wp-content\\\/uploads\\\/sites\\\/20\\\/2022\\\/02\\\/1000mg-THC-Tincture.jpg\",\"contentUrl\":\"https:\\\/\\\/medicinasinc.com\\\/pt\\\/wp-content\\\/uploads\\\/sites\\\/20\\\/2022\\\/02\\\/1000mg-THC-Tincture.jpg\",\"width\":600,\"height\":600},{\"@type\":\"BreadcrumbList\",\"@id\":\"https:\\\/\\\/medicinasinc.com\\\/pt\\\/product\\\/destilado-tintura-1000mg-thc-green-deusa\\\/#breadcrumb\",\"itemListElement\":[{\"@type\":\"ListItem\",\"position\":1,\"name\":\"Comprar\",\"item\":\"https:\\\/\\\/medicinasinc.com\\\/pt\\\/comprar\\\/\"},{\"@type\":\"ListItem\",\"position\":2,\"name\":\"Tintura Destilada &#8211; 1000mg THC \u2013 Deusa Verde\"}]},{\"@type\":\"WebSite\",\"@id\":\"https:\\\/\\\/medicinasinc.com\\\/pt\\\/#website\",\"url\":\"https:\\\/\\\/medicinasinc.com\\\/pt\\\/\",\"name\":\"Medicinas Inc\",\"description\":\"Health Medical Clinic\",\"potentialAction\":[{\"@type\":\"SearchAction\",\"target\":{\"@type\":\"EntryPoint\",\"urlTemplate\":\"https:\\\/\\\/medicinasinc.com\\\/pt\\\/?s={search_term_string}\"},\"query-input\":{\"@type\":\"PropertyValueSpecification\",\"valueRequired\":true,\"valueName\":\"search_term_string\"}}],\"inLanguage\":\"pt-PT\"}]}<\/script>\n<!-- \/ Yoast SEO plugin. -->","yoast_head_json":{"title":"Tintura de THC destilada 1000mg - Deusa Verde - Melhores Medicamentos Globais","description":"Nosso \u00f3leo de c\u00e2nhamo premium CBD Distillate 1000mg THC Tincture tem 1000 mg de CBD extra\u00eddo do c\u00e2nhamo org\u00e2nico cultivado no Colorado. Tome esta tintura diariamente para o bem-estar alimentado por plantas!","robots":{"index":"index","follow":"follow","max-snippet":"max-snippet:-1","max-image-preview":"max-image-preview:large","max-video-preview":"max-video-preview:-1"},"canonical":"https:\/\/medicinasinc.com\/pt\/product\/destilado-tintura-1000mg-thc-green-deusa\/","og_locale":"pt_PT","og_type":"article","og_title":"Tintura de THC destilada 1000mg - Deusa Verde - Melhores Medicamentos Globais","og_description":"Nosso \u00f3leo de c\u00e2nhamo premium CBD Distillate 1000mg THC Tincture tem 1000 mg de CBD extra\u00eddo do c\u00e2nhamo org\u00e2nico cultivado no Colorado. Tome esta tintura diariamente para o bem-estar alimentado por plantas!","og_url":"https:\/\/medicinasinc.com\/pt\/product\/destilado-tintura-1000mg-thc-green-deusa\/","og_site_name":"Medicinas Inc","article_modified_time":"2022-07-06T00:07:54+00:00","og_image":[{"width":600,"height":600,"url":"https:\/\/medicinasinc.com\/pt\/wp-content\/uploads\/sites\/20\/2022\/02\/1000mg-THC-Tincture.jpg","type":"image\/jpeg"}],"twitter_card":"summary_large_image","twitter_misc":{"Tempo estimado de leitura":"1 minuto"},"schema":{"@context":"https:\/\/schema.org","@graph":[{"@type":"WebPage","@id":"https:\/\/medicinasinc.com\/pt\/product\/destilado-tintura-1000mg-thc-green-deusa\/","url":"https:\/\/medicinasinc.com\/pt\/product\/destilado-tintura-1000mg-thc-green-deusa\/","name":"Tintura de THC destilada 1000mg - Deusa Verde - Melhores Medicamentos Globais","isPartOf":{"@id":"https:\/\/medicinasinc.com\/pt\/#website"},"primaryImageOfPage":{"@id":"https:\/\/medicinasinc.com\/pt\/product\/destilado-tintura-1000mg-thc-green-deusa\/#primaryimage"},"image":{"@id":"https:\/\/medicinasinc.com\/pt\/product\/destilado-tintura-1000mg-thc-green-deusa\/#primaryimage"},"thumbnailUrl":"https:\/\/medicinasinc.com\/pt\/wp-content\/uploads\/sites\/20\/2022\/02\/1000mg-THC-Tincture.jpg","datePublished":"2022-02-20T08:26:03+00:00","dateModified":"2022-07-06T00:07:54+00:00","description":"Nosso \u00f3leo de c\u00e2nhamo premium CBD Distillate 1000mg THC Tincture tem 1000 mg de CBD extra\u00eddo do c\u00e2nhamo org\u00e2nico cultivado no Colorado. Tome esta tintura diariamente para o bem-estar alimentado por plantas!","breadcrumb":{"@id":"https:\/\/medicinasinc.com\/pt\/product\/destilado-tintura-1000mg-thc-green-deusa\/#breadcrumb"},"inLanguage":"pt-PT","potentialAction":[{"@type":"ReadAction","target":["https:\/\/medicinasinc.com\/pt\/product\/destilado-tintura-1000mg-thc-green-deusa\/"]}]},{"@type":"ImageObject","inLanguage":"pt-PT","@id":"https:\/\/medicinasinc.com\/pt\/product\/destilado-tintura-1000mg-thc-green-deusa\/#primaryimage","url":"https:\/\/medicinasinc.com\/pt\/wp-content\/uploads\/sites\/20\/2022\/02\/1000mg-THC-Tincture.jpg","contentUrl":"https:\/\/medicinasinc.com\/pt\/wp-content\/uploads\/sites\/20\/2022\/02\/1000mg-THC-Tincture.jpg","width":600,"height":600},{"@type":"BreadcrumbList","@id":"https:\/\/medicinasinc.com\/pt\/product\/destilado-tintura-1000mg-thc-green-deusa\/#breadcrumb","itemListElement":[{"@type":"ListItem","position":1,"name":"Comprar","item":"https:\/\/medicinasinc.com\/pt\/comprar\/"},{"@type":"ListItem","position":2,"name":"Tintura Destilada &#8211; 1000mg THC \u2013 Deusa Verde"}]},{"@type":"WebSite","@id":"https:\/\/medicinasinc.com\/pt\/#website","url":"https:\/\/medicinasinc.com\/pt\/","name":"Medicinas Inc","description":"Health Medical Clinic","potentialAction":[{"@type":"SearchAction","target":{"@type":"EntryPoint","urlTemplate":"https:\/\/medicinasinc.com\/pt\/?s={search_term_string}"},"query-input":{"@type":"PropertyValueSpecification","valueRequired":true,"valueName":"search_term_string"}}],"inLanguage":"pt-PT"}]}},"_links":{"self":[{"href":"https:\/\/medicinasinc.com\/pt\/wp-json\/wp\/v2\/product\/4327","targetHints":{"allow":["GET"]}}],"collection":[{"href":"https:\/\/medicinasinc.com\/pt\/wp-json\/wp\/v2\/product"}],"about":[{"href":"https:\/\/medicinasinc.com\/pt\/wp-json\/wp\/v2\/types\/product"}],"replies":[{"embeddable":true,"href":"https:\/\/medicinasinc.com\/pt\/wp-json\/wp\/v2\/comments?post=4327"}],"wp:featuredmedia":[{"embeddable":true,"href":"https:\/\/medicinasinc.com\/pt\/wp-json\/wp\/v2\/media\/4357"}],"wp:attachment":[{"href":"https:\/\/medicinasinc.com\/pt\/wp-json\/wp\/v2\/media?parent=4327"}],"wp:term":[{"taxonomy":"product_brand","embeddable":true,"href":"https:\/\/medicinasinc.com\/pt\/wp-json\/wp\/v2\/product_brand?post=4327"},{"taxonomy":"product_cat","embeddable":true,"href":"https:\/\/medicinasinc.com\/pt\/wp-json\/wp\/v2\/product_cat?post=4327"},{"taxonomy":"product_tag","embeddable":true,"href":"https:\/\/medicinasinc.com\/pt\/wp-json\/wp\/v2\/product_tag?post=4327"}],"curies":[{"name":"wp","href":"https:\/\/api.w.org\/{rel}","templated":true}]}}