{"id":3,"date":"2022-02-19T02:31:18","date_gmt":"2022-02-19T02:31:18","guid":{"rendered":"https:\/\/medicinasinc.com\/pt\/?page_id=3"},"modified":"2022-07-05T00:51:37","modified_gmt":"2022-07-05T00:51:37","slug":"politicas","status":"publish","type":"page","link":"https:\/\/medicinasinc.com\/pt\/politicas\/","title":{"rendered":"Privacidade e Termos"},"content":{"rendered":"<p>[vc_section][vc_row][vc_column][vc_row_inner][vc_column_inner][vc_custom_heading text=&#8221;Nossas Politicas&#8221; font_container=&#8221;tag:h1|text_align:left&#8221; use_theme_fonts=&#8221;yes&#8221;][vc_separator align=&#8221;align_left&#8221; border_width=&#8221;2&#8243; el_width=&#8221;10&#8243;][\/vc_column_inner][\/vc_row_inner][\/vc_column][\/vc_row][vc_row][vc_column][vc_row_inner][vc_column_inner][vc_empty_space][vc_custom_heading text=&#8221;Ter uma quest\u00e3o?&#8221; use_theme_fonts=&#8221;yes&#8221;][\/vc_column_inner][\/vc_row_inner][vc_row_inner][vc_column_inner][vc_column_text]Veja abaixo as perguntas mais frequentes sobre Medicamentos.<\/p>\n<p>Se h\u00e1 uma pergunta que voc\u00ea est\u00e1 procurando, mas n\u00e3o consegue encontr\u00e1-la, sinta-se \u00e0 vontade para <strong>entrar em contato<\/strong> conosco.[\/vc_column_text][\/vc_column_inner][\/vc_row_inner][vc_row_inner][vc_column_inner][vc_btn title=&#8221;Entrar em contato&#8221; link=&#8221;url:%2Fpt%2Fcontato%2F&#8221;][\/vc_column_inner][\/vc_row_inner][\/vc_column][\/vc_row][\/vc_section][vc_section][vc_row][vc_column][vc_row_inner][vc_column_inner][vc_empty_space height=&#8221;75px&#8221;][\/vc_column_inner][\/vc_row_inner][vc_row_inner][vc_column_inner][vc_column_text]<\/p>\n<ul>\n<li><a href=\"#shipping\">Pol\u00edtica de envio<\/a><\/li>\n<li><a href=\"#cancellation\">Pol\u00edtica de cancelamento de pedidos<\/a><\/li>\n<li><a href=\"#refund\">Pol\u00edtica de reembolso<\/a><\/li>\n<li><a href=\"#privacy\">Pol\u00edtica de privacidade<\/a><\/li>\n<li><a href=\"#disclaimer\">Isen\u00e7\u00e3o de responsabilidade<\/a><\/li>\n<\/ul>\n<p>[\/vc_column_text][\/vc_column_inner][\/vc_row_inner][\/vc_column][\/vc_row][\/vc_section][vc_section el_id=&#8221;shipping&#8221;][vc_row][vc_column][vc_row_inner][vc_column_inner][vc_empty_space height=&#8221;75px&#8221;][vc_custom_heading text=&#8221;Pol\u00edtica de envio&#8221; use_theme_fonts=&#8221;yes&#8221;][\/vc_column_inner][\/vc_row_inner][vc_row_inner][vc_column_inner][vc_column_text]Os medicamentos que oferecemos s\u00e3o fabricados e enviados da \u00cdndia. \u00c9 um longo caminho, portanto, a entrega leva tempo. Normalmente, os envios s\u00e3o entregues no prazo de 10 a 17 dias, mas em alguns casos, pode haver um atraso de mais 5 dias.<\/p>\n<p>Em caso de n\u00e3o entrega ap\u00f3s o prazo, entre em contato conosco para informar sobre o assunto. Faremos o nosso melhor para lhe oferecer a solu\u00e7\u00e3o que satisfa\u00e7a plenamente os seus interesses. Clique <a href=\"\/faq#shipping\" rel=\"nofollow\">aqui<\/a> para saber mais sobre frete.[\/vc_column_text][\/vc_column_inner][\/vc_row_inner][\/vc_column][\/vc_row][\/vc_section][vc_section el_id=&#8221;cancellation&#8221;][vc_row][vc_column][vc_row_inner][vc_column_inner][vc_empty_space height=&#8221;75px&#8221;][vc_custom_heading text=&#8221;Pol\u00edtica de cancelamento de pedidos&#8221; use_theme_fonts=&#8221;yes&#8221;][\/vc_column_inner][\/vc_row_inner][vc_row_inner][vc_column_inner][vc_column_text]Informamos que aceitamos cancelamentos de pedidos SOMENTE dentro de 24 horas ap\u00f3s o envio do pedido. Se voc\u00ea deseja cancelar o pedido, entre em contato com nossa equipe de suporte por telefone ou e-mail ( <a href=\"\/contact\/\" rel=\"nofollow\">Fale conosco<\/a> ) e informe-os sobre sua decis\u00e3o . Caso voc\u00ea entre em contato conosco ap\u00f3s 24 horas, nenhum cancelamento de pedido ser\u00e1 processado.<\/p>\n<p>Certifique-se de inserir um endere\u00e7o de entrega v\u00e1lido no formul\u00e1rio de pedido, recomendamos que voc\u00ea verifique as notas antes de enviar o pedido. Qualquer erro pode causar a n\u00e3o entrega dos produtos encomendados. Se voc\u00ea notou que as notas de endere\u00e7o foram especificadas incorretamente, entre em contato conosco o mais r\u00e1pido poss\u00edvel para informar sobre o assunto ( <a href=\"\/contact\/\" rel=\"nofollow\">Fale conosco<\/a>).[\/vc_column_text][\/vc_column_inner][\/vc_row_inner][\/vc_column][\/vc_row][\/vc_section][vc_section el_id=&#8221;refund&#8221;][vc_row][vc_column][vc_row_inner][vc_column_inner][vc_empty_space height=&#8221;75px&#8221;][vc_custom_heading text=&#8221;Politica de reembolso&#8221; use_theme_fonts=&#8221;yes&#8221;][\/vc_column_inner][\/vc_row_inner][vc_row_inner][vc_column_inner][vc_column_text]Os medicamentos que oferecemos s\u00e3o genericamente equivalentes aos seus hom\u00f3logos de marca. N\u00f3s garantimos que eles s\u00e3o os mesmos quimicamente e t\u00eam o mesmo efeito m\u00e9dico.<\/p>\n<p>Caso voc\u00ea n\u00e3o esteja satisfeito com o efeito que nossos medicamentos produzem, por favor, <a href=\"\/contact\/\" rel=\"nofollow\">entre em contato conosco<\/a> para informar sobre o problema. Forneceremos o endere\u00e7o de devolu\u00e7\u00e3o e assim que o produto for recebido pelo nosso departamento de devolu\u00e7\u00f5es, iniciaremos o procedimento de reembolso.<\/p>\n<p>Antes de nos contactar, certifique-se de que toma a dosagem correcta dos produtos e segue as instru\u00e7\u00f5es de utiliza\u00e7\u00e3o. Lembre-se de que os efeitos podem ser retardados por alimentos gordurosos e \u00e1lcool que voc\u00ea toma antes da guia.<\/p>\n<p>Em caso de <strong>n\u00e3o entrega do produto<\/strong> dentro do prazo (a entrega leva de 10 a 17 dias, pode haver um atraso adicional de 5 dias para a verifica\u00e7\u00e3o alfandeg\u00e1ria) voc\u00ea pode entrar em contato com nossa equipe de suporte ( &lt; a href=&#8221;\/contact\/&#8221; rel=&#8221;nofollow&#8221;&gt;Entre em contato conosco ) para se qualificar para um reembolso. Seu pagamento ser\u00e1 totalmente reembolsado em seu cart\u00e3o de cr\u00e9dito. O procedimento de reembolso geralmente leva de 5 a 7 dias \u00fateis, ap\u00f3s esse per\u00edodo o reembolso ser\u00e1 refletido no extrato do seu cart\u00e3o de cr\u00e9dito.<\/p>\n<p>Devido \u00e0 natureza espec\u00edfica dos produtos que oferecemos n\u00e3o aceitamos devolu\u00e7\u00f5es. Ningu\u00e9m pode garantir que as condi\u00e7\u00f5es de armazenamento sejam atendidas durante o transporte do pedido, portanto, n\u00e3o podemos aceit\u00e1-las, mesmo que o pacote permane\u00e7a fechado.[\/vc_column_text][\/vc_column_inner][\/vc_row_inner][\/vc_column][\/vc_row][\/vc_section][vc_section el_id=&#8221;privacy&#8221;][vc_row][vc_column][vc_row_inner][vc_column_inner][vc_empty_space height=&#8221;75px&#8221;][vc_custom_heading text=&#8221;Pol\u00edtica de Privacidade&#8221; use_theme_fonts=&#8221;yes&#8221;][\/vc_column_inner][\/vc_row_inner][vc_row_inner][vc_column_inner][vc_column_text]Entendemos que a privacidade de todas as informa\u00e7\u00f5es que voc\u00ea fornece \u00e9 de primordial import\u00e2ncia. \u00c9 por isso que fazemos todo o poss\u00edvel para us\u00e1-lo com cuidado e sensatez. Essas informa\u00e7\u00f5es nunca s\u00e3o compartilhadas com outras empresas ou provedores de servi\u00e7os terceirizados.<\/p>\n<p>Todas as transa\u00e7\u00f5es em nossa p\u00e1gina de checkout s\u00e3o 100% seguras. Protegemos a seguran\u00e7a de suas informa\u00e7\u00f5es usando o software Secure Sockets Layer (SSL) de 256 bits, que criptografa todas as informa\u00e7\u00f5es inseridas. Al\u00e9m disso, nossos servidores de cobran\u00e7a s\u00e3o certificados por ag\u00eancias independentes e conceituadas que garantem que mantemos suas informa\u00e7\u00f5es seguras e privadas.<\/p>\n<p>Apenas os \u00faltimos 4 d\u00edgitos do seu cart\u00e3o de cr\u00e9dito s\u00e3o refletidos em nosso banco de dados, portanto, mesmo nossos operadores de suporte ao cliente n\u00e3o t\u00eam acesso \u00e0s informa\u00e7\u00f5es do cart\u00e3o de cr\u00e9dito.[\/vc_column_text][\/vc_column_inner][\/vc_row_inner][\/vc_column][\/vc_row][\/vc_section][vc_section el_id=&#8221;disclaimer&#8221;][vc_row][vc_column][vc_row_inner][vc_column_inner][vc_empty_space height=&#8221;75px&#8221;][vc_custom_heading text=&#8221;Isen\u00e7\u00e3o de responsabilidade&#8221; use_theme_fonts=&#8221;yes&#8221;][\/vc_column_inner][\/vc_row_inner][vc_row_inner][vc_column_inner][vc_column_text]Nossa empresa n\u00e3o \u00e9 respons\u00e1vel e expressamente se isenta de qualquer responsabilidade por qualquer atraso na entrega que n\u00e3o exceda 10 dias ap\u00f3s a data de entrega estimada especificada. 10 (dez) dias ap\u00f3s a data prevista de entrega especificada, ou o pr\u00f3ximo dia \u00fatil, em caso de feriado local, \u00e9 considerado prazo.<\/p>\n<p>Nossa empresa n\u00e3o \u00e9 respons\u00e1vel por falha na entrega caso o Cliente tenha especificado um endere\u00e7o insuficiente, endere\u00e7o errado ou um endere\u00e7o que n\u00e3o leve a uma entrega bem-sucedida de qualquer outra forma.<br \/>\nNossa empresa n\u00e3o \u00e9 respons\u00e1vel pela falha na entrega caso o Cliente n\u00e3o tenha reivindicado o pacote, o tenha recusado ou impedido uma entrega bem-sucedida de qualquer outra forma. Todos os reenvios nesses casos s\u00e3o feitos apenas via Correio Regular Internacional.<\/p>\n<p>Nossa empresa n\u00e3o \u00e9 respons\u00e1vel e expressamente se isenta de qualquer responsabilidade pela entrega de qualquer produto gen\u00e9rico que n\u00e3o atenda \u00e0s expectativas do Cliente por crit\u00e9rios como &#8211; cor, forma e tamanho da p\u00edlula, presen\u00e7a de qualquer marca\u00e7\u00e3o impressa ou marca na p\u00edlula, com um nome de marketing, ou sendo feito por um fabricante diferente daquele que o Cliente esperava obter.<br \/>\nPara qualquer produto gen\u00e9rico, todas as informa\u00e7\u00f5es do produto apresentadas no site, como, mas n\u00e3o se limitando a \u2013 miniaturas, imagens de produtos, nomes de fabricantes e nomes de marketing, existem apenas para fins informativos.<\/p>\n<p>Nossa empresa n\u00e3o se responsabiliza e se isenta expressamente de qualquer responsabilidade pela falta de efici\u00eancia do produto recebido caso o produto tenha sido adquirido para uso off-label.<\/p>\n<p>Ao fazer um pedido com nossa empresa, voc\u00ea confirma que leu, entendeu e concordou com este aviso. Qualquer a\u00e7\u00e3o tomada para reivindicar seu pagamento de volta por qualquer um dos motivos listados acima ser\u00e1 considerada uma a\u00e7\u00e3o fraudulenta e pode levar a uma a\u00e7\u00e3o legal e ao banimento do nosso sistema.[\/vc_column_text][\/vc_column_inner][\/vc_row_inner][\/vc_column][\/vc_row][\/vc_section]<\/p>\n","protected":false},"excerpt":{"rendered":"<p>[vc_section][vc_row][vc_column][vc_row_inner][vc_column_inner][vc_custom_heading text=&#8221;Nossas Politicas&#8221; font_container=&#8221;tag:h1|text_align:left&#8221; use_theme_fonts=&#8221;yes&#8221;][vc_separator align=&#8221;align_left&#8221; border_width=&#8221;2&#8243; el_width=&#8221;10&#8243;][\/vc_column_inner][\/vc_row_inner][\/vc_column][\/vc_row][vc_row][vc_column][vc_row_inner][vc_column_inner][vc_empty_space][vc_custom_heading text=&#8221;Ter uma quest\u00e3o?&#8221; use_theme_fonts=&#8221;yes&#8221;][\/vc_column_inner][\/vc_row_inner][vc_row_inner][vc_column_inner][vc_column_text]Veja abaixo as perguntas mais frequentes sobre Medicamentos. Se h\u00e1 uma pergunta que voc\u00ea est\u00e1 procurando, mas n\u00e3o consegue encontr\u00e1-la, sinta-se \u00e0 vontade para entrar em contato conosco.[\/vc_column_text][\/vc_column_inner][\/vc_row_inner][vc_row_inner][vc_column_inner][vc_btn title=&#8221;Entrar em contato&#8221; link=&#8221;url:%2Fpt%2Fcontato%2F&#8221;][\/vc_column_inner][\/vc_row_inner][\/vc_column][\/vc_row][\/vc_section][vc_section][vc_row][vc_column][vc_row_inner][vc_column_inner][vc_empty_space height=&#8221;75px&#8221;][\/vc_column_inner][\/vc_row_inner][vc_row_inner][vc_column_inner][vc_column_text] Pol\u00edtica de envio Pol\u00edtica de cancelamento de pedidos Pol\u00edtica de reembolso<\/p>\n","protected":false},"author":1,"featured_media":6046,"parent":0,"menu_order":0,"comment_status":"closed","ping_status":"closed","template":"","meta":{"footnotes":""},"class_list":["post-3","page","type-page","status-publish","has-post-thumbnail","hentry"],"yoast_head":"<!-- This site is optimized with the Yoast SEO plugin v27.3 - https:\/\/yoast.com\/product\/yoast-seo-wordpress\/ -->\n<title>Privacidade e Termos - Medicinas Inc<\/title>\n<meta name=\"robots\" content=\"index, follow, max-snippet:-1, max-image-preview:large, max-video-preview:-1\" \/>\n<link rel=\"canonical\" href=\"https:\/\/medicinasinc.com\/pt\/politicas\/\" \/>\n<meta property=\"og:locale\" content=\"pt_PT\" \/>\n<meta property=\"og:type\" content=\"article\" \/>\n<meta property=\"og:title\" content=\"Privacidade e Termos - Medicinas Inc\" \/>\n<meta property=\"og:description\" content=\"[vc_section][vc_row][vc_column][vc_row_inner][vc_column_inner][vc_custom_heading text=&#8221;Nossas Politicas&#8221; font_container=&#8221;tag:h1|text_align:left&#8221; use_theme_fonts=&#8221;yes&#8221;][vc_separator align=&#8221;align_left&#8221; border_width=&#8221;2&#8243; el_width=&#8221;10&#8243;][\/vc_column_inner][\/vc_row_inner][\/vc_column][\/vc_row][vc_row][vc_column][vc_row_inner][vc_column_inner][vc_empty_space][vc_custom_heading text=&#8221;Ter uma quest\u00e3o?&#8221; use_theme_fonts=&#8221;yes&#8221;][\/vc_column_inner][\/vc_row_inner][vc_row_inner][vc_column_inner][vc_column_text]Veja abaixo as perguntas mais frequentes sobre Medicamentos. Se h\u00e1 uma pergunta que voc\u00ea est\u00e1 procurando, mas n\u00e3o consegue encontr\u00e1-la, sinta-se \u00e0 vontade para entrar em contato conosco.[\/vc_column_text][\/vc_column_inner][\/vc_row_inner][vc_row_inner][vc_column_inner][vc_btn title=&#8221;Entrar em contato&#8221; link=&#8221;url:%2Fpt%2Fcontato%2F&#8221;][\/vc_column_inner][\/vc_row_inner][\/vc_column][\/vc_row][\/vc_section][vc_section][vc_row][vc_column][vc_row_inner][vc_column_inner][vc_empty_space height=&#8221;75px&#8221;][\/vc_column_inner][\/vc_row_inner][vc_row_inner][vc_column_inner][vc_column_text] Pol\u00edtica de envio Pol\u00edtica de cancelamento de pedidos Pol\u00edtica de reembolso\" \/>\n<meta property=\"og:url\" content=\"https:\/\/medicinasinc.com\/pt\/politicas\/\" \/>\n<meta property=\"og:site_name\" content=\"Medicinas Inc\" \/>\n<meta property=\"article:modified_time\" content=\"2022-07-05T00:51:37+00:00\" \/>\n<meta name=\"twitter:card\" content=\"summary_large_image\" \/>\n<meta name=\"twitter:label1\" content=\"Tempo estimado de leitura\" \/>\n\t<meta name=\"twitter:data1\" content=\"6 minutos\" \/>\n<script type=\"application\/ld+json\" class=\"yoast-schema-graph\">{\"@context\":\"https:\\\/\\\/schema.org\",\"@graph\":[{\"@type\":\"WebPage\",\"@id\":\"https:\\\/\\\/medicinasinc.com\\\/pt\\\/politicas\\\/\",\"url\":\"https:\\\/\\\/medicinasinc.com\\\/pt\\\/politicas\\\/\",\"name\":\"Privacidade e Termos - Medicinas Inc\",\"isPartOf\":{\"@id\":\"https:\\\/\\\/medicinasinc.com\\\/pt\\\/#website\"},\"primaryImageOfPage\":{\"@id\":\"https:\\\/\\\/medicinasinc.com\\\/pt\\\/politicas\\\/#primaryimage\"},\"image\":{\"@id\":\"https:\\\/\\\/medicinasinc.com\\\/pt\\\/politicas\\\/#primaryimage\"},\"thumbnailUrl\":\"https:\\\/\\\/medicinasinc.com\\\/pt\\\/wp-content\\\/uploads\\\/sites\\\/20\\\/2022\\\/07\\\/woocommerce-placeholder-medicinasinc.com_-1.png\",\"datePublished\":\"2022-02-19T02:31:18+00:00\",\"dateModified\":\"2022-07-05T00:51:37+00:00\",\"inLanguage\":\"pt-PT\",\"potentialAction\":[{\"@type\":\"ReadAction\",\"target\":[\"https:\\\/\\\/medicinasinc.com\\\/pt\\\/politicas\\\/\"]}]},{\"@type\":\"ImageObject\",\"inLanguage\":\"pt-PT\",\"@id\":\"https:\\\/\\\/medicinasinc.com\\\/pt\\\/politicas\\\/#primaryimage\",\"url\":\"https:\\\/\\\/medicinasinc.com\\\/pt\\\/wp-content\\\/uploads\\\/sites\\\/20\\\/2022\\\/07\\\/woocommerce-placeholder-medicinasinc.com_-1.png\",\"contentUrl\":\"https:\\\/\\\/medicinasinc.com\\\/pt\\\/wp-content\\\/uploads\\\/sites\\\/20\\\/2022\\\/07\\\/woocommerce-placeholder-medicinasinc.com_-1.png\",\"width\":1200,\"height\":1200},{\"@type\":\"WebSite\",\"@id\":\"https:\\\/\\\/medicinasinc.com\\\/pt\\\/#website\",\"url\":\"https:\\\/\\\/medicinasinc.com\\\/pt\\\/\",\"name\":\"Medicinas Inc\",\"description\":\"Health Medical Clinic\",\"potentialAction\":[{\"@type\":\"SearchAction\",\"target\":{\"@type\":\"EntryPoint\",\"urlTemplate\":\"https:\\\/\\\/medicinasinc.com\\\/pt\\\/?s={search_term_string}\"},\"query-input\":{\"@type\":\"PropertyValueSpecification\",\"valueRequired\":true,\"valueName\":\"search_term_string\"}}],\"inLanguage\":\"pt-PT\"}]}<\/script>\n<!-- \/ Yoast SEO plugin. -->","yoast_head_json":{"title":"Privacidade e Termos - Medicinas Inc","robots":{"index":"index","follow":"follow","max-snippet":"max-snippet:-1","max-image-preview":"max-image-preview:large","max-video-preview":"max-video-preview:-1"},"canonical":"https:\/\/medicinasinc.com\/pt\/politicas\/","og_locale":"pt_PT","og_type":"article","og_title":"Privacidade e Termos - Medicinas Inc","og_description":"[vc_section][vc_row][vc_column][vc_row_inner][vc_column_inner][vc_custom_heading text=&#8221;Nossas Politicas&#8221; font_container=&#8221;tag:h1|text_align:left&#8221; use_theme_fonts=&#8221;yes&#8221;][vc_separator align=&#8221;align_left&#8221; border_width=&#8221;2&#8243; el_width=&#8221;10&#8243;][\/vc_column_inner][\/vc_row_inner][\/vc_column][\/vc_row][vc_row][vc_column][vc_row_inner][vc_column_inner][vc_empty_space][vc_custom_heading text=&#8221;Ter uma quest\u00e3o?&#8221; use_theme_fonts=&#8221;yes&#8221;][\/vc_column_inner][\/vc_row_inner][vc_row_inner][vc_column_inner][vc_column_text]Veja abaixo as perguntas mais frequentes sobre Medicamentos. Se h\u00e1 uma pergunta que voc\u00ea est\u00e1 procurando, mas n\u00e3o consegue encontr\u00e1-la, sinta-se \u00e0 vontade para entrar em contato conosco.[\/vc_column_text][\/vc_column_inner][\/vc_row_inner][vc_row_inner][vc_column_inner][vc_btn title=&#8221;Entrar em contato&#8221; link=&#8221;url:%2Fpt%2Fcontato%2F&#8221;][\/vc_column_inner][\/vc_row_inner][\/vc_column][\/vc_row][\/vc_section][vc_section][vc_row][vc_column][vc_row_inner][vc_column_inner][vc_empty_space height=&#8221;75px&#8221;][\/vc_column_inner][\/vc_row_inner][vc_row_inner][vc_column_inner][vc_column_text] Pol\u00edtica de envio Pol\u00edtica de cancelamento de pedidos Pol\u00edtica de reembolso","og_url":"https:\/\/medicinasinc.com\/pt\/politicas\/","og_site_name":"Medicinas Inc","article_modified_time":"2022-07-05T00:51:37+00:00","twitter_card":"summary_large_image","twitter_misc":{"Tempo estimado de leitura":"6 minutos"},"schema":{"@context":"https:\/\/schema.org","@graph":[{"@type":"WebPage","@id":"https:\/\/medicinasinc.com\/pt\/politicas\/","url":"https:\/\/medicinasinc.com\/pt\/politicas\/","name":"Privacidade e Termos - Medicinas Inc","isPartOf":{"@id":"https:\/\/medicinasinc.com\/pt\/#website"},"primaryImageOfPage":{"@id":"https:\/\/medicinasinc.com\/pt\/politicas\/#primaryimage"},"image":{"@id":"https:\/\/medicinasinc.com\/pt\/politicas\/#primaryimage"},"thumbnailUrl":"https:\/\/medicinasinc.com\/pt\/wp-content\/uploads\/sites\/20\/2022\/07\/woocommerce-placeholder-medicinasinc.com_-1.png","datePublished":"2022-02-19T02:31:18+00:00","dateModified":"2022-07-05T00:51:37+00:00","inLanguage":"pt-PT","potentialAction":[{"@type":"ReadAction","target":["https:\/\/medicinasinc.com\/pt\/politicas\/"]}]},{"@type":"ImageObject","inLanguage":"pt-PT","@id":"https:\/\/medicinasinc.com\/pt\/politicas\/#primaryimage","url":"https:\/\/medicinasinc.com\/pt\/wp-content\/uploads\/sites\/20\/2022\/07\/woocommerce-placeholder-medicinasinc.com_-1.png","contentUrl":"https:\/\/medicinasinc.com\/pt\/wp-content\/uploads\/sites\/20\/2022\/07\/woocommerce-placeholder-medicinasinc.com_-1.png","width":1200,"height":1200},{"@type":"WebSite","@id":"https:\/\/medicinasinc.com\/pt\/#website","url":"https:\/\/medicinasinc.com\/pt\/","name":"Medicinas Inc","description":"Health Medical Clinic","potentialAction":[{"@type":"SearchAction","target":{"@type":"EntryPoint","urlTemplate":"https:\/\/medicinasinc.com\/pt\/?s={search_term_string}"},"query-input":{"@type":"PropertyValueSpecification","valueRequired":true,"valueName":"search_term_string"}}],"inLanguage":"pt-PT"}]}},"_links":{"self":[{"href":"https:\/\/medicinasinc.com\/pt\/wp-json\/wp\/v2\/pages\/3","targetHints":{"allow":["GET"]}}],"collection":[{"href":"https:\/\/medicinasinc.com\/pt\/wp-json\/wp\/v2\/pages"}],"about":[{"href":"https:\/\/medicinasinc.com\/pt\/wp-json\/wp\/v2\/types\/page"}],"author":[{"embeddable":true,"href":"https:\/\/medicinasinc.com\/pt\/wp-json\/wp\/v2\/users\/1"}],"replies":[{"embeddable":true,"href":"https:\/\/medicinasinc.com\/pt\/wp-json\/wp\/v2\/comments?post=3"}],"version-history":[{"count":0,"href":"https:\/\/medicinasinc.com\/pt\/wp-json\/wp\/v2\/pages\/3\/revisions"}],"wp:featuredmedia":[{"embeddable":true,"href":"https:\/\/medicinasinc.com\/pt\/wp-json\/wp\/v2\/media\/6046"}],"wp:attachment":[{"href":"https:\/\/medicinasinc.com\/pt\/wp-json\/wp\/v2\/media?parent=3"}],"curies":[{"name":"wp","href":"https:\/\/api.w.org\/{rel}","templated":true}]}}