{"id":5926,"date":"2022-02-22T08:28:02","date_gmt":"2022-02-22T08:28:02","guid":{"rendered":"https:\/\/medicinasinc.com\/pl\/?post_type=product&#038;p=5926"},"modified":"2022-03-22T00:42:15","modified_gmt":"2022-03-22T00:42:15","slug":"kup-thj-018","status":"publish","type":"product","link":"https:\/\/medicinasinc.com\/pl\/product\/kup-thj-018\/","title":{"rendered":"Kup THJ-018"},"content":{"rendered":"<p>Pomimo rosn\u0105cej cz\u0119sto\u015bci wyst\u0119powania nowych zwi\u0105zk\u00f3w psychoaktywnych, obecnie nie ma dost\u0119pnych danych dotycz\u0105cych metabolizmu ludzkiego, co utrudnia laboratoryjn\u0105 dokumentacj\u0119 spo\u017cycia pr\u00f3bek moczu oraz ocen\u0119 w\u0142a\u015bciwo\u015bci farmakodynamicznych, farmakokinetycznych i toksykologicznych lek\u00f3w.<\/p>\n<p>Syntetyczne analogi konopi indyjskich z indazolem JWH-018 i THJ-2201 zosta\u0142y wydane w 2014 roku jako THJ-018 i THJ-2201.<\/p>\n<p>THJ 018 to zupe\u0142nie nowy syntetyczny lek dost\u0119pny w sprzeda\u017cy. Jest klasyfikowany jako kannabinoid. Ten zwi\u0105zek jest pochodn\u0105 dobrze znanego leku jwh 018.<\/p>\n<p>National Forensic Laboratory Information System ma 220 raport\u00f3w THJ-2201, zgodnie z AM-2201. W styczniu 2015 roku Drug Enforcement Administration sklasyfikowa\u0142a THJ-2201 jako Schedule I z powodu wielu niepo\u017c\u0105danych zdarze\u0144.<\/p>\n<p>METODY: Po inkubacji 10 mol\/L THJ-018 i THJ-2201 w ludzkich hepatocytach przez 3 godziny, zastosowali\u015bmy spektrometri\u0119 masow\u0105 o wysokiej rozdzielczo\u015bci (HR-MS) (TripleTOF 5600+), aby odkry\u0107 optymalne markery metabolit\u00f3w. Skany jon\u00f3w potomnych z filtrami defekt\u00f3w masy aktywowano przez pe\u0142ne skanowanie i akwizycj\u0119 zale\u017cn\u0105 od informacji. MetaSite u\u017cyto do przewidywania metabolit\u00f3w in silico, kt\u00f3re nast\u0119pnie por\u00f3wnano z metabolitami znajdowanymi w ludzkich hepatocytach.<\/p>\n<p>WYNIKI: Znaleziono trzyna\u015bcie metabolit\u00f3w THJ-018, z hydroksylacj\u0105 w \u0142a\u0144cuchu N-pentylowym, a nast\u0119pnie utlenianiem lub glukuronidacja jest g\u0142\u00f3wnym szlakiem metabolicznym. W THJ-2201 znaleziono 27 metabolit\u00f3w, z kt\u00f3rych wi\u0119kszo\u015b\u0107 stanowi\u0142a defluoracja oksydacyjna, po kt\u00f3rej nast\u0105pi\u0142a karboksylacja lub glukuronidacja, a tak\u017ce glukuronidacja hydroksylowanych metabolit\u00f3w.<\/p>\n<p>Oba zwi\u0105zki wykaza\u0142y syntez\u0119 dihydrodiolu na ugrupowaniu naftalenu. Przewidywanie MetaSite by\u0142o dok\u0142adne dla metabolit\u00f3w hepatocyt\u00f3w THJ-018, podczas gdy defluoryzacja oksydacyjna THJ-2201 by\u0142a niedoszacowana.<\/p>\n<p>WNIOSKI: Zbadali\u015bmy metabolizm THJ-018 i THJ-2201 w ludzkich hepatocytach za pomoc\u0105 HR-MS do gromadzenia danych i przetwarzania i zalecamy odpowiednie wska\u017aniki dla laboratori\u00f3w, aby zidentyfikowa\u0107 spo\u017cycie THJ-018 i THJ-2201 i powi\u0105za\u0107 udokumentowane niekorzystne skutki z tymi nowymi syntetycznymi kannabinoidami.<\/p>\n<p>SC wi\u0105\u017c\u0105 si\u0119 z endogennymi receptorami kannabinoidowymi i wywo\u0142uj\u0105 efekty kannabimimetyczne por\u00f3wnywalne z 9 -tetrahydrokannabinol (1, 2). Nadu\u017cywanie SC3 prowadzi do powa\u017cnych skutk\u00f3w ubocznych, takich jak ostre uszkodzenie nerek, zawa\u0142 mi\u0119\u015bnia sercowego i \u015bmier\u0107 (3, 4).<\/p>\n<p>Pomimo tych zagro\u017ce\u0144 ludzie nadal spo\u017cywaj\u0105 SC. Wiele SC zosta\u0142o zaplanowanych w Stanach Zjednoczonych, Japonii i wi\u0119kszo\u015bci kraj\u00f3w europejskich (na przyk\u0142ad JWH018, JWH-073, AKB48 i XLR-11); jednak stale pojawiaj\u0105 si\u0119 dodatkowe, zr\u00f3\u017cnicowane strukturalnie zwi\u0105zki.<\/p>\n","protected":false},"excerpt":{"rendered":"<p>Kup THJ-018 (SGT-17) na sprzeda\u017c Europa, Wielka Brytania to syntetyczny kannabinoid, kt\u00f3ry jest analogiem indazolu JWH-018 i zosta\u0142 sprzedany online jako designerski lek. Dost\u0119pne zam\u00f3wienie hurtowe<\/p>\n","protected":false},"featured_media":5940,"comment_status":"open","ping_status":"closed","template":"","meta":[],"product_brand":[],"product_cat":[2596],"product_tag":[4103,4109,4104,4106,4107,4105,4108],"class_list":{"0":"post-5926","1":"product","2":"type-product","3":"status-publish","4":"has-post-thumbnail","6":"product_cat-kanabinoidy-na-sprzeda","7":"product_tag-buy-thj-018-online","8":"product_tag-gdzie-kupi-thj-018-online","9":"product_tag-jak-kupi-c4-87-thj-018-online","10":"product_tag-zakup-thj-018-online","11":"product_tag-najlepsze-miejsce-do-kupowania-thj-018-online","12":"product_tag-order-thj-018-online","13":"product_tag-thj-018-na-sprzeda","15":"first","16":"instock","17":"shipping-taxable","18":"purchasable","19":"product-type-variable"},"yoast_head":"<!-- This site is optimized with the Yoast SEO plugin v27.3 - https:\/\/yoast.com\/product\/yoast-seo-wordpress\/ -->\n<title>Kup THJ-018 - SGT-17 - Najlepsze najlepsze leki na \u015bwiecie<\/title>\n<meta name=\"description\" content=\"Kup THJ-018 (SGT-17) na sprzeda\u017c Europa, Wielka Brytania to syntetyczny kannabinoid, kt\u00f3ry jest analogiem indazolu JWH-018 i zosta\u0142 sprzedany online jako designerski lek. Dost\u0119pne zam\u00f3wienie hurtowe\" \/>\n<meta name=\"robots\" content=\"index, follow, max-snippet:-1, max-image-preview:large, max-video-preview:-1\" \/>\n<link rel=\"canonical\" href=\"https:\/\/medicinasinc.com\/pl\/product\/kup-thj-018\/\" \/>\n<meta property=\"og:locale\" content=\"en_US\" \/>\n<meta property=\"og:type\" content=\"article\" \/>\n<meta property=\"og:title\" content=\"Kup THJ-018 - SGT-17 - Najlepsze najlepsze leki na \u015bwiecie\" \/>\n<meta property=\"og:description\" content=\"Kup THJ-018 (SGT-17) na sprzeda\u017c Europa, Wielka Brytania to syntetyczny kannabinoid, kt\u00f3ry jest analogiem indazolu JWH-018 i zosta\u0142 sprzedany online jako designerski lek. Dost\u0119pne zam\u00f3wienie hurtowe\" \/>\n<meta property=\"og:url\" content=\"https:\/\/medicinasinc.com\/pl\/product\/kup-thj-018\/\" \/>\n<meta property=\"og:site_name\" content=\"Medicinas Inc\" \/>\n<meta property=\"article:modified_time\" content=\"2022-03-22T00:42:15+00:00\" \/>\n<meta property=\"og:image\" content=\"https:\/\/medicinasinc.com\/pl\/wp-content\/uploads\/sites\/13\/2022\/02\/Buy-THJ-018.jpeg\" \/>\n\t<meta property=\"og:image:width\" content=\"751\" \/>\n\t<meta property=\"og:image:height\" content=\"800\" \/>\n\t<meta property=\"og:image:type\" content=\"image\/jpeg\" \/>\n<meta name=\"twitter:card\" content=\"summary_large_image\" \/>\n<meta name=\"twitter:label1\" content=\"Est. reading time\" \/>\n\t<meta name=\"twitter:data1\" content=\"2 minutes\" \/>\n<script type=\"application\/ld+json\" class=\"yoast-schema-graph\">{\"@context\":\"https:\\\/\\\/schema.org\",\"@graph\":[{\"@type\":\"WebPage\",\"@id\":\"https:\\\/\\\/medicinasinc.com\\\/pl\\\/product\\\/kup-thj-018\\\/\",\"url\":\"https:\\\/\\\/medicinasinc.com\\\/pl\\\/product\\\/kup-thj-018\\\/\",\"name\":\"Kup THJ-018 - SGT-17 - Najlepsze najlepsze leki na \u015bwiecie\",\"isPartOf\":{\"@id\":\"https:\\\/\\\/medicinasinc.com\\\/pl\\\/#website\"},\"primaryImageOfPage\":{\"@id\":\"https:\\\/\\\/medicinasinc.com\\\/pl\\\/product\\\/kup-thj-018\\\/#primaryimage\"},\"image\":{\"@id\":\"https:\\\/\\\/medicinasinc.com\\\/pl\\\/product\\\/kup-thj-018\\\/#primaryimage\"},\"thumbnailUrl\":\"https:\\\/\\\/medicinasinc.com\\\/pl\\\/wp-content\\\/uploads\\\/sites\\\/13\\\/2022\\\/02\\\/Buy-THJ-018.jpeg\",\"datePublished\":\"2022-02-22T08:28:02+00:00\",\"dateModified\":\"2022-03-22T00:42:15+00:00\",\"description\":\"Kup THJ-018 (SGT-17) na sprzeda\u017c Europa, Wielka Brytania to syntetyczny kannabinoid, kt\u00f3ry jest analogiem indazolu JWH-018 i zosta\u0142 sprzedany online jako designerski lek. Dost\u0119pne zam\u00f3wienie hurtowe\",\"breadcrumb\":{\"@id\":\"https:\\\/\\\/medicinasinc.com\\\/pl\\\/product\\\/kup-thj-018\\\/#breadcrumb\"},\"inLanguage\":\"en-US\",\"potentialAction\":[{\"@type\":\"ReadAction\",\"target\":[\"https:\\\/\\\/medicinasinc.com\\\/pl\\\/product\\\/kup-thj-018\\\/\"]}]},{\"@type\":\"ImageObject\",\"inLanguage\":\"en-US\",\"@id\":\"https:\\\/\\\/medicinasinc.com\\\/pl\\\/product\\\/kup-thj-018\\\/#primaryimage\",\"url\":\"https:\\\/\\\/medicinasinc.com\\\/pl\\\/wp-content\\\/uploads\\\/sites\\\/13\\\/2022\\\/02\\\/Buy-THJ-018.jpeg\",\"contentUrl\":\"https:\\\/\\\/medicinasinc.com\\\/pl\\\/wp-content\\\/uploads\\\/sites\\\/13\\\/2022\\\/02\\\/Buy-THJ-018.jpeg\",\"width\":751,\"height\":800},{\"@type\":\"BreadcrumbList\",\"@id\":\"https:\\\/\\\/medicinasinc.com\\\/pl\\\/product\\\/kup-thj-018\\\/#breadcrumb\",\"itemListElement\":[{\"@type\":\"ListItem\",\"position\":1,\"name\":\"Sklep\",\"item\":\"https:\\\/\\\/medicinasinc.com\\\/pl\\\/sklep\\\/\"},{\"@type\":\"ListItem\",\"position\":2,\"name\":\"Kup THJ-018\"}]},{\"@type\":\"WebSite\",\"@id\":\"https:\\\/\\\/medicinasinc.com\\\/pl\\\/#website\",\"url\":\"https:\\\/\\\/medicinasinc.com\\\/pl\\\/\",\"name\":\"Medicinas Inc\",\"description\":\"Health Medical Clinic\",\"potentialAction\":[{\"@type\":\"SearchAction\",\"target\":{\"@type\":\"EntryPoint\",\"urlTemplate\":\"https:\\\/\\\/medicinasinc.com\\\/pl\\\/?s={search_term_string}\"},\"query-input\":{\"@type\":\"PropertyValueSpecification\",\"valueRequired\":true,\"valueName\":\"search_term_string\"}}],\"inLanguage\":\"en-US\"}]}<\/script>\n<!-- \/ Yoast SEO plugin. -->","yoast_head_json":{"title":"Kup THJ-018 - SGT-17 - Najlepsze najlepsze leki na \u015bwiecie","description":"Kup THJ-018 (SGT-17) na sprzeda\u017c Europa, Wielka Brytania to syntetyczny kannabinoid, kt\u00f3ry jest analogiem indazolu JWH-018 i zosta\u0142 sprzedany online jako designerski lek. Dost\u0119pne zam\u00f3wienie hurtowe","robots":{"index":"index","follow":"follow","max-snippet":"max-snippet:-1","max-image-preview":"max-image-preview:large","max-video-preview":"max-video-preview:-1"},"canonical":"https:\/\/medicinasinc.com\/pl\/product\/kup-thj-018\/","og_locale":"en_US","og_type":"article","og_title":"Kup THJ-018 - SGT-17 - Najlepsze najlepsze leki na \u015bwiecie","og_description":"Kup THJ-018 (SGT-17) na sprzeda\u017c Europa, Wielka Brytania to syntetyczny kannabinoid, kt\u00f3ry jest analogiem indazolu JWH-018 i zosta\u0142 sprzedany online jako designerski lek. Dost\u0119pne zam\u00f3wienie hurtowe","og_url":"https:\/\/medicinasinc.com\/pl\/product\/kup-thj-018\/","og_site_name":"Medicinas Inc","article_modified_time":"2022-03-22T00:42:15+00:00","og_image":[{"width":751,"height":800,"url":"https:\/\/medicinasinc.com\/pl\/wp-content\/uploads\/sites\/13\/2022\/02\/Buy-THJ-018.jpeg","type":"image\/jpeg"}],"twitter_card":"summary_large_image","twitter_misc":{"Est. reading time":"2 minutes"},"schema":{"@context":"https:\/\/schema.org","@graph":[{"@type":"WebPage","@id":"https:\/\/medicinasinc.com\/pl\/product\/kup-thj-018\/","url":"https:\/\/medicinasinc.com\/pl\/product\/kup-thj-018\/","name":"Kup THJ-018 - SGT-17 - Najlepsze najlepsze leki na \u015bwiecie","isPartOf":{"@id":"https:\/\/medicinasinc.com\/pl\/#website"},"primaryImageOfPage":{"@id":"https:\/\/medicinasinc.com\/pl\/product\/kup-thj-018\/#primaryimage"},"image":{"@id":"https:\/\/medicinasinc.com\/pl\/product\/kup-thj-018\/#primaryimage"},"thumbnailUrl":"https:\/\/medicinasinc.com\/pl\/wp-content\/uploads\/sites\/13\/2022\/02\/Buy-THJ-018.jpeg","datePublished":"2022-02-22T08:28:02+00:00","dateModified":"2022-03-22T00:42:15+00:00","description":"Kup THJ-018 (SGT-17) na sprzeda\u017c Europa, Wielka Brytania to syntetyczny kannabinoid, kt\u00f3ry jest analogiem indazolu JWH-018 i zosta\u0142 sprzedany online jako designerski lek. Dost\u0119pne zam\u00f3wienie hurtowe","breadcrumb":{"@id":"https:\/\/medicinasinc.com\/pl\/product\/kup-thj-018\/#breadcrumb"},"inLanguage":"en-US","potentialAction":[{"@type":"ReadAction","target":["https:\/\/medicinasinc.com\/pl\/product\/kup-thj-018\/"]}]},{"@type":"ImageObject","inLanguage":"en-US","@id":"https:\/\/medicinasinc.com\/pl\/product\/kup-thj-018\/#primaryimage","url":"https:\/\/medicinasinc.com\/pl\/wp-content\/uploads\/sites\/13\/2022\/02\/Buy-THJ-018.jpeg","contentUrl":"https:\/\/medicinasinc.com\/pl\/wp-content\/uploads\/sites\/13\/2022\/02\/Buy-THJ-018.jpeg","width":751,"height":800},{"@type":"BreadcrumbList","@id":"https:\/\/medicinasinc.com\/pl\/product\/kup-thj-018\/#breadcrumb","itemListElement":[{"@type":"ListItem","position":1,"name":"Sklep","item":"https:\/\/medicinasinc.com\/pl\/sklep\/"},{"@type":"ListItem","position":2,"name":"Kup THJ-018"}]},{"@type":"WebSite","@id":"https:\/\/medicinasinc.com\/pl\/#website","url":"https:\/\/medicinasinc.com\/pl\/","name":"Medicinas Inc","description":"Health Medical Clinic","potentialAction":[{"@type":"SearchAction","target":{"@type":"EntryPoint","urlTemplate":"https:\/\/medicinasinc.com\/pl\/?s={search_term_string}"},"query-input":{"@type":"PropertyValueSpecification","valueRequired":true,"valueName":"search_term_string"}}],"inLanguage":"en-US"}]}},"_links":{"self":[{"href":"https:\/\/medicinasinc.com\/pl\/wp-json\/wp\/v2\/product\/5926","targetHints":{"allow":["GET"]}}],"collection":[{"href":"https:\/\/medicinasinc.com\/pl\/wp-json\/wp\/v2\/product"}],"about":[{"href":"https:\/\/medicinasinc.com\/pl\/wp-json\/wp\/v2\/types\/product"}],"replies":[{"embeddable":true,"href":"https:\/\/medicinasinc.com\/pl\/wp-json\/wp\/v2\/comments?post=5926"}],"wp:featuredmedia":[{"embeddable":true,"href":"https:\/\/medicinasinc.com\/pl\/wp-json\/wp\/v2\/media\/5940"}],"wp:attachment":[{"href":"https:\/\/medicinasinc.com\/pl\/wp-json\/wp\/v2\/media?parent=5926"}],"wp:term":[{"taxonomy":"product_brand","embeddable":true,"href":"https:\/\/medicinasinc.com\/pl\/wp-json\/wp\/v2\/product_brand?post=5926"},{"taxonomy":"product_cat","embeddable":true,"href":"https:\/\/medicinasinc.com\/pl\/wp-json\/wp\/v2\/product_cat?post=5926"},{"taxonomy":"product_tag","embeddable":true,"href":"https:\/\/medicinasinc.com\/pl\/wp-json\/wp\/v2\/product_tag?post=5926"}],"curies":[{"name":"wp","href":"https:\/\/api.w.org\/{rel}","templated":true}]}}