{"id":5921,"date":"2022-02-22T08:23:15","date_gmt":"2022-02-22T08:23:15","guid":{"rendered":"https:\/\/medicinasinc.com\/pl\/?post_type=product&#038;p=5921"},"modified":"2022-03-22T00:42:23","modified_gmt":"2022-03-22T00:42:23","slug":"kup-sdb-005","status":"publish","type":"product","link":"https:\/\/medicinasinc.com\/pl\/product\/kup-sdb-005\/","title":{"rendered":"Kup SDB-005"},"content":{"rendered":"<p>SDB-005 to syntetyczna marihuana oparta na indazolach, kt\u00f3ra by\u0142a oferowana online jako designerski lek. Uwa\u017ca si\u0119, \u017ce jest agonist\u0105 receptor\u00f3w kannabinoidowych dla CB1 i CB2. SDB-005 to indazolowy analog PB-22 maj\u0105cy grup\u0119 naftalenow\u0105 zamiast 8-hydroksychinoliny.<\/p>\n<p>SDB-005 by\u0142 wcze\u015bniej przypisany do innej substancji chemicznej, N-fenylowego analogu SDB- 006, a nie N-benzylowy odpowiednik SDB-006. Ta substancja chemiczna jest silnym agonist\u0105 receptor\u00f3w CB1 (Ki = 21 nM) i CB2 (Ki = 140 nM).<\/p>\n<p>SDB-005 to syntetyczna marihuana oparta na indazolach, oferowana jako designerski lek online. Uwa\u017ca si\u0119, \u017ce jest agonist\u0105 receptor\u00f3w kannabinoidowych dla CB1 i CB2. SDB-005 to indazolowy analog PB-22 z grup\u0105 naftalenow\u0105 zamiast 8-hydroksychinoliny.<\/p>\n","protected":false},"excerpt":{"rendered":"<p>Kup SDB-005 na sprzeda\u017c Europa, Wielka Brytania to syntetyczny kannabinoid na bazie indazolu, kt\u00f3ry by\u0142 sprzedawany online jako designerski lek<\/p>\n","protected":false},"featured_media":5939,"comment_status":"open","ping_status":"closed","template":"","meta":[],"product_brand":[],"product_cat":[2596],"product_tag":[4096,4102,4097,4099,4101,4098,4100],"class_list":{"0":"post-5921","1":"product","2":"type-product","3":"status-publish","4":"has-post-thumbnail","6":"product_cat-kanabinoidy-na-sprzeda","7":"product_tag-buy-sdb005-online","8":"product_tag-gdzie-kupi-sdb005-online","9":"product_tag-jak-kupi-sdb005-online","10":"product_tag-zakup-sdb005-online","11":"product_tag-najlepsze-miejsce-do-kupu-sdb005-online","12":"product_tag-order-sdb005-online","13":"product_tag-sdb005-na-sprzeda","15":"first","16":"instock","17":"shipping-taxable","18":"purchasable","19":"product-type-variable"},"yoast_head":"<!-- This site is optimized with the Yoast SEO plugin v27.3 - https:\/\/yoast.com\/product\/yoast-seo-wordpress\/ -->\n<title>Kup SDB-005 - SDB005 - Najlepsze globalne leki<\/title>\n<meta name=\"description\" content=\"Kup SDB-005 na sprzeda\u017c Europa, Wielka Brytania to syntetyczny kannabinoid na bazie indazolu, kt\u00f3ry by\u0142 sprzedawany online jako designerski lek.\" \/>\n<meta name=\"robots\" content=\"index, follow, max-snippet:-1, max-image-preview:large, max-video-preview:-1\" \/>\n<link rel=\"canonical\" href=\"https:\/\/medicinasinc.com\/pl\/product\/kup-sdb-005\/\" \/>\n<meta property=\"og:locale\" content=\"en_US\" \/>\n<meta property=\"og:type\" content=\"article\" \/>\n<meta property=\"og:title\" content=\"Kup SDB-005 - SDB005 - Najlepsze globalne leki\" \/>\n<meta property=\"og:description\" content=\"Kup SDB-005 na sprzeda\u017c Europa, Wielka Brytania to syntetyczny kannabinoid na bazie indazolu, kt\u00f3ry by\u0142 sprzedawany online jako designerski lek.\" \/>\n<meta property=\"og:url\" content=\"https:\/\/medicinasinc.com\/pl\/product\/kup-sdb-005\/\" \/>\n<meta property=\"og:site_name\" content=\"Medicinas Inc\" \/>\n<meta property=\"article:modified_time\" content=\"2022-03-22T00:42:23+00:00\" \/>\n<meta property=\"og:image\" content=\"https:\/\/medicinasinc.com\/pl\/wp-content\/uploads\/sites\/13\/2022\/02\/Buy-SDB-005.jpeg\" \/>\n\t<meta property=\"og:image:width\" content=\"600\" \/>\n\t<meta property=\"og:image:height\" content=\"451\" \/>\n\t<meta property=\"og:image:type\" content=\"image\/jpeg\" \/>\n<meta name=\"twitter:card\" content=\"summary_large_image\" \/>\n<meta name=\"twitter:label1\" content=\"Est. reading time\" \/>\n\t<meta name=\"twitter:data1\" content=\"1 minute\" \/>\n<script type=\"application\/ld+json\" class=\"yoast-schema-graph\">{\"@context\":\"https:\\\/\\\/schema.org\",\"@graph\":[{\"@type\":\"WebPage\",\"@id\":\"https:\\\/\\\/medicinasinc.com\\\/pl\\\/product\\\/kup-sdb-005\\\/\",\"url\":\"https:\\\/\\\/medicinasinc.com\\\/pl\\\/product\\\/kup-sdb-005\\\/\",\"name\":\"Kup SDB-005 - SDB005 - Najlepsze globalne leki\",\"isPartOf\":{\"@id\":\"https:\\\/\\\/medicinasinc.com\\\/pl\\\/#website\"},\"primaryImageOfPage\":{\"@id\":\"https:\\\/\\\/medicinasinc.com\\\/pl\\\/product\\\/kup-sdb-005\\\/#primaryimage\"},\"image\":{\"@id\":\"https:\\\/\\\/medicinasinc.com\\\/pl\\\/product\\\/kup-sdb-005\\\/#primaryimage\"},\"thumbnailUrl\":\"https:\\\/\\\/medicinasinc.com\\\/pl\\\/wp-content\\\/uploads\\\/sites\\\/13\\\/2022\\\/02\\\/Buy-SDB-005.jpeg\",\"datePublished\":\"2022-02-22T08:23:15+00:00\",\"dateModified\":\"2022-03-22T00:42:23+00:00\",\"description\":\"Kup SDB-005 na sprzeda\u017c Europa, Wielka Brytania to syntetyczny kannabinoid na bazie indazolu, kt\u00f3ry by\u0142 sprzedawany online jako designerski lek.\",\"breadcrumb\":{\"@id\":\"https:\\\/\\\/medicinasinc.com\\\/pl\\\/product\\\/kup-sdb-005\\\/#breadcrumb\"},\"inLanguage\":\"en-US\",\"potentialAction\":[{\"@type\":\"ReadAction\",\"target\":[\"https:\\\/\\\/medicinasinc.com\\\/pl\\\/product\\\/kup-sdb-005\\\/\"]}]},{\"@type\":\"ImageObject\",\"inLanguage\":\"en-US\",\"@id\":\"https:\\\/\\\/medicinasinc.com\\\/pl\\\/product\\\/kup-sdb-005\\\/#primaryimage\",\"url\":\"https:\\\/\\\/medicinasinc.com\\\/pl\\\/wp-content\\\/uploads\\\/sites\\\/13\\\/2022\\\/02\\\/Buy-SDB-005.jpeg\",\"contentUrl\":\"https:\\\/\\\/medicinasinc.com\\\/pl\\\/wp-content\\\/uploads\\\/sites\\\/13\\\/2022\\\/02\\\/Buy-SDB-005.jpeg\",\"width\":600,\"height\":451},{\"@type\":\"BreadcrumbList\",\"@id\":\"https:\\\/\\\/medicinasinc.com\\\/pl\\\/product\\\/kup-sdb-005\\\/#breadcrumb\",\"itemListElement\":[{\"@type\":\"ListItem\",\"position\":1,\"name\":\"Sklep\",\"item\":\"https:\\\/\\\/medicinasinc.com\\\/pl\\\/sklep\\\/\"},{\"@type\":\"ListItem\",\"position\":2,\"name\":\"Kup SDB-005\"}]},{\"@type\":\"WebSite\",\"@id\":\"https:\\\/\\\/medicinasinc.com\\\/pl\\\/#website\",\"url\":\"https:\\\/\\\/medicinasinc.com\\\/pl\\\/\",\"name\":\"Medicinas Inc\",\"description\":\"Health Medical Clinic\",\"potentialAction\":[{\"@type\":\"SearchAction\",\"target\":{\"@type\":\"EntryPoint\",\"urlTemplate\":\"https:\\\/\\\/medicinasinc.com\\\/pl\\\/?s={search_term_string}\"},\"query-input\":{\"@type\":\"PropertyValueSpecification\",\"valueRequired\":true,\"valueName\":\"search_term_string\"}}],\"inLanguage\":\"en-US\"}]}<\/script>\n<!-- \/ Yoast SEO plugin. -->","yoast_head_json":{"title":"Kup SDB-005 - SDB005 - Najlepsze globalne leki","description":"Kup SDB-005 na sprzeda\u017c Europa, Wielka Brytania to syntetyczny kannabinoid na bazie indazolu, kt\u00f3ry by\u0142 sprzedawany online jako designerski lek.","robots":{"index":"index","follow":"follow","max-snippet":"max-snippet:-1","max-image-preview":"max-image-preview:large","max-video-preview":"max-video-preview:-1"},"canonical":"https:\/\/medicinasinc.com\/pl\/product\/kup-sdb-005\/","og_locale":"en_US","og_type":"article","og_title":"Kup SDB-005 - SDB005 - Najlepsze globalne leki","og_description":"Kup SDB-005 na sprzeda\u017c Europa, Wielka Brytania to syntetyczny kannabinoid na bazie indazolu, kt\u00f3ry by\u0142 sprzedawany online jako designerski lek.","og_url":"https:\/\/medicinasinc.com\/pl\/product\/kup-sdb-005\/","og_site_name":"Medicinas Inc","article_modified_time":"2022-03-22T00:42:23+00:00","og_image":[{"width":600,"height":451,"url":"https:\/\/medicinasinc.com\/pl\/wp-content\/uploads\/sites\/13\/2022\/02\/Buy-SDB-005.jpeg","type":"image\/jpeg"}],"twitter_card":"summary_large_image","twitter_misc":{"Est. reading time":"1 minute"},"schema":{"@context":"https:\/\/schema.org","@graph":[{"@type":"WebPage","@id":"https:\/\/medicinasinc.com\/pl\/product\/kup-sdb-005\/","url":"https:\/\/medicinasinc.com\/pl\/product\/kup-sdb-005\/","name":"Kup SDB-005 - SDB005 - Najlepsze globalne leki","isPartOf":{"@id":"https:\/\/medicinasinc.com\/pl\/#website"},"primaryImageOfPage":{"@id":"https:\/\/medicinasinc.com\/pl\/product\/kup-sdb-005\/#primaryimage"},"image":{"@id":"https:\/\/medicinasinc.com\/pl\/product\/kup-sdb-005\/#primaryimage"},"thumbnailUrl":"https:\/\/medicinasinc.com\/pl\/wp-content\/uploads\/sites\/13\/2022\/02\/Buy-SDB-005.jpeg","datePublished":"2022-02-22T08:23:15+00:00","dateModified":"2022-03-22T00:42:23+00:00","description":"Kup SDB-005 na sprzeda\u017c Europa, Wielka Brytania to syntetyczny kannabinoid na bazie indazolu, kt\u00f3ry by\u0142 sprzedawany online jako designerski lek.","breadcrumb":{"@id":"https:\/\/medicinasinc.com\/pl\/product\/kup-sdb-005\/#breadcrumb"},"inLanguage":"en-US","potentialAction":[{"@type":"ReadAction","target":["https:\/\/medicinasinc.com\/pl\/product\/kup-sdb-005\/"]}]},{"@type":"ImageObject","inLanguage":"en-US","@id":"https:\/\/medicinasinc.com\/pl\/product\/kup-sdb-005\/#primaryimage","url":"https:\/\/medicinasinc.com\/pl\/wp-content\/uploads\/sites\/13\/2022\/02\/Buy-SDB-005.jpeg","contentUrl":"https:\/\/medicinasinc.com\/pl\/wp-content\/uploads\/sites\/13\/2022\/02\/Buy-SDB-005.jpeg","width":600,"height":451},{"@type":"BreadcrumbList","@id":"https:\/\/medicinasinc.com\/pl\/product\/kup-sdb-005\/#breadcrumb","itemListElement":[{"@type":"ListItem","position":1,"name":"Sklep","item":"https:\/\/medicinasinc.com\/pl\/sklep\/"},{"@type":"ListItem","position":2,"name":"Kup SDB-005"}]},{"@type":"WebSite","@id":"https:\/\/medicinasinc.com\/pl\/#website","url":"https:\/\/medicinasinc.com\/pl\/","name":"Medicinas Inc","description":"Health Medical Clinic","potentialAction":[{"@type":"SearchAction","target":{"@type":"EntryPoint","urlTemplate":"https:\/\/medicinasinc.com\/pl\/?s={search_term_string}"},"query-input":{"@type":"PropertyValueSpecification","valueRequired":true,"valueName":"search_term_string"}}],"inLanguage":"en-US"}]}},"_links":{"self":[{"href":"https:\/\/medicinasinc.com\/pl\/wp-json\/wp\/v2\/product\/5921","targetHints":{"allow":["GET"]}}],"collection":[{"href":"https:\/\/medicinasinc.com\/pl\/wp-json\/wp\/v2\/product"}],"about":[{"href":"https:\/\/medicinasinc.com\/pl\/wp-json\/wp\/v2\/types\/product"}],"replies":[{"embeddable":true,"href":"https:\/\/medicinasinc.com\/pl\/wp-json\/wp\/v2\/comments?post=5921"}],"wp:featuredmedia":[{"embeddable":true,"href":"https:\/\/medicinasinc.com\/pl\/wp-json\/wp\/v2\/media\/5939"}],"wp:attachment":[{"href":"https:\/\/medicinasinc.com\/pl\/wp-json\/wp\/v2\/media?parent=5921"}],"wp:term":[{"taxonomy":"product_brand","embeddable":true,"href":"https:\/\/medicinasinc.com\/pl\/wp-json\/wp\/v2\/product_brand?post=5921"},{"taxonomy":"product_cat","embeddable":true,"href":"https:\/\/medicinasinc.com\/pl\/wp-json\/wp\/v2\/product_cat?post=5921"},{"taxonomy":"product_tag","embeddable":true,"href":"https:\/\/medicinasinc.com\/pl\/wp-json\/wp\/v2\/product_tag?post=5921"}],"curies":[{"name":"wp","href":"https:\/\/api.w.org\/{rel}","templated":true}]}}