{"id":5917,"date":"2022-02-22T08:19:52","date_gmt":"2022-02-22T08:19:52","guid":{"rendered":"https:\/\/medicinasinc.com\/pl\/?post_type=product&#038;p=5917"},"modified":"2022-03-22T00:42:32","modified_gmt":"2022-03-22T00:42:32","slug":"kup-nm-2201","status":"publish","type":"product","link":"https:\/\/medicinasinc.com\/pl\/product\/kup-nm-2201\/","title":{"rendered":"Kup NM-2201"},"content":{"rendered":"<p>Jest to syntetyczny kannabinoid na bazie indolu o nazwie CBL-2201. Prawdopodobnie ma takie same w\u0142a\u015bciwo\u015bci jak 5F-PB-22 i NNE1, kt\u00f3re s\u0105 pe\u0142nymi agonistami i wi\u0105\u017c\u0105 si\u0119 z receptorami CB1 i CB2 z niskim powinowactwem nanomolowym.<\/p>\n<p>Kup NM-2201 Online to dobre miejsce do kup chemikalia badawcze. Mo\u017cesz kupi\u0107 NM-2201 online od zaufanego dostawcy po obni\u017conej cenie. Globalhomemed.com to miejsce, w kt\u00f3rym mo\u017cna go kupi\u0107. Wysy\u0142anie NM-2201 z Europy do Stan\u00f3w Zjednoczonych i innych miejsc jest bezpieczne.<\/p>\n<p>To syntetyczny kannabinoid o nazwie NM-2201. Ma wiele takich samych w\u0142a\u015bciwo\u015bci jak jego bliscy krewni, 5F-PB-22 i NNE1, kt\u00f3re s\u0105 pe\u0142nymi agonistami i wi\u0105\u017c\u0105 si\u0119 z receptorami CB1 i CB2 z niskim powinowactwem nanomolowym.<\/p>\n<p>Tylko do bada\u0144. Nie mo\u017cna go u\u017cywa\u0107 do niczego innego, jak diagnostyka in vivo, \u017cywno\u015b\u0107, leki, wyroby medyczne i kosmetyki dla ludzi i\/lub zwierz\u0105t, i nie mo\u017cna go stosowa\u0107 u ludzi ani zwierz\u0105t.<\/p>\n<p>5F -PB-22 i NNE1 to syntetyczne kannabinoidy na bazie indolu. Obaj s\u0105 pe\u0142nymi agonistami i wi\u0105\u017c\u0105 si\u0119 z receptorami CB1 i CB2 z niskim powinowactwem nanomolowym.<\/p>\n<p>1. Ester 1-(5-fluoropentylo)-1H,3-karboksylowy kwasu N-naftaleno-1-ylowego Ester N-naftaleno-1-ylowy Ester N-naftaleno-1-ylowy Ester N-naftaleno-1-ylowy NM-2201 ma wz\u00f3r chemiczny C24H22FNO2 i wa\u017cy 375,16 gram\u00f3w. Jest jeszcze bardzo wcze\u015bnie w procesie studiowania NM-2201. Nie ma jeszcze wystarczaj\u0105cych danych, aby pokaza\u0107, co potrafi. Jest jednak taki sam jak AM-2201. Oznacza to, \u017ce cechy s\u0105 takie same.<\/p>\n<p>To syntetyczny kannabinoid o nazwie NM-2201. Ma wiele takich samych w\u0142a\u015bciwo\u015bci jak jego bliscy krewni, 5F-PB-22 i NNE1, kt\u00f3re s\u0105 pe\u0142nymi agonistami i wi\u0105\u017c\u0105 si\u0119 z receptorami CB1 i CB2 z niskim powinowactwem nanomolowym.<\/p>\n<p>Tylko do bada\u0144. Nie mo\u017cna go u\u017cywa\u0107 do niczego innego, jak diagnostyka in vivo, \u017cywno\u015b\u0107, leki, wyroby medyczne i kosmetyki dla ludzi i\/lub zwierz\u0105t, i nie mo\u017cna go stosowa\u0107 u ludzi ani zwierz\u0105t.<\/p>\n<p>5F -PB-22 i NNE1 to syntetyczne kannabinoidy na bazie indolu. Obaj s\u0105 pe\u0142nymi agonistami i wi\u0105\u017c\u0105 si\u0119 z receptorami CB1 i CB2 z niskim powinowactwem nanomolowym.<\/p>\n<p>1. Ester 1-(5-fluoropentylo)-1H,3-karboksylowy kwasu N-naftaleno-1-ylowego Ester N-naftaleno-1-ylowy Ester N-naftaleno-1-ylowy Ester N-naftaleno-1-ylowy NM-2201 ma wz\u00f3r chemiczny C24H22FNO2 i wa\u017cy 375,16 gram\u00f3w. Jest jeszcze bardzo wcze\u015bnie w procesie studiowania NM-2201. Nie ma jeszcze wystarczaj\u0105cych danych, aby pokaza\u0107, co potrafi. Jest jednak taki sam jak AM-2201. Oznacza to, \u017ce cechy s\u0105 takie same.<\/p>\n","protected":false},"excerpt":{"rendered":"<p><b>Kup NM-2201 <\/b>na sprzeda\u017c Europa, Wielka Brytania (znany r\u00f3wnie\u017c jako\u00a0<b>CBL-2201<\/b>) to oparty na indolu\u00a0<a class=\"mw-redirect\" title=\"\u201eSyntetyczny\" href=\"https:\/\/en.wikipedia.org\/wiki\/Synthetic_cannabinoid\">syntetyczny kannabinoid<\/a>, kt\u00f3ry prawdopodobnie ma podobne w\u0142a\u015bciwo\u015bci do blisko spokrewnionych 5F-PB-22 i NNE1, kt\u00f3re s\u0105 pe\u0142nymi agonistami i\u00a0nieselektywnie\u00a0wi\u0105\u017c\u0105 si\u0119 z receptorami CB<sub>1<\/sub>\u00a0i\u00a0CB<sub>2<\/sub> z niskim powinowactwem nanomolowym, dost\u0119pne hurtowo<\/p>\n","protected":false},"featured_media":5938,"comment_status":"open","ping_status":"closed","template":"","meta":[],"product_brand":[],"product_cat":[2596],"product_tag":[4095,4093,4090,4094,4091,4092],"class_list":{"0":"post-5917","1":"product","2":"type-product","3":"status-publish","4":"has-post-thumbnail","6":"product_cat-kanabinoidy-na-sprzeda","7":"product_tag-gdzie-kupi-nm2201-online","8":"product_tag-zakup-nm2201-online","9":"product_tag-kup-nm2201-online","10":"product_tag-najlepsze-miejsce-do-kupu-nm2201-online","11":"product_tag-nm2201-na-sprzeda","12":"product_tag-zamw-nm2201-online","14":"first","15":"instock","16":"featured","17":"shipping-taxable","18":"purchasable","19":"product-type-variable"},"yoast_head":"<!-- This site is optimized with the Yoast SEO plugin v27.3 - https:\/\/yoast.com\/product\/yoast-seo-wordpress\/ -->\n<title>Kup NM-2201 \u2014 CBL-2201 \u2014 najlepsze najlepsze leki na \u015bwiecie<\/title>\n<meta name=\"description\" content=\"Kup NM-2201 na sprzeda\u017c Europa, Wielka Brytania (znany r\u00f3wnie\u017c jako CBL-2201) to syntetyczny kannabinoid na bazie indolu, kt\u00f3ry prawdopodobnie ma podobne w\u0142a\u015bciwo\u015bci do blisko spokrewnionych 5F-PB-22 i NNE1, kt\u00f3re s\u0105 zar\u00f3wno pe\u0142nymi agonistami, jak i nieselektywnie wi\u0105\u017c\u0105 si\u0119 z Receptory CB1 i CB2 o niskim powinowactwie nanomolowym, dost\u0119pne hurtowo\" \/>\n<meta name=\"robots\" content=\"index, follow, max-snippet:-1, max-image-preview:large, max-video-preview:-1\" \/>\n<link rel=\"canonical\" href=\"https:\/\/medicinasinc.com\/pl\/product\/kup-nm-2201\/\" \/>\n<meta property=\"og:locale\" content=\"en_US\" \/>\n<meta property=\"og:type\" content=\"article\" \/>\n<meta property=\"og:title\" content=\"Kup NM-2201 \u2014 CBL-2201 \u2014 najlepsze najlepsze leki na \u015bwiecie\" \/>\n<meta property=\"og:description\" content=\"Kup NM-2201 na sprzeda\u017c Europa, Wielka Brytania (znany r\u00f3wnie\u017c jako CBL-2201) to syntetyczny kannabinoid na bazie indolu, kt\u00f3ry prawdopodobnie ma podobne w\u0142a\u015bciwo\u015bci do blisko spokrewnionych 5F-PB-22 i NNE1, kt\u00f3re s\u0105 zar\u00f3wno pe\u0142nymi agonistami, jak i nieselektywnie wi\u0105\u017c\u0105 si\u0119 z Receptory CB1 i CB2 o niskim powinowactwie nanomolowym, dost\u0119pne hurtowo\" \/>\n<meta property=\"og:url\" content=\"https:\/\/medicinasinc.com\/pl\/product\/kup-nm-2201\/\" \/>\n<meta property=\"og:site_name\" content=\"Medicinas Inc\" \/>\n<meta property=\"article:modified_time\" content=\"2022-03-22T00:42:32+00:00\" \/>\n<meta property=\"og:image\" content=\"https:\/\/medicinasinc.com\/pl\/wp-content\/uploads\/sites\/13\/2022\/02\/Buy-NM-2201.jpg\" \/>\n\t<meta property=\"og:image:width\" content=\"458\" \/>\n\t<meta property=\"og:image:height\" content=\"458\" \/>\n\t<meta property=\"og:image:type\" content=\"image\/jpeg\" \/>\n<meta name=\"twitter:card\" content=\"summary_large_image\" \/>\n<meta name=\"twitter:label1\" content=\"Est. reading time\" \/>\n\t<meta name=\"twitter:data1\" content=\"2 minutes\" \/>\n<script type=\"application\/ld+json\" class=\"yoast-schema-graph\">{\"@context\":\"https:\\\/\\\/schema.org\",\"@graph\":[{\"@type\":\"WebPage\",\"@id\":\"https:\\\/\\\/medicinasinc.com\\\/pl\\\/product\\\/kup-nm-2201\\\/\",\"url\":\"https:\\\/\\\/medicinasinc.com\\\/pl\\\/product\\\/kup-nm-2201\\\/\",\"name\":\"Kup NM-2201 \u2014 CBL-2201 \u2014 najlepsze najlepsze leki na \u015bwiecie\",\"isPartOf\":{\"@id\":\"https:\\\/\\\/medicinasinc.com\\\/pl\\\/#website\"},\"primaryImageOfPage\":{\"@id\":\"https:\\\/\\\/medicinasinc.com\\\/pl\\\/product\\\/kup-nm-2201\\\/#primaryimage\"},\"image\":{\"@id\":\"https:\\\/\\\/medicinasinc.com\\\/pl\\\/product\\\/kup-nm-2201\\\/#primaryimage\"},\"thumbnailUrl\":\"https:\\\/\\\/medicinasinc.com\\\/pl\\\/wp-content\\\/uploads\\\/sites\\\/13\\\/2022\\\/02\\\/Buy-NM-2201.jpg\",\"datePublished\":\"2022-02-22T08:19:52+00:00\",\"dateModified\":\"2022-03-22T00:42:32+00:00\",\"description\":\"Kup NM-2201 na sprzeda\u017c Europa, Wielka Brytania (znany r\u00f3wnie\u017c jako CBL-2201) to syntetyczny kannabinoid na bazie indolu, kt\u00f3ry prawdopodobnie ma podobne w\u0142a\u015bciwo\u015bci do blisko spokrewnionych 5F-PB-22 i NNE1, kt\u00f3re s\u0105 zar\u00f3wno pe\u0142nymi agonistami, jak i nieselektywnie wi\u0105\u017c\u0105 si\u0119 z Receptory CB1 i CB2 o niskim powinowactwie nanomolowym, dost\u0119pne hurtowo\",\"breadcrumb\":{\"@id\":\"https:\\\/\\\/medicinasinc.com\\\/pl\\\/product\\\/kup-nm-2201\\\/#breadcrumb\"},\"inLanguage\":\"en-US\",\"potentialAction\":[{\"@type\":\"ReadAction\",\"target\":[\"https:\\\/\\\/medicinasinc.com\\\/pl\\\/product\\\/kup-nm-2201\\\/\"]}]},{\"@type\":\"ImageObject\",\"inLanguage\":\"en-US\",\"@id\":\"https:\\\/\\\/medicinasinc.com\\\/pl\\\/product\\\/kup-nm-2201\\\/#primaryimage\",\"url\":\"https:\\\/\\\/medicinasinc.com\\\/pl\\\/wp-content\\\/uploads\\\/sites\\\/13\\\/2022\\\/02\\\/Buy-NM-2201.jpg\",\"contentUrl\":\"https:\\\/\\\/medicinasinc.com\\\/pl\\\/wp-content\\\/uploads\\\/sites\\\/13\\\/2022\\\/02\\\/Buy-NM-2201.jpg\",\"width\":458,\"height\":458},{\"@type\":\"BreadcrumbList\",\"@id\":\"https:\\\/\\\/medicinasinc.com\\\/pl\\\/product\\\/kup-nm-2201\\\/#breadcrumb\",\"itemListElement\":[{\"@type\":\"ListItem\",\"position\":1,\"name\":\"Sklep\",\"item\":\"https:\\\/\\\/medicinasinc.com\\\/pl\\\/sklep\\\/\"},{\"@type\":\"ListItem\",\"position\":2,\"name\":\"Kup NM-2201\"}]},{\"@type\":\"WebSite\",\"@id\":\"https:\\\/\\\/medicinasinc.com\\\/pl\\\/#website\",\"url\":\"https:\\\/\\\/medicinasinc.com\\\/pl\\\/\",\"name\":\"Medicinas Inc\",\"description\":\"Health Medical Clinic\",\"potentialAction\":[{\"@type\":\"SearchAction\",\"target\":{\"@type\":\"EntryPoint\",\"urlTemplate\":\"https:\\\/\\\/medicinasinc.com\\\/pl\\\/?s={search_term_string}\"},\"query-input\":{\"@type\":\"PropertyValueSpecification\",\"valueRequired\":true,\"valueName\":\"search_term_string\"}}],\"inLanguage\":\"en-US\"}]}<\/script>\n<!-- \/ Yoast SEO plugin. -->","yoast_head_json":{"title":"Kup NM-2201 \u2014 CBL-2201 \u2014 najlepsze najlepsze leki na \u015bwiecie","description":"Kup NM-2201 na sprzeda\u017c Europa, Wielka Brytania (znany r\u00f3wnie\u017c jako CBL-2201) to syntetyczny kannabinoid na bazie indolu, kt\u00f3ry prawdopodobnie ma podobne w\u0142a\u015bciwo\u015bci do blisko spokrewnionych 5F-PB-22 i NNE1, kt\u00f3re s\u0105 zar\u00f3wno pe\u0142nymi agonistami, jak i nieselektywnie wi\u0105\u017c\u0105 si\u0119 z Receptory CB1 i CB2 o niskim powinowactwie nanomolowym, dost\u0119pne hurtowo","robots":{"index":"index","follow":"follow","max-snippet":"max-snippet:-1","max-image-preview":"max-image-preview:large","max-video-preview":"max-video-preview:-1"},"canonical":"https:\/\/medicinasinc.com\/pl\/product\/kup-nm-2201\/","og_locale":"en_US","og_type":"article","og_title":"Kup NM-2201 \u2014 CBL-2201 \u2014 najlepsze najlepsze leki na \u015bwiecie","og_description":"Kup NM-2201 na sprzeda\u017c Europa, Wielka Brytania (znany r\u00f3wnie\u017c jako CBL-2201) to syntetyczny kannabinoid na bazie indolu, kt\u00f3ry prawdopodobnie ma podobne w\u0142a\u015bciwo\u015bci do blisko spokrewnionych 5F-PB-22 i NNE1, kt\u00f3re s\u0105 zar\u00f3wno pe\u0142nymi agonistami, jak i nieselektywnie wi\u0105\u017c\u0105 si\u0119 z Receptory CB1 i CB2 o niskim powinowactwie nanomolowym, dost\u0119pne hurtowo","og_url":"https:\/\/medicinasinc.com\/pl\/product\/kup-nm-2201\/","og_site_name":"Medicinas Inc","article_modified_time":"2022-03-22T00:42:32+00:00","og_image":[{"width":458,"height":458,"url":"https:\/\/medicinasinc.com\/pl\/wp-content\/uploads\/sites\/13\/2022\/02\/Buy-NM-2201.jpg","type":"image\/jpeg"}],"twitter_card":"summary_large_image","twitter_misc":{"Est. reading time":"2 minutes"},"schema":{"@context":"https:\/\/schema.org","@graph":[{"@type":"WebPage","@id":"https:\/\/medicinasinc.com\/pl\/product\/kup-nm-2201\/","url":"https:\/\/medicinasinc.com\/pl\/product\/kup-nm-2201\/","name":"Kup NM-2201 \u2014 CBL-2201 \u2014 najlepsze najlepsze leki na \u015bwiecie","isPartOf":{"@id":"https:\/\/medicinasinc.com\/pl\/#website"},"primaryImageOfPage":{"@id":"https:\/\/medicinasinc.com\/pl\/product\/kup-nm-2201\/#primaryimage"},"image":{"@id":"https:\/\/medicinasinc.com\/pl\/product\/kup-nm-2201\/#primaryimage"},"thumbnailUrl":"https:\/\/medicinasinc.com\/pl\/wp-content\/uploads\/sites\/13\/2022\/02\/Buy-NM-2201.jpg","datePublished":"2022-02-22T08:19:52+00:00","dateModified":"2022-03-22T00:42:32+00:00","description":"Kup NM-2201 na sprzeda\u017c Europa, Wielka Brytania (znany r\u00f3wnie\u017c jako CBL-2201) to syntetyczny kannabinoid na bazie indolu, kt\u00f3ry prawdopodobnie ma podobne w\u0142a\u015bciwo\u015bci do blisko spokrewnionych 5F-PB-22 i NNE1, kt\u00f3re s\u0105 zar\u00f3wno pe\u0142nymi agonistami, jak i nieselektywnie wi\u0105\u017c\u0105 si\u0119 z Receptory CB1 i CB2 o niskim powinowactwie nanomolowym, dost\u0119pne hurtowo","breadcrumb":{"@id":"https:\/\/medicinasinc.com\/pl\/product\/kup-nm-2201\/#breadcrumb"},"inLanguage":"en-US","potentialAction":[{"@type":"ReadAction","target":["https:\/\/medicinasinc.com\/pl\/product\/kup-nm-2201\/"]}]},{"@type":"ImageObject","inLanguage":"en-US","@id":"https:\/\/medicinasinc.com\/pl\/product\/kup-nm-2201\/#primaryimage","url":"https:\/\/medicinasinc.com\/pl\/wp-content\/uploads\/sites\/13\/2022\/02\/Buy-NM-2201.jpg","contentUrl":"https:\/\/medicinasinc.com\/pl\/wp-content\/uploads\/sites\/13\/2022\/02\/Buy-NM-2201.jpg","width":458,"height":458},{"@type":"BreadcrumbList","@id":"https:\/\/medicinasinc.com\/pl\/product\/kup-nm-2201\/#breadcrumb","itemListElement":[{"@type":"ListItem","position":1,"name":"Sklep","item":"https:\/\/medicinasinc.com\/pl\/sklep\/"},{"@type":"ListItem","position":2,"name":"Kup NM-2201"}]},{"@type":"WebSite","@id":"https:\/\/medicinasinc.com\/pl\/#website","url":"https:\/\/medicinasinc.com\/pl\/","name":"Medicinas Inc","description":"Health Medical Clinic","potentialAction":[{"@type":"SearchAction","target":{"@type":"EntryPoint","urlTemplate":"https:\/\/medicinasinc.com\/pl\/?s={search_term_string}"},"query-input":{"@type":"PropertyValueSpecification","valueRequired":true,"valueName":"search_term_string"}}],"inLanguage":"en-US"}]}},"_links":{"self":[{"href":"https:\/\/medicinasinc.com\/pl\/wp-json\/wp\/v2\/product\/5917","targetHints":{"allow":["GET"]}}],"collection":[{"href":"https:\/\/medicinasinc.com\/pl\/wp-json\/wp\/v2\/product"}],"about":[{"href":"https:\/\/medicinasinc.com\/pl\/wp-json\/wp\/v2\/types\/product"}],"replies":[{"embeddable":true,"href":"https:\/\/medicinasinc.com\/pl\/wp-json\/wp\/v2\/comments?post=5917"}],"wp:featuredmedia":[{"embeddable":true,"href":"https:\/\/medicinasinc.com\/pl\/wp-json\/wp\/v2\/media\/5938"}],"wp:attachment":[{"href":"https:\/\/medicinasinc.com\/pl\/wp-json\/wp\/v2\/media?parent=5917"}],"wp:term":[{"taxonomy":"product_brand","embeddable":true,"href":"https:\/\/medicinasinc.com\/pl\/wp-json\/wp\/v2\/product_brand?post=5917"},{"taxonomy":"product_cat","embeddable":true,"href":"https:\/\/medicinasinc.com\/pl\/wp-json\/wp\/v2\/product_cat?post=5917"},{"taxonomy":"product_tag","embeddable":true,"href":"https:\/\/medicinasinc.com\/pl\/wp-json\/wp\/v2\/product_tag?post=5917"}],"curies":[{"name":"wp","href":"https:\/\/api.w.org\/{rel}","templated":true}]}}