{"id":5912,"date":"2022-02-22T08:15:30","date_gmt":"2022-02-22T08:15:30","guid":{"rendered":"https:\/\/medicinasinc.com\/pl\/?post_type=product&#038;p=5912"},"modified":"2022-03-22T00:42:40","modified_gmt":"2022-03-22T00:42:40","slug":"kup-mdmb-chmica","status":"publish","type":"product","link":"https:\/\/medicinasinc.com\/pl\/product\/kup-mdmb-chmica\/","title":{"rendered":"Kup MDMB-CHMICA"},"content":{"rendered":"<p>MDMB-CHMICA (lub MMB-CHMINACA) to syntetyczna marihuana na bazie indolu, kt\u00f3ra by\u0142a oferowana online jako designerski lek. Chocia\u017c MDMB-CHMICA by\u0142a pocz\u0105tkowo sprzedawana jako \u201eMMB-CHMINACA\u201d, izopropylowy analog MDMB-CHMINACA (AMB-CHMINACA) zosta\u0142 odkryty na rynku lek\u00f3w designerskich w 2015 roku.<\/p>\n<p>MMB-CHMINACA<\/p>\n<p>MDMB-CHMINACA<\/p>\n<p>MMB-CHMINACA (MDMB-CHMINACA) to syntetyczna marihuana na bazie indolu, kt\u00f3ra by\u0142a oferowana online jako designerski lek.<\/p>\n<p>MMB-CHMINACA<\/p>\n<p>MDMB-CHMINACA<\/p>\n<p>Nazwa IUPAC: (2S)<\/p>\n<p>2,3-dimetylobutanian<br \/> CAS: nie dotyczy<br \/> nie dotyczy ChemSpider <br \/> C23H32N2O3<br \/> 384,5 g\/mol MMB<br \/> MDMB-CHMINACA<\/p>\n<p>(2S)-metylo<\/p>\n<p>1H-indol-3-ilokarbonyloamino-2 ,3-Dimetylobutanian<\/p>\n<p>MMB-CHMINACA (MDMB-CHMINACA) to kannabinoid na bazie indolu z grup\u0105 dimetylobutanianow\u0105. Ta substancja chemiczna wydaje si\u0119 mie\u0107 wy\u017csze powinowactwo wi\u0105zania in vitro ni\u017c wiele obecnych kannabinoid\u00f3w i naukowcy powinni o tym pami\u0119ta\u0107 podczas projektowania bada\u0144 i rozmieszczania materia\u0142u na pod\u0142o\u017cach kom\u00f3rkowych.<\/p>\n<p>Syntetyczne kannabinoidy to du\u017cy zbi\u00f3r zwi\u0105zk\u00f3w, kt\u00f3re s\u0105 stale obecne. ewoluowa\u0107 i by\u0107 przedstawiane opinii publicznej. Jednak wprowadzenie MMB-CHMINACA wzbudzi\u0142o ogromne zainteresowanie ze wzgl\u0119du na jego unikalne w\u0142a\u015bciwo\u015bci. Jego hipotetyczny wp\u0142yw na receptory CB1 i CB2 jest znacznie wi\u0119kszy na jednostk\u0119 ni\u017c AB-CHMINACA, co wymaga mniejszych ilo\u015bci aktywnego materia\u0142u, aby spe\u0142ni\u0107 cel eksperymentu.<\/p>\n<p>MMB-CHMINACA to bia\u0142y proszek, kt\u00f3ry mo\u017cna bezpiecznie przechowywa\u0107 i obs\u0142ugiwane w laboratorium. Ten syntetyczny kannabinoid ma skomplikowany wz\u00f3r chemiczny (2S)-metylo-2-(1-(cykloheksylometylo)-1H-indol-3-ilokarbonyloamino)-3,3-dimetylobutanian. Jego masa cz\u0105steczkowa wynosi 384,5 g\/mol, a jej wz\u00f3r to C23H32N2O3.<\/p>\n<p>MMB-CHMINACA to nowa substancja chemiczna, z kt\u00f3r\u0105 nale\u017cy obchodzi\u0107 si\u0119 z najwy\u017csz\u0105 uwag\u0105 i kt\u00f3r\u0105 nale\u017cy dok\u0142adnie zmierzy\u0107 ze wzgl\u0119du na jej wyj\u0105tkow\u0105 czysto\u015b\u0107. Zach\u0119camy wszystkich do zbadania stanu lokalnych ogranicze\u0144 przed uzyskaniem syntetycznej marihuany i innych substancji z naszego sklepu internetowego.<\/p>\n","protected":false},"excerpt":{"rendered":"<p>Kup MDMB-CHMICA, MMB2101 na sprzeda\u017c Europa, Wielka Brytania (b\u0142\u0119dnie znana jako MMB-CHMINACA) to syntetyczny kannabinoid na bazie indolu, kt\u00f3ry jest silnym agonist\u0105 receptora CB1 i zosta\u0142 sprzedany online jako designerski lek, hurt Dost\u0119pne zam\u00f3wienie<\/p>\n","protected":false},"featured_media":5937,"comment_status":"open","ping_status":"closed","template":"","meta":[],"product_brand":[],"product_cat":[2596],"product_tag":[4083,4089,4084,4085,4086,4088,4087],"class_list":{"0":"post-5912","1":"product","2":"type-product","3":"status-publish","4":"has-post-thumbnail","6":"product_cat-kanabinoidy-na-sprzeda","7":"product_tag-buy-mmb-chminaca-online","8":"product_tag-gdzie-kupi-mmb-chminaca-online","9":"product_tag-jak-kupi-mmb-chminaca-online","10":"product_tag-mmb-chminaca","11":"product_tag-mmb-chminaca-na-sprzedaz","12":"product_tag-najlepsze-miejsce-do-kupowania-mmb-chminaca-online","13":"product_tag-zamw-mmb-chminaca-online","15":"first","16":"instock","17":"shipping-taxable","18":"purchasable","19":"product-type-variable"},"yoast_head":"<!-- This site is optimized with the Yoast SEO plugin v27.3 - https:\/\/yoast.com\/product\/yoast-seo-wordpress\/ -->\n<title>Kup MMB-Chminaca - MMB-CHMINACA - Najlepsze leki na \u015bwiecie<\/title>\n<meta name=\"description\" content=\"Kup MDMB-CHMICA, MMB2101 na sprzeda\u017c Europa, Wielka Brytania (b\u0142\u0119dnie znana jako MMB-CHMINACA) to syntetyczny kannabinoid na bazie indolu, kt\u00f3ry jest silnym agonist\u0105 receptora CB1 i zosta\u0142 sprzedany online jako designerski lek, dost\u0119pne zam\u00f3wienie hurtowe\" \/>\n<meta name=\"robots\" content=\"index, follow, max-snippet:-1, max-image-preview:large, max-video-preview:-1\" \/>\n<link rel=\"canonical\" href=\"https:\/\/medicinasinc.com\/pl\/product\/kup-mdmb-chmica\/\" \/>\n<meta property=\"og:locale\" content=\"en_US\" \/>\n<meta property=\"og:type\" content=\"article\" \/>\n<meta property=\"og:title\" content=\"Kup MMB-Chminaca - MMB-CHMINACA - Najlepsze leki na \u015bwiecie\" \/>\n<meta property=\"og:description\" content=\"Kup MDMB-CHMICA, MMB2101 na sprzeda\u017c Europa, Wielka Brytania (b\u0142\u0119dnie znana jako MMB-CHMINACA) to syntetyczny kannabinoid na bazie indolu, kt\u00f3ry jest silnym agonist\u0105 receptora CB1 i zosta\u0142 sprzedany online jako designerski lek, dost\u0119pne zam\u00f3wienie hurtowe\" \/>\n<meta property=\"og:url\" content=\"https:\/\/medicinasinc.com\/pl\/product\/kup-mdmb-chmica\/\" \/>\n<meta property=\"og:site_name\" content=\"Medicinas Inc\" \/>\n<meta property=\"article:modified_time\" content=\"2022-03-22T00:42:40+00:00\" \/>\n<meta property=\"og:image\" content=\"https:\/\/medicinasinc.com\/pl\/wp-content\/uploads\/sites\/13\/2022\/02\/Buy-MDMB-CHMICA.jpg\" \/>\n\t<meta property=\"og:image:width\" content=\"459\" \/>\n\t<meta property=\"og:image:height\" content=\"443\" \/>\n\t<meta property=\"og:image:type\" content=\"image\/jpeg\" \/>\n<meta name=\"twitter:card\" content=\"summary_large_image\" \/>\n<meta name=\"twitter:label1\" content=\"Est. reading time\" \/>\n\t<meta name=\"twitter:data1\" content=\"2 minutes\" \/>\n<script type=\"application\/ld+json\" class=\"yoast-schema-graph\">{\"@context\":\"https:\\\/\\\/schema.org\",\"@graph\":[{\"@type\":\"WebPage\",\"@id\":\"https:\\\/\\\/medicinasinc.com\\\/pl\\\/product\\\/kup-mdmb-chmica\\\/\",\"url\":\"https:\\\/\\\/medicinasinc.com\\\/pl\\\/product\\\/kup-mdmb-chmica\\\/\",\"name\":\"Kup MMB-Chminaca - MMB-CHMINACA - Najlepsze leki na \u015bwiecie\",\"isPartOf\":{\"@id\":\"https:\\\/\\\/medicinasinc.com\\\/pl\\\/#website\"},\"primaryImageOfPage\":{\"@id\":\"https:\\\/\\\/medicinasinc.com\\\/pl\\\/product\\\/kup-mdmb-chmica\\\/#primaryimage\"},\"image\":{\"@id\":\"https:\\\/\\\/medicinasinc.com\\\/pl\\\/product\\\/kup-mdmb-chmica\\\/#primaryimage\"},\"thumbnailUrl\":\"https:\\\/\\\/medicinasinc.com\\\/pl\\\/wp-content\\\/uploads\\\/sites\\\/13\\\/2022\\\/02\\\/Buy-MDMB-CHMICA.jpg\",\"datePublished\":\"2022-02-22T08:15:30+00:00\",\"dateModified\":\"2022-03-22T00:42:40+00:00\",\"description\":\"Kup MDMB-CHMICA, MMB2101 na sprzeda\u017c Europa, Wielka Brytania (b\u0142\u0119dnie znana jako MMB-CHMINACA) to syntetyczny kannabinoid na bazie indolu, kt\u00f3ry jest silnym agonist\u0105 receptora CB1 i zosta\u0142 sprzedany online jako designerski lek, dost\u0119pne zam\u00f3wienie hurtowe\",\"breadcrumb\":{\"@id\":\"https:\\\/\\\/medicinasinc.com\\\/pl\\\/product\\\/kup-mdmb-chmica\\\/#breadcrumb\"},\"inLanguage\":\"en-US\",\"potentialAction\":[{\"@type\":\"ReadAction\",\"target\":[\"https:\\\/\\\/medicinasinc.com\\\/pl\\\/product\\\/kup-mdmb-chmica\\\/\"]}]},{\"@type\":\"ImageObject\",\"inLanguage\":\"en-US\",\"@id\":\"https:\\\/\\\/medicinasinc.com\\\/pl\\\/product\\\/kup-mdmb-chmica\\\/#primaryimage\",\"url\":\"https:\\\/\\\/medicinasinc.com\\\/pl\\\/wp-content\\\/uploads\\\/sites\\\/13\\\/2022\\\/02\\\/Buy-MDMB-CHMICA.jpg\",\"contentUrl\":\"https:\\\/\\\/medicinasinc.com\\\/pl\\\/wp-content\\\/uploads\\\/sites\\\/13\\\/2022\\\/02\\\/Buy-MDMB-CHMICA.jpg\",\"width\":459,\"height\":443},{\"@type\":\"BreadcrumbList\",\"@id\":\"https:\\\/\\\/medicinasinc.com\\\/pl\\\/product\\\/kup-mdmb-chmica\\\/#breadcrumb\",\"itemListElement\":[{\"@type\":\"ListItem\",\"position\":1,\"name\":\"Sklep\",\"item\":\"https:\\\/\\\/medicinasinc.com\\\/pl\\\/sklep\\\/\"},{\"@type\":\"ListItem\",\"position\":2,\"name\":\"Kup MDMB-CHMICA\"}]},{\"@type\":\"WebSite\",\"@id\":\"https:\\\/\\\/medicinasinc.com\\\/pl\\\/#website\",\"url\":\"https:\\\/\\\/medicinasinc.com\\\/pl\\\/\",\"name\":\"Medicinas Inc\",\"description\":\"Health Medical Clinic\",\"potentialAction\":[{\"@type\":\"SearchAction\",\"target\":{\"@type\":\"EntryPoint\",\"urlTemplate\":\"https:\\\/\\\/medicinasinc.com\\\/pl\\\/?s={search_term_string}\"},\"query-input\":{\"@type\":\"PropertyValueSpecification\",\"valueRequired\":true,\"valueName\":\"search_term_string\"}}],\"inLanguage\":\"en-US\"}]}<\/script>\n<!-- \/ Yoast SEO plugin. -->","yoast_head_json":{"title":"Kup MMB-Chminaca - MMB-CHMINACA - Najlepsze leki na \u015bwiecie","description":"Kup MDMB-CHMICA, MMB2101 na sprzeda\u017c Europa, Wielka Brytania (b\u0142\u0119dnie znana jako MMB-CHMINACA) to syntetyczny kannabinoid na bazie indolu, kt\u00f3ry jest silnym agonist\u0105 receptora CB1 i zosta\u0142 sprzedany online jako designerski lek, dost\u0119pne zam\u00f3wienie hurtowe","robots":{"index":"index","follow":"follow","max-snippet":"max-snippet:-1","max-image-preview":"max-image-preview:large","max-video-preview":"max-video-preview:-1"},"canonical":"https:\/\/medicinasinc.com\/pl\/product\/kup-mdmb-chmica\/","og_locale":"en_US","og_type":"article","og_title":"Kup MMB-Chminaca - MMB-CHMINACA - Najlepsze leki na \u015bwiecie","og_description":"Kup MDMB-CHMICA, MMB2101 na sprzeda\u017c Europa, Wielka Brytania (b\u0142\u0119dnie znana jako MMB-CHMINACA) to syntetyczny kannabinoid na bazie indolu, kt\u00f3ry jest silnym agonist\u0105 receptora CB1 i zosta\u0142 sprzedany online jako designerski lek, dost\u0119pne zam\u00f3wienie hurtowe","og_url":"https:\/\/medicinasinc.com\/pl\/product\/kup-mdmb-chmica\/","og_site_name":"Medicinas Inc","article_modified_time":"2022-03-22T00:42:40+00:00","og_image":[{"width":459,"height":443,"url":"https:\/\/medicinasinc.com\/pl\/wp-content\/uploads\/sites\/13\/2022\/02\/Buy-MDMB-CHMICA.jpg","type":"image\/jpeg"}],"twitter_card":"summary_large_image","twitter_misc":{"Est. reading time":"2 minutes"},"schema":{"@context":"https:\/\/schema.org","@graph":[{"@type":"WebPage","@id":"https:\/\/medicinasinc.com\/pl\/product\/kup-mdmb-chmica\/","url":"https:\/\/medicinasinc.com\/pl\/product\/kup-mdmb-chmica\/","name":"Kup MMB-Chminaca - MMB-CHMINACA - Najlepsze leki na \u015bwiecie","isPartOf":{"@id":"https:\/\/medicinasinc.com\/pl\/#website"},"primaryImageOfPage":{"@id":"https:\/\/medicinasinc.com\/pl\/product\/kup-mdmb-chmica\/#primaryimage"},"image":{"@id":"https:\/\/medicinasinc.com\/pl\/product\/kup-mdmb-chmica\/#primaryimage"},"thumbnailUrl":"https:\/\/medicinasinc.com\/pl\/wp-content\/uploads\/sites\/13\/2022\/02\/Buy-MDMB-CHMICA.jpg","datePublished":"2022-02-22T08:15:30+00:00","dateModified":"2022-03-22T00:42:40+00:00","description":"Kup MDMB-CHMICA, MMB2101 na sprzeda\u017c Europa, Wielka Brytania (b\u0142\u0119dnie znana jako MMB-CHMINACA) to syntetyczny kannabinoid na bazie indolu, kt\u00f3ry jest silnym agonist\u0105 receptora CB1 i zosta\u0142 sprzedany online jako designerski lek, dost\u0119pne zam\u00f3wienie hurtowe","breadcrumb":{"@id":"https:\/\/medicinasinc.com\/pl\/product\/kup-mdmb-chmica\/#breadcrumb"},"inLanguage":"en-US","potentialAction":[{"@type":"ReadAction","target":["https:\/\/medicinasinc.com\/pl\/product\/kup-mdmb-chmica\/"]}]},{"@type":"ImageObject","inLanguage":"en-US","@id":"https:\/\/medicinasinc.com\/pl\/product\/kup-mdmb-chmica\/#primaryimage","url":"https:\/\/medicinasinc.com\/pl\/wp-content\/uploads\/sites\/13\/2022\/02\/Buy-MDMB-CHMICA.jpg","contentUrl":"https:\/\/medicinasinc.com\/pl\/wp-content\/uploads\/sites\/13\/2022\/02\/Buy-MDMB-CHMICA.jpg","width":459,"height":443},{"@type":"BreadcrumbList","@id":"https:\/\/medicinasinc.com\/pl\/product\/kup-mdmb-chmica\/#breadcrumb","itemListElement":[{"@type":"ListItem","position":1,"name":"Sklep","item":"https:\/\/medicinasinc.com\/pl\/sklep\/"},{"@type":"ListItem","position":2,"name":"Kup MDMB-CHMICA"}]},{"@type":"WebSite","@id":"https:\/\/medicinasinc.com\/pl\/#website","url":"https:\/\/medicinasinc.com\/pl\/","name":"Medicinas Inc","description":"Health Medical Clinic","potentialAction":[{"@type":"SearchAction","target":{"@type":"EntryPoint","urlTemplate":"https:\/\/medicinasinc.com\/pl\/?s={search_term_string}"},"query-input":{"@type":"PropertyValueSpecification","valueRequired":true,"valueName":"search_term_string"}}],"inLanguage":"en-US"}]}},"_links":{"self":[{"href":"https:\/\/medicinasinc.com\/pl\/wp-json\/wp\/v2\/product\/5912","targetHints":{"allow":["GET"]}}],"collection":[{"href":"https:\/\/medicinasinc.com\/pl\/wp-json\/wp\/v2\/product"}],"about":[{"href":"https:\/\/medicinasinc.com\/pl\/wp-json\/wp\/v2\/types\/product"}],"replies":[{"embeddable":true,"href":"https:\/\/medicinasinc.com\/pl\/wp-json\/wp\/v2\/comments?post=5912"}],"wp:featuredmedia":[{"embeddable":true,"href":"https:\/\/medicinasinc.com\/pl\/wp-json\/wp\/v2\/media\/5937"}],"wp:attachment":[{"href":"https:\/\/medicinasinc.com\/pl\/wp-json\/wp\/v2\/media?parent=5912"}],"wp:term":[{"taxonomy":"product_brand","embeddable":true,"href":"https:\/\/medicinasinc.com\/pl\/wp-json\/wp\/v2\/product_brand?post=5912"},{"taxonomy":"product_cat","embeddable":true,"href":"https:\/\/medicinasinc.com\/pl\/wp-json\/wp\/v2\/product_cat?post=5912"},{"taxonomy":"product_tag","embeddable":true,"href":"https:\/\/medicinasinc.com\/pl\/wp-json\/wp\/v2\/product_tag?post=5912"}],"curies":[{"name":"wp","href":"https:\/\/api.w.org\/{rel}","templated":true}]}}