{"id":5906,"date":"2022-02-22T08:12:00","date_gmt":"2022-02-22T08:12:00","guid":{"rendered":"https:\/\/medicinasinc.com\/pl\/?post_type=product&#038;p=5906"},"modified":"2022-03-22T00:42:52","modified_gmt":"2022-03-22T00:42:52","slug":"kup-z-fubinaca","status":"publish","type":"product","link":"https:\/\/medicinasinc.com\/pl\/product\/kup-z-fubinaca\/","title":{"rendered":"Kup AMB-FUBINACA"},"content":{"rendered":"<p>Syntetyczny kannabinoid AMB-FUBINACA na bazie indazolu, znany r\u00f3wnie\u017c jako FUB-AMB i MMB-FUBINACA, jest silnym agonist\u0105 kannabinoid\u00f3w. Ma warto\u015bci Ki 10,04 nM w CB1 i 0,786 nM w CB2 oraz warto\u015bci EC50 0,5433 nM w CB1 i 0,1278 nM w CB2. Zosta\u0142 sprzedany online jako designerski lek. Po raz pierwszy zosta\u0142 wyprodukowany przez firm\u0119 Pfizer, kt\u00f3ra z\u0142o\u017cy\u0142a patent na zwi\u0105zek w 2009 roku. Zwi\u0105zek nigdy nie by\u0142 testowany na ludziach. W 2017 r. i pierwszej po\u0142owie 2018 r. DEA dokona\u0142o wielu konfiskat narkotyk\u00f3w. Najcz\u0119stszym syntetycznym kannabinoidem by\u0142 AMB-FUBINACA.<\/p>\n<p>Jest to syntetyczny kannabinoid na bazie indazolu o nazwie AMB-FUBINACA, i jest pot\u0119\u017cnym agonist\u0105 receptor\u00f3w kannabinoidowych. Ma warto\u015bci Ki 10,04 nM w CB1 i 0,786 nM w CB2 oraz warto\u015bci EC50 0,5433 nM w CB1 i 0,1278 nM w CB2. Zosta\u0142 sprzedany online jako designerski lek.<\/p>\n","protected":false},"excerpt":{"rendered":"<p><b>Kup AMB-FUBINACA<\/b> ze wzgl\u0119du na Wielk\u0105 Brytani\u0119, Europ\u0119 (znan\u0105 r\u00f3wnie\u017c jako <b>FUB-AMB<\/b> i\u00a0<b>MMB-FUBINACA<\/b>) jest produktem na bazie indazolu <a class=\"mw-redirect\" title=\"Syntetyczny kannabinoid\" href=\"https:\/\/en.wikipedia.org\/wiki\/Synthetic_cannabinoid\">syntetyczny kannabinoid<\/a>\u00a0jest silnym <a title=\"Agonist\u0105\" href=\"https:\/\/en.wikipedia.org\/wiki\/Agonist\">agonista<\/a>\u00a0receptor\u00f3w kannabinoidowych, z\u00a0warto\u015bciami <i>K<\/i><sub>i<\/sub> wynosz\u0105cymi 10,04\u00a0nM przy CB<sub>1<\/sub>\u00a0i 0,786\u00a0nM przy\u00a0CB<sub>2<\/sub>\u00a0i\u00a0EC<sub>50<\/sub>\u00a0warto\u015bci 0,5433\u00a0nM przy CB<sub>1<\/sub>\u00a0i 0,1278\u00a0nM przy CB<sub>2<\/sub>, <sup id=\"cite_ref-1\" class=\"reference\"><\/sup> i zosta\u0142 sprzedany online jako designerski lek<\/p>\n","protected":false},"featured_media":5936,"comment_status":"open","ping_status":"closed","template":"","meta":[],"product_brand":[],"product_cat":[2596],"product_tag":[4078,4082,4079,4080,4077,4081],"class_list":{"0":"post-5906","1":"product","2":"type-product","3":"status-publish","4":"has-post-thumbnail","6":"product_cat-kanabinoidy-na-sprzeda","7":"product_tag-fub-z-na-sprzedaz","8":"product_tag-gdzie-kupi-fub-amb-online","9":"product_tag-jak-kupi-c4-87-fub-amb-online","10":"product_tag-order-fub-amb-online","11":"product_tag-kup-fub-z-online","12":"product_tag-purchase-fub-amb-online","14":"first","15":"instock","16":"shipping-taxable","17":"purchasable","18":"product-type-variable"},"yoast_head":"<!-- This site is optimized with the Yoast SEO plugin v27.3 - https:\/\/yoast.com\/product\/yoast-seo-wordpress\/ -->\n<title>Kup AMB-FUBINACA - FUB-AMB - MMB-FUBINACA - Best Global Meds<\/title>\n<meta name=\"description\" content=\"Kup AMB-FUBINACA ze wzgl\u0119du na Wielk\u0105 Brytani\u0119, Europ\u0119 (znany r\u00f3wnie\u017c jako FUB-AMB i MMB-FUBINACA) to syntetyczny kannabinoid na bazie indazolu, kt\u00f3ry jest silnym agonist\u0105 receptor\u00f3w kannabinoidowych, z warto\u015bciami Ki 10,04 nM przy CB1 i 0,786 nM Warto\u015bci CB2 i EC50 wynosz\u0105 0,5433 nM w CB1 i 0,1278 nM w CB2 i zosta\u0142 sprzedany online jako designerski lek\" \/>\n<meta name=\"robots\" content=\"index, follow, max-snippet:-1, max-image-preview:large, max-video-preview:-1\" \/>\n<link rel=\"canonical\" href=\"https:\/\/medicinasinc.com\/pl\/product\/kup-z-fubinaca\/\" \/>\n<meta property=\"og:locale\" content=\"en_US\" \/>\n<meta property=\"og:type\" content=\"article\" \/>\n<meta property=\"og:title\" content=\"Kup AMB-FUBINACA - FUB-AMB - MMB-FUBINACA - Best Global Meds\" \/>\n<meta property=\"og:description\" content=\"Kup AMB-FUBINACA ze wzgl\u0119du na Wielk\u0105 Brytani\u0119, Europ\u0119 (znany r\u00f3wnie\u017c jako FUB-AMB i MMB-FUBINACA) to syntetyczny kannabinoid na bazie indazolu, kt\u00f3ry jest silnym agonist\u0105 receptor\u00f3w kannabinoidowych, z warto\u015bciami Ki 10,04 nM przy CB1 i 0,786 nM Warto\u015bci CB2 i EC50 wynosz\u0105 0,5433 nM w CB1 i 0,1278 nM w CB2 i zosta\u0142 sprzedany online jako designerski lek\" \/>\n<meta property=\"og:url\" content=\"https:\/\/medicinasinc.com\/pl\/product\/kup-z-fubinaca\/\" \/>\n<meta property=\"og:site_name\" content=\"Medicinas Inc\" \/>\n<meta property=\"article:modified_time\" content=\"2022-03-22T00:42:52+00:00\" \/>\n<meta property=\"og:image\" content=\"https:\/\/medicinasinc.com\/pl\/wp-content\/uploads\/sites\/13\/2022\/02\/Buy-AMB-FUBINACA.jpg\" \/>\n\t<meta property=\"og:image:width\" content=\"400\" \/>\n\t<meta property=\"og:image:height\" content=\"400\" \/>\n\t<meta property=\"og:image:type\" content=\"image\/jpeg\" \/>\n<meta name=\"twitter:card\" content=\"summary_large_image\" \/>\n<meta name=\"twitter:label1\" content=\"Est. reading time\" \/>\n\t<meta name=\"twitter:data1\" content=\"1 minute\" \/>\n<script type=\"application\/ld+json\" class=\"yoast-schema-graph\">{\"@context\":\"https:\\\/\\\/schema.org\",\"@graph\":[{\"@type\":\"WebPage\",\"@id\":\"https:\\\/\\\/medicinasinc.com\\\/pl\\\/product\\\/kup-z-fubinaca\\\/\",\"url\":\"https:\\\/\\\/medicinasinc.com\\\/pl\\\/product\\\/kup-z-fubinaca\\\/\",\"name\":\"Kup AMB-FUBINACA - FUB-AMB - MMB-FUBINACA - Best Global Meds\",\"isPartOf\":{\"@id\":\"https:\\\/\\\/medicinasinc.com\\\/pl\\\/#website\"},\"primaryImageOfPage\":{\"@id\":\"https:\\\/\\\/medicinasinc.com\\\/pl\\\/product\\\/kup-z-fubinaca\\\/#primaryimage\"},\"image\":{\"@id\":\"https:\\\/\\\/medicinasinc.com\\\/pl\\\/product\\\/kup-z-fubinaca\\\/#primaryimage\"},\"thumbnailUrl\":\"https:\\\/\\\/medicinasinc.com\\\/pl\\\/wp-content\\\/uploads\\\/sites\\\/13\\\/2022\\\/02\\\/Buy-AMB-FUBINACA.jpg\",\"datePublished\":\"2022-02-22T08:12:00+00:00\",\"dateModified\":\"2022-03-22T00:42:52+00:00\",\"description\":\"Kup AMB-FUBINACA ze wzgl\u0119du na Wielk\u0105 Brytani\u0119, Europ\u0119 (znany r\u00f3wnie\u017c jako FUB-AMB i MMB-FUBINACA) to syntetyczny kannabinoid na bazie indazolu, kt\u00f3ry jest silnym agonist\u0105 receptor\u00f3w kannabinoidowych, z warto\u015bciami Ki 10,04 nM przy CB1 i 0,786 nM Warto\u015bci CB2 i EC50 wynosz\u0105 0,5433 nM w CB1 i 0,1278 nM w CB2 i zosta\u0142 sprzedany online jako designerski lek\",\"breadcrumb\":{\"@id\":\"https:\\\/\\\/medicinasinc.com\\\/pl\\\/product\\\/kup-z-fubinaca\\\/#breadcrumb\"},\"inLanguage\":\"en-US\",\"potentialAction\":[{\"@type\":\"ReadAction\",\"target\":[\"https:\\\/\\\/medicinasinc.com\\\/pl\\\/product\\\/kup-z-fubinaca\\\/\"]}]},{\"@type\":\"ImageObject\",\"inLanguage\":\"en-US\",\"@id\":\"https:\\\/\\\/medicinasinc.com\\\/pl\\\/product\\\/kup-z-fubinaca\\\/#primaryimage\",\"url\":\"https:\\\/\\\/medicinasinc.com\\\/pl\\\/wp-content\\\/uploads\\\/sites\\\/13\\\/2022\\\/02\\\/Buy-AMB-FUBINACA.jpg\",\"contentUrl\":\"https:\\\/\\\/medicinasinc.com\\\/pl\\\/wp-content\\\/uploads\\\/sites\\\/13\\\/2022\\\/02\\\/Buy-AMB-FUBINACA.jpg\",\"width\":400,\"height\":400},{\"@type\":\"BreadcrumbList\",\"@id\":\"https:\\\/\\\/medicinasinc.com\\\/pl\\\/product\\\/kup-z-fubinaca\\\/#breadcrumb\",\"itemListElement\":[{\"@type\":\"ListItem\",\"position\":1,\"name\":\"Sklep\",\"item\":\"https:\\\/\\\/medicinasinc.com\\\/pl\\\/sklep\\\/\"},{\"@type\":\"ListItem\",\"position\":2,\"name\":\"Kup AMB-FUBINACA\"}]},{\"@type\":\"WebSite\",\"@id\":\"https:\\\/\\\/medicinasinc.com\\\/pl\\\/#website\",\"url\":\"https:\\\/\\\/medicinasinc.com\\\/pl\\\/\",\"name\":\"Medicinas Inc\",\"description\":\"Health Medical Clinic\",\"potentialAction\":[{\"@type\":\"SearchAction\",\"target\":{\"@type\":\"EntryPoint\",\"urlTemplate\":\"https:\\\/\\\/medicinasinc.com\\\/pl\\\/?s={search_term_string}\"},\"query-input\":{\"@type\":\"PropertyValueSpecification\",\"valueRequired\":true,\"valueName\":\"search_term_string\"}}],\"inLanguage\":\"en-US\"}]}<\/script>\n<!-- \/ Yoast SEO plugin. -->","yoast_head_json":{"title":"Kup AMB-FUBINACA - FUB-AMB - MMB-FUBINACA - Best Global Meds","description":"Kup AMB-FUBINACA ze wzgl\u0119du na Wielk\u0105 Brytani\u0119, Europ\u0119 (znany r\u00f3wnie\u017c jako FUB-AMB i MMB-FUBINACA) to syntetyczny kannabinoid na bazie indazolu, kt\u00f3ry jest silnym agonist\u0105 receptor\u00f3w kannabinoidowych, z warto\u015bciami Ki 10,04 nM przy CB1 i 0,786 nM Warto\u015bci CB2 i EC50 wynosz\u0105 0,5433 nM w CB1 i 0,1278 nM w CB2 i zosta\u0142 sprzedany online jako designerski lek","robots":{"index":"index","follow":"follow","max-snippet":"max-snippet:-1","max-image-preview":"max-image-preview:large","max-video-preview":"max-video-preview:-1"},"canonical":"https:\/\/medicinasinc.com\/pl\/product\/kup-z-fubinaca\/","og_locale":"en_US","og_type":"article","og_title":"Kup AMB-FUBINACA - FUB-AMB - MMB-FUBINACA - Best Global Meds","og_description":"Kup AMB-FUBINACA ze wzgl\u0119du na Wielk\u0105 Brytani\u0119, Europ\u0119 (znany r\u00f3wnie\u017c jako FUB-AMB i MMB-FUBINACA) to syntetyczny kannabinoid na bazie indazolu, kt\u00f3ry jest silnym agonist\u0105 receptor\u00f3w kannabinoidowych, z warto\u015bciami Ki 10,04 nM przy CB1 i 0,786 nM Warto\u015bci CB2 i EC50 wynosz\u0105 0,5433 nM w CB1 i 0,1278 nM w CB2 i zosta\u0142 sprzedany online jako designerski lek","og_url":"https:\/\/medicinasinc.com\/pl\/product\/kup-z-fubinaca\/","og_site_name":"Medicinas Inc","article_modified_time":"2022-03-22T00:42:52+00:00","og_image":[{"width":400,"height":400,"url":"https:\/\/medicinasinc.com\/pl\/wp-content\/uploads\/sites\/13\/2022\/02\/Buy-AMB-FUBINACA.jpg","type":"image\/jpeg"}],"twitter_card":"summary_large_image","twitter_misc":{"Est. reading time":"1 minute"},"schema":{"@context":"https:\/\/schema.org","@graph":[{"@type":"WebPage","@id":"https:\/\/medicinasinc.com\/pl\/product\/kup-z-fubinaca\/","url":"https:\/\/medicinasinc.com\/pl\/product\/kup-z-fubinaca\/","name":"Kup AMB-FUBINACA - FUB-AMB - MMB-FUBINACA - Best Global Meds","isPartOf":{"@id":"https:\/\/medicinasinc.com\/pl\/#website"},"primaryImageOfPage":{"@id":"https:\/\/medicinasinc.com\/pl\/product\/kup-z-fubinaca\/#primaryimage"},"image":{"@id":"https:\/\/medicinasinc.com\/pl\/product\/kup-z-fubinaca\/#primaryimage"},"thumbnailUrl":"https:\/\/medicinasinc.com\/pl\/wp-content\/uploads\/sites\/13\/2022\/02\/Buy-AMB-FUBINACA.jpg","datePublished":"2022-02-22T08:12:00+00:00","dateModified":"2022-03-22T00:42:52+00:00","description":"Kup AMB-FUBINACA ze wzgl\u0119du na Wielk\u0105 Brytani\u0119, Europ\u0119 (znany r\u00f3wnie\u017c jako FUB-AMB i MMB-FUBINACA) to syntetyczny kannabinoid na bazie indazolu, kt\u00f3ry jest silnym agonist\u0105 receptor\u00f3w kannabinoidowych, z warto\u015bciami Ki 10,04 nM przy CB1 i 0,786 nM Warto\u015bci CB2 i EC50 wynosz\u0105 0,5433 nM w CB1 i 0,1278 nM w CB2 i zosta\u0142 sprzedany online jako designerski lek","breadcrumb":{"@id":"https:\/\/medicinasinc.com\/pl\/product\/kup-z-fubinaca\/#breadcrumb"},"inLanguage":"en-US","potentialAction":[{"@type":"ReadAction","target":["https:\/\/medicinasinc.com\/pl\/product\/kup-z-fubinaca\/"]}]},{"@type":"ImageObject","inLanguage":"en-US","@id":"https:\/\/medicinasinc.com\/pl\/product\/kup-z-fubinaca\/#primaryimage","url":"https:\/\/medicinasinc.com\/pl\/wp-content\/uploads\/sites\/13\/2022\/02\/Buy-AMB-FUBINACA.jpg","contentUrl":"https:\/\/medicinasinc.com\/pl\/wp-content\/uploads\/sites\/13\/2022\/02\/Buy-AMB-FUBINACA.jpg","width":400,"height":400},{"@type":"BreadcrumbList","@id":"https:\/\/medicinasinc.com\/pl\/product\/kup-z-fubinaca\/#breadcrumb","itemListElement":[{"@type":"ListItem","position":1,"name":"Sklep","item":"https:\/\/medicinasinc.com\/pl\/sklep\/"},{"@type":"ListItem","position":2,"name":"Kup AMB-FUBINACA"}]},{"@type":"WebSite","@id":"https:\/\/medicinasinc.com\/pl\/#website","url":"https:\/\/medicinasinc.com\/pl\/","name":"Medicinas Inc","description":"Health Medical Clinic","potentialAction":[{"@type":"SearchAction","target":{"@type":"EntryPoint","urlTemplate":"https:\/\/medicinasinc.com\/pl\/?s={search_term_string}"},"query-input":{"@type":"PropertyValueSpecification","valueRequired":true,"valueName":"search_term_string"}}],"inLanguage":"en-US"}]}},"_links":{"self":[{"href":"https:\/\/medicinasinc.com\/pl\/wp-json\/wp\/v2\/product\/5906","targetHints":{"allow":["GET"]}}],"collection":[{"href":"https:\/\/medicinasinc.com\/pl\/wp-json\/wp\/v2\/product"}],"about":[{"href":"https:\/\/medicinasinc.com\/pl\/wp-json\/wp\/v2\/types\/product"}],"replies":[{"embeddable":true,"href":"https:\/\/medicinasinc.com\/pl\/wp-json\/wp\/v2\/comments?post=5906"}],"wp:featuredmedia":[{"embeddable":true,"href":"https:\/\/medicinasinc.com\/pl\/wp-json\/wp\/v2\/media\/5936"}],"wp:attachment":[{"href":"https:\/\/medicinasinc.com\/pl\/wp-json\/wp\/v2\/media?parent=5906"}],"wp:term":[{"taxonomy":"product_brand","embeddable":true,"href":"https:\/\/medicinasinc.com\/pl\/wp-json\/wp\/v2\/product_brand?post=5906"},{"taxonomy":"product_cat","embeddable":true,"href":"https:\/\/medicinasinc.com\/pl\/wp-json\/wp\/v2\/product_cat?post=5906"},{"taxonomy":"product_tag","embeddable":true,"href":"https:\/\/medicinasinc.com\/pl\/wp-json\/wp\/v2\/product_tag?post=5906"}],"curies":[{"name":"wp","href":"https:\/\/api.w.org\/{rel}","templated":true}]}}