{"id":5902,"date":"2022-02-22T08:09:55","date_gmt":"2022-02-22T08:09:55","guid":{"rendered":"https:\/\/medicinasinc.com\/pl\/?post_type=product&#038;p=5902"},"modified":"2022-03-22T00:43:00","modified_gmt":"2022-03-22T00:43:00","slug":"kup-5f-adb","status":"publish","type":"product","link":"https:\/\/medicinasinc.com\/pl\/product\/kup-5f-adb\/","title":{"rendered":"Kup 5F-ADB"},"content":{"rendered":"<p>5F-ADB (alternatywnie pisane 5F-MDMB-PINACA) to syntetyczny kannabinoid pochodz\u0105cy z indazolu, kt\u00f3ry by\u0142 wykorzystywany jako sk\u0142adnik aktywny w syntetycznych produktach z konopi indyjskich i sprzedawany online jako designerski lek.<\/p>\n<p>5F -ADB jest silnym agonist\u0105 receptora CB1, chocia\u017c jego selektywno\u015b\u0107 wobec tego receptora jest nieznana. 5F-ADB wykryto po raz pierwszy w listopadzie 2014 r. przy u\u017cyciu pr\u00f3bek po\u015bmiertnych pobranych od osoby, kt\u00f3ra zmar\u0142a po za\u017cyciu produktu zawieraj\u0105cego ten lek. P\u00f3\u017aniejsze testy wykaza\u0142y, \u017ce 5F-ADB wykryto w sumie u dziesi\u0119ciu os\u00f3b, kt\u00f3re zmar\u0142y w Japonii mi\u0119dzy wrze\u015bniem a grudniem 2014 r. z powodu niewyt\u0142umaczalnego przedawkowania narkotyk\u00f3w. Na podstawie stosunkowo niskich poziom\u00f3w wykrytych w testach tkankowych uwa\u017ca si\u0119, \u017ce 5F-ADB jest niezwykle silny i wydaje si\u0119 by\u0107 znacznie bardziej niebezpieczny ni\u017c wcze\u015bniej sprzedawane syntetyczne leki z konopi.<\/p>\n<p>N-[[1-(5-) ester metylowy fluoropentylo)-1H-indazol-3-ilo]karbonylo]<\/p>\n<p>-3-metylo-D-waliny (5F-ADB) to bardzo silna syntetyczna marihuana, kt\u00f3ra czasami powoduje powa\u017cne objawy psychotyczne u ludzi \u015bmiertelnie.<\/p>\n<p>Aby wyja\u015bni\u0107 mechanizmy neuronalne odpowiedzialne za toksyczno\u015b\u0107 5F, ADB zbadali\u015bmy jego wp\u0142yw na obwody dopaminergiczne i serotonergiczne \u015br\u00f3dm\u00f3zgowia, kt\u00f3re reguluj\u0105 r\u00f3\u017cne podstawowe funkcje m\u00f3zgu, w tym te zwi\u0105zane z zachowaniem zwi\u0105zanym z nagrod\u0105. Techniki elektrofizjologiczne ex vivo zosta\u0142y u\u017cyte do zarejestrowania zmian w spontanicznej aktywno\u015bci odpalania neuron\u00f3w dopaminergicznych i serotoninergicznych wytwarzanych przez 5F-ADB.<\/p>\n<p>5F-ADB (1 M) dramatycznie podni\u00f3s\u0142 spontaniczn\u0105 szybko\u015b\u0107 odpalania neuron\u00f3w dopaminergicznych, ale nie aktywowa\u0142 ich w obecno\u015bci antagonisty CB1 AM251 (1 M). Z drugiej strony to samo st\u0119\u017cenie 5F-ADB nie mia\u0142o wp\u0142ywu na aktywno\u015b\u0107 neuron\u00f3w serotonergicznych. Odkrycia te pokazuj\u0105, \u017ce 5F-ADB aktywuje lokalne receptory CB1 i wzmacnia uk\u0142ady dopaminergiczne w \u015br\u00f3dm\u00f3zgowiu, nie maj\u0105c wp\u0142ywu na uk\u0142ady serotoninergiczne w \u015br\u00f3dm\u00f3zgowiu.<\/p>\n","protected":false},"excerpt":{"rendered":"<p>Kup 5F-ADB na sprzeda\u017c w Wielkiej Brytanii, Europie, Chinach (znany r\u00f3wnie\u017c jako 5F-MDMB-PINACA) to syntetyczny kannabinoid na bazie indazolu z rodziny indazolo-3-karboksyamid\u00f3w, dost\u0119pne zam\u00f3wienie hurtowe<\/p>\n","protected":false},"featured_media":5933,"comment_status":"open","ping_status":"closed","template":"","meta":[],"product_brand":[],"product_cat":[2596],"product_tag":[4066,4068,4069,4071,4076,4072,4070,4074,4073,4067,4075],"class_list":{"0":"post-5902","1":"product","2":"type-product","3":"status-publish","4":"has-post-thumbnail","6":"product_cat-kanabinoidy-na-sprzeda","7":"product_tag-5f-adb","8":"product_tag-5f-adb-powder","9":"product_tag-5f-mdmb-pinaka","10":"product_tag-c20h28fn3o3","11":"product_tag-gdzie-kupi-5f-adb-online","12":"product_tag-jak-kupi-5f-adb-online","13":"product_tag-kup-5f-adb-online","14":"product_tag-najlepsze-miejsce-do-kupu-5f-adb-online","15":"product_tag-order-5f-adb-online","16":"product_tag-5f-adb-na-sprzeda","17":"product_tag-v1715016-75-3","19":"first","20":"instock","21":"featured","22":"shipping-taxable","23":"purchasable","24":"product-type-variable"},"yoast_head":"<!-- This site is optimized with the Yoast SEO plugin v27.3 - https:\/\/yoast.com\/product\/yoast-seo-wordpress\/ -->\n<title>Kup 5F-ADB - 5F-MDMB-PINACA - Najlepsze najlepsze globalne leki<\/title>\n<meta name=\"description\" content=\"Kup 5F-ADB na sprzeda\u017c w Wielkiej Brytanii, Europie (znany r\u00f3wnie\u017c jako 5F-MDMB-PINACA) to syntetyczny kannabinoid na bazie indazolu z rodziny indazolo-3-karboksyamid\u00f3w, dost\u0119pne zam\u00f3wienie hurtowe\" \/>\n<meta name=\"robots\" content=\"index, follow, max-snippet:-1, max-image-preview:large, max-video-preview:-1\" \/>\n<link rel=\"canonical\" href=\"https:\/\/medicinasinc.com\/pl\/product\/kup-5f-adb\/\" \/>\n<meta property=\"og:locale\" content=\"en_US\" \/>\n<meta property=\"og:type\" content=\"article\" \/>\n<meta property=\"og:title\" content=\"Kup 5F-ADB - 5F-MDMB-PINACA - Najlepsze najlepsze globalne leki\" \/>\n<meta property=\"og:description\" content=\"Kup 5F-ADB na sprzeda\u017c w Wielkiej Brytanii, Europie (znany r\u00f3wnie\u017c jako 5F-MDMB-PINACA) to syntetyczny kannabinoid na bazie indazolu z rodziny indazolo-3-karboksyamid\u00f3w, dost\u0119pne zam\u00f3wienie hurtowe\" \/>\n<meta property=\"og:url\" content=\"https:\/\/medicinasinc.com\/pl\/product\/kup-5f-adb\/\" \/>\n<meta property=\"og:site_name\" content=\"Medicinas Inc\" \/>\n<meta property=\"article:modified_time\" content=\"2022-03-22T00:43:00+00:00\" \/>\n<meta property=\"og:image\" content=\"https:\/\/medicinasinc.com\/pl\/wp-content\/uploads\/sites\/13\/2022\/02\/Buy-5F-ADB.jpeg\" \/>\n\t<meta property=\"og:image:width\" content=\"800\" \/>\n\t<meta property=\"og:image:height\" content=\"450\" \/>\n\t<meta property=\"og:image:type\" content=\"image\/jpeg\" \/>\n<meta name=\"twitter:card\" content=\"summary_large_image\" \/>\n<meta name=\"twitter:label1\" content=\"Est. reading time\" \/>\n\t<meta name=\"twitter:data1\" content=\"2 minutes\" \/>\n<script type=\"application\/ld+json\" class=\"yoast-schema-graph\">{\"@context\":\"https:\\\/\\\/schema.org\",\"@graph\":[{\"@type\":\"WebPage\",\"@id\":\"https:\\\/\\\/medicinasinc.com\\\/pl\\\/product\\\/kup-5f-adb\\\/\",\"url\":\"https:\\\/\\\/medicinasinc.com\\\/pl\\\/product\\\/kup-5f-adb\\\/\",\"name\":\"Kup 5F-ADB - 5F-MDMB-PINACA - Najlepsze najlepsze globalne leki\",\"isPartOf\":{\"@id\":\"https:\\\/\\\/medicinasinc.com\\\/pl\\\/#website\"},\"primaryImageOfPage\":{\"@id\":\"https:\\\/\\\/medicinasinc.com\\\/pl\\\/product\\\/kup-5f-adb\\\/#primaryimage\"},\"image\":{\"@id\":\"https:\\\/\\\/medicinasinc.com\\\/pl\\\/product\\\/kup-5f-adb\\\/#primaryimage\"},\"thumbnailUrl\":\"https:\\\/\\\/medicinasinc.com\\\/pl\\\/wp-content\\\/uploads\\\/sites\\\/13\\\/2022\\\/02\\\/Buy-5F-ADB.jpeg\",\"datePublished\":\"2022-02-22T08:09:55+00:00\",\"dateModified\":\"2022-03-22T00:43:00+00:00\",\"description\":\"Kup 5F-ADB na sprzeda\u017c w Wielkiej Brytanii, Europie (znany r\u00f3wnie\u017c jako 5F-MDMB-PINACA) to syntetyczny kannabinoid na bazie indazolu z rodziny indazolo-3-karboksyamid\u00f3w, dost\u0119pne zam\u00f3wienie hurtowe\",\"breadcrumb\":{\"@id\":\"https:\\\/\\\/medicinasinc.com\\\/pl\\\/product\\\/kup-5f-adb\\\/#breadcrumb\"},\"inLanguage\":\"en-US\",\"potentialAction\":[{\"@type\":\"ReadAction\",\"target\":[\"https:\\\/\\\/medicinasinc.com\\\/pl\\\/product\\\/kup-5f-adb\\\/\"]}]},{\"@type\":\"ImageObject\",\"inLanguage\":\"en-US\",\"@id\":\"https:\\\/\\\/medicinasinc.com\\\/pl\\\/product\\\/kup-5f-adb\\\/#primaryimage\",\"url\":\"https:\\\/\\\/medicinasinc.com\\\/pl\\\/wp-content\\\/uploads\\\/sites\\\/13\\\/2022\\\/02\\\/Buy-5F-ADB.jpeg\",\"contentUrl\":\"https:\\\/\\\/medicinasinc.com\\\/pl\\\/wp-content\\\/uploads\\\/sites\\\/13\\\/2022\\\/02\\\/Buy-5F-ADB.jpeg\",\"width\":800,\"height\":450},{\"@type\":\"BreadcrumbList\",\"@id\":\"https:\\\/\\\/medicinasinc.com\\\/pl\\\/product\\\/kup-5f-adb\\\/#breadcrumb\",\"itemListElement\":[{\"@type\":\"ListItem\",\"position\":1,\"name\":\"Sklep\",\"item\":\"https:\\\/\\\/medicinasinc.com\\\/pl\\\/sklep\\\/\"},{\"@type\":\"ListItem\",\"position\":2,\"name\":\"Kup 5F-ADB\"}]},{\"@type\":\"WebSite\",\"@id\":\"https:\\\/\\\/medicinasinc.com\\\/pl\\\/#website\",\"url\":\"https:\\\/\\\/medicinasinc.com\\\/pl\\\/\",\"name\":\"Medicinas Inc\",\"description\":\"Health Medical Clinic\",\"potentialAction\":[{\"@type\":\"SearchAction\",\"target\":{\"@type\":\"EntryPoint\",\"urlTemplate\":\"https:\\\/\\\/medicinasinc.com\\\/pl\\\/?s={search_term_string}\"},\"query-input\":{\"@type\":\"PropertyValueSpecification\",\"valueRequired\":true,\"valueName\":\"search_term_string\"}}],\"inLanguage\":\"en-US\"}]}<\/script>\n<!-- \/ Yoast SEO plugin. -->","yoast_head_json":{"title":"Kup 5F-ADB - 5F-MDMB-PINACA - Najlepsze najlepsze globalne leki","description":"Kup 5F-ADB na sprzeda\u017c w Wielkiej Brytanii, Europie (znany r\u00f3wnie\u017c jako 5F-MDMB-PINACA) to syntetyczny kannabinoid na bazie indazolu z rodziny indazolo-3-karboksyamid\u00f3w, dost\u0119pne zam\u00f3wienie hurtowe","robots":{"index":"index","follow":"follow","max-snippet":"max-snippet:-1","max-image-preview":"max-image-preview:large","max-video-preview":"max-video-preview:-1"},"canonical":"https:\/\/medicinasinc.com\/pl\/product\/kup-5f-adb\/","og_locale":"en_US","og_type":"article","og_title":"Kup 5F-ADB - 5F-MDMB-PINACA - Najlepsze najlepsze globalne leki","og_description":"Kup 5F-ADB na sprzeda\u017c w Wielkiej Brytanii, Europie (znany r\u00f3wnie\u017c jako 5F-MDMB-PINACA) to syntetyczny kannabinoid na bazie indazolu z rodziny indazolo-3-karboksyamid\u00f3w, dost\u0119pne zam\u00f3wienie hurtowe","og_url":"https:\/\/medicinasinc.com\/pl\/product\/kup-5f-adb\/","og_site_name":"Medicinas Inc","article_modified_time":"2022-03-22T00:43:00+00:00","og_image":[{"width":800,"height":450,"url":"https:\/\/medicinasinc.com\/pl\/wp-content\/uploads\/sites\/13\/2022\/02\/Buy-5F-ADB.jpeg","type":"image\/jpeg"}],"twitter_card":"summary_large_image","twitter_misc":{"Est. reading time":"2 minutes"},"schema":{"@context":"https:\/\/schema.org","@graph":[{"@type":"WebPage","@id":"https:\/\/medicinasinc.com\/pl\/product\/kup-5f-adb\/","url":"https:\/\/medicinasinc.com\/pl\/product\/kup-5f-adb\/","name":"Kup 5F-ADB - 5F-MDMB-PINACA - Najlepsze najlepsze globalne leki","isPartOf":{"@id":"https:\/\/medicinasinc.com\/pl\/#website"},"primaryImageOfPage":{"@id":"https:\/\/medicinasinc.com\/pl\/product\/kup-5f-adb\/#primaryimage"},"image":{"@id":"https:\/\/medicinasinc.com\/pl\/product\/kup-5f-adb\/#primaryimage"},"thumbnailUrl":"https:\/\/medicinasinc.com\/pl\/wp-content\/uploads\/sites\/13\/2022\/02\/Buy-5F-ADB.jpeg","datePublished":"2022-02-22T08:09:55+00:00","dateModified":"2022-03-22T00:43:00+00:00","description":"Kup 5F-ADB na sprzeda\u017c w Wielkiej Brytanii, Europie (znany r\u00f3wnie\u017c jako 5F-MDMB-PINACA) to syntetyczny kannabinoid na bazie indazolu z rodziny indazolo-3-karboksyamid\u00f3w, dost\u0119pne zam\u00f3wienie hurtowe","breadcrumb":{"@id":"https:\/\/medicinasinc.com\/pl\/product\/kup-5f-adb\/#breadcrumb"},"inLanguage":"en-US","potentialAction":[{"@type":"ReadAction","target":["https:\/\/medicinasinc.com\/pl\/product\/kup-5f-adb\/"]}]},{"@type":"ImageObject","inLanguage":"en-US","@id":"https:\/\/medicinasinc.com\/pl\/product\/kup-5f-adb\/#primaryimage","url":"https:\/\/medicinasinc.com\/pl\/wp-content\/uploads\/sites\/13\/2022\/02\/Buy-5F-ADB.jpeg","contentUrl":"https:\/\/medicinasinc.com\/pl\/wp-content\/uploads\/sites\/13\/2022\/02\/Buy-5F-ADB.jpeg","width":800,"height":450},{"@type":"BreadcrumbList","@id":"https:\/\/medicinasinc.com\/pl\/product\/kup-5f-adb\/#breadcrumb","itemListElement":[{"@type":"ListItem","position":1,"name":"Sklep","item":"https:\/\/medicinasinc.com\/pl\/sklep\/"},{"@type":"ListItem","position":2,"name":"Kup 5F-ADB"}]},{"@type":"WebSite","@id":"https:\/\/medicinasinc.com\/pl\/#website","url":"https:\/\/medicinasinc.com\/pl\/","name":"Medicinas Inc","description":"Health Medical Clinic","potentialAction":[{"@type":"SearchAction","target":{"@type":"EntryPoint","urlTemplate":"https:\/\/medicinasinc.com\/pl\/?s={search_term_string}"},"query-input":{"@type":"PropertyValueSpecification","valueRequired":true,"valueName":"search_term_string"}}],"inLanguage":"en-US"}]}},"_links":{"self":[{"href":"https:\/\/medicinasinc.com\/pl\/wp-json\/wp\/v2\/product\/5902","targetHints":{"allow":["GET"]}}],"collection":[{"href":"https:\/\/medicinasinc.com\/pl\/wp-json\/wp\/v2\/product"}],"about":[{"href":"https:\/\/medicinasinc.com\/pl\/wp-json\/wp\/v2\/types\/product"}],"replies":[{"embeddable":true,"href":"https:\/\/medicinasinc.com\/pl\/wp-json\/wp\/v2\/comments?post=5902"}],"wp:featuredmedia":[{"embeddable":true,"href":"https:\/\/medicinasinc.com\/pl\/wp-json\/wp\/v2\/media\/5933"}],"wp:attachment":[{"href":"https:\/\/medicinasinc.com\/pl\/wp-json\/wp\/v2\/media?parent=5902"}],"wp:term":[{"taxonomy":"product_brand","embeddable":true,"href":"https:\/\/medicinasinc.com\/pl\/wp-json\/wp\/v2\/product_brand?post=5902"},{"taxonomy":"product_cat","embeddable":true,"href":"https:\/\/medicinasinc.com\/pl\/wp-json\/wp\/v2\/product_cat?post=5902"},{"taxonomy":"product_tag","embeddable":true,"href":"https:\/\/medicinasinc.com\/pl\/wp-json\/wp\/v2\/product_tag?post=5902"}],"curies":[{"name":"wp","href":"https:\/\/api.w.org\/{rel}","templated":true}]}}