{"id":5897,"date":"2022-02-22T08:07:13","date_gmt":"2022-02-22T08:07:13","guid":{"rendered":"https:\/\/medicinasinc.com\/pl\/?post_type=product&#038;p=5897"},"modified":"2022-03-22T00:43:09","modified_gmt":"2022-03-22T00:43:09","slug":"kup-5c-akb48","status":"publish","type":"product","link":"https:\/\/medicinasinc.com\/pl\/product\/kup-5c-akb48\/","title":{"rendered":"Kup 5C-AKB48"},"content":{"rendered":"<p>Co to jest kod 5C-AKB48?<\/p>\n<p>5C-AKB48 to syntetyczny kannabinoid nale\u017c\u0105cy do klasy indazolokarboksyamid\u00f3w. Jest to 5-chloro analog 5F-AKB48 (cz\u0119sto okre\u015blany jako AKB48, 5F-APINACA lub 5F-AKB48), bardziej znanego syntetycznego kannabinoidu odkrytego w Korei Po\u0142udniowej.<\/p>\n<p>Najwi\u0119kszy sprzedawca detaliczny w Europie proszku 5C-AKB48.<\/p>\n<p>5C-AKB48 mo\u017cna kupi\u0107 online za pomoc\u0105 Bitcoin. 5C-AKB48 jest silniejsz\u0105 wersj\u0105 AKB-48, kt\u00f3ra dzia\u0142a na receptory kannabinoidowe.<\/p>\n<p>Uznaje si\u0119, \u017ce 5C-AKB48 ma podobne, ale silniejsze dzia\u0142anie ni\u017c 5F-AKB48 i, jak wszystkie syntetyczne kannabinoidy, ma wysokie powinowactwo do receptor\u00f3w CB1 i CB2.<\/p>\n<p>W\u0142a\u015bciwo\u015bci chemiczne 5C-AKB48<\/p>\n<p>C23H30CIN3O<\/p>\n<p>N-(adamantan-1-yl)<\/p>\n<p>-1-(5-chloropentylo)-1H-indazol<\/p>\n<p>-3-karboksyamid<\/p>\n<p>Masa cz\u0105steczkowa: 400,00 g\/mol<\/p>\n<p>Czysto\u015b\u0107 : ponad 98 procent<\/p>\n<p>5C-AKB48 to syntetyczny kannabinoid nale\u017c\u0105cy do rodziny indazolo-3-karboksyamid\u00f3w. Ma podobne cechy molekularne z 5F-ABD. Podobnie jak w przypadku wielu kannabinoid\u00f3w, ma wysokie powinowactwo do receptor\u00f3w CB1 i CB2, co przyczynia si\u0119 do jego euforycznych w\u0142a\u015bciwo\u015bci. Jak wi\u0119kszo\u015b\u0107 kannabinoid\u00f3w jest nierozpuszczalny w wodzie i stabilny w temperaturze pokojowej. Podobnie jak w przypadku wi\u0119kszo\u015bci kannabinoid\u00f3w, 5C-AKB48 ma znaczny potencja\u0142 do stosowania jako \u015brodek przeciwb\u00f3lowy i pobudzaj\u0105cy apetyt. Chocia\u017c nie przeprowadzono \u017cadnych bada\u0144 na ludziach, rozs\u0105dne jest za\u0142o\u017cenie, \u017ce 5C-AKB48 ma takie same dzia\u0142anie syntetycznych kannabinoid\u00f3w, jak inne chemikalia z tej samej klasy. Nale\u017cy wspomnie\u0107, \u017ce profil bezpiecze\u0144stwa tego leku nie zosta\u0142 dok\u0142adnie zbadany i \u017ce nie jest on przeznaczony do spo\u017cycia przez ludzi.<\/p>\n<p>Jakie s\u0105 prawdopodobne skutki uboczne i \u015brodki ostro\u017cno\u015bci zwi\u0105zane z 5C-AKB48?<\/p>\n<p>Skutki 5C-psychoaktywnego AKB48 s\u0105 por\u00f3wnywalne z efektami innych naturalnych i syntetycznych kannabinoid\u00f3w, w szczeg\u00f3lno\u015bci 5F-ABD.<\/p>\n<p>Sedacja: Prawdopodobnie najbardziej znany efekt kannabinoid\u00f3w, konsumenci zg\u0142aszaj\u0105 g\u0142\u0119bokie poczucie spokoju i obni\u017cony poziom energii po spo\u017cyciu 5C-AKB48.<\/p>\n<p>Zmniejsz stan zapalny: Od tysi\u0105cleci naturalnie wyst\u0119puj\u0105ce kannabinoidy by\u0142y u\u017cywane ze wzgl\u0119du na ich w\u0142a\u015bciwo\u015bci przeciwzapalne. CBD (niepsychoaktywny kannabinoid) zyska\u0142 ostatnio popularno\u015b\u0107 jako \u015brodek przeciwb\u00f3lowy i przeciwzapalny. Chocia\u017c nie podj\u0119to \u017cadnych oficjalnych bada\u0144, uzasadnione jest przypuszczenie, \u017ce 5C-AKB48 ma w\u0142a\u015bciwo\u015bci przeciwzapalne zwi\u0105zane z kannabinoidami.<\/p>\n<p>Cechy przeciw nudno\u015bciom i wymiotom: Kannabinoidy maj\u0105 w\u0142a\u015bciwo\u015bci przeciw nudno\u015bciom i wymiotom, kt\u00f3re by\u0142y obserwowane klinicznie od wielu lat [1], z rutynowo przepisywanymi lekami, takimi jak Marinol, syndros i Nabilone, zawieraj\u0105cymi syntetyczne kannabinoidy.<\/p>\n<p>Kanabinoidy od dawna s\u0105 uznawane ze wzgl\u0119du na ich zdolno\u015b\u0107 do znacznego zmniejszania nasilenia migreny i przewlek\u0142e b\u00f3le g\u0142owy u ludzi [2]. Niestety, nie przeprowadzono \u017cadnych kontrolowanych bada\u0144 nad przydatno\u015bci\u0105 5C-AKB48 w leczeniu b\u00f3l\u00f3w g\u0142owy i istnieje tylko kilka anegdotycznych raport\u00f3w.<\/p>\n<p>Jak wskazano wcze\u015bniej, nie podj\u0119to \u017cadnych formalnych bada\u0144 nad 5C-AKB48 , a zatem jego profil bezpiecze\u0144stwa jest w tej chwili niejasny. Pomimo braku test\u00f3w, mo\u017cemy spodziewa\u0107 si\u0119, \u017ce wyka\u017ce typowe dla konopi dzia\u0142ania niepo\u017c\u0105dane. W rezultacie nale\u017cy pami\u0119ta\u0107, \u017ce 5C-AKB48 jest przeznaczony wy\u0142\u0105cznie do cel\u00f3w badawczych i nie jest przeznaczony do spo\u017cycia przez ludzi. Nie nale\u017cy si\u0119 z nim obchodzi\u0107 bez u\u017cycia odpowiedniego sprz\u0119tu laboratoryjnego, w tym ochrony oczu i r\u0119kawic.<\/p>\n<p>Gdzie mog\u0119 kupi\u0107?<\/p>\n<p>Chemical Planet z dum\u0105 oferuje najwy\u017cszej jako\u015bci 5C- AKB48 na rynku. Chemical Planet jest r\u00f3wnie\u017c dostawc\u0105 nr 1, godnym zaufania, zapewniaj\u0105cym szybk\u0105 i dyskretn\u0105 wysy\u0142k\u0119 do wielu miejsc na ca\u0142ym \u015bwiecie.<\/p>\n<p>Aby kupi\u0107 5C-AKB48, musisz mie\u0107 co najmniej 18 lat i wszystkie g\u0142\u00f3wne karty kredytowe jak r\u00f3wnie\u017c bitcoin s\u0105 akceptowane. Wszystkie produkty, w tym 5C-AKB48, s\u0105 przeznaczone wy\u0142\u0105cznie do cel\u00f3w badawczych i nie s\u0105 przeznaczone do spo\u017cycia przez ludzi.<\/p>\n","protected":false},"excerpt":{"rendered":"<p>Kup 5c-akb48 na sprzeda\u017c, hurt 5c-akb48 w Wielkiej Brytanii, zam\u00f3w dostawc\u0119 5cakb48 w Europie. 5c-akb48 to syntetyczny kannabinoid na bazie indazolu, kt\u00f3ry jest sprzedawany online jako designerski lek.<\/p>\n","protected":false},"featured_media":5928,"comment_status":"open","ping_status":"closed","template":"","meta":[],"product_brand":[],"product_cat":[2596],"product_tag":[4052,4054,4055,4056,2600,4058,4057,4059,2615,2616,4060,4061,4065,4063,4062,4064,4053],"class_list":{"0":"post-5897","1":"product","2":"type-product","3":"status-publish","4":"has-post-thumbnail","6":"product_cat-kanabinoidy-na-sprzeda","7":"product_tag-5c-akb48","8":"product_tag-5cakb48","9":"product_tag-5f-mdmb-2201-5f-mdmb-2201-cannabinoid","10":"product_tag-5f-mdmb-2201-psychonaut","11":"product_tag-5f-mdmb-2201","12":"product_tag-5f-mdmb-2201-dosage","13":"product_tag-5f-mdmb-2201-kajman","14":"product_tag-5f-mdmb-2201-opinie","15":"product_tag-5f-mdmb-2201-reddit","16":"product_tag-5f-mdmb-2201-review","17":"product_tag-5f-mdmb-2201-wiki","18":"product_tag-5fmdmb2201-5f-mdmb-2201-kannabinoid","19":"product_tag-gdzie-kupi-5c-akb48-online","20":"product_tag-zakup-5c-akb48-online","21":"product_tag-zamach-stanu-5c-akb48-online","22":"product_tag-najlepsze-miejsce-do-kupu-5c-akb48-online","23":"product_tag-5c-akb48-na-sprzeda","25":"first","26":"instock","27":"shipping-taxable","28":"purchasable","29":"product-type-variable"},"yoast_head":"<!-- This site is optimized with the Yoast SEO plugin v27.3 - https:\/\/yoast.com\/product\/yoast-seo-wordpress\/ -->\n<title>Kup 5c-akb48 od niezawodnego dostawcy - Kannabinoidy - Best Global Meds<\/title>\n<meta name=\"description\" content=\"Kup 5c-akb48 na sprzeda\u017c, hurt 5c-akb48 UK, zam\u00f3w dostawc\u0119 5cakb48 w Europie. 5c-akb48 to syntetyczny kannabinoid na bazie indazolu, kt\u00f3ry jest sprzedawany online jako designerski lek.\" \/>\n<meta name=\"robots\" content=\"index, follow, max-snippet:-1, max-image-preview:large, max-video-preview:-1\" \/>\n<link rel=\"canonical\" href=\"https:\/\/medicinasinc.com\/pl\/product\/kup-5c-akb48\/\" \/>\n<meta property=\"og:locale\" content=\"en_US\" \/>\n<meta property=\"og:type\" content=\"article\" \/>\n<meta property=\"og:title\" content=\"Kup 5c-akb48 od niezawodnego dostawcy - Kannabinoidy - Best Global Meds\" \/>\n<meta property=\"og:description\" content=\"Kup 5c-akb48 na sprzeda\u017c, hurt 5c-akb48 UK, zam\u00f3w dostawc\u0119 5cakb48 w Europie. 5c-akb48 to syntetyczny kannabinoid na bazie indazolu, kt\u00f3ry jest sprzedawany online jako designerski lek.\" \/>\n<meta property=\"og:url\" content=\"https:\/\/medicinasinc.com\/pl\/product\/kup-5c-akb48\/\" \/>\n<meta property=\"og:site_name\" content=\"Medicinas Inc\" \/>\n<meta property=\"article:modified_time\" content=\"2022-03-22T00:43:09+00:00\" \/>\n<meta property=\"og:image\" content=\"https:\/\/medicinasinc.com\/pl\/wp-content\/uploads\/sites\/13\/2022\/02\/Buy-5C-AKB48.png\" \/>\n\t<meta property=\"og:image:width\" content=\"500\" \/>\n\t<meta property=\"og:image:height\" content=\"500\" \/>\n\t<meta property=\"og:image:type\" content=\"image\/png\" \/>\n<meta name=\"twitter:card\" content=\"summary_large_image\" \/>\n<meta name=\"twitter:label1\" content=\"Est. reading time\" \/>\n\t<meta name=\"twitter:data1\" content=\"3 minutes\" \/>\n<script type=\"application\/ld+json\" class=\"yoast-schema-graph\">{\"@context\":\"https:\\\/\\\/schema.org\",\"@graph\":[{\"@type\":\"WebPage\",\"@id\":\"https:\\\/\\\/medicinasinc.com\\\/pl\\\/product\\\/kup-5c-akb48\\\/\",\"url\":\"https:\\\/\\\/medicinasinc.com\\\/pl\\\/product\\\/kup-5c-akb48\\\/\",\"name\":\"Kup 5c-akb48 od niezawodnego dostawcy - Kannabinoidy - Best Global Meds\",\"isPartOf\":{\"@id\":\"https:\\\/\\\/medicinasinc.com\\\/pl\\\/#website\"},\"primaryImageOfPage\":{\"@id\":\"https:\\\/\\\/medicinasinc.com\\\/pl\\\/product\\\/kup-5c-akb48\\\/#primaryimage\"},\"image\":{\"@id\":\"https:\\\/\\\/medicinasinc.com\\\/pl\\\/product\\\/kup-5c-akb48\\\/#primaryimage\"},\"thumbnailUrl\":\"https:\\\/\\\/medicinasinc.com\\\/pl\\\/wp-content\\\/uploads\\\/sites\\\/13\\\/2022\\\/02\\\/Buy-5C-AKB48.png\",\"datePublished\":\"2022-02-22T08:07:13+00:00\",\"dateModified\":\"2022-03-22T00:43:09+00:00\",\"description\":\"Kup 5c-akb48 na sprzeda\u017c, hurt 5c-akb48 UK, zam\u00f3w dostawc\u0119 5cakb48 w Europie. 5c-akb48 to syntetyczny kannabinoid na bazie indazolu, kt\u00f3ry jest sprzedawany online jako designerski lek.\",\"breadcrumb\":{\"@id\":\"https:\\\/\\\/medicinasinc.com\\\/pl\\\/product\\\/kup-5c-akb48\\\/#breadcrumb\"},\"inLanguage\":\"en-US\",\"potentialAction\":[{\"@type\":\"ReadAction\",\"target\":[\"https:\\\/\\\/medicinasinc.com\\\/pl\\\/product\\\/kup-5c-akb48\\\/\"]}]},{\"@type\":\"ImageObject\",\"inLanguage\":\"en-US\",\"@id\":\"https:\\\/\\\/medicinasinc.com\\\/pl\\\/product\\\/kup-5c-akb48\\\/#primaryimage\",\"url\":\"https:\\\/\\\/medicinasinc.com\\\/pl\\\/wp-content\\\/uploads\\\/sites\\\/13\\\/2022\\\/02\\\/Buy-5C-AKB48.png\",\"contentUrl\":\"https:\\\/\\\/medicinasinc.com\\\/pl\\\/wp-content\\\/uploads\\\/sites\\\/13\\\/2022\\\/02\\\/Buy-5C-AKB48.png\",\"width\":500,\"height\":500},{\"@type\":\"BreadcrumbList\",\"@id\":\"https:\\\/\\\/medicinasinc.com\\\/pl\\\/product\\\/kup-5c-akb48\\\/#breadcrumb\",\"itemListElement\":[{\"@type\":\"ListItem\",\"position\":1,\"name\":\"Sklep\",\"item\":\"https:\\\/\\\/medicinasinc.com\\\/pl\\\/sklep\\\/\"},{\"@type\":\"ListItem\",\"position\":2,\"name\":\"Kup 5C-AKB48\"}]},{\"@type\":\"WebSite\",\"@id\":\"https:\\\/\\\/medicinasinc.com\\\/pl\\\/#website\",\"url\":\"https:\\\/\\\/medicinasinc.com\\\/pl\\\/\",\"name\":\"Medicinas Inc\",\"description\":\"Health Medical Clinic\",\"potentialAction\":[{\"@type\":\"SearchAction\",\"target\":{\"@type\":\"EntryPoint\",\"urlTemplate\":\"https:\\\/\\\/medicinasinc.com\\\/pl\\\/?s={search_term_string}\"},\"query-input\":{\"@type\":\"PropertyValueSpecification\",\"valueRequired\":true,\"valueName\":\"search_term_string\"}}],\"inLanguage\":\"en-US\"}]}<\/script>\n<!-- \/ Yoast SEO plugin. -->","yoast_head_json":{"title":"Kup 5c-akb48 od niezawodnego dostawcy - Kannabinoidy - Best Global Meds","description":"Kup 5c-akb48 na sprzeda\u017c, hurt 5c-akb48 UK, zam\u00f3w dostawc\u0119 5cakb48 w Europie. 5c-akb48 to syntetyczny kannabinoid na bazie indazolu, kt\u00f3ry jest sprzedawany online jako designerski lek.","robots":{"index":"index","follow":"follow","max-snippet":"max-snippet:-1","max-image-preview":"max-image-preview:large","max-video-preview":"max-video-preview:-1"},"canonical":"https:\/\/medicinasinc.com\/pl\/product\/kup-5c-akb48\/","og_locale":"en_US","og_type":"article","og_title":"Kup 5c-akb48 od niezawodnego dostawcy - Kannabinoidy - Best Global Meds","og_description":"Kup 5c-akb48 na sprzeda\u017c, hurt 5c-akb48 UK, zam\u00f3w dostawc\u0119 5cakb48 w Europie. 5c-akb48 to syntetyczny kannabinoid na bazie indazolu, kt\u00f3ry jest sprzedawany online jako designerski lek.","og_url":"https:\/\/medicinasinc.com\/pl\/product\/kup-5c-akb48\/","og_site_name":"Medicinas Inc","article_modified_time":"2022-03-22T00:43:09+00:00","og_image":[{"width":500,"height":500,"url":"https:\/\/medicinasinc.com\/pl\/wp-content\/uploads\/sites\/13\/2022\/02\/Buy-5C-AKB48.png","type":"image\/png"}],"twitter_card":"summary_large_image","twitter_misc":{"Est. reading time":"3 minutes"},"schema":{"@context":"https:\/\/schema.org","@graph":[{"@type":"WebPage","@id":"https:\/\/medicinasinc.com\/pl\/product\/kup-5c-akb48\/","url":"https:\/\/medicinasinc.com\/pl\/product\/kup-5c-akb48\/","name":"Kup 5c-akb48 od niezawodnego dostawcy - Kannabinoidy - Best Global Meds","isPartOf":{"@id":"https:\/\/medicinasinc.com\/pl\/#website"},"primaryImageOfPage":{"@id":"https:\/\/medicinasinc.com\/pl\/product\/kup-5c-akb48\/#primaryimage"},"image":{"@id":"https:\/\/medicinasinc.com\/pl\/product\/kup-5c-akb48\/#primaryimage"},"thumbnailUrl":"https:\/\/medicinasinc.com\/pl\/wp-content\/uploads\/sites\/13\/2022\/02\/Buy-5C-AKB48.png","datePublished":"2022-02-22T08:07:13+00:00","dateModified":"2022-03-22T00:43:09+00:00","description":"Kup 5c-akb48 na sprzeda\u017c, hurt 5c-akb48 UK, zam\u00f3w dostawc\u0119 5cakb48 w Europie. 5c-akb48 to syntetyczny kannabinoid na bazie indazolu, kt\u00f3ry jest sprzedawany online jako designerski lek.","breadcrumb":{"@id":"https:\/\/medicinasinc.com\/pl\/product\/kup-5c-akb48\/#breadcrumb"},"inLanguage":"en-US","potentialAction":[{"@type":"ReadAction","target":["https:\/\/medicinasinc.com\/pl\/product\/kup-5c-akb48\/"]}]},{"@type":"ImageObject","inLanguage":"en-US","@id":"https:\/\/medicinasinc.com\/pl\/product\/kup-5c-akb48\/#primaryimage","url":"https:\/\/medicinasinc.com\/pl\/wp-content\/uploads\/sites\/13\/2022\/02\/Buy-5C-AKB48.png","contentUrl":"https:\/\/medicinasinc.com\/pl\/wp-content\/uploads\/sites\/13\/2022\/02\/Buy-5C-AKB48.png","width":500,"height":500},{"@type":"BreadcrumbList","@id":"https:\/\/medicinasinc.com\/pl\/product\/kup-5c-akb48\/#breadcrumb","itemListElement":[{"@type":"ListItem","position":1,"name":"Sklep","item":"https:\/\/medicinasinc.com\/pl\/sklep\/"},{"@type":"ListItem","position":2,"name":"Kup 5C-AKB48"}]},{"@type":"WebSite","@id":"https:\/\/medicinasinc.com\/pl\/#website","url":"https:\/\/medicinasinc.com\/pl\/","name":"Medicinas Inc","description":"Health Medical Clinic","potentialAction":[{"@type":"SearchAction","target":{"@type":"EntryPoint","urlTemplate":"https:\/\/medicinasinc.com\/pl\/?s={search_term_string}"},"query-input":{"@type":"PropertyValueSpecification","valueRequired":true,"valueName":"search_term_string"}}],"inLanguage":"en-US"}]}},"_links":{"self":[{"href":"https:\/\/medicinasinc.com\/pl\/wp-json\/wp\/v2\/product\/5897","targetHints":{"allow":["GET"]}}],"collection":[{"href":"https:\/\/medicinasinc.com\/pl\/wp-json\/wp\/v2\/product"}],"about":[{"href":"https:\/\/medicinasinc.com\/pl\/wp-json\/wp\/v2\/types\/product"}],"replies":[{"embeddable":true,"href":"https:\/\/medicinasinc.com\/pl\/wp-json\/wp\/v2\/comments?post=5897"}],"wp:featuredmedia":[{"embeddable":true,"href":"https:\/\/medicinasinc.com\/pl\/wp-json\/wp\/v2\/media\/5928"}],"wp:attachment":[{"href":"https:\/\/medicinasinc.com\/pl\/wp-json\/wp\/v2\/media?parent=5897"}],"wp:term":[{"taxonomy":"product_brand","embeddable":true,"href":"https:\/\/medicinasinc.com\/pl\/wp-json\/wp\/v2\/product_brand?post=5897"},{"taxonomy":"product_cat","embeddable":true,"href":"https:\/\/medicinasinc.com\/pl\/wp-json\/wp\/v2\/product_cat?post=5897"},{"taxonomy":"product_tag","embeddable":true,"href":"https:\/\/medicinasinc.com\/pl\/wp-json\/wp\/v2\/product_tag?post=5897"}],"curies":[{"name":"wp","href":"https:\/\/api.w.org\/{rel}","templated":true}]}}