{"id":5893,"date":"2022-02-22T08:05:19","date_gmt":"2022-02-22T08:05:19","guid":{"rendered":"https:\/\/medicinasinc.com\/pl\/?post_type=product&#038;p=5893"},"modified":"2022-03-22T00:43:17","modified_gmt":"2022-03-22T00:43:17","slug":"kup-benzyl-metylo-keton-bmk-proszek-online","status":"publish","type":"product","link":"https:\/\/medicinasinc.com\/pl\/product\/kup-benzyl-metylo-keton-bmk-proszek-online\/","title":{"rendered":"Kup keton benzylowo-metylowy (BMK) w proszku online"},"content":{"rendered":"<p>Zakup proszku BMK online<\/p>\n<p>Proszek BMK mo\u017cna kupi\u0107 online. Wz\u00f3r chemiczny fenyloacetonu to C6H5CH2COCH3. Jest to olej bezbarwny i rozpuszczalny w rozpuszczalnikach organicznych. Ta substancja chemiczna jest og\u00f3lnie okre\u015blana jako P2P, poniewa\u017c jest wykorzystywana do produkcji metamfetaminy i amfetaminy. Fenyloaceton jest wytwarzany u ludzi jako metabolit amfetaminy i metamfetaminy poprzez deaminacj\u0119 oksydacyjn\u0105 za po\u015brednictwem FMO3.<\/p>\n<p>Fenyloaceton, znany r\u00f3wnie\u017c jako keton benzylowo-metylowy (BMK) lub P2P, by\u0142 prekursorem do produkcji amfetaminy. Jest regulowany przez Uni\u0119 Europejsk\u0105 (UE) na mocy rozporz\u0105dzenia (WE) 273\/2004 w sprawie prekursor\u00f3w narkotyk\u00f3w oraz rozporz\u0105dzenia Rady (WE) 111\/2005 w sprawie wymiany prekursor\u00f3w narkotyk\u00f3w. W rezultacie administratorzy musz\u0105 uzyska\u0107 zgod\u0119 wykwalifikowanych specjalist\u00f3w na posiadanie, importowanie lub transport. Ostatnio w UE nie by\u0142o przechwytywania BMK na du\u017c\u0105 skal\u0119. Mamy naprawd\u0119 dobr\u0105 ocen\u0119 zadowolenia klient\u00f3w i jeste\u015bmy przygotowani, aby by\u0107 najlepszymi internetowymi dostawcami oleju fenyloacetonowego.<\/p>\n<p>Fenyloaceton mo\u017cna r\u00f3wnie\u017c syntetyzowa\u0107 z prekursor\u00f3w, takich jak APAAN (alfa-fenyloacetoacetonitryl). Ostatnio import APAAN by\u0142 najwy\u017cszy w historii, w wyniku czego pod koniec 2013 r. zosta\u0142 zr\u00f3wnowa\u017cony w UE. W marcu 2014 r. Komisja Narod\u00f3w Zjednoczonych ds. \u015arodk\u00f3w Odurzaj\u0105cych jednog\u0142o\u015bnie przeg\u0142osowa\u0142a uregulowanie tego problemu na ca\u0142ym \u015bwiecie. <\/p>\n<p>Nasze metody wysy\u0142ki i dostawy s\u0105 ca\u0142kowicie bezpieczne i proste przy zakupie oleju fenyloacetonowego online. Jeste\u015bmy gotowi sprzedawa\u0107 zar\u00f3wno ma\u0142e, jak i ogromne ilo\u015bci naszego oleju fenyloacetonowego online. Nasza jako\u015b\u0107 online oleju fenyloacetonowego nie ma sobie r\u00f3wnych i sprzedajemy w ma\u0142ych\/du\u017cych ilo\u015bciach z zapewnieniem dyskretnej dostawy w odpowiednim czasie po zakupie oleju fenyloacetonowego online. Wysy\u0142ka mi\u0119dzy innymi za po\u015brednictwem DHL, TNT lub FedEx. Dodatkowo jest to uzale\u017cnione od sposobu transportu klienta przy sk\u0142adaniu zam\u00f3wienia na olej fenyloacetonowy Online. Nie wahaj si\u0119 z nami skontaktowa\u0107, gdy b\u0119dziesz gotowy do zakupu fenyloacetonu, poniewa\u017c oferujemy najni\u017csz\u0105 cen\u0119.<\/p>\n<p>Zamierzamy u\u0142atwi\u0107 zakup szerokiej gamy naszych produkt\u00f3w. Gdy z\u0142o\u017cysz u nas zam\u00f3wienie online na olej fenyloacetonowy, doradzimy Ci zakup. Zapewniamy, \u017ce nasi klienci otrzymuj\u0105 swoje opakowanie i wysokiej jako\u015bci olej fenyloacetonowy, a tak\u017ce osi\u0105gaj\u0105 swoje cele, zapewniaj\u0105c, \u017ce nasze produkty s\u0105 odpowiednio traktowane.<\/p>\n","protected":false},"excerpt":{"rendered":"<p>Kup keton benzylowo-metylowy (BMK) w proszku online. Nasz proszek BMK jest w 100% testowany laboratoryjnie. Wysy\u0142amy nasz proszek BMK jako przesy\u0142k\u0119 dyskretn\u0105 i ekspresow\u0105<\/p>\n","protected":false},"featured_media":5922,"comment_status":"open","ping_status":"closed","template":"","meta":[],"product_brand":[],"product_cat":[2014],"product_tag":[],"class_list":{"0":"post-5893","1":"product","2":"type-product","3":"status-publish","4":"has-post-thumbnail","6":"product_cat-kup-badania-chemikalia","8":"first","9":"instock","10":"shipping-taxable","11":"purchasable","12":"product-type-variable"},"yoast_head":"<!-- This site is optimized with the Yoast SEO plugin v27.3 - https:\/\/yoast.com\/product\/yoast-seo-wordpress\/ -->\n<title>Kup keton benzylowo-metylowy (BMK) w proszku online - najlepsze globalne leki<\/title>\n<meta name=\"description\" content=\"Kup keton benzylowo-metylowy (BMK) w proszku online. Nasz proszek BMK jest w 100% testowany laboratoryjnie. Wysy\u0142amy nasz proszek BMK jako przesy\u0142k\u0119 dyskretn\u0105 i ekspresow\u0105\" \/>\n<meta name=\"robots\" content=\"index, follow, max-snippet:-1, max-image-preview:large, max-video-preview:-1\" \/>\n<link rel=\"canonical\" href=\"https:\/\/medicinasinc.com\/pl\/product\/kup-benzyl-metylo-keton-bmk-proszek-online\/\" \/>\n<meta property=\"og:locale\" content=\"en_US\" \/>\n<meta property=\"og:type\" content=\"article\" \/>\n<meta property=\"og:title\" content=\"Kup keton benzylowo-metylowy (BMK) w proszku online - najlepsze globalne leki\" \/>\n<meta property=\"og:description\" content=\"Kup keton benzylowo-metylowy (BMK) w proszku online. Nasz proszek BMK jest w 100% testowany laboratoryjnie. Wysy\u0142amy nasz proszek BMK jako przesy\u0142k\u0119 dyskretn\u0105 i ekspresow\u0105\" \/>\n<meta property=\"og:url\" content=\"https:\/\/medicinasinc.com\/pl\/product\/kup-benzyl-metylo-keton-bmk-proszek-online\/\" \/>\n<meta property=\"og:site_name\" content=\"Medicinas Inc\" \/>\n<meta property=\"article:modified_time\" content=\"2022-03-22T00:43:17+00:00\" \/>\n<meta property=\"og:image\" content=\"https:\/\/medicinasinc.com\/pl\/wp-content\/uploads\/sites\/13\/2022\/02\/buy-bmk-powder.jpg\" \/>\n\t<meta property=\"og:image:width\" content=\"447\" \/>\n\t<meta property=\"og:image:height\" content=\"389\" \/>\n\t<meta property=\"og:image:type\" content=\"image\/jpeg\" \/>\n<meta name=\"twitter:card\" content=\"summary_large_image\" \/>\n<meta name=\"twitter:label1\" content=\"Est. reading time\" \/>\n\t<meta name=\"twitter:data1\" content=\"2 minutes\" \/>\n<script type=\"application\/ld+json\" class=\"yoast-schema-graph\">{\"@context\":\"https:\\\/\\\/schema.org\",\"@graph\":[{\"@type\":\"WebPage\",\"@id\":\"https:\\\/\\\/medicinasinc.com\\\/pl\\\/product\\\/kup-benzyl-metylo-keton-bmk-proszek-online\\\/\",\"url\":\"https:\\\/\\\/medicinasinc.com\\\/pl\\\/product\\\/kup-benzyl-metylo-keton-bmk-proszek-online\\\/\",\"name\":\"Kup keton benzylowo-metylowy (BMK) w proszku online - najlepsze globalne leki\",\"isPartOf\":{\"@id\":\"https:\\\/\\\/medicinasinc.com\\\/pl\\\/#website\"},\"primaryImageOfPage\":{\"@id\":\"https:\\\/\\\/medicinasinc.com\\\/pl\\\/product\\\/kup-benzyl-metylo-keton-bmk-proszek-online\\\/#primaryimage\"},\"image\":{\"@id\":\"https:\\\/\\\/medicinasinc.com\\\/pl\\\/product\\\/kup-benzyl-metylo-keton-bmk-proszek-online\\\/#primaryimage\"},\"thumbnailUrl\":\"https:\\\/\\\/medicinasinc.com\\\/pl\\\/wp-content\\\/uploads\\\/sites\\\/13\\\/2022\\\/02\\\/buy-bmk-powder.jpg\",\"datePublished\":\"2022-02-22T08:05:19+00:00\",\"dateModified\":\"2022-03-22T00:43:17+00:00\",\"description\":\"Kup keton benzylowo-metylowy (BMK) w proszku online. Nasz proszek BMK jest w 100% testowany laboratoryjnie. Wysy\u0142amy nasz proszek BMK jako przesy\u0142k\u0119 dyskretn\u0105 i ekspresow\u0105\",\"breadcrumb\":{\"@id\":\"https:\\\/\\\/medicinasinc.com\\\/pl\\\/product\\\/kup-benzyl-metylo-keton-bmk-proszek-online\\\/#breadcrumb\"},\"inLanguage\":\"en-US\",\"potentialAction\":[{\"@type\":\"ReadAction\",\"target\":[\"https:\\\/\\\/medicinasinc.com\\\/pl\\\/product\\\/kup-benzyl-metylo-keton-bmk-proszek-online\\\/\"]}]},{\"@type\":\"ImageObject\",\"inLanguage\":\"en-US\",\"@id\":\"https:\\\/\\\/medicinasinc.com\\\/pl\\\/product\\\/kup-benzyl-metylo-keton-bmk-proszek-online\\\/#primaryimage\",\"url\":\"https:\\\/\\\/medicinasinc.com\\\/pl\\\/wp-content\\\/uploads\\\/sites\\\/13\\\/2022\\\/02\\\/buy-bmk-powder.jpg\",\"contentUrl\":\"https:\\\/\\\/medicinasinc.com\\\/pl\\\/wp-content\\\/uploads\\\/sites\\\/13\\\/2022\\\/02\\\/buy-bmk-powder.jpg\",\"width\":447,\"height\":389},{\"@type\":\"BreadcrumbList\",\"@id\":\"https:\\\/\\\/medicinasinc.com\\\/pl\\\/product\\\/kup-benzyl-metylo-keton-bmk-proszek-online\\\/#breadcrumb\",\"itemListElement\":[{\"@type\":\"ListItem\",\"position\":1,\"name\":\"Sklep\",\"item\":\"https:\\\/\\\/medicinasinc.com\\\/pl\\\/sklep\\\/\"},{\"@type\":\"ListItem\",\"position\":2,\"name\":\"Kup keton benzylowo-metylowy (BMK) w proszku online\"}]},{\"@type\":\"WebSite\",\"@id\":\"https:\\\/\\\/medicinasinc.com\\\/pl\\\/#website\",\"url\":\"https:\\\/\\\/medicinasinc.com\\\/pl\\\/\",\"name\":\"Medicinas Inc\",\"description\":\"Health Medical Clinic\",\"potentialAction\":[{\"@type\":\"SearchAction\",\"target\":{\"@type\":\"EntryPoint\",\"urlTemplate\":\"https:\\\/\\\/medicinasinc.com\\\/pl\\\/?s={search_term_string}\"},\"query-input\":{\"@type\":\"PropertyValueSpecification\",\"valueRequired\":true,\"valueName\":\"search_term_string\"}}],\"inLanguage\":\"en-US\"}]}<\/script>\n<!-- \/ Yoast SEO plugin. -->","yoast_head_json":{"title":"Kup keton benzylowo-metylowy (BMK) w proszku online - najlepsze globalne leki","description":"Kup keton benzylowo-metylowy (BMK) w proszku online. Nasz proszek BMK jest w 100% testowany laboratoryjnie. Wysy\u0142amy nasz proszek BMK jako przesy\u0142k\u0119 dyskretn\u0105 i ekspresow\u0105","robots":{"index":"index","follow":"follow","max-snippet":"max-snippet:-1","max-image-preview":"max-image-preview:large","max-video-preview":"max-video-preview:-1"},"canonical":"https:\/\/medicinasinc.com\/pl\/product\/kup-benzyl-metylo-keton-bmk-proszek-online\/","og_locale":"en_US","og_type":"article","og_title":"Kup keton benzylowo-metylowy (BMK) w proszku online - najlepsze globalne leki","og_description":"Kup keton benzylowo-metylowy (BMK) w proszku online. Nasz proszek BMK jest w 100% testowany laboratoryjnie. Wysy\u0142amy nasz proszek BMK jako przesy\u0142k\u0119 dyskretn\u0105 i ekspresow\u0105","og_url":"https:\/\/medicinasinc.com\/pl\/product\/kup-benzyl-metylo-keton-bmk-proszek-online\/","og_site_name":"Medicinas Inc","article_modified_time":"2022-03-22T00:43:17+00:00","og_image":[{"width":447,"height":389,"url":"https:\/\/medicinasinc.com\/pl\/wp-content\/uploads\/sites\/13\/2022\/02\/buy-bmk-powder.jpg","type":"image\/jpeg"}],"twitter_card":"summary_large_image","twitter_misc":{"Est. reading time":"2 minutes"},"schema":{"@context":"https:\/\/schema.org","@graph":[{"@type":"WebPage","@id":"https:\/\/medicinasinc.com\/pl\/product\/kup-benzyl-metylo-keton-bmk-proszek-online\/","url":"https:\/\/medicinasinc.com\/pl\/product\/kup-benzyl-metylo-keton-bmk-proszek-online\/","name":"Kup keton benzylowo-metylowy (BMK) w proszku online - najlepsze globalne leki","isPartOf":{"@id":"https:\/\/medicinasinc.com\/pl\/#website"},"primaryImageOfPage":{"@id":"https:\/\/medicinasinc.com\/pl\/product\/kup-benzyl-metylo-keton-bmk-proszek-online\/#primaryimage"},"image":{"@id":"https:\/\/medicinasinc.com\/pl\/product\/kup-benzyl-metylo-keton-bmk-proszek-online\/#primaryimage"},"thumbnailUrl":"https:\/\/medicinasinc.com\/pl\/wp-content\/uploads\/sites\/13\/2022\/02\/buy-bmk-powder.jpg","datePublished":"2022-02-22T08:05:19+00:00","dateModified":"2022-03-22T00:43:17+00:00","description":"Kup keton benzylowo-metylowy (BMK) w proszku online. Nasz proszek BMK jest w 100% testowany laboratoryjnie. Wysy\u0142amy nasz proszek BMK jako przesy\u0142k\u0119 dyskretn\u0105 i ekspresow\u0105","breadcrumb":{"@id":"https:\/\/medicinasinc.com\/pl\/product\/kup-benzyl-metylo-keton-bmk-proszek-online\/#breadcrumb"},"inLanguage":"en-US","potentialAction":[{"@type":"ReadAction","target":["https:\/\/medicinasinc.com\/pl\/product\/kup-benzyl-metylo-keton-bmk-proszek-online\/"]}]},{"@type":"ImageObject","inLanguage":"en-US","@id":"https:\/\/medicinasinc.com\/pl\/product\/kup-benzyl-metylo-keton-bmk-proszek-online\/#primaryimage","url":"https:\/\/medicinasinc.com\/pl\/wp-content\/uploads\/sites\/13\/2022\/02\/buy-bmk-powder.jpg","contentUrl":"https:\/\/medicinasinc.com\/pl\/wp-content\/uploads\/sites\/13\/2022\/02\/buy-bmk-powder.jpg","width":447,"height":389},{"@type":"BreadcrumbList","@id":"https:\/\/medicinasinc.com\/pl\/product\/kup-benzyl-metylo-keton-bmk-proszek-online\/#breadcrumb","itemListElement":[{"@type":"ListItem","position":1,"name":"Sklep","item":"https:\/\/medicinasinc.com\/pl\/sklep\/"},{"@type":"ListItem","position":2,"name":"Kup keton benzylowo-metylowy (BMK) w proszku online"}]},{"@type":"WebSite","@id":"https:\/\/medicinasinc.com\/pl\/#website","url":"https:\/\/medicinasinc.com\/pl\/","name":"Medicinas Inc","description":"Health Medical Clinic","potentialAction":[{"@type":"SearchAction","target":{"@type":"EntryPoint","urlTemplate":"https:\/\/medicinasinc.com\/pl\/?s={search_term_string}"},"query-input":{"@type":"PropertyValueSpecification","valueRequired":true,"valueName":"search_term_string"}}],"inLanguage":"en-US"}]}},"_links":{"self":[{"href":"https:\/\/medicinasinc.com\/pl\/wp-json\/wp\/v2\/product\/5893","targetHints":{"allow":["GET"]}}],"collection":[{"href":"https:\/\/medicinasinc.com\/pl\/wp-json\/wp\/v2\/product"}],"about":[{"href":"https:\/\/medicinasinc.com\/pl\/wp-json\/wp\/v2\/types\/product"}],"replies":[{"embeddable":true,"href":"https:\/\/medicinasinc.com\/pl\/wp-json\/wp\/v2\/comments?post=5893"}],"wp:featuredmedia":[{"embeddable":true,"href":"https:\/\/medicinasinc.com\/pl\/wp-json\/wp\/v2\/media\/5922"}],"wp:attachment":[{"href":"https:\/\/medicinasinc.com\/pl\/wp-json\/wp\/v2\/media?parent=5893"}],"wp:term":[{"taxonomy":"product_brand","embeddable":true,"href":"https:\/\/medicinasinc.com\/pl\/wp-json\/wp\/v2\/product_brand?post=5893"},{"taxonomy":"product_cat","embeddable":true,"href":"https:\/\/medicinasinc.com\/pl\/wp-json\/wp\/v2\/product_cat?post=5893"},{"taxonomy":"product_tag","embeddable":true,"href":"https:\/\/medicinasinc.com\/pl\/wp-json\/wp\/v2\/product_tag?post=5893"}],"curies":[{"name":"wp","href":"https:\/\/api.w.org\/{rel}","templated":true}]}}