{"id":5890,"date":"2022-02-22T08:03:24","date_gmt":"2022-02-22T08:03:24","guid":{"rendered":"https:\/\/medicinasinc.com\/pl\/?post_type=product&#038;p=5890"},"modified":"2022-03-22T00:43:33","modified_gmt":"2022-03-22T00:43:33","slug":"kup-apaan-online-alfa-fenyloacetoacetonitryl","status":"publish","type":"product","link":"https:\/\/medicinasinc.com\/pl\/product\/kup-apaan-online-alfa-fenyloacetoacetonitryl\/","title":{"rendered":"Kup APAAN online (alfa-fenyloacetoacetonitryl)"},"content":{"rendered":"<p>Kup APAAN w renomowanej aptece internetowej.<\/p>\n<p>APAAN, numer rejestru CAS 4468-48-8, to krystaliczny proszek o kolorze od bia\u0142ego do jasno\u017c\u00f3\u0142tego, kt\u00f3ry jest syntetyzowany z cyjanku benzylu.<\/p>\n<p>Co to jest APAAN (alfa-fenyloacetoacetonitryl)?<\/p>\n<p>Alfa-fenyloacetoacetonitryl jest substancj\u0105 chemiczn\u0105 o numerze CAS 4468-48-8, kt\u00f3r\u0105 ustawa o substancjach kontrolowanych klasyfikuje jako substancj\u0119 z wykazu I (CSA). Odkryto, \u017ce jest on u\u017cywany w tajnych laboratoriach chemicznych do nielegalnego wytwarzania substancji ograniczonej do wykazu II, znanej jako fenylo-2-propanon lub P2P), metamfetaminy i amfetaminy. W rezultacie DEA za\u017c\u0105da\u0142a, aby zosta\u0142a zaklasyfikowana jako substancja kontrolowana.<\/p>\n<p>Ka\u017cda mieszanina chemiczna zawieraj\u0105ca alfa-fenyloacetoacetonitryl jest regulowana przez CSA, z wyj\u0105tkiem ograniczonych okoliczno\u015bci.<\/p>\n<p>Co czy niekt\u00f3re synonimy alfa fenyloacetoacetonitrylu?<\/p>\n<p>Dodatkowo alfa fenyloacetoacetonitryl jest okre\u015blany nast\u0119puj\u0105cymi nazwami:<\/p>\n<p>NSC 11777 NSC 25183 NSC 55206 APAAN 2-Fenyloacetoacetonitryl<br \/> Ile jest ich dost\u0119pne rodzaje alfa-fenyloacetoacetonitrylu?<\/p>\n<p>Ta substancja chemiczna jest dost\u0119pna w postaci sproszkowanej, \u017c\u00f3\u0142tej, br\u0105zowej lub bia\u0142ej, a tak\u017ce w postaci krystalicznej o s\u0142abym s\u0142omkowo\u017c\u00f3\u0142tym odcieniu.<\/p>\n<p>Jak mog\u0119 kupi\u0107 Alfa fenyloacetoacetonitryl?<\/p>\n<p>Alfa fenyloacetoacetonitryl mo\u017cna kupi\u0107 w naszym sklepie internetowym. Nasza substancja chemiczna jest wyj\u0105tkowo czysta. Co wi\u0119cej, otrzymasz go od nas w znacznie ni\u017cszej cenie ni\u017c wi\u0119kszo\u015b\u0107 innych dostawc\u00f3w na rynku. Kolejn\u0105 atrakcyjn\u0105 zach\u0119t\u0105 do robienia zakup\u00f3w w naszym sklepie internetowym jest to, \u017ce dystrybuujemy go dyskretnie i bezpiecznie do naszych klient\u00f3w w wielu miejscach na ca\u0142ym \u015bwiecie za po\u015brednictwem naszych zaufanych partner\u00f3w kurierskich.<\/p>\n<p>Jakie w\u0142a\u015bciwo\u015bci ma alfa-fenyloacetoacetonitryl?<br \/> Poni\u017cej przedstawiono specyficzne cechy tej substancji chemicznej:<\/p>\n<p>U\u017cyj tabeli dla tej cz\u0119\u015bci (na przyk\u0142ad temperatura topnienia, temperatura wrzenia, g\u0119sto\u015b\u0107, numer CAS, czysto\u015b\u0107 i masa cz\u0105steczkowa).<\/p>\n<p>Jakie zastosowania ma alfa fenyloacetoacetonitryl?<\/p>\n<p>Alfa fenyloacetoacetonitryl nie ma autoryzowanego u\u017cycia poza celami badawczymi i rozwojowymi, a tak\u017ce do cel\u00f3w analitycznych w laboratoriach.<\/p>\n<p>Kilku znanych dostawc\u00f3w ta substancja chemiczna obejmuje nast\u0119puj\u0105ce elementy:<br \/> Poni\u017cej znajduje si\u0119 lista dostawc\u00f3w alfa-fenyloacetoacetonitrylu:<br \/> Aurum Pharmatech LLC Activate Scientific<br \/> Heterocykliczne chemikalia badawcze i bloki konstrukcyjne MolPort<br \/> Badania i rozw\u00f3j w dziedzinie chemii przez Wilki<br \/> AK Scienti fic, Inc. (AKSCI) Alfa Chemistry Oakwood Products<br \/> APIChem Technology Vitas-M Laboratory LabNetwork, a WuXi AppTec Company Chemieliva Pharmaceutical Co., Ltd Hangzhou APIChem Technology Vitas-M Laboratory<br \/> Jak jest syntetyzowany lub przygotowany?<\/p>\n<p>60 g czystego sodu o masie 2,6 grama atom\u00f3w \u0142\u0105czy si\u0119 z 700 cm3 absolutnego alkoholu. Ten spos\u00f3b przygotowuje si\u0119 roztw\u00f3r etanolanu sodu w 2-1 kolbie okr\u0105g\u0142odennej wyposa\u017conej w ch\u0142odnic\u0119 zwrotn\u0105. Do tego ogrzanego roztworu dodaje si\u0119 234 g lub 2 mole czystego cyjanku benzylu i 264 g lub 3 mole suchego octanu etylu i odpowiednio wstrz\u0105sa. Skraplacz jest uszczelniony rurk\u0105 z chlorku wapnia. Roztw\u00f3r gotuje si\u0119 w \u0142a\u017ani parowej przez dwie godziny, a nast\u0119pnie pozostawia na noc. Nast\u0119pnego ranka zauwa\u017cysz, \u017ce w mieszance utworzy\u0142y si\u0119 grudki. W rezultacie do mieszania cieczy u\u017cywa si\u0119 drewnianego pr\u0119ta, powoduj\u0105c p\u0119kanie grudek. Nast\u0119pnie do temperatury 10\u00b0 stosuje si\u0119 mieszank\u0119 mro\u017c\u0105c\u0105. Temperatura jest nast\u0119pnie utrzymywana na tym poziomie przez dwie godziny. 6-calowy. Lejek B\u00fcchnera s\u0142u\u017cy do zbierania soli sodowej, kt\u00f3r\u0105 przep\u0142ukuje si\u0119 czterokrotnie w lejku 250 cm3. cz\u0119\u015bci eteru. Odkryjesz bezbarwny placek filtracyjny o masie 250\u2013275 g. suchej soli sodowej lub 69-76% przewidywanej ilo\u015bci. Po\u0142\u0105cz filtraty i dodaj je do mro\u017c\u0105cej mieszaniny.<\/p>\n<p>W temperaturze pokojowej rozpu\u015b\u0107 jeszcze zwil\u017con\u0105 eterem s\u00f3l sodow\u0105 w 1,3 l destylowanej wod\u0105, a nast\u0119pnie sch\u0142odzi\u0107 roztw\u00f3r do 0\u00b0. Wytr\u0105ci\u0107 nitryl, delikatnie dodaj\u0105c 90 cm3 lodowatego kwasu octowego i energicznie wstrz\u0105saj\u0105c. Oddzieli\u0107 osad za pomoc\u0105 filtracji pr\u00f3\u017cniowej i przemy\u0107 go czterokrotnie w 250 ml wody za pomoc\u0105 lejka. Powiniene\u015b teraz mie\u0107 wilgotny placek -Phenyloacetoacetonitryl o wadze 300 g (188-206 g). Jest suchy w 59-64% i ma temperatur\u0119 topnienia 87-89\u00b0, kt\u00f3ra jest odpowiednia dla wi\u0119kszo\u015bci zastosowa\u0144.<\/p>\n<p>Je\u015bli wymagana jest rekrystalizacja surowej substancji chemicznej, rozpu\u015b\u0107 wilgotny placek w 100 cm3 wrz\u0105cy alkohol metylowy. Przefiltrowa\u0107 roztw\u00f3r i sch\u0142odzi\u0107 do temperatury 10\u00b0 przez mieszanie. Ods\u0105cz kryszta\u0142y i przemyj je raz 40 cm3 alkoholu metylowego och\u0142odzonego do 10\u00b0. Produkt w stanie suchym wa\u017cy 173\u2013191 g (54%\u201360%) i ma temperatur\u0119 topnienia 88,5\u201389,5\u00b0. W 5-1. kolbie, po\u0142\u0105czy\u0107 filtraty i pop\u0142uczyny z oddzielania soli sodowej. Mo\u017cna go rozcie\u0144czy\u0107 lodowat\u0105 wod\u0105 a\u017c do pe\u0142nego nape\u0142nienia kolby. Odsysaj\u0105c, ca\u0142kowicie usu\u0144 doln\u0105 warstw\u0119. Znaczn\u0105 cz\u0119\u015b\u0107 eteru mo\u017cna usun\u0105\u0107 przez dekantacj\u0119, a reszt\u0119 oddzieli\u0107 za pomoc\u0105 rozdzielacza.<\/p>\n<p>Ekstraktuj warstw\u0119 wodn\u0105 jeszcze dwukrotnie, u\u017cywaj\u0105c 500 ml cz\u0119\u015bci eteru, a nast\u0119pnie odrzu\u0107 ekstrakty eterowe.<\/p>\n<p>Przy obni\u017conym ci\u015bnieniu mo\u017cna usun\u0105\u0107 resztki eteru z warstwy wodnej, odsysaj\u0105c powietrze przez roztw\u00f3r przez godzin\u0119 za pomoc\u0105 pompy ss\u0105cej. Dodaj\u0105c 60 cm3 lodowatego kwasu octowego, wytr\u0105\u0107 -fenyloacetoacetonitryl.<\/p>\n<p>Je\u015bli olej zostanie wyrzucony, zanurz kolb\u0119 w \u0142a\u017ani lodowej, a\u017c osad wykrystalizuje. Oddziel kryszta\u0142y za pomoc\u0105 filtracji pr\u00f3\u017cniowej i umyj je czterokrotnie w lejku wype\u0142nionym 50 ml wody. Materia\u0142 w kolorze br\u0105zowym wa\u017cy 50-55g i ma temperatur\u0119 topnienia 83-86\u00b0 po wysuszeniu. Nast\u0119pnie rozpu\u015b\u0107 go w \u0142ugach macierzystych alkoholu metylowego pozosta\u0142ych po krystalizacji poprzedniej partii. Powsta\u0142y roztw\u00f3r jest nast\u0119pnie podgrzewany w obecno\u015bci \u015blad\u00f3w norytu. Jest filtrowany i sch\u0142adzany do temperatury 10\u00b0. Wytworzone kryszta\u0142ki zebra\u0107 na filtrze i przemy\u0107 10 ml zimnego alkoholu metylowego, a nast\u0119pnie wysuszy\u0107. Nast\u0119pnie otrzymuje si\u0119 43-48 gram\u00f3w substancji o jasnos\u0142omkowej barwie i temperaturze topnienia 87-89\u00b0. Jest rekrystalizowany z roztworu 25 cm3 czystego alkoholu metylowego i 10 cm3 zimnego alkoholu metylowego. Wytwarzany jest materia\u0142 o masie 37\u201341 g o temperaturze topnienia 88,5\u201389,5\u00b0. Skutkuje to ca\u0142kowitym materia\u0142em o tej czysto\u015bci wa\u017c\u0105cym od 210 do 232 g, czyli 66-73 procent ilo\u015bci teoretycznej.<\/p>\n<p>Jakie w\u0142a\u015bciwo\u015bci ma alfa-fenyloacetoacetonitryl?<\/p>\n<p>Oto nast\u0119puj\u0105ce specyficzne cechy tej substancji chemicznej:<\/p>\n<p>Masa cz\u0105steczkowa: 159,188 g\/mol Dok\u0142adna masa: 159,068 g\/mol CAS: 4468-48-8<br \/> 99,8% czysto\u015bci<br \/> Ile ma alfa Koszt fenyloacetoacetonitrylu?<\/p>\n<p>Koszt tej substancji chemicznej r\u00f3\u017cni si\u0119 w zale\u017cno\u015bci od dostawcy. O rzeczywistej cenie decyduje rabat udzielony przez sprzedawc\u0119 internetowego oraz ilo\u015b\u0107 zakupionej chemii. Zapewniamy, \u017ce w naszym sklepie znajdziesz go w najlepszej cenie na rynku. Dodatkowo gwarantujemy jako\u015b\u0107 produktu i szybk\u0105 dostaw\u0119 do domu.<\/p>\n<p>W jaki spos\u00f3b jest legalnie klasyfikowany alfa-fenyloacetoacetonitryl?<\/p>\n<p>Ze wzgl\u0119du na fakt, \u017ce alfa-fenyloacetoacetonitryl jest substancj\u0105 chemiczn\u0105 Wykazu I, wszystkie transakcje obejmuj\u0105ce go, niezale\u017cnie od ich ilo\u015bci, s\u0105 kontrolowane.<\/p>\n<p>Producenci mieszanin zawieraj\u0105cych t\u0119 substancj\u0119 chemiczn\u0105, kt\u00f3re nie kwalifikuj\u0105 si\u0119 do automatycznego zwolnienia, musz\u0105 z\u0142o\u017cy\u0107 wniosek o zwolnienie, poniewa\u017c wszystkie mieszaniny chemiczne zawieraj\u0105ce t\u0119 substancj\u0119 w dowolnym st\u0119\u017ceniu s\u0105 obj\u0119te przepisami. <\/p>\n<p>Jakich ostrze\u017ce\u0144 zwi\u0105zanych z t\u0105 substancj\u0105 chemiczn\u0105 nale\u017cy przestrzega\u0107?<\/p>\n<p>Podczas obchodzenia si\u0119 z t\u0105 substancj\u0105 nale\u017cy zachowa\u0107 szczeg\u00f3ln\u0105 ostro\u017cno\u015b\u0107, aby chroni\u0107 swoje bezpiecze\u0144stwo. Poni\u017cej znajduj\u0105 si\u0119 ostrze\u017cenia i \u015brodki ostro\u017cno\u015bci:<\/p>\n<p>W przypadku spo\u017cycia doustnego ta substancja chemiczna jest niezwykle niebezpieczna. Dlatego unikaj jej za wszelk\u0105 cen\u0119.<br \/> Poniewa\u017c jest to niebezpieczne, je\u015bli wejdzie w kontakt z twoim cia\u0142em, musisz obchodzi\u0107 si\u0119 z nimi z najwy\u017csz\u0105 ostro\u017cno\u015bci\u0105 i nosi\u0107 r\u0119kawiczki, aby chroni\u0107 sk\u00f3r\u0119.<br \/> odczuwa\u0107 podra\u017cnienie sk\u00f3ry, a nawet korodowa\u0107, wi\u0119c nale\u017cy unika\u0107 bliskiego dotyku.<br \/> Poniewa\u017c wiadomo, \u017ce substancja chemiczna powoduje powa\u017cne podra\u017cnienia i uszkodzenia oczu, bardzo wa\u017cne jest, aby u\u017cywa\u0107 okular\u00f3w ochronnych, kt\u00f3re ca\u0142kowicie zakrywaj\u0105 oczy, zapobiegaj\u0105c w ten spos\u00f3b przypadkowemu kontaktowi oczami.<br \/> Stwierdzono, \u017ce jest niezwykle niebezpieczny podczas wdychania. Dlatego twarz musi by\u0107 zakryta, aby zapobiec przypadkowemu wdychaniu substancji chemicznej podczas prowadzenia bada\u0144, rozwoju lub analizy.<br \/> Lek jest wystarczaj\u0105co silny, aby wywo\u0142a\u0107 dyskomfort w oddychaniu. Nawet jednorazowa ekspozycja na ni\u0105 mo\u017ce wywo\u0142a\u0107 toksyczno\u015b\u0107 dla organu docelowego. Mo\u017cliwe s\u0105 ci\u0119\u017ckie stany zapalne, szczeg\u00f3lnie dr\u00f3g oddechowych.<\/p>\n<p>Kup APAAN Online | Kup APAAN na sprzeda\u017c | Kup APAAN Online | Kup APAAN Online (USA, CHINY, WIELKA BRYTANIA, NA CA\u0141YM \u015aWIECIE)<\/p>\n","protected":false},"excerpt":{"rendered":"<p>Kup APAAN (alfa-fenyloacetoacetonitryl) na sprzeda\u017c w Europie, Wielkiej Brytanii online bez recepty. Zam\u00f3w APAAN (alfa-fenyloacetoacetonitryl) online.<\/p>\n<p>APAAN (alfa-fenyloacetoacetonitryl) to analityczny wzorzec odniesienia o podobie\u0144stwie strukturalnym do amfetaminy.<\/p>\n<p>-acetylobenzenoacetonitryl<\/p>\n<p> 4468-48-8 Nr CAS<\/p>\n<p>Synonimy: APAAN, 2-fenyloacetoacetonitryl<\/p>\n<p>Wz\u00f3r cz\u0105steczkowy: C10H9NO<\/p>\n<p>Waga wzoru: 159,2<\/p>\n<p>Czysto\u015b\u0107: \u226598%<\/p>\n<p>Sk\u0142ad: krystaliczne cia\u0142o sta\u0142e<\/p>\n<p>\u03bbmax: 264 nm<\/p>\n<p>Przechowywanie: -20\u00b0C<\/p>\n<p>Stabilno\u015b\u0107 :\u2265 2 lata<\/p>\n","protected":false},"featured_media":5916,"comment_status":"open","ping_status":"closed","template":"","meta":[],"product_brand":[],"product_cat":[703],"product_tag":[],"class_list":{"0":"post-5890","1":"product","2":"type-product","3":"status-publish","4":"has-post-thumbnail","6":"product_cat-kup-psychedeliki-leki","8":"first","9":"instock","10":"shipping-taxable","11":"purchasable","12":"product-type-variable"},"yoast_head":"<!-- This site is optimized with the Yoast SEO plugin v27.3 - https:\/\/yoast.com\/product\/yoast-seo-wordpress\/ -->\n<title>Kup APAAN online (alfa-fenyloacetoacetonitryl) - najlepsze leki na \u015bwiecie<\/title>\n<meta name=\"description\" content=\"Kup APAAN (alfa-fenyloacetoacetonitryl) na sprzeda\u017c Europa, Wielka Brytania Online bez recepty. Zam\u00f3w APAAN (alfa-fenyloacetoacetonitryl) online.\" \/>\n<meta name=\"robots\" content=\"index, follow, max-snippet:-1, max-image-preview:large, max-video-preview:-1\" \/>\n<link rel=\"canonical\" href=\"https:\/\/medicinasinc.com\/pl\/product\/kup-apaan-online-alfa-fenyloacetoacetonitryl\/\" \/>\n<meta property=\"og:locale\" content=\"en_US\" \/>\n<meta property=\"og:type\" content=\"article\" \/>\n<meta property=\"og:title\" content=\"Kup APAAN online (alfa-fenyloacetoacetonitryl) - najlepsze leki na \u015bwiecie\" \/>\n<meta property=\"og:description\" content=\"Kup APAAN (alfa-fenyloacetoacetonitryl) na sprzeda\u017c Europa, Wielka Brytania Online bez recepty. Zam\u00f3w APAAN (alfa-fenyloacetoacetonitryl) online.\" \/>\n<meta property=\"og:url\" content=\"https:\/\/medicinasinc.com\/pl\/product\/kup-apaan-online-alfa-fenyloacetoacetonitryl\/\" \/>\n<meta property=\"og:site_name\" content=\"Medicinas Inc\" \/>\n<meta property=\"article:modified_time\" content=\"2022-03-22T00:43:33+00:00\" \/>\n<meta property=\"og:image\" content=\"https:\/\/medicinasinc.com\/pl\/wp-content\/uploads\/sites\/13\/2022\/02\/buy-apaan-alpha-phenylacetoacetonitrile.jpg\" \/>\n\t<meta property=\"og:image:width\" content=\"600\" \/>\n\t<meta property=\"og:image:height\" content=\"600\" \/>\n\t<meta property=\"og:image:type\" content=\"image\/jpeg\" \/>\n<meta name=\"twitter:card\" content=\"summary_large_image\" \/>\n<meta name=\"twitter:label1\" content=\"Est. reading time\" \/>\n\t<meta name=\"twitter:data1\" content=\"6 minutes\" \/>\n<script type=\"application\/ld+json\" class=\"yoast-schema-graph\">{\"@context\":\"https:\\\/\\\/schema.org\",\"@graph\":[{\"@type\":\"WebPage\",\"@id\":\"https:\\\/\\\/medicinasinc.com\\\/pl\\\/product\\\/kup-apaan-online-alfa-fenyloacetoacetonitryl\\\/\",\"url\":\"https:\\\/\\\/medicinasinc.com\\\/pl\\\/product\\\/kup-apaan-online-alfa-fenyloacetoacetonitryl\\\/\",\"name\":\"Kup APAAN online (alfa-fenyloacetoacetonitryl) - najlepsze leki na \u015bwiecie\",\"isPartOf\":{\"@id\":\"https:\\\/\\\/medicinasinc.com\\\/pl\\\/#website\"},\"primaryImageOfPage\":{\"@id\":\"https:\\\/\\\/medicinasinc.com\\\/pl\\\/product\\\/kup-apaan-online-alfa-fenyloacetoacetonitryl\\\/#primaryimage\"},\"image\":{\"@id\":\"https:\\\/\\\/medicinasinc.com\\\/pl\\\/product\\\/kup-apaan-online-alfa-fenyloacetoacetonitryl\\\/#primaryimage\"},\"thumbnailUrl\":\"https:\\\/\\\/medicinasinc.com\\\/pl\\\/wp-content\\\/uploads\\\/sites\\\/13\\\/2022\\\/02\\\/buy-apaan-alpha-phenylacetoacetonitrile.jpg\",\"datePublished\":\"2022-02-22T08:03:24+00:00\",\"dateModified\":\"2022-03-22T00:43:33+00:00\",\"description\":\"Kup APAAN (alfa-fenyloacetoacetonitryl) na sprzeda\u017c Europa, Wielka Brytania Online bez recepty. Zam\u00f3w APAAN (alfa-fenyloacetoacetonitryl) online.\",\"breadcrumb\":{\"@id\":\"https:\\\/\\\/medicinasinc.com\\\/pl\\\/product\\\/kup-apaan-online-alfa-fenyloacetoacetonitryl\\\/#breadcrumb\"},\"inLanguage\":\"en-US\",\"potentialAction\":[{\"@type\":\"ReadAction\",\"target\":[\"https:\\\/\\\/medicinasinc.com\\\/pl\\\/product\\\/kup-apaan-online-alfa-fenyloacetoacetonitryl\\\/\"]}]},{\"@type\":\"ImageObject\",\"inLanguage\":\"en-US\",\"@id\":\"https:\\\/\\\/medicinasinc.com\\\/pl\\\/product\\\/kup-apaan-online-alfa-fenyloacetoacetonitryl\\\/#primaryimage\",\"url\":\"https:\\\/\\\/medicinasinc.com\\\/pl\\\/wp-content\\\/uploads\\\/sites\\\/13\\\/2022\\\/02\\\/buy-apaan-alpha-phenylacetoacetonitrile.jpg\",\"contentUrl\":\"https:\\\/\\\/medicinasinc.com\\\/pl\\\/wp-content\\\/uploads\\\/sites\\\/13\\\/2022\\\/02\\\/buy-apaan-alpha-phenylacetoacetonitrile.jpg\",\"width\":600,\"height\":600},{\"@type\":\"BreadcrumbList\",\"@id\":\"https:\\\/\\\/medicinasinc.com\\\/pl\\\/product\\\/kup-apaan-online-alfa-fenyloacetoacetonitryl\\\/#breadcrumb\",\"itemListElement\":[{\"@type\":\"ListItem\",\"position\":1,\"name\":\"Sklep\",\"item\":\"https:\\\/\\\/medicinasinc.com\\\/pl\\\/sklep\\\/\"},{\"@type\":\"ListItem\",\"position\":2,\"name\":\"Kup APAAN online (alfa-fenyloacetoacetonitryl)\"}]},{\"@type\":\"WebSite\",\"@id\":\"https:\\\/\\\/medicinasinc.com\\\/pl\\\/#website\",\"url\":\"https:\\\/\\\/medicinasinc.com\\\/pl\\\/\",\"name\":\"Medicinas Inc\",\"description\":\"Health Medical Clinic\",\"potentialAction\":[{\"@type\":\"SearchAction\",\"target\":{\"@type\":\"EntryPoint\",\"urlTemplate\":\"https:\\\/\\\/medicinasinc.com\\\/pl\\\/?s={search_term_string}\"},\"query-input\":{\"@type\":\"PropertyValueSpecification\",\"valueRequired\":true,\"valueName\":\"search_term_string\"}}],\"inLanguage\":\"en-US\"}]}<\/script>\n<!-- \/ Yoast SEO plugin. -->","yoast_head_json":{"title":"Kup APAAN online (alfa-fenyloacetoacetonitryl) - najlepsze leki na \u015bwiecie","description":"Kup APAAN (alfa-fenyloacetoacetonitryl) na sprzeda\u017c Europa, Wielka Brytania Online bez recepty. Zam\u00f3w APAAN (alfa-fenyloacetoacetonitryl) online.","robots":{"index":"index","follow":"follow","max-snippet":"max-snippet:-1","max-image-preview":"max-image-preview:large","max-video-preview":"max-video-preview:-1"},"canonical":"https:\/\/medicinasinc.com\/pl\/product\/kup-apaan-online-alfa-fenyloacetoacetonitryl\/","og_locale":"en_US","og_type":"article","og_title":"Kup APAAN online (alfa-fenyloacetoacetonitryl) - najlepsze leki na \u015bwiecie","og_description":"Kup APAAN (alfa-fenyloacetoacetonitryl) na sprzeda\u017c Europa, Wielka Brytania Online bez recepty. Zam\u00f3w APAAN (alfa-fenyloacetoacetonitryl) online.","og_url":"https:\/\/medicinasinc.com\/pl\/product\/kup-apaan-online-alfa-fenyloacetoacetonitryl\/","og_site_name":"Medicinas Inc","article_modified_time":"2022-03-22T00:43:33+00:00","og_image":[{"width":600,"height":600,"url":"https:\/\/medicinasinc.com\/pl\/wp-content\/uploads\/sites\/13\/2022\/02\/buy-apaan-alpha-phenylacetoacetonitrile.jpg","type":"image\/jpeg"}],"twitter_card":"summary_large_image","twitter_misc":{"Est. reading time":"6 minutes"},"schema":{"@context":"https:\/\/schema.org","@graph":[{"@type":"WebPage","@id":"https:\/\/medicinasinc.com\/pl\/product\/kup-apaan-online-alfa-fenyloacetoacetonitryl\/","url":"https:\/\/medicinasinc.com\/pl\/product\/kup-apaan-online-alfa-fenyloacetoacetonitryl\/","name":"Kup APAAN online (alfa-fenyloacetoacetonitryl) - najlepsze leki na \u015bwiecie","isPartOf":{"@id":"https:\/\/medicinasinc.com\/pl\/#website"},"primaryImageOfPage":{"@id":"https:\/\/medicinasinc.com\/pl\/product\/kup-apaan-online-alfa-fenyloacetoacetonitryl\/#primaryimage"},"image":{"@id":"https:\/\/medicinasinc.com\/pl\/product\/kup-apaan-online-alfa-fenyloacetoacetonitryl\/#primaryimage"},"thumbnailUrl":"https:\/\/medicinasinc.com\/pl\/wp-content\/uploads\/sites\/13\/2022\/02\/buy-apaan-alpha-phenylacetoacetonitrile.jpg","datePublished":"2022-02-22T08:03:24+00:00","dateModified":"2022-03-22T00:43:33+00:00","description":"Kup APAAN (alfa-fenyloacetoacetonitryl) na sprzeda\u017c Europa, Wielka Brytania Online bez recepty. Zam\u00f3w APAAN (alfa-fenyloacetoacetonitryl) online.","breadcrumb":{"@id":"https:\/\/medicinasinc.com\/pl\/product\/kup-apaan-online-alfa-fenyloacetoacetonitryl\/#breadcrumb"},"inLanguage":"en-US","potentialAction":[{"@type":"ReadAction","target":["https:\/\/medicinasinc.com\/pl\/product\/kup-apaan-online-alfa-fenyloacetoacetonitryl\/"]}]},{"@type":"ImageObject","inLanguage":"en-US","@id":"https:\/\/medicinasinc.com\/pl\/product\/kup-apaan-online-alfa-fenyloacetoacetonitryl\/#primaryimage","url":"https:\/\/medicinasinc.com\/pl\/wp-content\/uploads\/sites\/13\/2022\/02\/buy-apaan-alpha-phenylacetoacetonitrile.jpg","contentUrl":"https:\/\/medicinasinc.com\/pl\/wp-content\/uploads\/sites\/13\/2022\/02\/buy-apaan-alpha-phenylacetoacetonitrile.jpg","width":600,"height":600},{"@type":"BreadcrumbList","@id":"https:\/\/medicinasinc.com\/pl\/product\/kup-apaan-online-alfa-fenyloacetoacetonitryl\/#breadcrumb","itemListElement":[{"@type":"ListItem","position":1,"name":"Sklep","item":"https:\/\/medicinasinc.com\/pl\/sklep\/"},{"@type":"ListItem","position":2,"name":"Kup APAAN online (alfa-fenyloacetoacetonitryl)"}]},{"@type":"WebSite","@id":"https:\/\/medicinasinc.com\/pl\/#website","url":"https:\/\/medicinasinc.com\/pl\/","name":"Medicinas Inc","description":"Health Medical Clinic","potentialAction":[{"@type":"SearchAction","target":{"@type":"EntryPoint","urlTemplate":"https:\/\/medicinasinc.com\/pl\/?s={search_term_string}"},"query-input":{"@type":"PropertyValueSpecification","valueRequired":true,"valueName":"search_term_string"}}],"inLanguage":"en-US"}]}},"_links":{"self":[{"href":"https:\/\/medicinasinc.com\/pl\/wp-json\/wp\/v2\/product\/5890","targetHints":{"allow":["GET"]}}],"collection":[{"href":"https:\/\/medicinasinc.com\/pl\/wp-json\/wp\/v2\/product"}],"about":[{"href":"https:\/\/medicinasinc.com\/pl\/wp-json\/wp\/v2\/types\/product"}],"replies":[{"embeddable":true,"href":"https:\/\/medicinasinc.com\/pl\/wp-json\/wp\/v2\/comments?post=5890"}],"wp:featuredmedia":[{"embeddable":true,"href":"https:\/\/medicinasinc.com\/pl\/wp-json\/wp\/v2\/media\/5916"}],"wp:attachment":[{"href":"https:\/\/medicinasinc.com\/pl\/wp-json\/wp\/v2\/media?parent=5890"}],"wp:term":[{"taxonomy":"product_brand","embeddable":true,"href":"https:\/\/medicinasinc.com\/pl\/wp-json\/wp\/v2\/product_brand?post=5890"},{"taxonomy":"product_cat","embeddable":true,"href":"https:\/\/medicinasinc.com\/pl\/wp-json\/wp\/v2\/product_cat?post=5890"},{"taxonomy":"product_tag","embeddable":true,"href":"https:\/\/medicinasinc.com\/pl\/wp-json\/wp\/v2\/product_tag?post=5890"}],"curies":[{"name":"wp","href":"https:\/\/api.w.org\/{rel}","templated":true}]}}