{"id":5886,"date":"2022-02-22T07:58:50","date_gmt":"2022-02-22T07:58:50","guid":{"rendered":"https:\/\/medicinasinc.com\/pl\/?post_type=product&#038;p=5886"},"modified":"2022-03-22T00:43:42","modified_gmt":"2022-03-22T00:43:42","slug":"kup-dilaudid-4-mg","status":"publish","type":"product","link":"https:\/\/medicinasinc.com\/pl\/product\/kup-dilaudid-4-mg\/","title":{"rendered":"Kup Diaudid 4 mg"},"content":{"rendered":"<p>Kup dilaudid 4 mg w Wielkiej Brytanii i Europie w naszej internetowej aptece Global med z szybk\u0105 dostaw\u0105 mi\u0119dzynarodow\u0105! Tutaj dostaniesz najlepszy Dilaudid 4 mg do zakupu!<\/p>\n<p>Dilaudid 4 mg, Hydromorfon to narkotyczny \u015brodek przeciwb\u00f3lowy. Opioid jest czasami okre\u015blany jako narkotyk.<\/p>\n<p>Dilaudid 4 mg to lek na recept\u0119 stosowany w leczeniu b\u00f3lu o nasileniu od umiarkowanego do silnego.<\/p>\n<p>Je\u015bli kupujesz Dilaudid przez Internet, mo\u017cesz r\u00f3wnie\u017c uzyska\u0107 dawk\u0119 Informacja. Podczas pocz\u0105tkowego leczenia nale\u017cy przyjmowa\u0107 od 2 mg do 4 mg zgodnie z zaleceniami.<\/p>\n<p>Ten lek jest dost\u0119pny w postaci o przed\u0142u\u017conym uwalnianiu do leczenia b\u00f3lu o nasileniu od umiarkowanego do silnego przez 24 godziny na dob\u0119. Ta posta\u0107 dawkowania leku Dilaudid 4 mg nie jest przeznaczona do stosowania w razie potrzeby w przypadku b\u00f3lu.<\/p>\n<p>Hydromorfon Dilaudid 4 mg mo\u017ce by\u0107 r\u00f3wnie\u017c stosowany do innych zastosowa\u0144 nieuwzgl\u0119dnionych w tym przewodniku po lekach.<\/p>\n<p>Co to najwa\u017cniejsza informacja, o kt\u00f3rej powinienem wiedzie\u0107 w odniesieniu do hydromorfonu?<\/p>\n<p>Je\u015bli masz powa\u017cne problemy z oddychaniem lub niedro\u017cno\u015b\u0107 \u017co\u0142\u0105dka lub jelit, nie powiniene\u015b u\u017cywa\u0107 hydromorfonu.<\/p>\n<p>4 mg dilaudid Hydromorfon mo\u017ce powodowa\u0107 gwa\u0142towne lub ca\u0142kowite ustanie oddychania i mo\u017ce by\u0107 nawykiem. Aby unikn\u0105\u0107 potencjalnie \u015bmiertelnej dawki, we\u017a tylko przepisan\u0105 dawk\u0119 i po\u0142knij ca\u0142\u0105 tabletk\u0119 o przed\u0142u\u017conym uwalnianiu. Nigdy nie podawaj Dilaudid 4 mg innej osobie.<\/p>\n<p>&nbsp;<\/p>\n<p>NIEW\u0141A\u015aCIWE STOSOWANIE LEK\u00d3W NARKOTYCZNYCH MO\u017bE SPOWODOWA\u0106 UZALE\u017bNIENIE, PRZEDAZOWANIE LUB \u015aMIER\u0106, szczeg\u00f3lnie u dzieci lub innych os\u00f3b, kt\u00f3re otrzymuj\u0105 lek bez na recept\u0119.<\/p>\n<p>Je\u015bli matka przyjmowa\u0142a Dilaudid 4 mg w czasie ci\u0105\u017cy, u noworodka mog\u0105 wyst\u0105pi\u0107 zagra\u017caj\u0105ce \u017cyciu objawy odstawienia.<\/p>\n<p>Nie spo\u017cywaj napoj\u00f3w alkoholowych.<\/p>\n<p>Tam jest mo\u017cliwo\u015b\u0107 wyst\u0105pienia niebezpiecznych dzia\u0142a\u0144 niepo\u017c\u0105danych, w tym \u015bmierci.<\/p>\n<p>O czym powinienem porozmawia\u0107 z moim lekarzem przed rozpocz\u0119ciem leczenia hydromorfonem?<\/p>\n<p>Nie nale\u017cy przyjmowa\u0107 tego leku, je\u015bli kiedykolwiek mia\u0142e\u015b niepo\u017c\u0105dana reakcja na hydromorfon lub jakikolwiek inny lek narkotyczny lub je\u015bli masz kt\u00f3rykolwiek z nast\u0119puj\u0105cych stan\u00f3w:<\/p>\n<p>ci\u0119\u017cka astma lub trudno\u015bci w oddychaniu; niedro\u017cno\u015b\u0107 \u017co\u0142\u0105dka lub jelit; lub pora\u017cenna niedro\u017cno\u015b\u0107 jelit, niedro\u017cno\u015b\u0107 jelit.<\/p>\n<p>Je\u015bli stosowa\u0142e\u015b inhibitor MAO w ci\u0105gu ostatnich 14 dni, nie za\u017cywaj Dilaudid 4 mg hydromorfonu. Mo\u017ce wyst\u0105pi\u0107 potencjalnie szkodliwa interakcja z lekami. Izokarboksazyd, linezolid, zastrzyk b\u0142\u0119kitu metylenowego, fenelzyna, rasagilina, selegilina i tranylcypromina s\u0105 inhibitorami MAO.<\/p>\n<p>Niekt\u00f3re leki mog\u0105 wchodzi\u0107 w interakcje z hydromorfonem, powoduj\u0105c potencjalnie \u015bmierteln\u0105 chorob\u0119 zwan\u0105 zespo\u0142em serotoninowym. Upewnij si\u0119, \u017ce Tw\u00f3j lekarz wie o wszelkich lekach, kt\u00f3re przyjmujesz na depresj\u0119, choroby psychiczne, chorob\u0119 Parkinsona, migrenowe b\u00f3le g\u0142owy, powa\u017cne infekcje lub zapobieganie nudno\u015bciom i wymiotom. Skonsultuj si\u0119 z lekarzem przed wprowadzeniem jakichkolwiek zmian w sposobie lub cz\u0119stotliwo\u015bci przyjmowania lek\u00f3w.<\/p>\n<p>Mo\u017cesz nie by\u0107 w stanie za\u017cywa\u0107 produktu Dilaudid 4 mg hydromorfonu, je\u015bli obecnie nie stosujesz opioidowych (narkotycznych) lek\u00f3w przeciwb\u00f3lowych i s\u0105 wobec tego tolerancyjni. Skonsultuj si\u0119 z lekarzem, je\u015bli nie masz pewno\u015bci, czy tolerujesz opioidy.<\/p>\n<p>Aby upewni\u0107 si\u0119, \u017ce hydromorfon jest dla Ciebie bezpieczny, poinformuj swojego lekarza, je\u015bli masz kt\u00f3rykolwiek z poni\u017cszych objaw\u00f3w:<\/p>\n<p>dowolny rodzaj trudno\u015bci w oddychaniu lub choroby p\u0142uc; historia wstrz\u0105su m\u00f3zgu, guza m\u00f3zgu lub drgawek; historia nadu\u017cywania substancji, alkoholizmu lub choroby psychicznej; problemy z oddawaniem moczu; choroba w\u0105troby lub nerek; alergia na siarczyny; choroba Addisona lub inne zaburzenia nadnerczy; problemy z p\u0119cherzykiem \u017c\u00f3\u0142ciowym, trzustk\u0105 lub tarczyc\u0105; lub je\u015bli bierzesz \u015brodki uspokajaj\u0105ce, takie jak Valium (diazepam, alprazolam, lorazepam, Ativan, Klonopin, Restoril, Tranxene, Versed, Xanax i inne).<\/p>\n","protected":false},"excerpt":{"rendered":"<p>Kup dilaudid 4 mg na sprzeda\u017c w Wielkiej Brytanii, Europie w naszym sklepie internetowym Best Global meds z szybk\u0105 dostaw\u0105 na ca\u0142y \u015bwiat! Najlepszy Dilaudid 4 mg do zam\u00f3wienia znajdziesz tutaj!<\/p>\n<p>Dilaudid 4 mg, hydromorfon mo\u017ce powodowa\u0107 spowolnienie lub zatrzymanie oddychania i mo\u017ce rozwin\u0105\u0107 si\u0119 w nawyk. Aby unikn\u0105\u0107 potencjalnie \u015bmiertelnej dawki, we\u017a tylko przepisan\u0105 dawk\u0119 i po\u0142knij ca\u0142\u0105 tabletk\u0119 o przed\u0142u\u017conym uwalnianiu. Nigdy nie podawaj innej osobie Dilaudid 4 mg.<\/p>\n","protected":false},"featured_media":5911,"comment_status":"open","ping_status":"closed","template":"","meta":[],"product_brand":[],"product_cat":[1117],"product_tag":[4045,4051,4047,4049,4050,4046,4048],"class_list":{"0":"post-5886","1":"product","2":"type-product","3":"status-publish","4":"has-post-thumbnail","6":"product_cat-kup-tabletki-na-bol-spanie-seks","7":"product_tag-buy-dilaudid-4-mg-online","8":"product_tag-gdzie-kupi-dilaudid-4-mg-online","9":"product_tag-how-to-buy-dilaudid-4-mg-online","10":"product_tag-zakup-dilaudid-4-mg-online","11":"product_tag-najlepsze-miejsce-do-kupowania-dilaudid-4-mg-online","12":"product_tag-dilaudid-4-mg-na-sprzeda","13":"product_tag-zamw-dilaudid-4-mg-online","15":"first","16":"instock","17":"featured","18":"shipping-taxable","19":"purchasable","20":"product-type-variable","21":"has-default-attributes"},"yoast_head":"<!-- This site is optimized with the Yoast SEO plugin v27.3 - https:\/\/yoast.com\/product\/yoast-seo-wordpress\/ -->\n<title>Kup Dilaudid 4 mg - Najlepsze najlepsze \u015bwiatowe leki<\/title>\n<meta name=\"description\" content=\"Kup dilaudid 4 mg na sprzeda\u017c w Wielkiej Brytanii, Europie w naszym sklepie internetowym Best Global meds z szybk\u0105 dostaw\u0105 na ca\u0142y \u015bwiat! Najlepszy Dilaudid 4 mg na zam\u00f3wienie znajdziesz tutaj!\" \/>\n<meta name=\"robots\" content=\"index, follow, max-snippet:-1, max-image-preview:large, max-video-preview:-1\" \/>\n<link rel=\"canonical\" href=\"https:\/\/medicinasinc.com\/pl\/product\/kup-dilaudid-4-mg\/\" \/>\n<meta property=\"og:locale\" content=\"en_US\" \/>\n<meta property=\"og:type\" content=\"article\" \/>\n<meta property=\"og:title\" content=\"Kup Dilaudid 4 mg - Najlepsze najlepsze \u015bwiatowe leki\" \/>\n<meta property=\"og:description\" content=\"Kup dilaudid 4 mg na sprzeda\u017c w Wielkiej Brytanii, Europie w naszym sklepie internetowym Best Global meds z szybk\u0105 dostaw\u0105 na ca\u0142y \u015bwiat! Najlepszy Dilaudid 4 mg na zam\u00f3wienie znajdziesz tutaj!\" \/>\n<meta property=\"og:url\" content=\"https:\/\/medicinasinc.com\/pl\/product\/kup-dilaudid-4-mg\/\" \/>\n<meta property=\"og:site_name\" content=\"Medicinas Inc\" \/>\n<meta property=\"article:modified_time\" content=\"2022-03-22T00:43:42+00:00\" \/>\n<meta property=\"og:image\" content=\"https:\/\/medicinasinc.com\/pl\/wp-content\/uploads\/sites\/13\/2022\/02\/Buy-Dilaudid-4-mg.jpg\" \/>\n\t<meta property=\"og:image:width\" content=\"720\" \/>\n\t<meta property=\"og:image:height\" content=\"445\" \/>\n\t<meta property=\"og:image:type\" content=\"image\/jpeg\" \/>\n<meta name=\"twitter:card\" content=\"summary_large_image\" \/>\n<meta name=\"twitter:label1\" content=\"Est. reading time\" \/>\n\t<meta name=\"twitter:data1\" content=\"3 minutes\" \/>\n<script type=\"application\/ld+json\" class=\"yoast-schema-graph\">{\"@context\":\"https:\\\/\\\/schema.org\",\"@graph\":[{\"@type\":\"WebPage\",\"@id\":\"https:\\\/\\\/medicinasinc.com\\\/pl\\\/product\\\/kup-dilaudid-4-mg\\\/\",\"url\":\"https:\\\/\\\/medicinasinc.com\\\/pl\\\/product\\\/kup-dilaudid-4-mg\\\/\",\"name\":\"Kup Dilaudid 4 mg - Najlepsze najlepsze \u015bwiatowe leki\",\"isPartOf\":{\"@id\":\"https:\\\/\\\/medicinasinc.com\\\/pl\\\/#website\"},\"primaryImageOfPage\":{\"@id\":\"https:\\\/\\\/medicinasinc.com\\\/pl\\\/product\\\/kup-dilaudid-4-mg\\\/#primaryimage\"},\"image\":{\"@id\":\"https:\\\/\\\/medicinasinc.com\\\/pl\\\/product\\\/kup-dilaudid-4-mg\\\/#primaryimage\"},\"thumbnailUrl\":\"https:\\\/\\\/medicinasinc.com\\\/pl\\\/wp-content\\\/uploads\\\/sites\\\/13\\\/2022\\\/02\\\/Buy-Dilaudid-4-mg.jpg\",\"datePublished\":\"2022-02-22T07:58:50+00:00\",\"dateModified\":\"2022-03-22T00:43:42+00:00\",\"description\":\"Kup dilaudid 4 mg na sprzeda\u017c w Wielkiej Brytanii, Europie w naszym sklepie internetowym Best Global meds z szybk\u0105 dostaw\u0105 na ca\u0142y \u015bwiat! Najlepszy Dilaudid 4 mg na zam\u00f3wienie znajdziesz tutaj!\",\"breadcrumb\":{\"@id\":\"https:\\\/\\\/medicinasinc.com\\\/pl\\\/product\\\/kup-dilaudid-4-mg\\\/#breadcrumb\"},\"inLanguage\":\"en-US\",\"potentialAction\":[{\"@type\":\"ReadAction\",\"target\":[\"https:\\\/\\\/medicinasinc.com\\\/pl\\\/product\\\/kup-dilaudid-4-mg\\\/\"]}]},{\"@type\":\"ImageObject\",\"inLanguage\":\"en-US\",\"@id\":\"https:\\\/\\\/medicinasinc.com\\\/pl\\\/product\\\/kup-dilaudid-4-mg\\\/#primaryimage\",\"url\":\"https:\\\/\\\/medicinasinc.com\\\/pl\\\/wp-content\\\/uploads\\\/sites\\\/13\\\/2022\\\/02\\\/Buy-Dilaudid-4-mg.jpg\",\"contentUrl\":\"https:\\\/\\\/medicinasinc.com\\\/pl\\\/wp-content\\\/uploads\\\/sites\\\/13\\\/2022\\\/02\\\/Buy-Dilaudid-4-mg.jpg\",\"width\":720,\"height\":445},{\"@type\":\"BreadcrumbList\",\"@id\":\"https:\\\/\\\/medicinasinc.com\\\/pl\\\/product\\\/kup-dilaudid-4-mg\\\/#breadcrumb\",\"itemListElement\":[{\"@type\":\"ListItem\",\"position\":1,\"name\":\"Sklep\",\"item\":\"https:\\\/\\\/medicinasinc.com\\\/pl\\\/sklep\\\/\"},{\"@type\":\"ListItem\",\"position\":2,\"name\":\"Kup Diaudid 4 mg\"}]},{\"@type\":\"WebSite\",\"@id\":\"https:\\\/\\\/medicinasinc.com\\\/pl\\\/#website\",\"url\":\"https:\\\/\\\/medicinasinc.com\\\/pl\\\/\",\"name\":\"Medicinas Inc\",\"description\":\"Health Medical Clinic\",\"potentialAction\":[{\"@type\":\"SearchAction\",\"target\":{\"@type\":\"EntryPoint\",\"urlTemplate\":\"https:\\\/\\\/medicinasinc.com\\\/pl\\\/?s={search_term_string}\"},\"query-input\":{\"@type\":\"PropertyValueSpecification\",\"valueRequired\":true,\"valueName\":\"search_term_string\"}}],\"inLanguage\":\"en-US\"}]}<\/script>\n<!-- \/ Yoast SEO plugin. -->","yoast_head_json":{"title":"Kup Dilaudid 4 mg - Najlepsze najlepsze \u015bwiatowe leki","description":"Kup dilaudid 4 mg na sprzeda\u017c w Wielkiej Brytanii, Europie w naszym sklepie internetowym Best Global meds z szybk\u0105 dostaw\u0105 na ca\u0142y \u015bwiat! Najlepszy Dilaudid 4 mg na zam\u00f3wienie znajdziesz tutaj!","robots":{"index":"index","follow":"follow","max-snippet":"max-snippet:-1","max-image-preview":"max-image-preview:large","max-video-preview":"max-video-preview:-1"},"canonical":"https:\/\/medicinasinc.com\/pl\/product\/kup-dilaudid-4-mg\/","og_locale":"en_US","og_type":"article","og_title":"Kup Dilaudid 4 mg - Najlepsze najlepsze \u015bwiatowe leki","og_description":"Kup dilaudid 4 mg na sprzeda\u017c w Wielkiej Brytanii, Europie w naszym sklepie internetowym Best Global meds z szybk\u0105 dostaw\u0105 na ca\u0142y \u015bwiat! Najlepszy Dilaudid 4 mg na zam\u00f3wienie znajdziesz tutaj!","og_url":"https:\/\/medicinasinc.com\/pl\/product\/kup-dilaudid-4-mg\/","og_site_name":"Medicinas Inc","article_modified_time":"2022-03-22T00:43:42+00:00","og_image":[{"width":720,"height":445,"url":"https:\/\/medicinasinc.com\/pl\/wp-content\/uploads\/sites\/13\/2022\/02\/Buy-Dilaudid-4-mg.jpg","type":"image\/jpeg"}],"twitter_card":"summary_large_image","twitter_misc":{"Est. reading time":"3 minutes"},"schema":{"@context":"https:\/\/schema.org","@graph":[{"@type":"WebPage","@id":"https:\/\/medicinasinc.com\/pl\/product\/kup-dilaudid-4-mg\/","url":"https:\/\/medicinasinc.com\/pl\/product\/kup-dilaudid-4-mg\/","name":"Kup Dilaudid 4 mg - Najlepsze najlepsze \u015bwiatowe leki","isPartOf":{"@id":"https:\/\/medicinasinc.com\/pl\/#website"},"primaryImageOfPage":{"@id":"https:\/\/medicinasinc.com\/pl\/product\/kup-dilaudid-4-mg\/#primaryimage"},"image":{"@id":"https:\/\/medicinasinc.com\/pl\/product\/kup-dilaudid-4-mg\/#primaryimage"},"thumbnailUrl":"https:\/\/medicinasinc.com\/pl\/wp-content\/uploads\/sites\/13\/2022\/02\/Buy-Dilaudid-4-mg.jpg","datePublished":"2022-02-22T07:58:50+00:00","dateModified":"2022-03-22T00:43:42+00:00","description":"Kup dilaudid 4 mg na sprzeda\u017c w Wielkiej Brytanii, Europie w naszym sklepie internetowym Best Global meds z szybk\u0105 dostaw\u0105 na ca\u0142y \u015bwiat! Najlepszy Dilaudid 4 mg na zam\u00f3wienie znajdziesz tutaj!","breadcrumb":{"@id":"https:\/\/medicinasinc.com\/pl\/product\/kup-dilaudid-4-mg\/#breadcrumb"},"inLanguage":"en-US","potentialAction":[{"@type":"ReadAction","target":["https:\/\/medicinasinc.com\/pl\/product\/kup-dilaudid-4-mg\/"]}]},{"@type":"ImageObject","inLanguage":"en-US","@id":"https:\/\/medicinasinc.com\/pl\/product\/kup-dilaudid-4-mg\/#primaryimage","url":"https:\/\/medicinasinc.com\/pl\/wp-content\/uploads\/sites\/13\/2022\/02\/Buy-Dilaudid-4-mg.jpg","contentUrl":"https:\/\/medicinasinc.com\/pl\/wp-content\/uploads\/sites\/13\/2022\/02\/Buy-Dilaudid-4-mg.jpg","width":720,"height":445},{"@type":"BreadcrumbList","@id":"https:\/\/medicinasinc.com\/pl\/product\/kup-dilaudid-4-mg\/#breadcrumb","itemListElement":[{"@type":"ListItem","position":1,"name":"Sklep","item":"https:\/\/medicinasinc.com\/pl\/sklep\/"},{"@type":"ListItem","position":2,"name":"Kup Diaudid 4 mg"}]},{"@type":"WebSite","@id":"https:\/\/medicinasinc.com\/pl\/#website","url":"https:\/\/medicinasinc.com\/pl\/","name":"Medicinas Inc","description":"Health Medical Clinic","potentialAction":[{"@type":"SearchAction","target":{"@type":"EntryPoint","urlTemplate":"https:\/\/medicinasinc.com\/pl\/?s={search_term_string}"},"query-input":{"@type":"PropertyValueSpecification","valueRequired":true,"valueName":"search_term_string"}}],"inLanguage":"en-US"}]}},"_links":{"self":[{"href":"https:\/\/medicinasinc.com\/pl\/wp-json\/wp\/v2\/product\/5886","targetHints":{"allow":["GET"]}}],"collection":[{"href":"https:\/\/medicinasinc.com\/pl\/wp-json\/wp\/v2\/product"}],"about":[{"href":"https:\/\/medicinasinc.com\/pl\/wp-json\/wp\/v2\/types\/product"}],"replies":[{"embeddable":true,"href":"https:\/\/medicinasinc.com\/pl\/wp-json\/wp\/v2\/comments?post=5886"}],"wp:featuredmedia":[{"embeddable":true,"href":"https:\/\/medicinasinc.com\/pl\/wp-json\/wp\/v2\/media\/5911"}],"wp:attachment":[{"href":"https:\/\/medicinasinc.com\/pl\/wp-json\/wp\/v2\/media?parent=5886"}],"wp:term":[{"taxonomy":"product_brand","embeddable":true,"href":"https:\/\/medicinasinc.com\/pl\/wp-json\/wp\/v2\/product_brand?post=5886"},{"taxonomy":"product_cat","embeddable":true,"href":"https:\/\/medicinasinc.com\/pl\/wp-json\/wp\/v2\/product_cat?post=5886"},{"taxonomy":"product_tag","embeddable":true,"href":"https:\/\/medicinasinc.com\/pl\/wp-json\/wp\/v2\/product_tag?post=5886"}],"curies":[{"name":"wp","href":"https:\/\/api.w.org\/{rel}","templated":true}]}}