{"id":5875,"date":"2022-02-22T07:46:55","date_gmt":"2022-02-22T07:46:55","guid":{"rendered":"https:\/\/medicinasinc.com\/pl\/?post_type=product&#038;p=5875"},"modified":"2022-03-22T00:44:04","modified_gmt":"2022-03-22T00:44:04","slug":"kup-gamma-butyrolakton","status":"publish","type":"product","link":"https:\/\/medicinasinc.com\/pl\/product\/kup-gamma-butyrolakton\/","title":{"rendered":"Kup Gamma-Butyrolakton"},"content":{"rendered":"<p>Gamma-butyrolakton (-butyrolakton lub GBL) to bia\u0142a higroskopijna ciecz o s\u0142abym charakterystycznym zapachu, kt\u00f3ra jest rozpuszczalna w wodzie. GBL jest szeroko stosowanym rozpuszczalnikiem i odczynnikiem w chemii, a tak\u017ce \u015brodkiem aromatyzuj\u0105cym, rozpuszczalnikiem czyszcz\u0105cym, zmywaczem superglue i rozpuszczalnikiem w niekt\u00f3rych mokrych aluminiowych kondensatorach elektrolitycznych.<\/p>\n<p>Zakup gamma-butyrolakton (GBL) 1,0 mg\/ml w wzorcach odniesienia acetonitrylu pochodz\u0105cych z GHB i podobnych zwi\u0105zk\u00f3w. Do kupienia online<\/p>\n<p>Gamma butyrolakton na sprzeda\u017c online, gbl (gamma-butyrolakton) na sprzeda\u017c, gamma butyrolakton na sprzeda\u017c w Wielkiej Brytanii, gamma butyrolakton na sprzeda\u017c<\/p>\n<p>Dzia\u0142a jako prekursor GHB u ludzi i jest u\u017cywany jako rekreacyjny \u015brodek odurzaj\u0105cy o dzia\u0142aniu por\u00f3wnywalnym do alkoholu.<\/p>\n<p>GBL zosta\u0142 wykryty w ekstraktach z pr\u00f3bek czystego wina. Z bada\u0144 tych wynika, \u017ce \u200b\u200bGBL wyst\u0119puje naturalnie w niekt\u00f3rych winach i mo\u017ce by\u0107 obecny w por\u00f3wnywalnych produktach. Odkryte st\u0119\u017cenie wynosi\u0142o oko\u0142o 5 g\/ml, co zosta\u0142o po prostu okre\u015blone za pomoc\u0105 prostej metody ekstrakcji, a nast\u0119pnie analizy GC\/MS.<\/p>\n<p>GBL mo\u017cna wykry\u0107 w aromatach serowych, jednak ko\u0144cowy produkt spo\u017cywczy ma zwykle mniej ni\u017c 0,0002 procent GBL.<\/p>\n<p>GBL jest klasyfikowany jako lakton. Jest hydrolizowany do gamma-hydroksyma\u015blanu sodu, soli sodowej kwasu gamma-hydroksymas\u0142owego, w warunkach zasadowych, na przyk\u0142ad w roztworze wodorotlenku sodu. Generuje r\u00f3wnowagow\u0105 kombinacj\u0119 obu substancji chemicznych w \u015brodowisku kwa\u015bnym. Nast\u0119pnie te chemikalia mog\u0105 si\u0119 \u0142\u0105czy\u0107, tworz\u0105c polimer. Gdy stosuje si\u0119 zasad\u0119 nienukleofilow\u0105, tak\u0105 jak diizopropyloamidek litu,<\/p>\n<p>GBL mo\u017ce dzia\u0142a\u0107 jako nukleofil z w\u0119glem alfa. Kaprolakton, podobna substancja chemiczna, mo\u017ce by\u0107 wykorzystany w ten spos\u00f3b do wytworzenia poliestru.<\/p>\n<p>GBL nie jest substancj\u0105 czynn\u0105 sam\u0105 w sobie; jego mechanizm dzia\u0142ania wywodzi si\u0119 z jego statusu proleku GHB. Hipnotyczny efekt GHB jest wzmacniany w po\u0142\u0105czeniu z alkoholem. W badaniu na szczurach z 2003 r. stwierdzono, \u017ce GBL ma nasilony efekt hipnotyczny w po\u0142\u0105czeniu z etanolem, poniewa\u017c miara czasu snu by\u0142a d\u0142u\u017csza ni\u017c suma dw\u00f3ch niezale\u017cnych sk\u0142adnik\u00f3w.<\/p>\n","protected":false},"excerpt":{"rendered":"<p>Gamma-butyrolakton mo\u017cna kupi\u0107 od zaufanych dostawc\u00f3w i wsp\u00f3\u0142pracujemy z tymi dostawcami, aby uzyska\u0107 dost\u0119p do zakupu gamma-butyrolaktonu na sprzeda\u017c w Wielkiej Brytanii, Europie<\/p>\n<p>Wszystkie pirolidony s\u0105 syntetyzowane przy u\u017cyciu GBL jako po\u015brednika chemicznego . Mo\u017ce by\u0107 u\u017cywany do produkcji insektycyd\u00f3w, herbicyd\u00f3w i regulator\u00f3w wzrostu dla ro\u015blin.<\/p>\n","protected":false},"featured_media":5885,"comment_status":"open","ping_status":"closed","template":"","meta":[],"product_brand":[],"product_cat":[2014],"product_tag":[4032,4037,4033,4031,4036,4035,4034],"class_list":{"0":"post-5875","1":"product","2":"type-product","3":"status-publish","4":"has-post-thumbnail","6":"product_cat-kup-badania-chemikalia","7":"product_tag-gamma-butyrolakton-na-sprzeda","8":"product_tag-gdzie-kupi-gamma-butyrolakton-online","9":"product_tag-how-to-buy-gamma-butyrolactone-online","10":"product_tag-kup-gamma-butyrolakton-online","11":"product_tag-najlepsze-miejsce-kupowania-gamma-butyrolaktonu-online","12":"product_tag-purchase-gamma-butyrolactone-online","13":"product_tag-zamw-gamma-butyrolakton-online","15":"first","16":"instock","17":"featured","18":"shipping-taxable","19":"purchasable","20":"product-type-variable"},"yoast_head":"<!-- This site is optimized with the Yoast SEO plugin v27.3 - https:\/\/yoast.com\/product\/yoast-seo-wordpress\/ -->\n<title>Kup Gamma-Butyrolakton - Najlepsze najlepsze globalne leki<\/title>\n<meta name=\"description\" content=\"Gamma-butyrolakton mo\u017cna kupi\u0107 od zaufanych dostawc\u00f3w i wsp\u00f3\u0142pracujemy z tymi dostawcami, aby uzyska\u0107 dost\u0119p do zakupu gamma-butyrolaktonu na sprzeda\u017c w Wielkiej Brytanii, Europie\" \/>\n<meta name=\"robots\" content=\"index, follow, max-snippet:-1, max-image-preview:large, max-video-preview:-1\" \/>\n<link rel=\"canonical\" href=\"https:\/\/medicinasinc.com\/pl\/product\/kup-gamma-butyrolakton\/\" \/>\n<meta property=\"og:locale\" content=\"en_US\" \/>\n<meta property=\"og:type\" content=\"article\" \/>\n<meta property=\"og:title\" content=\"Kup Gamma-Butyrolakton - Najlepsze najlepsze globalne leki\" \/>\n<meta property=\"og:description\" content=\"Gamma-butyrolakton mo\u017cna kupi\u0107 od zaufanych dostawc\u00f3w i wsp\u00f3\u0142pracujemy z tymi dostawcami, aby uzyska\u0107 dost\u0119p do zakupu gamma-butyrolaktonu na sprzeda\u017c w Wielkiej Brytanii, Europie\" \/>\n<meta property=\"og:url\" content=\"https:\/\/medicinasinc.com\/pl\/product\/kup-gamma-butyrolakton\/\" \/>\n<meta property=\"og:site_name\" content=\"Medicinas Inc\" \/>\n<meta property=\"article:modified_time\" content=\"2022-03-22T00:44:04+00:00\" \/>\n<meta property=\"og:image\" content=\"https:\/\/medicinasinc.com\/pl\/wp-content\/uploads\/sites\/13\/2022\/02\/Buy-Gamma-Butyrolactone.jpg\" \/>\n\t<meta property=\"og:image:width\" content=\"500\" \/>\n\t<meta property=\"og:image:height\" content=\"500\" \/>\n\t<meta property=\"og:image:type\" content=\"image\/jpeg\" \/>\n<meta name=\"twitter:card\" content=\"summary_large_image\" \/>\n<meta name=\"twitter:label1\" content=\"Est. reading time\" \/>\n\t<meta name=\"twitter:data1\" content=\"2 minutes\" \/>\n<script type=\"application\/ld+json\" class=\"yoast-schema-graph\">{\"@context\":\"https:\\\/\\\/schema.org\",\"@graph\":[{\"@type\":\"WebPage\",\"@id\":\"https:\\\/\\\/medicinasinc.com\\\/pl\\\/product\\\/kup-gamma-butyrolakton\\\/\",\"url\":\"https:\\\/\\\/medicinasinc.com\\\/pl\\\/product\\\/kup-gamma-butyrolakton\\\/\",\"name\":\"Kup Gamma-Butyrolakton - Najlepsze najlepsze globalne leki\",\"isPartOf\":{\"@id\":\"https:\\\/\\\/medicinasinc.com\\\/pl\\\/#website\"},\"primaryImageOfPage\":{\"@id\":\"https:\\\/\\\/medicinasinc.com\\\/pl\\\/product\\\/kup-gamma-butyrolakton\\\/#primaryimage\"},\"image\":{\"@id\":\"https:\\\/\\\/medicinasinc.com\\\/pl\\\/product\\\/kup-gamma-butyrolakton\\\/#primaryimage\"},\"thumbnailUrl\":\"https:\\\/\\\/medicinasinc.com\\\/pl\\\/wp-content\\\/uploads\\\/sites\\\/13\\\/2022\\\/02\\\/Buy-Gamma-Butyrolactone.jpg\",\"datePublished\":\"2022-02-22T07:46:55+00:00\",\"dateModified\":\"2022-03-22T00:44:04+00:00\",\"description\":\"Gamma-butyrolakton mo\u017cna kupi\u0107 od zaufanych dostawc\u00f3w i wsp\u00f3\u0142pracujemy z tymi dostawcami, aby uzyska\u0107 dost\u0119p do zakupu gamma-butyrolaktonu na sprzeda\u017c w Wielkiej Brytanii, Europie\",\"breadcrumb\":{\"@id\":\"https:\\\/\\\/medicinasinc.com\\\/pl\\\/product\\\/kup-gamma-butyrolakton\\\/#breadcrumb\"},\"inLanguage\":\"en-US\",\"potentialAction\":[{\"@type\":\"ReadAction\",\"target\":[\"https:\\\/\\\/medicinasinc.com\\\/pl\\\/product\\\/kup-gamma-butyrolakton\\\/\"]}]},{\"@type\":\"ImageObject\",\"inLanguage\":\"en-US\",\"@id\":\"https:\\\/\\\/medicinasinc.com\\\/pl\\\/product\\\/kup-gamma-butyrolakton\\\/#primaryimage\",\"url\":\"https:\\\/\\\/medicinasinc.com\\\/pl\\\/wp-content\\\/uploads\\\/sites\\\/13\\\/2022\\\/02\\\/Buy-Gamma-Butyrolactone.jpg\",\"contentUrl\":\"https:\\\/\\\/medicinasinc.com\\\/pl\\\/wp-content\\\/uploads\\\/sites\\\/13\\\/2022\\\/02\\\/Buy-Gamma-Butyrolactone.jpg\",\"width\":500,\"height\":500},{\"@type\":\"BreadcrumbList\",\"@id\":\"https:\\\/\\\/medicinasinc.com\\\/pl\\\/product\\\/kup-gamma-butyrolakton\\\/#breadcrumb\",\"itemListElement\":[{\"@type\":\"ListItem\",\"position\":1,\"name\":\"Sklep\",\"item\":\"https:\\\/\\\/medicinasinc.com\\\/pl\\\/sklep\\\/\"},{\"@type\":\"ListItem\",\"position\":2,\"name\":\"Kup Gamma-Butyrolakton\"}]},{\"@type\":\"WebSite\",\"@id\":\"https:\\\/\\\/medicinasinc.com\\\/pl\\\/#website\",\"url\":\"https:\\\/\\\/medicinasinc.com\\\/pl\\\/\",\"name\":\"Medicinas Inc\",\"description\":\"Health Medical Clinic\",\"potentialAction\":[{\"@type\":\"SearchAction\",\"target\":{\"@type\":\"EntryPoint\",\"urlTemplate\":\"https:\\\/\\\/medicinasinc.com\\\/pl\\\/?s={search_term_string}\"},\"query-input\":{\"@type\":\"PropertyValueSpecification\",\"valueRequired\":true,\"valueName\":\"search_term_string\"}}],\"inLanguage\":\"en-US\"}]}<\/script>\n<!-- \/ Yoast SEO plugin. -->","yoast_head_json":{"title":"Kup Gamma-Butyrolakton - Najlepsze najlepsze globalne leki","description":"Gamma-butyrolakton mo\u017cna kupi\u0107 od zaufanych dostawc\u00f3w i wsp\u00f3\u0142pracujemy z tymi dostawcami, aby uzyska\u0107 dost\u0119p do zakupu gamma-butyrolaktonu na sprzeda\u017c w Wielkiej Brytanii, Europie","robots":{"index":"index","follow":"follow","max-snippet":"max-snippet:-1","max-image-preview":"max-image-preview:large","max-video-preview":"max-video-preview:-1"},"canonical":"https:\/\/medicinasinc.com\/pl\/product\/kup-gamma-butyrolakton\/","og_locale":"en_US","og_type":"article","og_title":"Kup Gamma-Butyrolakton - Najlepsze najlepsze globalne leki","og_description":"Gamma-butyrolakton mo\u017cna kupi\u0107 od zaufanych dostawc\u00f3w i wsp\u00f3\u0142pracujemy z tymi dostawcami, aby uzyska\u0107 dost\u0119p do zakupu gamma-butyrolaktonu na sprzeda\u017c w Wielkiej Brytanii, Europie","og_url":"https:\/\/medicinasinc.com\/pl\/product\/kup-gamma-butyrolakton\/","og_site_name":"Medicinas Inc","article_modified_time":"2022-03-22T00:44:04+00:00","og_image":[{"width":500,"height":500,"url":"https:\/\/medicinasinc.com\/pl\/wp-content\/uploads\/sites\/13\/2022\/02\/Buy-Gamma-Butyrolactone.jpg","type":"image\/jpeg"}],"twitter_card":"summary_large_image","twitter_misc":{"Est. reading time":"2 minutes"},"schema":{"@context":"https:\/\/schema.org","@graph":[{"@type":"WebPage","@id":"https:\/\/medicinasinc.com\/pl\/product\/kup-gamma-butyrolakton\/","url":"https:\/\/medicinasinc.com\/pl\/product\/kup-gamma-butyrolakton\/","name":"Kup Gamma-Butyrolakton - Najlepsze najlepsze globalne leki","isPartOf":{"@id":"https:\/\/medicinasinc.com\/pl\/#website"},"primaryImageOfPage":{"@id":"https:\/\/medicinasinc.com\/pl\/product\/kup-gamma-butyrolakton\/#primaryimage"},"image":{"@id":"https:\/\/medicinasinc.com\/pl\/product\/kup-gamma-butyrolakton\/#primaryimage"},"thumbnailUrl":"https:\/\/medicinasinc.com\/pl\/wp-content\/uploads\/sites\/13\/2022\/02\/Buy-Gamma-Butyrolactone.jpg","datePublished":"2022-02-22T07:46:55+00:00","dateModified":"2022-03-22T00:44:04+00:00","description":"Gamma-butyrolakton mo\u017cna kupi\u0107 od zaufanych dostawc\u00f3w i wsp\u00f3\u0142pracujemy z tymi dostawcami, aby uzyska\u0107 dost\u0119p do zakupu gamma-butyrolaktonu na sprzeda\u017c w Wielkiej Brytanii, Europie","breadcrumb":{"@id":"https:\/\/medicinasinc.com\/pl\/product\/kup-gamma-butyrolakton\/#breadcrumb"},"inLanguage":"en-US","potentialAction":[{"@type":"ReadAction","target":["https:\/\/medicinasinc.com\/pl\/product\/kup-gamma-butyrolakton\/"]}]},{"@type":"ImageObject","inLanguage":"en-US","@id":"https:\/\/medicinasinc.com\/pl\/product\/kup-gamma-butyrolakton\/#primaryimage","url":"https:\/\/medicinasinc.com\/pl\/wp-content\/uploads\/sites\/13\/2022\/02\/Buy-Gamma-Butyrolactone.jpg","contentUrl":"https:\/\/medicinasinc.com\/pl\/wp-content\/uploads\/sites\/13\/2022\/02\/Buy-Gamma-Butyrolactone.jpg","width":500,"height":500},{"@type":"BreadcrumbList","@id":"https:\/\/medicinasinc.com\/pl\/product\/kup-gamma-butyrolakton\/#breadcrumb","itemListElement":[{"@type":"ListItem","position":1,"name":"Sklep","item":"https:\/\/medicinasinc.com\/pl\/sklep\/"},{"@type":"ListItem","position":2,"name":"Kup Gamma-Butyrolakton"}]},{"@type":"WebSite","@id":"https:\/\/medicinasinc.com\/pl\/#website","url":"https:\/\/medicinasinc.com\/pl\/","name":"Medicinas Inc","description":"Health Medical Clinic","potentialAction":[{"@type":"SearchAction","target":{"@type":"EntryPoint","urlTemplate":"https:\/\/medicinasinc.com\/pl\/?s={search_term_string}"},"query-input":{"@type":"PropertyValueSpecification","valueRequired":true,"valueName":"search_term_string"}}],"inLanguage":"en-US"}]}},"_links":{"self":[{"href":"https:\/\/medicinasinc.com\/pl\/wp-json\/wp\/v2\/product\/5875","targetHints":{"allow":["GET"]}}],"collection":[{"href":"https:\/\/medicinasinc.com\/pl\/wp-json\/wp\/v2\/product"}],"about":[{"href":"https:\/\/medicinasinc.com\/pl\/wp-json\/wp\/v2\/types\/product"}],"replies":[{"embeddable":true,"href":"https:\/\/medicinasinc.com\/pl\/wp-json\/wp\/v2\/comments?post=5875"}],"wp:featuredmedia":[{"embeddable":true,"href":"https:\/\/medicinasinc.com\/pl\/wp-json\/wp\/v2\/media\/5885"}],"wp:attachment":[{"href":"https:\/\/medicinasinc.com\/pl\/wp-json\/wp\/v2\/media?parent=5875"}],"wp:term":[{"taxonomy":"product_brand","embeddable":true,"href":"https:\/\/medicinasinc.com\/pl\/wp-json\/wp\/v2\/product_brand?post=5875"},{"taxonomy":"product_cat","embeddable":true,"href":"https:\/\/medicinasinc.com\/pl\/wp-json\/wp\/v2\/product_cat?post=5875"},{"taxonomy":"product_tag","embeddable":true,"href":"https:\/\/medicinasinc.com\/pl\/wp-json\/wp\/v2\/product_tag?post=5875"}],"curies":[{"name":"wp","href":"https:\/\/api.w.org\/{rel}","templated":true}]}}