{"id":5870,"date":"2022-02-22T07:42:43","date_gmt":"2022-02-22T07:42:43","guid":{"rendered":"https:\/\/medicinasinc.com\/pl\/?post_type=product&#038;p=5870"},"modified":"2022-03-22T00:44:19","modified_gmt":"2022-03-22T00:44:19","slug":"kup-krysztal-3-cmc","status":"publish","type":"product","link":"https:\/\/medicinasinc.com\/pl\/product\/kup-krysztal-3-cmc\/","title":{"rendered":"Kup kryszta\u0142 3 cmc"},"content":{"rendered":"<p>Kup 3-CMC CRYSTAL, Kup 3 CMC CRYSTAL, Kup 3 CMC CRYSTAL, Kup 3-CMC CRYSTAL<\/p>\n<p>CRYSTAL OF 3-CMC, Jest teraz tak wiele dost\u0119pnych katynon\u00f3w, o czym \u015bwiadczy w\u0105tek w kt\u00f3rym u\u017cytkownicy sprawdzili swoje do\u015bwiadczenia ze wszystkim, czego pr\u00f3bowali. Nie zag\u0142\u0119biaj\u0105c si\u0119 w ka\u017cdy z nich, oto m\u00f3j ranking:<br \/> bk-MDMA (Metylon) &gt; bk-MBDB (Butylon) &gt; 4-MEC &gt; MABP (Buphedrone)<\/p>\n<p>Jedyne, kt\u00f3re kiedykolwiek rozwa\u017cy\u0142bym posiadanie, to nies\u0142awny Mefedron i Methylone, z kt\u00f3rych oba zosta\u0142y mniej lub bardziej zakazane na ca\u0142ym \u015bwiecie w ostatnich latach.<\/p>\n<p>Uzyska\u0142em ten ranking od kogo\u015b, kto dobrze zna si\u0119 na tej klasie RC, co uzna\u0142em za intryguj\u0105ce:<\/p>\n<p>KRYSZTA\u0141OWA FORMA 3-CMC, 4-MMC &gt; bk-MDMA &gt; 4-CMC &gt; 3-CMC &gt; 3-MMC &gt; 5-metyloetylon &gt; Butylon &gt; Ethylone<br \/> Ten \u201eClepedron\u201d (4-CMC), kt\u00f3ry nie wywar\u0142 du\u017cego wp\u0142ywu na rynek RC, wydaje si\u0119 by\u0107 fajnym materia\u0142em. I AFAIK, nie jest specjalnie zaplanowany w wi\u0119kszo\u015bci lokalizacji. Jednak profil bezpiecze\u0144stwa jest w wi\u0119kszo\u015bci nieznany, a wielu si\u0119 boi, poniewa\u017c analog amfetaminy, 4-CA, jest dobrze znany z tego, \u017ce jest niezwykle neurotoksyczny.<\/p>\n<p>Jedyne, kt\u00f3re kiedykolwiek rozwa\u017cy\u0142bym posiadanie, to nies\u0142awny Mefedron i Methylone, kt\u00f3re zosta\u0142y mniej lub bardziej zakazane na ca\u0142ym \u015bwiecie w ostatnich latach.<br \/> Otrzyma\u0142em ten ranking od kogo\u015b, kto dobrze zna si\u0119 na tej klasie RC, co uwa\u017ca\u0142em za intryguj\u0105ce:<\/p>\n<p>KRYSZTA\u0141OWA FORMA 3-CMC, 4-MMC &gt; bk-MDMA &gt; 4-CMC &gt; 3-CMC &gt; 3-MMC &gt; 5-metyloetylon &gt; Butylon &gt; Ethylone<br \/> Ten \u201eClepedron\u201d (4-CMC), kt\u00f3ry nie wywar\u0142 du\u017cego wp\u0142ywu na rynek RC, wydaje si\u0119 by\u0107 fajnym materia\u0142em. I AFAIK, nie jest specjalnie zaplanowany w wi\u0119kszo\u015bci lokalizacji. Jednak profil bezpiecze\u0144stwa jest w wi\u0119kszo\u015bci nieznany, a wielu si\u0119 boi, poniewa\u017c analog amfetaminy, 4-CA, jest dobrze znany z wyj\u0105tkowo neurotoksycznego dzia\u0142ania.<\/p>\n","protected":false},"excerpt":{"rendered":"<p>Kup 3-CMC CRYSTAL Powder na sprzeda\u017c w Wielkiej Brytanii, Europie w naszym sklepie internetowym bestglobalmeds.com z szybk\u0105 dostaw\u0105 na ca\u0142y \u015bwiat! Najlepszy 3-CMC CRYSTAL do zamawiania znajdziesz tutaj!<\/p>\n<p>bk-MDMA &gt; 4-CMC &gt; 3-CMC &gt; 3-MMC &gt; 5-metyloetylon &gt; Butylon &gt; Etylon<br \/> Wed\u0142ug doniesie\u0144 ten &#8220;Clephedrone&#8221; (4-CMC), kt\u00f3ry nie zaistnia\u0142 na rynku RC, jest w rzeczywisto\u015bci raczej dobry. I, AFAIK, nie jest specjalnie zaplanowane w wi\u0119kszo\u015bci miejsc. Chocia\u017c profil bezpiecze\u0144stwa jest g\u0142\u00f3wnie nieznany,<\/p>\n","protected":false},"featured_media":5880,"comment_status":"open","ping_status":"closed","template":"","meta":[],"product_brand":[],"product_cat":[2014],"product_tag":[4024,4025,4030,4026,4029,4027,4028],"class_list":{"0":"post-5870","1":"product","2":"type-product","3":"status-publish","4":"has-post-thumbnail","6":"product_cat-kup-badania-chemikalia","7":"product_tag-3-cmc-kryszta-na-sprzeda","8":"product_tag-buy-3-cmc-crystal-online","9":"product_tag-gdzie-kupi-3-cmc-kryszta-online","10":"product_tag-how-to-buy-3-cmc-crystal-online","11":"product_tag-najlepsze-miejsce-do-kupu-3-cmc-kryszta-online","12":"product_tag-order-3-cmc-crystal-online","13":"product_tag-purchase-3-cmc-crystal-online","15":"first","16":"instock","17":"featured","18":"shipping-taxable","19":"purchasable","20":"product-type-variable"},"yoast_head":"<!-- This site is optimized with the Yoast SEO plugin v27.3 - https:\/\/yoast.com\/product\/yoast-seo-wordpress\/ -->\n<title>Kup kryszta\u0142 3 cmc - Beat Best Global Meds<\/title>\n<meta name=\"description\" content=\"Kup 3-CMC CRYSTAL Powder na sprzeda\u017c w Wielkiej Brytanii, Europie w naszym sklepie internetowym bestglobalmeds.com z szybk\u0105 dostaw\u0105 na ca\u0142y \u015bwiat! Najlepszy 3-CMC CRYSTAL do zam\u00f3wienia znajdziesz tutaj!\" \/>\n<meta name=\"robots\" content=\"index, follow, max-snippet:-1, max-image-preview:large, max-video-preview:-1\" \/>\n<link rel=\"canonical\" href=\"https:\/\/medicinasinc.com\/pl\/product\/kup-krysztal-3-cmc\/\" \/>\n<meta property=\"og:locale\" content=\"en_US\" \/>\n<meta property=\"og:type\" content=\"article\" \/>\n<meta property=\"og:title\" content=\"Kup kryszta\u0142 3 cmc - Beat Best Global Meds\" \/>\n<meta property=\"og:description\" content=\"Kup 3-CMC CRYSTAL Powder na sprzeda\u017c w Wielkiej Brytanii, Europie w naszym sklepie internetowym bestglobalmeds.com z szybk\u0105 dostaw\u0105 na ca\u0142y \u015bwiat! Najlepszy 3-CMC CRYSTAL do zam\u00f3wienia znajdziesz tutaj!\" \/>\n<meta property=\"og:url\" content=\"https:\/\/medicinasinc.com\/pl\/product\/kup-krysztal-3-cmc\/\" \/>\n<meta property=\"og:site_name\" content=\"Medicinas Inc\" \/>\n<meta property=\"article:modified_time\" content=\"2022-03-22T00:44:19+00:00\" \/>\n<meta property=\"og:image\" content=\"https:\/\/medicinasinc.com\/pl\/wp-content\/uploads\/sites\/13\/2022\/02\/Buy-3-CMC-CRYSTAL.jpg\" \/>\n\t<meta property=\"og:image:width\" content=\"720\" \/>\n\t<meta property=\"og:image:height\" content=\"600\" \/>\n\t<meta property=\"og:image:type\" content=\"image\/jpeg\" \/>\n<meta name=\"twitter:card\" content=\"summary_large_image\" \/>\n<meta name=\"twitter:label1\" content=\"Est. reading time\" \/>\n\t<meta name=\"twitter:data1\" content=\"2 minutes\" \/>\n<script type=\"application\/ld+json\" class=\"yoast-schema-graph\">{\"@context\":\"https:\\\/\\\/schema.org\",\"@graph\":[{\"@type\":\"WebPage\",\"@id\":\"https:\\\/\\\/medicinasinc.com\\\/pl\\\/product\\\/kup-krysztal-3-cmc\\\/\",\"url\":\"https:\\\/\\\/medicinasinc.com\\\/pl\\\/product\\\/kup-krysztal-3-cmc\\\/\",\"name\":\"Kup kryszta\u0142 3 cmc - Beat Best Global Meds\",\"isPartOf\":{\"@id\":\"https:\\\/\\\/medicinasinc.com\\\/pl\\\/#website\"},\"primaryImageOfPage\":{\"@id\":\"https:\\\/\\\/medicinasinc.com\\\/pl\\\/product\\\/kup-krysztal-3-cmc\\\/#primaryimage\"},\"image\":{\"@id\":\"https:\\\/\\\/medicinasinc.com\\\/pl\\\/product\\\/kup-krysztal-3-cmc\\\/#primaryimage\"},\"thumbnailUrl\":\"https:\\\/\\\/medicinasinc.com\\\/pl\\\/wp-content\\\/uploads\\\/sites\\\/13\\\/2022\\\/02\\\/Buy-3-CMC-CRYSTAL.jpg\",\"datePublished\":\"2022-02-22T07:42:43+00:00\",\"dateModified\":\"2022-03-22T00:44:19+00:00\",\"description\":\"Kup 3-CMC CRYSTAL Powder na sprzeda\u017c w Wielkiej Brytanii, Europie w naszym sklepie internetowym bestglobalmeds.com z szybk\u0105 dostaw\u0105 na ca\u0142y \u015bwiat! Najlepszy 3-CMC CRYSTAL do zam\u00f3wienia znajdziesz tutaj!\",\"breadcrumb\":{\"@id\":\"https:\\\/\\\/medicinasinc.com\\\/pl\\\/product\\\/kup-krysztal-3-cmc\\\/#breadcrumb\"},\"inLanguage\":\"en-US\",\"potentialAction\":[{\"@type\":\"ReadAction\",\"target\":[\"https:\\\/\\\/medicinasinc.com\\\/pl\\\/product\\\/kup-krysztal-3-cmc\\\/\"]}]},{\"@type\":\"ImageObject\",\"inLanguage\":\"en-US\",\"@id\":\"https:\\\/\\\/medicinasinc.com\\\/pl\\\/product\\\/kup-krysztal-3-cmc\\\/#primaryimage\",\"url\":\"https:\\\/\\\/medicinasinc.com\\\/pl\\\/wp-content\\\/uploads\\\/sites\\\/13\\\/2022\\\/02\\\/Buy-3-CMC-CRYSTAL.jpg\",\"contentUrl\":\"https:\\\/\\\/medicinasinc.com\\\/pl\\\/wp-content\\\/uploads\\\/sites\\\/13\\\/2022\\\/02\\\/Buy-3-CMC-CRYSTAL.jpg\",\"width\":720,\"height\":600},{\"@type\":\"BreadcrumbList\",\"@id\":\"https:\\\/\\\/medicinasinc.com\\\/pl\\\/product\\\/kup-krysztal-3-cmc\\\/#breadcrumb\",\"itemListElement\":[{\"@type\":\"ListItem\",\"position\":1,\"name\":\"Sklep\",\"item\":\"https:\\\/\\\/medicinasinc.com\\\/pl\\\/sklep\\\/\"},{\"@type\":\"ListItem\",\"position\":2,\"name\":\"Kup kryszta\u0142 3 cmc\"}]},{\"@type\":\"WebSite\",\"@id\":\"https:\\\/\\\/medicinasinc.com\\\/pl\\\/#website\",\"url\":\"https:\\\/\\\/medicinasinc.com\\\/pl\\\/\",\"name\":\"Medicinas Inc\",\"description\":\"Health Medical Clinic\",\"potentialAction\":[{\"@type\":\"SearchAction\",\"target\":{\"@type\":\"EntryPoint\",\"urlTemplate\":\"https:\\\/\\\/medicinasinc.com\\\/pl\\\/?s={search_term_string}\"},\"query-input\":{\"@type\":\"PropertyValueSpecification\",\"valueRequired\":true,\"valueName\":\"search_term_string\"}}],\"inLanguage\":\"en-US\"}]}<\/script>\n<!-- \/ Yoast SEO plugin. -->","yoast_head_json":{"title":"Kup kryszta\u0142 3 cmc - Beat Best Global Meds","description":"Kup 3-CMC CRYSTAL Powder na sprzeda\u017c w Wielkiej Brytanii, Europie w naszym sklepie internetowym bestglobalmeds.com z szybk\u0105 dostaw\u0105 na ca\u0142y \u015bwiat! Najlepszy 3-CMC CRYSTAL do zam\u00f3wienia znajdziesz tutaj!","robots":{"index":"index","follow":"follow","max-snippet":"max-snippet:-1","max-image-preview":"max-image-preview:large","max-video-preview":"max-video-preview:-1"},"canonical":"https:\/\/medicinasinc.com\/pl\/product\/kup-krysztal-3-cmc\/","og_locale":"en_US","og_type":"article","og_title":"Kup kryszta\u0142 3 cmc - Beat Best Global Meds","og_description":"Kup 3-CMC CRYSTAL Powder na sprzeda\u017c w Wielkiej Brytanii, Europie w naszym sklepie internetowym bestglobalmeds.com z szybk\u0105 dostaw\u0105 na ca\u0142y \u015bwiat! Najlepszy 3-CMC CRYSTAL do zam\u00f3wienia znajdziesz tutaj!","og_url":"https:\/\/medicinasinc.com\/pl\/product\/kup-krysztal-3-cmc\/","og_site_name":"Medicinas Inc","article_modified_time":"2022-03-22T00:44:19+00:00","og_image":[{"width":720,"height":600,"url":"https:\/\/medicinasinc.com\/pl\/wp-content\/uploads\/sites\/13\/2022\/02\/Buy-3-CMC-CRYSTAL.jpg","type":"image\/jpeg"}],"twitter_card":"summary_large_image","twitter_misc":{"Est. reading time":"2 minutes"},"schema":{"@context":"https:\/\/schema.org","@graph":[{"@type":"WebPage","@id":"https:\/\/medicinasinc.com\/pl\/product\/kup-krysztal-3-cmc\/","url":"https:\/\/medicinasinc.com\/pl\/product\/kup-krysztal-3-cmc\/","name":"Kup kryszta\u0142 3 cmc - Beat Best Global Meds","isPartOf":{"@id":"https:\/\/medicinasinc.com\/pl\/#website"},"primaryImageOfPage":{"@id":"https:\/\/medicinasinc.com\/pl\/product\/kup-krysztal-3-cmc\/#primaryimage"},"image":{"@id":"https:\/\/medicinasinc.com\/pl\/product\/kup-krysztal-3-cmc\/#primaryimage"},"thumbnailUrl":"https:\/\/medicinasinc.com\/pl\/wp-content\/uploads\/sites\/13\/2022\/02\/Buy-3-CMC-CRYSTAL.jpg","datePublished":"2022-02-22T07:42:43+00:00","dateModified":"2022-03-22T00:44:19+00:00","description":"Kup 3-CMC CRYSTAL Powder na sprzeda\u017c w Wielkiej Brytanii, Europie w naszym sklepie internetowym bestglobalmeds.com z szybk\u0105 dostaw\u0105 na ca\u0142y \u015bwiat! Najlepszy 3-CMC CRYSTAL do zam\u00f3wienia znajdziesz tutaj!","breadcrumb":{"@id":"https:\/\/medicinasinc.com\/pl\/product\/kup-krysztal-3-cmc\/#breadcrumb"},"inLanguage":"en-US","potentialAction":[{"@type":"ReadAction","target":["https:\/\/medicinasinc.com\/pl\/product\/kup-krysztal-3-cmc\/"]}]},{"@type":"ImageObject","inLanguage":"en-US","@id":"https:\/\/medicinasinc.com\/pl\/product\/kup-krysztal-3-cmc\/#primaryimage","url":"https:\/\/medicinasinc.com\/pl\/wp-content\/uploads\/sites\/13\/2022\/02\/Buy-3-CMC-CRYSTAL.jpg","contentUrl":"https:\/\/medicinasinc.com\/pl\/wp-content\/uploads\/sites\/13\/2022\/02\/Buy-3-CMC-CRYSTAL.jpg","width":720,"height":600},{"@type":"BreadcrumbList","@id":"https:\/\/medicinasinc.com\/pl\/product\/kup-krysztal-3-cmc\/#breadcrumb","itemListElement":[{"@type":"ListItem","position":1,"name":"Sklep","item":"https:\/\/medicinasinc.com\/pl\/sklep\/"},{"@type":"ListItem","position":2,"name":"Kup kryszta\u0142 3 cmc"}]},{"@type":"WebSite","@id":"https:\/\/medicinasinc.com\/pl\/#website","url":"https:\/\/medicinasinc.com\/pl\/","name":"Medicinas Inc","description":"Health Medical Clinic","potentialAction":[{"@type":"SearchAction","target":{"@type":"EntryPoint","urlTemplate":"https:\/\/medicinasinc.com\/pl\/?s={search_term_string}"},"query-input":{"@type":"PropertyValueSpecification","valueRequired":true,"valueName":"search_term_string"}}],"inLanguage":"en-US"}]}},"_links":{"self":[{"href":"https:\/\/medicinasinc.com\/pl\/wp-json\/wp\/v2\/product\/5870","targetHints":{"allow":["GET"]}}],"collection":[{"href":"https:\/\/medicinasinc.com\/pl\/wp-json\/wp\/v2\/product"}],"about":[{"href":"https:\/\/medicinasinc.com\/pl\/wp-json\/wp\/v2\/types\/product"}],"replies":[{"embeddable":true,"href":"https:\/\/medicinasinc.com\/pl\/wp-json\/wp\/v2\/comments?post=5870"}],"wp:featuredmedia":[{"embeddable":true,"href":"https:\/\/medicinasinc.com\/pl\/wp-json\/wp\/v2\/media\/5880"}],"wp:attachment":[{"href":"https:\/\/medicinasinc.com\/pl\/wp-json\/wp\/v2\/media?parent=5870"}],"wp:term":[{"taxonomy":"product_brand","embeddable":true,"href":"https:\/\/medicinasinc.com\/pl\/wp-json\/wp\/v2\/product_brand?post=5870"},{"taxonomy":"product_cat","embeddable":true,"href":"https:\/\/medicinasinc.com\/pl\/wp-json\/wp\/v2\/product_cat?post=5870"},{"taxonomy":"product_tag","embeddable":true,"href":"https:\/\/medicinasinc.com\/pl\/wp-json\/wp\/v2\/product_tag?post=5870"}],"curies":[{"name":"wp","href":"https:\/\/api.w.org\/{rel}","templated":true}]}}